{"id":7425,"date":"1970-01-01T00:00:00","date_gmt":"1970-01-01T00:00:00","guid":{"rendered":"https:\/\/elfsight.com\/pt\/?page_id=7425"},"modified":"2024-11-13T11:33:28","modified_gmt":"2024-11-13T11:33:28","slug":"woocommerce","status":"publish","type":"page","link":"https:\/\/elfsight.com\/pt\/podcast-player-widget\/woocommerce\/","title":{"rendered":"Podcast Player &#8211; WooCommerce"},"content":{"rendered":"<div class=\"application-platform-content-item-description application-platform-content-item\" id=\"description\" data-nav-section=\"description\"><h2>Descri\u00e7\u00e3o<\/h2><p>O Elfsight Podcast Player \u00e9 um widget simples que lhe d\u00e1 a oportunidade de reproduzir podcasts no seu site. O plugin \u00e9 altamente ajust\u00e1vel: voc\u00ea pode alterar seu posicionamento, colocando-o em qualquer lugar da p\u00e1gina, dimensionar seu tamanho, repintar o fundo e todos os outros elementos para mistur\u00e1-lo com o design do seu site, empregar tema escuro, revelar imagens e demonstrar ou ocultar 3 outros componentes do jogador, como barra de progresso e muito mais. Divirta seus visitantes, ative a reprodu\u00e7\u00e3o autom\u00e1tica e tenha certeza: seus visitantes n\u00e3o sair\u00e3o do seu site imediatamente!<\/p><p><b>Encante seu p\u00fablico fornecendo-lhes materiais \u00fateis e divertidos usando o Elfsight Podcast Player<\/b><\/p> <\/div> <div class=\"application-platform-content-item-features application-platform-content-item\" id=\"features\" data-nav-section=\"features\"><h2>O widget possui recursos poderosos e descomplicados, veja alguns deles:<\/h2><ul><li>In\u00fameras altera\u00e7\u00f5es de cores. <\/li><li>Dois layouts dispon\u00edveis. <\/li><li>Uma oportunidade de usar imagem de fundo. <\/li><li>Adicione um n\u00famero infinito de faixas. <\/li><li>Uma possibilidade de criar seu tema de cores personalizado. <\/li><\/ul><p><a href=\"#demo\">Experimente todas as configura\u00e7\u00f5es na demonstra\u00e7\u00e3o totalmente funcional<\/a><\/p><\/div><div class=\"application-platform-content-item-installation application-platform-content-item\" id=\"installation\" data-nav-section=\"installation\"><h2>Como adicionar o Podcast Player ao meu site WooCommerce?<\/h2><p>Basta seguir as orienta\u00e7\u00f5es abaixo para come\u00e7ar a usar o widget.<\/p><ol><li><b>Usando nosso configurador gratuito, comece a construir seu plugin personalizado.<\/b><br>Determine o design preferido e as op\u00e7\u00f5es do plugin e salve as corre\u00e7\u00f5es.<\/li><li><b>Obtenha seu c\u00f3digo individual mostrado na caixa nos aplicativos Elfsight.<\/b><br>Logo ap\u00f3s o t\u00e9rmino da gera\u00e7\u00e3o de sua ferramenta pessoal, copie o c\u00f3digo exclusivo do pop-up que aparece e guarde-o para ocasi\u00f5es posteriores.<\/li><li><b>Inicie a utiliza\u00e7\u00e3o da ferramenta em seu site WooCommerce p\u00e1gina.<\/b><br>Incorpore o c\u00f3digo copiado recentemente em sua p\u00e1gina e aplique as edi\u00e7\u00f5es.<\/li><li><b>Conclu\u00eddo! A configura\u00e7\u00e3o foi finalizada com sucesso.<\/b><br>Acesse seu site para ver em a\u00e7\u00e3o o desempenho do plugin.<\/li><\/ol><p>Na condi\u00e7\u00e3o de enfrentar d\u00favidas ou enfrentar alguns problemas, n\u00e3o n\u00e3o hesite em escrever para nossa equipe de suporte. Nossos consultores est\u00e3o ansiosos para ajud\u00e1-lo com todas as d\u00favidas que voc\u00ea possa ter sobre o plugin.<\/p><\/div>","protected":false},"excerpt":{"rendered":"","protected":false},"author":9,"featured_media":0,"parent":1216,"menu_order":0,"comment_status":"closed","ping_status":"closed","template":"templates\/template-application-platform.php","meta":{"publish_to_discourse":"","publish_post_category":"","wpdc_auto_publish_overridden":"","wpdc_topic_tags":"","wpdc_pin_topic":"","wpdc_pin_until":"","discourse_post_id":"","discourse_permalink":"","wpdc_publishing_response":"","wpdc_publishing_error":"","footnotes":""},"class_list":["post-7425","page","type-page","status-publish","hentry"],"yoast_head":"<!-- This site is optimized with the Yoast SEO plugin v25.3.1 - https:\/\/yoast.com\/wordpress\/plugins\/seo\/ -->\n<title>Plug-in WooCommerce Podcast Player para seu site (2026)<\/title>\n<meta name=\"description\" content=\"Voc\u00ea pode personalizar o plugin Podcast Player agora mesmo e integr\u00e1-lo ao seu site WooCommerce diretamente da demonstra\u00e7\u00e3o ao vivo.\" \/>\n<meta name=\"robots\" content=\"index, follow, max-snippet:-1, max-image-preview:large, max-video-preview:-1\" \/>\n<link rel=\"canonical\" href=\"https:\/\/elfsight.com\/pt\/podcast-player-widget\/woocommerce\/\" \/>\n<meta property=\"og:locale\" content=\"pt_PT\" \/>\n<meta property=\"og:type\" content=\"article\" \/>\n<meta property=\"og:title\" content=\"Plug-in WooCommerce Podcast Player para seu site (2026)\" \/>\n<meta property=\"og:description\" content=\"Voc\u00ea pode personalizar o plugin Podcast Player agora mesmo e integr\u00e1-lo ao seu site WooCommerce diretamente da demonstra\u00e7\u00e3o ao vivo.\" \/>\n<meta property=\"og:url\" content=\"https:\/\/elfsight.com\/pt\/podcast-player-widget\/woocommerce\/\" \/>\n<meta property=\"og:site_name\" content=\"Elfsight PT\" \/>\n<meta property=\"article:modified_time\" content=\"2024-11-13T11:33:28+00:00\" \/>\n<meta name=\"twitter:card\" content=\"summary_large_image\" \/>\n<meta name=\"twitter:label1\" content=\"Tempo estimado de leitura\" \/>\n\t<meta name=\"twitter:data1\" content=\"2 minutos\" \/>\n<!-- \/ Yoast SEO plugin. -->","yoast_head_json":{"title":"Plug-in WooCommerce Podcast Player para seu site (2026)","description":"Voc\u00ea pode personalizar o plugin Podcast Player agora mesmo e integr\u00e1-lo ao seu site WooCommerce diretamente da demonstra\u00e7\u00e3o ao vivo.","robots":{"index":"index","follow":"follow","max-snippet":"max-snippet:-1","max-image-preview":"max-image-preview:large","max-video-preview":"max-video-preview:-1"},"canonical":"https:\/\/elfsight.com\/pt\/podcast-player-widget\/woocommerce\/","og_locale":"pt_PT","og_type":"article","og_title":"Plug-in WooCommerce Podcast Player para seu site (2026)","og_description":"Voc\u00ea pode personalizar o plugin Podcast Player agora mesmo e integr\u00e1-lo ao seu site WooCommerce diretamente da demonstra\u00e7\u00e3o ao vivo.","og_url":"https:\/\/elfsight.com\/pt\/podcast-player-widget\/woocommerce\/","og_site_name":"Elfsight PT","article_modified_time":"2024-11-13T11:33:28+00:00","twitter_card":"summary_large_image","twitter_misc":{"Tempo estimado de leitura":"2 minutos"},"schema":{"@context":"https:\/\/schema.org","@graph":[{"@type":"WebPage","@id":"https:\/\/elfsight.com\/pt\/podcast-player-widget\/woocommerce\/","url":"https:\/\/elfsight.com\/pt\/podcast-player-widget\/woocommerce\/","name":"Plug-in WooCommerce Podcast Player para seu site (2026)","isPartOf":{"@id":"https:\/\/elfsight.com\/pt\/#website"},"datePublished":"1970-01-01T00:00:00+00:00","dateModified":"2024-11-13T11:33:28+00:00","description":"Voc\u00ea pode personalizar o plugin Podcast Player agora mesmo e integr\u00e1-lo ao seu site WooCommerce diretamente da demonstra\u00e7\u00e3o ao vivo.","breadcrumb":{"@id":"https:\/\/elfsight.com\/pt\/podcast-player-widget\/woocommerce\/#breadcrumb"},"inLanguage":"pt-PT","potentialAction":[{"@type":"ReadAction","target":["https:\/\/elfsight.com\/pt\/podcast-player-widget\/woocommerce\/"]}]},{"@type":"BreadcrumbList","@id":"https:\/\/elfsight.com\/pt\/podcast-player-widget\/woocommerce\/#breadcrumb","itemListElement":[{"@type":"ListItem","position":1,"name":"Home","item":"https:\/\/elfsight.com\/pt\/"},{"@type":"ListItem","position":2,"name":"Podcast Player","item":"https:\/\/elfsight.com\/pt\/podcast-player-widget\/"},{"@type":"ListItem","position":3,"name":"Podcast Player &#8211; WooCommerce"}]},{"@type":"WebSite","@id":"https:\/\/elfsight.com\/pt\/#website","url":"https:\/\/elfsight.com\/pt\/","name":"Elfsight PT","description":"Just another Elfsight Sites site","potentialAction":[{"@type":"SearchAction","target":{"@type":"EntryPoint","urlTemplate":"https:\/\/elfsight.com\/pt\/?s={search_term_string}"},"query-input":{"@type":"PropertyValueSpecification","valueRequired":true,"valueName":"search_term_string"}}],"inLanguage":"pt-PT"}]}},"meta_box":{"industry":"","seo_heading":"","heading":"","description":"","cta_heading":"","cta_description":"","application":"1215","h1":"Plug-in WooCommerce Podcast Player","h1_caption":"a partir de US$ 0\/m\u00eas","application_category":[],"applications_title":"","applications_request_title":"","applications_request_button_text":"","hero_text":"","hero_video":"","hero_video_schema_markup":"","selling_points_title":"","selling_points_caption":"","selling_points":[],"selling_points_cta_text":"","features_title":"","features":"","ed_cta_examples_text":"","ed_cta_examples_hidden":"","ed_cta_demo_text":"","ed_cta_demo_hidden":"","why_caption":"","why_editor_title":"","why_editor_text":"","why_team_title":"","why_team_text":"","why_service_title":"","why_service_text":"","template_catalog_visible":"","template_catalog_title":"","template_catalog_text":"","template_catalog_categories_visible":"","demo_title":"Crie seu aplicativo Podcast Player","demo_caption":"Configure seu Podcast Player e adicione-o ao seu site WooCommerce gratuitamente!","default_faq_hidden":"","app_template_category":[],"platform":"4920","template_public_id":"","codecanyon_url":"","codecanyon_item_id":"","codecanyon_price":"","pricing_caption":"","pricing_elfsight_apps_hide_column":"","pricing_elfsight_apps_url":"","pricing_codecanyon_price_caption":"","integration_category":[],"integration_request_title":"","integration_request_cta":"","integration_platform":"","integrations":[],"platform_category":[],"video_schema_markup":"","price":"a partir de US$ 0\/m\u00eas","trial":"","benefits":[{"text":"Assist\u00eancia de instala\u00e7\u00e3o gratuita"},{"text":"Suporte premium"},{"text":"Garantia de reembolso de 14 dias"},{"text":"Melhorias gratuitas vital\u00edcias"}],"button_url":"#demo","button_target_blank":"","button_nofollow":"","attributes":[{"name":"Instala\u00e7\u00f5es","content":"10,000 - 100,000"},{"name":"Responsivo","content":"Sim"},{"name":"Navegadores compat\u00edveis","content":"Firefox, Safari, Opera, Chrome, Edge"}],"tags":[],"tags_disable_links":"","hide_more_platforms":"","video_object":"","demo_hide_cta":"","demo_hide_cloud_options":"","pricing_title":"","pricing":[{"pricing_icon":"platform","pricing_title":"Elfsight Apps","pricing_title_caption":"Solu\u00e7\u00e3o multiplataforma adequada para qualquer site","pricing_price":"a partir de US$ 0\/m\u00eas","pricing_price_caption":"comece com plano gratuito","pricing_benefits":[{"text":"Sites ilimitados"},{"text":"Suporte dedicado e bem documentado"},{"text":"Suporte dedicado e bem documentado"},{"text":"Oferta especial para v\u00e1rios aplicativos"}],"pricing_button_text":"Adicionar ao site","pricing_button_url":"#demo"}],"related_apps_title":"","related_apps_hidden":"","author":"","image":[],"title":"","job":"","social_networks":[]},"_links":{"self":[{"href":"https:\/\/elfsight.com\/pt\/wp-json\/wp\/v2\/pages\/7425","targetHints":{"allow":["GET"]}}],"collection":[{"href":"https:\/\/elfsight.com\/pt\/wp-json\/wp\/v2\/pages"}],"about":[{"href":"https:\/\/elfsight.com\/pt\/wp-json\/wp\/v2\/types\/page"}],"author":[{"embeddable":true,"href":"https:\/\/elfsight.com\/pt\/wp-json\/wp\/v2\/users\/9"}],"replies":[{"embeddable":true,"href":"https:\/\/elfsight.com\/pt\/wp-json\/wp\/v2\/comments?post=7425"}],"version-history":[{"count":1,"href":"https:\/\/elfsight.com\/pt\/wp-json\/wp\/v2\/pages\/7425\/revisions"}],"predecessor-version":[{"id":7429,"href":"https:\/\/elfsight.com\/pt\/wp-json\/wp\/v2\/pages\/7425\/revisions\/7429"}],"up":[{"embeddable":true,"href":"https:\/\/elfsight.com\/pt\/wp-json\/wp\/v2\/pages\/1216"}],"wp:attachment":[{"href":"https:\/\/elfsight.com\/pt\/wp-json\/wp\/v2\/media?parent=7425"}],"curies":[{"name":"wp","href":"https:\/\/api.w.org\/{rel}","templated":true}]}}