{"id":7423,"date":"1970-01-01T00:00:00","date_gmt":"1970-01-01T00:00:00","guid":{"rendered":"https:\/\/elfsight.com\/pt\/?page_id=7423"},"modified":"2025-02-27T09:56:57","modified_gmt":"2025-02-27T09:56:57","slug":"google-sites","status":"publish","type":"page","link":"https:\/\/elfsight.com\/pt\/podcast-player-widget\/google-sites\/","title":{"rendered":"Podcast Player &#8211; Google Sites"},"content":{"rendered":"\n<div class=\"application-platform-content-item-description application-platform-content-item\" id=\"description\" data-nav-section=\"description\"> <h2>Incorpore o Podcast Player no Google Sites com o widget Elfsight<\/h2> <p>O Elfsight Podcast Player \u00e9 um plugin simples para o Google Sites que permite voc\u00ea pode transmitir podcasts em seu site. O plugin \u00e9 extremamente ajust\u00e1vel: voc\u00ea pode alterar sua posi\u00e7\u00e3o, posicionando-o em qualquer lugar da p\u00e1gina, dimensionar seu tamanho, fazer sobre o fundo e outras partes para mistur\u00e1-lo com o design do seu site, empregar tema escuro, exibir imagens e demonstrar ou ocultar tr\u00eas outros detalhes do jogador, por exemplo barra de progresso e outros. Encante seus usu\u00e1rios, ative a reprodu\u00e7\u00e3o autom\u00e1tica e tenha certeza: seu p\u00fablico n\u00e3o sair\u00e1 do seu site com pressa! <\/p> <p><b>Encante seus visitantes fornecendo-lhes informa\u00e7\u00f5es \u00fateis e divertidas usando o Elfsight Podcast Player<\/b><\/p> <\/div> <div class=\"application-platform-content-item-features application-platform-content-item\" id=\"features\" data-nav-section=\"features\"> <h2>O widget tem recursos pr\u00e1ticos e f\u00e1ceis, veja alguns deles: <\/h2> <ul><li>V\u00e1rias altera\u00e7\u00f5es de cores. <\/li><li>2 layouts dispon\u00edveis. <\/li><li>Possibilidade de anexar imagem de fundo. <\/li><li>Adjete um n\u00famero infinito de faixas. <\/li><li>Uma op\u00e7\u00e3o para moldar seu pr\u00f3prio esquema de cores. <\/li><\/ul><p><a href=\"#demo\">Voc\u00ea pode testar todas as funcionalidades do widget na demonstra\u00e7\u00e3o agora mesmo<\/a><\/p> <\/div> <div class=\"application-platform-content-item-instala\u00e7\u00e3o application-platform-content-item\" id=\"instala\u00e7\u00e3o\" data-nav-section=\"instala\u00e7\u00e3o\"> <h2>Como incorporar o Podcast Player \u00e0 minha p\u00e1gina do Google Sites? <\/h2><div class=\"video-container\"><iframe width=\"720\" height=\"405\" src=\"https:\/\/www.youtube.com\/embed\/PvKTRwQMnjk\" frameborder=\"0\" allowfullscreen=\"\"><\/iframe><\/div><p>Basta seguir as etapas abaixo para adicionar a ferramenta. <\/p> <ol><li><b>Abrindo nosso editor gratuito, comece a moldar seu widget personalizado. <\/b><br> Escolha a forma e os par\u00e2metros preferidos do widget e salve as edi\u00e7\u00f5es. <\/li><li><b>Copie o seu c\u00f3digo individual que aparece no formul\u00e1rio especial nas aplica\u00e7\u00f5es Elfsight. <\/b><br> Ap\u00f3s a cria\u00e7\u00e3o do seu widget, copie o c\u00f3digo individual na janela que aparece e salve-o para uso posterior. <\/li> <li><b>Comece a usar o widget no site do Google Sites. <\/b><br> Coloque o c\u00f3digo salvo anteriormente em sua p\u00e1gina web e aplique os ajustes. <\/li> <li><b>A configura\u00e7\u00e3o foi totalmente conclu\u00edda. <\/b><br> Acesse seu site para ver como o widget funciona. <\/li><\/ol> <div class=\"tip-yellow tip\"><b>Devido \u00e0s peculiaridades do funcionamento do Google Sites, o widget pode ter uma apar\u00eancia diferente da demonstra\u00e7\u00e3o on-line. Pedimos desculpas por qualquer inconveniente causado.<\/b><\/div><p>Caso voc\u00ea encontre algum obst\u00e1culo, sinta-se \u00e0 vontade para escrever para nossa equipe de atendimento ao cliente. Nosso pessoal ter\u00e1 prazer em ajud\u00e1-lo com todas as dificuldades que voc\u00ea possa ter com o widget.<\/p> <div class=\"faq\" data-component=\"FAQ\"><div class=\"faq-item\">\r\n\t\t\t\t\t<div class=\"faq-item-question\">\r\n\t\t\t\t\t\t<h3 class=\"faq-item-question-text\">Como posso incorporar um widget do Podcast Player na minha p\u00e1gina do Google Sites sem conhecimento de codifica\u00e7\u00e3o?<\/h3>\r\n\r\n\t\t\t\t\t\t<div class=\"faq-item-question-icon\"><\/div>\r\n\t\t\t\t\t<\/div>\r\n\r\n\t\t\t\t\t<div class=\"faq-item-answer\">\r\n\t\t\t\t\t\t<div class=\"faq-item-answer-text\"> <p>A Elfsight fornece uma solu\u00e7\u00e3o baseada na nuvem que permite aos usu\u00e1rios integrar um widget Podcast Player em sua p\u00e1gina do Google Sites. Descubra como o processo \u00e9 simples:<\/p><ul><li>Acesse o editor on-line para gerar um Podcast Se\u00e7\u00e3o do widget do Player que voc\u00ea deseja adicionar \u00e0 sua p\u00e1gina do Google Sites.<\/li><li>Selecione um de nossos modelos pr\u00e9-concebidos e personalize as configura\u00e7\u00f5es do widget do Podcast Player, ajuste o layout e o esquema de cores, insira seu conte\u00fado sem o necessidade de codifica\u00e7\u00e3o.<\/li><li>Salve as configura\u00e7\u00f5es que voc\u00ea definiu para o widget Podcast Player e obtenha o c\u00f3digo do widget para inser\u00e7\u00e3o, que pode ser inclu\u00eddo facilmente em sua p\u00e1gina do Google Sites sem nenhum custo.<\/li><\/ul><p>Ao trabalhar no editor f\u00e1cil de usar, qualquer usu\u00e1rio da Internet pode adicionar uma se\u00e7\u00e3o de widget do Podcast Player e incorpor\u00e1-la em sua p\u00e1gina do Google Sites. N\u00e3o h\u00e1 necessidade de pagamento ou divulga\u00e7\u00e3o dos dados do seu cart\u00e3o para aceder ao Editor Elfsight. Se voc\u00ea enfrentar algum desafio a qualquer momento, n\u00e3o hesite em entrar em contato com nosso suporte ao cliente.<\/p><\/div>\r\n\t\t\t\t\t<\/div>\r\n\t\t\t\t<\/div><\/div><\/div>\n","protected":false},"excerpt":{"rendered":"","protected":false},"author":9,"featured_media":0,"parent":1216,"menu_order":0,"comment_status":"closed","ping_status":"closed","template":"templates\/template-application-platform.php","meta":{"publish_to_discourse":"","publish_post_category":"","wpdc_auto_publish_overridden":"","wpdc_topic_tags":"","wpdc_pin_topic":"","wpdc_pin_until":"","discourse_post_id":"","discourse_permalink":"","wpdc_publishing_response":"","wpdc_publishing_error":"","footnotes":""},"class_list":["post-7423","page","type-page","status-publish","hentry"],"yoast_head":"<!-- This site is optimized with the Yoast SEO plugin v25.3.1 - https:\/\/yoast.com\/wordpress\/plugins\/seo\/ -->\n<title>Podcast Player - Adicionar widget Podcast Player ao Google Sites (2025)<\/title>\n<meta name=\"description\" content=\"Comece a usar nossa demonstra\u00e7\u00e3o pr\u00e1tica e implemente um Podcast Player responsivo em sua p\u00e1gina do Google Sites. Use nossa demonstra\u00e7\u00e3o e crie seu plugin personalizado!\" \/>\n<meta name=\"robots\" content=\"index, follow, max-snippet:-1, max-image-preview:large, max-video-preview:-1\" \/>\n<link rel=\"canonical\" href=\"https:\/\/elfsight.com\/pt\/podcast-player-widget\/google-sites\/\" \/>\n<meta property=\"og:locale\" content=\"pt_PT\" \/>\n<meta property=\"og:type\" content=\"article\" \/>\n<meta property=\"og:title\" content=\"Podcast Player - Adicionar widget Podcast Player ao Google Sites (2025)\" \/>\n<meta property=\"og:description\" content=\"Comece a usar nossa demonstra\u00e7\u00e3o pr\u00e1tica e implemente um Podcast Player responsivo em sua p\u00e1gina do Google Sites. Use nossa demonstra\u00e7\u00e3o e crie seu plugin personalizado!\" \/>\n<meta property=\"og:url\" content=\"https:\/\/elfsight.com\/pt\/podcast-player-widget\/google-sites\/\" \/>\n<meta property=\"og:site_name\" content=\"Elfsight PT\" \/>\n<meta property=\"article:modified_time\" content=\"2025-02-27T09:56:57+00:00\" \/>\n<meta name=\"twitter:card\" content=\"summary_large_image\" \/>\n<meta name=\"twitter:label1\" content=\"Tempo estimado de leitura\" \/>\n\t<meta name=\"twitter:data1\" content=\"4 minutos\" \/>\n<!-- \/ Yoast SEO plugin. -->","yoast_head_json":{"title":"Podcast Player - Adicionar widget Podcast Player ao Google Sites (2025)","description":"Comece a usar nossa demonstra\u00e7\u00e3o pr\u00e1tica e implemente um Podcast Player responsivo em sua p\u00e1gina do Google Sites. Use nossa demonstra\u00e7\u00e3o e crie seu plugin personalizado!","robots":{"index":"index","follow":"follow","max-snippet":"max-snippet:-1","max-image-preview":"max-image-preview:large","max-video-preview":"max-video-preview:-1"},"canonical":"https:\/\/elfsight.com\/pt\/podcast-player-widget\/google-sites\/","og_locale":"pt_PT","og_type":"article","og_title":"Podcast Player - Adicionar widget Podcast Player ao Google Sites (2025)","og_description":"Comece a usar nossa demonstra\u00e7\u00e3o pr\u00e1tica e implemente um Podcast Player responsivo em sua p\u00e1gina do Google Sites. Use nossa demonstra\u00e7\u00e3o e crie seu plugin personalizado!","og_url":"https:\/\/elfsight.com\/pt\/podcast-player-widget\/google-sites\/","og_site_name":"Elfsight PT","article_modified_time":"2025-02-27T09:56:57+00:00","twitter_card":"summary_large_image","twitter_misc":{"Tempo estimado de leitura":"4 minutos"},"schema":{"@context":"https:\/\/schema.org","@graph":[{"@type":"WebPage","@id":"https:\/\/elfsight.com\/pt\/podcast-player-widget\/google-sites\/","url":"https:\/\/elfsight.com\/pt\/podcast-player-widget\/google-sites\/","name":"Podcast Player - Adicionar widget Podcast Player ao Google Sites (2025)","isPartOf":{"@id":"https:\/\/elfsight.com\/pt\/#website"},"datePublished":"1970-01-01T00:00:00+00:00","dateModified":"2025-02-27T09:56:57+00:00","description":"Comece a usar nossa demonstra\u00e7\u00e3o pr\u00e1tica e implemente um Podcast Player responsivo em sua p\u00e1gina do Google Sites. Use nossa demonstra\u00e7\u00e3o e crie seu plugin personalizado!","breadcrumb":{"@id":"https:\/\/elfsight.com\/pt\/podcast-player-widget\/google-sites\/#breadcrumb"},"inLanguage":"pt-PT","potentialAction":[{"@type":"ReadAction","target":["https:\/\/elfsight.com\/pt\/podcast-player-widget\/google-sites\/"]}]},{"@type":"BreadcrumbList","@id":"https:\/\/elfsight.com\/pt\/podcast-player-widget\/google-sites\/#breadcrumb","itemListElement":[{"@type":"ListItem","position":1,"name":"Home","item":"https:\/\/elfsight.com\/pt\/"},{"@type":"ListItem","position":2,"name":"Podcast Player","item":"https:\/\/elfsight.com\/pt\/podcast-player-widget\/"},{"@type":"ListItem","position":3,"name":"Podcast Player &#8211; Google Sites"}]},{"@type":"WebSite","@id":"https:\/\/elfsight.com\/pt\/#website","url":"https:\/\/elfsight.com\/pt\/","name":"Elfsight PT","description":"Just another Elfsight Sites site","potentialAction":[{"@type":"SearchAction","target":{"@type":"EntryPoint","urlTemplate":"https:\/\/elfsight.com\/pt\/?s={search_term_string}"},"query-input":{"@type":"PropertyValueSpecification","valueRequired":true,"valueName":"search_term_string"}}],"inLanguage":"pt-PT"}]}},"meta_box":{"industry":"","seo_heading":"","heading":"","description":"","cta_heading":"","cta_description":"","application":"1215","h1":"Widget do reprodutor de podcast do Google Sites","h1_caption":"Ofere\u00e7a aos seus usu\u00e1rios uma nova experi\u00eancia e conquiste clientes fi\u00e9is rapidamente","application_category":[],"applications_title":"","applications_request_title":"","applications_request_button_text":"","hero_text":"","hero_video":"","hero_video_schema_markup":"","selling_points_title":"","selling_points_caption":"","selling_points":[],"selling_points_cta_text":"","features_title":"","features":"","ed_cta_examples_text":"","ed_cta_examples_hidden":"","ed_cta_demo_text":"","ed_cta_demo_hidden":"","why_caption":"","why_editor_title":"","why_editor_text":"","why_team_title":"","why_team_text":"","why_service_title":"","why_service_text":"","template_catalog_visible":"0","template_catalog_title":"","template_catalog_text":"","template_catalog_categories_visible":"","demo_title":"Crie seu widget do Podcast Player","demo_caption":"Configure seu Podcast Player e adicione-o ao seu site do Google Sites gratuitamente!","default_faq_hidden":"","app_template_category":[],"platform":"112","template_public_id":"","codecanyon_url":"","codecanyon_item_id":"","codecanyon_price":"","pricing_caption":"","pricing_elfsight_apps_hide_column":"","pricing_elfsight_apps_url":"","pricing_codecanyon_price_caption":"","integration_category":[],"integration_request_title":"","integration_request_cta":"","integration_platform":"","integrations":[],"platform_category":[],"video_schema_markup":"","price":"a partir de US$ 0\/m\u00eas","trial":"","benefits":[{"text":"Ajuda de instala\u00e7\u00e3o gratuita"},{"text":"Atendimento ao cliente competente"},{"text":"Garantia de reembolso de 14 dias"},{"text":"Atualiza\u00e7\u00f5es gratuitas regulares"}],"button_url":"#demo","button_target_blank":"0","button_nofollow":"0","attributes":[{"name":"Instala\u00e7\u00f5es","content":"10,000 - 100,000"},{"name":"Responsivo","content":"Design adaptativo"},{"name":"Navegadores compat\u00edveis","content":"Firefox, Edge, Safari, Chrome, Opera"}],"tags":[],"tags_disable_links":"0","hide_more_platforms":"0","video_object":"","demo_hide_cta":"0","demo_hide_cloud_options":"0","pricing_title":"","pricing":[{"pricing_icon":"platform","pricing_title":"Elfsight Apps","pricing_title_caption":"Solu\u00e7\u00e3o digital independente de plataforma adequada para qualquer site","pricing_price":"a partir de US$ 0\/m\u00eas","pricing_price_caption":"comece com plano gratuito","pricing_benefits":[{"text":"Dom\u00ednios ilimitados"},{"text":"Suporte gratuito e pontual"},{"text":"Suporte gratuito e pontual"},{"text":"Pre\u00e7o especial para v\u00e1rios aplicativos"}],"pricing_button_text":"Adicionar ao site","pricing_button_url":"#demo"}],"related_apps_title":"","related_apps_hidden":"0","author":"","image":[],"title":"","job":"","social_networks":[]},"_links":{"self":[{"href":"https:\/\/elfsight.com\/pt\/wp-json\/wp\/v2\/pages\/7423","targetHints":{"allow":["GET"]}}],"collection":[{"href":"https:\/\/elfsight.com\/pt\/wp-json\/wp\/v2\/pages"}],"about":[{"href":"https:\/\/elfsight.com\/pt\/wp-json\/wp\/v2\/types\/page"}],"author":[{"embeddable":true,"href":"https:\/\/elfsight.com\/pt\/wp-json\/wp\/v2\/users\/9"}],"replies":[{"embeddable":true,"href":"https:\/\/elfsight.com\/pt\/wp-json\/wp\/v2\/comments?post=7423"}],"version-history":[{"count":3,"href":"https:\/\/elfsight.com\/pt\/wp-json\/wp\/v2\/pages\/7423\/revisions"}],"predecessor-version":[{"id":14035,"href":"https:\/\/elfsight.com\/pt\/wp-json\/wp\/v2\/pages\/7423\/revisions\/14035"}],"up":[{"embeddable":true,"href":"https:\/\/elfsight.com\/pt\/wp-json\/wp\/v2\/pages\/1216"}],"wp:attachment":[{"href":"https:\/\/elfsight.com\/pt\/wp-json\/wp\/v2\/media?parent=7423"}],"curies":[{"name":"wp","href":"https:\/\/api.w.org\/{rel}","templated":true}]}}