{"id":7418,"date":"1970-01-01T00:00:00","date_gmt":"1970-01-01T00:00:00","guid":{"rendered":"https:\/\/elfsight.com\/pt\/?page_id=7418"},"modified":"2024-11-12T15:33:04","modified_gmt":"2024-11-12T15:33:04","slug":"godaddy","status":"publish","type":"page","link":"https:\/\/elfsight.com\/pt\/podcast-player-widget\/godaddy\/","title":{"rendered":"Podcast Player &#8211; GoDaddy"},"content":{"rendered":"<div class=\"application-platform-content-item-description application-platform-content-item\" id=\"description\" data-nav-section=\"description\"> <h2>Incorpore o Podcast Player no GoDaddy com o widget Elfsight<\/h2> <p>O Elfsight Podcast Player \u00e9 uma ferramenta simples que permite reproduzir podcasts diretamente em seu site. O plugin \u00e9 altamente personaliz\u00e1vel: voc\u00ea pode alterar sua posi\u00e7\u00e3o, inserindo-o em qualquer lugar da p\u00e1gina, alterar seu tamanho, recolorir o fundo e outras partes para combin\u00e1-lo com o design do seu site, aplicar tema escuro, demonstrar capas e mostrar ou ocultar tr\u00eas outros detalhes do jogador, por exemplo, barra de progresso e muito mais. Divirta seus usu\u00e1rios, ative a op\u00e7\u00e3o de reprodu\u00e7\u00e3o autom\u00e1tica e n\u00e3o hesite &#8211; seus visitantes n\u00e3o sair\u00e3o do seu site imediatamente! <\/p> <p><b>Envolva seu p\u00fablico fornecendo-lhes materiais \u00fateis e divertidos aplicando o Elfsight Podcast Player<\/b><\/p> <\/div> <div class=\"application-platform-content-item-features application-platform-content-item\" id=\"features\" data-nav-section=\"features\"> <h2>Abaixo est\u00e3o caracter\u00edsticas fundamentais do plugin: <\/h2> <ul><li>V\u00e1rias altera\u00e7\u00f5es de cores. <\/li><li>Dois layouts dispon\u00edveis. <\/li><li>Uma op\u00e7\u00e3o para anexar imagem de fundo. <\/li><li>Uma quantidade infinita de faixas. <\/li><li>Uma possibilidade de moldar seu esquema de cores personalizado. <\/li><\/ul><p><a href=\"#demo\">Explore todos os recursos de personaliza\u00e7\u00e3o na demonstra\u00e7\u00e3o completa<\/a><\/p> <\/div> <div class=\"application-platform-content-item-installation application-platform-content-item\" id=\"installation\" data-nav-section=\"installation\"> <h2>Como adiciono o Podcast Player ao meu site GoDaddy? <\/h2> <p>Basta seguir os passos abaixo para incorporar o plugin. <\/p> <ol><li><b>Empregue nossa demonstra\u00e7\u00e3o gratuita e comece a construir seu plugin personalizado. <\/b><br> Especifique a forma preferida e as caracter\u00edsticas funcionais da ferramenta e aplique as modifica\u00e7\u00f5es. <\/li> <li><b>Adquira o seu c\u00f3digo pessoal mostrado na janela das Apps Elfsight. <\/b><br> Ap\u00f3s a configura\u00e7\u00e3o da sua ferramenta, copie o c\u00f3digo exclusivo da janela que aparece e salve-o para futuras ocasi\u00f5es. <\/li> <li><b>Iniciar o uso do plug-in na p\u00e1gina da GoDaddy. <\/b><br> Adicione o c\u00f3digo que voc\u00ea salvou recentemente em sua p\u00e1gina web e aplique as corre\u00e7\u00f5es. <\/li> <li><b>Pronto! A integra\u00e7\u00e3o \u00e9 totalmente realizada. <\/b><br> Acesse seu site para revisar como o plugin est\u00e1 funcionando. <\/li><\/ol> <p>Na condi\u00e7\u00e3o de enfrentar d\u00favidas ou encontrar alguns obst\u00e1culos, entre em contato com nossa equipe de atendimento ao cliente. Nosso pessoal deseja ajud\u00e1-lo com todas as d\u00favidas que voc\u00ea possa ter com a ferramenta. <\/p><div class=\"faq\" data-component=\"FAQ\"><div class=\"faq-item\">\r\n\t\t\t\t\t<div class=\"faq-item-question\">\r\n\t\t\t\t\t\t<h3 class=\"faq-item-question-text\">Como posso incorporar o plug-in GoDaddy Podcast Player no meu site sem conhecimentos de codifica\u00e7\u00e3o?<\/h3>\r\n\r\n\t\t\t\t\t\t<div class=\"faq-item-question-icon\"><\/div>\r\n\t\t\t\t\t<\/div>\r\n\r\n\t\t\t\t\t<div class=\"faq-item-answer\">\r\n\t\t\t\t\t\t<div class=\"faq-item-answer-text\"><p>A Elfsight oferece uma solu\u00e7\u00e3o baseada na nuvem que permite aos usu\u00e1rios gerar um plug-in GoDaddy Podcast Player por si pr\u00f3prios. Veja como o processo pode ser simples:<\/p><ul><li>Acesse o Editor on-line para criar uma se\u00e7\u00e3o de plug-in do GoDaddy Podcast Player que voc\u00ea gostaria de integrar ao seu site.<\/li><li>Selecione um dos seguintes: nossos modelos pr\u00e9-projetados e personalize as configura\u00e7\u00f5es do plug-in GoDaddy Podcast Player, modifique o layout e o esquema de cores, inclua seu conte\u00fado sem qualquer necessidade de codifica\u00e7\u00e3o.<\/li><li>Preservar as configura\u00e7\u00f5es que voc\u00ea configurou para o plug-in GoDaddy Podcast Player e obtenha o c\u00f3digo para incorpora\u00e7\u00e3o, que pode ser facilmente incorporado ao seu site sem nenhum custo.<\/li><\/ul><p>Ao trabalhar no editor f\u00e1cil de usar, qualquer usu\u00e1rio da Internet pode criar uma se\u00e7\u00e3o de plug-in do GoDaddy Podcast Player e incorpor\u00e1-lo em seu site. N\u00e3o h\u00e1 exig\u00eancia de pagamento ou divulga\u00e7\u00e3o dos dados do seu cart\u00e3o para acessar o Editor Elfsight. Se voc\u00ea encontrar alguma dificuldade em qualquer est\u00e1gio, sinta-se \u00e0 vontade para entrar em contato com nosso suporte ao cliente.<\/p><\/div>\r\n\t\t\t\t\t<\/div>\r\n\t\t\t\t<\/div><\/div> <\/div>","protected":false},"excerpt":{"rendered":"","protected":false},"author":9,"featured_media":0,"parent":1216,"menu_order":0,"comment_status":"closed","ping_status":"closed","template":"templates\/template-application-platform.php","meta":{"publish_to_discourse":"","publish_post_category":"","wpdc_auto_publish_overridden":"","wpdc_topic_tags":"","wpdc_pin_topic":"","wpdc_pin_until":"","discourse_post_id":"","discourse_permalink":"","wpdc_publishing_response":"","wpdc_publishing_error":"","footnotes":""},"class_list":["post-7418","page","type-page","status-publish","hentry"],"yoast_head":"<!-- This site is optimized with the Yoast SEO plugin v25.3.1 - https:\/\/yoast.com\/wordpress\/plugins\/seo\/ -->\n<title>Plug-in Podcast Player - Adicione o plug-in Podcast Player ao site GoDaddy!<\/title>\n<meta name=\"description\" content=\"Aplique nossa demonstra\u00e7\u00e3o gerenci\u00e1vel e incorpore um plug-in Podcast Player responsivo em sua p\u00e1gina GoDaddy com apenas alguns cliques!\" \/>\n<meta name=\"robots\" content=\"index, follow, max-snippet:-1, max-image-preview:large, max-video-preview:-1\" \/>\n<link rel=\"canonical\" href=\"https:\/\/elfsight.com\/pt\/podcast-player-widget\/godaddy\/\" \/>\n<meta property=\"og:locale\" content=\"pt_PT\" \/>\n<meta property=\"og:type\" content=\"article\" \/>\n<meta property=\"og:title\" content=\"Plug-in Podcast Player - Adicione o plug-in Podcast Player ao site GoDaddy!\" \/>\n<meta property=\"og:description\" content=\"Aplique nossa demonstra\u00e7\u00e3o gerenci\u00e1vel e incorpore um plug-in Podcast Player responsivo em sua p\u00e1gina GoDaddy com apenas alguns cliques!\" \/>\n<meta property=\"og:url\" content=\"https:\/\/elfsight.com\/pt\/podcast-player-widget\/godaddy\/\" \/>\n<meta property=\"og:site_name\" content=\"Elfsight PT\" \/>\n<meta property=\"article:modified_time\" content=\"2024-11-12T15:33:04+00:00\" \/>\n<meta name=\"twitter:card\" content=\"summary_large_image\" \/>\n<meta name=\"twitter:label1\" content=\"Tempo estimado de leitura\" \/>\n\t<meta name=\"twitter:data1\" content=\"3 minutos\" \/>\n<!-- \/ Yoast SEO plugin. -->","yoast_head_json":{"title":"Plug-in Podcast Player - Adicione o plug-in Podcast Player ao site GoDaddy!","description":"Aplique nossa demonstra\u00e7\u00e3o gerenci\u00e1vel e incorpore um plug-in Podcast Player responsivo em sua p\u00e1gina GoDaddy com apenas alguns cliques!","robots":{"index":"index","follow":"follow","max-snippet":"max-snippet:-1","max-image-preview":"max-image-preview:large","max-video-preview":"max-video-preview:-1"},"canonical":"https:\/\/elfsight.com\/pt\/podcast-player-widget\/godaddy\/","og_locale":"pt_PT","og_type":"article","og_title":"Plug-in Podcast Player - Adicione o plug-in Podcast Player ao site GoDaddy!","og_description":"Aplique nossa demonstra\u00e7\u00e3o gerenci\u00e1vel e incorpore um plug-in Podcast Player responsivo em sua p\u00e1gina GoDaddy com apenas alguns cliques!","og_url":"https:\/\/elfsight.com\/pt\/podcast-player-widget\/godaddy\/","og_site_name":"Elfsight PT","article_modified_time":"2024-11-12T15:33:04+00:00","twitter_card":"summary_large_image","twitter_misc":{"Tempo estimado de leitura":"3 minutos"},"schema":{"@context":"https:\/\/schema.org","@graph":[{"@type":"WebPage","@id":"https:\/\/elfsight.com\/pt\/podcast-player-widget\/godaddy\/","url":"https:\/\/elfsight.com\/pt\/podcast-player-widget\/godaddy\/","name":"Plug-in Podcast Player - Adicione o plug-in Podcast Player ao site GoDaddy!","isPartOf":{"@id":"https:\/\/elfsight.com\/pt\/#website"},"datePublished":"1970-01-01T00:00:00+00:00","dateModified":"2024-11-12T15:33:04+00:00","description":"Aplique nossa demonstra\u00e7\u00e3o gerenci\u00e1vel e incorpore um plug-in Podcast Player responsivo em sua p\u00e1gina GoDaddy com apenas alguns cliques!","breadcrumb":{"@id":"https:\/\/elfsight.com\/pt\/podcast-player-widget\/godaddy\/#breadcrumb"},"inLanguage":"pt-PT","potentialAction":[{"@type":"ReadAction","target":["https:\/\/elfsight.com\/pt\/podcast-player-widget\/godaddy\/"]}]},{"@type":"BreadcrumbList","@id":"https:\/\/elfsight.com\/pt\/podcast-player-widget\/godaddy\/#breadcrumb","itemListElement":[{"@type":"ListItem","position":1,"name":"Home","item":"https:\/\/elfsight.com\/pt\/"},{"@type":"ListItem","position":2,"name":"Podcast Player","item":"https:\/\/elfsight.com\/pt\/podcast-player-widget\/"},{"@type":"ListItem","position":3,"name":"Podcast Player &#8211; GoDaddy"}]},{"@type":"WebSite","@id":"https:\/\/elfsight.com\/pt\/#website","url":"https:\/\/elfsight.com\/pt\/","name":"Elfsight PT","description":"Just another Elfsight Sites site","potentialAction":[{"@type":"SearchAction","target":{"@type":"EntryPoint","urlTemplate":"https:\/\/elfsight.com\/pt\/?s={search_term_string}"},"query-input":{"@type":"PropertyValueSpecification","valueRequired":true,"valueName":"search_term_string"}}],"inLanguage":"pt-PT"}]}},"meta_box":{"industry":"","seo_heading":"","heading":"","description":"","cta_heading":"","cta_description":"","application":"1215","h1":"Plug-in GoDaddy Podcast Player","h1_caption":"Ofere\u00e7a aos seus visitantes uma experi\u00eancia incomum e conquiste clientes fi\u00e9is rapidamente","application_category":[],"applications_title":"","applications_request_title":"","applications_request_button_text":"","hero_text":"","hero_video":"","hero_video_schema_markup":"","selling_points_title":"","selling_points_caption":"","selling_points":[],"selling_points_cta_text":"","features_title":"","features":"","ed_cta_examples_text":"","ed_cta_examples_hidden":"","ed_cta_demo_text":"","ed_cta_demo_hidden":"","why_caption":"","why_editor_title":"","why_editor_text":"","why_team_title":"","why_team_text":"","why_service_title":"","why_service_text":"","template_catalog_visible":"","template_catalog_title":"","template_catalog_text":"","template_catalog_categories_visible":"","demo_title":"Crie seu plugin Podcast Player","demo_caption":"Configure seu Podcast Player e adicione-o ao site GoDaddy gratuitamente!","default_faq_hidden":"","app_template_category":[],"platform":"4908","template_public_id":"","codecanyon_url":"","codecanyon_item_id":"","codecanyon_price":"","pricing_caption":"","pricing_elfsight_apps_hide_column":"","pricing_elfsight_apps_url":"","pricing_codecanyon_price_caption":"","integration_category":[],"integration_request_title":"","integration_request_cta":"","integration_platform":"","integrations":[],"platform_category":[],"video_schema_markup":"","price":"a partir de US$ 0\/m\u00eas","trial":"","benefits":[{"text":"Ajuda de instala\u00e7\u00e3o gratuita"},{"text":"Suporte ao cliente experiente"},{"text":"Garantia de devolu\u00e7\u00e3o do dinheiro em 14 dias"},{"text":"Atualizando constantemente"}],"button_url":"#demo","button_target_blank":"","button_nofollow":"","attributes":[{"name":"Instala\u00e7\u00f5es","content":"10,000 - 100,000"},{"name":"Responsivo","content":"Sim"},{"name":"Navegadores compat\u00edveis","content":"IE11, Firefox, Safari, Opera, Chrome, Edge"}],"tags":[],"tags_disable_links":"","hide_more_platforms":"","video_object":"","demo_hide_cta":"","demo_hide_cloud_options":"","pricing_title":"","pricing":[{"pricing_icon":"platform","pricing_title":"Elfsight Apps","pricing_title_caption":"Solu\u00e7\u00e3o multiplataforma adequada para qualquer site","pricing_price":"a partir de US$ 0\/m\u00eas","pricing_price_caption":"comece com plano gratuito","pricing_benefits":[{"text":"Dom\u00ednios ilimitados"},{"text":"Suporte gratuito"},{"text":"Suporte gratuito"},{"text":"100% personaliz\u00e1vel"}],"pricing_button_text":"Adicionar ao site","pricing_button_url":"#demo"}],"related_apps_title":"","related_apps_hidden":"","author":"","image":[],"title":"","job":"","social_networks":[]},"_links":{"self":[{"href":"https:\/\/elfsight.com\/pt\/wp-json\/wp\/v2\/pages\/7418","targetHints":{"allow":["GET"]}}],"collection":[{"href":"https:\/\/elfsight.com\/pt\/wp-json\/wp\/v2\/pages"}],"about":[{"href":"https:\/\/elfsight.com\/pt\/wp-json\/wp\/v2\/types\/page"}],"author":[{"embeddable":true,"href":"https:\/\/elfsight.com\/pt\/wp-json\/wp\/v2\/users\/9"}],"replies":[{"embeddable":true,"href":"https:\/\/elfsight.com\/pt\/wp-json\/wp\/v2\/comments?post=7418"}],"version-history":[{"count":1,"href":"https:\/\/elfsight.com\/pt\/wp-json\/wp\/v2\/pages\/7418\/revisions"}],"predecessor-version":[{"id":7422,"href":"https:\/\/elfsight.com\/pt\/wp-json\/wp\/v2\/pages\/7418\/revisions\/7422"}],"up":[{"embeddable":true,"href":"https:\/\/elfsight.com\/pt\/wp-json\/wp\/v2\/pages\/1216"}],"wp:attachment":[{"href":"https:\/\/elfsight.com\/pt\/wp-json\/wp\/v2\/media?parent=7418"}],"curies":[{"name":"wp","href":"https:\/\/api.w.org\/{rel}","templated":true}]}}