{"id":7410,"date":"1970-01-01T00:00:00","date_gmt":"1970-01-01T00:00:00","guid":{"rendered":"https:\/\/elfsight.com\/pt\/?page_id=7410"},"modified":"2024-11-13T12:10:29","modified_gmt":"2024-11-13T12:10:29","slug":"wix","status":"publish","type":"page","link":"https:\/\/elfsight.com\/pt\/pinterest-feed-widget\/wix\/","title":{"rendered":"Pinterest Feed &#8211; Wix"},"content":{"rendered":"<div class=\"application-platform-content-item-description application-platform-content-item\" id=\"description\" data-nav-section=\"description\"><h2>Descri\u00e7\u00e3o<\/h2><p>Usando o aplicativo Pinterest da Elfsight, voc\u00ea pode inserir em seu site fotos incr\u00edveis do Pinterest. A ferramenta Elfsight permite incorporar pins, pain\u00e9is e todo o seu perfil escolhidos no site. Atraia seus clientes com fotos ou pain\u00e9is tem\u00e1ticos cuidadosamente selecionados e crie suas pr\u00f3prias cole\u00e7\u00f5es originais. Amplie o alcance de suas fotos, fortale\u00e7a o envolvimento no site e, enquanto isso, conquiste novos seguidores para seu perfil no Pinterest.<\/p><p><b>Publique seu perfil, adicione pain\u00e9is e escolha pins para obter os materiais visuais mais atraentes em seu site!<\/b><\/p><ul><li><b>Fortale\u00e7a o envolvimento do usu\u00e1rio em seu site<\/b><br> O conte\u00fado cuidadosamente selecionado em seu site atrair\u00e1 o m\u00e1ximo de aten\u00e7\u00e3o dos usu\u00e1rios e manter\u00e1 futuros clientes engajado.<\/li><li><b>Aumente o alcance social do seu perfil<\/b><br> Ofere\u00e7a uma oportunidade para aqueles que n\u00e3o est\u00e3o no Pinterest explorarem seu conte\u00fado fascinante, exibindo-o no site.<\/li><li><b>Maior quantidade de conte\u00fado atraente em seu site<\/b><br> Com pins e pain\u00e9is \u00e0 sua disposi\u00e7\u00e3o, voc\u00ea pode escolher o melhor conte\u00fado visual para seu site para engajar seus visitantes.<\/li><\/ul><\/div><div class=\"faq\" data-component=\"FAQ\"><div class=\"faq-item\">\r\n\t\t\t\t\t<div class=\"faq-item-question\">\r\n\t\t\t\t\t\t<h3 class=\"faq-item-question-text\">Como posso incorporar um feed do Pinterest ao Wix?<\/h3>\r\n\r\n\t\t\t\t\t\t<div class=\"faq-item-question-icon\"><\/div>\r\n\t\t\t\t\t<\/div>\r\n\r\n\t\t\t\t\t<div class=\"faq-item-answer\">\r\n\t\t\t\t\t\t<div class=\"faq-item-answer-text\"><p>A constru\u00e7\u00e3o do widget \u00e9 realizado dentro do servi\u00e7o Elfsight e voc\u00ea n\u00e3o precisa codificar. Abra nossa demonstra\u00e7\u00e3o ao vivo para formar sua ferramenta, obtenha o c\u00f3digo e incorpore-o em seu site. <\/p><\/div>\r\n\t\t\t\t\t<\/div>\r\n\t\t\t\t<\/div><div class=\"faq-item\">\r\n\t\t\t\t\t<div class=\"faq-item-question\">\r\n\t\t\t\t\t\t<h3 class=\"faq-item-question-text\">Como posso obter a Galeria ou Portf\u00f3lio de Pins do Pinterest por meio de seus aplicativos?<\/h3>\r\n\r\n\t\t\t\t\t\t<div class=\"faq-item-question-icon\"><\/div>\r\n\t\t\t\t\t<\/div>\r\n\r\n\t\t\t\t\t<div class=\"faq-item-answer\">\r\n\t\t\t\t\t\t<div class=\"faq-item-answer-text\"><p>Uma infinidade de modelos est\u00e1 dispon\u00edvel: grade, galeria, feed, lista, alvenaria e muitos outros, bem como op\u00e7\u00f5es de layout flex\u00edveis para alinhar com suas pr\u00e9-condi\u00e7\u00f5es. Voc\u00ea est\u00e1 convidado a construir quase qualquer ferramenta que lhe falta. <\/p><\/div>\r\n\t\t\t\t\t<\/div>\r\n\t\t\t\t<\/div><div class=\"faq-item\">\r\n\t\t\t\t\t<div class=\"faq-item-question\">\r\n\t\t\t\t\t\t<h3 class=\"faq-item-question-text\">Por que meu feed do Wix Pinterest n\u00e3o funciona\/\u00e9 atualizado?<\/h3>\r\n\r\n\t\t\t\t\t\t<div class=\"faq-item-question-icon\"><\/div>\r\n\t\t\t\t\t<\/div>\r\n\r\n\t\t\t\t\t<div class=\"faq-item-answer\">\r\n\t\t\t\t\t\t<div class=\"faq-item-answer-text\"><p>Assim que voc\u00ea encontrar qualquer problema com os widgets do Pinterest, entre em contato com o cliente equipe de suporte. O servi\u00e7o de suporte \u00e9 totalmente gratuito para todos os clientes da Elfsight. <\/p><\/div>\r\n\t\t\t\t\t<\/div>\r\n\t\t\t\t<\/div><\/div><div class=\"application-platform-content-item-features application-platform-content-item\" id=\"features\" data-nav-section=\"features\"><h2>Recursos<\/h2><p>Quais caracter\u00edsticas tornam o aplicativo Elfsight o melhor para todos os sites Wix? Confira aqui:<\/p><ul><li>Adicione pins e quadros por URL;<\/li><li>O colorizador inteligente escolher\u00e1 automaticamente as cores mais adequadas da interface.<\/li><li>Bot\u00e3o Seguir no cabe\u00e7alho para um acompanhamento perfeito da sua conta;<\/li><li>Responsivo para dispositivos m\u00f3veis em qualquer tamanho e propor\u00e7\u00e3o.<\/li><\/ul><p><a href=\"#demo\">Estude uma lista completa de recursos na demonstra\u00e7\u00e3o!<\/a><\/p><\/div><div class=\"application-platform-content-item-installation application-platform-content-item\" id=\"installation\" data-nav-section=\"installation\"><h2>Como adicionar o Pinterest Feed ao site Wix<\/h2><div class=\"video-container\"> <iframe width=\"720\" height=\"405\" src=\"https:\/\/www.youtube.com\/embed\/72wPamStev0\" frameborder=\"0\" allowfullscreen><\/iframe><\/div><p>Breve guia para criando o widget no Wix por conta pr\u00f3pria. A opera\u00e7\u00e3o durar\u00e1 menos de 70 segundos e n\u00e3o \u00e9 necess\u00e1rio ter conhecimentos de programa\u00e7\u00e3o.<\/p><ol><li><b>Adicione o widget no Wix Marketplace<\/b><br> Abra a p\u00e1gina com o Pinterest app e clique no bot\u00e3o \u00abAdicionar ao site\u00bb.<\/li><li><b>Exibir o widget no site<\/b><br> Na notifica\u00e7\u00e3o pop-up, clique em \u00abAbrir editor\u00bb e incorpore o widget no a p\u00e1gina desejada.<\/li><li><b>Personalize seu Pinterest<\/b><br> Defina os par\u00e2metros necess\u00e1rios do design e adicione fontes de imagens para demonstra\u00e7\u00e3o. Aplique todas as edi\u00e7\u00f5es.<\/li><li><b>Conclu\u00eddo!<\/b><br> Visite o site para ver seus resultados!<\/li><\/ol><p>Voc\u00ea encontrou algum problema ao configurando ou personalizando seu aplicativo? Contate o suporte ao cliente da Elfsight com uma descri\u00e7\u00e3o completa das dificuldades. Faremos o nosso melhor para ajudar.<\/p><\/div>","protected":false},"excerpt":{"rendered":"","protected":false},"author":9,"featured_media":0,"parent":1199,"menu_order":0,"comment_status":"closed","ping_status":"closed","template":"templates\/template-application-platform.php","meta":{"publish_to_discourse":"","publish_post_category":"","wpdc_auto_publish_overridden":"","wpdc_topic_tags":"","wpdc_pin_topic":"","wpdc_pin_until":"","discourse_post_id":"","discourse_permalink":"","wpdc_publishing_response":"","wpdc_publishing_error":"","footnotes":""},"class_list":["post-7410","page","type-page","status-publish","hentry"],"yoast_head":"<!-- This site is optimized with the Yoast SEO plugin v25.3.1 - https:\/\/yoast.com\/wordpress\/plugins\/seo\/ -->\n<title>Pinterest Feed - Adicionar aplicativo Pinterest ao site Wix (2025)<\/title>\n<meta name=\"description\" content=\"Fa\u00e7a seu melhor aplicativo Pinterest Feed para site Wix agora mesmo! Projete seu widget na Elfsight em apenas 3 minutos e sem habilidades de desenvolvimento.\" \/>\n<meta name=\"robots\" content=\"index, follow, max-snippet:-1, max-image-preview:large, max-video-preview:-1\" \/>\n<link rel=\"canonical\" href=\"https:\/\/elfsight.com\/pt\/pinterest-feed-widget\/wix\/\" \/>\n<meta property=\"og:locale\" content=\"pt_PT\" \/>\n<meta property=\"og:type\" content=\"article\" \/>\n<meta property=\"og:title\" content=\"Pinterest Feed - Adicionar aplicativo Pinterest ao site Wix (2025)\" \/>\n<meta property=\"og:description\" content=\"Fa\u00e7a seu melhor aplicativo Pinterest Feed para site Wix agora mesmo! Projete seu widget na Elfsight em apenas 3 minutos e sem habilidades de desenvolvimento.\" \/>\n<meta property=\"og:url\" content=\"https:\/\/elfsight.com\/pt\/pinterest-feed-widget\/wix\/\" \/>\n<meta property=\"og:site_name\" content=\"Elfsight PT\" \/>\n<meta property=\"article:modified_time\" content=\"2024-11-13T12:10:29+00:00\" \/>\n<meta name=\"twitter:card\" content=\"summary_large_image\" \/>\n<meta name=\"twitter:label1\" content=\"Tempo estimado de leitura\" \/>\n\t<meta name=\"twitter:data1\" content=\"3 minutos\" \/>\n<!-- \/ Yoast SEO plugin. -->","yoast_head_json":{"title":"Pinterest Feed - Adicionar aplicativo Pinterest ao site Wix (2025)","description":"Fa\u00e7a seu melhor aplicativo Pinterest Feed para site Wix agora mesmo! Projete seu widget na Elfsight em apenas 3 minutos e sem habilidades de desenvolvimento.","robots":{"index":"index","follow":"follow","max-snippet":"max-snippet:-1","max-image-preview":"max-image-preview:large","max-video-preview":"max-video-preview:-1"},"canonical":"https:\/\/elfsight.com\/pt\/pinterest-feed-widget\/wix\/","og_locale":"pt_PT","og_type":"article","og_title":"Pinterest Feed - Adicionar aplicativo Pinterest ao site Wix (2025)","og_description":"Fa\u00e7a seu melhor aplicativo Pinterest Feed para site Wix agora mesmo! Projete seu widget na Elfsight em apenas 3 minutos e sem habilidades de desenvolvimento.","og_url":"https:\/\/elfsight.com\/pt\/pinterest-feed-widget\/wix\/","og_site_name":"Elfsight PT","article_modified_time":"2024-11-13T12:10:29+00:00","twitter_card":"summary_large_image","twitter_misc":{"Tempo estimado de leitura":"3 minutos"},"schema":{"@context":"https:\/\/schema.org","@graph":[{"@type":"WebPage","@id":"https:\/\/elfsight.com\/pt\/pinterest-feed-widget\/wix\/","url":"https:\/\/elfsight.com\/pt\/pinterest-feed-widget\/wix\/","name":"Pinterest Feed - Adicionar aplicativo Pinterest ao site Wix (2025)","isPartOf":{"@id":"https:\/\/elfsight.com\/pt\/#website"},"datePublished":"1970-01-01T00:00:00+00:00","dateModified":"2024-11-13T12:10:29+00:00","description":"Fa\u00e7a seu melhor aplicativo Pinterest Feed para site Wix agora mesmo! Projete seu widget na Elfsight em apenas 3 minutos e sem habilidades de desenvolvimento.","breadcrumb":{"@id":"https:\/\/elfsight.com\/pt\/pinterest-feed-widget\/wix\/#breadcrumb"},"inLanguage":"pt-PT","potentialAction":[{"@type":"ReadAction","target":["https:\/\/elfsight.com\/pt\/pinterest-feed-widget\/wix\/"]}]},{"@type":"BreadcrumbList","@id":"https:\/\/elfsight.com\/pt\/pinterest-feed-widget\/wix\/#breadcrumb","itemListElement":[{"@type":"ListItem","position":1,"name":"Home","item":"https:\/\/elfsight.com\/pt\/"},{"@type":"ListItem","position":2,"name":"Pinterest Feed","item":"https:\/\/elfsight.com\/pt\/pinterest-feed-widget\/"},{"@type":"ListItem","position":3,"name":"Pinterest Feed &#8211; Wix"}]},{"@type":"WebSite","@id":"https:\/\/elfsight.com\/pt\/#website","url":"https:\/\/elfsight.com\/pt\/","name":"Elfsight PT","description":"Just another Elfsight Sites site","potentialAction":[{"@type":"SearchAction","target":{"@type":"EntryPoint","urlTemplate":"https:\/\/elfsight.com\/pt\/?s={search_term_string}"},"query-input":{"@type":"PropertyValueSpecification","valueRequired":true,"valueName":"search_term_string"}}],"inLanguage":"pt-PT"}]}},"meta_box":{"industry":"","seo_heading":"","heading":"","description":"","cta_heading":"","cta_description":"","application":"1198","h1":"Aplicativo Wix Pinterest Feed","h1_caption":"Converta os clientes do seu site em assinantes do Pinterest","application_category":[],"applications_title":"","applications_request_title":"","applications_request_button_text":"","hero_text":"","hero_video":"","hero_video_schema_markup":"","selling_points_title":"","selling_points_caption":"","selling_points":[],"selling_points_cta_text":"","features_title":"","features":"","ed_cta_examples_text":"","ed_cta_examples_hidden":"","ed_cta_demo_text":"","ed_cta_demo_hidden":"","why_caption":"","why_editor_title":"","why_editor_text":"","why_team_title":"","why_team_text":"","why_service_title":"","why_service_text":"","template_catalog_visible":"","template_catalog_title":"","template_catalog_text":"","template_catalog_categories_visible":"","demo_title":"Crie seu aplicativo de feed do Pinterest","demo_caption":"Configure seu feed do Pinterest e adicione-o ao seu site Wix gratuitamente!","default_faq_hidden":"","app_template_category":[],"platform":"37","template_public_id":"","codecanyon_url":"","codecanyon_item_id":"","codecanyon_price":"","pricing_caption":"","pricing_elfsight_apps_hide_column":"","pricing_elfsight_apps_url":"","pricing_codecanyon_price_caption":"","integration_category":[],"integration_request_title":"","integration_request_cta":"","integration_platform":"","integrations":[],"platform_category":[],"video_schema_markup":"","price":"a partir de US$ 0\/m\u00eas","trial":"","benefits":[{"text":"Servi\u00e7o de instala\u00e7\u00e3o gratuito"},{"text":"Atendimento ao cliente eficaz"},{"text":"Garantia de devolu\u00e7\u00e3o do dinheiro em 14 dias"},{"text":"Melhorias gratuitas vital\u00edcias"}],"button_url":"#demo","button_target_blank":"","button_nofollow":"","attributes":[{"name":"Instala\u00e7\u00f5es","content":"10,000 - 100,000"},{"name":"Responsivo","content":"Sim"},{"name":"Navegadores compat\u00edveis","content":"Opera, Edge, Safari, Firefox, Chrome"}],"tags":[],"tags_disable_links":"","hide_more_platforms":"","video_object":"","demo_hide_cta":"","demo_hide_cloud_options":"","pricing_title":"","pricing":[{"pricing_icon":"platform","pricing_title":"Elfsight Apps","pricing_title_caption":"Solu\u00e7\u00e3o digital multiplataforma que funciona em qualquer site","pricing_price":"a partir de US$ 0\/m\u00eas","pricing_price_caption":"comece com plano gratuito","pricing_benefits":[{"text":"N\u00famero ilimitado de sites"},{"text":"Suporte r\u00e1pido"},{"text":"Suporte r\u00e1pido"},{"text":"Oferta especial para v\u00e1rios aplicativos"}],"pricing_button_text":"Adicionar ao site","pricing_button_url":"#demo"}],"related_apps_title":"","related_apps_hidden":"","author":"","image":[],"title":"","job":"","social_networks":[]},"_links":{"self":[{"href":"https:\/\/elfsight.com\/pt\/wp-json\/wp\/v2\/pages\/7410","targetHints":{"allow":["GET"]}}],"collection":[{"href":"https:\/\/elfsight.com\/pt\/wp-json\/wp\/v2\/pages"}],"about":[{"href":"https:\/\/elfsight.com\/pt\/wp-json\/wp\/v2\/types\/page"}],"author":[{"embeddable":true,"href":"https:\/\/elfsight.com\/pt\/wp-json\/wp\/v2\/users\/9"}],"replies":[{"embeddable":true,"href":"https:\/\/elfsight.com\/pt\/wp-json\/wp\/v2\/comments?post=7410"}],"version-history":[{"count":2,"href":"https:\/\/elfsight.com\/pt\/wp-json\/wp\/v2\/pages\/7410\/revisions"}],"predecessor-version":[{"id":12066,"href":"https:\/\/elfsight.com\/pt\/wp-json\/wp\/v2\/pages\/7410\/revisions\/12066"}],"up":[{"embeddable":true,"href":"https:\/\/elfsight.com\/pt\/wp-json\/wp\/v2\/pages\/1199"}],"wp:attachment":[{"href":"https:\/\/elfsight.com\/pt\/wp-json\/wp\/v2\/media?parent=7410"}],"curies":[{"name":"wp","href":"https:\/\/api.w.org\/{rel}","templated":true}]}}