{"id":7409,"date":"1970-01-01T00:00:00","date_gmt":"1970-01-01T00:00:00","guid":{"rendered":"https:\/\/elfsight.com\/pt\/?page_id=7409"},"modified":"2024-11-13T12:10:21","modified_gmt":"2024-11-13T12:10:21","slug":"weebly","status":"publish","type":"page","link":"https:\/\/elfsight.com\/pt\/pinterest-feed-widget\/weebly\/","title":{"rendered":"Pinterest Feed &#8211; Weebly"},"content":{"rendered":"<div class=\"application-platform-content-item-description application-platform-content-item\" id=\"description\" data-nav-section=\"description\"><h2>Descri\u00e7\u00e3o<\/h2><p>Usando o Pinterest Feed da Elfsight, voc\u00ea pode introduzir rapidamente no seu site as melhores imagens do Pinterest. O widget Elfsight permite introduzir quaisquer pins, pain\u00e9is e seu perfil completo no site. Atraia seus futuros clientes usando conte\u00fado cuidadosamente escolhido, pain\u00e9is tem\u00e1ticos e crie seus pr\u00f3prios conjuntos com design exclusivo. Amplie a divulga\u00e7\u00e3o de suas imagens, aumente o engajamento no site e tenha mais assinantes para sua conta no Pinterest simultaneamente.<\/p><p><b> Adicione ao seu site fotos do Pinterest imediatamente e sem esfor\u00e7o.<\/b><\/p><ul><li><b>Fortale\u00e7a o envolvimento dos visitantes em seu site<\/b><br> Fotos cuidadosamente escolhidas em seu site atrair\u00e3o o m\u00e1ximo de aten\u00e7\u00e3o dos usu\u00e1rios e manter\u00e3o as pessoas engajadas.<\/li><li><b>Amplie o alcance social de suas imagens do Pinterest<\/b><br> Conceda uma chance para quem n\u00e3o est\u00e1 no Pinterest, de ver o conte\u00fado selecionado, exibindo-o no site.<\/li><li><b>Crescer o n\u00famero de vendas com visuais atraentes<\/b><br> Selecione as imagens mais atraentes de seus itens; exibir as \u00faltimas tend\u00eancias e imagens inspiradoras para fazer com que os usu\u00e1rios n\u00e3o possam deixar de comprar.<\/li><\/ul><\/div><div class=\"application-platform-content-item-features application-platform-content-item\" id=\"features\" data-nav-section=\"features\"><h2>Recursos<\/h2><p>Aqui est\u00e3o os fun\u00e7\u00f5es, que transformam o widget Elfsight num elemento obrigat\u00f3rio para o site Weebly:<\/p><ul><li>Mostrar t\u00edtulo da conta, seguidores e contagens de seguidores.<\/li><li>22 idiomas populares dispon\u00edveis;<\/li> <li>Mostrar ou ocultar cabe\u00e7alho;<\/li><li>Exibir ou ocultar contagens de quadros e pins;<\/li><\/ul><p><a href=\"#demo\">Conhe\u00e7a todas as caracter\u00edsticas no painel<\/a><\/p><\/div><div class=\"application-platform-content-item-installation application-platform-content-item\" id=\"installation\" data-nav-section=\"installation\"><h2>Como adicionar o Pinterest Feed ao site do Weebly<\/h2><div class=\"video-container\"><iframe width=\"720\" height=\"405\" src=\"https:\/\/www.youtube.com\/embed\/6cqfFuxtNP8\" frameborder=\"0\" allowfullscreen=\"\"><\/iframe><\/div><p>Um simples tutorial sobre como adicionar widget em uma p\u00e1gina da web sem compet\u00eancia em desenvolvimento. O tempo total de instala\u00e7\u00e3o \u00e9 de cerca de 2 minutos.<\/p><ol><li><b>Execute nosso editor gratuito e comece a formar seu aplicativo personalizado. <\/b><br> Encontre o design e os par\u00e2metros desej\u00e1veis \u200b\u200bdo aplicativo e salve todas as edi\u00e7\u00f5es. <\/li> <li><b>Receba seu c\u00f3digo exclusivo demonstrado na caixa dos aplicativos Elfsight. <\/b><br> Quando a configura\u00e7\u00e3o do seu aplicativo pessoal for conclu\u00edda, copie o c\u00f3digo individual da caixa exibida e salve-o para futuras ocasi\u00f5es. <\/li> <li><b>Iniciar o uso do aplicativo na p\u00e1gina do Weebly. <\/b><br> Incorpore o c\u00f3digo que voc\u00ea salvou anteriormente em seu site e aplique as modifica\u00e7\u00f5es. <\/li> <li><b>Conclu\u00eddo! A integra\u00e7\u00e3o foi realizada com sucesso. <\/b><br> Visite sua p\u00e1gina da web para dar uma olhada no funcionamento do aplicativo. <\/li><\/ol><p>Est\u00e1 enfrentando algum problema ao configurar ou ajustar o aplicativo? Deixe uma consulta em nosso Centro de Suporte.<\/p><\/div><div class=\"faq\" data-component=\"FAQ\"><div class=\"faq-item\">\r\n\t\t\t\t\t<div class=\"faq-item-question\">\r\n\t\t\t\t\t\t<h3 class=\"faq-item-question-text\">De que maneira \u00e9 poss\u00edvel incorporar o Pinterest Feed \u00e0 minha p\u00e1gina inicial do Weebly sem codifica\u00e7\u00e3o skills?<\/h3>\r\n\r\n\t\t\t\t\t\t<div class=\"faq-item-question-icon\"><\/div>\r\n\t\t\t\t\t<\/div>\r\n\r\n\t\t\t\t\t<div class=\"faq-item-answer\">\r\n\t\t\t\t\t\t<div class=\"faq-item-answer-text\"><p>A empresa Elfsight apresenta uma solu\u00e7\u00e3o que permite aos usu\u00e1rios criarem voc\u00ea mesmo um widget de Feed do Pinterest. Aprenda as instru\u00e7\u00f5es simples: <\/p><ul><li>Comece a trabalhar no Editor ao vivo para criar uma se\u00e7\u00e3o de Feed do Pinterest que voc\u00ea gostaria de adicionar no site do Weebly.<\/li><li>Escolha um dos modelos predefinidos e altere as configura\u00e7\u00f5es do feed do Pinterest, atualize seu conte\u00fado, transforme o layout e as cores sem nenhuma experi\u00eancia de codifica\u00e7\u00e3o.<\/li><li> Clique para salvar as configura\u00e7\u00f5es feitas no Pinterest Feed e obter o c\u00f3digo para incorpora\u00e7\u00e3o, que pode ser facilmente inclu\u00eddo no site do Weebly sem a compra de uma assinatura paga. <\/li><\/ul><p>Com nosso configurador f\u00e1cil de usar, qualquer usu\u00e1rio da web pode gerar feed do Pinterest e col\u00e1-lo no site do Weebly. Voc\u00ea n\u00e3o deve adquirir um plano pago ou enviar os dados do seu cart\u00e3o para acessar o servi\u00e7o. Se voc\u00ea enfrentar qualquer problema em qualquer etapa, n\u00e3o hesite em entrar em contato com nossa equipe de suporte t\u00e9cnico.<\/p><\/div>\r\n\t\t\t\t\t<\/div>\r\n\t\t\t\t<\/div><\/div>","protected":false},"excerpt":{"rendered":"","protected":false},"author":9,"featured_media":0,"parent":1199,"menu_order":0,"comment_status":"closed","ping_status":"closed","template":"templates\/template-application-platform.php","meta":{"publish_to_discourse":"","publish_post_category":"","wpdc_auto_publish_overridden":"","wpdc_topic_tags":"","wpdc_pin_topic":"","wpdc_pin_until":"","discourse_post_id":"","discourse_permalink":"","wpdc_publishing_response":"","wpdc_publishing_error":"","footnotes":""},"class_list":["post-7409","page","type-page","status-publish","hentry"],"yoast_head":"<!-- This site is optimized with the Yoast SEO plugin v25.3.1 - https:\/\/yoast.com\/wordpress\/plugins\/seo\/ -->\n<title>Pinterest Feed - Adicionar aplicativo Pinterest ao site Weebly (2025)<\/title>\n<meta name=\"description\" content=\"Gere seu aplicativo Pinterest Feed exclusivo para Weebly e adicione-o ao seu site. Editor gratuito, suporte com configura\u00e7\u00e3o e muitos mais b\u00f4nus da Elfsight!\" \/>\n<meta name=\"robots\" content=\"index, follow, max-snippet:-1, max-image-preview:large, max-video-preview:-1\" \/>\n<link rel=\"canonical\" href=\"https:\/\/elfsight.com\/pt\/pinterest-feed-widget\/weebly\/\" \/>\n<meta property=\"og:locale\" content=\"pt_PT\" \/>\n<meta property=\"og:type\" content=\"article\" \/>\n<meta property=\"og:title\" content=\"Pinterest Feed - Adicionar aplicativo Pinterest ao site Weebly (2025)\" \/>\n<meta property=\"og:description\" content=\"Gere seu aplicativo Pinterest Feed exclusivo para Weebly e adicione-o ao seu site. Editor gratuito, suporte com configura\u00e7\u00e3o e muitos mais b\u00f4nus da Elfsight!\" \/>\n<meta property=\"og:url\" content=\"https:\/\/elfsight.com\/pt\/pinterest-feed-widget\/weebly\/\" \/>\n<meta property=\"og:site_name\" content=\"Elfsight PT\" \/>\n<meta property=\"article:modified_time\" content=\"2024-11-13T12:10:21+00:00\" \/>\n<meta name=\"twitter:card\" content=\"summary_large_image\" \/>\n<meta name=\"twitter:label1\" content=\"Tempo estimado de leitura\" \/>\n\t<meta name=\"twitter:data1\" content=\"3 minutos\" \/>\n<!-- \/ Yoast SEO plugin. -->","yoast_head_json":{"title":"Pinterest Feed - Adicionar aplicativo Pinterest ao site Weebly (2025)","description":"Gere seu aplicativo Pinterest Feed exclusivo para Weebly e adicione-o ao seu site. Editor gratuito, suporte com configura\u00e7\u00e3o e muitos mais b\u00f4nus da Elfsight!","robots":{"index":"index","follow":"follow","max-snippet":"max-snippet:-1","max-image-preview":"max-image-preview:large","max-video-preview":"max-video-preview:-1"},"canonical":"https:\/\/elfsight.com\/pt\/pinterest-feed-widget\/weebly\/","og_locale":"pt_PT","og_type":"article","og_title":"Pinterest Feed - Adicionar aplicativo Pinterest ao site Weebly (2025)","og_description":"Gere seu aplicativo Pinterest Feed exclusivo para Weebly e adicione-o ao seu site. Editor gratuito, suporte com configura\u00e7\u00e3o e muitos mais b\u00f4nus da Elfsight!","og_url":"https:\/\/elfsight.com\/pt\/pinterest-feed-widget\/weebly\/","og_site_name":"Elfsight PT","article_modified_time":"2024-11-13T12:10:21+00:00","twitter_card":"summary_large_image","twitter_misc":{"Tempo estimado de leitura":"3 minutos"},"schema":{"@context":"https:\/\/schema.org","@graph":[{"@type":"WebPage","@id":"https:\/\/elfsight.com\/pt\/pinterest-feed-widget\/weebly\/","url":"https:\/\/elfsight.com\/pt\/pinterest-feed-widget\/weebly\/","name":"Pinterest Feed - Adicionar aplicativo Pinterest ao site Weebly (2025)","isPartOf":{"@id":"https:\/\/elfsight.com\/pt\/#website"},"datePublished":"1970-01-01T00:00:00+00:00","dateModified":"2024-11-13T12:10:21+00:00","description":"Gere seu aplicativo Pinterest Feed exclusivo para Weebly e adicione-o ao seu site. Editor gratuito, suporte com configura\u00e7\u00e3o e muitos mais b\u00f4nus da Elfsight!","breadcrumb":{"@id":"https:\/\/elfsight.com\/pt\/pinterest-feed-widget\/weebly\/#breadcrumb"},"inLanguage":"pt-PT","potentialAction":[{"@type":"ReadAction","target":["https:\/\/elfsight.com\/pt\/pinterest-feed-widget\/weebly\/"]}]},{"@type":"BreadcrumbList","@id":"https:\/\/elfsight.com\/pt\/pinterest-feed-widget\/weebly\/#breadcrumb","itemListElement":[{"@type":"ListItem","position":1,"name":"Home","item":"https:\/\/elfsight.com\/pt\/"},{"@type":"ListItem","position":2,"name":"Pinterest Feed","item":"https:\/\/elfsight.com\/pt\/pinterest-feed-widget\/"},{"@type":"ListItem","position":3,"name":"Pinterest Feed &#8211; Weebly"}]},{"@type":"WebSite","@id":"https:\/\/elfsight.com\/pt\/#website","url":"https:\/\/elfsight.com\/pt\/","name":"Elfsight PT","description":"Just another Elfsight Sites site","potentialAction":[{"@type":"SearchAction","target":{"@type":"EntryPoint","urlTemplate":"https:\/\/elfsight.com\/pt\/?s={search_term_string}"},"query-input":{"@type":"PropertyValueSpecification","valueRequired":true,"valueName":"search_term_string"}}],"inLanguage":"pt-PT"}]}},"meta_box":{"industry":"","seo_heading":"","heading":"","description":"","cta_heading":"","cta_description":"","application":"1198","h1":"Aplicativo de feed do Weebly Pinterest","h1_caption":"Transforme os visitantes do seu site em assinantes do Pinterest","application_category":[],"applications_title":"","applications_request_title":"","applications_request_button_text":"","hero_text":"","hero_video":"","hero_video_schema_markup":"","selling_points_title":"","selling_points_caption":"","selling_points":[],"selling_points_cta_text":"","features_title":"","features":"","ed_cta_examples_text":"","ed_cta_examples_hidden":"","ed_cta_demo_text":"","ed_cta_demo_hidden":"","why_caption":"","why_editor_title":"","why_editor_text":"","why_team_title":"","why_team_text":"","why_service_title":"","why_service_text":"","template_catalog_visible":"","template_catalog_title":"","template_catalog_text":"","template_catalog_categories_visible":"","demo_title":"Crie seu aplicativo de feed do Pinterest","demo_caption":"Configure seu feed do Pinterest e adicione-o ao seu site do Weebly gratuitamente!","default_faq_hidden":"","app_template_category":[],"platform":"73","template_public_id":"","codecanyon_url":"","codecanyon_item_id":"","codecanyon_price":"","pricing_caption":"","pricing_elfsight_apps_hide_column":"","pricing_elfsight_apps_url":"","pricing_codecanyon_price_caption":"","integration_category":[],"integration_request_title":"","integration_request_cta":"","integration_platform":"","integrations":[],"platform_category":[],"video_schema_markup":"","price":"a partir de US$ 0\/m\u00eas","trial":"","benefits":[{"text":"Servi\u00e7o de instala\u00e7\u00e3o gratuito"},{"text":"Atendimento ao cliente eficaz"},{"text":"Garantia de devolu\u00e7\u00e3o do dinheiro em 14 dias"},{"text":"Atualiza\u00e7\u00f5es regulares"}],"button_url":"#demo","button_target_blank":"","button_nofollow":"","attributes":[{"name":"Instala\u00e7\u00f5es","content":"10,000 - 100,000"},{"name":"Responsivo","content":"Sim"},{"name":"Navegadores compat\u00edveis","content":"Firefox, Safari, Opera, Chrome, Edge"}],"tags":[],"tags_disable_links":"","hide_more_platforms":"","video_object":"","demo_hide_cta":"","demo_hide_cloud_options":"","pricing_title":"","pricing":[{"pricing_icon":"platform","pricing_title":"Elfsight Apps","pricing_title_caption":"Solu\u00e7\u00e3o digital multiplataforma que se adapta a qualquer site","pricing_price":"a partir de US$ 0\/m\u00eas","pricing_price_caption":"comece com um plano","pricing_benefits":[{"text":"Dom\u00ednios ilimitados"},{"text":"Suporte gratuito ao cliente"},{"text":"Suporte gratuito ao cliente"},{"text":"100% personaliz\u00e1vel"}],"pricing_button_text":"Adicionar ao site","pricing_button_url":"#demo"}],"related_apps_title":"","related_apps_hidden":"","author":"","image":[],"title":"","job":"","social_networks":[]},"_links":{"self":[{"href":"https:\/\/elfsight.com\/pt\/wp-json\/wp\/v2\/pages\/7409","targetHints":{"allow":["GET"]}}],"collection":[{"href":"https:\/\/elfsight.com\/pt\/wp-json\/wp\/v2\/pages"}],"about":[{"href":"https:\/\/elfsight.com\/pt\/wp-json\/wp\/v2\/types\/page"}],"author":[{"embeddable":true,"href":"https:\/\/elfsight.com\/pt\/wp-json\/wp\/v2\/users\/9"}],"replies":[{"embeddable":true,"href":"https:\/\/elfsight.com\/pt\/wp-json\/wp\/v2\/comments?post=7409"}],"version-history":[{"count":2,"href":"https:\/\/elfsight.com\/pt\/wp-json\/wp\/v2\/pages\/7409\/revisions"}],"predecessor-version":[{"id":12065,"href":"https:\/\/elfsight.com\/pt\/wp-json\/wp\/v2\/pages\/7409\/revisions\/12065"}],"up":[{"embeddable":true,"href":"https:\/\/elfsight.com\/pt\/wp-json\/wp\/v2\/pages\/1199"}],"wp:attachment":[{"href":"https:\/\/elfsight.com\/pt\/wp-json\/wp\/v2\/media?parent=7409"}],"curies":[{"name":"wp","href":"https:\/\/api.w.org\/{rel}","templated":true}]}}