{"id":7408,"date":"1970-01-01T00:00:00","date_gmt":"1970-01-01T00:00:00","guid":{"rendered":"https:\/\/elfsight.com\/pt\/?page_id=7408"},"modified":"2024-11-13T12:10:21","modified_gmt":"2024-11-13T12:10:21","slug":"webnode","status":"publish","type":"page","link":"https:\/\/elfsight.com\/pt\/pinterest-feed-widget\/webnode\/","title":{"rendered":"Pinterest Feed &#8211; Webnode"},"content":{"rendered":"<div class=\"application-platform-content-item-description application-platform-content-item\" id=\"description\" data-nav-section=\"description\"><h2>Descri\u00e7\u00e3o<\/h2><p>O Elfsight Pinterest Feed permite exibir a sua conta e quaisquer pins e pain\u00e9is do Pinterest no seu site. Com nosso plugin, voc\u00ea pode n\u00e3o apenas integrar seu perfil, mas tamb\u00e9m coletar pins e pain\u00e9is para demonstrar grupos de fotos para seu site. Mostre a hist\u00f3ria do seu neg\u00f3cio, inspire seus futuros clientes a explorar novas ideias ou apenas visualizar o seu site. Um plug-in flex\u00edvel ajudar\u00e1 voc\u00ea a ampliar o alcance do seu conte\u00fado, aumentar o envolvimento do site e aumentar o n\u00famero de seguidores no Pinterest.<\/p><p><b>Exiba suas ofertas, servi\u00e7os e projetos no site com pins e pain\u00e9is!<\/b><\/p><ul><li><b>Aumentar o envolvimento dos usu\u00e1rios em seu site<\/b><br> Imagens cuidadosamente escolhidas em seu site atrair\u00e3o o m\u00e1ximo de aten\u00e7\u00e3o dos usu\u00e1rios e manter\u00e3o os clientes engajados.<\/li> <li><b>Atraia seguidores no Pinterest<\/b><br> Gra\u00e7as ao bot\u00e3o Seguir dispon\u00edvel no feed, mais clientes em potencial ter\u00e3o a chance de se juntar aos seus assinantes.<\/li><li><b>Aumente o n\u00famero de assinantes. n\u00edvel de vendas usando recursos visuais irresist\u00edveis<\/b><br> Selecione as imagens mais atraentes de seus itens; mostre as tend\u00eancias mais recentes e imagens inspiradoras para fazer os usu\u00e1rios quererem comprar.<\/li><\/ul><\/div><div class=\"application-platform-content-item-features application-platform-content-item\" id=\"features\" data-nav-section=\"features\"><h2>Recursos<\/h2><p>Por que o plugin Elfsight \u00e9 o melhor entre outros widgets Webnode eficazes? Explore nossos principais recursos:<\/p><ul><li>Adicione pins e quadros por URL;<\/li><li>22 idiomas populares dispon\u00edveis;<\/li><li>Mostre ou oculte o cabe\u00e7alho;<\/li> <li>Responsivo para dispositivos m\u00f3veis em qualquer tamanho e propor\u00e7\u00e3o.<\/li><\/ul><p><a href=\"#demo\">Verifique todos os recursos<\/a><\/p><\/div><div class=\"application-platform-content-item-instala\u00e7\u00e3o application-platform-content-item\" id=\"instala\u00e7\u00e3o\" data-nav-section=\"instala\u00e7\u00e3o\"><h2>Como adicionar feed do Pinterest a um site Webnode<\/h2><p>Uma breve instru\u00e7\u00e3o sobre como adicionar feed do Pinterest sem habilidades de programa\u00e7\u00e3o ou contrata\u00e7\u00e3o de um desenvolvedor web remoto. Voc\u00ea precisar\u00e1 de alguns minutos para implementar o tutorial.<\/p><ol><li><b>Construa seu feed do Pinterest personalizado<\/b><br>Por meio de nosso editor gratuito, gere um plugin com layout e configura\u00e7\u00f5es prefer\u00edveis.<\/li><li><b>Obtenha um c\u00f3digo para instalar o plugin<\/b><br> Ap\u00f3s a personaliza\u00e7\u00e3o do widget, obtenha um c\u00f3digo para o plugin do Pinterest na notifica\u00e7\u00e3o pop-up nos aplicativos Elfsight. Salve o c\u00f3digo.<\/li><li><b>Exiba o plugin no site Webnode<\/b><br>Incorpore o plugin no local desejado da p\u00e1gina e publique os resultados.<\/li><li><b>Pronto!<\/b><br> Entre no seu site para verificar seu plugin.<\/li><\/ol><p>Voc\u00ea acha dif\u00edcil incorporar o widget? Dirija-se \u00e0 nossa equipe de suporte com uma explica\u00e7\u00e3o abrangente das dificuldades. Faremos o nosso melhor para aconselhar.<\/p><\/div><div class=\"faq\" data-component=\"FAQ\"><div class=\"faq-item\">\r\n\t\t\t\t\t<div class=\"faq-item-question\">\r\n\t\t\t\t\t\t<h3 class=\"faq-item-question-text\">De que maneira \u00e9 poss\u00edvel incorporar o Pinterest Feed ao meu Webnode sem experi\u00eancia em codifica\u00e7\u00e3o? <\/h3>\r\n\r\n\t\t\t\t\t\t<div class=\"faq-item-question-icon\"><\/div>\r\n\t\t\t\t\t<\/div>\r\n\r\n\t\t\t\t\t<div class=\"faq-item-answer\">\r\n\t\t\t\t\t\t<div class=\"faq-item-answer-text\"><p>A empresa Elfsight oferece uma solu\u00e7\u00e3o em nuvem que permite aos usu\u00e1rios criar um widget do Pinterest Feed. Veja como \u00e9 descomplicado: <\/p><ul><li>V\u00e1 para a demonstra\u00e7\u00e3o on-line para criar um plugin do Pinterest Feed que voc\u00ea usaria gostaria de integrar no seu site Webnode.<\/li><li>Selecione um dos muitos modelos pr\u00e9-fabricados e adapte as configura\u00e7\u00f5es do Pinterest Feed, atualize seu conte\u00fado, mude o layout e a cor dos elementos sem qualquer codifica\u00e7\u00e3o.<\/li><li>Clique para salvar o feed do Pinterest e copiar o c\u00f3digo do widget para incorpora\u00e7\u00e3o, que voc\u00ea pode adicionar facilmente no site Webnode dentro de um plano gratuito. <\/li><\/ul><p>Trabalhando em nosso configurador simples, cada usu\u00e1rio da Internet pode criar o aplicativo Pinterest Feed e adicion\u00e1-lo facilmente ao site Webnode. N\u00e3o h\u00e1 necessidade de contratar um plano pago ou divulgar os dados do seu cart\u00e3o para entrar no servi\u00e7o. Se voc\u00ea encontrar algum problema em qualquer etapa, n\u00e3o hesite em entrar em contato com nosso suporte ao cliente.<\/p><\/div>\r\n\t\t\t\t\t<\/div>\r\n\t\t\t\t<\/div><\/div>","protected":false},"excerpt":{"rendered":"","protected":false},"author":9,"featured_media":0,"parent":1199,"menu_order":0,"comment_status":"closed","ping_status":"closed","template":"templates\/template-application-platform.php","meta":{"publish_to_discourse":"","publish_post_category":"","wpdc_auto_publish_overridden":"","wpdc_topic_tags":"","wpdc_pin_topic":"","wpdc_pin_until":"","discourse_post_id":"","discourse_permalink":"","wpdc_publishing_response":"","wpdc_publishing_error":"","footnotes":""},"class_list":["post-7408","page","type-page","status-publish","hentry"],"yoast_head":"<!-- This site is optimized with the Yoast SEO plugin v25.3.1 - https:\/\/yoast.com\/wordpress\/plugins\/seo\/ -->\n<title>Pinterest Feed - Adicionar widget do Pinterest ao site Webnode<\/title>\n<meta name=\"description\" content=\"Experimente gratuitamente o melhor plugin de feed do Pinterest para Webnode. Uma integra\u00e7\u00e3o f\u00e1cil e r\u00e1pida sem conhecimentos de programa\u00e7\u00e3o em apenas 3 minutos.\" \/>\n<meta name=\"robots\" content=\"index, follow, max-snippet:-1, max-image-preview:large, max-video-preview:-1\" \/>\n<link rel=\"canonical\" href=\"https:\/\/elfsight.com\/pt\/pinterest-feed-widget\/webnode\/\" \/>\n<meta property=\"og:locale\" content=\"pt_PT\" \/>\n<meta property=\"og:type\" content=\"article\" \/>\n<meta property=\"og:title\" content=\"Pinterest Feed - Adicionar widget do Pinterest ao site Webnode\" \/>\n<meta property=\"og:description\" content=\"Experimente gratuitamente o melhor plugin de feed do Pinterest para Webnode. Uma integra\u00e7\u00e3o f\u00e1cil e r\u00e1pida sem conhecimentos de programa\u00e7\u00e3o em apenas 3 minutos.\" \/>\n<meta property=\"og:url\" content=\"https:\/\/elfsight.com\/pt\/pinterest-feed-widget\/webnode\/\" \/>\n<meta property=\"og:site_name\" content=\"Elfsight PT\" \/>\n<meta property=\"article:modified_time\" content=\"2024-11-13T12:10:21+00:00\" \/>\n<meta name=\"twitter:card\" content=\"summary_large_image\" \/>\n<meta name=\"twitter:label1\" content=\"Tempo estimado de leitura\" \/>\n\t<meta name=\"twitter:data1\" content=\"3 minutos\" \/>\n<!-- \/ Yoast SEO plugin. -->","yoast_head_json":{"title":"Pinterest Feed - Adicionar widget do Pinterest ao site Webnode","description":"Experimente gratuitamente o melhor plugin de feed do Pinterest para Webnode. Uma integra\u00e7\u00e3o f\u00e1cil e r\u00e1pida sem conhecimentos de programa\u00e7\u00e3o em apenas 3 minutos.","robots":{"index":"index","follow":"follow","max-snippet":"max-snippet:-1","max-image-preview":"max-image-preview:large","max-video-preview":"max-video-preview:-1"},"canonical":"https:\/\/elfsight.com\/pt\/pinterest-feed-widget\/webnode\/","og_locale":"pt_PT","og_type":"article","og_title":"Pinterest Feed - Adicionar widget do Pinterest ao site Webnode","og_description":"Experimente gratuitamente o melhor plugin de feed do Pinterest para Webnode. Uma integra\u00e7\u00e3o f\u00e1cil e r\u00e1pida sem conhecimentos de programa\u00e7\u00e3o em apenas 3 minutos.","og_url":"https:\/\/elfsight.com\/pt\/pinterest-feed-widget\/webnode\/","og_site_name":"Elfsight PT","article_modified_time":"2024-11-13T12:10:21+00:00","twitter_card":"summary_large_image","twitter_misc":{"Tempo estimado de leitura":"3 minutos"},"schema":{"@context":"https:\/\/schema.org","@graph":[{"@type":"WebPage","@id":"https:\/\/elfsight.com\/pt\/pinterest-feed-widget\/webnode\/","url":"https:\/\/elfsight.com\/pt\/pinterest-feed-widget\/webnode\/","name":"Pinterest Feed - Adicionar widget do Pinterest ao site Webnode","isPartOf":{"@id":"https:\/\/elfsight.com\/pt\/#website"},"datePublished":"1970-01-01T00:00:00+00:00","dateModified":"2024-11-13T12:10:21+00:00","description":"Experimente gratuitamente o melhor plugin de feed do Pinterest para Webnode. Uma integra\u00e7\u00e3o f\u00e1cil e r\u00e1pida sem conhecimentos de programa\u00e7\u00e3o em apenas 3 minutos.","breadcrumb":{"@id":"https:\/\/elfsight.com\/pt\/pinterest-feed-widget\/webnode\/#breadcrumb"},"inLanguage":"pt-PT","potentialAction":[{"@type":"ReadAction","target":["https:\/\/elfsight.com\/pt\/pinterest-feed-widget\/webnode\/"]}]},{"@type":"BreadcrumbList","@id":"https:\/\/elfsight.com\/pt\/pinterest-feed-widget\/webnode\/#breadcrumb","itemListElement":[{"@type":"ListItem","position":1,"name":"Home","item":"https:\/\/elfsight.com\/pt\/"},{"@type":"ListItem","position":2,"name":"Pinterest Feed","item":"https:\/\/elfsight.com\/pt\/pinterest-feed-widget\/"},{"@type":"ListItem","position":3,"name":"Pinterest Feed &#8211; Webnode"}]},{"@type":"WebSite","@id":"https:\/\/elfsight.com\/pt\/#website","url":"https:\/\/elfsight.com\/pt\/","name":"Elfsight PT","description":"Just another Elfsight Sites site","potentialAction":[{"@type":"SearchAction","target":{"@type":"EntryPoint","urlTemplate":"https:\/\/elfsight.com\/pt\/?s={search_term_string}"},"query-input":{"@type":"PropertyValueSpecification","valueRequired":true,"valueName":"search_term_string"}}],"inLanguage":"pt-PT"}]}},"meta_box":{"industry":"","seo_heading":"","heading":"","description":"","cta_heading":"","cta_description":"","application":"1198","h1":"Feed do Pinterest da Webnode","h1_caption":"Transforme os clientes do seu site em assinantes do Pinterest","application_category":[],"applications_title":"","applications_request_title":"","applications_request_button_text":"","hero_text":"","hero_video":"","hero_video_schema_markup":"","selling_points_title":"","selling_points_caption":"","selling_points":[],"selling_points_cta_text":"","features_title":"","features":"","ed_cta_examples_text":"","ed_cta_examples_hidden":"","ed_cta_demo_text":"","ed_cta_demo_hidden":"","why_caption":"","why_editor_title":"","why_editor_text":"","why_team_title":"","why_team_text":"","why_service_title":"","why_service_text":"","template_catalog_visible":"","template_catalog_title":"","template_catalog_text":"","template_catalog_categories_visible":"","demo_title":"Crie seu widget de feed do Pinterest","demo_caption":"Configure seu Pinterest Feed e adicione-o ao seu site Webnode gratuitamente!","default_faq_hidden":"","app_template_category":[],"platform":"4917","template_public_id":"","codecanyon_url":"","codecanyon_item_id":"","codecanyon_price":"","pricing_caption":"","pricing_elfsight_apps_hide_column":"","pricing_elfsight_apps_url":"","pricing_codecanyon_price_caption":"","integration_category":[],"integration_request_title":"","integration_request_cta":"","integration_platform":"","integrations":[],"platform_category":[],"video_schema_markup":"","price":"a partir de US$ 0\/m\u00eas","trial":"","benefits":[{"text":"Assist\u00eancia de instala\u00e7\u00e3o gratuita"},{"text":"Atendimento ao cliente profissional"},{"text":"Garantia de reembolso de 14 dias"},{"text":"Desenvolvimento cont\u00ednuo"}],"button_url":"#demo","button_target_blank":"","button_nofollow":"","attributes":[{"name":"Instala\u00e7\u00f5es","content":"10,000 - 100,000"},{"name":"Responsivo","content":"Sim"},{"name":"Navegadores compat\u00edveis","content":"Firefox, Safari, Opera, Chrome, Edge"}],"tags":[],"tags_disable_links":"","hide_more_platforms":"","video_object":"","demo_hide_cta":"","demo_hide_cloud_options":"","pricing_title":"","pricing":[{"pricing_icon":"platform","pricing_title":"Elfsight Apps","pricing_title_caption":"Solu\u00e7\u00e3o digital multiplataforma que funciona em qualquer site","pricing_price":"a partir de US$ 0\/m\u00eas","pricing_price_caption":"comece com plano gratuito","pricing_benefits":[{"text":"Sites ilimitados"},{"text":"Suporte premium"},{"text":"Suporte premium"},{"text":"Oferta especial para v\u00e1rios aplicativos"}],"pricing_button_text":"Adicionar ao site","pricing_button_url":"#demo"}],"related_apps_title":"","related_apps_hidden":"","author":"","image":[],"title":"","job":"","social_networks":[]},"_links":{"self":[{"href":"https:\/\/elfsight.com\/pt\/wp-json\/wp\/v2\/pages\/7408","targetHints":{"allow":["GET"]}}],"collection":[{"href":"https:\/\/elfsight.com\/pt\/wp-json\/wp\/v2\/pages"}],"about":[{"href":"https:\/\/elfsight.com\/pt\/wp-json\/wp\/v2\/types\/page"}],"author":[{"embeddable":true,"href":"https:\/\/elfsight.com\/pt\/wp-json\/wp\/v2\/users\/9"}],"replies":[{"embeddable":true,"href":"https:\/\/elfsight.com\/pt\/wp-json\/wp\/v2\/comments?post=7408"}],"version-history":[{"count":1,"href":"https:\/\/elfsight.com\/pt\/wp-json\/wp\/v2\/pages\/7408\/revisions"}],"predecessor-version":[{"id":7412,"href":"https:\/\/elfsight.com\/pt\/wp-json\/wp\/v2\/pages\/7408\/revisions\/7412"}],"up":[{"embeddable":true,"href":"https:\/\/elfsight.com\/pt\/wp-json\/wp\/v2\/pages\/1199"}],"wp:attachment":[{"href":"https:\/\/elfsight.com\/pt\/wp-json\/wp\/v2\/media?parent=7408"}],"curies":[{"name":"wp","href":"https:\/\/api.w.org\/{rel}","templated":true}]}}