{"id":7407,"date":"1970-01-01T00:00:00","date_gmt":"1970-01-01T00:00:00","guid":{"rendered":"https:\/\/elfsight.com\/pt\/?page_id=7407"},"modified":"2025-02-25T12:31:49","modified_gmt":"2025-02-25T12:31:49","slug":"webflow","status":"publish","type":"page","link":"https:\/\/elfsight.com\/pt\/pinterest-feed-widget\/webflow\/","title":{"rendered":"Pinterest Feed &#8211; Webflow"},"content":{"rendered":"\n<div class=\"application-platform-content-item-description application-platform-content-item\" id=\"description\" data-nav-section=\"description\"><h2>Incorpore o Pinterest Feed no Webflow com o widget Elfsight<\/h2><p>O Elfsight Pinterest Feed ajuda a exibir o seu perfil e quaisquer pins e pain\u00e9is de Pinterest em um site. Com a ajuda do nosso widget, voc\u00ea pode n\u00e3o apenas apresentar sua conta, mas tamb\u00e9m selecionar pins e pain\u00e9is para criar categorias tem\u00e1ticas de imagens para o seu site. Revele as conquistas do seu neg\u00f3cio, estimule seus clientes a descobrir novas tend\u00eancias ou apenas incorpore lindas fotos em seu site. Um widget flex\u00edvel ajudar\u00e1 voc\u00ea a ampliar o alcance de seus materiais visuais, aumentar o n\u00edvel de envolvimento do site e aumentar mais seguidores no Pinterest.<\/p><p><b>Adicione ao seu site recursos visuais do Pinterest com absoluta facilidade.<\/b><\/p><ul><li><b>Aumente o envolvimento dos usu\u00e1rios em seu site<\/b><br> O conte\u00fado cuidadosamente selecionado em seu site atrair\u00e1 o m\u00e1ximo de aten\u00e7\u00e3o e manter\u00e1 os clientes engajados.<\/li><li><b> Atraia seguidores no Pinterest<\/b><br> Com o bot\u00e3o Seguir no feed, mais clientes em potencial ter\u00e3o a chance de se tornar seus seguidores.<\/li><li><b>Conte\u00fado visual mais atraente em seu site<\/b><br> Com a ajuda dos pins e quadros \u00e0 sua disposi\u00e7\u00e3o, fique \u00e0 vontade para escolher os melhores recursos visuais para o seu site, a fim de envolver seus futuros clientes.<\/li><\/ul><\/div><div class=\"application-platform-content-item-features  application-platform-content-item\" id=\"features \" data-nav-section=\"features \"><h2>Principais caracter\u00edsticas do widget Pinterest Feed<\/h2><p>V\u00e1rios atributos, que tornam nosso widget o plugin mais importante para cada site Webflow.<\/p><ul><li>T\u00edtulo do widget edit\u00e1vel; <\/li><li>22 idiomas populares dispon\u00edveis;<\/li><li>Elementos de pins altern\u00e1veis: autor, texto, bot\u00e3o Compartilhar, \u00edcone.<\/li><li>Exibir ou ocultar quadros e contagens de pins.<\/li><\/ul><p><a href=\"#demo\">Outras caracter\u00edsticas no construtor gratuito<\/a><\/p><\/div><div class=\"application-platform-content-item-installation application-platform-content-item\" id=\"installation\" data-nav-section=\"installation\"><h2>Como adicionar o Pinterest Feed para o site do Webflow<\/h2><div class=\"video-container\"><iframe width=\"720\" height=\"405\" src=\"https:\/\/www.youtube.com\/embed\/c7rOfI5p-yg\" frameborder=\"0\" allowfullscreen=\"\"><\/iframe><\/div><p>Aqui est\u00e1 um breve tutorial da Elfsight sobre configura\u00e7\u00e3o e personaliza\u00e7\u00e3o do widget. N\u00e3o s\u00e3o necess\u00e1rias habilidades em desenvolvimento web. A dura\u00e7\u00e3o aproximada da implementa\u00e7\u00e3o das instru\u00e7\u00f5es \u00e9 inferior a 3 minutos.<\/p><ol><li><b>Construa seu widget individual de feed do Pinterest<\/b><br> Usando nosso configurador gratuito, gere um plugin com a interface que voc\u00ea deseja.<\/li><li><b>Receba um c\u00f3digo para publicar o plugin<\/b><br> Ap\u00f3s a gera\u00e7\u00e3o do widget, receba um c\u00f3digo para o plugin do Pinterest a partir da notifica\u00e7\u00e3o pop-up nas aplica\u00e7\u00f5es Elfsight. Copie o c\u00f3digo.<\/li><li><b>Incorpore o plug-in no site<\/b><br> Integre o plug-in no local necess\u00e1rio da p\u00e1gina e aplique as altera\u00e7\u00f5es.<\/li><li><b>A incorpora\u00e7\u00e3o foi bem-sucedida!<\/b><br> Visite seu site para verificar seu Pinterest.<\/li><\/ol><p>Precisa de conselhos sobre como configurar ou personalizar o plugin? A equipa da Elfsight ter\u00e1 todo o prazer em aconselhar e oferecer uma solu\u00e7\u00e3o!<\/p><\/div><div class=\"faq\" data-component=\"FAQ\"><div class=\"faq-item\">\r\n\t\t\t\t\t<div class=\"faq-item-question\">\r\n\t\t\t\t\t\t<h3 class=\"faq-item-question-text\">Como adicionar o Pinterest Feed ao meu site Webflow sem codifica\u00e7\u00e3o? <\/h3>\r\n\r\n\t\t\t\t\t\t<div class=\"faq-item-question-icon\"><\/div>\r\n\t\t\t\t\t<\/div>\r\n\r\n\t\t\t\t\t<div class=\"faq-item-answer\">\r\n\t\t\t\t\t\t<div class=\"faq-item-answer-text\"><p>A empresa Elfsight oferece uma solu\u00e7\u00e3o na nuvem que permite que voc\u00ea mesmo crie um aplicativo Pinterest Feed. Descubra as instru\u00e7\u00f5es f\u00e1ceis: <\/p><ul><li>Trabalhe no Editor on-line para gerar um widget Pinterest Feed que voc\u00ea usaria gostaria de aparecer no seu site Webflow.<\/li><li>Selecione um dos modelos predefinidos e adapte as configura\u00e7\u00f5es do Pinterest Feed, altere o layout e o esquema de cores, inclua seu conte\u00fado sem nenhum conhecimento de codifica\u00e7\u00e3o.<\/li><li> Clique para salvar o Pinterest Feed e copie o c\u00f3digo para instala\u00e7\u00e3o, que pode ser adicionado no site Webflow atrav\u00e9s de um plano gratuito. <\/li><\/ul><p>Usando nosso configurador amig\u00e1vel, cada usu\u00e1rio da web pode criar um widget de feed do Pinterest e col\u00e1-lo facilmente em qualquer p\u00e1gina da web do Webflow. N\u00e3o \u00e9 necess\u00e1rio pagar ou divulgar os dados do seu cart\u00e3o para acessar nosso servi\u00e7o. Se voc\u00ea tiver qualquer tipo de problema, entre em contato com nossa equipe de suporte.<\/p><\/div>\r\n\t\t\t\t\t<\/div>\r\n\t\t\t\t<\/div><\/div>\n","protected":false},"excerpt":{"rendered":"","protected":false},"author":9,"featured_media":0,"parent":1199,"menu_order":0,"comment_status":"closed","ping_status":"closed","template":"templates\/template-application-platform.php","meta":{"publish_to_discourse":"","publish_post_category":"","wpdc_auto_publish_overridden":"","wpdc_topic_tags":"","wpdc_pin_topic":"","wpdc_pin_until":"","discourse_post_id":"","discourse_permalink":"","wpdc_publishing_response":"","wpdc_publishing_error":"","footnotes":""},"class_list":["post-7407","page","type-page","status-publish","hentry"],"yoast_head":"<!-- This site is optimized with the Yoast SEO plugin v25.3.1 - https:\/\/yoast.com\/wordpress\/plugins\/seo\/ -->\n<title>Pinterest Feed - Adicionar widget do Pinterest ao site Webflow (2025)<\/title>\n<meta name=\"description\" content=\"Examine o melhor widget Pinterest Feed para Webflow gratuitamente. Uma instala\u00e7\u00e3o simples e r\u00e1pida, sem habilidades de desenvolvimento em apenas alguns minutos.\" \/>\n<meta name=\"robots\" content=\"index, follow, max-snippet:-1, max-image-preview:large, max-video-preview:-1\" \/>\n<link rel=\"canonical\" href=\"https:\/\/elfsight.com\/pt\/pinterest-feed-widget\/webflow\/\" \/>\n<meta property=\"og:locale\" content=\"pt_PT\" \/>\n<meta property=\"og:type\" content=\"article\" \/>\n<meta property=\"og:title\" content=\"Pinterest Feed - Adicionar widget do Pinterest ao site Webflow (2025)\" \/>\n<meta property=\"og:description\" content=\"Examine o melhor widget Pinterest Feed para Webflow gratuitamente. Uma instala\u00e7\u00e3o simples e r\u00e1pida, sem habilidades de desenvolvimento em apenas alguns minutos.\" \/>\n<meta property=\"og:url\" content=\"https:\/\/elfsight.com\/pt\/pinterest-feed-widget\/webflow\/\" \/>\n<meta property=\"og:site_name\" content=\"Elfsight PT\" \/>\n<meta property=\"article:modified_time\" content=\"2025-02-25T12:31:49+00:00\" \/>\n<meta name=\"twitter:card\" content=\"summary_large_image\" \/>\n<meta name=\"twitter:label1\" content=\"Tempo estimado de leitura\" \/>\n\t<meta name=\"twitter:data1\" content=\"4 minutos\" \/>\n<!-- \/ Yoast SEO plugin. -->","yoast_head_json":{"title":"Pinterest Feed - Adicionar widget do Pinterest ao site Webflow (2025)","description":"Examine o melhor widget Pinterest Feed para Webflow gratuitamente. Uma instala\u00e7\u00e3o simples e r\u00e1pida, sem habilidades de desenvolvimento em apenas alguns minutos.","robots":{"index":"index","follow":"follow","max-snippet":"max-snippet:-1","max-image-preview":"max-image-preview:large","max-video-preview":"max-video-preview:-1"},"canonical":"https:\/\/elfsight.com\/pt\/pinterest-feed-widget\/webflow\/","og_locale":"pt_PT","og_type":"article","og_title":"Pinterest Feed - Adicionar widget do Pinterest ao site Webflow (2025)","og_description":"Examine o melhor widget Pinterest Feed para Webflow gratuitamente. Uma instala\u00e7\u00e3o simples e r\u00e1pida, sem habilidades de desenvolvimento em apenas alguns minutos.","og_url":"https:\/\/elfsight.com\/pt\/pinterest-feed-widget\/webflow\/","og_site_name":"Elfsight PT","article_modified_time":"2025-02-25T12:31:49+00:00","twitter_card":"summary_large_image","twitter_misc":{"Tempo estimado de leitura":"4 minutos"},"schema":{"@context":"https:\/\/schema.org","@graph":[{"@type":"WebPage","@id":"https:\/\/elfsight.com\/pt\/pinterest-feed-widget\/webflow\/","url":"https:\/\/elfsight.com\/pt\/pinterest-feed-widget\/webflow\/","name":"Pinterest Feed - Adicionar widget do Pinterest ao site Webflow (2025)","isPartOf":{"@id":"https:\/\/elfsight.com\/pt\/#website"},"datePublished":"1970-01-01T00:00:00+00:00","dateModified":"2025-02-25T12:31:49+00:00","description":"Examine o melhor widget Pinterest Feed para Webflow gratuitamente. Uma instala\u00e7\u00e3o simples e r\u00e1pida, sem habilidades de desenvolvimento em apenas alguns minutos.","breadcrumb":{"@id":"https:\/\/elfsight.com\/pt\/pinterest-feed-widget\/webflow\/#breadcrumb"},"inLanguage":"pt-PT","potentialAction":[{"@type":"ReadAction","target":["https:\/\/elfsight.com\/pt\/pinterest-feed-widget\/webflow\/"]}]},{"@type":"BreadcrumbList","@id":"https:\/\/elfsight.com\/pt\/pinterest-feed-widget\/webflow\/#breadcrumb","itemListElement":[{"@type":"ListItem","position":1,"name":"Home","item":"https:\/\/elfsight.com\/pt\/"},{"@type":"ListItem","position":2,"name":"Pinterest Feed","item":"https:\/\/elfsight.com\/pt\/pinterest-feed-widget\/"},{"@type":"ListItem","position":3,"name":"Pinterest Feed &#8211; Webflow"}]},{"@type":"WebSite","@id":"https:\/\/elfsight.com\/pt\/#website","url":"https:\/\/elfsight.com\/pt\/","name":"Elfsight PT","description":"Just another Elfsight Sites site","potentialAction":[{"@type":"SearchAction","target":{"@type":"EntryPoint","urlTemplate":"https:\/\/elfsight.com\/pt\/?s={search_term_string}"},"query-input":{"@type":"PropertyValueSpecification","valueRequired":true,"valueName":"search_term_string"}}],"inLanguage":"pt-PT"}]}},"meta_box":{"industry":"","seo_heading":"","heading":"","description":"","cta_heading":"","cta_description":"","application":"1198","h1":"Widget de feed do Pinterest do Webflow","h1_caption":"Transforme os clientes do seu site em assinantes do Pinterest","application_category":[],"applications_title":"","applications_request_title":"","applications_request_button_text":"","hero_text":"","hero_video":"","hero_video_schema_markup":"","selling_points_title":"","selling_points_caption":"","selling_points":[],"selling_points_cta_text":"","features_title":"","features":"","ed_cta_examples_text":"","ed_cta_examples_hidden":"","ed_cta_demo_text":"","ed_cta_demo_hidden":"","why_caption":"","why_editor_title":"","why_editor_text":"","why_team_title":"","why_team_text":"","why_service_title":"","why_service_text":"","template_catalog_visible":"0","template_catalog_title":"","template_catalog_text":"","template_catalog_categories_visible":"","demo_title":"Crie seu widget de feed do Pinterest","demo_caption":"Configure seu feed do Pinterest e adicione-o ao seu site Webflow gratuitamente!","default_faq_hidden":"","app_template_category":[],"platform":"70","template_public_id":"","codecanyon_url":"","codecanyon_item_id":"","codecanyon_price":"","pricing_caption":"","pricing_elfsight_apps_hide_column":"","pricing_elfsight_apps_url":"","pricing_codecanyon_price_caption":"","integration_category":[],"integration_request_title":"","integration_request_cta":"","integration_platform":"","integrations":[],"platform_category":[],"video_schema_markup":"","price":"a partir de US$ 0\/m\u00eas","trial":"","benefits":[{"text":"Servi\u00e7o de instala\u00e7\u00e3o gratuito"},{"text":"Atendimento ao cliente competente"},{"text":"Garantia de devolu\u00e7\u00e3o do dinheiro em 14 dias"},{"text":"Atualiza\u00e7\u00f5es gratuitas cont\u00ednuas"}],"button_url":"#demo","button_target_blank":"0","button_nofollow":"0","attributes":[{"name":"Instala\u00e7\u00f5es","content":"10,000 - 100,000"},{"name":"Responsivo","content":"Sim"},{"name":"Navegadores compat\u00edveis","content":"Edge, Opera, Chrome, Firefox, Safari"}],"tags":[],"tags_disable_links":"0","hide_more_platforms":"0","video_object":"","demo_hide_cta":"0","demo_hide_cloud_options":"0","pricing_title":"","pricing":[{"pricing_icon":"platform","pricing_title":"Elfsight Apps","pricing_title_caption":"Solu\u00e7\u00e3o digital multiplataforma","pricing_price":"a partir de US$ 0\/m\u00eas","pricing_price_caption":"comece com plano gratuito","pricing_benefits":[{"text":"Dom\u00ednios ilimitados"},{"text":"Suporte profissional ao cliente"},{"text":"Suporte profissional ao cliente"},{"text":"Oferta especial para v\u00e1rios aplicativos"}],"pricing_button_text":"Adicionar ao site","pricing_button_url":"#demo"}],"related_apps_title":"","related_apps_hidden":"0","author":"","image":[],"title":"","job":"","social_networks":[]},"_links":{"self":[{"href":"https:\/\/elfsight.com\/pt\/wp-json\/wp\/v2\/pages\/7407","targetHints":{"allow":["GET"]}}],"collection":[{"href":"https:\/\/elfsight.com\/pt\/wp-json\/wp\/v2\/pages"}],"about":[{"href":"https:\/\/elfsight.com\/pt\/wp-json\/wp\/v2\/types\/page"}],"author":[{"embeddable":true,"href":"https:\/\/elfsight.com\/pt\/wp-json\/wp\/v2\/users\/9"}],"replies":[{"embeddable":true,"href":"https:\/\/elfsight.com\/pt\/wp-json\/wp\/v2\/comments?post=7407"}],"version-history":[{"count":3,"href":"https:\/\/elfsight.com\/pt\/wp-json\/wp\/v2\/pages\/7407\/revisions"}],"predecessor-version":[{"id":13964,"href":"https:\/\/elfsight.com\/pt\/wp-json\/wp\/v2\/pages\/7407\/revisions\/13964"}],"up":[{"embeddable":true,"href":"https:\/\/elfsight.com\/pt\/wp-json\/wp\/v2\/pages\/1199"}],"wp:attachment":[{"href":"https:\/\/elfsight.com\/pt\/wp-json\/wp\/v2\/media?parent=7407"}],"curies":[{"name":"wp","href":"https:\/\/api.w.org\/{rel}","templated":true}]}}