{"id":7402,"date":"1970-01-01T00:00:00","date_gmt":"1970-01-01T00:00:00","guid":{"rendered":"https:\/\/elfsight.com\/pt\/?page_id=7402"},"modified":"2025-02-25T12:30:12","modified_gmt":"2025-02-25T12:30:12","slug":"squarespace","status":"publish","type":"page","link":"https:\/\/elfsight.com\/pt\/pinterest-feed-widget\/squarespace\/","title":{"rendered":"Pinterest Feed &#8211; Squarespace"},"content":{"rendered":"\n<div class=\"application-platform-content-item-description application-platform-content-item\" id=\"description\" data-nav-section=\"description\"><h2>Incorpore o Pinterest Feed no Squarespace com o widget da Elfsight<\/h2><p>Com a ajuda do Pinterest Feed da Elfsight, voc\u00ea pode introduza em seu site recursos visuais incr\u00edveis do Pinterest sem esfor\u00e7o extra. O plugin Elfsight permite integrar quaisquer pins, pain\u00e9is e seu perfil completo no site. Atraia seus clientes mostrando imagens e pain\u00e9is tem\u00e1ticos cuidadosamente selecionados e crie suas pr\u00f3prias galerias exclusivas. Aumente a cobertura de seus recursos visuais, aumente o engajamento no site e atraia novos seguidores para sua conta junto com isso.<\/p><p><b>Anuncie suas ofertas, servi\u00e7os e conquistas no site usando pins e pain\u00e9is!<\/b><\/p><ul><li><b>Atraia vendas exibindo suas ofertas<\/b><br> Crie seus pr\u00f3prios conjuntos exclusivos de fotos com seus itens em promo\u00e7\u00e3o ou \u00faltimas tend\u00eancias e compras obrigat\u00f3rias para deixar as pessoas ansiosas para comprar.<\/li><li><b>Obtenha melhor alcance social do seu conte\u00fado no Pinterest<\/b><br> Ofere\u00e7a aos usu\u00e1rios que n\u00e3o est\u00e3o no Pinterest a oportunidade de ver seu conte\u00fado cuidadosamente escolhido, publicando-o no site .<\/li><li><b>Aumentar o n\u00famero de vendas atrav\u00e9s de imagens atrativas<\/b><br> Selecione as imagens mais irresist\u00edveis dos seus produtos ou servi\u00e7os; exibir as tend\u00eancias mais recentes e imagens persuasivas para fazer com que as pessoas n\u00e3o possam deixar de comprar.<\/li><\/ul><\/div><div class=\"application-platform-content-item-features application-platform-content-item\" id=\"features\" data-nav-section=\"features\"><h2>Principais recursos do widget Pinterest Feed<\/h2> <p>\u00c9 isso que transforma nosso widget em uma excelente ferramenta para o site Squarespace:<\/p><ul><li>Exiba pins, pain\u00e9is e integre sua conta do Pinterest;<\/li><li>Escolha a cor do tema principal; <\/li><li>Mostrar ou ocultar o cabe\u00e7alho;<\/li><li>Responsivo para dispositivos m\u00f3veis em qualquer tamanho e propor\u00e7\u00e3o.<\/li><\/ul><p><a href=\"#demo\">Recursos adicionais em construtor gratuito<\/a><\/p><\/div><div class=\"application-platform-content-item-installation application-platform-content-item\" id=\"installation\" data-nav-section=\"installation\"><h2>Como adicionar o feed do Pinterest ao site do Squarespace<\/h2><p>Um manual f\u00e1cil sobre a incorpora\u00e7\u00e3o do feed do Pinterest em uma p\u00e1gina da web sem experi\u00eancia em programa\u00e7\u00e3o. Voc\u00ea precisa de apenas 3 minutos para cumprir esta instru\u00e7\u00e3o.<\/p><ol><li><b>Crie seu widget individual de feed do Pinterest<\/b><br> Usando nosso editor gratuito, gere um plugin com design e fun\u00e7\u00f5es que voc\u00ea necess\u00e1rio.<\/li><li><b>Obtenha um c\u00f3digo para incorporar o plug-in<\/b><br> Ap\u00f3s o ajuste do widget, obtenha um c\u00f3digo para o plug-in do Pinterest na janela pop-up dos aplicativos Elfsight.<\/li><li><b>Publique o plug-in no site do Squarespace<\/b><br> Integre o plug-in no local necess\u00e1rio da p\u00e1gina e aplique as altera\u00e7\u00f5es.<\/li><li><b>Conclu\u00eddo!<\/b><br> Acesse seu site para ver seu trabalho.<\/li><\/ol><p>Est\u00e1 tendo problemas com instala\u00e7\u00e3o ou customiza\u00e7\u00e3o do plugin em seu site? Escreva uma mensagem para nossa equipe de ajuda.<\/p><\/div><div class=\"faq\" data-component=\"FAQ\"><div class=\"faq-item\">\r\n\t\t\t\t\t<div class=\"faq-item-question\">\r\n\t\t\t\t\t\t<h3 class=\"faq-item-question-text\">Como adicionar o Pinterest Feed ao meu site Squarespace sem codifica\u00e7\u00e3o?<\/h3>\r\n\r\n\t\t\t\t\t\t<div class=\"faq-item-question-icon\"><\/div>\r\n\t\t\t\t\t<\/div>\r\n\r\n\t\t\t\t\t<div class=\"faq-item-answer\">\r\n\t\t\t\t\t\t<div class=\"faq-item-answer-text\"><p>A empresa Elfsight fornece uma solu\u00e7\u00e3o que permite ao utilizador criar voc\u00ea mesmo uma aplica\u00e7\u00e3o Pinterest Feed, aprenda o guia simples: <\/p><ul><li>Comece a trabalhar diretamente na demonstra\u00e7\u00e3o online para gerar uma aplica\u00e7\u00e3o Pinterest Feed que gostaria de adicionar no seu site Squarespace.<\/li><li>Selecione um dos modelos predefinidos e adapte as configura\u00e7\u00f5es do Pinterest Feed, atualize seu conte\u00fado, transforme o layout e a cor dos elementos sem nenhum conhecimento de codifica\u00e7\u00e3o.<\/li><li>Salve o Pinterest Feed e obtenha o c\u00f3digo para incorpora\u00e7\u00e3o, que voc\u00ea pode simplesmente incorporar em seu site do Squarespace sem a necessidade de comprar uma vers\u00e3o paga. <\/li><\/ul><p>Com a ajuda do nosso editor amig\u00e1vel, cada usu\u00e1rio da Internet pode criar o aplicativo Pinterest Feed e incorpor\u00e1-lo a qualquer p\u00e1gina inicial do Squarespace. Voc\u00ea n\u00e3o deve pagar ou inserir as credenciais do seu cart\u00e3o para acessar nosso Editor. Se voc\u00ea enfrentar algum problema em qualquer etapa, sinta-se \u00e0 vontade para entrar em contato com nosso suporte ao cliente.<\/p><\/div>\r\n\t\t\t\t\t<\/div>\r\n\t\t\t\t<\/div><\/div>\n","protected":false},"excerpt":{"rendered":"","protected":false},"author":9,"featured_media":0,"parent":1199,"menu_order":0,"comment_status":"closed","ping_status":"closed","template":"templates\/template-application-platform.php","meta":{"publish_to_discourse":"","publish_post_category":"","wpdc_auto_publish_overridden":"","wpdc_topic_tags":"","wpdc_pin_topic":"","wpdc_pin_until":"","discourse_post_id":"","discourse_permalink":"","wpdc_publishing_response":"","wpdc_publishing_error":"","footnotes":""},"class_list":["post-7402","page","type-page","status-publish","hentry"],"yoast_head":"<!-- This site is optimized with the Yoast SEO plugin v25.3.1 - https:\/\/yoast.com\/wordpress\/plugins\/seo\/ -->\n<title>Pinterest Feed - Adicionar plugin do Pinterest ao site Squarespace (2026)<\/title>\n<meta name=\"description\" content=\"Molde seu plugin Pinterest Feed para Squarespace e incorpore-o em seu site. Demonstra\u00e7\u00e3o gratuita, ajuda na integra\u00e7\u00e3o e mais v\u00e1rios b\u00f4nus da Elfsight!\" \/>\n<meta name=\"robots\" content=\"index, follow, max-snippet:-1, max-image-preview:large, max-video-preview:-1\" \/>\n<link rel=\"canonical\" href=\"https:\/\/elfsight.com\/pt\/pinterest-feed-widget\/squarespace\/\" \/>\n<meta property=\"og:locale\" content=\"pt_PT\" \/>\n<meta property=\"og:type\" content=\"article\" \/>\n<meta property=\"og:title\" content=\"Pinterest Feed - Adicionar plugin do Pinterest ao site Squarespace (2026)\" \/>\n<meta property=\"og:description\" content=\"Molde seu plugin Pinterest Feed para Squarespace e incorpore-o em seu site. Demonstra\u00e7\u00e3o gratuita, ajuda na integra\u00e7\u00e3o e mais v\u00e1rios b\u00f4nus da Elfsight!\" \/>\n<meta property=\"og:url\" content=\"https:\/\/elfsight.com\/pt\/pinterest-feed-widget\/squarespace\/\" \/>\n<meta property=\"og:site_name\" content=\"Elfsight PT\" \/>\n<meta property=\"article:modified_time\" content=\"2025-02-25T12:30:12+00:00\" \/>\n<meta name=\"twitter:card\" content=\"summary_large_image\" \/>\n<meta name=\"twitter:label1\" content=\"Tempo estimado de leitura\" \/>\n\t<meta name=\"twitter:data1\" content=\"4 minutos\" \/>\n<!-- \/ Yoast SEO plugin. -->","yoast_head_json":{"title":"Pinterest Feed - Adicionar plugin do Pinterest ao site Squarespace (2026)","description":"Molde seu plugin Pinterest Feed para Squarespace e incorpore-o em seu site. Demonstra\u00e7\u00e3o gratuita, ajuda na integra\u00e7\u00e3o e mais v\u00e1rios b\u00f4nus da Elfsight!","robots":{"index":"index","follow":"follow","max-snippet":"max-snippet:-1","max-image-preview":"max-image-preview:large","max-video-preview":"max-video-preview:-1"},"canonical":"https:\/\/elfsight.com\/pt\/pinterest-feed-widget\/squarespace\/","og_locale":"pt_PT","og_type":"article","og_title":"Pinterest Feed - Adicionar plugin do Pinterest ao site Squarespace (2026)","og_description":"Molde seu plugin Pinterest Feed para Squarespace e incorpore-o em seu site. Demonstra\u00e7\u00e3o gratuita, ajuda na integra\u00e7\u00e3o e mais v\u00e1rios b\u00f4nus da Elfsight!","og_url":"https:\/\/elfsight.com\/pt\/pinterest-feed-widget\/squarespace\/","og_site_name":"Elfsight PT","article_modified_time":"2025-02-25T12:30:12+00:00","twitter_card":"summary_large_image","twitter_misc":{"Tempo estimado de leitura":"4 minutos"},"schema":{"@context":"https:\/\/schema.org","@graph":[{"@type":"WebPage","@id":"https:\/\/elfsight.com\/pt\/pinterest-feed-widget\/squarespace\/","url":"https:\/\/elfsight.com\/pt\/pinterest-feed-widget\/squarespace\/","name":"Pinterest Feed - Adicionar plugin do Pinterest ao site Squarespace (2026)","isPartOf":{"@id":"https:\/\/elfsight.com\/pt\/#website"},"datePublished":"1970-01-01T00:00:00+00:00","dateModified":"2025-02-25T12:30:12+00:00","description":"Molde seu plugin Pinterest Feed para Squarespace e incorpore-o em seu site. Demonstra\u00e7\u00e3o gratuita, ajuda na integra\u00e7\u00e3o e mais v\u00e1rios b\u00f4nus da Elfsight!","breadcrumb":{"@id":"https:\/\/elfsight.com\/pt\/pinterest-feed-widget\/squarespace\/#breadcrumb"},"inLanguage":"pt-PT","potentialAction":[{"@type":"ReadAction","target":["https:\/\/elfsight.com\/pt\/pinterest-feed-widget\/squarespace\/"]}]},{"@type":"BreadcrumbList","@id":"https:\/\/elfsight.com\/pt\/pinterest-feed-widget\/squarespace\/#breadcrumb","itemListElement":[{"@type":"ListItem","position":1,"name":"Home","item":"https:\/\/elfsight.com\/pt\/"},{"@type":"ListItem","position":2,"name":"Pinterest Feed","item":"https:\/\/elfsight.com\/pt\/pinterest-feed-widget\/"},{"@type":"ListItem","position":3,"name":"Pinterest Feed &#8211; Squarespace"}]},{"@type":"WebSite","@id":"https:\/\/elfsight.com\/pt\/#website","url":"https:\/\/elfsight.com\/pt\/","name":"Elfsight PT","description":"Just another Elfsight Sites site","potentialAction":[{"@type":"SearchAction","target":{"@type":"EntryPoint","urlTemplate":"https:\/\/elfsight.com\/pt\/?s={search_term_string}"},"query-input":{"@type":"PropertyValueSpecification","valueRequired":true,"valueName":"search_term_string"}}],"inLanguage":"pt-PT"}]}},"meta_box":{"industry":"","seo_heading":"","heading":"","description":"","cta_heading":"","cta_description":"","application":"1198","h1":"Plug-in de feed do Squarespace para Pinterest","h1_caption":"Converta os usu\u00e1rios do seu site em assinantes do Pinterest","application_category":[],"applications_title":"","applications_request_title":"","applications_request_button_text":"","hero_text":"","hero_video":"","hero_video_schema_markup":"","selling_points_title":"","selling_points_caption":"","selling_points":[],"selling_points_cta_text":"","features_title":"","features":"","ed_cta_examples_text":"","ed_cta_examples_hidden":"","ed_cta_demo_text":"","ed_cta_demo_hidden":"","why_caption":"","why_editor_title":"","why_editor_text":"","why_team_title":"","why_team_text":"","why_service_title":"","why_service_text":"","template_catalog_visible":"0","template_catalog_title":"","template_catalog_text":"","template_catalog_categories_visible":"","demo_title":"Crie seu plugin de feed do Pinterest","demo_caption":"Configure seu feed do Pinterest e adicione-o ao seu site Squarespace gratuitamente!","default_faq_hidden":"","app_template_category":[],"platform":"67","template_public_id":"","codecanyon_url":"","codecanyon_item_id":"","codecanyon_price":"","pricing_caption":"","pricing_elfsight_apps_hide_column":"","pricing_elfsight_apps_url":"","pricing_codecanyon_price_caption":"","integration_category":[],"integration_request_title":"","integration_request_cta":"","integration_platform":"","integrations":[],"platform_category":[],"video_schema_markup":"","price":"a partir de US$ 0\/m\u00eas","trial":"","benefits":[{"text":"Servi\u00e7o de instala\u00e7\u00e3o gratuito"},{"text":"Suporte premium"},{"text":"Garantia de reembolso de 14 dias"},{"text":"Melhorias cont\u00ednuas"}],"button_url":"#demo","button_target_blank":"0","button_nofollow":"0","attributes":[{"name":"Instala\u00e7\u00f5es","content":"10,000 - 100,000"},{"name":"Responsivo","content":"Sim"},{"name":"Navegadores compat\u00edveis","content":"Firefox, Safari, Opera, Chrome, Edge"}],"tags":[],"tags_disable_links":"0","hide_more_platforms":"0","video_object":"","demo_hide_cta":"0","demo_hide_cloud_options":"0","pricing_title":"","pricing":[{"pricing_icon":"platform","pricing_title":"Elfsight Apps","pricing_title_caption":"Solu\u00e7\u00e3o digital multiplataforma adequada para qualquer site","pricing_price":"a partir de US$ 0\/m\u00eas","pricing_price_caption":"comece com plano gratuito","pricing_benefits":[{"text":"Dom\u00ednios ilimitados"},{"text":"Suporte profissional e pontual"},{"text":"Suporte profissional e pontual"},{"text":"100% personaliz\u00e1vel"}],"pricing_button_text":"Adicionar ao site","pricing_button_url":"#demo"}],"related_apps_title":"","related_apps_hidden":"0","author":"","image":[],"title":"","job":"","social_networks":[]},"_links":{"self":[{"href":"https:\/\/elfsight.com\/pt\/wp-json\/wp\/v2\/pages\/7402","targetHints":{"allow":["GET"]}}],"collection":[{"href":"https:\/\/elfsight.com\/pt\/wp-json\/wp\/v2\/pages"}],"about":[{"href":"https:\/\/elfsight.com\/pt\/wp-json\/wp\/v2\/types\/page"}],"author":[{"embeddable":true,"href":"https:\/\/elfsight.com\/pt\/wp-json\/wp\/v2\/users\/9"}],"replies":[{"embeddable":true,"href":"https:\/\/elfsight.com\/pt\/wp-json\/wp\/v2\/comments?post=7402"}],"version-history":[{"count":2,"href":"https:\/\/elfsight.com\/pt\/wp-json\/wp\/v2\/pages\/7402\/revisions"}],"predecessor-version":[{"id":13963,"href":"https:\/\/elfsight.com\/pt\/wp-json\/wp\/v2\/pages\/7402\/revisions\/13963"}],"up":[{"embeddable":true,"href":"https:\/\/elfsight.com\/pt\/wp-json\/wp\/v2\/pages\/1199"}],"wp:attachment":[{"href":"https:\/\/elfsight.com\/pt\/wp-json\/wp\/v2\/media?parent=7402"}],"curies":[{"name":"wp","href":"https:\/\/api.w.org\/{rel}","templated":true}]}}