{"id":7401,"date":"1970-01-01T00:00:00","date_gmt":"1970-01-01T00:00:00","guid":{"rendered":"https:\/\/elfsight.com\/pt\/?page_id=7401"},"modified":"2024-11-13T12:10:13","modified_gmt":"2024-11-13T12:10:13","slug":"shopify","status":"publish","type":"page","link":"https:\/\/elfsight.com\/pt\/pinterest-feed-widget\/shopify\/","title":{"rendered":"Pinterest Feed &#8211; Shopify"},"content":{"rendered":"<div class=\"application-platform-content-item-description application-platform-content-item\" id=\"description\" data-nav-section=\"description\"><h2>Incorpore o feed do Pinterest no Shopify com o widget Elfsight<\/h2><p>Com nosso aplicativo Pinterest, voc\u00ea pode incorporar gratuitamente no seu site quaisquer fotos do Pinterest. O widget Elfsight permite que voc\u00ea adicione pins, pain\u00e9is e seu perfil completo espec\u00edficos ao seu site. Atraia seus clientes em potencial usando as melhores fotos, pain\u00e9is tem\u00e1ticos e suas pr\u00f3prias cole\u00e7\u00f5es com design exclusivo. Obtenha um melhor alcance de seus recursos visuais, fortale\u00e7a o envolvimento no site e, enquanto isso, obtenha mais seguidores para seu perfil.<\/p><p><b>Adicione recursos visuais do Pinterest ao seu site de maneira r\u00e1pida e f\u00e1cil.<\/b><\/p><ul><li><b>Aumente o envolvimento dos visitantes do seu site<\/b><br> O conte\u00fado escolhido com precis\u00e3o no seu site atrair\u00e1 o m\u00e1ximo de aten\u00e7\u00e3o e manter\u00e1 os usu\u00e1rios engajados.<\/li><li><b> Obtenha novos seguidores no Pinterest<\/b><br> Gra\u00e7as ao bot\u00e3o Seguir dispon\u00edvel no feed, mais pessoas ter\u00e3o a chance de se juntar aos seus assinantes.<\/li><li><b>Aumente o n\u00famero de vendas com a ajuda de fotos irresist\u00edveis<\/b><br> Escolha as melhores imagens de suas ofertas; demonstre as \u00faltimas tend\u00eancias e imagens inspiradoras para deixar os clientes fadados a comprar.<\/li><\/ul><\/div><div class=\"application-platform-content-item-features application-platform-content-item\" id=\"features\" data-nav-section=\"features\"><h2>Principais recursos do widget Feed do Pinterest<\/h2><p>Aqui est\u00e3o os recursos que tornam nosso widget o instrumento Shopify mais eficaz para o Pinterest:<\/p><ul><li>Exiba pins, pain\u00e9is e integre sua conta do Pinterest;<\/li><li>Escolha a cor do tema principal ;<\/li><li>Bot\u00e3o Seguir no cabe\u00e7alho para acompanhar facilmente sua conta;<\/li><li>responsivo para dispositivos m\u00f3veis em qualquer tamanho e propor\u00e7\u00e3o.<\/li><\/ul><p><a href=\"#demo\">Mais recursos na demonstra\u00e7\u00e3o gratuita<\/a><\/p><\/div><div class=\"application-platform-content-item-installation application-platform-content-item\" id=\"installation\" data-nav-section=\"installation\"><h2>Como adicionar o Pinterest Feed ao site do Shopify<\/h2><div class=\" video-class\"><iframe width=\"720\" height=\"405\" src=\"https:\/\/www.youtube.com\/embed\/W1j15RRs8dE\" frameborder=\"0\" allowfullscreen=\"\"><\/iframe><\/div><p>Um tutorial simples sobre como gerar \u00edcones para um site sem conhecimento em desenvolvimento. Voc\u00ea precisar\u00e1 de apenas 2 minutos para executar as instru\u00e7\u00f5es.<\/p><ol><li><b>Execute nosso configurador gratuito e comece a criar seu pr\u00f3prio aplicativo. <\/b><br> Encontre o formul\u00e1rio personalizado e as caracter\u00edsticas do aplicativo e aplique todas as modifica\u00e7\u00f5es. <\/li> <li><b>Obtenha o c\u00f3digo pessoal mostrado na janela dos aplicativos Elfsight. <\/b><br> Ap\u00f3s o estabelecimento do seu aplicativo, copie o seu c\u00f3digo da janela exibida e salve-o para ocasi\u00f5es futuras. <\/li> <li><b>Entre usando o aplicativo no site da Shopify. <\/b><br> Insira o c\u00f3digo que voc\u00ea copiou recentemente em seu site e salve as modifica\u00e7\u00f5es. <\/li> <li><b>Conclu\u00eddo! A incorpora\u00e7\u00e3o foi finalizada com sucesso. <\/b><br> Visite sua p\u00e1gina da web para ver em a\u00e7\u00e3o o funcionamento do aplicativo. <\/li><\/ol><p>Tem d\u00favidas sobre o guia? Envie uma consulta para nosso servi\u00e7o de suporte.<\/p><\/div><div class=\"faq\" data-component=\"FAQ\"><div class=\"faq-item\">\r\n\t\t\t\t\t<div class=\"faq-item-question\">\r\n\t\t\t\t\t\t<h3 class=\"faq-item-question-text\">Existe uma op\u00e7\u00e3o para incorporar o Pinterest Feed ao meu site Shopify sem codifica\u00e7\u00e3o?<\/h3>\r\n\r\n\t\t\t\t\t\t<div class=\"faq-item-question-icon\"><\/div>\r\n\t\t\t\t\t<\/div>\r\n\r\n\t\t\t\t\t<div class=\"faq-item-answer\">\r\n\t\t\t\t\t\t<div class=\"faq-item-answer-text\"><p>A empresa Elfsight oferece uma solu\u00e7\u00e3o SaaS que permite que as pessoas gerem voc\u00ea mesmo um aplicativo Pinterest Feed. Verifique como o processo \u00e9 simples: <\/p><ul><li>Trabalhe no Editor ao vivo para estabelecer um widget Pinterest Feed que voc\u00ea usaria gostaria de integrar na p\u00e1gina inicial do Shopify.<\/li><li>Escolha um dos modelos predefinidos e altere as configura\u00e7\u00f5es do Pinterest Feed, transforme o layout e as cores, inclua seu conte\u00fado sem habilidades de codifica\u00e7\u00e3o.<\/li><li>Clique para salvar o Pinterest Feed e copie o c\u00f3digo do widget para instala\u00e7\u00e3o, que pode ser facilmente colado no site Shopify sem a necessidade de comprar uma assinatura paga. <\/li><\/ul><p>Usando nosso configurador f\u00e1cil de usar, qualquer usu\u00e1rio da web pode gerar o Pinterest Feed on-line e incorpor\u00e1-lo facilmente \u00e0 sua p\u00e1gina inicial do Shopify. N\u00e3o \u00e9 necess\u00e1rio pagar nem inserir os dados do seu cart\u00e3o para aceder ao servi\u00e7o Elfsight. Se voc\u00ea encontrar algum obst\u00e1culo em qualquer etapa, n\u00e3o hesite em entrar em contato com nossa equipe de suporte.<\/p><\/div>\r\n\t\t\t\t\t<\/div>\r\n\t\t\t\t<\/div><\/div>","protected":false},"excerpt":{"rendered":"","protected":false},"author":9,"featured_media":0,"parent":1199,"menu_order":0,"comment_status":"closed","ping_status":"closed","template":"templates\/template-application-platform.php","meta":{"publish_to_discourse":"","publish_post_category":"","wpdc_auto_publish_overridden":"","wpdc_topic_tags":"","wpdc_pin_topic":"","wpdc_pin_until":"","discourse_post_id":"","discourse_permalink":"","wpdc_publishing_response":"","wpdc_publishing_error":"","footnotes":""},"class_list":["post-7401","page","type-page","status-publish","hentry"],"yoast_head":"<!-- This site is optimized with the Yoast SEO plugin v25.3.1 - https:\/\/yoast.com\/wordpress\/plugins\/seo\/ -->\n<title>Pinterest Feed - Adicionar aplicativo Pinterest ao site Shopify (2025)<\/title>\n<meta name=\"description\" content=\"Projete um aplicativo Pinterest Feed responsivo para a loja Shopify. Com a demonstra\u00e7\u00e3o online mais r\u00e1pida, crie v\u00e1rios aplicativos em apenas tr\u00eas minutos.\" \/>\n<meta name=\"robots\" content=\"index, follow, max-snippet:-1, max-image-preview:large, max-video-preview:-1\" \/>\n<link rel=\"canonical\" href=\"https:\/\/elfsight.com\/pt\/pinterest-feed-widget\/shopify\/\" \/>\n<meta property=\"og:locale\" content=\"pt_PT\" \/>\n<meta property=\"og:type\" content=\"article\" \/>\n<meta property=\"og:title\" content=\"Pinterest Feed - Adicionar aplicativo Pinterest ao site Shopify (2025)\" \/>\n<meta property=\"og:description\" content=\"Projete um aplicativo Pinterest Feed responsivo para a loja Shopify. Com a demonstra\u00e7\u00e3o online mais r\u00e1pida, crie v\u00e1rios aplicativos em apenas tr\u00eas minutos.\" \/>\n<meta property=\"og:url\" content=\"https:\/\/elfsight.com\/pt\/pinterest-feed-widget\/shopify\/\" \/>\n<meta property=\"og:site_name\" content=\"Elfsight PT\" \/>\n<meta property=\"article:modified_time\" content=\"2024-11-13T12:10:13+00:00\" \/>\n<meta name=\"twitter:card\" content=\"summary_large_image\" \/>\n<meta name=\"twitter:label1\" content=\"Tempo estimado de leitura\" \/>\n\t<meta name=\"twitter:data1\" content=\"3 minutos\" \/>\n<!-- \/ Yoast SEO plugin. -->","yoast_head_json":{"title":"Pinterest Feed - Adicionar aplicativo Pinterest ao site Shopify (2025)","description":"Projete um aplicativo Pinterest Feed responsivo para a loja Shopify. Com a demonstra\u00e7\u00e3o online mais r\u00e1pida, crie v\u00e1rios aplicativos em apenas tr\u00eas minutos.","robots":{"index":"index","follow":"follow","max-snippet":"max-snippet:-1","max-image-preview":"max-image-preview:large","max-video-preview":"max-video-preview:-1"},"canonical":"https:\/\/elfsight.com\/pt\/pinterest-feed-widget\/shopify\/","og_locale":"pt_PT","og_type":"article","og_title":"Pinterest Feed - Adicionar aplicativo Pinterest ao site Shopify (2025)","og_description":"Projete um aplicativo Pinterest Feed responsivo para a loja Shopify. Com a demonstra\u00e7\u00e3o online mais r\u00e1pida, crie v\u00e1rios aplicativos em apenas tr\u00eas minutos.","og_url":"https:\/\/elfsight.com\/pt\/pinterest-feed-widget\/shopify\/","og_site_name":"Elfsight PT","article_modified_time":"2024-11-13T12:10:13+00:00","twitter_card":"summary_large_image","twitter_misc":{"Tempo estimado de leitura":"3 minutos"},"schema":{"@context":"https:\/\/schema.org","@graph":[{"@type":"WebPage","@id":"https:\/\/elfsight.com\/pt\/pinterest-feed-widget\/shopify\/","url":"https:\/\/elfsight.com\/pt\/pinterest-feed-widget\/shopify\/","name":"Pinterest Feed - Adicionar aplicativo Pinterest ao site Shopify (2025)","isPartOf":{"@id":"https:\/\/elfsight.com\/pt\/#website"},"datePublished":"1970-01-01T00:00:00+00:00","dateModified":"2024-11-13T12:10:13+00:00","description":"Projete um aplicativo Pinterest Feed responsivo para a loja Shopify. Com a demonstra\u00e7\u00e3o online mais r\u00e1pida, crie v\u00e1rios aplicativos em apenas tr\u00eas minutos.","breadcrumb":{"@id":"https:\/\/elfsight.com\/pt\/pinterest-feed-widget\/shopify\/#breadcrumb"},"inLanguage":"pt-PT","potentialAction":[{"@type":"ReadAction","target":["https:\/\/elfsight.com\/pt\/pinterest-feed-widget\/shopify\/"]}]},{"@type":"BreadcrumbList","@id":"https:\/\/elfsight.com\/pt\/pinterest-feed-widget\/shopify\/#breadcrumb","itemListElement":[{"@type":"ListItem","position":1,"name":"Home","item":"https:\/\/elfsight.com\/pt\/"},{"@type":"ListItem","position":2,"name":"Pinterest Feed","item":"https:\/\/elfsight.com\/pt\/pinterest-feed-widget\/"},{"@type":"ListItem","position":3,"name":"Pinterest Feed &#8211; Shopify"}]},{"@type":"WebSite","@id":"https:\/\/elfsight.com\/pt\/#website","url":"https:\/\/elfsight.com\/pt\/","name":"Elfsight PT","description":"Just another Elfsight Sites site","potentialAction":[{"@type":"SearchAction","target":{"@type":"EntryPoint","urlTemplate":"https:\/\/elfsight.com\/pt\/?s={search_term_string}"},"query-input":{"@type":"PropertyValueSpecification","valueRequired":true,"valueName":"search_term_string"}}],"inLanguage":"pt-PT"}]}},"meta_box":{"industry":"","seo_heading":"","heading":"","description":"","cta_heading":"","cta_description":"","application":"1198","h1":"Aplicativo Shopify Pinterest Feed","h1_caption":"Transforme os visitantes do seu site em seguidores do Pinterest","application_category":[],"applications_title":"","applications_request_title":"","applications_request_button_text":"","hero_text":"","hero_video":"","hero_video_schema_markup":"","selling_points_title":"","selling_points_caption":"","selling_points":[],"selling_points_cta_text":"","features_title":"","features":"","ed_cta_examples_text":"","ed_cta_examples_hidden":"","ed_cta_demo_text":"","ed_cta_demo_hidden":"","why_caption":"","why_editor_title":"","why_editor_text":"","why_team_title":"","why_team_text":"","why_service_title":"","why_service_text":"","template_catalog_visible":"","template_catalog_title":"","template_catalog_text":"","template_catalog_categories_visible":"","demo_title":"Crie seu aplicativo de feed do Pinterest","demo_caption":"Configure seu Pinterest Feed e adicione-o ao seu site Shopify gratuitamente!","default_faq_hidden":"","app_template_category":[],"platform":"64","template_public_id":"","codecanyon_url":"","codecanyon_item_id":"","codecanyon_price":"","pricing_caption":"","pricing_elfsight_apps_hide_column":"","pricing_elfsight_apps_url":"","pricing_codecanyon_price_caption":"","integration_category":[],"integration_request_title":"","integration_request_cta":"","integration_platform":"","integrations":[],"platform_category":[],"video_schema_markup":"","price":"a partir de US$ 0\/m\u00eas","trial":"","benefits":[{"text":"Servi\u00e7o de instala\u00e7\u00e3o gratuito"},{"text":"Suporte premium"},{"text":"Garantia de devolu\u00e7\u00e3o do dinheiro em 14 dias"},{"text":"Atualiza\u00e7\u00f5es gratuitas cont\u00ednuas"}],"button_url":"#demo","button_target_blank":"","button_nofollow":"","attributes":[{"name":"Instala\u00e7\u00f5es","content":"10,000 - 100,000"},{"name":"Responsivo","content":"Sim"},{"name":"Navegadores compat\u00edveis","content":"Firefox, Safari, Opera, Chrome, Edge"}],"tags":[],"tags_disable_links":"","hide_more_platforms":"","video_object":"","demo_hide_cta":"","demo_hide_cloud_options":"","pricing_title":"","pricing":[{"pricing_icon":"cloud","pricing_title":"Elfsight Apps","pricing_title_caption":"Vers\u00e3o multiplataforma que funciona em qualquer site","pricing_price":"a partir de US$ 0\/m\u00eas","pricing_price_caption":"comece com plano gratuito","pricing_benefits":[{"text":"Sites ilimitados"},{"text":"Suporte premium"},{"text":"Suporte premium"},{"text":"Oferta especial para v\u00e1rios aplicativos"}],"pricing_button_text":"Adicionar ao site","pricing_button_url":"#demo"}],"related_apps_title":"","related_apps_hidden":"","author":"","image":[],"title":"","job":"","social_networks":[]},"_links":{"self":[{"href":"https:\/\/elfsight.com\/pt\/wp-json\/wp\/v2\/pages\/7401","targetHints":{"allow":["GET"]}}],"collection":[{"href":"https:\/\/elfsight.com\/pt\/wp-json\/wp\/v2\/pages"}],"about":[{"href":"https:\/\/elfsight.com\/pt\/wp-json\/wp\/v2\/types\/page"}],"author":[{"embeddable":true,"href":"https:\/\/elfsight.com\/pt\/wp-json\/wp\/v2\/users\/9"}],"replies":[{"embeddable":true,"href":"https:\/\/elfsight.com\/pt\/wp-json\/wp\/v2\/comments?post=7401"}],"version-history":[{"count":2,"href":"https:\/\/elfsight.com\/pt\/wp-json\/wp\/v2\/pages\/7401\/revisions"}],"predecessor-version":[{"id":12063,"href":"https:\/\/elfsight.com\/pt\/wp-json\/wp\/v2\/pages\/7401\/revisions\/12063"}],"up":[{"embeddable":true,"href":"https:\/\/elfsight.com\/pt\/wp-json\/wp\/v2\/pages\/1199"}],"wp:attachment":[{"href":"https:\/\/elfsight.com\/pt\/wp-json\/wp\/v2\/media?parent=7401"}],"curies":[{"name":"wp","href":"https:\/\/api.w.org\/{rel}","templated":true}]}}