{"id":7400,"date":"1970-01-01T00:00:00","date_gmt":"1970-01-01T00:00:00","guid":{"rendered":"https:\/\/elfsight.com\/pt\/?page_id=7400"},"modified":"2024-11-13T12:10:13","modified_gmt":"2024-11-13T12:10:13","slug":"opencart","status":"publish","type":"page","link":"https:\/\/elfsight.com\/pt\/pinterest-feed-widget\/opencart\/","title":{"rendered":"Pinterest Feed &#8211; OpenCart"},"content":{"rendered":"<div class=\"application-platform-content-item-description application-platform-content-item\" id=\"description\" data-nav-section=\"description\"><h2>Descri\u00e7\u00e3o<\/h2><p>O Elfsight Pinterest Feed permite exibir o seu perfil e quaisquer pins e pain\u00e9is do Pinterest no seu site. Com nossa extens\u00e3o, voc\u00ea pode n\u00e3o apenas incorporar sua conta, mas tamb\u00e9m selecionar pins e pain\u00e9is para estabelecer sele\u00e7\u00f5es de fotos para seu site. Exiba seus portf\u00f3lios, inspire seus futuros clientes a descobrir novas inspira\u00e7\u00f5es ou apenas adicione conte\u00fado visual ao seu site. Um widget flex\u00edvel ajudar\u00e1 voc\u00ea a ampliar a cobertura do seu conte\u00fado, aumentar o envolvimento dos visitantes do site e atrair mais assinantes no Pinterest.<\/p><p><b>Exiba seu perfil, mostre pain\u00e9is e escolha pins para demonstrar o visual mais atraente conte\u00fado em seu site!<\/b><\/p><ul><li><b>Obtenha novas vendas exibindo seus itens<\/b><br> Crie suas pr\u00f3prias galerias exclusivas de fotos com seus projetos, \u00faltimas tend\u00eancias e compras obrigat\u00f3rias para convencer as pessoas a comprar.<\/li><li><b>Atraia seguidores no Pinterest<\/b><br> Com o bot\u00e3o Seguir dispon\u00edvel no feed, mais usu\u00e1rios ter\u00e3o a oportunidade de se juntar aos seus seguidores. <\/li><li><b>Maior quantidade de recursos visuais que envolvem o usu\u00e1rio em seu site<\/b><br> Com a ajuda de pins e quadros \u00e0 sua disposi\u00e7\u00e3o, \u00e9 f\u00e1cil escolher o melhor conte\u00fado visual para seu site. envolva seus clientes.<\/li><\/ul><\/div><div class=\"application-platform-content-item-features application-platform-content-item\" id=\"features\" data-nav-section=\"features\"><h2>Recursos<\/h2><p>Por que nossa extens\u00e3o \u00e9 a melhor entre os widgets OpenCart eficazes? \u00c9 tudo uma quest\u00e3o de recursos:<\/p><ul><li>Mostrar o t\u00edtulo da conta, seguidores e contagens de seguidores.<\/li><li>Escolha a cor do tema principal;<\/li><li>Mostrar ou ocultar o cabe\u00e7alho; <\/li><li>Responsivo para dispositivos m\u00f3veis em qualquer tamanho e propor\u00e7\u00e3o.<\/li><\/ul><p><a href=\"#demo\">Confira todos os recursos na demonstra\u00e7\u00e3o ao vivo<\/a><\/p> <\/div><div class=\"application-platform-content-item-installation application-platform-content-item\" id=\"installation\" data-nav-section=\"installation\"><h2>Como adicionar o Pinterest Feed ao site OpenCart<\/h2><p>Basta seguir as instru\u00e7\u00f5es abaixo para ativar a extens\u00e3o no OpenCart.<\/p> <ol><li><b>Gerencie nosso configurador gratuito e comece a criar sua pr\u00f3pria extens\u00e3o. <\/b><br> Encontre a forma desej\u00e1vel e as caracter\u00edsticas funcionais do widget e aplique as corre\u00e7\u00f5es. <\/li> <li><b>Copie o seu c\u00f3digo exclusivo revelado no formul\u00e1rio especial nas aplica\u00e7\u00f5es Elfsight. <\/b><br> Ap\u00f3s o estabelecimento de sua extens\u00e3o pessoal do Pinterest Feed, copie o c\u00f3digo exclusivo do pop-up exibido e guarde-o para uso posterior. <\/li> <li><b>Comece a usar a ferramenta no seu site OpenCart. <\/b><br> Incorpore o c\u00f3digo que voc\u00ea salvou anteriormente em sua p\u00e1gina e aplique os ajustes. <\/li> <li><b>Pronto! A incorpora\u00e7\u00e3o \u00e9 totalmente executada. <\/b><br> V\u00e1 para sua p\u00e1gina para examinar como o widget est\u00e1 funcionando. <\/li><\/ol> <p>Trope\u00e7ou em alguma coisa ao aplicar o manual? Envie uma mensagem para o centro de suporte da Elfsight.<\/p><\/div><div class=\"faq\" data-component=\"FAQ\"><div class=\"faq-item\">\r\n\t\t\t\t\t<div class=\"faq-item-question\">\r\n\t\t\t\t\t\t<h3 class=\"faq-item-question-text\">Como posso incorporar o Pinterest Feed na minha p\u00e1gina OpenCart sem conhecimento de codifica\u00e7\u00e3o?<\/h3>\r\n\r\n\t\t\t\t\t\t<div class=\"faq-item-question-icon\"><\/div>\r\n\t\t\t\t\t<\/div>\r\n\r\n\t\t\t\t\t<div class=\"faq-item-answer\">\r\n\t\t\t\t\t\t<div class=\"faq-item-answer-text\"><p>A empresa Elfsight fornece uma solu\u00e7\u00e3o Cloud que permite aos utilizadores criarem voc\u00eas pr\u00f3prios um plugin de Feed do Pinterest. Veja os passos simples: <\/p><ul><li>Trabalhe no Editor ao vivo para criar um plugin de Feed do Pinterest que pretenda integre na p\u00e1gina da web do OpenCart.<\/li><li>Escolha um de nossos modelos pr\u00e9-concebidos e adapte as configura\u00e7\u00f5es do Pinterest Feed, altere o layout e as cores, inclua seu conte\u00fado sem qualquer experi\u00eancia de codifica\u00e7\u00e3o.<\/li><li> Salve o Pinterest Feed e obtenha o c\u00f3digo do widget para incorpora\u00e7\u00e3o, que pode ser facilmente colado em qualquer p\u00e1gina inicial do OpenCart dentro de um plano gratuito. <\/li><\/ul><p>Com a ajuda do nosso editor intuitivo, qualquer usu\u00e1rio da Internet pode criar um widget de feed do Pinterest e adicion\u00e1-lo facilmente a qualquer p\u00e1gina da web do OpenCart. Voc\u00ea n\u00e3o deve pagar ou divulgar os dados do seu cart\u00e3o para acessar o Elfsight Editor. Se voc\u00ea encontrar algum tipo de obst\u00e1culo, entre em contato com nossa equipe de suporte.<\/p><\/div>\r\n\t\t\t\t\t<\/div>\r\n\t\t\t\t<\/div><\/div>","protected":false},"excerpt":{"rendered":"","protected":false},"author":9,"featured_media":0,"parent":1199,"menu_order":0,"comment_status":"closed","ping_status":"closed","template":"templates\/template-application-platform.php","meta":{"publish_to_discourse":"","publish_post_category":"","wpdc_auto_publish_overridden":"","wpdc_topic_tags":"","wpdc_pin_topic":"","wpdc_pin_until":"","discourse_post_id":"","discourse_permalink":"","wpdc_publishing_response":"","wpdc_publishing_error":"","footnotes":""},"class_list":["post-7400","page","type-page","status-publish","hentry"],"yoast_head":"<!-- This site is optimized with the Yoast SEO plugin v25.3.1 - https:\/\/yoast.com\/wordpress\/plugins\/seo\/ -->\n<title>Pinterest Feed - Adicionar extens\u00e3o do Pinterest ao site OpenCart (2025)<\/title>\n<meta name=\"description\" content=\"Crie uma extens\u00e3o personalizada do Pinterest Feed para o seu site OpenCart. Confira o editor mais pr\u00e1tico para constru\u00e7\u00e3o de extens\u00f5es.\" \/>\n<meta name=\"robots\" content=\"index, follow, max-snippet:-1, max-image-preview:large, max-video-preview:-1\" \/>\n<link rel=\"canonical\" href=\"https:\/\/elfsight.com\/pt\/pinterest-feed-widget\/opencart\/\" \/>\n<meta property=\"og:locale\" content=\"pt_PT\" \/>\n<meta property=\"og:type\" content=\"article\" \/>\n<meta property=\"og:title\" content=\"Pinterest Feed - Adicionar extens\u00e3o do Pinterest ao site OpenCart (2025)\" \/>\n<meta property=\"og:description\" content=\"Crie uma extens\u00e3o personalizada do Pinterest Feed para o seu site OpenCart. Confira o editor mais pr\u00e1tico para constru\u00e7\u00e3o de extens\u00f5es.\" \/>\n<meta property=\"og:url\" content=\"https:\/\/elfsight.com\/pt\/pinterest-feed-widget\/opencart\/\" \/>\n<meta property=\"og:site_name\" content=\"Elfsight PT\" \/>\n<meta property=\"article:modified_time\" content=\"2024-11-13T12:10:13+00:00\" \/>\n<meta name=\"twitter:card\" content=\"summary_large_image\" \/>\n<meta name=\"twitter:label1\" content=\"Tempo estimado de leitura\" \/>\n\t<meta name=\"twitter:data1\" content=\"3 minutos\" \/>\n<!-- \/ Yoast SEO plugin. -->","yoast_head_json":{"title":"Pinterest Feed - Adicionar extens\u00e3o do Pinterest ao site OpenCart (2025)","description":"Crie uma extens\u00e3o personalizada do Pinterest Feed para o seu site OpenCart. Confira o editor mais pr\u00e1tico para constru\u00e7\u00e3o de extens\u00f5es.","robots":{"index":"index","follow":"follow","max-snippet":"max-snippet:-1","max-image-preview":"max-image-preview:large","max-video-preview":"max-video-preview:-1"},"canonical":"https:\/\/elfsight.com\/pt\/pinterest-feed-widget\/opencart\/","og_locale":"pt_PT","og_type":"article","og_title":"Pinterest Feed - Adicionar extens\u00e3o do Pinterest ao site OpenCart (2025)","og_description":"Crie uma extens\u00e3o personalizada do Pinterest Feed para o seu site OpenCart. Confira o editor mais pr\u00e1tico para constru\u00e7\u00e3o de extens\u00f5es.","og_url":"https:\/\/elfsight.com\/pt\/pinterest-feed-widget\/opencart\/","og_site_name":"Elfsight PT","article_modified_time":"2024-11-13T12:10:13+00:00","twitter_card":"summary_large_image","twitter_misc":{"Tempo estimado de leitura":"3 minutos"},"schema":{"@context":"https:\/\/schema.org","@graph":[{"@type":"WebPage","@id":"https:\/\/elfsight.com\/pt\/pinterest-feed-widget\/opencart\/","url":"https:\/\/elfsight.com\/pt\/pinterest-feed-widget\/opencart\/","name":"Pinterest Feed - Adicionar extens\u00e3o do Pinterest ao site OpenCart (2025)","isPartOf":{"@id":"https:\/\/elfsight.com\/pt\/#website"},"datePublished":"1970-01-01T00:00:00+00:00","dateModified":"2024-11-13T12:10:13+00:00","description":"Crie uma extens\u00e3o personalizada do Pinterest Feed para o seu site OpenCart. Confira o editor mais pr\u00e1tico para constru\u00e7\u00e3o de extens\u00f5es.","breadcrumb":{"@id":"https:\/\/elfsight.com\/pt\/pinterest-feed-widget\/opencart\/#breadcrumb"},"inLanguage":"pt-PT","potentialAction":[{"@type":"ReadAction","target":["https:\/\/elfsight.com\/pt\/pinterest-feed-widget\/opencart\/"]}]},{"@type":"BreadcrumbList","@id":"https:\/\/elfsight.com\/pt\/pinterest-feed-widget\/opencart\/#breadcrumb","itemListElement":[{"@type":"ListItem","position":1,"name":"Home","item":"https:\/\/elfsight.com\/pt\/"},{"@type":"ListItem","position":2,"name":"Pinterest Feed","item":"https:\/\/elfsight.com\/pt\/pinterest-feed-widget\/"},{"@type":"ListItem","position":3,"name":"Pinterest Feed &#8211; OpenCart"}]},{"@type":"WebSite","@id":"https:\/\/elfsight.com\/pt\/#website","url":"https:\/\/elfsight.com\/pt\/","name":"Elfsight PT","description":"Just another Elfsight Sites site","potentialAction":[{"@type":"SearchAction","target":{"@type":"EntryPoint","urlTemplate":"https:\/\/elfsight.com\/pt\/?s={search_term_string}"},"query-input":{"@type":"PropertyValueSpecification","valueRequired":true,"valueName":"search_term_string"}}],"inLanguage":"pt-PT"}]}},"meta_box":{"industry":"","seo_heading":"","heading":"","description":"","cta_heading":"","cta_description":"","application":"1198","h1":"Extens\u00e3o OpenCart Pinterest Feed","h1_caption":"Integre o Pinterest ao seu site para aumentar o envolvimento dos visitantes","application_category":[],"applications_title":"","applications_request_title":"","applications_request_button_text":"","hero_text":"","hero_video":"","hero_video_schema_markup":"","selling_points_title":"","selling_points_caption":"","selling_points":[],"selling_points_cta_text":"","features_title":"","features":"","ed_cta_examples_text":"","ed_cta_examples_hidden":"","ed_cta_demo_text":"","ed_cta_demo_hidden":"","why_caption":"","why_editor_title":"","why_editor_text":"","why_team_title":"","why_team_text":"","why_service_title":"","why_service_text":"","template_catalog_visible":"","template_catalog_title":"","template_catalog_text":"","template_catalog_categories_visible":"","demo_title":"Crie sua extens\u00e3o de feed do Pinterest","demo_caption":"Configure seu Pinterest Feed e adicione-o ao seu site OpenCart gratuitamente!","default_faq_hidden":"","app_template_category":[],"platform":"61","template_public_id":"","codecanyon_url":"","codecanyon_item_id":"","codecanyon_price":"","pricing_caption":"","pricing_elfsight_apps_hide_column":"","pricing_elfsight_apps_url":"","pricing_codecanyon_price_caption":"","integration_category":[],"integration_request_title":"","integration_request_cta":"","integration_platform":"","integrations":[],"platform_category":[],"video_schema_markup":"","price":"a partir de US$ 0\/m\u00eas","trial":"","benefits":[{"text":"Assist\u00eancia de instala\u00e7\u00e3o gratuita"},{"text":"Atendimento ao cliente competente"},{"text":"Garantia de devolu\u00e7\u00e3o do dinheiro em 14 dias"},{"text":"Melhorias gratuitas vital\u00edcias"}],"button_url":"#demo","button_target_blank":"","button_nofollow":"","attributes":[{"name":"Instala\u00e7\u00f5es","content":"10,000 - 100,000"},{"name":"Responsivo","content":"Sim"},{"name":"Navegadores compat\u00edveis","content":"Edge, Firefox, Chrome, Opera, Safari"}],"tags":[],"tags_disable_links":"","hide_more_platforms":"","video_object":"","demo_hide_cta":"","demo_hide_cloud_options":"","pricing_title":"","pricing":[{"pricing_icon":"platform","pricing_title":"Elfsight Apps","pricing_title_caption":"Vers\u00e3o independente de plataforma que funciona em qualquer site","pricing_price":"a partir de US$ 0\/m\u00eas","pricing_price_caption":"comece com plano gratuito","pricing_benefits":[{"text":"Dom\u00ednios ilimitados"},{"text":"Suporte r\u00e1pido ao cliente"},{"text":"Suporte r\u00e1pido ao cliente"},{"text":"100% personaliz\u00e1vel"}],"pricing_button_text":"Adicionar ao site","pricing_button_url":"#demo"}],"related_apps_title":"","related_apps_hidden":"","author":"","image":[],"title":"","job":"","social_networks":[]},"_links":{"self":[{"href":"https:\/\/elfsight.com\/pt\/wp-json\/wp\/v2\/pages\/7400","targetHints":{"allow":["GET"]}}],"collection":[{"href":"https:\/\/elfsight.com\/pt\/wp-json\/wp\/v2\/pages"}],"about":[{"href":"https:\/\/elfsight.com\/pt\/wp-json\/wp\/v2\/types\/page"}],"author":[{"embeddable":true,"href":"https:\/\/elfsight.com\/pt\/wp-json\/wp\/v2\/users\/9"}],"replies":[{"embeddable":true,"href":"https:\/\/elfsight.com\/pt\/wp-json\/wp\/v2\/comments?post=7400"}],"version-history":[{"count":1,"href":"https:\/\/elfsight.com\/pt\/wp-json\/wp\/v2\/pages\/7400\/revisions"}],"predecessor-version":[{"id":7404,"href":"https:\/\/elfsight.com\/pt\/wp-json\/wp\/v2\/pages\/7400\/revisions\/7404"}],"up":[{"embeddable":true,"href":"https:\/\/elfsight.com\/pt\/wp-json\/wp\/v2\/pages\/1199"}],"wp:attachment":[{"href":"https:\/\/elfsight.com\/pt\/wp-json\/wp\/v2\/media?parent=7400"}],"curies":[{"name":"wp","href":"https:\/\/api.w.org\/{rel}","templated":true}]}}