{"id":7394,"date":"1970-01-01T00:00:00","date_gmt":"1970-01-01T00:00:00","guid":{"rendered":"https:\/\/elfsight.com\/pt\/?page_id=7394"},"modified":"2024-11-13T12:10:13","modified_gmt":"2024-11-13T12:10:13","slug":"html","status":"publish","type":"page","link":"https:\/\/elfsight.com\/pt\/pinterest-feed-widget\/html\/","title":{"rendered":"Pinterest Feed &#8211; HTML"},"content":{"rendered":"<div class=\"application-platform-content-item-description application-platform-content-item\" id=\"description\" data-nav-section=\"description\"><h2>Descri\u00e7\u00e3o<\/h2><p>Com o Pinterest Feed da Elfsight, voc\u00ea pode adicionar facilmente ao seu site conte\u00fado visual fascinante do Pinterest. O c\u00f3digo do Pinterest da Elfsight permite integrar pins, pain\u00e9is e sua conta completa no site. Atraia seus usu\u00e1rios usando imagens cuidadosamente selecionadas, pain\u00e9is tem\u00e1ticos e suas pr\u00f3prias galerias exclusivas. Obtenha uma melhor cobertura de suas fotos, aumente o engajamento em seu site e ao mesmo tempo consiga novos seguidores para seu perfil no Pinterest.<\/p><p><b> Acompanhe o conte\u00fado do seu site com recursos visuais do Pinterest. \u00c9 r\u00e1pido e f\u00e1cil.<\/b><\/p><ul><li><b>Obtenha mais vendas exibindo suas ofertas<\/b><br> Demonstre seus pr\u00f3prios conjuntos de fotos com design exclusivo com seus itens em promo\u00e7\u00e3o ou mais recentes tend\u00eancias e itens essenciais para fazer as pessoas descobrirem o que comprar.<\/li><li><b>Obtenha um melhor alcance social de suas imagens<\/b><br> D\u00ea uma oportunidade para pessoas que n\u00e3o est\u00e3o no Pinterest terem uma observe o conte\u00fado cuidadosamente escolhido, demonstrando-o no site.<\/li><li><b>Aumente o n\u00famero de vendas com recursos visuais atraentes<\/b><br> Selecione as melhores imagens de seus itens; demonstre as mais recentes tend\u00eancias e imagens inspiradoras para fazer as pessoas quererem comprar.<\/li><\/ul><\/div><div class=\"application-platform-content-item-features application-platform-content-item\" id=\"features\" data-nav-section=\"features\"><h2>Recursos<\/h2><p>Quais vantagens tornam o plugin Elfsight o melhor para cada site HTML? Descubra nossas caracter\u00edsticas mais importantes:<\/p><ul><li>Mostrar o t\u00edtulo da conta, seguidores e contagem de seguidores;<\/li><li>22 idiomas populares dispon\u00edveis;<\/li><li>Bot\u00e3o Seguir no cabe\u00e7alho para acompanhamento cont\u00ednuo de sua conta;<\/li><li>Clique na imagem para abri-la no Pinterest.<\/li><\/ul><p><a href=\"#demo\">Conhe\u00e7a os recursos mais importantes no configurador Elfsight<\/a><\/p><\/div><div class=\"application-platform-content-item-installation application-platform-content-item\" id=\"installation\" data-nav-section=\"installation\"><h2>Como adicionar o c\u00f3digo do Pinterest Feed ao site HTML<\/h2><div class=\"video-container\"><iframe width=\"720\" height=\"405\" src=\"https:\/\/www.youtube.com\/embed\/mhubNke0YcQ\"><\/iframe><\/div><p>A a dura\u00e7\u00e3o completa da instala\u00e7\u00e3o \u00e9 de apenas 1 minuto e, al\u00e9m disso, n\u00e3o requer conhecimento de programa\u00e7\u00e3o.<\/p><ol><li><b>Crie seu widget exclusivo de feed do Pinterest<\/b><br> Por meio de nosso configurador gratuito, crie um plugin com o modelo e op\u00e7\u00f5es desejadas.<\/li><li><b>Adquira um c\u00f3digo para configurar o plugin<\/b><br> Ap\u00f3s a configura\u00e7\u00e3o do widget, obtenha um c\u00f3digo para Plugin do Pinterest a partir da notifica\u00e7\u00e3o que aparece nas aplica\u00e7\u00f5es Elfsight. Salve-o para uso posterior.<\/li><li><b>Exiba o widget na p\u00e1gina HTML<\/b><br> Inicie o c\u00f3digo da p\u00e1gina no editor HTML e integre o widget em qualquer lugar que voc\u00ea precisar (conte\u00fado, rodap\u00e9, barra lateral etc.) e aplique as edi\u00e7\u00f5es.<\/li><li><b>A instala\u00e7\u00e3o foi conclu\u00edda<\/b><br> Acesse o site para verificar seu widget.<\/li><\/ol><p>Encontrou dificuldades na execu\u00e7\u00e3o do manual? Deixe uma mensagem para nosso centro de suporte.<\/p><\/div><div class=\"faq\" data-component=\"FAQ\"><div class=\"faq-item\">\r\n\t\t\t\t\t<div class=\"faq-item-question\">\r\n\t\t\t\t\t\t<h3 class=\"faq-item-question-text\">De que forma \u00e9 poss\u00edvel incorporar o Pinterest Feed ao meu site HTML sem codifica\u00e7\u00e3o ?<\/h3>\r\n\r\n\t\t\t\t\t\t<div class=\"faq-item-question-icon\"><\/div>\r\n\t\t\t\t\t<\/div>\r\n\r\n\t\t\t\t\t<div class=\"faq-item-answer\">\r\n\t\t\t\t\t\t<div class=\"faq-item-answer-text\"><p>A empresa Elfsight fornece uma solu\u00e7\u00e3o SaaS que permite que um p\u00fablico amplo crie voc\u00ea mesmo uma se\u00e7\u00e3o de Feed do Pinterest. Veja como \u00e9 f\u00e1cil: <\/p><ul><li>Trabalhe diretamente no Editor ao vivo para criar um Feed do Pinterest aplicativo que voc\u00ea gostaria que aparecesse no site HTML.<\/li><li>Escolha um dos modelos pr\u00e9-concebidos e ajuste as configura\u00e7\u00f5es do Pinterest Feed, transforme o layout e as cores, inclua seu conte\u00fado sem conhecimento de codifica\u00e7\u00e3o.<\/li><li>Clique para salvar o Pinterest Feed e copiar o c\u00f3digo do widget para instala\u00e7\u00e3o, que voc\u00ea pode simplesmente adicionar gratuitamente em sua p\u00e1gina inicial HTML. <\/li><\/ul><p>Com a ajuda do nosso configurador intuitivo, qualquer usu\u00e1rio da Internet pode gerar uma se\u00e7\u00e3o de feed do Pinterest on-line e adicion\u00e1-la facilmente ao site HTML. Voc\u00ea n\u00e3o deve obter uma assinatura paga ou divulgar as credenciais do seu cart\u00e3o para acessar nosso Editor. Se voc\u00ea encontrar algum obst\u00e1culo em qualquer etapa, sinta-se \u00e0 vontade para entrar em contato com nossa equipe de suporte.<\/p><\/div>\r\n\t\t\t\t\t<\/div>\r\n\t\t\t\t<\/div><\/div>","protected":false},"excerpt":{"rendered":"","protected":false},"author":9,"featured_media":0,"parent":1199,"menu_order":0,"comment_status":"closed","ping_status":"closed","template":"templates\/template-application-platform.php","meta":{"publish_to_discourse":"","publish_post_category":"","wpdc_auto_publish_overridden":"","wpdc_topic_tags":"","wpdc_pin_topic":"","wpdc_pin_until":"","discourse_post_id":"","discourse_permalink":"","wpdc_publishing_response":"","wpdc_publishing_error":"","footnotes":""},"class_list":["post-7394","page","type-page","status-publish","hentry"],"yoast_head":"<!-- This site is optimized with the Yoast SEO plugin v25.3.1 - https:\/\/yoast.com\/wordpress\/plugins\/seo\/ -->\n<title>Widget HTML Pinterest Feed - Adicionar c\u00f3digo do Pinterest ao site HTML<\/title>\n<meta name=\"description\" content=\"Integre o c\u00f3digo do widget Pinterest Feed em HTML em apenas 1 minuto. Experimente todos os principais recursos do melhor plugin do Pinterest em um configurador gratuito.\" \/>\n<meta name=\"robots\" content=\"index, follow, max-snippet:-1, max-image-preview:large, max-video-preview:-1\" \/>\n<link rel=\"canonical\" href=\"https:\/\/elfsight.com\/pt\/pinterest-feed-widget\/html\/\" \/>\n<meta property=\"og:locale\" content=\"pt_PT\" \/>\n<meta property=\"og:type\" content=\"article\" \/>\n<meta property=\"og:title\" content=\"Widget HTML Pinterest Feed - Adicionar c\u00f3digo do Pinterest ao site HTML\" \/>\n<meta property=\"og:description\" content=\"Integre o c\u00f3digo do widget Pinterest Feed em HTML em apenas 1 minuto. Experimente todos os principais recursos do melhor plugin do Pinterest em um configurador gratuito.\" \/>\n<meta property=\"og:url\" content=\"https:\/\/elfsight.com\/pt\/pinterest-feed-widget\/html\/\" \/>\n<meta property=\"og:site_name\" content=\"Elfsight PT\" \/>\n<meta property=\"article:modified_time\" content=\"2024-11-13T12:10:13+00:00\" \/>\n<meta name=\"twitter:card\" content=\"summary_large_image\" \/>\n<meta name=\"twitter:label1\" content=\"Tempo estimado de leitura\" \/>\n\t<meta name=\"twitter:data1\" content=\"3 minutos\" \/>\n<!-- \/ Yoast SEO plugin. -->","yoast_head_json":{"title":"Widget HTML Pinterest Feed - Adicionar c\u00f3digo do Pinterest ao site HTML","description":"Integre o c\u00f3digo do widget Pinterest Feed em HTML em apenas 1 minuto. Experimente todos os principais recursos do melhor plugin do Pinterest em um configurador gratuito.","robots":{"index":"index","follow":"follow","max-snippet":"max-snippet:-1","max-image-preview":"max-image-preview:large","max-video-preview":"max-video-preview:-1"},"canonical":"https:\/\/elfsight.com\/pt\/pinterest-feed-widget\/html\/","og_locale":"pt_PT","og_type":"article","og_title":"Widget HTML Pinterest Feed - Adicionar c\u00f3digo do Pinterest ao site HTML","og_description":"Integre o c\u00f3digo do widget Pinterest Feed em HTML em apenas 1 minuto. Experimente todos os principais recursos do melhor plugin do Pinterest em um configurador gratuito.","og_url":"https:\/\/elfsight.com\/pt\/pinterest-feed-widget\/html\/","og_site_name":"Elfsight PT","article_modified_time":"2024-11-13T12:10:13+00:00","twitter_card":"summary_large_image","twitter_misc":{"Tempo estimado de leitura":"3 minutos"},"schema":{"@context":"https:\/\/schema.org","@graph":[{"@type":"WebPage","@id":"https:\/\/elfsight.com\/pt\/pinterest-feed-widget\/html\/","url":"https:\/\/elfsight.com\/pt\/pinterest-feed-widget\/html\/","name":"Widget HTML Pinterest Feed - Adicionar c\u00f3digo do Pinterest ao site HTML","isPartOf":{"@id":"https:\/\/elfsight.com\/pt\/#website"},"datePublished":"1970-01-01T00:00:00+00:00","dateModified":"2024-11-13T12:10:13+00:00","description":"Integre o c\u00f3digo do widget Pinterest Feed em HTML em apenas 1 minuto. Experimente todos os principais recursos do melhor plugin do Pinterest em um configurador gratuito.","breadcrumb":{"@id":"https:\/\/elfsight.com\/pt\/pinterest-feed-widget\/html\/#breadcrumb"},"inLanguage":"pt-PT","potentialAction":[{"@type":"ReadAction","target":["https:\/\/elfsight.com\/pt\/pinterest-feed-widget\/html\/"]}]},{"@type":"BreadcrumbList","@id":"https:\/\/elfsight.com\/pt\/pinterest-feed-widget\/html\/#breadcrumb","itemListElement":[{"@type":"ListItem","position":1,"name":"Home","item":"https:\/\/elfsight.com\/pt\/"},{"@type":"ListItem","position":2,"name":"Pinterest Feed","item":"https:\/\/elfsight.com\/pt\/pinterest-feed-widget\/"},{"@type":"ListItem","position":3,"name":"Pinterest Feed &#8211; HTML"}]},{"@type":"WebSite","@id":"https:\/\/elfsight.com\/pt\/#website","url":"https:\/\/elfsight.com\/pt\/","name":"Elfsight PT","description":"Just another Elfsight Sites site","potentialAction":[{"@type":"SearchAction","target":{"@type":"EntryPoint","urlTemplate":"https:\/\/elfsight.com\/pt\/?s={search_term_string}"},"query-input":{"@type":"PropertyValueSpecification","valueRequired":true,"valueName":"search_term_string"}}],"inLanguage":"pt-PT"}]}},"meta_box":{"industry":"","seo_heading":"","heading":"","description":"","cta_heading":"","cta_description":"","application":"1198","h1":"Widget de feed HTML do Pinterest","h1_caption":"Integre o Pinterest ao site para maior envolvimento do visitante","application_category":[],"applications_title":"","applications_request_title":"","applications_request_button_text":"","hero_text":"","hero_video":"","hero_video_schema_markup":"","selling_points_title":"","selling_points_caption":"","selling_points":[],"selling_points_cta_text":"","features_title":"","features":"","ed_cta_examples_text":"","ed_cta_examples_hidden":"","ed_cta_demo_text":"","ed_cta_demo_hidden":"","why_caption":"","why_editor_title":"","why_editor_text":"","why_team_title":"","why_team_text":"","why_service_title":"","why_service_text":"","template_catalog_visible":"","template_catalog_title":"","template_catalog_text":"","template_catalog_categories_visible":"","demo_title":"Crie seu widget de feed do Pinterest","demo_caption":"Configure seu feed do Pinterest e adicione-o ao seu site HTML gratuitamente!","default_faq_hidden":"","app_template_category":[],"platform":"49","template_public_id":"","codecanyon_url":"","codecanyon_item_id":"","codecanyon_price":"","pricing_caption":"","pricing_elfsight_apps_hide_column":"","pricing_elfsight_apps_url":"","pricing_codecanyon_price_caption":"","integration_category":[],"integration_request_title":"","integration_request_cta":"","integration_platform":"","integrations":[],"platform_category":[],"video_schema_markup":"","price":"a partir de US$ 0\/m\u00eas","trial":"","benefits":[{"text":"Assist\u00eancia de instala\u00e7\u00e3o gratuita"},{"text":"Suporte excepcional"},{"text":"Garantia de reembolso de 14 dias"},{"text":"Atualiza\u00e7\u00f5es regulares"}],"button_url":"#demo","button_target_blank":"","button_nofollow":"","attributes":[{"name":"Instala\u00e7\u00f5es","content":"10,000 - 100,000"},{"name":"Responsivo","content":"Sim"},{"name":"Navegadores compat\u00edveis","content":"Firefox, Safari, Opera, Chrome, Edge"}],"tags":[],"tags_disable_links":"","hide_more_platforms":"","video_object":"","demo_hide_cta":"","demo_hide_cloud_options":"","pricing_title":"","pricing":[{"pricing_icon":"platform","pricing_title":"Elfsight Apps","pricing_title_caption":"Software multiplataforma adequado para qualquer site","pricing_price":"a partir de US$ 0\/m\u00eas","pricing_price_caption":"comece com plano gratuito","pricing_benefits":[{"text":"Sites ilimitados"},{"text":"Suporte premium e pontual"},{"text":"Suporte premium e pontual"},{"text":"Oferta especial para v\u00e1rios aplicativos"}],"pricing_button_text":"Adicionar ao site","pricing_button_url":"#demo"}],"related_apps_title":"","related_apps_hidden":"","author":"","image":[],"title":"","job":"","social_networks":[]},"_links":{"self":[{"href":"https:\/\/elfsight.com\/pt\/wp-json\/wp\/v2\/pages\/7394","targetHints":{"allow":["GET"]}}],"collection":[{"href":"https:\/\/elfsight.com\/pt\/wp-json\/wp\/v2\/pages"}],"about":[{"href":"https:\/\/elfsight.com\/pt\/wp-json\/wp\/v2\/types\/page"}],"author":[{"embeddable":true,"href":"https:\/\/elfsight.com\/pt\/wp-json\/wp\/v2\/users\/9"}],"replies":[{"embeddable":true,"href":"https:\/\/elfsight.com\/pt\/wp-json\/wp\/v2\/comments?post=7394"}],"version-history":[{"count":1,"href":"https:\/\/elfsight.com\/pt\/wp-json\/wp\/v2\/pages\/7394\/revisions"}],"predecessor-version":[{"id":7398,"href":"https:\/\/elfsight.com\/pt\/wp-json\/wp\/v2\/pages\/7394\/revisions\/7398"}],"up":[{"embeddable":true,"href":"https:\/\/elfsight.com\/pt\/wp-json\/wp\/v2\/pages\/1199"}],"wp:attachment":[{"href":"https:\/\/elfsight.com\/pt\/wp-json\/wp\/v2\/media?parent=7394"}],"curies":[{"name":"wp","href":"https:\/\/api.w.org\/{rel}","templated":true}]}}