{"id":7393,"date":"1970-01-01T00:00:00","date_gmt":"1970-01-01T00:00:00","guid":{"rendered":"https:\/\/elfsight.com\/pt\/?page_id=7393"},"modified":"2025-02-25T12:27:08","modified_gmt":"2025-02-25T12:27:08","slug":"magento","status":"publish","type":"page","link":"https:\/\/elfsight.com\/pt\/pinterest-feed-widget\/magento\/","title":{"rendered":"Pinterest Feed &#8211; Magento"},"content":{"rendered":"\n<div class=\"application-platform-content-item-description application-platform-content-item\" id=\"description\" data-nav-section=\"description\"><h2>Descri\u00e7\u00e3o<\/h2><p>A extens\u00e3o Pinterest da Elfsight permite exibir a sua conta e quaisquer pins e pain\u00e9is do Pinterest no seu site. Com nossa ferramenta, voc\u00ea pode n\u00e3o apenas incorporar seu perfil, mas tamb\u00e9m classificar pins e pain\u00e9is para demonstrar cole\u00e7\u00f5es de recursos visuais para seu site. Exiba suas ofertas, estimule seus futuros clientes a descobrir novidades ou apenas escolha lindas imagens para seu site. Um widget flex\u00edvel ajudar\u00e1 voc\u00ea a ampliar a cobertura de seus materiais visuais, aumentar o envolvimento do site e atrair mais assinantes para o Pinterest.<\/p><p><b> Adicione ao seu site conte\u00fado visual do Pinterest com rapidez e sem esfor\u00e7o.<\/b> <\/p><ul><li><b>Atraia vendas demonstrando seus itens<\/b><br> Fa\u00e7a suas pr\u00f3prias galerias originais de fotos com seus trabalhos ou \u00faltimas tend\u00eancias e itens essenciais para inspirar as pessoas a comprar. <\/li><li><b>Amplie a cobertura social do seu conte\u00fado<\/b><br> Conceda aos usu\u00e1rios que n\u00e3o est\u00e3o no Pinterest a chance de dar uma olhada no seu conte\u00fado fascinante, revelando-o no site.<\/li><li><b>Fortale\u00e7a o n\u00famero de vendas com a ajuda de imagens geradoras de vendas<\/b><br> Escolha as imagens mais atraentes de suas ofertas; exiba as tend\u00eancias mais recentes e imagens inspiradoras para fazer os usu\u00e1rios quererem comprar.<\/li><\/ul><\/div><div class=\"application-platform-content-item-features application-platform-content-item\" id=\"features\" data-nav-section=\"features\"><h2>Recursos<\/h2><p>Aqui est\u00e3o as fun\u00e7\u00f5es que torne nossa extens\u00e3o a melhor para cada site Magento:<\/p><ul><li>Exiba pins, pain\u00e9is e integre sua conta do Pinterest;<\/li><li>Escolha a largura e a altura do widget;<\/li><li>Mostrar ou ocultar cabe\u00e7alho;<\/li><li>Exibir ou ocultar quadros e contagens de pins.<\/li><\/ul><p><a href=\"#demo\">Ver todos os recursos<\/a> <\/p><\/div><div class=\"application-platform-content-item-installation application-platform-content-item\" id=\"installation\" data-nav-section=\"installation\"><h2>Como adicionar o Pinterest Feed ao site Magento<\/h2><p>Basta seguir algumas etapas abaixo para incorporar o widget no Magento.<\/p> <ol><li><b>Inicie nossa demonstra\u00e7\u00e3o gratuita e comece a criar seu instrumento personalizado. <\/b><br> Especifique a interface e os aspectos preferenciais do widget e aplique as edi\u00e7\u00f5es. <\/li> <li><b>Receba o seu c\u00f3digo exclusivo apresentado no formul\u00e1rio especial nas aplica\u00e7\u00f5es Elfsight. <\/b><br> Quando a personaliza\u00e7\u00e3o da sua extens\u00e3o pessoal do Pinterest Feed estiver conclu\u00edda, copie o c\u00f3digo individual da caixa exibida e guarde-o para ocasi\u00f5es posteriores. <\/li> <li><b>Comece a usar a extens\u00e3o no site Magento. <\/b><br> Adicione o c\u00f3digo copiado anteriormente em sua p\u00e1gina web e aplique as modifica\u00e7\u00f5es. <\/li> <li><b>A instala\u00e7\u00e3o foi realizada com sucesso. <\/b><br> Acesse sua p\u00e1gina web para ver o funcionamento do widget. <\/li><\/ol><p>N\u00e3o \u00e9 poss\u00edvel criar ou exibir a extens\u00e3o em um site? Acesse nossa central de ajuda.<\/p><\/div><div class=\"faq\" data-component=\"FAQ\"><div class=\"faq-item\">\r\n\t\t\t\t\t<div class=\"faq-item-question\">\r\n\t\t\t\t\t\t<h3 class=\"faq-item-question-text\">De que maneira posso adicionar Pinterest Feed ao meu Magento sem codifica\u00e7\u00e3o?<\/h3>\r\n\r\n\t\t\t\t\t\t<div class=\"faq-item-question-icon\"><\/div>\r\n\t\t\t\t\t<\/div>\r\n\r\n\t\t\t\t\t<div class=\"faq-item-answer\">\r\n\t\t\t\t\t\t<div class=\"faq-item-answer-text\"><p>A empresa Elfsight oferece uma solu\u00e7\u00e3o que permite que as pessoas criem voc\u00ea mesmo um aplicativo Pinterest Feed. Confira o guia f\u00e1cil: <\/p><ul><li>Trabalhe na demonstra\u00e7\u00e3o on-line para estabelecer um aplicativo Pinterest Feed que voc\u00ea gostaria de incorporar no site Magento .<\/li><li>Escolha um dos modelos predefinidos e altere as configura\u00e7\u00f5es do Pinterest Feed, adicione seu conte\u00fado, altere o layout e as cores sem habilidades de codifica\u00e7\u00e3o.<\/li><li>Clique para salvar o Pinterest Feed e obter o plugin c\u00f3digo para incorpora\u00e7\u00e3o, que voc\u00ea pode adicionar facilmente em qualquer p\u00e1gina inicial do Magento usando um plano gratuito. <\/li><\/ul><p>Trabalhando no editor intuitivo, qualquer usu\u00e1rio da web pode criar o plugin Pinterest Feed on-line e adicion\u00e1-lo facilmente a qualquer site Magento. N\u00e3o \u00e9 necess\u00e1rio adquirir um plano pago ou divulgar os dados do seu cart\u00e3o para entrar em nosso Editor. Se voc\u00ea encontrar qualquer tipo de problema, sinta-se \u00e0 vontade para falar com nossa equipe de suporte.<\/p><\/div>\r\n\t\t\t\t\t<\/div>\r\n\t\t\t\t<\/div><\/div>\n","protected":false},"excerpt":{"rendered":"","protected":false},"author":9,"featured_media":0,"parent":1199,"menu_order":0,"comment_status":"closed","ping_status":"closed","template":"templates\/template-application-platform.php","meta":{"publish_to_discourse":"","publish_post_category":"","wpdc_auto_publish_overridden":"","wpdc_topic_tags":"","wpdc_pin_topic":"","wpdc_pin_until":"","discourse_post_id":"","discourse_permalink":"","wpdc_publishing_response":"","wpdc_publishing_error":"","footnotes":""},"class_list":["post-7393","page","type-page","status-publish","hentry"],"yoast_head":"<!-- This site is optimized with the Yoast SEO plugin v25.3.1 - https:\/\/yoast.com\/wordpress\/plugins\/seo\/ -->\n<title>Pinterest Feed - Adicionar extens\u00e3o do Pinterest ao site Magento (2026)<\/title>\n<meta name=\"description\" content=\"Exiba uma extens\u00e3o Pinterest Feed em seu site Magento sem habilidades em web-dev. Use o pr\u00e1tico construtor Elfsight e crie seu widget pessoal.\" \/>\n<meta name=\"robots\" content=\"index, follow, max-snippet:-1, max-image-preview:large, max-video-preview:-1\" \/>\n<link rel=\"canonical\" href=\"https:\/\/elfsight.com\/pt\/pinterest-feed-widget\/magento\/\" \/>\n<meta property=\"og:locale\" content=\"pt_PT\" \/>\n<meta property=\"og:type\" content=\"article\" \/>\n<meta property=\"og:title\" content=\"Pinterest Feed - Adicionar extens\u00e3o do Pinterest ao site Magento (2026)\" \/>\n<meta property=\"og:description\" content=\"Exiba uma extens\u00e3o Pinterest Feed em seu site Magento sem habilidades em web-dev. Use o pr\u00e1tico construtor Elfsight e crie seu widget pessoal.\" \/>\n<meta property=\"og:url\" content=\"https:\/\/elfsight.com\/pt\/pinterest-feed-widget\/magento\/\" \/>\n<meta property=\"og:site_name\" content=\"Elfsight PT\" \/>\n<meta property=\"article:modified_time\" content=\"2025-02-25T12:27:08+00:00\" \/>\n<meta name=\"twitter:card\" content=\"summary_large_image\" \/>\n<meta name=\"twitter:label1\" content=\"Tempo estimado de leitura\" \/>\n\t<meta name=\"twitter:data1\" content=\"4 minutos\" \/>\n<!-- \/ Yoast SEO plugin. -->","yoast_head_json":{"title":"Pinterest Feed - Adicionar extens\u00e3o do Pinterest ao site Magento (2026)","description":"Exiba uma extens\u00e3o Pinterest Feed em seu site Magento sem habilidades em web-dev. Use o pr\u00e1tico construtor Elfsight e crie seu widget pessoal.","robots":{"index":"index","follow":"follow","max-snippet":"max-snippet:-1","max-image-preview":"max-image-preview:large","max-video-preview":"max-video-preview:-1"},"canonical":"https:\/\/elfsight.com\/pt\/pinterest-feed-widget\/magento\/","og_locale":"pt_PT","og_type":"article","og_title":"Pinterest Feed - Adicionar extens\u00e3o do Pinterest ao site Magento (2026)","og_description":"Exiba uma extens\u00e3o Pinterest Feed em seu site Magento sem habilidades em web-dev. Use o pr\u00e1tico construtor Elfsight e crie seu widget pessoal.","og_url":"https:\/\/elfsight.com\/pt\/pinterest-feed-widget\/magento\/","og_site_name":"Elfsight PT","article_modified_time":"2025-02-25T12:27:08+00:00","twitter_card":"summary_large_image","twitter_misc":{"Tempo estimado de leitura":"4 minutos"},"schema":{"@context":"https:\/\/schema.org","@graph":[{"@type":"WebPage","@id":"https:\/\/elfsight.com\/pt\/pinterest-feed-widget\/magento\/","url":"https:\/\/elfsight.com\/pt\/pinterest-feed-widget\/magento\/","name":"Pinterest Feed - Adicionar extens\u00e3o do Pinterest ao site Magento (2026)","isPartOf":{"@id":"https:\/\/elfsight.com\/pt\/#website"},"datePublished":"1970-01-01T00:00:00+00:00","dateModified":"2025-02-25T12:27:08+00:00","description":"Exiba uma extens\u00e3o Pinterest Feed em seu site Magento sem habilidades em web-dev. Use o pr\u00e1tico construtor Elfsight e crie seu widget pessoal.","breadcrumb":{"@id":"https:\/\/elfsight.com\/pt\/pinterest-feed-widget\/magento\/#breadcrumb"},"inLanguage":"pt-PT","potentialAction":[{"@type":"ReadAction","target":["https:\/\/elfsight.com\/pt\/pinterest-feed-widget\/magento\/"]}]},{"@type":"BreadcrumbList","@id":"https:\/\/elfsight.com\/pt\/pinterest-feed-widget\/magento\/#breadcrumb","itemListElement":[{"@type":"ListItem","position":1,"name":"Home","item":"https:\/\/elfsight.com\/pt\/"},{"@type":"ListItem","position":2,"name":"Pinterest Feed","item":"https:\/\/elfsight.com\/pt\/pinterest-feed-widget\/"},{"@type":"ListItem","position":3,"name":"Pinterest Feed &#8211; Magento"}]},{"@type":"WebSite","@id":"https:\/\/elfsight.com\/pt\/#website","url":"https:\/\/elfsight.com\/pt\/","name":"Elfsight PT","description":"Just another Elfsight Sites site","potentialAction":[{"@type":"SearchAction","target":{"@type":"EntryPoint","urlTemplate":"https:\/\/elfsight.com\/pt\/?s={search_term_string}"},"query-input":{"@type":"PropertyValueSpecification","valueRequired":true,"valueName":"search_term_string"}}],"inLanguage":"pt-PT"}]}},"meta_box":{"industry":"","seo_heading":"","heading":"","description":"","cta_heading":"","cta_description":"","application":"1198","h1":"Extens\u00e3o de feed do Magento Pinterest","h1_caption":"Colete as imagens mais inspiradoras para o seu site usando o Pinterest","application_category":[],"applications_title":"","applications_request_title":"","applications_request_button_text":"","hero_text":"","hero_video":"","hero_video_schema_markup":"","selling_points_title":"","selling_points_caption":"","selling_points":[],"selling_points_cta_text":"","features_title":"","features":"","ed_cta_examples_text":"","ed_cta_examples_hidden":"","ed_cta_demo_text":"","ed_cta_demo_hidden":"","why_caption":"","why_editor_title":"","why_editor_text":"","why_team_title":"","why_team_text":"","why_service_title":"","why_service_text":"","template_catalog_visible":"0","template_catalog_title":"","template_catalog_text":"","template_catalog_categories_visible":"","demo_title":"Crie sua extens\u00e3o de feed do Pinterest","demo_caption":"Configure seu Pinterest Feed e adicione-o ao seu site Magento gratuitamente!","default_faq_hidden":"","app_template_category":[],"platform":"58","template_public_id":"","codecanyon_url":"","codecanyon_item_id":"","codecanyon_price":"","pricing_caption":"","pricing_elfsight_apps_hide_column":"","pricing_elfsight_apps_url":"","pricing_codecanyon_price_caption":"","integration_category":[],"integration_request_title":"","integration_request_cta":"","integration_platform":"","integrations":[],"platform_category":[],"video_schema_markup":"","price":"a partir de US$ 0\/m\u00eas","trial":"","benefits":[{"text":"Assist\u00eancia de instala\u00e7\u00e3o gratuita"},{"text":"Atendimento ao cliente competente"},{"text":"Garantia de reembolso de 14 dias"},{"text":"Atualiza\u00e7\u00f5es gratuitas regulares"}],"button_url":"#demo","button_target_blank":"0","button_nofollow":"0","attributes":[{"name":"Instala\u00e7\u00f5es","content":"10,000 - 100,000"},{"name":"Responsivo","content":"Sim"},{"name":"Navegadores compat\u00edveis","content":"Firefox, Safari, Opera, Chrome, Edge"}],"tags":[],"tags_disable_links":"0","hide_more_platforms":"0","video_object":"","demo_hide_cta":"0","demo_hide_cloud_options":"0","pricing_title":"","pricing":[{"pricing_icon":"platform","pricing_title":"Elfsight Apps","pricing_title_caption":"Software independente de plataforma","pricing_price":"a partir de US$ 0\/m\u00eas","pricing_price_caption":"comece com um plano gratuito","pricing_benefits":[{"text":"Dom\u00ednios ilimitados"},{"text":"Suporte dedicado, pontual e bem documentado"},{"text":"Suporte dedicado, pontual e bem documentado"},{"text":"Totalmente personaliz\u00e1vel"}],"pricing_button_text":"Adicionar ao site","pricing_button_url":"#demo"}],"related_apps_title":"","related_apps_hidden":"0","author":"","image":[],"title":"","job":"","social_networks":[]},"_links":{"self":[{"href":"https:\/\/elfsight.com\/pt\/wp-json\/wp\/v2\/pages\/7393","targetHints":{"allow":["GET"]}}],"collection":[{"href":"https:\/\/elfsight.com\/pt\/wp-json\/wp\/v2\/pages"}],"about":[{"href":"https:\/\/elfsight.com\/pt\/wp-json\/wp\/v2\/types\/page"}],"author":[{"embeddable":true,"href":"https:\/\/elfsight.com\/pt\/wp-json\/wp\/v2\/users\/9"}],"replies":[{"embeddable":true,"href":"https:\/\/elfsight.com\/pt\/wp-json\/wp\/v2\/comments?post=7393"}],"version-history":[{"count":3,"href":"https:\/\/elfsight.com\/pt\/wp-json\/wp\/v2\/pages\/7393\/revisions"}],"predecessor-version":[{"id":13961,"href":"https:\/\/elfsight.com\/pt\/wp-json\/wp\/v2\/pages\/7393\/revisions\/13961"}],"up":[{"embeddable":true,"href":"https:\/\/elfsight.com\/pt\/wp-json\/wp\/v2\/pages\/1199"}],"wp:attachment":[{"href":"https:\/\/elfsight.com\/pt\/wp-json\/wp\/v2\/media?parent=7393"}],"curies":[{"name":"wp","href":"https:\/\/api.w.org\/{rel}","templated":true}]}}