{"id":7391,"date":"1970-01-01T00:00:00","date_gmt":"1970-01-01T00:00:00","guid":{"rendered":"https:\/\/elfsight.com\/pt\/?page_id=7391"},"modified":"2024-11-13T12:10:05","modified_gmt":"2024-11-13T12:10:05","slug":"joomla","status":"publish","type":"page","link":"https:\/\/elfsight.com\/pt\/pinterest-feed-widget\/joomla\/","title":{"rendered":"Pinterest Feed &#8211; Joomla"},"content":{"rendered":"<div class=\"application-platform-content-item-description application-platform-content-item\" id=\"description\" data-nav-section=\"description\"><h2>Descri\u00e7\u00e3o<\/h2><p>Com o Pinterest Feed da Elfsight, voc\u00ea pode apresentar facilmente ao seu site fotos fascinantes do Pinterest. O feed do Pinterest da Elfsight permite demonstrar os pins, pain\u00e9is desejados e sua conta completa do Pinterest no site. Atraia seus usu\u00e1rios usando imagens e pain\u00e9is tem\u00e1ticos cuidadosamente escolhidos e demonstre seus pr\u00f3prios conjuntos com design exclusivo. Aumente o alcance do seu conte\u00fado no Pinterest, aumente o envolvimento no site e encontre mais assinantes para sua conta no Pinterest ao mesmo tempo.<\/p><p><b>Seus itens, servi\u00e7os e conquistas no site com a ajuda do Pinterest pins e pain\u00e9is!<\/b><\/p><ul><li><b>Aumente o envolvimento dos visitantes do seu site<\/b><br> O conte\u00fado selecionado com precis\u00e3o em seu site atrair\u00e1 o m\u00e1ximo de aten\u00e7\u00e3o das pessoas e manter\u00e1 os usu\u00e1rios engajados .<\/li><li><b>Ganhe seguidores no Pinterest<\/b><br> Com a ajuda do bot\u00e3o Seguir exibido no feed, mais clientes ter\u00e3o a chance de se tornarem seus seguidores.<\/li><li><b>Aumente o n\u00edvel de vendas usando recursos visuais atraentes<\/b><br> Escolha as melhores imagens de suas ofertas; mostre as \u00faltimas tend\u00eancias e fotos inspiradoras para fazer com que os clientes n\u00e3o possam deixar de comprar.<\/li><\/ul><\/div><div class=\"application-platform-content-item-features application-platform-content-item\" id=\"features\" data-nav-section=\"features\"><h2>Recursos<\/h2><p>Atributos significativos de Widget Elfsight, que o torna uma extens\u00e3o perfeitamente conveniente para exibi\u00e7\u00e3o do Pinterest no Joomla:<\/p><ul><li>T\u00edtulo do widget edit\u00e1vel;<\/li><li>O colorizador inteligente escolher\u00e1 automaticamente as cores mais adequadas do interface.<\/li><li>Elementos de pin altern\u00e1veis: Autor, Texto, bot\u00e3o Compartilhar, \u00edcone do Pinterest.<\/li><li>Responsivo para dispositivos m\u00f3veis em qualquer tamanho e propor\u00e7\u00e3o.<\/li><\/ul><p><a href=\"#demo\">Estude o conjunto completo de vantagens no painel!<\/a><\/p><\/div><div class=\"application-platform-content-item-installation application-platform-content-item\" id=\"installation\" data-nav-section=\"installation\"><h2>Como adicionar o Pinterest Feed ao site Joomla<\/h2><div class=\"video-container\"><iframe width=\"720\" height=\"405\" src=\"https:\/\/www.youtube.com\/embed\/hPc3SN-ItmU\" frameborder=\"0\" allowfullscreen=\"\"><\/iframe><\/div><p>Basta seguir alguns passos apresentados abaixo para come\u00e7ar a trabalhar com o plugin no Joomla.<\/p> <ol><li><b>Realize nossa demonstra\u00e7\u00e3o gratuita e comece construindo sua extens\u00e3o personalizada do Pinterest Feed. <\/b><br> Especifique a interface personalizada e os aspectos da extens\u00e3o e aplique as modifica\u00e7\u00f5es. <\/li> <li><b>Obtenha o c\u00f3digo exclusivo que aparece na janela dos aplicativos Elfsight. <\/b><br> Quando a configura\u00e7\u00e3o da sua ferramenta terminar, copie o c\u00f3digo individual da caixa exibida e salve-o para uso posterior. <\/li> <li><b>Comece a usar a extens\u00e3o no site Joomla. <\/b><br> Cole o c\u00f3digo copiado anteriormente em sua p\u00e1gina e salve as melhorias. <\/li> <li><b>Conclu\u00eddo! A integra\u00e7\u00e3o foi realizada com sucesso. <\/b><br> Acesse seu site para ver o desempenho do widget. <\/li><\/ol><p>Tem problemas ao criar ou demonstrar a extens\u00e3o em um site? Entre em contato com nosso centro de suporte.<\/p><\/div><div class=\"faq\" data-component=\"FAQ\"><div class=\"faq-item\">\r\n\t\t\t\t\t<div class=\"faq-item-question\">\r\n\t\t\t\t\t\t<h3 class=\"faq-item-question-text\">Existe um m\u00e9todo para adicionar Pinterest Feed \u00e0 minha p\u00e1gina Joomla sem codifica\u00e7\u00e3o? <\/h3>\r\n\r\n\t\t\t\t\t\t<div class=\"faq-item-question-icon\"><\/div>\r\n\t\t\t\t\t<\/div>\r\n\r\n\t\t\t\t\t<div class=\"faq-item-answer\">\r\n\t\t\t\t\t\t<div class=\"faq-item-answer-text\"><p>A empresa Elfsight oferece uma solu\u00e7\u00e3o Cloud que permite que as pessoas estabele\u00e7am voc\u00ea mesmo um aplicativo Pinterest Feed. Veja as instru\u00e7\u00f5es f\u00e1ceis: <\/p><ul><li>Comece a trabalhar diretamente na demonstra\u00e7\u00e3o ao vivo para criar uma se\u00e7\u00e3o Pinterest Feed que voc\u00ea gostaria de incluir em seu site Joomla.<\/li><li>Escolha um de nossos modelos pr\u00e9-fabricados e altere as configura\u00e7\u00f5es do Pinterest Feed, mude o layout e a cor dos elementos, atualize seu conte\u00fado sem codifica\u00e7\u00e3o.<\/li><li>Salve as configura\u00e7\u00f5es que voc\u00ea fez no Pinterest Feed e obtenha o c\u00f3digo de instala\u00e7\u00e3o do plugin, que voc\u00ea pode incorporar facilmente na p\u00e1gina do Joomla gratuitamente. <\/li><\/ul><p>Com o editor f\u00e1cil de usar, cada usu\u00e1rio da web pode gerar o aplicativo Pinterest Feed on-line e simplesmente adicion\u00e1-lo ao site Joomla. N\u00e3o h\u00e1 necessidade de pagar ou divulgar os dados do seu cart\u00e3o para entrar no Editor. Se voc\u00ea tiver qualquer tipo de problema, n\u00e3o hesite em entrar em contato com nossa equipe de suporte.<\/p><\/div>\r\n\t\t\t\t\t<\/div>\r\n\t\t\t\t<\/div><\/div>","protected":false},"excerpt":{"rendered":"","protected":false},"author":9,"featured_media":0,"parent":1199,"menu_order":0,"comment_status":"closed","ping_status":"closed","template":"templates\/template-application-platform.php","meta":{"publish_to_discourse":"","publish_post_category":"","wpdc_auto_publish_overridden":"","wpdc_topic_tags":"","wpdc_pin_topic":"","wpdc_pin_until":"","discourse_post_id":"","discourse_permalink":"","wpdc_publishing_response":"","wpdc_publishing_error":"","footnotes":""},"class_list":["post-7391","page","type-page","status-publish","hentry"],"yoast_head":"<!-- This site is optimized with the Yoast SEO plugin v25.3.1 - https:\/\/yoast.com\/wordpress\/plugins\/seo\/ -->\n<title>Pinterest Feed - Adicionar extens\u00e3o do Pinterest ao site Joomla (2025)<\/title>\n<meta name=\"description\" content=\"Conhe\u00e7a agora mesmo a extens\u00e3o Pinterest para Joomla. Gere um m\u00f3dulo exclusivo de feed do Pinterest para o seu site em apenas alguns minutos!\" \/>\n<meta name=\"robots\" content=\"index, follow, max-snippet:-1, max-image-preview:large, max-video-preview:-1\" \/>\n<link rel=\"canonical\" href=\"https:\/\/elfsight.com\/pt\/pinterest-feed-widget\/joomla\/\" \/>\n<meta property=\"og:locale\" content=\"pt_PT\" \/>\n<meta property=\"og:type\" content=\"article\" \/>\n<meta property=\"og:title\" content=\"Pinterest Feed - Adicionar extens\u00e3o do Pinterest ao site Joomla (2025)\" \/>\n<meta property=\"og:description\" content=\"Conhe\u00e7a agora mesmo a extens\u00e3o Pinterest para Joomla. Gere um m\u00f3dulo exclusivo de feed do Pinterest para o seu site em apenas alguns minutos!\" \/>\n<meta property=\"og:url\" content=\"https:\/\/elfsight.com\/pt\/pinterest-feed-widget\/joomla\/\" \/>\n<meta property=\"og:site_name\" content=\"Elfsight PT\" \/>\n<meta property=\"article:modified_time\" content=\"2024-11-13T12:10:05+00:00\" \/>\n<meta name=\"twitter:card\" content=\"summary_large_image\" \/>\n<meta name=\"twitter:label1\" content=\"Tempo estimado de leitura\" \/>\n\t<meta name=\"twitter:data1\" content=\"3 minutos\" \/>\n<!-- \/ Yoast SEO plugin. -->","yoast_head_json":{"title":"Pinterest Feed - Adicionar extens\u00e3o do Pinterest ao site Joomla (2025)","description":"Conhe\u00e7a agora mesmo a extens\u00e3o Pinterest para Joomla. Gere um m\u00f3dulo exclusivo de feed do Pinterest para o seu site em apenas alguns minutos!","robots":{"index":"index","follow":"follow","max-snippet":"max-snippet:-1","max-image-preview":"max-image-preview:large","max-video-preview":"max-video-preview:-1"},"canonical":"https:\/\/elfsight.com\/pt\/pinterest-feed-widget\/joomla\/","og_locale":"pt_PT","og_type":"article","og_title":"Pinterest Feed - Adicionar extens\u00e3o do Pinterest ao site Joomla (2025)","og_description":"Conhe\u00e7a agora mesmo a extens\u00e3o Pinterest para Joomla. Gere um m\u00f3dulo exclusivo de feed do Pinterest para o seu site em apenas alguns minutos!","og_url":"https:\/\/elfsight.com\/pt\/pinterest-feed-widget\/joomla\/","og_site_name":"Elfsight PT","article_modified_time":"2024-11-13T12:10:05+00:00","twitter_card":"summary_large_image","twitter_misc":{"Tempo estimado de leitura":"3 minutos"},"schema":{"@context":"https:\/\/schema.org","@graph":[{"@type":"WebPage","@id":"https:\/\/elfsight.com\/pt\/pinterest-feed-widget\/joomla\/","url":"https:\/\/elfsight.com\/pt\/pinterest-feed-widget\/joomla\/","name":"Pinterest Feed - Adicionar extens\u00e3o do Pinterest ao site Joomla (2025)","isPartOf":{"@id":"https:\/\/elfsight.com\/pt\/#website"},"datePublished":"1970-01-01T00:00:00+00:00","dateModified":"2024-11-13T12:10:05+00:00","description":"Conhe\u00e7a agora mesmo a extens\u00e3o Pinterest para Joomla. Gere um m\u00f3dulo exclusivo de feed do Pinterest para o seu site em apenas alguns minutos!","breadcrumb":{"@id":"https:\/\/elfsight.com\/pt\/pinterest-feed-widget\/joomla\/#breadcrumb"},"inLanguage":"pt-PT","potentialAction":[{"@type":"ReadAction","target":["https:\/\/elfsight.com\/pt\/pinterest-feed-widget\/joomla\/"]}]},{"@type":"BreadcrumbList","@id":"https:\/\/elfsight.com\/pt\/pinterest-feed-widget\/joomla\/#breadcrumb","itemListElement":[{"@type":"ListItem","position":1,"name":"Home","item":"https:\/\/elfsight.com\/pt\/"},{"@type":"ListItem","position":2,"name":"Pinterest Feed","item":"https:\/\/elfsight.com\/pt\/pinterest-feed-widget\/"},{"@type":"ListItem","position":3,"name":"Pinterest Feed &#8211; Joomla"}]},{"@type":"WebSite","@id":"https:\/\/elfsight.com\/pt\/#website","url":"https:\/\/elfsight.com\/pt\/","name":"Elfsight PT","description":"Just another Elfsight Sites site","potentialAction":[{"@type":"SearchAction","target":{"@type":"EntryPoint","urlTemplate":"https:\/\/elfsight.com\/pt\/?s={search_term_string}"},"query-input":{"@type":"PropertyValueSpecification","valueRequired":true,"valueName":"search_term_string"}}],"inLanguage":"pt-PT"}]}},"meta_box":{"industry":"","seo_heading":"","heading":"","description":"","cta_heading":"","cta_description":"","application":"1198","h1":"Extens\u00e3o de feed do Joomla Pinterest","h1_caption":"Selecione os recursos visuais mais envolventes para o seu site com a ajuda do Pinterest","application_category":[],"applications_title":"","applications_request_title":"","applications_request_button_text":"","hero_text":"","hero_video":"","hero_video_schema_markup":"","selling_points_title":"","selling_points_caption":"","selling_points":[],"selling_points_cta_text":"","features_title":"","features":"","ed_cta_examples_text":"","ed_cta_examples_hidden":"","ed_cta_demo_text":"","ed_cta_demo_hidden":"","why_caption":"","why_editor_title":"","why_editor_text":"","why_team_title":"","why_team_text":"","why_service_title":"","why_service_text":"","template_catalog_visible":"","template_catalog_title":"","template_catalog_text":"","template_catalog_categories_visible":"","demo_title":"Crie seu plugin de feed do Pinterest","demo_caption":"Configure seu feed do Pinterest e adicione-o ao seu site Joomla gratuitamente!","default_faq_hidden":"","app_template_category":[],"platform":"52","template_public_id":"","codecanyon_url":"","codecanyon_item_id":"","codecanyon_price":"","pricing_caption":"","pricing_elfsight_apps_hide_column":"","pricing_elfsight_apps_url":"","pricing_codecanyon_price_caption":"","integration_category":[],"integration_request_title":"","integration_request_cta":"","integration_platform":"","integrations":[],"platform_category":[],"video_schema_markup":"","price":"a partir de US$ 0\/m\u00eas","trial":"","benefits":[{"text":"Ajuda de instala\u00e7\u00e3o gratuita"},{"text":"Atendimento ao cliente eficaz"},{"text":"Garantia de devolu\u00e7\u00e3o do dinheiro em 14 dias"},{"text":"Futuras atualiza\u00e7\u00f5es gratuitas"}],"button_url":"#demo","button_target_blank":"","button_nofollow":"","attributes":[{"name":"Instala\u00e7\u00f5es","content":"10,000 - 100,000"},{"name":"Responsivo","content":"Sim"},{"name":"Navegadores compat\u00edveis","content":"Firefox, Safari, Opera, Chrome, Edge"}],"tags":[],"tags_disable_links":"","hide_more_platforms":"","video_object":"","demo_hide_cta":"","demo_hide_cloud_options":"","pricing_title":"","pricing":[{"pricing_icon":"cloud","pricing_title":"Elfsight Apps","pricing_title_caption":"Solu\u00e7\u00e3o digital multiplataforma que funciona em qualquer site","pricing_price":"a partir de US$ 0\/m\u00eas","pricing_price_caption":"comece com plano gratuito","pricing_benefits":[{"text":"Sites ilimitados"},{"text":"Suporte dedicado da empresa e bem documentado"},{"text":"Suporte dedicado da empresa e bem documentado"},{"text":"Oferta especial para v\u00e1rios aplicativos"}],"pricing_button_text":"Adicionar ao site","pricing_button_url":"#demo"}],"related_apps_title":"","related_apps_hidden":"","author":"","image":[],"title":"","job":"","social_networks":[]},"_links":{"self":[{"href":"https:\/\/elfsight.com\/pt\/wp-json\/wp\/v2\/pages\/7391","targetHints":{"allow":["GET"]}}],"collection":[{"href":"https:\/\/elfsight.com\/pt\/wp-json\/wp\/v2\/pages"}],"about":[{"href":"https:\/\/elfsight.com\/pt\/wp-json\/wp\/v2\/types\/page"}],"author":[{"embeddable":true,"href":"https:\/\/elfsight.com\/pt\/wp-json\/wp\/v2\/users\/9"}],"replies":[{"embeddable":true,"href":"https:\/\/elfsight.com\/pt\/wp-json\/wp\/v2\/comments?post=7391"}],"version-history":[{"count":2,"href":"https:\/\/elfsight.com\/pt\/wp-json\/wp\/v2\/pages\/7391\/revisions"}],"predecessor-version":[{"id":12062,"href":"https:\/\/elfsight.com\/pt\/wp-json\/wp\/v2\/pages\/7391\/revisions\/12062"}],"up":[{"embeddable":true,"href":"https:\/\/elfsight.com\/pt\/wp-json\/wp\/v2\/pages\/1199"}],"wp:attachment":[{"href":"https:\/\/elfsight.com\/pt\/wp-json\/wp\/v2\/media?parent=7391"}],"curies":[{"name":"wp","href":"https:\/\/api.w.org\/{rel}","templated":true}]}}