{"id":7385,"date":"1970-01-01T00:00:00","date_gmt":"1970-01-01T00:00:00","guid":{"rendered":"https:\/\/elfsight.com\/pt\/?page_id=7385"},"modified":"2024-11-13T12:09:54","modified_gmt":"2024-11-13T12:09:54","slug":"blogger","status":"publish","type":"page","link":"https:\/\/elfsight.com\/pt\/pinterest-feed-widget\/blogger\/","title":{"rendered":"Pinterest Feed &#8211; Blogger"},"content":{"rendered":"<div class=\"application-platform-content-item-description application-platform-content-item\" id=\"description\" data-nav-section=\"description\"><h2>Descri\u00e7\u00e3o<\/h2><p>Com a ajuda do widget Pinterest da Elfsight, voc\u00ea pode adicionar ao seu site lindos recursos visuais do Pinterest. O widget Elfsight ajuda a exibir pins escolhidos, pain\u00e9is e sua conta completa em seu site. Atraia seus clientes com a ajuda de recursos visuais e pain\u00e9is tem\u00e1ticos cuidadosamente selecionados e crie suas pr\u00f3prias cole\u00e7\u00f5es exclusivas. Obtenha uma melhor cobertura de suas fotos, fortale\u00e7a o engajamento em seu site e atraia mais seguidores para seu perfil no Pinterest.<\/p><p><b>Apresente seus produtos, servi\u00e7os e projetos no site com pins e pain\u00e9is!<\/b><\/p><ul><li><b>Aumente o envolvimento dos usu\u00e1rios em seu site<\/b><br>Fotos bem escolhidas em seu site atrair\u00e3o o m\u00e1ximo de aten\u00e7\u00e3o dos usu\u00e1rios e manter\u00e3o os futuros clientes envolvidos.<\/li><li><b>Obtenha uma melhor divulga\u00e7\u00e3o social do seu perfil no Pinterest<\/b><br>Ofere\u00e7a uma chance para pessoas que n\u00e3o est\u00e3o no Pinterest admirarem seu conte\u00fado cuidadosamente escolhido, exibindo-o no site.<\/li> <li><b> Traga conte\u00fado mais atraente para o seu site<\/b><br>Gra\u00e7as aos pins e pain\u00e9is do Pinterest \u00e0 sua disposi\u00e7\u00e3o, voc\u00ea pode escolher os melhores recursos visuais para o seu site, a fim de envolver o pessoal.&lt;\/li <\/ul><\/div><div class=\"application-platform-content-item-features application-platform-content-item\" id=\"features\" data-nav-section=\"features\"><h2>Recursos<\/h2><p>V\u00e1rias vantagens, que tornam nosso gadget Pinterest em uma solu\u00e7\u00e3o incompar\u00e1vel para o site do Blogger:<\/p><ul><li>Mostrando t\u00edtulo da conta, seguidores e contagens de seguidores.<\/li><li>Escolha a cor do tema principal;<\/li><li>Elementos de pins altern\u00e1veis: Autor, Texto, bot\u00e3o Compartilhar, \u00edcone do Pinterest.<\/li><li>Exibir ou ocultar contagens de quadros e pins;<\/li><\/ul><p><a href=\"#demo\">Verificar todos os recursos<\/a><\/p><\/div><div class=\"application-platform-content-item-installation application-platform-content-item\" id=\"installation\" data-nav-section=\"installation\"><h2>Como adicionar o widget do Pinterest ao site do Blogger<\/h2><div class=\"video-container\"><iframe width=\"720\" height=\"405\" src=\"https:\/\/www.youtube.com\/embed\/JYeG5sgqmGg\" frameborder=\"0\" allowfullscreen=\"\"><\/iframe><\/div><p>Uma pequena instru\u00e7\u00e3o sobre como gerar o widget sem compet\u00eancia em desenvolvimento web ou contratar um programador tempor\u00e1rio. Voc\u00ea precisa de apenas alguns minutos para implementar o guia.<\/p><ol><li><b>Construa seu feed do Pinterest personalizado<\/b><br> Com nossa demonstra\u00e7\u00e3o gratuita, gere um widget com a apar\u00eancia e as capacidades que voc\u00ea precisa. s\u00e3o para o seu caso de uso.<\/li><li><b>Receba um c\u00f3digo para integrar o widget<\/b><br> Ap\u00f3s o ajuste fino do widget, copie um c\u00f3digo para o widget do Pinterest da notifica\u00e7\u00e3o que aparece nos aplicativos da Elfsight. <\/li><li><b>Coloque o widget no site do Blogger<\/b><br> Adicione o widget ao elemento desejado da p\u00e1gina e salve os resultados.<\/li><li><b>A incorpora\u00e7\u00e3o foi bem-sucedido!<\/b><br> Visite seu site para ver seu trabalho.<\/li><\/ol><p>Est\u00e1 tendo problemas ao usar as instru\u00e7\u00f5es? Endere\u00e7o do servi\u00e7o de suporte da Elfsight.<\/p><\/div><div class=\"faq\" data-component=\"FAQ\"><div class=\"faq-item\">\r\n\t\t\t\t\t<div class=\"faq-item-question\">\r\n\t\t\t\t\t\t<h3 class=\"faq-item-question-text\">Existe um m\u00e9todo para adicionar o Pinterest Feed ao meu site do Blogger sem habilidades de codifica\u00e7\u00e3o?<\/h3>\r\n\r\n\t\t\t\t\t\t<div class=\"faq-item-question-icon\"><\/div>\r\n\t\t\t\t\t<\/div>\r\n\r\n\t\t\t\t\t<div class=\"faq-item-answer\">\r\n\t\t\t\t\t\t<div class=\"faq-item-answer-text\"><p>A empresa Elfsight oferece uma solu\u00e7\u00e3o Cloud que permite que os propriet\u00e1rios de sites estabele\u00e7am voc\u00ea mesmo um plugin de feed do Pinterest. Veja os passos simples: <\/p><ul><li>Trabalhe diretamente no editor online para criar uma se\u00e7\u00e3o de feed do Pinterest que voc\u00ea gostaria de criar. incorpore no site do Blogger.<\/li><li>Escolha um de nossos modelos pr\u00e9-concebidos e altere as configura\u00e7\u00f5es do Pinterest Feed, mude o layout e as cores, inclua seu conte\u00fado sem codifica\u00e7\u00e3o.<\/li><li>Salve o Pinterest Alimente e copie o c\u00f3digo de instala\u00e7\u00e3o, que pode ser facilmente adicionado gratuitamente na p\u00e1gina inicial do Blogger. <\/li><\/ul><p>Com a ajuda do Configurador intuitivo, qualquer usu\u00e1rio da web pode criar o plugin Pinterest Feed on-line e incorpor\u00e1-lo \u00e0 p\u00e1gina inicial do Blogger. N\u00e3o \u00e9 necess\u00e1rio obter um plano pago ou submeter os dados do seu cart\u00e3o para entrar no servi\u00e7o Elfsight. Se voc\u00ea tiver algum problema em qualquer etapa, sinta-se \u00e0 vontade para falar com nossa equipe de suporte.<\/p><\/div>\r\n\t\t\t\t\t<\/div>\r\n\t\t\t\t<\/div><\/div>","protected":false},"excerpt":{"rendered":"","protected":false},"author":9,"featured_media":0,"parent":1199,"menu_order":0,"comment_status":"closed","ping_status":"closed","template":"templates\/template-application-platform.php","meta":{"publish_to_discourse":"","publish_post_category":"","wpdc_auto_publish_overridden":"","wpdc_topic_tags":"","wpdc_pin_topic":"","wpdc_pin_until":"","discourse_post_id":"","discourse_permalink":"","wpdc_publishing_response":"","wpdc_publishing_error":"","footnotes":""},"class_list":["post-7385","page","type-page","status-publish","hentry"],"yoast_head":"<!-- This site is optimized with the Yoast SEO plugin v25.3.1 - https:\/\/yoast.com\/wordpress\/plugins\/seo\/ -->\n<title>Pinterest Feed - Adicione o widget do Pinterest ao site do Blogger (gr\u00e1tis e f\u00e1cil!)<\/title>\n<meta name=\"description\" content=\"Gere seu widget exclusivo do Pinterest Feed para o Blogger em apenas 1 minuto. Teste um editor r\u00e1pido para criar widgets da Elfsight totalmente gratuito.\" \/>\n<meta name=\"robots\" content=\"index, follow, max-snippet:-1, max-image-preview:large, max-video-preview:-1\" \/>\n<link rel=\"canonical\" href=\"https:\/\/elfsight.com\/pt\/pinterest-feed-widget\/blogger\/\" \/>\n<meta property=\"og:locale\" content=\"pt_PT\" \/>\n<meta property=\"og:type\" content=\"article\" \/>\n<meta property=\"og:title\" content=\"Pinterest Feed - Adicione o widget do Pinterest ao site do Blogger (gr\u00e1tis e f\u00e1cil!)\" \/>\n<meta property=\"og:description\" content=\"Gere seu widget exclusivo do Pinterest Feed para o Blogger em apenas 1 minuto. Teste um editor r\u00e1pido para criar widgets da Elfsight totalmente gratuito.\" \/>\n<meta property=\"og:url\" content=\"https:\/\/elfsight.com\/pt\/pinterest-feed-widget\/blogger\/\" \/>\n<meta property=\"og:site_name\" content=\"Elfsight PT\" \/>\n<meta property=\"article:modified_time\" content=\"2024-11-13T12:09:54+00:00\" \/>\n<meta name=\"twitter:card\" content=\"summary_large_image\" \/>\n<meta name=\"twitter:label1\" content=\"Tempo estimado de leitura\" \/>\n\t<meta name=\"twitter:data1\" content=\"3 minutos\" \/>\n<!-- \/ Yoast SEO plugin. -->","yoast_head_json":{"title":"Pinterest Feed - Adicione o widget do Pinterest ao site do Blogger (gr\u00e1tis e f\u00e1cil!)","description":"Gere seu widget exclusivo do Pinterest Feed para o Blogger em apenas 1 minuto. Teste um editor r\u00e1pido para criar widgets da Elfsight totalmente gratuito.","robots":{"index":"index","follow":"follow","max-snippet":"max-snippet:-1","max-image-preview":"max-image-preview:large","max-video-preview":"max-video-preview:-1"},"canonical":"https:\/\/elfsight.com\/pt\/pinterest-feed-widget\/blogger\/","og_locale":"pt_PT","og_type":"article","og_title":"Pinterest Feed - Adicione o widget do Pinterest ao site do Blogger (gr\u00e1tis e f\u00e1cil!)","og_description":"Gere seu widget exclusivo do Pinterest Feed para o Blogger em apenas 1 minuto. Teste um editor r\u00e1pido para criar widgets da Elfsight totalmente gratuito.","og_url":"https:\/\/elfsight.com\/pt\/pinterest-feed-widget\/blogger\/","og_site_name":"Elfsight PT","article_modified_time":"2024-11-13T12:09:54+00:00","twitter_card":"summary_large_image","twitter_misc":{"Tempo estimado de leitura":"3 minutos"},"schema":{"@context":"https:\/\/schema.org","@graph":[{"@type":"WebPage","@id":"https:\/\/elfsight.com\/pt\/pinterest-feed-widget\/blogger\/","url":"https:\/\/elfsight.com\/pt\/pinterest-feed-widget\/blogger\/","name":"Pinterest Feed - Adicione o widget do Pinterest ao site do Blogger (gr\u00e1tis e f\u00e1cil!)","isPartOf":{"@id":"https:\/\/elfsight.com\/pt\/#website"},"datePublished":"1970-01-01T00:00:00+00:00","dateModified":"2024-11-13T12:09:54+00:00","description":"Gere seu widget exclusivo do Pinterest Feed para o Blogger em apenas 1 minuto. Teste um editor r\u00e1pido para criar widgets da Elfsight totalmente gratuito.","breadcrumb":{"@id":"https:\/\/elfsight.com\/pt\/pinterest-feed-widget\/blogger\/#breadcrumb"},"inLanguage":"pt-PT","potentialAction":[{"@type":"ReadAction","target":["https:\/\/elfsight.com\/pt\/pinterest-feed-widget\/blogger\/"]}]},{"@type":"BreadcrumbList","@id":"https:\/\/elfsight.com\/pt\/pinterest-feed-widget\/blogger\/#breadcrumb","itemListElement":[{"@type":"ListItem","position":1,"name":"Home","item":"https:\/\/elfsight.com\/pt\/"},{"@type":"ListItem","position":2,"name":"Pinterest Feed","item":"https:\/\/elfsight.com\/pt\/pinterest-feed-widget\/"},{"@type":"ListItem","position":3,"name":"Pinterest Feed &#8211; Blogger"}]},{"@type":"WebSite","@id":"https:\/\/elfsight.com\/pt\/#website","url":"https:\/\/elfsight.com\/pt\/","name":"Elfsight PT","description":"Just another Elfsight Sites site","potentialAction":[{"@type":"SearchAction","target":{"@type":"EntryPoint","urlTemplate":"https:\/\/elfsight.com\/pt\/?s={search_term_string}"},"query-input":{"@type":"PropertyValueSpecification","valueRequired":true,"valueName":"search_term_string"}}],"inLanguage":"pt-PT"}]}},"meta_box":{"industry":"","seo_heading":"","heading":"","description":"","cta_heading":"","cta_description":"","application":"1198","h1":"Widget de feed do Pinterest do Blogger","h1_caption":"Converta os usu\u00e1rios do seu site em seguidores do Pinterest","application_category":[],"applications_title":"","applications_request_title":"","applications_request_button_text":"","hero_text":"","hero_video":"","hero_video_schema_markup":"","selling_points_title":"","selling_points_caption":"","selling_points":[],"selling_points_cta_text":"","features_title":"","features":"","ed_cta_examples_text":"","ed_cta_examples_hidden":"","ed_cta_demo_text":"","ed_cta_demo_hidden":"","why_caption":"","why_editor_title":"","why_editor_text":"","why_team_title":"","why_team_text":"","why_service_title":"","why_service_text":"","template_catalog_visible":"","template_catalog_title":"","template_catalog_text":"","template_catalog_categories_visible":"","demo_title":"Crie seu widget de feed do Pinterest","demo_caption":"Configure seu feed do Pinterest e adicione-o ao site do Blogger gratuitamente!","default_faq_hidden":"","app_template_category":[],"platform":"46","template_public_id":"","codecanyon_url":"","codecanyon_item_id":"","codecanyon_price":"","pricing_caption":"","pricing_elfsight_apps_hide_column":"","pricing_elfsight_apps_url":"","pricing_codecanyon_price_caption":"","integration_category":[],"integration_request_title":"","integration_request_cta":"","integration_platform":"","integrations":[],"platform_category":[],"video_schema_markup":"","price":"a partir de US$ 0\/m\u00eas","trial":"","benefits":[{"text":"Servi\u00e7o de instala\u00e7\u00e3o gratuito"},{"text":"Suporte ao cliente experiente"},{"text":"Garantia de reembolso de 14 dias"},{"text":"Melhorias cont\u00ednuas"}],"button_url":"#demo","button_target_blank":"","button_nofollow":"","attributes":[{"name":"Instala\u00e7\u00f5es","content":"10,000 - 100,000"},{"name":"Responsivo","content":"Sim"},{"name":"Navegadores compat\u00edveis","content":"Firefox, Safari, Opera, Chrome, Edge"}],"tags":[],"tags_disable_links":"","hide_more_platforms":"","video_object":"","demo_hide_cta":"","demo_hide_cloud_options":"","pricing_title":"","pricing":[{"pricing_icon":"platform","pricing_title":"Elfsight Apps","pricing_title_caption":"Solu\u00e7\u00e3o digital multiplataforma que se adapta a qualquer site","pricing_price":"a partir de US$ 0\/m\u00eas","pricing_price_caption":"comece com um plano gratuito","pricing_benefits":[{"text":"Dom\u00ednios ilimitados"},{"text":"Suporte 24 horas por dia, 7 dias por semana e pontual"},{"text":"Suporte 24 horas por dia, 7 dias por semana e pontual"},{"text":"100% personaliz\u00e1vel"}],"pricing_button_text":"Adicionar ao site","pricing_button_url":"#demo"}],"related_apps_title":"","related_apps_hidden":"","author":"","image":[],"title":"","job":"","social_networks":[]},"_links":{"self":[{"href":"https:\/\/elfsight.com\/pt\/wp-json\/wp\/v2\/pages\/7385","targetHints":{"allow":["GET"]}}],"collection":[{"href":"https:\/\/elfsight.com\/pt\/wp-json\/wp\/v2\/pages"}],"about":[{"href":"https:\/\/elfsight.com\/pt\/wp-json\/wp\/v2\/types\/page"}],"author":[{"embeddable":true,"href":"https:\/\/elfsight.com\/pt\/wp-json\/wp\/v2\/users\/9"}],"replies":[{"embeddable":true,"href":"https:\/\/elfsight.com\/pt\/wp-json\/wp\/v2\/comments?post=7385"}],"version-history":[{"count":2,"href":"https:\/\/elfsight.com\/pt\/wp-json\/wp\/v2\/pages\/7385\/revisions"}],"predecessor-version":[{"id":12061,"href":"https:\/\/elfsight.com\/pt\/wp-json\/wp\/v2\/pages\/7385\/revisions\/12061"}],"up":[{"embeddable":true,"href":"https:\/\/elfsight.com\/pt\/wp-json\/wp\/v2\/pages\/1199"}],"wp:attachment":[{"href":"https:\/\/elfsight.com\/pt\/wp-json\/wp\/v2\/media?parent=7385"}],"curies":[{"name":"wp","href":"https:\/\/api.w.org\/{rel}","templated":true}]}}