{"id":7384,"date":"1970-01-01T00:00:00","date_gmt":"1970-01-01T00:00:00","guid":{"rendered":"https:\/\/elfsight.com\/pt\/?page_id=7384"},"modified":"2024-11-13T12:09:54","modified_gmt":"2024-11-13T12:09:54","slug":"bigcommerce","status":"publish","type":"page","link":"https:\/\/elfsight.com\/pt\/pinterest-feed-widget\/bigcommerce\/","title":{"rendered":"Pinterest Feed &#8211; BigCommerce"},"content":{"rendered":"<div class=\"application-platform-content-item-description application-platform-content-item\" id=\"description\" data-nav-section=\"description\"><h2>Descri\u00e7\u00e3o<\/h2><p>Usando o Pinterest Feed da Elfsight, voc\u00ea pode inserir em seu site imagens incr\u00edveis do Pinterest rapidamente . A ferramenta Elfsight permite que voc\u00ea adicione pins, pain\u00e9is e todo o seu perfil ao site. Atraia seus clientes com imagens escolhidas com precis\u00e3o, pain\u00e9is tem\u00e1ticos e crie suas pr\u00f3prias galerias originais. Amplie a extens\u00e3o de suas imagens, aumente o envolvimento no site e, enquanto isso, tenha novos assinantes para sua conta do Pinterest.<\/p><p><b>Mostre seu perfil, adicione pain\u00e9is e selecione pins para demonstrar o visual mais envolvente materiais em seu site!<\/b><\/p><ul><li><b>Obtenha novas vendas demonstrando suas ofertas<\/b><br>Molde suas pr\u00f3prias cole\u00e7\u00f5es de fotos com design exclusivo com seus projetos ou tend\u00eancias mais recentes e compras obrigat\u00f3rias para deixar as pessoas ansiosas para comprar.<\/li><li><b>Consiga mais seguidores no Pinterest<\/b><br>Com o bot\u00e3o Seguir dispon\u00edvel no feed, mais clientes ter\u00e3o a chance de se juntar aos seus assinantes .<\/li><li><b>Aumente o n\u00edvel de vendas com a ajuda de imagens atraentes<\/b><br>Escolha as imagens mais atraentes dos seus itens; demonstre as mais novas tend\u00eancias e imagens persuasivas para fazer com que os clientes estejam fadados a comprar.<\/li><\/ul><\/div><div class=\"application-platform-content-item-features application-platform-content-item\" id=\"features\" data-nav-section=\"features\"><h2>Recursos<\/h2><p>Quais vantagens tornam o aplicativo Elfsight o melhor para o seu site BigCommerce? Confira a lista:<\/p><ul><li>Adicionar pins e pain\u00e9is por URL;<\/li><li>22 idiomas populares dispon\u00edveis;<\/li><li>Mostrar ou ocultar cabe\u00e7alho;<\/li> <li>Responsivo para dispositivos m\u00f3veis em qualquer tamanho e propor\u00e7\u00e3o.<\/li><\/ul><p><a href=\"#demo\">Veja todos os detalhes<\/a><\/p><\/div><div class=\"application-platform-content-item-instala\u00e7\u00e3o application-platform-content-item\" id=\"instala\u00e7\u00e3o\" data-nav-section=\"instala\u00e7\u00e3o\"><h2>Como adicionar o Pinterest ao site BigCommerce<\/h2><div class=\"video-container\"><iframe width=\"720\" height=\"405\" src=\"https:\/\/www.youtube.com\/embed\/TENs6QSMPBs\" frameborder=\"0\" allowfullscreen=\"\"><\/iframe><\/div><p>Basta seguir os passos descritos abaixo para inserir o aplicativo no BigCommerce.<\/p> <ol><li><b>Gerencie nossa demonstra\u00e7\u00e3o gratuita e comece a criar seu widget exclusivo. <\/b><br> Encontre a apar\u00eancia personalizada e a funcionalidade do plugin e aplique as modifica\u00e7\u00f5es. <\/li> <li><b>Adquira o seu c\u00f3digo individual apresentado no formul\u00e1rio especial nas aplica\u00e7\u00f5es Elfsight. <\/b><br> Ap\u00f3s a personaliza\u00e7\u00e3o do seu widget Pinterest Feed, copie o c\u00f3digo pessoal do pop-up exibido e guarde-o para futuras necessidades. <\/li> <li><b>Comece a usar a ferramenta no seu site BigCommerce. <\/b><br> Implemente o c\u00f3digo que voc\u00ea salvou recentemente em sua p\u00e1gina e aplique as corre\u00e7\u00f5es. <\/li> <li><b>Pronto! A integra\u00e7\u00e3o \u00e9 totalmente realizada. <\/b><br> Acesse seu site para ver o desempenho do plugin. <\/li><\/ol><p>Encontrou problemas ao projetar ou personalizar seu widget? Entre em contato com nossa equipe de suporte.<\/p><\/div><div class=\"faq\" data-component=\"FAQ\"><div class=\"faq-item\">\r\n\t\t\t\t\t<div class=\"faq-item-question\">\r\n\t\t\t\t\t\t<h3 class=\"faq-item-question-text\">De que forma posso adicionar o Pinterest Feed \u00e0 minha p\u00e1gina do BigCommerce sem nenhuma experi\u00eancia de codifica\u00e7\u00e3o?<\/h3>\r\n\r\n\t\t\t\t\t\t<div class=\"faq-item-question-icon\"><\/div>\r\n\t\t\t\t\t<\/div>\r\n\r\n\t\t\t\t\t<div class=\"faq-item-answer\">\r\n\t\t\t\t\t\t<div class=\"faq-item-answer-text\"><p>A empresa Elfsight oferece uma solu\u00e7\u00e3o Cloud que lhe permite gerar voc\u00ea mesmo um widget de Feed do Pinterest. Confira as instru\u00e7\u00f5es f\u00e1ceis: <\/p><ul><li>Trabalhe diretamente no Editor on-line para criar um widget de Feed do Pinterest que voc\u00ea gostaria para incorporar na p\u00e1gina inicial do BigCommerce.<\/li><li>Clique em um dos modelos pr\u00e9-concebidos e modifique as configura\u00e7\u00f5es do Pinterest Feed, atualize seu conte\u00fado, altere o layout e as cores sem codifica\u00e7\u00e3o.<\/li><li>Salve o Pinterest Alimente e obtenha o c\u00f3digo do widget para instala\u00e7\u00e3o, que voc\u00ea pode colar facilmente em seu site BigCommerce sem comprar um plano pago. <\/li><\/ul><p>Com nosso editor f\u00e1cil de usar, cada usu\u00e1rio da Internet pode criar um widget de feed do Pinterest on-line e simplesmente adicion\u00e1-lo \u00e0 sua p\u00e1gina do BigCommerce. Voc\u00ea n\u00e3o deve pagar ou inserir as credenciais do seu cart\u00e3o para entrar no Elfsight Editor. Se voc\u00ea enfrentar algum obst\u00e1culo em qualquer etapa, entre em contato com nossa equipe de suporte.<\/p><\/div>\r\n\t\t\t\t\t<\/div>\r\n\t\t\t\t<\/div><\/div>","protected":false},"excerpt":{"rendered":"","protected":false},"author":9,"featured_media":0,"parent":1199,"menu_order":0,"comment_status":"closed","ping_status":"closed","template":"templates\/template-application-platform.php","meta":{"publish_to_discourse":"","publish_post_category":"","wpdc_auto_publish_overridden":"","wpdc_topic_tags":"","wpdc_pin_topic":"","wpdc_pin_until":"","discourse_post_id":"","discourse_permalink":"","wpdc_publishing_response":"","wpdc_publishing_error":"","footnotes":""},"class_list":["post-7384","page","type-page","status-publish","hentry"],"yoast_head":"<!-- This site is optimized with the Yoast SEO plugin v25.3.1 - https:\/\/yoast.com\/wordpress\/plugins\/seo\/ -->\n<title>Pinterest Feed - Adicionar aplicativo Pinterest ao site BigCommerce (2025)<\/title>\n<meta name=\"description\" content=\"Adicione o aplicativo Pinterest Feed no BigCommerce em apenas 2 minutos. Confira todas as principais caracter\u00edsticas do melhor aplicativo do Pinterest em um editor gratuito.\" \/>\n<meta name=\"robots\" content=\"index, follow, max-snippet:-1, max-image-preview:large, max-video-preview:-1\" \/>\n<link rel=\"canonical\" href=\"https:\/\/elfsight.com\/pt\/pinterest-feed-widget\/bigcommerce\/\" \/>\n<meta property=\"og:locale\" content=\"pt_PT\" \/>\n<meta property=\"og:type\" content=\"article\" \/>\n<meta property=\"og:title\" content=\"Pinterest Feed - Adicionar aplicativo Pinterest ao site BigCommerce (2025)\" \/>\n<meta property=\"og:description\" content=\"Adicione o aplicativo Pinterest Feed no BigCommerce em apenas 2 minutos. Confira todas as principais caracter\u00edsticas do melhor aplicativo do Pinterest em um editor gratuito.\" \/>\n<meta property=\"og:url\" content=\"https:\/\/elfsight.com\/pt\/pinterest-feed-widget\/bigcommerce\/\" \/>\n<meta property=\"og:site_name\" content=\"Elfsight PT\" \/>\n<meta property=\"article:modified_time\" content=\"2024-11-13T12:09:54+00:00\" \/>\n<meta name=\"twitter:card\" content=\"summary_large_image\" \/>\n<meta name=\"twitter:label1\" content=\"Tempo estimado de leitura\" \/>\n\t<meta name=\"twitter:data1\" content=\"3 minutos\" \/>\n<!-- \/ Yoast SEO plugin. -->","yoast_head_json":{"title":"Pinterest Feed - Adicionar aplicativo Pinterest ao site BigCommerce (2025)","description":"Adicione o aplicativo Pinterest Feed no BigCommerce em apenas 2 minutos. Confira todas as principais caracter\u00edsticas do melhor aplicativo do Pinterest em um editor gratuito.","robots":{"index":"index","follow":"follow","max-snippet":"max-snippet:-1","max-image-preview":"max-image-preview:large","max-video-preview":"max-video-preview:-1"},"canonical":"https:\/\/elfsight.com\/pt\/pinterest-feed-widget\/bigcommerce\/","og_locale":"pt_PT","og_type":"article","og_title":"Pinterest Feed - Adicionar aplicativo Pinterest ao site BigCommerce (2025)","og_description":"Adicione o aplicativo Pinterest Feed no BigCommerce em apenas 2 minutos. Confira todas as principais caracter\u00edsticas do melhor aplicativo do Pinterest em um editor gratuito.","og_url":"https:\/\/elfsight.com\/pt\/pinterest-feed-widget\/bigcommerce\/","og_site_name":"Elfsight PT","article_modified_time":"2024-11-13T12:09:54+00:00","twitter_card":"summary_large_image","twitter_misc":{"Tempo estimado de leitura":"3 minutos"},"schema":{"@context":"https:\/\/schema.org","@graph":[{"@type":"WebPage","@id":"https:\/\/elfsight.com\/pt\/pinterest-feed-widget\/bigcommerce\/","url":"https:\/\/elfsight.com\/pt\/pinterest-feed-widget\/bigcommerce\/","name":"Pinterest Feed - Adicionar aplicativo Pinterest ao site BigCommerce (2025)","isPartOf":{"@id":"https:\/\/elfsight.com\/pt\/#website"},"datePublished":"1970-01-01T00:00:00+00:00","dateModified":"2024-11-13T12:09:54+00:00","description":"Adicione o aplicativo Pinterest Feed no BigCommerce em apenas 2 minutos. Confira todas as principais caracter\u00edsticas do melhor aplicativo do Pinterest em um editor gratuito.","breadcrumb":{"@id":"https:\/\/elfsight.com\/pt\/pinterest-feed-widget\/bigcommerce\/#breadcrumb"},"inLanguage":"pt-PT","potentialAction":[{"@type":"ReadAction","target":["https:\/\/elfsight.com\/pt\/pinterest-feed-widget\/bigcommerce\/"]}]},{"@type":"BreadcrumbList","@id":"https:\/\/elfsight.com\/pt\/pinterest-feed-widget\/bigcommerce\/#breadcrumb","itemListElement":[{"@type":"ListItem","position":1,"name":"Home","item":"https:\/\/elfsight.com\/pt\/"},{"@type":"ListItem","position":2,"name":"Pinterest Feed","item":"https:\/\/elfsight.com\/pt\/pinterest-feed-widget\/"},{"@type":"ListItem","position":3,"name":"Pinterest Feed &#8211; BigCommerce"}]},{"@type":"WebSite","@id":"https:\/\/elfsight.com\/pt\/#website","url":"https:\/\/elfsight.com\/pt\/","name":"Elfsight PT","description":"Just another Elfsight Sites site","potentialAction":[{"@type":"SearchAction","target":{"@type":"EntryPoint","urlTemplate":"https:\/\/elfsight.com\/pt\/?s={search_term_string}"},"query-input":{"@type":"PropertyValueSpecification","valueRequired":true,"valueName":"search_term_string"}}],"inLanguage":"pt-PT"}]}},"meta_box":{"industry":"","seo_heading":"","heading":"","description":"","cta_heading":"","cta_description":"","application":"1198","h1":"Aplicativo BigCommerce Pinterest Feed","h1_caption":"Escolha o melhor conte\u00fado visual para o seu site no Pinterest","application_category":[],"applications_title":"","applications_request_title":"","applications_request_button_text":"","hero_text":"","hero_video":"","hero_video_schema_markup":"","selling_points_title":"","selling_points_caption":"","selling_points":[],"selling_points_cta_text":"","features_title":"","features":"","ed_cta_examples_text":"","ed_cta_examples_hidden":"","ed_cta_demo_text":"","ed_cta_demo_hidden":"","why_caption":"","why_editor_title":"","why_editor_text":"","why_team_title":"","why_team_text":"","why_service_title":"","why_service_text":"","template_catalog_visible":"","template_catalog_title":"","template_catalog_text":"","template_catalog_categories_visible":"","demo_title":"Crie seu aplicativo de feed do Pinterest","demo_caption":"Configure seu feed do Pinterest e adicione-o ao seu site BigCommerce gratuitamente!","default_faq_hidden":"","app_template_category":[],"platform":"43","template_public_id":"","codecanyon_url":"","codecanyon_item_id":"","codecanyon_price":"","pricing_caption":"","pricing_elfsight_apps_hide_column":"","pricing_elfsight_apps_url":"","pricing_codecanyon_price_caption":"","integration_category":[],"integration_request_title":"","integration_request_cta":"","integration_platform":"","integrations":[],"platform_category":[],"video_schema_markup":"","price":"a partir de US$ 0\/m\u00eas","trial":"","benefits":[{"text":"Assist\u00eancia de instala\u00e7\u00e3o gratuita"},{"text":"Atendimento ao cliente eficaz"},{"text":"Garantia de reembolso de 14 dias"},{"text":"Melhorias futuras"}],"button_url":"#demo","button_target_blank":"","button_nofollow":"","attributes":[{"name":"Instala\u00e7\u00f5es","content":"10,000 - 100,000"},{"name":"Responsivo","content":"Sim"},{"name":"Navegadores compat\u00edveis","content":"Firefox, Safari, Opera, Chrome, Edge"}],"tags":[],"tags_disable_links":"","hide_more_platforms":"","video_object":"","demo_hide_cta":"","demo_hide_cloud_options":"","pricing_title":"","pricing":[{"pricing_icon":"platform","pricing_title":"Elfsight Apps","pricing_title_caption":"Solu\u00e7\u00e3o digital multiplataforma","pricing_price":"a partir de US$ 0\/m\u00eas","pricing_price_caption":"comece com um plano gratuito","pricing_benefits":[{"text":"Sites ilimitados"},{"text":"Suporte gratuito da empresa e bem documentado"},{"text":"Suporte gratuito da empresa e bem documentado"},{"text":"Totalmente personaliz\u00e1vel"}],"pricing_button_text":"Adicionar ao site","pricing_button_url":"#demo"}],"related_apps_title":"","related_apps_hidden":"","author":"","image":[],"title":"","job":"","social_networks":[]},"_links":{"self":[{"href":"https:\/\/elfsight.com\/pt\/wp-json\/wp\/v2\/pages\/7384","targetHints":{"allow":["GET"]}}],"collection":[{"href":"https:\/\/elfsight.com\/pt\/wp-json\/wp\/v2\/pages"}],"about":[{"href":"https:\/\/elfsight.com\/pt\/wp-json\/wp\/v2\/types\/page"}],"author":[{"embeddable":true,"href":"https:\/\/elfsight.com\/pt\/wp-json\/wp\/v2\/users\/9"}],"replies":[{"embeddable":true,"href":"https:\/\/elfsight.com\/pt\/wp-json\/wp\/v2\/comments?post=7384"}],"version-history":[{"count":2,"href":"https:\/\/elfsight.com\/pt\/wp-json\/wp\/v2\/pages\/7384\/revisions"}],"predecessor-version":[{"id":12060,"href":"https:\/\/elfsight.com\/pt\/wp-json\/wp\/v2\/pages\/7384\/revisions\/12060"}],"up":[{"embeddable":true,"href":"https:\/\/elfsight.com\/pt\/wp-json\/wp\/v2\/pages\/1199"}],"wp:attachment":[{"href":"https:\/\/elfsight.com\/pt\/wp-json\/wp\/v2\/media?parent=7384"}],"curies":[{"name":"wp","href":"https:\/\/api.w.org\/{rel}","templated":true}]}}