{"id":7378,"date":"1970-01-01T00:00:00","date_gmt":"1970-01-01T00:00:00","guid":{"rendered":"https:\/\/elfsight.com\/pt\/?page_id=7378"},"modified":"2025-02-25T12:21:54","modified_gmt":"2025-02-25T12:21:54","slug":"elementor","status":"publish","type":"page","link":"https:\/\/elfsight.com\/pt\/pinterest-feed-widget\/elementor\/","title":{"rendered":"Pinterest Feed &#8211; Elementor"},"content":{"rendered":"\n<div class=\"application-platform-content-item-description application-platform-content-item\" id=\"description\" data-nav-section=\"description\"> <h2>Incorpore o feed do Pinterest no Elementor com o widget Elfsight<\/h2><p>O widget Elfsight Pinterest ajuda a exibir seu perfil e quaisquer pins e pain\u00e9is do Pinterest em seu site. Usando nosso plugin, voc\u00ea pode n\u00e3o apenas apresentar sua conta no Pinterest, mas tamb\u00e9m classificar pins e pain\u00e9is para ter cole\u00e7\u00f5es de fotos para o seu site. Exiba suas ofertas, motive seus clientes a descobrir novas inspira\u00e7\u00f5es ou apenas visualize seu site. Um feed flex\u00edvel do Pinterest ajudar\u00e1 voc\u00ea a aumentar a cobertura de seus materiais visuais, aumentar o n\u00edvel de envolvimento do site e aumentar o n\u00famero de assinantes no Pinterest.<\/p><p><b>Adicione ao seu site imagens das m\u00eddias sociais de forma imediata e conveniente.<\/b><\/p><p><b>Fortale\u00e7a o envolvimento dos visitantes do seu site<\/b><br> Fotos cuidadosamente selecionadas atraem o m\u00e1ximo de aten\u00e7\u00e3o dos usu\u00e1rios e mant\u00eam os clientes envolvidos.<\/p><p><b>Ampliar divulga\u00e7\u00e3o social do seu conte\u00fado no Pinterest.<\/b><br> Ofere\u00e7a uma oportunidade aos usu\u00e1rios que n\u00e3o est\u00e3o no Pinterest de descobrir seu rico conte\u00fado, demonstrando-o no site.<\/p><p><b>Aumente o n\u00edvel de vendas com visuais atrativos.<\/b><br> Escolha as imagens mais atrativas de seus produtos ou servi\u00e7os; demonstre as tend\u00eancias mais recentes e imagens inspiradoras para fazer as pessoas quererem comprar.<\/p><\/div><div class=\"application-platform-content-item-features application-platform-content-item\" id=\"features\" data-nav-section=\"features\"> <h2>Principais recursos do widget Feed do Pinterest<\/h2><p>V\u00e1rios recursos m\u00e9ritos, que fazem do widget Elfsight um dos plugins mais importantes para cada site WordPress:<\/p><ul><li>Adicionar pins e placas por URL;<\/li><li>Escolher a cor do tema principal;<\/li> <li>Mostrar ou ocultar o cabe\u00e7alho;<\/li><li>Clique na imagem para abri-la no Pinterest;<\/li><\/ul><p><a href=\"#demo\">Confira todos os recursos no painel<\/a><\/p><\/div><div class=\"application-platform-content-item-installation application-platform-content-item\" id=\"installation\" data-nav-section=\"installation\"><h2>Como adicionar o Pinterest Feed ao site Elementor<\/h2><div class=\"video-container\"><iframe width=\"720\" height=\"405\" src=\"https:\/\/www.youtube.com\/embed\/IXp6IEJfkeQ\" frameborder=\"0\" allowfullscreen=\"\"><\/iframe><\/div><p>Um simples tutorial sobre como gerar \u00edcones para um site sem conhecimento em desenvolvimento. O tempo total de execu\u00e7\u00e3o manual \u00e9 de cerca de 70 segundos.<\/p><ol><li><b>Crie seu plugin exclusivo do Pinterest<\/b><br> Usando nossa demonstra\u00e7\u00e3o gratuita, crie um plugin com layout e configura\u00e7\u00f5es desejados.<\/li><li><b>Adquira um c\u00f3digo para instalar o plugin<\/b><br> Ap\u00f3s a personaliza\u00e7\u00e3o do widget, obtenha um c\u00f3digo para o Pinterest Feed na janela que aparece nas aplica\u00e7\u00f5es Elfsight.<\/li><li><b>Exibir o plugin no site Elementor<\/b><br> Adicione o plugin no local desejado da p\u00e1gina e aplique os resultados.<\/li><li><b>Pronto!<\/b><br> V\u00e1 ao seu site para verificar seu trabalho.<\/li><\/ol><p>Voc\u00ea encontrou algumas dificuldades ao executar as instru\u00e7\u00f5es? Envie uma consulta para o centro de suporte da Elfsight.<\/p><div class=\"faq\" data-component=\"FAQ\"><div class=\"faq-item\">\r\n\t\t\t\t\t<div class=\"faq-item-question\">\r\n\t\t\t\t\t\t<h3 class=\"faq-item-question-text\">Como posso incorporar um Feed do Pinterest no meu site Elementor sem conhecimentos de programa\u00e7\u00e3o?<\/h3>\r\n\r\n\t\t\t\t\t\t<div class=\"faq-item-question-icon\"><\/div>\r\n\t\t\t\t\t<\/div>\r\n\r\n\t\t\t\t\t<div class=\"faq-item-answer\">\r\n\t\t\t\t\t\t<div class=\"faq-item-answer-text\"><p>A Elfsight oferece uma solu\u00e7\u00e3o baseada em nuvem que permite aos usu\u00e1rios criar seu pr\u00f3prio Feed do Pinterest, mostrando como o processo \u00e9 simples:<\/p>\n<ul>\n<li>Abra o editor online para criar uma se\u00e7\u00e3o do Feed do Pinterest que voc\u00ea deseja incorporar no seu site Elementor.<\/li>\n\n<li>Escolha um dos nossos modelos prontos e personalize as configura\u00e7\u00f5es do Feed do Pinterest, altere o layout e o esquema de cores, e integre seus conte\u00fados sem a necessidade de programa\u00e7\u00e3o.<\/li>\n\n<li>Mantenha as personaliza\u00e7\u00f5es feitas e obtenha o c\u00f3digo do widget para incorpora\u00e7\u00e3o, que pode ser facilmente inserido gratuitamente no seu site Elementor.<\/li>\n<\/ul>\n<p>Com o editor f\u00e1cil de usar, qualquer usu\u00e1rio pode criar uma se\u00e7\u00e3o de Feed do Pinterest e adicion\u00e1-la ao seu site Elementor. N\u00e3o \u00e9 necess\u00e1rio realizar nenhum pagamento ou fornecer dados de cart\u00e3o para acessar o editor da Elfsight. Caso encontre algum problema, n\u00e3o hesite em entrar em contato com o nosso suporte ao cliente.<\/p><\/div>\r\n\t\t\t\t\t<\/div>\r\n\t\t\t\t<\/div><\/div>\n<\/div>\n","protected":false},"excerpt":{"rendered":"","protected":false},"author":9,"featured_media":0,"parent":1199,"menu_order":0,"comment_status":"closed","ping_status":"closed","template":"templates\/template-application-platform.php","meta":{"publish_to_discourse":"","publish_post_category":"","wpdc_auto_publish_overridden":"","wpdc_topic_tags":"","wpdc_pin_topic":"","wpdc_pin_until":"","discourse_post_id":"","discourse_permalink":"","wpdc_publishing_response":"","wpdc_publishing_error":"","footnotes":""},"class_list":["post-7378","page","type-page","status-publish","hentry"],"yoast_head":"<!-- This site is optimized with the Yoast SEO plugin v25.3.1 - https:\/\/yoast.com\/wordpress\/plugins\/seo\/ -->\n<title>Widget de feed do Pinterest para o site Elementor (2025)<\/title>\n<meta name=\"description\" content=\"Crie seu widget Pinterest Feed para Elementor adicionar em seu site em apenas 3 minutos. Demonstra\u00e7\u00e3o gratuita, suporte com ajuste e outras vantagens da Elfsight!\" \/>\n<meta name=\"robots\" content=\"index, follow, max-snippet:-1, max-image-preview:large, max-video-preview:-1\" \/>\n<link rel=\"canonical\" href=\"https:\/\/elfsight.com\/pt\/pinterest-feed-widget\/elementor\/\" \/>\n<meta property=\"og:locale\" content=\"pt_PT\" \/>\n<meta property=\"og:type\" content=\"article\" \/>\n<meta property=\"og:title\" content=\"Widget de feed do Pinterest para o site Elementor (2025)\" \/>\n<meta property=\"og:description\" content=\"Crie seu widget Pinterest Feed para Elementor adicionar em seu site em apenas 3 minutos. Demonstra\u00e7\u00e3o gratuita, suporte com ajuste e outras vantagens da Elfsight!\" \/>\n<meta property=\"og:url\" content=\"https:\/\/elfsight.com\/pt\/pinterest-feed-widget\/elementor\/\" \/>\n<meta property=\"og:site_name\" content=\"Elfsight PT\" \/>\n<meta property=\"article:modified_time\" content=\"2025-02-25T12:21:54+00:00\" \/>\n<meta name=\"twitter:card\" content=\"summary_large_image\" \/>\n<meta name=\"twitter:label1\" content=\"Tempo estimado de leitura\" \/>\n\t<meta name=\"twitter:data1\" content=\"4 minutos\" \/>\n<!-- \/ Yoast SEO plugin. -->","yoast_head_json":{"title":"Widget de feed do Pinterest para o site Elementor (2025)","description":"Crie seu widget Pinterest Feed para Elementor adicionar em seu site em apenas 3 minutos. Demonstra\u00e7\u00e3o gratuita, suporte com ajuste e outras vantagens da Elfsight!","robots":{"index":"index","follow":"follow","max-snippet":"max-snippet:-1","max-image-preview":"max-image-preview:large","max-video-preview":"max-video-preview:-1"},"canonical":"https:\/\/elfsight.com\/pt\/pinterest-feed-widget\/elementor\/","og_locale":"pt_PT","og_type":"article","og_title":"Widget de feed do Pinterest para o site Elementor (2025)","og_description":"Crie seu widget Pinterest Feed para Elementor adicionar em seu site em apenas 3 minutos. Demonstra\u00e7\u00e3o gratuita, suporte com ajuste e outras vantagens da Elfsight!","og_url":"https:\/\/elfsight.com\/pt\/pinterest-feed-widget\/elementor\/","og_site_name":"Elfsight PT","article_modified_time":"2025-02-25T12:21:54+00:00","twitter_card":"summary_large_image","twitter_misc":{"Tempo estimado de leitura":"4 minutos"},"schema":{"@context":"https:\/\/schema.org","@graph":[{"@type":"WebPage","@id":"https:\/\/elfsight.com\/pt\/pinterest-feed-widget\/elementor\/","url":"https:\/\/elfsight.com\/pt\/pinterest-feed-widget\/elementor\/","name":"Widget de feed do Pinterest para o site Elementor (2025)","isPartOf":{"@id":"https:\/\/elfsight.com\/pt\/#website"},"datePublished":"1970-01-01T00:00:00+00:00","dateModified":"2025-02-25T12:21:54+00:00","description":"Crie seu widget Pinterest Feed para Elementor adicionar em seu site em apenas 3 minutos. Demonstra\u00e7\u00e3o gratuita, suporte com ajuste e outras vantagens da Elfsight!","breadcrumb":{"@id":"https:\/\/elfsight.com\/pt\/pinterest-feed-widget\/elementor\/#breadcrumb"},"inLanguage":"pt-PT","potentialAction":[{"@type":"ReadAction","target":["https:\/\/elfsight.com\/pt\/pinterest-feed-widget\/elementor\/"]}]},{"@type":"BreadcrumbList","@id":"https:\/\/elfsight.com\/pt\/pinterest-feed-widget\/elementor\/#breadcrumb","itemListElement":[{"@type":"ListItem","position":1,"name":"Home","item":"https:\/\/elfsight.com\/pt\/"},{"@type":"ListItem","position":2,"name":"Pinterest Feed","item":"https:\/\/elfsight.com\/pt\/pinterest-feed-widget\/"},{"@type":"ListItem","position":3,"name":"Pinterest Feed &#8211; Elementor"}]},{"@type":"WebSite","@id":"https:\/\/elfsight.com\/pt\/#website","url":"https:\/\/elfsight.com\/pt\/","name":"Elfsight PT","description":"Just another Elfsight Sites site","potentialAction":[{"@type":"SearchAction","target":{"@type":"EntryPoint","urlTemplate":"https:\/\/elfsight.com\/pt\/?s={search_term_string}"},"query-input":{"@type":"PropertyValueSpecification","valueRequired":true,"valueName":"search_term_string"}}],"inLanguage":"pt-PT"}]}},"meta_box":{"industry":"","seo_heading":"","heading":"","description":"","cta_heading":"","cta_description":"","application":"1198","h1":"Feed do Pinterest da Elementor","h1_caption":"Converta os visitantes do seu site em seguidores do Pinterest","application_category":[],"applications_title":"","applications_request_title":"","applications_request_button_text":"","hero_text":"","hero_video":"","hero_video_schema_markup":"","selling_points_title":"","selling_points_caption":"","selling_points":[],"selling_points_cta_text":"","features_title":"","features":"","ed_cta_examples_text":"","ed_cta_examples_hidden":"","ed_cta_demo_text":"","ed_cta_demo_hidden":"","why_caption":"","why_editor_title":"","why_editor_text":"","why_team_title":"","why_team_text":"","why_service_title":"","why_service_text":"","template_catalog_visible":"0","template_catalog_title":"","template_catalog_text":"","template_catalog_categories_visible":"","demo_title":"Crie seu widget de feed do Pinterest","demo_caption":"Configure seu Pinterest Feed e adicione-o ao seu site Elementor gratuitamente!","default_faq_hidden":"","app_template_category":[],"platform":"100","template_public_id":"","codecanyon_url":"","codecanyon_item_id":"","codecanyon_price":"","pricing_caption":"","pricing_elfsight_apps_hide_column":"","pricing_elfsight_apps_url":"","pricing_codecanyon_price_caption":"","integration_category":[],"integration_request_title":"","integration_request_cta":"","integration_platform":"","integrations":[],"platform_category":[],"video_schema_markup":"","price":"a partir de US$ 0\/m\u00eas","trial":"","benefits":[{"text":"Servi\u00e7o de instala\u00e7\u00e3o gratuito"},{"text":"Suporte premium"},{"text":"Garantia de devolu\u00e7\u00e3o do dinheiro em 14 dias"},{"text":"Atualiza\u00e7\u00f5es futuras"}],"button_url":"#demo","button_target_blank":"0","button_nofollow":"0","attributes":[{"name":"Instala\u00e7\u00f5es","content":"10,000 - 100,000"},{"name":"Responsivo","content":"Sim"},{"name":"Navegadores compat\u00edveis","content":"Firefox, Safari, Opera, Chrome, Edge"}],"tags":[],"tags_disable_links":"0","hide_more_platforms":"0","video_object":"","demo_hide_cta":"0","demo_hide_cloud_options":"0","pricing_title":"","pricing":[{"pricing_icon":"platform","pricing_title":"Elfsight Apps","pricing_title_caption":"Solu\u00e7\u00e3o multiplataforma adequada para qualquer site","pricing_price":"a partir de US$ 0\/m\u00eas","pricing_price_caption":"comece com plano gratuito","pricing_benefits":[{"text":"Dom\u00ednios ilimitados"},{"text":"Suporte 24 horas por dia, 7 dias por semana e pontual"},{"text":"Suporte 24 horas por dia, 7 dias por semana e pontual"},{"text":"Oferta especial para v\u00e1rios aplicativos"}],"pricing_button_text":"Adicionar ao site","pricing_button_url":"#demo"}],"related_apps_title":"","related_apps_hidden":"0","author":"","image":[],"title":"","job":"","social_networks":[]},"_links":{"self":[{"href":"https:\/\/elfsight.com\/pt\/wp-json\/wp\/v2\/pages\/7378","targetHints":{"allow":["GET"]}}],"collection":[{"href":"https:\/\/elfsight.com\/pt\/wp-json\/wp\/v2\/pages"}],"about":[{"href":"https:\/\/elfsight.com\/pt\/wp-json\/wp\/v2\/types\/page"}],"author":[{"embeddable":true,"href":"https:\/\/elfsight.com\/pt\/wp-json\/wp\/v2\/users\/9"}],"replies":[{"embeddable":true,"href":"https:\/\/elfsight.com\/pt\/wp-json\/wp\/v2\/comments?post=7378"}],"version-history":[{"count":3,"href":"https:\/\/elfsight.com\/pt\/wp-json\/wp\/v2\/pages\/7378\/revisions"}],"predecessor-version":[{"id":13957,"href":"https:\/\/elfsight.com\/pt\/wp-json\/wp\/v2\/pages\/7378\/revisions\/13957"}],"up":[{"embeddable":true,"href":"https:\/\/elfsight.com\/pt\/wp-json\/wp\/v2\/pages\/1199"}],"wp:attachment":[{"href":"https:\/\/elfsight.com\/pt\/wp-json\/wp\/v2\/media?parent=7378"}],"curies":[{"name":"wp","href":"https:\/\/api.w.org\/{rel}","templated":true}]}}