{"id":7369,"date":"1970-01-01T00:00:00","date_gmt":"1970-01-01T00:00:00","guid":{"rendered":"https:\/\/elfsight.com\/pt\/?page_id=7369"},"modified":"2025-02-25T12:44:58","modified_gmt":"2025-02-25T12:44:58","slug":"google-sites","status":"publish","type":"page","link":"https:\/\/elfsight.com\/pt\/pinterest-feed-widget\/google-sites\/","title":{"rendered":"Pinterest Feed &#8211; Google Sites"},"content":{"rendered":"\n<div class=\"application-platform-content-item-description application-platform-content-item\" id=\"description\" data-nav-section=\"description\"><h2>Incorpore o Pinterest Feed no Google Sites com o widget Elfsight<\/h2><p>Usando o Pinterest Feed da Elfsight, voc\u00ea pode incorporar no seu site espl\u00eandido conte\u00fado visual do Pinterest rapidamente. O widget Elfsight ajuda a adicionar pins, pain\u00e9is e toda a sua conta do Pinterest espec\u00edficos ao seu site. Atraia seus futuros clientes com fotos cuidadosamente selecionadas, pain\u00e9is tem\u00e1ticos e crie suas pr\u00f3prias cole\u00e7\u00f5es exclusivas. Obtenha melhor divulga\u00e7\u00e3o de suas fotos do Pinterest, aumente o engajamento em seu site e tenha novos seguidores para sua conta do Pinterest simultaneamente.<\/p><p><b>Anuncie seus itens, servi\u00e7os e conquistas no site com pins e pain\u00e9is do Pinterest! <\/b><\/p><ul><li><b>Aumente o envolvimento dos visitantes em seu site<\/b> <br>Imagens cuidadosamente escolhidas em seu site atrair\u00e3o o m\u00e1ximo de aten\u00e7\u00e3o e manter\u00e3o os futuros clientes engajados.<\/li><li><b>Aumente os seguidores no Pinterest<\/b> <br>Com o bot\u00e3o Seguir dispon\u00edvel no feed, mais usu\u00e1rios ter\u00e3o a chance de se juntar aos seus seguidores.<\/li><li><b>Fortale\u00e7a o n\u00edvel de vendas com imagens atraentes<\/b> <br>Escolha as imagens mais tentadoras de suas ofertas; exibir as mais novas tend\u00eancias e imagens inspiradoras para fazer as pessoas quererem comprar.<\/li><\/ul><\/div><div class=\"application-platform-content-item-features application-platform-content-item\" id=\"features\" data-nav-section=\"features\"><h2>Principais recursos do widget Feed do Pinterest<\/h2><ul><li>T\u00edtulo edit\u00e1vel do widget;<\/li><li>22 idiomas populares dispon\u00edveis;<\/li><li>Mostrar ou ocultar o cabe\u00e7alho;<\/li><li>Clique na imagem para abri-la no Pinterest;<\/li><\/ul><p><a href=\"#demo\">Examine todos os recursos de personaliza\u00e7\u00e3o na demonstra\u00e7\u00e3o completa<\/a><\/p> <\/div> <div class=\"application-platform-content-item-installation application-platform-content-item\" id=\"installation\" data-nav-section=\"installation\"> <h2>Como posso adicionar o Pinterest Feed ao meu site do Google Sites? <\/h2><div class=\"video-container\"><iframe width=\"720\" height=\"405\" src=\"https:\/\/www.youtube.com\/embed\/YcqTjdBVjHM\" frameborder=\"0\" allowfullscreen=\"\"><\/iframe><\/div> <p>Basta seguir as orienta\u00e7\u00f5es abaixo para integrar a ferramenta. <\/p> <ol><li><b>Gerencie nosso configurador gratuito e comece a criar seu widget personalizado. <\/b><br> Especifique a interface e os aspectos preferidos da ferramenta e salve as modifica\u00e7\u00f5es. <\/li> <li><b>Adquira o c\u00f3digo individual mostrado na caixa nas aplica\u00e7\u00f5es Elfsight. <\/b><br> Ap\u00f3s a conclus\u00e3o da cria\u00e7\u00e3o da sua ferramenta, copie o c\u00f3digo exclusivo na caixa que aparece e salve-o para uso posterior. <\/li> <li><b>Comece a usar a ferramenta no seu site do Google Sites. <\/b><br> Integre o c\u00f3digo que voc\u00ea copiou recentemente em seu site e aplique os ajustes. <\/li> <li><b>Conclu\u00eddo! A incorpora\u00e7\u00e3o foi realizada com sucesso. <\/b><br> Acesse sua p\u00e1gina da web para ver em a\u00e7\u00e3o o desempenho do plug-in. <\/li><\/ol> <div class=\"tip-yellow tip\"><b>Devido \u00e0s peculiaridades do funcionamento do Google Sites, o widget pode ter uma apar\u00eancia diferente da demonstra\u00e7\u00e3o on-line. Pedimos desculpas por qualquer inconveniente causado.<\/b><\/div><p>Caso tenha d\u00favidas ou encontre alguns obst\u00e1culos, n\u00e3o hesite em entrar em contato com nossa equipe de atendimento ao cliente. Nossos especialistas est\u00e3o ansiosos para resolver todas as dificuldades que voc\u00ea possa ter com o widget. <\/p> <div class=\"faq\" data-component=\"FAQ\"><div class=\"faq-item\">\r\n\t\t\t\t\t<div class=\"faq-item-question\">\r\n\t\t\t\t\t\t<h3 class=\"faq-item-question-text\">Como posso integrar um widget Pinterest Feed na minha p\u00e1gina do Google Sites sem conhecimento de codifica\u00e7\u00e3o?<\/h3>\r\n\r\n\t\t\t\t\t\t<div class=\"faq-item-question-icon\"><\/div>\r\n\t\t\t\t\t<\/div>\r\n\r\n\t\t\t\t\t<div class=\"faq-item-answer\">\r\n\t\t\t\t\t\t<div class=\"faq-item-answer-text\"><p>A Elfsight fornece uma solu\u00e7\u00e3o baseada na nuvem que permite aos usu\u00e1rios incorporar um widget Pinterest Feed na p\u00e1gina do Google Sites, descubra como o processo \u00e9 simples:<\/p><ul><li>Acesse o editor on-line para criar uma se\u00e7\u00e3o de widget do Pinterest Feed que voc\u00ea gostaria de incorporar \u00e0 sua p\u00e1gina do Google Sites.<\/li> <li>Selecione um de nossos modelos predefinidos e personalize as configura\u00e7\u00f5es do widget do Pinterest Feed, ajuste o layout e o esquema de cores, insira seu conte\u00fado sem a necessidade de codifica\u00e7\u00e3o.<\/li><li>Salve as configura\u00e7\u00f5es que voc\u00ea configurou para o widget Pinterest Feed e adquira o c\u00f3digo do widget para inser\u00e7\u00e3o, que pode ser facilmente adicionado \u00e0 sua p\u00e1gina do Google Sites sem nenhum custo.<\/li><\/ul><p>Ao trabalhar dentro do Editor amig\u00e1vel, qualquer usu\u00e1rio da Internet pode adicione uma se\u00e7\u00e3o de widget do Pinterest Feed e incorpore-a \u00e0 p\u00e1gina do Google Sites. N\u00e3o h\u00e1 necessidade de pagamento ou divulga\u00e7\u00e3o dos dados do seu cart\u00e3o para aceder ao Editor Elfsight. Se voc\u00ea encontrar algum problema em qualquer est\u00e1gio, n\u00e3o hesite em entrar em contato com nosso suporte ao cliente.<\/p><\/div>\r\n\t\t\t\t\t<\/div>\r\n\t\t\t\t<\/div><\/div><\/div>\n","protected":false},"excerpt":{"rendered":"","protected":false},"author":9,"featured_media":0,"parent":1199,"menu_order":0,"comment_status":"closed","ping_status":"closed","template":"templates\/template-application-platform.php","meta":{"publish_to_discourse":"","publish_post_category":"","wpdc_auto_publish_overridden":"","wpdc_topic_tags":"","wpdc_pin_topic":"","wpdc_pin_until":"","discourse_post_id":"","discourse_permalink":"","wpdc_publishing_response":"","wpdc_publishing_error":"","footnotes":""},"class_list":["post-7369","page","type-page","status-publish","hentry"],"yoast_head":"<!-- This site is optimized with the Yoast SEO plugin v25.3.1 - https:\/\/yoast.com\/wordpress\/plugins\/seo\/ -->\n<title>Feed do Pinterest - Adicionar feed do Pinterest ao Google Sites (2025)<\/title>\n<meta name=\"description\" content=\"Implemente uma extens\u00e3o responsiva do Pinterest Feed em seu site do Google Sites e obtenha confian\u00e7a total. Aplique a demonstra\u00e7\u00e3o da Elfsight para criar seu recurso personalizado.\" \/>\n<meta name=\"robots\" content=\"index, follow, max-snippet:-1, max-image-preview:large, max-video-preview:-1\" \/>\n<link rel=\"canonical\" href=\"https:\/\/elfsight.com\/pt\/pinterest-feed-widget\/google-sites\/\" \/>\n<meta property=\"og:locale\" content=\"pt_PT\" \/>\n<meta property=\"og:type\" content=\"article\" \/>\n<meta property=\"og:title\" content=\"Feed do Pinterest - Adicionar feed do Pinterest ao Google Sites (2025)\" \/>\n<meta property=\"og:description\" content=\"Implemente uma extens\u00e3o responsiva do Pinterest Feed em seu site do Google Sites e obtenha confian\u00e7a total. Aplique a demonstra\u00e7\u00e3o da Elfsight para criar seu recurso personalizado.\" \/>\n<meta property=\"og:url\" content=\"https:\/\/elfsight.com\/pt\/pinterest-feed-widget\/google-sites\/\" \/>\n<meta property=\"og:site_name\" content=\"Elfsight PT\" \/>\n<meta property=\"article:modified_time\" content=\"2025-02-25T12:44:58+00:00\" \/>\n<meta name=\"twitter:card\" content=\"summary_large_image\" \/>\n<meta name=\"twitter:label1\" content=\"Tempo estimado de leitura\" \/>\n\t<meta name=\"twitter:data1\" content=\"4 minutos\" \/>\n<!-- \/ Yoast SEO plugin. -->","yoast_head_json":{"title":"Feed do Pinterest - Adicionar feed do Pinterest ao Google Sites (2025)","description":"Implemente uma extens\u00e3o responsiva do Pinterest Feed em seu site do Google Sites e obtenha confian\u00e7a total. Aplique a demonstra\u00e7\u00e3o da Elfsight para criar seu recurso personalizado.","robots":{"index":"index","follow":"follow","max-snippet":"max-snippet:-1","max-image-preview":"max-image-preview:large","max-video-preview":"max-video-preview:-1"},"canonical":"https:\/\/elfsight.com\/pt\/pinterest-feed-widget\/google-sites\/","og_locale":"pt_PT","og_type":"article","og_title":"Feed do Pinterest - Adicionar feed do Pinterest ao Google Sites (2025)","og_description":"Implemente uma extens\u00e3o responsiva do Pinterest Feed em seu site do Google Sites e obtenha confian\u00e7a total. Aplique a demonstra\u00e7\u00e3o da Elfsight para criar seu recurso personalizado.","og_url":"https:\/\/elfsight.com\/pt\/pinterest-feed-widget\/google-sites\/","og_site_name":"Elfsight PT","article_modified_time":"2025-02-25T12:44:58+00:00","twitter_card":"summary_large_image","twitter_misc":{"Tempo estimado de leitura":"4 minutos"},"schema":{"@context":"https:\/\/schema.org","@graph":[{"@type":"WebPage","@id":"https:\/\/elfsight.com\/pt\/pinterest-feed-widget\/google-sites\/","url":"https:\/\/elfsight.com\/pt\/pinterest-feed-widget\/google-sites\/","name":"Feed do Pinterest - Adicionar feed do Pinterest ao Google Sites (2025)","isPartOf":{"@id":"https:\/\/elfsight.com\/pt\/#website"},"datePublished":"1970-01-01T00:00:00+00:00","dateModified":"2025-02-25T12:44:58+00:00","description":"Implemente uma extens\u00e3o responsiva do Pinterest Feed em seu site do Google Sites e obtenha confian\u00e7a total. Aplique a demonstra\u00e7\u00e3o da Elfsight para criar seu recurso personalizado.","breadcrumb":{"@id":"https:\/\/elfsight.com\/pt\/pinterest-feed-widget\/google-sites\/#breadcrumb"},"inLanguage":"pt-PT","potentialAction":[{"@type":"ReadAction","target":["https:\/\/elfsight.com\/pt\/pinterest-feed-widget\/google-sites\/"]}]},{"@type":"BreadcrumbList","@id":"https:\/\/elfsight.com\/pt\/pinterest-feed-widget\/google-sites\/#breadcrumb","itemListElement":[{"@type":"ListItem","position":1,"name":"Home","item":"https:\/\/elfsight.com\/pt\/"},{"@type":"ListItem","position":2,"name":"Pinterest Feed","item":"https:\/\/elfsight.com\/pt\/pinterest-feed-widget\/"},{"@type":"ListItem","position":3,"name":"Pinterest Feed &#8211; Google Sites"}]},{"@type":"WebSite","@id":"https:\/\/elfsight.com\/pt\/#website","url":"https:\/\/elfsight.com\/pt\/","name":"Elfsight PT","description":"Just another Elfsight Sites site","potentialAction":[{"@type":"SearchAction","target":{"@type":"EntryPoint","urlTemplate":"https:\/\/elfsight.com\/pt\/?s={search_term_string}"},"query-input":{"@type":"PropertyValueSpecification","valueRequired":true,"valueName":"search_term_string"}}],"inLanguage":"pt-PT"}]}},"meta_box":{"industry":"","seo_heading":"","heading":"","description":"","cta_heading":"","cta_description":"","application":"1198","h1":"Widget de feed do Pinterest do Google Sites","h1_caption":"Selecione o melhor conte\u00fado visual para o seu site no Pinterest","application_category":[],"applications_title":"","applications_request_title":"","applications_request_button_text":"","hero_text":"","hero_video":"","hero_video_schema_markup":"","selling_points_title":"","selling_points_caption":"","selling_points":[],"selling_points_cta_text":"","features_title":"","features":"","ed_cta_examples_text":"","ed_cta_examples_hidden":"","ed_cta_demo_text":"","ed_cta_demo_hidden":"","why_caption":"","why_editor_title":"","why_editor_text":"","why_team_title":"","why_team_text":"","why_service_title":"","why_service_text":"","template_catalog_visible":"0","template_catalog_title":"","template_catalog_text":"","template_catalog_categories_visible":"","demo_title":"Crie seu widget de feed do Pinterest","demo_caption":"Configure seu feed do Pinterest e adicione-o ao seu site do Google Sites gratuitamente!","default_faq_hidden":"","app_template_category":[],"platform":"112","template_public_id":"","codecanyon_url":"","codecanyon_item_id":"","codecanyon_price":"","pricing_caption":"","pricing_elfsight_apps_hide_column":"","pricing_elfsight_apps_url":"","pricing_codecanyon_price_caption":"","integration_category":[],"integration_request_title":"","integration_request_cta":"","integration_platform":"","integrations":[],"platform_category":[],"video_schema_markup":"","price":"a partir de US$ 0\/m\u00eas","trial":"","benefits":[{"text":"Servi\u00e7o de instala\u00e7\u00e3o gratuito"},{"text":"Suporte ao cliente experiente"},{"text":"Garantia de reembolso de 14 dias"},{"text":"Desenvolvimento cont\u00ednuo"}],"button_url":"#demo","button_target_blank":"0","button_nofollow":"0","attributes":[{"name":"Instala\u00e7\u00f5es","content":"10,000 - 100,000"},{"name":"Responsivo","content":"Pronto para dispositivos m\u00f3veis"},{"name":"Navegadores compat\u00edveis","content":"Safari, Firefox, Opera, Chrome, Edge"}],"tags":[],"tags_disable_links":"0","hide_more_platforms":"0","video_object":"","demo_hide_cta":"0","demo_hide_cloud_options":"0","pricing_title":"","pricing":[{"pricing_icon":"platform","pricing_title":"Elfsight Apps","pricing_title_caption":"Software independente de plataforma que funciona em qualquer site","pricing_price":"a partir de US$ 0\/m\u00eas","pricing_price_caption":"comece com plano gratuito","pricing_benefits":[{"text":"N\u00famero ilimitado de sites"},{"text":"Suporte premium"},{"text":"Suporte premium"},{"text":"100% personaliz\u00e1vel"}],"pricing_button_text":"Adicionar ao site","pricing_button_url":"#demo"}],"related_apps_title":"","related_apps_hidden":"0","author":"","image":[],"title":"","job":"","social_networks":[]},"_links":{"self":[{"href":"https:\/\/elfsight.com\/pt\/wp-json\/wp\/v2\/pages\/7369","targetHints":{"allow":["GET"]}}],"collection":[{"href":"https:\/\/elfsight.com\/pt\/wp-json\/wp\/v2\/pages"}],"about":[{"href":"https:\/\/elfsight.com\/pt\/wp-json\/wp\/v2\/types\/page"}],"author":[{"embeddable":true,"href":"https:\/\/elfsight.com\/pt\/wp-json\/wp\/v2\/users\/9"}],"replies":[{"embeddable":true,"href":"https:\/\/elfsight.com\/pt\/wp-json\/wp\/v2\/comments?post=7369"}],"version-history":[{"count":3,"href":"https:\/\/elfsight.com\/pt\/wp-json\/wp\/v2\/pages\/7369\/revisions"}],"predecessor-version":[{"id":13968,"href":"https:\/\/elfsight.com\/pt\/wp-json\/wp\/v2\/pages\/7369\/revisions\/13968"}],"up":[{"embeddable":true,"href":"https:\/\/elfsight.com\/pt\/wp-json\/wp\/v2\/pages\/1199"}],"wp:attachment":[{"href":"https:\/\/elfsight.com\/pt\/wp-json\/wp\/v2\/media?parent=7369"}],"curies":[{"name":"wp","href":"https:\/\/api.w.org\/{rel}","templated":true}]}}