{"id":7367,"date":"1970-01-01T00:00:00","date_gmt":"1970-01-01T00:00:00","guid":{"rendered":"https:\/\/elfsight.com\/pt\/?page_id=7367"},"modified":"2024-11-12T15:30:33","modified_gmt":"2024-11-12T15:30:33","slug":"prestashop","status":"publish","type":"page","link":"https:\/\/elfsight.com\/pt\/pinterest-feed-widget\/prestashop\/","title":{"rendered":"Pinterest Feed &#8211; PrestaShop"},"content":{"rendered":"<div class=\"application-platform-content-item-description application-platform-content-item\" id=\"description\" data-nav-section=\"description\"> <h2>Descri\u00e7\u00e3o<\/h2> <p>Elfsight Pinterest Feed para Prestashop \u00e9 um m\u00f3dulo que visa ajud\u00e1-lo com todas as necessidades atuais na recolha de impress\u00f5es e pedidos dos usu\u00e1rios do seu site. Apresente os itens necess\u00e1rios para preenchimento, selecione o template preferido e personalize a interface para inspirar ainda mais seus clientes a deixarem demandas pelos servi\u00e7os de sua empresa. Nosso Pinterest Feed \u00e9 formado para atender a todas as suas demandas de coleta de feedback e contato com seus clientes. <\/p><p><b>Com o Pinterest Feed, tenha desenvolvimento ativo de neg\u00f3cios e maiores vendas <\/b><\/p> <\/div> <div class=\"application-platform-content-item-features application-platform-content-item\" id=\"features\" data-nav-section=\"features\"> <h2>Confira a lista dos mais recursos \u00fateis: <\/h2> <ul><li>Integrar sua conta do Pinterest ao seu site<\/li><li>Adicionar pins ou pain\u00e9is pr\u00f3prios ou de outros usu\u00e1rios por URL<\/li><li>Mostrar contagens seguintes da conta , seguidores e nome<\/li><li>Bot\u00e3o Seguir no cabe\u00e7alho para seguir sua conta sem problemas<\/li><li>Exibir ou ocultar contagens de pins e pain\u00e9is<\/li><li>Mostrar pain\u00e9is por um ou unir todos os pins deles em uma \u00fanica grade<\/li><li>Elementos de pinos altern\u00e1veis: \u00edcone do Pinterest, texto, bot\u00e3o Compartilhar, autor<\/li><li>Clique na imagem e ela ser\u00e1 aberta no Pinterest<\/li><\/ul><p><a href=\"#demo\">Teste todos os recursos de personaliza\u00e7\u00e3o em uma demonstra\u00e7\u00e3o completa<\/a><\/p> <\/div> <div class=\"application-platform-content-item-installation application-platform-content-item\" id=\"installation\" data-nav-section=\"installation\"> <h2>Como fa\u00e7o para adicionar Feed do Pinterest para minha p\u00e1gina PrestaShop? <\/h2> <p>Basta seguir as instru\u00e7\u00f5es abaixo para inserir o complemento. <\/p> <ol><li><b>Inicie nosso editor gratuito e comece a criar seu pr\u00f3prio instrumento. <\/b><br> Determine o design selecionado e as op\u00e7\u00f5es da ferramenta e salve as corre\u00e7\u00f5es. <\/li> <li><b>Obtenha o seu c\u00f3digo pessoal que aparece na caixa nas aplica\u00e7\u00f5es Elfsight. <\/b><br> Ap\u00f3s a configura\u00e7\u00e3o do seu widget pessoal, copie o c\u00f3digo individual na janela que aparece e guarde-o para uso posterior. <\/li> <li><b>Inicie a utiliza\u00e7\u00e3o do widget na sua p\u00e1gina PrestaShop. <\/b><br> Insira o c\u00f3digo que voc\u00ea salvou recentemente em seu site e salve as modifica\u00e7\u00f5es. <\/li> <li><b>Pronto! A integra\u00e7\u00e3o terminou totalmente. <\/b><br> Acesse seu site para ver como o complemento funciona. <\/li><\/ol> <p>Se voc\u00ea desafiar algum obst\u00e1culo, entre em contato com nossa equipe de atendimento ao cliente. Nosso pessoal ter\u00e1 prazer em resolver todas as d\u00favidas que voc\u00ea possa ter com o addon. <\/p> <\/div><div class=\"faq\" data-component=\"FAQ\"><div class=\"faq-item\">\r\n\t\t\t\t\t<div class=\"faq-item-question\">\r\n\t\t\t\t\t\t<h3 class=\"faq-item-question-text\">Como posso adicionar o Pinterest Feed ao meu site PrestaShop sem codifica\u00e7\u00e3o?<\/h3>\r\n\r\n\t\t\t\t\t\t<div class=\"faq-item-question-icon\"><\/div>\r\n\t\t\t\t\t<\/div>\r\n\r\n\t\t\t\t\t<div class=\"faq-item-answer\">\r\n\t\t\t\t\t\t<div class=\"faq-item-answer-text\"><p>A empresa Elfsight apresenta uma solu\u00e7\u00e3o Cloud que permite ao usu\u00e1rio criar um plug-in de feed do Pinterest, siga as instru\u00e7\u00f5es simples: <\/p><ul><li>Comece a trabalhar no editor on-line para criar um plug-in de feed do Pinterest que voc\u00ea gostaria de ver em seu site PrestaShop.<\/li><li>Selecione um dos modelos prontos e adapte as configura\u00e7\u00f5es do Pinterest Feed, atualize seu conte\u00fado, altere o layout e as cores sem nenhuma experi\u00eancia de codifica\u00e7\u00e3o.<\/li><li>Clique para salvar o Pinterest Feed e copiar o c\u00f3digo do plugin para incorpora\u00e7\u00e3o, que pode ser facilmente incorporada no site PrestaShop gratuitamente. <\/li><\/ul><p>Trabalhando em nosso editor intuitivo, cada usu\u00e1rio da Internet pode criar o Pinterest Feed on-line e incorpor\u00e1-lo facilmente \u00e0 p\u00e1gina inicial do PrestaShop. N\u00e3o \u00e9 necess\u00e1rio pagar ou divulgar as credenciais do seu cart\u00e3o para acessar nosso Editor. Se voc\u00ea enfrentar qualquer tipo de problema, sinta-se \u00e0 vontade para falar com nosso suporte t\u00e9cnico ao cliente.<\/p><\/div>\r\n\t\t\t\t\t<\/div>\r\n\t\t\t\t<\/div><\/div>","protected":false},"excerpt":{"rendered":"","protected":false},"author":9,"featured_media":0,"parent":1199,"menu_order":0,"comment_status":"closed","ping_status":"closed","template":"templates\/template-application-platform.php","meta":{"publish_to_discourse":"","publish_post_category":"","wpdc_auto_publish_overridden":"","wpdc_topic_tags":"","wpdc_pin_topic":"","wpdc_pin_until":"","discourse_post_id":"","discourse_permalink":"","wpdc_publishing_response":"","wpdc_publishing_error":"","footnotes":""},"class_list":["post-7367","page","type-page","status-publish","hentry"],"yoast_head":"<!-- This site is optimized with the Yoast SEO plugin v25.3.1 - https:\/\/yoast.com\/wordpress\/plugins\/seo\/ -->\n<title>Pinterest Feed - Adicionar complemento do Pinterest ao site PrestaShop (2025)<\/title>\n<meta name=\"description\" content=\"Molde seu plugin Pinterest Feed para PrestaShop e incorpore-o em seu site. Demonstra\u00e7\u00e3o gratuita, ajuda na integra\u00e7\u00e3o e mais b\u00f3nus da Elfsight!\" \/>\n<meta name=\"robots\" content=\"index, follow, max-snippet:-1, max-image-preview:large, max-video-preview:-1\" \/>\n<link rel=\"canonical\" href=\"https:\/\/elfsight.com\/pt\/pinterest-feed-widget\/prestashop\/\" \/>\n<meta property=\"og:locale\" content=\"pt_PT\" \/>\n<meta property=\"og:type\" content=\"article\" \/>\n<meta property=\"og:title\" content=\"Pinterest Feed - Adicionar complemento do Pinterest ao site PrestaShop (2025)\" \/>\n<meta property=\"og:description\" content=\"Molde seu plugin Pinterest Feed para PrestaShop e incorpore-o em seu site. Demonstra\u00e7\u00e3o gratuita, ajuda na integra\u00e7\u00e3o e mais b\u00f3nus da Elfsight!\" \/>\n<meta property=\"og:url\" content=\"https:\/\/elfsight.com\/pt\/pinterest-feed-widget\/prestashop\/\" \/>\n<meta property=\"og:site_name\" content=\"Elfsight PT\" \/>\n<meta property=\"article:modified_time\" content=\"2024-11-12T15:30:33+00:00\" \/>\n<meta name=\"twitter:card\" content=\"summary_large_image\" \/>\n<meta name=\"twitter:label1\" content=\"Tempo estimado de leitura\" \/>\n\t<meta name=\"twitter:data1\" content=\"3 minutos\" \/>\n<!-- \/ Yoast SEO plugin. -->","yoast_head_json":{"title":"Pinterest Feed - Adicionar complemento do Pinterest ao site PrestaShop (2025)","description":"Molde seu plugin Pinterest Feed para PrestaShop e incorpore-o em seu site. Demonstra\u00e7\u00e3o gratuita, ajuda na integra\u00e7\u00e3o e mais b\u00f3nus da Elfsight!","robots":{"index":"index","follow":"follow","max-snippet":"max-snippet:-1","max-image-preview":"max-image-preview:large","max-video-preview":"max-video-preview:-1"},"canonical":"https:\/\/elfsight.com\/pt\/pinterest-feed-widget\/prestashop\/","og_locale":"pt_PT","og_type":"article","og_title":"Pinterest Feed - Adicionar complemento do Pinterest ao site PrestaShop (2025)","og_description":"Molde seu plugin Pinterest Feed para PrestaShop e incorpore-o em seu site. Demonstra\u00e7\u00e3o gratuita, ajuda na integra\u00e7\u00e3o e mais b\u00f3nus da Elfsight!","og_url":"https:\/\/elfsight.com\/pt\/pinterest-feed-widget\/prestashop\/","og_site_name":"Elfsight PT","article_modified_time":"2024-11-12T15:30:33+00:00","twitter_card":"summary_large_image","twitter_misc":{"Tempo estimado de leitura":"3 minutos"},"schema":{"@context":"https:\/\/schema.org","@graph":[{"@type":"WebPage","@id":"https:\/\/elfsight.com\/pt\/pinterest-feed-widget\/prestashop\/","url":"https:\/\/elfsight.com\/pt\/pinterest-feed-widget\/prestashop\/","name":"Pinterest Feed - Adicionar complemento do Pinterest ao site PrestaShop (2025)","isPartOf":{"@id":"https:\/\/elfsight.com\/pt\/#website"},"datePublished":"1970-01-01T00:00:00+00:00","dateModified":"2024-11-12T15:30:33+00:00","description":"Molde seu plugin Pinterest Feed para PrestaShop e incorpore-o em seu site. Demonstra\u00e7\u00e3o gratuita, ajuda na integra\u00e7\u00e3o e mais b\u00f3nus da Elfsight!","breadcrumb":{"@id":"https:\/\/elfsight.com\/pt\/pinterest-feed-widget\/prestashop\/#breadcrumb"},"inLanguage":"pt-PT","potentialAction":[{"@type":"ReadAction","target":["https:\/\/elfsight.com\/pt\/pinterest-feed-widget\/prestashop\/"]}]},{"@type":"BreadcrumbList","@id":"https:\/\/elfsight.com\/pt\/pinterest-feed-widget\/prestashop\/#breadcrumb","itemListElement":[{"@type":"ListItem","position":1,"name":"Home","item":"https:\/\/elfsight.com\/pt\/"},{"@type":"ListItem","position":2,"name":"Pinterest Feed","item":"https:\/\/elfsight.com\/pt\/pinterest-feed-widget\/"},{"@type":"ListItem","position":3,"name":"Pinterest Feed &#8211; PrestaShop"}]},{"@type":"WebSite","@id":"https:\/\/elfsight.com\/pt\/#website","url":"https:\/\/elfsight.com\/pt\/","name":"Elfsight PT","description":"Just another Elfsight Sites site","potentialAction":[{"@type":"SearchAction","target":{"@type":"EntryPoint","urlTemplate":"https:\/\/elfsight.com\/pt\/?s={search_term_string}"},"query-input":{"@type":"PropertyValueSpecification","valueRequired":true,"valueName":"search_term_string"}}],"inLanguage":"pt-PT"}]}},"meta_box":{"industry":"","seo_heading":"","heading":"","description":"","cta_heading":"","cta_description":"","application":"1198","h1":"Complemento de feed do Pinterest PrestaShop","h1_caption":"Converta os visitantes do seu site em assinantes do Pinterest","application_category":[],"applications_title":"","applications_request_title":"","applications_request_button_text":"","hero_text":"","hero_video":"","hero_video_schema_markup":"","selling_points_title":"","selling_points_caption":"","selling_points":[],"selling_points_cta_text":"","features_title":"","features":"","ed_cta_examples_text":"","ed_cta_examples_hidden":"","ed_cta_demo_text":"","ed_cta_demo_hidden":"","why_caption":"","why_editor_title":"","why_editor_text":"","why_team_title":"","why_team_text":"","why_service_title":"","why_service_text":"","template_catalog_visible":"","template_catalog_title":"","template_catalog_text":"","template_catalog_categories_visible":"","demo_title":"Crie seu complemento de feed do Pinterest","demo_caption":"Configure seu Pinterest Feed e adicione-o ao seu site PrestaShop gratuitamente!","default_faq_hidden":"","app_template_category":[],"platform":"5343","template_public_id":"","codecanyon_url":"","codecanyon_item_id":"","codecanyon_price":"","pricing_caption":"","pricing_elfsight_apps_hide_column":"","pricing_elfsight_apps_url":"","pricing_codecanyon_price_caption":"","integration_category":[],"integration_request_title":"","integration_request_cta":"","integration_platform":"","integrations":[],"platform_category":[],"video_schema_markup":"","price":"a partir de US$ 0\/m\u00eas","trial":"","benefits":[{"text":"Servi\u00e7o de instala\u00e7\u00e3o gratuito"},{"text":"Atendimento ao cliente eficaz"},{"text":"Garantia de devolu\u00e7\u00e3o do dinheiro em 14 dias"},{"text":"Atualiza\u00e7\u00f5es cont\u00ednuas"}],"button_url":"#demo","button_target_blank":"","button_nofollow":"","attributes":[{"name":"Instala\u00e7\u00f5es","content":"10,000 - 100,000"},{"name":"Responsivo","content":"Sim"},{"name":"Navegadores compat\u00edveis","content":"Firefox, Safari, Opera, Chrome, Edge"}],"tags":[],"tags_disable_links":"","hide_more_platforms":"","video_object":"","demo_hide_cta":"","demo_hide_cloud_options":"","pricing_title":"","pricing":[{"pricing_icon":"platform","pricing_title":"Elfsight Apps","pricing_title_caption":"Solu\u00e7\u00e3o independente de plataforma que funciona em qualquer site","pricing_price":"a partir de US$ 0\/m\u00eas","pricing_price_caption":"comece com plano gratuito","pricing_benefits":[{"text":"Dom\u00ednios ilimitados"},{"text":"Suporte r\u00e1pido ao cliente"},{"text":"Suporte r\u00e1pido ao cliente"},{"text":"Design flex\u00edvel"}],"pricing_button_text":"Adicionar ao site","pricing_button_url":"#demo"}],"related_apps_title":"","related_apps_hidden":"","author":"","image":[],"title":"","job":"","social_networks":[]},"_links":{"self":[{"href":"https:\/\/elfsight.com\/pt\/wp-json\/wp\/v2\/pages\/7367","targetHints":{"allow":["GET"]}}],"collection":[{"href":"https:\/\/elfsight.com\/pt\/wp-json\/wp\/v2\/pages"}],"about":[{"href":"https:\/\/elfsight.com\/pt\/wp-json\/wp\/v2\/types\/page"}],"author":[{"embeddable":true,"href":"https:\/\/elfsight.com\/pt\/wp-json\/wp\/v2\/users\/9"}],"replies":[{"embeddable":true,"href":"https:\/\/elfsight.com\/pt\/wp-json\/wp\/v2\/comments?post=7367"}],"version-history":[{"count":1,"href":"https:\/\/elfsight.com\/pt\/wp-json\/wp\/v2\/pages\/7367\/revisions"}],"predecessor-version":[{"id":7371,"href":"https:\/\/elfsight.com\/pt\/wp-json\/wp\/v2\/pages\/7367\/revisions\/7371"}],"up":[{"embeddable":true,"href":"https:\/\/elfsight.com\/pt\/wp-json\/wp\/v2\/pages\/1199"}],"wp:attachment":[{"href":"https:\/\/elfsight.com\/pt\/wp-json\/wp\/v2\/media?parent=7367"}],"curies":[{"name":"wp","href":"https:\/\/api.w.org\/{rel}","templated":true}]}}