{"id":7362,"date":"1970-01-01T00:00:00","date_gmt":"1970-01-01T00:00:00","guid":{"rendered":"https:\/\/elfsight.com\/pt\/?page_id=7362"},"modified":"2025-02-25T12:48:43","modified_gmt":"2025-02-25T12:48:43","slug":"jimdo","status":"publish","type":"page","link":"https:\/\/elfsight.com\/pt\/pinterest-feed-widget\/jimdo\/","title":{"rendered":"Pinterest Feed &#8211; Jimdo"},"content":{"rendered":"\n<div class=\"application-platform-content-item-description application-platform-content-item\" id=\"description\" data-nav-section=\"description\"><h2>Descri\u00e7\u00e3o<\/h2> <p>Elfsight Pinterest Feed for Jimdo \u00e9 um m\u00f3dulo cujo objetivo \u00e9 ajud\u00e1-lo com todas as demandas cont\u00ednuas na coleta de impress\u00f5es e solicita\u00e7\u00f5es de visitantes do seu site. Exiba os itens cruciais para preenchimento, escolha o seu template adequado e adapte a interface para motivar tanto seus usu\u00e1rios a deixarem d\u00favidas sobre os servi\u00e7os da sua empresa. O Pinterest Feed foi projetado para atender a todas as suas necessidades de coletar feedback e ficar sempre conectado com seu p\u00fablico. <\/p><p><b>Torne seu site mais eficiente para objetivos de com\u00e9rcio eletr\u00f4nico com o Pinterest Feed.<\/b><\/p> <\/div> <div class=\"application-platform-content-item-features application-platform-content-item\" id=\"features\" data-nav-section=\"features\"> <h2>Esses s\u00e3o apenas v\u00e1rios dos v\u00e1rios recursos de widget: <\/h2> <ul><li>Integrar sua conta do Pinterest ao seu site<\/li><li>Adicionar pins ou pain\u00e9is pr\u00f3prios ou de outros usu\u00e1rios por URL<\/li><li>Mostrar contagens de seguidores, nomes e seguidores da conta<\/li><li>Bot\u00e3o Seguir no cabe\u00e7alho para acompanhar sua conta sem problemas<\/li><li>Exibir ou ocultar contagens de pain\u00e9is e pins<\/li><li>Mostrar pain\u00e9is por um ou una todos os pins deles em uma \u00fanica grade<\/li><li>Elementos de pins altern\u00e1veis: \u00edcone do Pinterest, texto, bot\u00e3o Compartilhar, autor<\/li><li>Clique na imagem para abri-la no Pinterest<\/li><\/ul><p><a href=\"#demo\">Voc\u00ea pode testar a funcionalidade completa do widget na demonstra\u00e7\u00e3o aqui<\/a><\/p> <\/div> <div class=\"application-platform-content-item-installation application-platform-content-item\" id=\"installation\" data-nav-section=\"installation\"> <h2>Como incorporar o Pinterest Feed no meu site Jimdo? <\/h2> <p>Basta seguir as orienta\u00e7\u00f5es abaixo para inserir a ferramenta. <\/p> <ol><li><b>Abra nosso editor gratuito e comece a criar seu pr\u00f3prio widget. <\/b><br> Determine o design e as caracter\u00edsticas adequadas do widget e salve as modifica\u00e7\u00f5es. <\/li> <li><b>Adquira o c\u00f3digo exclusivo que aparece na caixa dos aplicativos Elfsight. <\/b><br> Ap\u00f3s a conclus\u00e3o da cria\u00e7\u00e3o da sua ferramenta, copie o c\u00f3digo individual da caixa exibida e salve-o para uso posterior. <\/li> <li><b>Comece a aplicar o widget em seu site Jimdo. <\/b><br> Adicione o c\u00f3digo que voc\u00ea salvou recentemente em sua p\u00e1gina web e salve as modifica\u00e7\u00f5es. <\/li> <li><b>Pronto! A incorpora\u00e7\u00e3o est\u00e1 totalmente realizada. <\/b><br> Visite sua p\u00e1gina da web para verificar o funcionamento do widget. <\/li><\/ol> <p>Caso tenha alguma d\u00favida ou encontre alguma dificuldade, n\u00e3o hesite em escrever para nossa equipe de atendimento ao cliente. Nosso pessoal deseja ajud\u00e1-lo com todas as d\u00favidas que voc\u00ea possa ter sobre o widget. <\/p> <\/div>\n","protected":false},"excerpt":{"rendered":"","protected":false},"author":9,"featured_media":0,"parent":1199,"menu_order":0,"comment_status":"closed","ping_status":"closed","template":"templates\/template-application-platform.php","meta":{"publish_to_discourse":"","publish_post_category":"","wpdc_auto_publish_overridden":"","wpdc_topic_tags":"","wpdc_pin_topic":"","wpdc_pin_until":"","discourse_post_id":"","discourse_permalink":"","wpdc_publishing_response":"","wpdc_publishing_error":"","footnotes":""},"class_list":["post-7362","page","type-page","status-publish","hentry"],"yoast_head":"<!-- This site is optimized with the Yoast SEO plugin v25.3.1 - https:\/\/yoast.com\/wordpress\/plugins\/seo\/ -->\n<title>Pinterest Feed - Adicionar widget do Pinterest ao site Jimdo (2026)<\/title>\n<meta name=\"description\" content=\"Molde seu widget Pinterest Feed para Jimdo e incorpore-o em seu site. Demonstra\u00e7\u00e3o gratuita, ajuda na integra\u00e7\u00e3o e mais b\u00f3nus da Elfsight!\" \/>\n<meta name=\"robots\" content=\"index, follow, max-snippet:-1, max-image-preview:large, max-video-preview:-1\" \/>\n<link rel=\"canonical\" href=\"https:\/\/elfsight.com\/pt\/pinterest-feed-widget\/jimdo\/\" \/>\n<meta property=\"og:locale\" content=\"pt_PT\" \/>\n<meta property=\"og:type\" content=\"article\" \/>\n<meta property=\"og:title\" content=\"Pinterest Feed - Adicionar widget do Pinterest ao site Jimdo (2026)\" \/>\n<meta property=\"og:description\" content=\"Molde seu widget Pinterest Feed para Jimdo e incorpore-o em seu site. Demonstra\u00e7\u00e3o gratuita, ajuda na integra\u00e7\u00e3o e mais b\u00f3nus da Elfsight!\" \/>\n<meta property=\"og:url\" content=\"https:\/\/elfsight.com\/pt\/pinterest-feed-widget\/jimdo\/\" \/>\n<meta property=\"og:site_name\" content=\"Elfsight PT\" \/>\n<meta property=\"article:modified_time\" content=\"2025-02-25T12:48:43+00:00\" \/>\n<meta name=\"twitter:card\" content=\"summary_large_image\" \/>\n<meta name=\"twitter:label1\" content=\"Tempo estimado de leitura\" \/>\n\t<meta name=\"twitter:data1\" content=\"2 minutos\" \/>\n<!-- \/ Yoast SEO plugin. -->","yoast_head_json":{"title":"Pinterest Feed - Adicionar widget do Pinterest ao site Jimdo (2026)","description":"Molde seu widget Pinterest Feed para Jimdo e incorpore-o em seu site. Demonstra\u00e7\u00e3o gratuita, ajuda na integra\u00e7\u00e3o e mais b\u00f3nus da Elfsight!","robots":{"index":"index","follow":"follow","max-snippet":"max-snippet:-1","max-image-preview":"max-image-preview:large","max-video-preview":"max-video-preview:-1"},"canonical":"https:\/\/elfsight.com\/pt\/pinterest-feed-widget\/jimdo\/","og_locale":"pt_PT","og_type":"article","og_title":"Pinterest Feed - Adicionar widget do Pinterest ao site Jimdo (2026)","og_description":"Molde seu widget Pinterest Feed para Jimdo e incorpore-o em seu site. Demonstra\u00e7\u00e3o gratuita, ajuda na integra\u00e7\u00e3o e mais b\u00f3nus da Elfsight!","og_url":"https:\/\/elfsight.com\/pt\/pinterest-feed-widget\/jimdo\/","og_site_name":"Elfsight PT","article_modified_time":"2025-02-25T12:48:43+00:00","twitter_card":"summary_large_image","twitter_misc":{"Tempo estimado de leitura":"2 minutos"},"schema":{"@context":"https:\/\/schema.org","@graph":[{"@type":"WebPage","@id":"https:\/\/elfsight.com\/pt\/pinterest-feed-widget\/jimdo\/","url":"https:\/\/elfsight.com\/pt\/pinterest-feed-widget\/jimdo\/","name":"Pinterest Feed - Adicionar widget do Pinterest ao site Jimdo (2026)","isPartOf":{"@id":"https:\/\/elfsight.com\/pt\/#website"},"datePublished":"1970-01-01T00:00:00+00:00","dateModified":"2025-02-25T12:48:43+00:00","description":"Molde seu widget Pinterest Feed para Jimdo e incorpore-o em seu site. Demonstra\u00e7\u00e3o gratuita, ajuda na integra\u00e7\u00e3o e mais b\u00f3nus da Elfsight!","breadcrumb":{"@id":"https:\/\/elfsight.com\/pt\/pinterest-feed-widget\/jimdo\/#breadcrumb"},"inLanguage":"pt-PT","potentialAction":[{"@type":"ReadAction","target":["https:\/\/elfsight.com\/pt\/pinterest-feed-widget\/jimdo\/"]}]},{"@type":"BreadcrumbList","@id":"https:\/\/elfsight.com\/pt\/pinterest-feed-widget\/jimdo\/#breadcrumb","itemListElement":[{"@type":"ListItem","position":1,"name":"Home","item":"https:\/\/elfsight.com\/pt\/"},{"@type":"ListItem","position":2,"name":"Pinterest Feed","item":"https:\/\/elfsight.com\/pt\/pinterest-feed-widget\/"},{"@type":"ListItem","position":3,"name":"Pinterest Feed &#8211; Jimdo"}]},{"@type":"WebSite","@id":"https:\/\/elfsight.com\/pt\/#website","url":"https:\/\/elfsight.com\/pt\/","name":"Elfsight PT","description":"Just another Elfsight Sites site","potentialAction":[{"@type":"SearchAction","target":{"@type":"EntryPoint","urlTemplate":"https:\/\/elfsight.com\/pt\/?s={search_term_string}"},"query-input":{"@type":"PropertyValueSpecification","valueRequired":true,"valueName":"search_term_string"}}],"inLanguage":"pt-PT"}]}},"meta_box":{"industry":"","seo_heading":"","heading":"","description":"","cta_heading":"","cta_description":"","application":"1198","h1":"Widget Jimdo Pinterest Feed","h1_caption":"Converta os visitantes do seu site em assinantes do Pinterest","application_category":[],"applications_title":"","applications_request_title":"","applications_request_button_text":"","hero_text":"","hero_video":"","hero_video_schema_markup":"","selling_points_title":"","selling_points_caption":"","selling_points":[],"selling_points_cta_text":"","features_title":"","features":"","ed_cta_examples_text":"","ed_cta_examples_hidden":"","ed_cta_demo_text":"","ed_cta_demo_hidden":"","why_caption":"","why_editor_title":"","why_editor_text":"","why_team_title":"","why_team_text":"","why_service_title":"","why_service_text":"","template_catalog_visible":"0","template_catalog_title":"","template_catalog_text":"","template_catalog_categories_visible":"","demo_title":"Crie seu widget de feed do Pinterest","demo_caption":"Configure seu Pinterest Feed e adicione-o ao seu site Jimdo gratuitamente!","default_faq_hidden":"","app_template_category":[],"platform":"5393","template_public_id":"","codecanyon_url":"","codecanyon_item_id":"","codecanyon_price":"","pricing_caption":"","pricing_elfsight_apps_hide_column":"","pricing_elfsight_apps_url":"","pricing_codecanyon_price_caption":"","integration_category":[],"integration_request_title":"","integration_request_cta":"","integration_platform":"","integrations":[],"platform_category":[],"video_schema_markup":"","price":"a partir de US$ 0\/m\u00eas","trial":"","benefits":[{"text":"Assist\u00eancia de instala\u00e7\u00e3o gratuita"},{"text":"Atendimento ao cliente profissional"},{"text":"Garantia de devolu\u00e7\u00e3o do dinheiro em 14 dias"},{"text":"Melhorias gratuitas cont\u00ednuas"}],"button_url":"#demo","button_target_blank":"0","button_nofollow":"0","attributes":[{"name":"Instala\u00e7\u00f5es","content":"10,000 - 100,000"},{"name":"Responsivo","content":"Sim"},{"name":"Navegadores compat\u00edveis","content":"Firefox, Safari, Opera, Chrome, Edge"}],"tags":[],"tags_disable_links":"0","hide_more_platforms":"0","video_object":"","demo_hide_cta":"0","demo_hide_cloud_options":"0","pricing_title":"","pricing":[{"pricing_icon":"platform","pricing_title":"Elfsight Apps","pricing_title_caption":"Solu\u00e7\u00e3o digital multiplataforma que se adapta a qualquer site","pricing_price":"a partir de US$ 0\/m\u00eas","pricing_price_caption":"comece com plano gratuito","pricing_benefits":[{"text":"N\u00famero irrestrito de sites"},{"text":"Suporte profissional ao cliente"},{"text":"Suporte profissional ao cliente"},{"text":"Design flex\u00edvel"}],"pricing_button_text":"Adicionar ao site","pricing_button_url":"#demo"}],"related_apps_title":"","related_apps_hidden":"0","author":"","image":[],"title":"","job":"","social_networks":[]},"_links":{"self":[{"href":"https:\/\/elfsight.com\/pt\/wp-json\/wp\/v2\/pages\/7362","targetHints":{"allow":["GET"]}}],"collection":[{"href":"https:\/\/elfsight.com\/pt\/wp-json\/wp\/v2\/pages"}],"about":[{"href":"https:\/\/elfsight.com\/pt\/wp-json\/wp\/v2\/types\/page"}],"author":[{"embeddable":true,"href":"https:\/\/elfsight.com\/pt\/wp-json\/wp\/v2\/users\/9"}],"replies":[{"embeddable":true,"href":"https:\/\/elfsight.com\/pt\/wp-json\/wp\/v2\/comments?post=7362"}],"version-history":[{"count":2,"href":"https:\/\/elfsight.com\/pt\/wp-json\/wp\/v2\/pages\/7362\/revisions"}],"predecessor-version":[{"id":13972,"href":"https:\/\/elfsight.com\/pt\/wp-json\/wp\/v2\/pages\/7362\/revisions\/13972"}],"up":[{"embeddable":true,"href":"https:\/\/elfsight.com\/pt\/wp-json\/wp\/v2\/pages\/1199"}],"wp:attachment":[{"href":"https:\/\/elfsight.com\/pt\/wp-json\/wp\/v2\/media?parent=7362"}],"curies":[{"name":"wp","href":"https:\/\/api.w.org\/{rel}","templated":true}]}}