{"id":7311,"date":"1970-01-01T00:00:00","date_gmt":"1970-01-01T00:00:00","guid":{"rendered":"https:\/\/elfsight.com\/pt\/?page_id=7311"},"modified":"2025-12-19T10:12:33","modified_gmt":"2025-12-19T10:12:33","slug":"wordpress","status":"publish","type":"page","link":"https:\/\/elfsight.com\/pt\/pdf-embed-widget\/wordpress\/","title":{"rendered":"PDF Embed &#8211; WordPress"},"content":{"rendered":"\n<div class=\"application-platform-content-item-description application-platform-content-item\" id=\"description\" data-nav-section=\"description\"> <h2>Incorporar PDF Incorporar no WordPress com o widget Elfsight<\/h2> <p>Com o plugin Elfsight, experimente colar imediatamente v\u00e1rios arquivos PDF no local na rede Internet. Para maior comodidade, os documentos podem ser incorporados por upload, pelas URLs ou escolhendo entre os carregados recentemente. Voc\u00ea pode dar a cada arquivo seu pr\u00f3prio t\u00edtulo, fazer upload de um \u00edcone ou imagem, selecionar o layout e outras op\u00e7\u00f5es. Os visitantes do site podem ler os arquivos diretamente na sua p\u00e1gina, visualiz\u00e1-los em uma nova guia e fazer download. <\/p> <div class=\"faq\" data-component=\"FAQ\"> <div class=\"faq-item\">\r\n\t\t\t\t\t<div class=\"faq-item-question\">\r\n\t\t\t\t\t\t<h3 class=\"faq-item-question-text\">Existe alguma outra ferramenta para WordPress que eu possa inserir no meu site? <\/h3>\r\n\r\n\t\t\t\t\t\t<div class=\"faq-item-question-icon\"><\/div>\r\n\t\t\t\t\t<\/div>\r\n\r\n\t\t\t\t\t<div class=\"faq-item-answer\">\r\n\t\t\t\t\t\t<div class=\"faq-item-answer-text\"> <p>No nosso site n\u00e3o h\u00e1 fim de plugins e widgets para voc\u00ea atingir qualquer tipo de objetivo em seu site. Veja voc\u00ea mesmo os plug-ins mais populares: <a href=\"https:\/\/elfsight.com\/whatsapp-chat-widget\/wordpress\/\">WhatsApp Chat<\/a>, <a href=\"https:\/\/elfsight.com\/facebook-chat-widget\/wordpress\/\">Bate-papo do Facebook<\/a>, <a href=\"https:\/\/elfsight.com\/google-reviews-widget\/wordpress\/\">Google Reviews<\/a>, <a href=\"https:\/\/elfsight.com\/testimonials-slider-widget\/wordpress\/\">Controle deslizante de depoimentos<\/a>, <a href=\"https:\/\/elfsight.com\/youtube-channel-plugin-yottie\/wordpress\/\">Galeria do YouTube<\/a>.<\/p> <\/div>\r\n\t\t\t\t\t<\/div>\r\n\t\t\t\t<\/div> <div class=\"faq-item\">\r\n\t\t\t\t\t<div class=\"faq-item-question\">\r\n\t\t\t\t\t\t<h3 class=\"faq-item-question-text\">De que forma posso adicionar o plug-in Incorporar PDF ao meu site WordPress <\/h3>\r\n\r\n\t\t\t\t\t\t<div class=\"faq-item-question-icon\"><\/div>\r\n\t\t\t\t\t<\/div>\r\n\r\n\t\t\t\t\t<div class=\"faq-item-answer\">\r\n\t\t\t\t\t\t<div class=\"faq-item-answer-text\"> <p>Voc\u00ea pode incorporar o visualizador de PDF on-line? carregue e baixe diferentes arquivos PDF em seu site WordPress. Basta abrir o painel de administra\u00e7\u00e3o e seguir estas etapas: <\/p><ol><li>V\u00e1 para as configura\u00e7\u00f5es do tema. <\/li><li>Selecione o bloco onde deseja inserir o PDF incorporado. <\/li><li>Incorpore o c\u00f3digo do widget no seu site WordPress da Elfsight Apps e aplique as altera\u00e7\u00f5es. <\/li><li>Voc\u00ea terminou. <\/li><\/ol><p>E <a href=\"https:\/\/elfsight.com\/tutorials\/how-to-embed-pdf-on-website\/#how-to-add-pdf-to-wordpress\">aqui<\/a> nesta p\u00e1gina voc\u00ea pode observar os recursos do widget com mais detalhes.<\/p><p><\/div>\r\n\t\t\t\t\t<\/div>\r\n\t\t\t\t<\/div> <div class=\"faq-item\">\r\n\t\t\t\t\t<div class=\"faq-item-question\">\r\n\t\t\t\t\t\t<h3 class=\"faq-item-question-text\">Existe uma maneira de testar seu plugin WordPress Embed PDF em vigor? <\/h3>\r\n\r\n\t\t\t\t\t\t<div class=\"faq-item-question-icon\"><\/div>\r\n\t\t\t\t\t<\/div>\r\n\r\n\t\t\t\t\t<div class=\"faq-item-answer\">\r\n\t\t\t\t\t\t<div class=\"faq-item-answer-text\"> Claro! Voc\u00ea sempre pode observar o plug-in em nosso <a href=\"https:\/\/elfsight.com\/pdf-embed-widget\/#demo\">aqui<\/a> ao vivo e adicion\u00e1-lo ao seu site WordPress.<\/div>\r\n\t\t\t\t\t<\/div>\r\n\t\t\t\t<\/div> <\/div><\/div> <div class=\"application-platform-content-item-features application-platform-content-item\" id=\"features\" data-nav-section=\"features\"> <\/p><h2>Principais recursos do widget PDF Embed<\/h2> <p>Veja a lista dos recursos essenciais do nosso plugin para ter um melhor compreens\u00e3o de seu potencial para o seu site. <\/p> <ul><li>Insira arquivos ilimitados; <\/li> <li>Variante de layout do File Viewer para visualizar arquivos no site; <\/li> <li>Enviar imagens para \u00edcones de arquivos e visualiza\u00e7\u00f5es; <\/li> <li>Mostrar ou ocultar o texto do documento de download; <\/li> <li>Seis detalhes pint\u00e1veis \u200b\u200bda interface do widget; <\/li> <\/ul><p><a href=\"#demo\">Verifique todos os recursos na demonstra\u00e7\u00e3o ao vivo<\/a><\/p> <\/div> <div class=\"application-platform-content-item-installation application-platform-content-item\" id=\"installation\" data-nav-section=\"installation\"> <h2>Como para incorporar o plug-in PDF Viewer ao seu site WordPress<\/h2> <div class=\"video-container\">\n<iframe allowfullscreen=\"\" frameborder=\"0\" height=\"402\" src=\"https:\/\/www.youtube.com\/embed\/Gbx6F9kEahA?si=7vkM7x6b0DZnz2d_\" width=\"720\"><\/iframe>\n<\/div><p>Basta seguir os seguintes passos abaixo para come\u00e7ar a usar o plugin no WordPress.<\/p> <ol><li><b>Use nosso configurador gratuito e comece a formar seu plugin personalizado. <\/b><br> Escolha o design e os par\u00e2metros preferidos do plugin e aplique as corre\u00e7\u00f5es. <\/li> <li><b>Obtenha seu c\u00f3digo exclusivo aparecendo na janela dos aplicativos Elfsight. <\/b><br> Logo ap\u00f3s a conclus\u00e3o da configura\u00e7\u00e3o da sua ferramenta, copie o c\u00f3digo individual na janela que aparece e salve-o para uso posterior. <\/li> <li><b>Comece a usar o widget PDF no seu site WordPress. <\/b><br>Incorpore o c\u00f3digo que voc\u00ea copiou anteriormente em sua p\u00e1gina e aplique as melhorias. <\/li> <li><b>Pronto! A configura\u00e7\u00e3o foi finalizada com sucesso. <\/b><br> Acesse seu site para inspecionar o funcionamento do plugin. <\/li><\/ol> <p>Ainda n\u00e3o decidiu? Ou enfrentando problemas? Basta direcionar uma solicita\u00e7\u00e3o para nossa equipe de suporte. Eles resolver\u00e3o todos os problemas de maneira profissional e oportuna. <\/p> <\/div>\n\n\n\n<p><\/p>\n","protected":false},"excerpt":{"rendered":"","protected":false},"author":9,"featured_media":0,"parent":1131,"menu_order":0,"comment_status":"closed","ping_status":"closed","template":"templates\/template-application-platform.php","meta":{"publish_to_discourse":"","publish_post_category":"","wpdc_auto_publish_overridden":"","wpdc_topic_tags":"","wpdc_pin_topic":"","wpdc_pin_until":"","discourse_post_id":"","discourse_permalink":"","wpdc_publishing_response":"","wpdc_publishing_error":"","footnotes":""},"class_list":["post-7311","page","type-page","status-publish","hentry"],"yoast_head":"<!-- This site is optimized with the Yoast SEO plugin v25.3.1 - https:\/\/yoast.com\/wordpress\/plugins\/seo\/ -->\n<title>Plugin Wordpress PDF Viewer - Incorporar PDF no site (gr\u00e1tis e r\u00e1pido)<\/title>\n<meta name=\"description\" content=\"N\u00e3o \u00e9 dif\u00edcil criar seu plugin PDF Viewer e incorpor\u00e1-lo em seu site WordPress. O suporte ao cliente da Elfsight \u00e9 gratuito e r\u00e1pido.\" \/>\n<meta name=\"robots\" content=\"index, follow, max-snippet:-1, max-image-preview:large, max-video-preview:-1\" \/>\n<link rel=\"canonical\" href=\"https:\/\/elfsight.com\/pt\/pdf-embed-widget\/wordpress\/\" \/>\n<meta property=\"og:locale\" content=\"pt_PT\" \/>\n<meta property=\"og:type\" content=\"article\" \/>\n<meta property=\"og:title\" content=\"Plugin Wordpress PDF Viewer - Incorporar PDF no site (gr\u00e1tis e r\u00e1pido)\" \/>\n<meta property=\"og:description\" content=\"N\u00e3o \u00e9 dif\u00edcil criar seu plugin PDF Viewer e incorpor\u00e1-lo em seu site WordPress. O suporte ao cliente da Elfsight \u00e9 gratuito e r\u00e1pido.\" \/>\n<meta property=\"og:url\" content=\"https:\/\/elfsight.com\/pt\/pdf-embed-widget\/wordpress\/\" \/>\n<meta property=\"og:site_name\" content=\"Elfsight PT\" \/>\n<meta property=\"article:modified_time\" content=\"2025-12-19T10:12:33+00:00\" \/>\n<meta name=\"twitter:card\" content=\"summary_large_image\" \/>\n<meta name=\"twitter:label1\" content=\"Tempo estimado de leitura\" \/>\n\t<meta name=\"twitter:data1\" content=\"3 minutos\" \/>\n<!-- \/ Yoast SEO plugin. -->","yoast_head_json":{"title":"Plugin Wordpress PDF Viewer - Incorporar PDF no site (gr\u00e1tis e r\u00e1pido)","description":"N\u00e3o \u00e9 dif\u00edcil criar seu plugin PDF Viewer e incorpor\u00e1-lo em seu site WordPress. O suporte ao cliente da Elfsight \u00e9 gratuito e r\u00e1pido.","robots":{"index":"index","follow":"follow","max-snippet":"max-snippet:-1","max-image-preview":"max-image-preview:large","max-video-preview":"max-video-preview:-1"},"canonical":"https:\/\/elfsight.com\/pt\/pdf-embed-widget\/wordpress\/","og_locale":"pt_PT","og_type":"article","og_title":"Plugin Wordpress PDF Viewer - Incorporar PDF no site (gr\u00e1tis e r\u00e1pido)","og_description":"N\u00e3o \u00e9 dif\u00edcil criar seu plugin PDF Viewer e incorpor\u00e1-lo em seu site WordPress. O suporte ao cliente da Elfsight \u00e9 gratuito e r\u00e1pido.","og_url":"https:\/\/elfsight.com\/pt\/pdf-embed-widget\/wordpress\/","og_site_name":"Elfsight PT","article_modified_time":"2025-12-19T10:12:33+00:00","twitter_card":"summary_large_image","twitter_misc":{"Tempo estimado de leitura":"3 minutos"},"schema":{"@context":"https:\/\/schema.org","@graph":[{"@type":"WebPage","@id":"https:\/\/elfsight.com\/pt\/pdf-embed-widget\/wordpress\/","url":"https:\/\/elfsight.com\/pt\/pdf-embed-widget\/wordpress\/","name":"Plugin Wordpress PDF Viewer - Incorporar PDF no site (gr\u00e1tis e r\u00e1pido)","isPartOf":{"@id":"https:\/\/elfsight.com\/pt\/#website"},"datePublished":"1970-01-01T00:00:00+00:00","dateModified":"2025-12-19T10:12:33+00:00","description":"N\u00e3o \u00e9 dif\u00edcil criar seu plugin PDF Viewer e incorpor\u00e1-lo em seu site WordPress. O suporte ao cliente da Elfsight \u00e9 gratuito e r\u00e1pido.","breadcrumb":{"@id":"https:\/\/elfsight.com\/pt\/pdf-embed-widget\/wordpress\/#breadcrumb"},"inLanguage":"pt-PT","potentialAction":[{"@type":"ReadAction","target":["https:\/\/elfsight.com\/pt\/pdf-embed-widget\/wordpress\/"]}]},{"@type":"BreadcrumbList","@id":"https:\/\/elfsight.com\/pt\/pdf-embed-widget\/wordpress\/#breadcrumb","itemListElement":[{"@type":"ListItem","position":1,"name":"Home","item":"https:\/\/elfsight.com\/pt\/"},{"@type":"ListItem","position":2,"name":"PDF Embed","item":"https:\/\/elfsight.com\/pt\/pdf-embed-widget\/"},{"@type":"ListItem","position":3,"name":"PDF Embed &#8211; WordPress"}]},{"@type":"WebSite","@id":"https:\/\/elfsight.com\/pt\/#website","url":"https:\/\/elfsight.com\/pt\/","name":"Elfsight PT","description":"Just another Elfsight Sites site","potentialAction":[{"@type":"SearchAction","target":{"@type":"EntryPoint","urlTemplate":"https:\/\/elfsight.com\/pt\/?s={search_term_string}"},"query-input":{"@type":"PropertyValueSpecification","valueRequired":true,"valueName":"search_term_string"}}],"inLanguage":"pt-PT"}]}},"meta_box":{"industry":"","seo_heading":"","heading":"","description":"","cta_heading":"","cta_description":"","application":"1130","h1":"Plug-in visualizador de PDF para WordPress","h1_caption":"O widget mais r\u00e1pido para colar documentos PDF nas p\u00e1ginas de um site para leitura e download imediatos","application_category":[],"applications_title":"","applications_request_title":"","applications_request_button_text":"","hero_text":"","hero_video":"","hero_video_schema_markup":"","selling_points_title":"","selling_points_caption":"","selling_points":[],"selling_points_cta_text":"","features_title":"","features":"","ed_cta_examples_text":"","ed_cta_examples_hidden":"","ed_cta_demo_text":"","ed_cta_demo_hidden":"","why_caption":"","why_editor_title":"","why_editor_text":"","why_team_title":"","why_team_text":"","why_service_title":"","why_service_text":"","template_catalog_visible":"0","template_catalog_title":"","template_catalog_text":"","template_catalog_categories_visible":"","demo_title":"Crie seu plugin PDF Embed","demo_caption":"Configure seu PDF Embed e adicione-o ao seu site WordPress gratuitamente!","default_faq_hidden":"","app_template_category":[],"platform":"34","template_public_id":"","codecanyon_url":"","codecanyon_item_id":"","codecanyon_price":"","pricing_caption":"","pricing_elfsight_apps_hide_column":"","pricing_elfsight_apps_url":"","pricing_codecanyon_price_caption":"","integration_category":[],"integration_request_title":"","integration_request_cta":"","integration_platform":"","integrations":[],"platform_category":[],"video_schema_markup":"","price":"a partir de US$ 0\/m\u00eas","trial":"","benefits":[{"text":"Assist\u00eancia de instala\u00e7\u00e3o gratuita"},{"text":"Atendimento ao cliente eficaz"},{"text":"Garantia de reembolso de 14 dias"},{"text":"Futuras melhorias gratuitas"}],"button_url":"#demo","button_target_blank":"0","button_nofollow":"0","attributes":[{"name":"Instala\u00e7\u00f5es","content":"10,000 - 100,000"},{"name":"Responsivo","content":"Sim"},{"name":"Navegadores compat\u00edveis","content":"Firefox, Safari, Opera, Chrome, Edge"}],"tags":[],"tags_disable_links":"0","hide_more_platforms":"0","video_object":"","demo_hide_cta":"0","demo_hide_cloud_options":"0","pricing_title":"","pricing":[{"pricing_icon":"platform","pricing_title":"Elfsight Apps","pricing_title_caption":"Software multiplataforma que funciona em qualquer site","pricing_price":"a partir de US$ 0\/m\u00eas","pricing_price_caption":"comece com plano gratuito","pricing_benefits":[{"text":"Dom\u00ednios ilimitados"},{"text":"Suporte profissional ao cliente e bem documentado"},{"text":"Suporte profissional ao cliente e bem documentado"},{"text":"Oferta por tempo limitado para v\u00e1rios aplicativos"}],"pricing_button_text":"Adicionar ao site","pricing_button_url":"#demo"}],"related_apps_title":"","related_apps_hidden":"0","author":"","image":[],"title":"","job":"","social_networks":[]},"_links":{"self":[{"href":"https:\/\/elfsight.com\/pt\/wp-json\/wp\/v2\/pages\/7311","targetHints":{"allow":["GET"]}}],"collection":[{"href":"https:\/\/elfsight.com\/pt\/wp-json\/wp\/v2\/pages"}],"about":[{"href":"https:\/\/elfsight.com\/pt\/wp-json\/wp\/v2\/types\/page"}],"author":[{"embeddable":true,"href":"https:\/\/elfsight.com\/pt\/wp-json\/wp\/v2\/users\/9"}],"replies":[{"embeddable":true,"href":"https:\/\/elfsight.com\/pt\/wp-json\/wp\/v2\/comments?post=7311"}],"version-history":[{"count":4,"href":"https:\/\/elfsight.com\/pt\/wp-json\/wp\/v2\/pages\/7311\/revisions"}],"predecessor-version":[{"id":15192,"href":"https:\/\/elfsight.com\/pt\/wp-json\/wp\/v2\/pages\/7311\/revisions\/15192"}],"up":[{"embeddable":true,"href":"https:\/\/elfsight.com\/pt\/wp-json\/wp\/v2\/pages\/1131"}],"wp:attachment":[{"href":"https:\/\/elfsight.com\/pt\/wp-json\/wp\/v2\/media?parent=7311"}],"curies":[{"name":"wp","href":"https:\/\/api.w.org\/{rel}","templated":true}]}}