{"id":7306,"date":"1970-01-01T00:00:00","date_gmt":"1970-01-01T00:00:00","guid":{"rendered":"https:\/\/elfsight.com\/pt\/?page_id=7306"},"modified":"2025-12-19T13:45:47","modified_gmt":"2025-12-19T13:45:47","slug":"wix","status":"publish","type":"page","link":"https:\/\/elfsight.com\/pt\/pdf-embed-widget\/wix\/","title":{"rendered":"PDF Embed &#8211; Wix"},"content":{"rendered":"\n<div class=\"application-platform-content-item-description application-platform-content-item\" id=\"description\" data-nav-section=\"description\"> <h2>Descri\u00e7\u00e3o<\/h2> <p>Usando o aplicativo Elfsight PDF, experimente a incorpora\u00e7\u00e3o mais f\u00e1cil e r\u00e1pida de qualquer documento PDF em seu site. Para maior comodidade, os arquivos podem ser integrados por upload direto, pelas URLs ou selecionando entre os carregados recentemente. Voc\u00ea pode dar a cada documento seu pr\u00f3prio nome, fazer upload de um \u00edcone e uma imagem de visualiza\u00e7\u00e3o, escolher uma variante de layout e muito mais. Os visitantes do site podem ler os documentos diretamente no site, visualiz\u00e1-los em uma nova aba do navegador e baix\u00e1-los.<\/p> <div class=\"faq\" data-component=\"FAQ\"> <div class=\"faq-item\">\r\n\t\t\t\t\t<div class=\"faq-item-question\">\r\n\t\t\t\t\t\t<h3 class=\"faq-item-question-text\">Quais exatamente outras ferramentas para Wix voc\u00ea tem? <\/h3>\r\n\r\n\t\t\t\t\t\t<div class=\"faq-item-question-icon\"><\/div>\r\n\t\t\t\t\t<\/div>\r\n\r\n\t\t\t\t\t<div class=\"faq-item-answer\">\r\n\t\t\t\t\t\t<div class=\"faq-item-answer-text\"> <p>N\u00f3s pode fornecer diversas ferramentas diferentes para voc\u00ea realizar qualquer tipo de tarefa em seu site. Veja voc\u00ea mesmo: <a href=\"https:\/\/elfsight.com\/instagram-feed-instashow\/wix\/\">Feed do Instagram<\/a>, <a href=\"https:\/\/elfsight.com\/google-reviews-widget\/wix\/\">Google Reviews<\/a>, <a href=\"https:\/\/elfsight.com\/whatsapp-chat-widget\/wix\/\"> WhatsApp Chat<\/a>, <a href=\"https:\/\/elfsight.com\/popup-widget\/wix\/\">Popup<\/a>.<\/p> <\/div>\r\n\t\t\t\t\t<\/div>\r\n\t\t\t\t<\/div> <div class=\"faq-item\">\r\n\t\t\t\t\t<div class=\"faq-item-question\">\r\n\t\t\t\t\t\t<h3 class=\"faq-item-question-text\">Como fa\u00e7o para integrar o widget Incorporar PDF ao meu site Wix <\/h3>\r\n\r\n\t\t\t\t\t\t<div class=\"faq-item-question-icon\"><\/div>\r\n\t\t\t\t\t<\/div>\r\n\r\n\t\t\t\t\t<div class=\"faq-item-answer\">\r\n\t\t\t\t\t\t<div class=\"faq-item-answer-text\"> <p>Voc\u00ea pode integrar o widget Incorporar PDF ao seu site Wix com facilidade para permitir que seu p\u00fablico carregue e baixe arquivos PDF por meio de um pr\u00e1tico visualizador online. Basta ir ao painel do administrador e seguir estes passos: <\/p><ol><li>V\u00e1 para as configura\u00e7\u00f5es do tema. <\/li><li>Encontre a parte onde voc\u00ea precisa incorporar o visualizador de PDF. <\/li><li>Adicione o c\u00f3digo do servi\u00e7o Elfsight Apps e aplique as suas altera\u00e7\u00f5es. <\/li><li>Voc\u00ea terminou. <\/li><\/ol><p>E visite <a href=\"https:\/\/elfsight.com\/tutorials\/how-to-embed-pdf-on-website\/#how-to-add-pdf-to-wix\">esta p\u00e1gina<\/a> para ver todas as informa\u00e7\u00f5es sobre os recursos do widget.<\/p><\/div>\r\n\t\t\t\t\t<\/div>\r\n\t\t\t\t<\/div> <div class=\"faq-item\">\r\n\t\t\t\t\t<div class=\"faq-item-question\">\r\n\t\t\t\t\t\t<h3 class=\"faq-item-question-text\">Como posso testar seu widget Incorporar PDF em vigor <\/h3>\r\n\r\n\t\t\t\t\t\t<div class=\"faq-item-question-icon\"><\/div>\r\n\t\t\t\t\t<\/div>\r\n\r\n\t\t\t\t\t<div class=\"faq-item-answer\">\r\n\t\t\t\t\t\t<div class=\"faq-item-answer-text\"> <p>Voc\u00ea pode fazer isso facilmente aplicando nossa <a href=\"https:\/\/elfsight.com\/pdf-embed-widget\/#demo\">demonstra\u00e7\u00e3o<\/a> ao vivo. Al\u00e9m disso, ele pode ser usado para adicionar o widget ao seu site Wix!<\/p><\/div>\r\n\t\t\t\t\t<\/div>\r\n\t\t\t\t<\/div> <\/div><\/div> <div class=\"application-platform-content-item-features application-platform-content-item\" id=\"features\" data-nav-section=\"features\"> <h2>Recursos<\/h2> <p> Para ajud\u00e1-lo a ter a percep\u00e7\u00e3o correta do aplicativo PDF, voc\u00ea pode estudar a lista dos principais recursos. Eles tornam este widget \u00fatil para o seu neg\u00f3cio:<\/p> <ul><li>Cola uma quantidade ilimitada de arquivos;<\/li> <li>Variante de layout do Visualizador de arquivos para visualizar documentos no site;<\/li> <li> Fazer upload de imagens para \u00edcones de arquivos e visualiza\u00e7\u00f5es;<\/li> <li>Exibir ou ocultar o r\u00f3tulo do documento de download;<\/li> <li>6 detalhes coloridos da interface.<\/li> <\/ul><p><a href=\"#demo\">A demonstra\u00e7\u00e3o ao vivo mostrar\u00e1 uma lista completa de recursos para voc\u00ea<\/a><\/p> <\/div><div class=\"application-platform-content-item-installation application-platform-content-item\" id=\"installation\" data-nav-section=\"installation\"> <h2>Aprenda como fazer upload do arquivo PDF em seu Site Wix. \u00c9 absolutamente f\u00e1cil.<\/h2> <div class=\"video-container\"><iframe width=\"720\" height=\"405\" src=\"https:\/\/www.youtube.com\/embed\/jX7z9vePYr8?si=DkBrCBCcOAyChphG\" frameborder=\"0\" allowfullscreen=\"\"><\/iframe><\/div><p>As a\u00e7\u00f5es abaixo s\u00e3o as \u00fanicas necess\u00e1rias para configurar o aplicativo em sua p\u00e1gina da web. Levar\u00e1 um minuto do seu tempo e n\u00e3o envolve codifica\u00e7\u00e3o.<\/p> <ol><li><b>Gere seu aplicativo PDF exclusivo<\/b><br> Com a ajuda de nossa demonstra\u00e7\u00e3o gratuita, gere seu widget pr\u00f3prio, ajustando design e funcionalidade.<\/li><li><b>Adquira o c\u00f3digo pessoal para exibir o aplicativo<\/b><br> Depois de gerar seu widget, voc\u00ea obter\u00e1 seu c\u00f3digo de instala\u00e7\u00e3o no pop-up janela nas aplica\u00e7\u00f5es Elfsight. Copie este c\u00f3digo.<\/li> <li><b>Carregue o aplicativo no seu site Wix<\/b><br> Defina a \u00e1rea onde voc\u00ea planeja mostrar o widget e insira o c\u00f3digo copiado l\u00e1. Salve os resultados.<\/li> <li><b>Conclu\u00eddo!<\/b><br> Entre no site para visualizar seus arquivos PDF.<\/li> <\/ol><p>Ainda tem alguma d\u00favida? Ou tendo problemas? Basta escrever um pedido ao nosso apoio ao cliente, resolveremos qualquer tipo de quest\u00e3o. <\/p> <\/div>\n","protected":false},"excerpt":{"rendered":"","protected":false},"author":9,"featured_media":0,"parent":1131,"menu_order":0,"comment_status":"closed","ping_status":"closed","template":"templates\/template-application-platform.php","meta":{"publish_to_discourse":"","publish_post_category":"","wpdc_auto_publish_overridden":"","wpdc_topic_tags":"","wpdc_pin_topic":"","wpdc_pin_until":"","discourse_post_id":"","discourse_permalink":"","wpdc_publishing_response":"","wpdc_publishing_error":"","footnotes":""},"class_list":["post-7306","page","type-page","status-publish","hentry"],"yoast_head":"<!-- This site is optimized with the Yoast SEO plugin v25.3.1 - https:\/\/yoast.com\/wordpress\/plugins\/seo\/ -->\n<title>Visualizador de PDF - Incorpore o aplicativo PDF no site Wix (em 2 minutos)<\/title>\n<meta name=\"description\" content=\"Esta \u00e9 uma oportunidade de criar um aplicativo PDF Viewer eficaz e incorpor\u00e1-lo ao seu site Wix. Obtenha suporte gratuito ao cliente e outras vantagens da Elfsight.\" \/>\n<meta name=\"robots\" content=\"index, follow, max-snippet:-1, max-image-preview:large, max-video-preview:-1\" \/>\n<link rel=\"canonical\" href=\"https:\/\/elfsight.com\/pt\/pdf-embed-widget\/wix\/\" \/>\n<meta property=\"og:locale\" content=\"pt_PT\" \/>\n<meta property=\"og:type\" content=\"article\" \/>\n<meta property=\"og:title\" content=\"Visualizador de PDF - Incorpore o aplicativo PDF no site Wix (em 2 minutos)\" \/>\n<meta property=\"og:description\" content=\"Esta \u00e9 uma oportunidade de criar um aplicativo PDF Viewer eficaz e incorpor\u00e1-lo ao seu site Wix. Obtenha suporte gratuito ao cliente e outras vantagens da Elfsight.\" \/>\n<meta property=\"og:url\" content=\"https:\/\/elfsight.com\/pt\/pdf-embed-widget\/wix\/\" \/>\n<meta property=\"og:site_name\" content=\"Elfsight PT\" \/>\n<meta property=\"article:modified_time\" content=\"2025-12-19T13:45:47+00:00\" \/>\n<meta name=\"twitter:card\" content=\"summary_large_image\" \/>\n<meta name=\"twitter:label1\" content=\"Tempo estimado de leitura\" \/>\n\t<meta name=\"twitter:data1\" content=\"3 minutos\" \/>\n<!-- \/ Yoast SEO plugin. -->","yoast_head_json":{"title":"Visualizador de PDF - Incorpore o aplicativo PDF no site Wix (em 2 minutos)","description":"Esta \u00e9 uma oportunidade de criar um aplicativo PDF Viewer eficaz e incorpor\u00e1-lo ao seu site Wix. Obtenha suporte gratuito ao cliente e outras vantagens da Elfsight.","robots":{"index":"index","follow":"follow","max-snippet":"max-snippet:-1","max-image-preview":"max-image-preview:large","max-video-preview":"max-video-preview:-1"},"canonical":"https:\/\/elfsight.com\/pt\/pdf-embed-widget\/wix\/","og_locale":"pt_PT","og_type":"article","og_title":"Visualizador de PDF - Incorpore o aplicativo PDF no site Wix (em 2 minutos)","og_description":"Esta \u00e9 uma oportunidade de criar um aplicativo PDF Viewer eficaz e incorpor\u00e1-lo ao seu site Wix. Obtenha suporte gratuito ao cliente e outras vantagens da Elfsight.","og_url":"https:\/\/elfsight.com\/pt\/pdf-embed-widget\/wix\/","og_site_name":"Elfsight PT","article_modified_time":"2025-12-19T13:45:47+00:00","twitter_card":"summary_large_image","twitter_misc":{"Tempo estimado de leitura":"3 minutos"},"schema":{"@context":"https:\/\/schema.org","@graph":[{"@type":"WebPage","@id":"https:\/\/elfsight.com\/pt\/pdf-embed-widget\/wix\/","url":"https:\/\/elfsight.com\/pt\/pdf-embed-widget\/wix\/","name":"Visualizador de PDF - Incorpore o aplicativo PDF no site Wix (em 2 minutos)","isPartOf":{"@id":"https:\/\/elfsight.com\/pt\/#website"},"datePublished":"1970-01-01T00:00:00+00:00","dateModified":"2025-12-19T13:45:47+00:00","description":"Esta \u00e9 uma oportunidade de criar um aplicativo PDF Viewer eficaz e incorpor\u00e1-lo ao seu site Wix. Obtenha suporte gratuito ao cliente e outras vantagens da Elfsight.","breadcrumb":{"@id":"https:\/\/elfsight.com\/pt\/pdf-embed-widget\/wix\/#breadcrumb"},"inLanguage":"pt-PT","potentialAction":[{"@type":"ReadAction","target":["https:\/\/elfsight.com\/pt\/pdf-embed-widget\/wix\/"]}]},{"@type":"BreadcrumbList","@id":"https:\/\/elfsight.com\/pt\/pdf-embed-widget\/wix\/#breadcrumb","itemListElement":[{"@type":"ListItem","position":1,"name":"Home","item":"https:\/\/elfsight.com\/pt\/"},{"@type":"ListItem","position":2,"name":"PDF Embed","item":"https:\/\/elfsight.com\/pt\/pdf-embed-widget\/"},{"@type":"ListItem","position":3,"name":"PDF Embed &#8211; Wix"}]},{"@type":"WebSite","@id":"https:\/\/elfsight.com\/pt\/#website","url":"https:\/\/elfsight.com\/pt\/","name":"Elfsight PT","description":"Just another Elfsight Sites site","potentialAction":[{"@type":"SearchAction","target":{"@type":"EntryPoint","urlTemplate":"https:\/\/elfsight.com\/pt\/?s={search_term_string}"},"query-input":{"@type":"PropertyValueSpecification","valueRequired":true,"valueName":"search_term_string"}}],"inLanguage":"pt-PT"}]}},"meta_box":{"industry":"","seo_heading":"","heading":"","description":"","cta_heading":"","cta_description":"","application":"1130","h1":"Aplicativo Wix PDF Incorporar","h1_caption":"O widget mais pr\u00e1tico para introduzir documentos PDF nas p\u00e1ginas do site para visualiza\u00e7\u00e3o e download r\u00e1pidos","application_category":[],"applications_title":"","applications_request_title":"","applications_request_button_text":"","hero_text":"","hero_video":"","hero_video_schema_markup":"","selling_points_title":"","selling_points_caption":"","selling_points":[],"selling_points_cta_text":"","features_title":"","features":"","ed_cta_examples_text":"","ed_cta_examples_hidden":"","ed_cta_demo_text":"","ed_cta_demo_hidden":"","why_caption":"","why_editor_title":"","why_editor_text":"","why_team_title":"","why_team_text":"","why_service_title":"","why_service_text":"","template_catalog_visible":"0","template_catalog_title":"","template_catalog_text":"","template_catalog_categories_visible":"","demo_title":"Crie seu aplicativo PDF Embed","demo_caption":"Configure seu PDF Embed e adicione-o ao seu site Wix gratuitamente!","default_faq_hidden":"","app_template_category":[],"platform":"37","template_public_id":"","codecanyon_url":"","codecanyon_item_id":"","codecanyon_price":"","pricing_caption":"","pricing_elfsight_apps_hide_column":"","pricing_elfsight_apps_url":"","pricing_codecanyon_price_caption":"","integration_category":[],"integration_request_title":"","integration_request_cta":"","integration_platform":"","integrations":[],"platform_category":[],"video_schema_markup":"","price":"a partir de US$ 0\/m\u00eas","trial":"","benefits":[{"text":"Servi\u00e7o de instala\u00e7\u00e3o gratuito"},{"text":"Suporte ao cliente experiente"},{"text":"Garantia de devolu\u00e7\u00e3o do dinheiro em 14 dias"},{"text":"Desenvolvimento cont\u00ednuo"}],"button_url":"#demo","button_target_blank":"0","button_nofollow":"0","attributes":[{"name":"Instala\u00e7\u00f5es","content":"10,000 - 100,000"},{"name":"Responsivo","content":"Sim"},{"name":"Navegadores compat\u00edveis","content":"Edge, Firefox, Chrome, Opera, Safari"}],"tags":[],"tags_disable_links":"0","hide_more_platforms":"0","video_object":"","demo_hide_cta":"0","demo_hide_cloud_options":"0","pricing_title":"","pricing":[{"pricing_icon":"platform","pricing_title":"Elfsight Apps","pricing_title_caption":"Vers\u00e3o independente de plataforma que se adapta a qualquer site","pricing_price":"a partir de US$ 0\/m\u00eas","pricing_price_caption":"comece com plano gratuito","pricing_benefits":[{"text":"N\u00famero ilimitado de dom\u00ednios"},{"text":"Suporte r\u00e1pido"},{"text":"Suporte r\u00e1pido"},{"text":"Oferta especial para v\u00e1rios aplicativos"}],"pricing_button_text":"Adicionar ao site","pricing_button_url":"#demo"}],"related_apps_title":"","related_apps_hidden":"0","author":"","image":[],"title":"","job":"","social_networks":[]},"_links":{"self":[{"href":"https:\/\/elfsight.com\/pt\/wp-json\/wp\/v2\/pages\/7306","targetHints":{"allow":["GET"]}}],"collection":[{"href":"https:\/\/elfsight.com\/pt\/wp-json\/wp\/v2\/pages"}],"about":[{"href":"https:\/\/elfsight.com\/pt\/wp-json\/wp\/v2\/types\/page"}],"author":[{"embeddable":true,"href":"https:\/\/elfsight.com\/pt\/wp-json\/wp\/v2\/users\/9"}],"replies":[{"embeddable":true,"href":"https:\/\/elfsight.com\/pt\/wp-json\/wp\/v2\/comments?post=7306"}],"version-history":[{"count":4,"href":"https:\/\/elfsight.com\/pt\/wp-json\/wp\/v2\/pages\/7306\/revisions"}],"predecessor-version":[{"id":15195,"href":"https:\/\/elfsight.com\/pt\/wp-json\/wp\/v2\/pages\/7306\/revisions\/15195"}],"up":[{"embeddable":true,"href":"https:\/\/elfsight.com\/pt\/wp-json\/wp\/v2\/pages\/1131"}],"wp:attachment":[{"href":"https:\/\/elfsight.com\/pt\/wp-json\/wp\/v2\/media?parent=7306"}],"curies":[{"name":"wp","href":"https:\/\/api.w.org\/{rel}","templated":true}]}}