{"id":7298,"date":"1970-01-01T00:00:00","date_gmt":"1970-01-01T00:00:00","guid":{"rendered":"https:\/\/elfsight.com\/pt\/?page_id=7298"},"modified":"2024-11-13T12:02:53","modified_gmt":"2024-11-13T12:02:53","slug":"shopify","status":"publish","type":"page","link":"https:\/\/elfsight.com\/pt\/pdf-embed-widget\/shopify\/","title":{"rendered":"PDF Embed &#8211; Shopify"},"content":{"rendered":"<div class=\"application-platform-content-item-description application-platform-content-item\" id=\"description\" data-nav-section=\"description\"> <h2>Incorporar PDF Incorporar no Shopify com o widget Elfsight<\/h2> <p>Atrav\u00e9s do aplicativo Elfsight PDF, obtenha a adi\u00e7\u00e3o mais simples e r\u00e1pida dos seus documentos PDF para o seu site. Para maior comodidade do usu\u00e1rio, os documentos podem ser adicionados por meio de upload, adi\u00e7\u00e3o de URLs ou escolha do \u00faltimo upload. Voc\u00ea \u00e9 livre para dar a cada documento seu pr\u00f3prio t\u00edtulo, fazer upload de seu pr\u00f3prio \u00edcone ou imagem, escolher a variante de layout e muito mais. Seu p\u00fablico pode conferir os arquivos diretamente no site, visualiz\u00e1-los em uma nova aba e fazer o download. <\/p> <div class=\"faq\" data-component=\"FAQ\"> <div class=\"faq-item\">\r\n\t\t\t\t\t<div class=\"faq-item-question\">\r\n\t\t\t\t\t\t<h3 class=\"faq-item-question-text\">Onde posso incorporar este plugin<\/h3>\r\n\r\n\t\t\t\t\t\t<div class=\"faq-item-question-icon\"><\/div>\r\n\t\t\t\t\t<\/div>\r\n\r\n\t\t\t\t\t<div class=\"faq-item-answer\">\r\n\t\t\t\t\t\t<div class=\"faq-item-answer-text\"> <p>\u00c9 f\u00e1cil usar o File Embed em qualquer uma ou em todas as p\u00e1ginas do site. Por exemplo, ir\u00e1 ajud\u00e1-lo a adicionar seus documentos tecnol\u00f3gicos ou especifica\u00e7\u00f5es nas p\u00e1ginas de produtos correspondentes e adicionar seus diplomas e certificados na p\u00e1gina Sobre n\u00f3s. <\/p> <\/div>\r\n\t\t\t\t\t<\/div>\r\n\t\t\t\t<\/div> <div class=\"faq-item\">\r\n\t\t\t\t\t<div class=\"faq-item-question\">\r\n\t\t\t\t\t\t<h3 class=\"faq-item-question-text\">Como posso me beneficiar com isso?<\/h3>\r\n\r\n\t\t\t\t\t\t<div class=\"faq-item-question-icon\"><\/div>\r\n\t\t\t\t\t<\/div>\r\n\r\n\t\t\t\t\t<div class=\"faq-item-answer\">\r\n\t\t\t\t\t\t<div class=\"faq-item-answer-text\"> <p>Nosso widget economizar\u00e1 muito tempo, pois adicionar documentos ao seu site levar\u00e1 apenas alguns segundos. Al\u00e9m disso, voc\u00ea poder\u00e1 publicar muitas informa\u00e7\u00f5es valiosas sobre seus produtos ou servi\u00e7os e obter uma melhor compreens\u00e3o dos clientes sobre suas ofertas. <\/p> <\/div>\r\n\t\t\t\t\t<\/div>\r\n\t\t\t\t<\/div> <div class=\"faq-item\">\r\n\t\t\t\t\t<div class=\"faq-item-question\">\r\n\t\t\t\t\t\t<h3 class=\"faq-item-question-text\">Como posso incorporar PDF no meu site da Shopify?<\/h3>\r\n\r\n\t\t\t\t\t\t<div class=\"faq-item-question-icon\"><\/div>\r\n\t\t\t\t\t<\/div>\r\n\r\n\t\t\t\t\t<div class=\"faq-item-answer\">\r\n\t\t\t\t\t\t<div class=\"faq-item-answer-text\"> <p>Levar\u00e1 tr\u00eas minutos do seu tempo para incorporar o widget. A integra\u00e7\u00e3o \u00e9 extremamente r\u00e1pida, gratuita e sem codifica\u00e7\u00e3o.<\/p> <p>O Elfsight PDF Embed pode ser instalado atrav\u00e9s do nosso servi\u00e7o ou atrav\u00e9s do mercado. Aqui voc\u00ea confere as vantagens dessas op\u00e7\u00f5es e seleciona a sua. <\/p> <\/div>\r\n\t\t\t\t\t<\/div>\r\n\t\t\t\t<\/div> <\/div> <\/div><div class=\"application-platform-content-item-features application-platform-content-item\" id=\"features\" data-nav-section=\"features\"> <h2>Principais recursos do widget PDF Embed<\/h2> <p>Para obter uma percep\u00e7\u00e3o mais clara do PDF Embed, examine a lista das caracter\u00edsticas essenciais. Eles tornam o widget o mais ben\u00e9fico para o seu neg\u00f3cio: <\/p> <ul><li>Colar documentos ilimitados;<\/li> <li>Variante de layout do Visualizador de arquivos para leitura de documentos na p\u00e1gina;<\/li> <li>Fazer upload imagens para \u00edcones de arquivos e visualiza\u00e7\u00f5es;<\/li> <li>Exibir ou ocultar o r\u00f3tulo do arquivo de download;<\/li> <li>Seis detalhes pint\u00e1veis \u200b\u200bda interface;<\/li> <\/ul><p><a href=\"#demo\">Descubra mais recursos na demonstra\u00e7\u00e3o<\/a><\/p> <\/div> <div class=\"application-platform-content-item-installation application-platform-content-item\" id=\"installation\" data-nav-section=\"installation\"> <h2>Vamos ver como incorporar o PDF Viewer em sua loja Shopify<\/h2><div class=\"video-container\"><iframe width=\"720\" height=\"405\" src=\"https:\/\/www.youtube.com\/embed\/imqpdyPW2MY\"><\/iframe><\/div><p>Essas diversas a\u00e7\u00f5es s\u00e3o a \u00fanica coisa que voc\u00ea precisa fazer para integrar o widget. <\/p> <ol><li><b>Utilize nosso configurador gratuito e comece a criar seu aplicativo personalizado. <\/b><br> Especifique a interface e as op\u00e7\u00f5es preferidas do aplicativo e salve todas as edi\u00e7\u00f5es. <\/li> <li><b>Receba o c\u00f3digo individual que aparece no formul\u00e1rio especial nas aplica\u00e7\u00f5es Elfsight. <\/b><br> Quando a configura\u00e7\u00e3o do seu aplicativo for conclu\u00edda, copie o seu c\u00f3digo no pop-up que surgir e guarde-o para futuras necessidades. <\/li> <li><b>Comece a usar o aplicativo no site da Shopify. <\/b><br> Cole o c\u00f3digo que voc\u00ea salvou recentemente em sua p\u00e1gina e salve as edi\u00e7\u00f5es. <\/li> <li><b>Conclu\u00eddo! A integra\u00e7\u00e3o est\u00e1 totalmente encerrada. <\/b><br> Abra seu site para ver o desempenho do aplicativo. <\/li><\/ol><p>Ainda n\u00e3o decidiu? Ou tem d\u00favidas? Basta enviar sua solicita\u00e7\u00e3o por e-mail para nossa equipe de suporte para resolver qualquer problema. <\/p> <\/div>","protected":false},"excerpt":{"rendered":"","protected":false},"author":9,"featured_media":0,"parent":1131,"menu_order":0,"comment_status":"closed","ping_status":"closed","template":"templates\/template-application-platform.php","meta":{"publish_to_discourse":"","publish_post_category":"","wpdc_auto_publish_overridden":"","wpdc_topic_tags":"","wpdc_pin_topic":"","wpdc_pin_until":"","discourse_post_id":"","discourse_permalink":"","wpdc_publishing_response":"","wpdc_publishing_error":"","footnotes":""},"class_list":["post-7298","page","type-page","status-publish","hentry"],"yoast_head":"<!-- This site is optimized with the Yoast SEO plugin v25.3.1 - https:\/\/yoast.com\/wordpress\/plugins\/seo\/ -->\n<title>Visualizador de PDF - Incorporar aplicativo PDF no site Shopify (2025)<\/title>\n<meta name=\"description\" content=\"\u00c9 muito f\u00e1cil moldar seu aplicativo PDF Viewer e incorpor\u00e1-lo em sua loja Shopify. O suporte ao cliente da Elfsight \u00e9 gratuito e r\u00e1pido.\" \/>\n<meta name=\"robots\" content=\"index, follow, max-snippet:-1, max-image-preview:large, max-video-preview:-1\" \/>\n<link rel=\"canonical\" href=\"https:\/\/elfsight.com\/pt\/pdf-embed-widget\/shopify\/\" \/>\n<meta property=\"og:locale\" content=\"pt_PT\" \/>\n<meta property=\"og:type\" content=\"article\" \/>\n<meta property=\"og:title\" content=\"Visualizador de PDF - Incorporar aplicativo PDF no site Shopify (2025)\" \/>\n<meta property=\"og:description\" content=\"\u00c9 muito f\u00e1cil moldar seu aplicativo PDF Viewer e incorpor\u00e1-lo em sua loja Shopify. O suporte ao cliente da Elfsight \u00e9 gratuito e r\u00e1pido.\" \/>\n<meta property=\"og:url\" content=\"https:\/\/elfsight.com\/pt\/pdf-embed-widget\/shopify\/\" \/>\n<meta property=\"og:site_name\" content=\"Elfsight PT\" \/>\n<meta property=\"article:modified_time\" content=\"2024-11-13T12:02:53+00:00\" \/>\n<meta name=\"twitter:card\" content=\"summary_large_image\" \/>\n<meta name=\"twitter:label1\" content=\"Tempo estimado de leitura\" \/>\n\t<meta name=\"twitter:data1\" content=\"3 minutos\" \/>\n<!-- \/ Yoast SEO plugin. -->","yoast_head_json":{"title":"Visualizador de PDF - Incorporar aplicativo PDF no site Shopify (2025)","description":"\u00c9 muito f\u00e1cil moldar seu aplicativo PDF Viewer e incorpor\u00e1-lo em sua loja Shopify. O suporte ao cliente da Elfsight \u00e9 gratuito e r\u00e1pido.","robots":{"index":"index","follow":"follow","max-snippet":"max-snippet:-1","max-image-preview":"max-image-preview:large","max-video-preview":"max-video-preview:-1"},"canonical":"https:\/\/elfsight.com\/pt\/pdf-embed-widget\/shopify\/","og_locale":"pt_PT","og_type":"article","og_title":"Visualizador de PDF - Incorporar aplicativo PDF no site Shopify (2025)","og_description":"\u00c9 muito f\u00e1cil moldar seu aplicativo PDF Viewer e incorpor\u00e1-lo em sua loja Shopify. O suporte ao cliente da Elfsight \u00e9 gratuito e r\u00e1pido.","og_url":"https:\/\/elfsight.com\/pt\/pdf-embed-widget\/shopify\/","og_site_name":"Elfsight PT","article_modified_time":"2024-11-13T12:02:53+00:00","twitter_card":"summary_large_image","twitter_misc":{"Tempo estimado de leitura":"3 minutos"},"schema":{"@context":"https:\/\/schema.org","@graph":[{"@type":"WebPage","@id":"https:\/\/elfsight.com\/pt\/pdf-embed-widget\/shopify\/","url":"https:\/\/elfsight.com\/pt\/pdf-embed-widget\/shopify\/","name":"Visualizador de PDF - Incorporar aplicativo PDF no site Shopify (2025)","isPartOf":{"@id":"https:\/\/elfsight.com\/pt\/#website"},"datePublished":"1970-01-01T00:00:00+00:00","dateModified":"2024-11-13T12:02:53+00:00","description":"\u00c9 muito f\u00e1cil moldar seu aplicativo PDF Viewer e incorpor\u00e1-lo em sua loja Shopify. O suporte ao cliente da Elfsight \u00e9 gratuito e r\u00e1pido.","breadcrumb":{"@id":"https:\/\/elfsight.com\/pt\/pdf-embed-widget\/shopify\/#breadcrumb"},"inLanguage":"pt-PT","potentialAction":[{"@type":"ReadAction","target":["https:\/\/elfsight.com\/pt\/pdf-embed-widget\/shopify\/"]}]},{"@type":"BreadcrumbList","@id":"https:\/\/elfsight.com\/pt\/pdf-embed-widget\/shopify\/#breadcrumb","itemListElement":[{"@type":"ListItem","position":1,"name":"Home","item":"https:\/\/elfsight.com\/pt\/"},{"@type":"ListItem","position":2,"name":"PDF Embed","item":"https:\/\/elfsight.com\/pt\/pdf-embed-widget\/"},{"@type":"ListItem","position":3,"name":"PDF Embed &#8211; Shopify"}]},{"@type":"WebSite","@id":"https:\/\/elfsight.com\/pt\/#website","url":"https:\/\/elfsight.com\/pt\/","name":"Elfsight PT","description":"Just another Elfsight Sites site","potentialAction":[{"@type":"SearchAction","target":{"@type":"EntryPoint","urlTemplate":"https:\/\/elfsight.com\/pt\/?s={search_term_string}"},"query-input":{"@type":"PropertyValueSpecification","valueRequired":true,"valueName":"search_term_string"}}],"inLanguage":"pt-PT"}]}},"meta_box":{"industry":"","seo_heading":"","heading":"","description":"","cta_heading":"","cta_description":"","application":"1130","h1":"Aplicativo Shopify PDF Incorporado","h1_caption":"O widget mais pr\u00e1tico para introduzir documentos PDF nas p\u00e1ginas do site para leitura e download r\u00e1pidos","application_category":[],"applications_title":"","applications_request_title":"","applications_request_button_text":"","hero_text":"","hero_video":"","hero_video_schema_markup":"","selling_points_title":"","selling_points_caption":"","selling_points":[],"selling_points_cta_text":"","features_title":"","features":"","ed_cta_examples_text":"","ed_cta_examples_hidden":"","ed_cta_demo_text":"","ed_cta_demo_hidden":"","why_caption":"","why_editor_title":"","why_editor_text":"","why_team_title":"","why_team_text":"","why_service_title":"","why_service_text":"","template_catalog_visible":"","template_catalog_title":"","template_catalog_text":"","template_catalog_categories_visible":"","demo_title":"Crie seu aplicativo PDF Embed","demo_caption":"Configure seu PDF Embed e adicione-o ao seu site Shopify gratuitamente!","default_faq_hidden":"","app_template_category":[],"platform":"64","template_public_id":"","codecanyon_url":"","codecanyon_item_id":"","codecanyon_price":"","pricing_caption":"","pricing_elfsight_apps_hide_column":"","pricing_elfsight_apps_url":"","pricing_codecanyon_price_caption":"","integration_category":[],"integration_request_title":"","integration_request_cta":"","integration_platform":"","integrations":[],"platform_category":[],"video_schema_markup":"","price":"a partir de US$ 0\/m\u00eas","trial":"","benefits":[{"text":"Servi\u00e7o de instala\u00e7\u00e3o gratuito"},{"text":"Suporte premium"},{"text":"Garantia de devolu\u00e7\u00e3o do dinheiro em 14 dias"},{"text":"Atualiza\u00e7\u00f5es gratuitas cont\u00ednuas"}],"button_url":"#demo","button_target_blank":"","button_nofollow":"","attributes":[{"name":"Instala\u00e7\u00f5es","content":"10,000 - 100,000"},{"name":"Responsivo","content":"Sim"},{"name":"Navegadores compat\u00edveis","content":"Firefox, Safari, Opera, Chrome, Edge"}],"tags":[],"tags_disable_links":"","hide_more_platforms":"","video_object":"","demo_hide_cta":"","demo_hide_cloud_options":"","pricing_title":"","pricing":[{"pricing_icon":"cloud","pricing_title":"Elfsight Apps","pricing_title_caption":"Vers\u00e3o multiplataforma que funciona em qualquer site","pricing_price":"a partir de US$ 0\/m\u00eas","pricing_price_caption":"comece com plano gratuito","pricing_benefits":[{"text":"Sites ilimitados"},{"text":"Suporte premium"},{"text":"Suporte premium"},{"text":"Oferta especial para v\u00e1rios aplicativos"}],"pricing_button_text":"Adicionar ao site","pricing_button_url":"#demo"}],"related_apps_title":"","related_apps_hidden":"","author":"","image":[],"title":"","job":"","social_networks":[]},"_links":{"self":[{"href":"https:\/\/elfsight.com\/pt\/wp-json\/wp\/v2\/pages\/7298","targetHints":{"allow":["GET"]}}],"collection":[{"href":"https:\/\/elfsight.com\/pt\/wp-json\/wp\/v2\/pages"}],"about":[{"href":"https:\/\/elfsight.com\/pt\/wp-json\/wp\/v2\/types\/page"}],"author":[{"embeddable":true,"href":"https:\/\/elfsight.com\/pt\/wp-json\/wp\/v2\/users\/9"}],"replies":[{"embeddable":true,"href":"https:\/\/elfsight.com\/pt\/wp-json\/wp\/v2\/comments?post=7298"}],"version-history":[{"count":1,"href":"https:\/\/elfsight.com\/pt\/wp-json\/wp\/v2\/pages\/7298\/revisions"}],"predecessor-version":[{"id":7302,"href":"https:\/\/elfsight.com\/pt\/wp-json\/wp\/v2\/pages\/7298\/revisions\/7302"}],"up":[{"embeddable":true,"href":"https:\/\/elfsight.com\/pt\/wp-json\/wp\/v2\/pages\/1131"}],"wp:attachment":[{"href":"https:\/\/elfsight.com\/pt\/wp-json\/wp\/v2\/media?parent=7298"}],"curies":[{"name":"wp","href":"https:\/\/api.w.org\/{rel}","templated":true}]}}