{"id":7290,"date":"1970-01-01T00:00:00","date_gmt":"1970-01-01T00:00:00","guid":{"rendered":"https:\/\/elfsight.com\/pt\/?page_id=7290"},"modified":"2024-11-13T12:02:44","modified_gmt":"2024-11-13T12:02:44","slug":"magento","status":"publish","type":"page","link":"https:\/\/elfsight.com\/pt\/pdf-embed-widget\/magento\/","title":{"rendered":"PDF Embed &#8211; Magento"},"content":{"rendered":"<div class=\"application-platform-content-item-description application-platform-content-item\" id=\"description\" data-nav-section=\"description\"> <h2>Descri\u00e7\u00e3o<\/h2> <p>Com a ajuda da extens\u00e3o PDF da Elfsight, obtenha a colagem mais f\u00e1cil e imediata dos seus documentos PDF nas p\u00e1ginas do seu site. Para sua comodidade, os documentos podem ser integrados fazendo upload, inserindo seus URLs ou selecionando os \u00faltimos enviados na lista. Voc\u00ea pode dar a cada documento seu pr\u00f3prio nome, fazer upload de um \u00edcone e uma imagem de visualiza\u00e7\u00e3o, escolher o layout e outras op\u00e7\u00f5es. Os visitantes do site podem ler os documentos diretamente na sua p\u00e1gina, visualiz\u00e1-los em uma nova guia e fazer download. <\/p> <div class=\"faq\" data-component=\"FAQ\"> <div class=\"faq-item\">\r\n\t\t\t\t\t<div class=\"faq-item-question\">\r\n\t\t\t\t\t\t<h3 class=\"faq-item-question-text\">Onde posso adicion\u00e1-lo no meu site<\/h3>\r\n\r\n\t\t\t\t\t\t<div class=\"faq-item-question-icon\"><\/div>\r\n\t\t\t\t\t<\/div>\r\n\r\n\t\t\t\t\t<div class=\"faq-item-answer\">\r\n\t\t\t\t\t\t<div class=\"faq-item-answer-text\"> <p>Sinta-se \u00e0 vontade para adicionar o arquivo incorporado a qualquer p\u00e1gina do site. Assim, com ele voc\u00ea pode publicar seus documentos t\u00e9cnicos ou diretrizes nas p\u00e1ginas dos produtos correspondentes, ou demonstrar seus diplomas e certificados na landing page.<\/p> <\/div>\r\n\t\t\t\t\t<\/div>\r\n\t\t\t\t<\/div> <div class=\"faq-item\">\r\n\t\t\t\t\t<div class=\"faq-item-question\">\r\n\t\t\t\t\t\t<h3 class=\"faq-item-question-text\">Quais s\u00e3o os benef\u00edcios de ter a extens\u00e3o para mim ?<\/h3>\r\n\r\n\t\t\t\t\t\t<div class=\"faq-item-question-icon\"><\/div>\r\n\t\t\t\t\t<\/div>\r\n\r\n\t\t\t\t\t<div class=\"faq-item-answer\">\r\n\t\t\t\t\t\t<div class=\"faq-item-answer-text\"> <p>Nosso widget economizar\u00e1 muito tempo, pois com sua ajuda a integra\u00e7\u00e3o de documentos em seu site leva apenas alguns segundos. Al\u00e9m disso, voc\u00ea pode fornecer aos seus clientes muitos detalhes valiosos sobre seus produtos e servi\u00e7os. <\/p> <\/div>\r\n\t\t\t\t\t<\/div>\r\n\t\t\t\t<\/div> <div class=\"faq-item\">\r\n\t\t\t\t\t<div class=\"faq-item-question\">\r\n\t\t\t\t\t\t<h3 class=\"faq-item-question-text\">Como posso adicionar uma extens\u00e3o PDF ao meu site Magento?<\/h3>\r\n\r\n\t\t\t\t\t\t<div class=\"faq-item-question-icon\"><\/div>\r\n\t\t\t\t\t<\/div>\r\n\r\n\t\t\t\t\t<div class=\"faq-item-answer\">\r\n\t\t\t\t\t\t<div class=\"faq-item-answer-text\"> <p>Leva um minuto do seu tempo para configurar o widget. O processo de integra\u00e7\u00e3o \u00e9 muito r\u00e1pido, gratuito e n\u00e3o inclui codifica\u00e7\u00e3o.<\/p> <p>O widget pode ser adicionado diretamente atrav\u00e9s do servi\u00e7o Elfsight ou no marketplace. Aqui voc\u00ea pode aprender mais sobre ambas as op\u00e7\u00f5es e escolher a mais adequada.<\/p> <\/div>\r\n\t\t\t\t\t<\/div>\r\n\t\t\t\t<\/div> <\/div> <\/div> <div class=\"application-platform-content-item-features application-platform-content-item\" id=\"features\" data-nav-section=\"features\"> <h2>Recursos<\/h2> <p>Para melhorar Para entender como funciona o PDF Viewer, confira a lista de seus recursos essenciais. Eles tornam nossa extens\u00e3o realmente eficaz para o seu neg\u00f3cio:<\/p> <ul><li>Integre qualquer quantidade de documentos;<\/li> <li>Op\u00e7\u00e3o de layout do Visualizador de Arquivos para visualiza\u00e7\u00e3o de documentos na p\u00e1gina;<\/li> <li>Fazer upload de imagens para \u00edcones e visualiza\u00e7\u00f5es;<\/li> <li>Exibir ou ocultar o r\u00f3tulo do documento de download;<\/li> <li>Elementos de interface coloridos 6;<\/li> <\/ul><p><a href=\"#demo\">Para conhecer mais recursos, veja a demonstra\u00e7\u00e3o<\/a><\/p> <\/div> <div class=\"application-platform-content-item-installation application-platform-content-item\" id=\"installation\" data-nav-section=\"installation\"> <h2>Aprenda como adicionar a extens\u00e3o PDF Viewer \u00e0 sua p\u00e1gina Magento<\/h2> <p>Basta seguir os seguintes passos descritos abaixo para ativar a extens\u00e3o no Magento.<\/p> <ol><li><b>Use nosso configurador gratuito e comece a criar seu widget personalizado. <\/b><br> Escolha o design personalizado e as op\u00e7\u00f5es da ferramenta e salve as modifica\u00e7\u00f5es. <\/li> <li><b>Exponha o seu c\u00f3digo individual na caixa das aplica\u00e7\u00f5es Elfsight. <\/b><br> Ap\u00f3s a gera\u00e7\u00e3o da sua extens\u00e3o PDF, copie o c\u00f3digo exclusivo no pop-up que aparece e guarde-o para uso futuro. <\/li> <li><b>Comece a usar o widget no seu site Magento. <\/b><br> Insira o c\u00f3digo salvo anteriormente em sua p\u00e1gina web e salve as melhorias. <\/li> <li><b>A configura\u00e7\u00e3o foi finalizada com sucesso. <\/b><br> Acesse seu site para ver em a\u00e7\u00e3o como o widget funciona. <\/li><\/ol><p>Ainda duvida de alguma coisa? Ou enfrentando problemas? Basta escrever uma solicita\u00e7\u00e3o para nossa equipe de suporte e eles resolver\u00e3o qualquer tipo de problema que voc\u00ea possa ter.<\/p> <\/div>","protected":false},"excerpt":{"rendered":"","protected":false},"author":9,"featured_media":0,"parent":1131,"menu_order":0,"comment_status":"closed","ping_status":"closed","template":"templates\/template-application-platform.php","meta":{"publish_to_discourse":"","publish_post_category":"","wpdc_auto_publish_overridden":"","wpdc_topic_tags":"","wpdc_pin_topic":"","wpdc_pin_until":"","discourse_post_id":"","discourse_permalink":"","wpdc_publishing_response":"","wpdc_publishing_error":"","footnotes":""},"class_list":["post-7290","page","type-page","status-publish","hentry"],"yoast_head":"<!-- This site is optimized with the Yoast SEO plugin v25.3.1 - https:\/\/yoast.com\/wordpress\/plugins\/seo\/ -->\n<title>Visualizador de PDF - Incorpore extens\u00e3o PDF no site Magento (gr\u00e1tis e r\u00e1pido)<\/title>\n<meta name=\"description\" content=\"\u00c9 f\u00e1cil criar sua extens\u00e3o PDF Viewer e incorpor\u00e1-la no site Magento. O suporte ao cliente da Elfsight \u00e9 gratuito e r\u00e1pido.\" \/>\n<meta name=\"robots\" content=\"index, follow, max-snippet:-1, max-image-preview:large, max-video-preview:-1\" \/>\n<link rel=\"canonical\" href=\"https:\/\/elfsight.com\/pt\/pdf-embed-widget\/magento\/\" \/>\n<meta property=\"og:locale\" content=\"pt_PT\" \/>\n<meta property=\"og:type\" content=\"article\" \/>\n<meta property=\"og:title\" content=\"Visualizador de PDF - Incorpore extens\u00e3o PDF no site Magento (gr\u00e1tis e r\u00e1pido)\" \/>\n<meta property=\"og:description\" content=\"\u00c9 f\u00e1cil criar sua extens\u00e3o PDF Viewer e incorpor\u00e1-la no site Magento. O suporte ao cliente da Elfsight \u00e9 gratuito e r\u00e1pido.\" \/>\n<meta property=\"og:url\" content=\"https:\/\/elfsight.com\/pt\/pdf-embed-widget\/magento\/\" \/>\n<meta property=\"og:site_name\" content=\"Elfsight PT\" \/>\n<meta property=\"article:modified_time\" content=\"2024-11-13T12:02:44+00:00\" \/>\n<meta name=\"twitter:card\" content=\"summary_large_image\" \/>\n<meta name=\"twitter:label1\" content=\"Tempo estimado de leitura\" \/>\n\t<meta name=\"twitter:data1\" content=\"3 minutos\" \/>\n<!-- \/ Yoast SEO plugin. -->","yoast_head_json":{"title":"Visualizador de PDF - Incorpore extens\u00e3o PDF no site Magento (gr\u00e1tis e r\u00e1pido)","description":"\u00c9 f\u00e1cil criar sua extens\u00e3o PDF Viewer e incorpor\u00e1-la no site Magento. O suporte ao cliente da Elfsight \u00e9 gratuito e r\u00e1pido.","robots":{"index":"index","follow":"follow","max-snippet":"max-snippet:-1","max-image-preview":"max-image-preview:large","max-video-preview":"max-video-preview:-1"},"canonical":"https:\/\/elfsight.com\/pt\/pdf-embed-widget\/magento\/","og_locale":"pt_PT","og_type":"article","og_title":"Visualizador de PDF - Incorpore extens\u00e3o PDF no site Magento (gr\u00e1tis e r\u00e1pido)","og_description":"\u00c9 f\u00e1cil criar sua extens\u00e3o PDF Viewer e incorpor\u00e1-la no site Magento. O suporte ao cliente da Elfsight \u00e9 gratuito e r\u00e1pido.","og_url":"https:\/\/elfsight.com\/pt\/pdf-embed-widget\/magento\/","og_site_name":"Elfsight PT","article_modified_time":"2024-11-13T12:02:44+00:00","twitter_card":"summary_large_image","twitter_misc":{"Tempo estimado de leitura":"3 minutos"},"schema":{"@context":"https:\/\/schema.org","@graph":[{"@type":"WebPage","@id":"https:\/\/elfsight.com\/pt\/pdf-embed-widget\/magento\/","url":"https:\/\/elfsight.com\/pt\/pdf-embed-widget\/magento\/","name":"Visualizador de PDF - Incorpore extens\u00e3o PDF no site Magento (gr\u00e1tis e r\u00e1pido)","isPartOf":{"@id":"https:\/\/elfsight.com\/pt\/#website"},"datePublished":"1970-01-01T00:00:00+00:00","dateModified":"2024-11-13T12:02:44+00:00","description":"\u00c9 f\u00e1cil criar sua extens\u00e3o PDF Viewer e incorpor\u00e1-la no site Magento. O suporte ao cliente da Elfsight \u00e9 gratuito e r\u00e1pido.","breadcrumb":{"@id":"https:\/\/elfsight.com\/pt\/pdf-embed-widget\/magento\/#breadcrumb"},"inLanguage":"pt-PT","potentialAction":[{"@type":"ReadAction","target":["https:\/\/elfsight.com\/pt\/pdf-embed-widget\/magento\/"]}]},{"@type":"BreadcrumbList","@id":"https:\/\/elfsight.com\/pt\/pdf-embed-widget\/magento\/#breadcrumb","itemListElement":[{"@type":"ListItem","position":1,"name":"Home","item":"https:\/\/elfsight.com\/pt\/"},{"@type":"ListItem","position":2,"name":"PDF Embed","item":"https:\/\/elfsight.com\/pt\/pdf-embed-widget\/"},{"@type":"ListItem","position":3,"name":"PDF Embed &#8211; Magento"}]},{"@type":"WebSite","@id":"https:\/\/elfsight.com\/pt\/#website","url":"https:\/\/elfsight.com\/pt\/","name":"Elfsight PT","description":"Just another Elfsight Sites site","potentialAction":[{"@type":"SearchAction","target":{"@type":"EntryPoint","urlTemplate":"https:\/\/elfsight.com\/pt\/?s={search_term_string}"},"query-input":{"@type":"PropertyValueSpecification","valueRequired":true,"valueName":"search_term_string"}}],"inLanguage":"pt-PT"}]}},"meta_box":{"industry":"","seo_heading":"","heading":"","description":"","cta_heading":"","cta_description":"","application":"1130","h1":"Extens\u00e3o do visualizador de PDF Magento","h1_caption":"A ferramenta mais r\u00e1pida para integrar documentos PDF \u00e0s p\u00e1ginas do site para verifica\u00e7\u00e3o e download r\u00e1pidos","application_category":[],"applications_title":"","applications_request_title":"","applications_request_button_text":"","hero_text":"","hero_video":"","hero_video_schema_markup":"","selling_points_title":"","selling_points_caption":"","selling_points":[],"selling_points_cta_text":"","features_title":"","features":"","ed_cta_examples_text":"","ed_cta_examples_hidden":"","ed_cta_demo_text":"","ed_cta_demo_hidden":"","why_caption":"","why_editor_title":"","why_editor_text":"","why_team_title":"","why_team_text":"","why_service_title":"","why_service_text":"","template_catalog_visible":"","template_catalog_title":"","template_catalog_text":"","template_catalog_categories_visible":"","demo_title":"Crie sua extens\u00e3o PDF Embed","demo_caption":"Configure seu PDF Embed e adicione-o ao seu site Magento gratuitamente!","default_faq_hidden":"","app_template_category":[],"platform":"58","template_public_id":"","codecanyon_url":"","codecanyon_item_id":"","codecanyon_price":"","pricing_caption":"","pricing_elfsight_apps_hide_column":"","pricing_elfsight_apps_url":"","pricing_codecanyon_price_caption":"","integration_category":[],"integration_request_title":"","integration_request_cta":"","integration_platform":"","integrations":[],"platform_category":[],"video_schema_markup":"","price":"a partir de US$ 0\/m\u00eas","trial":"","benefits":[{"text":"Assist\u00eancia de instala\u00e7\u00e3o gratuita"},{"text":"Atendimento ao cliente profissional"},{"text":"Garantia de devolu\u00e7\u00e3o do dinheiro em 14 dias"},{"text":"Melhorias cont\u00ednuas"}],"button_url":"#demo","button_target_blank":"","button_nofollow":"","attributes":[{"name":"Instala\u00e7\u00f5es","content":"10,000 - 100,000"},{"name":"Responsivo","content":"Sim"},{"name":"Navegadores compat\u00edveis","content":"Firefox, Safari, Opera, Chrome, Edge"}],"tags":[],"tags_disable_links":"","hide_more_platforms":"","video_object":"","demo_hide_cta":"","demo_hide_cloud_options":"","pricing_title":"","pricing":[{"pricing_icon":"platform","pricing_title":"Elfsight Apps","pricing_title_caption":"Vers\u00e3o independente de plataforma adequada para qualquer site","pricing_price":"a partir de US$ 0\/m\u00eas","pricing_price_caption":"comece com um plano gratuito","pricing_benefits":[{"text":"Dom\u00ednios ilimitados"},{"text":"Suporte premium para empresas"},{"text":"Suporte premium para empresas"},{"text":"100% personaliz\u00e1vel"}],"pricing_button_text":"Adicionar ao site","pricing_button_url":"#demo"}],"related_apps_title":"","related_apps_hidden":"","author":"","image":[],"title":"","job":"","social_networks":[]},"_links":{"self":[{"href":"https:\/\/elfsight.com\/pt\/wp-json\/wp\/v2\/pages\/7290","targetHints":{"allow":["GET"]}}],"collection":[{"href":"https:\/\/elfsight.com\/pt\/wp-json\/wp\/v2\/pages"}],"about":[{"href":"https:\/\/elfsight.com\/pt\/wp-json\/wp\/v2\/types\/page"}],"author":[{"embeddable":true,"href":"https:\/\/elfsight.com\/pt\/wp-json\/wp\/v2\/users\/9"}],"replies":[{"embeddable":true,"href":"https:\/\/elfsight.com\/pt\/wp-json\/wp\/v2\/comments?post=7290"}],"version-history":[{"count":1,"href":"https:\/\/elfsight.com\/pt\/wp-json\/wp\/v2\/pages\/7290\/revisions"}],"predecessor-version":[{"id":7294,"href":"https:\/\/elfsight.com\/pt\/wp-json\/wp\/v2\/pages\/7290\/revisions\/7294"}],"up":[{"embeddable":true,"href":"https:\/\/elfsight.com\/pt\/wp-json\/wp\/v2\/pages\/1131"}],"wp:attachment":[{"href":"https:\/\/elfsight.com\/pt\/wp-json\/wp\/v2\/media?parent=7290"}],"curies":[{"name":"wp","href":"https:\/\/api.w.org\/{rel}","templated":true}]}}