{"id":7289,"date":"1970-01-01T00:00:00","date_gmt":"1970-01-01T00:00:00","guid":{"rendered":"https:\/\/elfsight.com\/pt\/?page_id=7289"},"modified":"2024-11-13T12:02:36","modified_gmt":"2024-11-13T12:02:36","slug":"jquery","status":"publish","type":"page","link":"https:\/\/elfsight.com\/pt\/pdf-embed-widget\/jquery\/","title":{"rendered":"PDF Embed &#8211; jQuery"},"content":{"rendered":"<div class=\"application-platform-content-item-description application-platform-content-item\" id=\"description\" data-nav-section=\"description\"> <h2>Descri\u00e7\u00e3o<\/h2> <p>Com o plugin do leitor de PDF Elfsight, obtenha a inser\u00e7\u00e3o mais f\u00e1cil e r\u00e1pida de seus documentos PDF nas p\u00e1ginas do seu local na rede Internet. Para maior comodidade do usu\u00e1rio, os documentos podem ser colados por meio de upload, por suas URLs ou escolhendo entre os \u00faltimos enviados. Voc\u00ea \u00e9 livre para dar um nome a cada arquivo, fazer upload de seu pr\u00f3prio \u00edcone ou imagem de visualiza\u00e7\u00e3o, escolher a op\u00e7\u00e3o de layout dos arquivos e muito mais. Seus visitantes podem ler os arquivos diretamente no site, visualiz\u00e1-los em uma nova aba e fazer download.<\/p> <div class=\"faq\" data-component=\"FAQ\"> <div class=\"faq-item\">\r\n\t\t\t\t\t<div class=\"faq-item-question\">\r\n\t\t\t\t\t\t<h3 class=\"faq-item-question-text\">Onde posso inserir o plugin<\/h3>\r\n\r\n\t\t\t\t\t\t<div class=\"faq-item-question-icon\"><\/div>\r\n\t\t\t\t\t<\/div>\r\n\r\n\t\t\t\t\t<div class=\"faq-item-answer\">\r\n\t\t\t\t\t\t<div class=\"faq-item-answer-text\"> <p>\u00c9 f\u00e1cil exibir o File Viewer em qualquer ou todas as p\u00e1ginas do seu site. Assim, voc\u00ea pode us\u00e1-lo para publicar sua documenta\u00e7\u00e3o ou especifica\u00e7\u00f5es tecnol\u00f3gicas nas p\u00e1ginas dos produtos, e publicar seus diplomas e qualifica\u00e7\u00f5es na landing page.<\/p> <\/div>\r\n\t\t\t\t\t<\/div>\r\n\t\t\t\t<\/div> <div class=\"faq-item\">\r\n\t\t\t\t\t<div class=\"faq-item-question\">\r\n\t\t\t\t\t\t<h3 class=\"faq-item-question-text\">Como posso me beneficiar disso?<\/h3>\r\n\r\n\t\t\t\t\t\t<div class=\"faq-item-question-icon\"><\/div>\r\n\t\t\t\t\t<\/div>\r\n\r\n\t\t\t\t\t<div class=\"faq-item-answer\">\r\n\t\t\t\t\t\t<div class=\"faq-item-answer-text\"> <p>Este widget vai economizar bastante tempo, pois com ele colar materiais no seu site leva apenas alguns segundos. Al\u00e9m disso, voc\u00ea poder\u00e1 passar muitos detalhes valiosos sobre seus itens ou servi\u00e7os para obter uma melhor conscientiza\u00e7\u00e3o dos clientes sobre seus itens.<\/p> <\/div>\r\n\t\t\t\t\t<\/div>\r\n\t\t\t\t<\/div> <div class=\"faq-item\">\r\n\t\t\t\t\t<div class=\"faq-item-question\">\r\n\t\t\t\t\t\t<h3 class=\"faq-item-question-text\">O que preciso para adicionar o PDF Reader ao meu site jQuery?<\/h3>\r\n\r\n\t\t\t\t\t\t<div class=\"faq-item-question-icon\"><\/div>\r\n\t\t\t\t\t<\/div>\r\n\r\n\t\t\t\t\t<div class=\"faq-item-answer\">\r\n\t\t\t\t\t\t<div class=\"faq-item-answer-text\"> <p>Leva apenas um minuto para incorporar o widget. O processo de integra\u00e7\u00e3o \u00e9 extremamente r\u00e1pido, gratuito e n\u00e3o requer codifica\u00e7\u00e3o.<\/p> <p>Existe a op\u00e7\u00e3o de introduzir o widget no site atrav\u00e9s do nosso servi\u00e7o. Basta ver as instru\u00e7\u00f5es nesta p\u00e1gina.<\/p> <\/div>\r\n\t\t\t\t\t<\/div>\r\n\t\t\t\t<\/div> <\/div> <\/div> <div class=\"application-platform-content-item-features application-platform-content-item\" id=\"features\" data-nav-section=\"features\"> <h2>Recursos<\/h2> <p>Para formar uma compreens\u00e3o mais clara do Visualizador de PDF, aqui est\u00e1 a lista de suas caracter\u00edsticas essenciais. Eles tornam nosso widget realmente eficiente para o seu neg\u00f3cio:<\/p> <ul><li>Inserir documentos ilimitados;<\/li> <li>Op\u00e7\u00e3o de layout do Visualizador de Arquivos para ler arquivos no site;<\/li> <li>Fazer upload imagens para \u00edcones e visualiza\u00e7\u00f5es de documentos;<\/li> <li>Mostrar ou desativar o r\u00f3tulo Baixar documento;<\/li> <li>Pitar seis elementos da interface;<\/li> <\/ul><p><a href=\" #demo\">Para conhecer mais recursos, veja a demonstra\u00e7\u00e3o ao vivo<\/a><\/p> <\/div> <div class=\"application-platform-content-item-installation application-platform-content-item\" id=\"installation\" data-nav-section=\"installation\"> <h2>Veja como adicionar o plugin PDF Viewer ao seu site jQuery<\/h2> <p>Essas etapas s\u00e3o a \u00fanica coisa que voc\u00ea precisa fazer.<\/p> <ol><li><b>Construa seu plugin de PDF pessoal<\/b><br> Gerenciando nossa demonstra\u00e7\u00e3o gratuita, crie um widget e definir seus recursos de design e funcionalidade. <\/li><li><b>Copie o c\u00f3digo individual para adicionar o plugin<\/b><br> Depois de criar o seu widget, voc\u00ea obter\u00e1 o c\u00f3digo individual na janela exibida nos aplicativos Elfsight. Copie o c\u00f3digo para uso posterior. <\/li> <li><b> O plugin no seu site jQuery<\/b><br> Escolha o local onde voc\u00ea deseja exibir o widget e insira o c\u00f3digo salvo l\u00e1. Publique os resultados. <\/li> <li><b>Pronto!<\/b><br> V\u00e1 at\u00e9 sua loja para verificar seu plugin.<\/li> <\/ol><p>Ainda tem algo que o deixa inseguro? Ou tem perguntas a fazer? Basta escrever uma solicita\u00e7\u00e3o ao nosso atendimento ao cliente e n\u00f3s o ajudaremos a resolver todos os problemas. <\/p> <\/div>","protected":false},"excerpt":{"rendered":"","protected":false},"author":9,"featured_media":0,"parent":1131,"menu_order":0,"comment_status":"closed","ping_status":"closed","template":"templates\/template-application-platform.php","meta":{"publish_to_discourse":"","publish_post_category":"","wpdc_auto_publish_overridden":"","wpdc_topic_tags":"","wpdc_pin_topic":"","wpdc_pin_until":"","discourse_post_id":"","discourse_permalink":"","wpdc_publishing_response":"","wpdc_publishing_error":"","footnotes":""},"class_list":["post-7289","page","type-page","status-publish","hentry"],"yoast_head":"<!-- This site is optimized with the Yoast SEO plugin v25.3.1 - https:\/\/yoast.com\/wordpress\/plugins\/seo\/ -->\n<title>Visualizador de PDF - Incorporar plugin de PDF no site jQuery (em 2 minutos)<\/title>\n<meta name=\"description\" content=\"Esta \u00e9 uma chance de criar um plugin PDF Viewer e incorpor\u00e1-lo em seu site jQuery. Voc\u00ea desfrutar\u00e1 de atendimento ao cliente gratuito e outros b\u00f4nus da Elfsight.\" \/>\n<meta name=\"robots\" content=\"index, follow, max-snippet:-1, max-image-preview:large, max-video-preview:-1\" \/>\n<link rel=\"canonical\" href=\"https:\/\/elfsight.com\/pt\/pdf-embed-widget\/jquery\/\" \/>\n<meta property=\"og:locale\" content=\"pt_PT\" \/>\n<meta property=\"og:type\" content=\"article\" \/>\n<meta property=\"og:title\" content=\"Visualizador de PDF - Incorporar plugin de PDF no site jQuery (em 2 minutos)\" \/>\n<meta property=\"og:description\" content=\"Esta \u00e9 uma chance de criar um plugin PDF Viewer e incorpor\u00e1-lo em seu site jQuery. Voc\u00ea desfrutar\u00e1 de atendimento ao cliente gratuito e outros b\u00f4nus da Elfsight.\" \/>\n<meta property=\"og:url\" content=\"https:\/\/elfsight.com\/pt\/pdf-embed-widget\/jquery\/\" \/>\n<meta property=\"og:site_name\" content=\"Elfsight PT\" \/>\n<meta property=\"article:modified_time\" content=\"2024-11-13T12:02:36+00:00\" \/>\n<meta name=\"twitter:card\" content=\"summary_large_image\" \/>\n<meta name=\"twitter:label1\" content=\"Tempo estimado de leitura\" \/>\n\t<meta name=\"twitter:data1\" content=\"3 minutos\" \/>\n<!-- \/ Yoast SEO plugin. -->","yoast_head_json":{"title":"Visualizador de PDF - Incorporar plugin de PDF no site jQuery (em 2 minutos)","description":"Esta \u00e9 uma chance de criar um plugin PDF Viewer e incorpor\u00e1-lo em seu site jQuery. Voc\u00ea desfrutar\u00e1 de atendimento ao cliente gratuito e outros b\u00f4nus da Elfsight.","robots":{"index":"index","follow":"follow","max-snippet":"max-snippet:-1","max-image-preview":"max-image-preview:large","max-video-preview":"max-video-preview:-1"},"canonical":"https:\/\/elfsight.com\/pt\/pdf-embed-widget\/jquery\/","og_locale":"pt_PT","og_type":"article","og_title":"Visualizador de PDF - Incorporar plugin de PDF no site jQuery (em 2 minutos)","og_description":"Esta \u00e9 uma chance de criar um plugin PDF Viewer e incorpor\u00e1-lo em seu site jQuery. Voc\u00ea desfrutar\u00e1 de atendimento ao cliente gratuito e outros b\u00f4nus da Elfsight.","og_url":"https:\/\/elfsight.com\/pt\/pdf-embed-widget\/jquery\/","og_site_name":"Elfsight PT","article_modified_time":"2024-11-13T12:02:36+00:00","twitter_card":"summary_large_image","twitter_misc":{"Tempo estimado de leitura":"3 minutos"},"schema":{"@context":"https:\/\/schema.org","@graph":[{"@type":"WebPage","@id":"https:\/\/elfsight.com\/pt\/pdf-embed-widget\/jquery\/","url":"https:\/\/elfsight.com\/pt\/pdf-embed-widget\/jquery\/","name":"Visualizador de PDF - Incorporar plugin de PDF no site jQuery (em 2 minutos)","isPartOf":{"@id":"https:\/\/elfsight.com\/pt\/#website"},"datePublished":"1970-01-01T00:00:00+00:00","dateModified":"2024-11-13T12:02:36+00:00","description":"Esta \u00e9 uma chance de criar um plugin PDF Viewer e incorpor\u00e1-lo em seu site jQuery. Voc\u00ea desfrutar\u00e1 de atendimento ao cliente gratuito e outros b\u00f4nus da Elfsight.","breadcrumb":{"@id":"https:\/\/elfsight.com\/pt\/pdf-embed-widget\/jquery\/#breadcrumb"},"inLanguage":"pt-PT","potentialAction":[{"@type":"ReadAction","target":["https:\/\/elfsight.com\/pt\/pdf-embed-widget\/jquery\/"]}]},{"@type":"BreadcrumbList","@id":"https:\/\/elfsight.com\/pt\/pdf-embed-widget\/jquery\/#breadcrumb","itemListElement":[{"@type":"ListItem","position":1,"name":"Home","item":"https:\/\/elfsight.com\/pt\/"},{"@type":"ListItem","position":2,"name":"PDF Embed","item":"https:\/\/elfsight.com\/pt\/pdf-embed-widget\/"},{"@type":"ListItem","position":3,"name":"PDF Embed &#8211; jQuery"}]},{"@type":"WebSite","@id":"https:\/\/elfsight.com\/pt\/#website","url":"https:\/\/elfsight.com\/pt\/","name":"Elfsight PT","description":"Just another Elfsight Sites site","potentialAction":[{"@type":"SearchAction","target":{"@type":"EntryPoint","urlTemplate":"https:\/\/elfsight.com\/pt\/?s={search_term_string}"},"query-input":{"@type":"PropertyValueSpecification","valueRequired":true,"valueName":"search_term_string"}}],"inLanguage":"pt-PT"}]}},"meta_box":{"industry":"","seo_heading":"","heading":"","description":"","cta_heading":"","cta_description":"","application":"1130","h1":"Plug-in jQuery PDF Viewer","h1_caption":"O widget mais simples para introduzir documentos PDF nas p\u00e1ginas do site para verifica\u00e7\u00e3o e download imediatos","application_category":[],"applications_title":"","applications_request_title":"","applications_request_button_text":"","hero_text":"","hero_video":"","hero_video_schema_markup":"","selling_points_title":"","selling_points_caption":"","selling_points":[],"selling_points_cta_text":"","features_title":"","features":"","ed_cta_examples_text":"","ed_cta_examples_hidden":"","ed_cta_demo_text":"","ed_cta_demo_hidden":"","why_caption":"","why_editor_title":"","why_editor_text":"","why_team_title":"","why_team_text":"","why_service_title":"","why_service_text":"","template_catalog_visible":"","template_catalog_title":"","template_catalog_text":"","template_catalog_categories_visible":"","demo_title":"Crie seu plugin PDF Embed","demo_caption":"Configure seu PDF Embed e adicione-o ao seu site jQuery gratuitamente!","default_faq_hidden":"","app_template_category":[],"platform":"55","template_public_id":"","codecanyon_url":"","codecanyon_item_id":"","codecanyon_price":"","pricing_caption":"","pricing_elfsight_apps_hide_column":"","pricing_elfsight_apps_url":"","pricing_codecanyon_price_caption":"","integration_category":[],"integration_request_title":"","integration_request_cta":"","integration_platform":"","integrations":[],"platform_category":[],"video_schema_markup":"","price":"a partir de US$ 0\/m\u00eas","trial":"","benefits":[{"text":"Servi\u00e7o de instala\u00e7\u00e3o gratuito"},{"text":"Suporte excepcional"},{"text":"Garantia de devolu\u00e7\u00e3o do dinheiro em 14 dias"},{"text":"Atualiza\u00e7\u00f5es gratuitas vital\u00edcias"}],"button_url":"#demo","button_target_blank":"","button_nofollow":"","attributes":[{"name":"Instala\u00e7\u00f5es","content":"10,000 - 100,000"},{"name":"Responsivo","content":"Sim"},{"name":"Navegadores compat\u00edveis","content":"Firefox, Safari, Opera, Chrome, Edge"}],"tags":[],"tags_disable_links":"","hide_more_platforms":"","video_object":"","demo_hide_cta":"","demo_hide_cloud_options":"","pricing_title":"","pricing":[{"pricing_icon":"platform","pricing_title":"Elfsight Apps","pricing_title_caption":"Vers\u00e3o multiplataforma","pricing_price":"a partir de US$ 0\/m\u00eas","pricing_price_caption":"comece com um plano gratuito","pricing_benefits":[{"text":"Sites ilimitados"},{"text":"Suporte ao cliente dedicado e bem documentado"},{"text":"Suporte ao cliente dedicado e bem documentado"},{"text":"Design flex\u00edvel"}],"pricing_button_text":"Adicionar ao site","pricing_button_url":"#demo"}],"related_apps_title":"","related_apps_hidden":"","author":"","image":[],"title":"","job":"","social_networks":[]},"_links":{"self":[{"href":"https:\/\/elfsight.com\/pt\/wp-json\/wp\/v2\/pages\/7289","targetHints":{"allow":["GET"]}}],"collection":[{"href":"https:\/\/elfsight.com\/pt\/wp-json\/wp\/v2\/pages"}],"about":[{"href":"https:\/\/elfsight.com\/pt\/wp-json\/wp\/v2\/types\/page"}],"author":[{"embeddable":true,"href":"https:\/\/elfsight.com\/pt\/wp-json\/wp\/v2\/users\/9"}],"replies":[{"embeddable":true,"href":"https:\/\/elfsight.com\/pt\/wp-json\/wp\/v2\/comments?post=7289"}],"version-history":[{"count":1,"href":"https:\/\/elfsight.com\/pt\/wp-json\/wp\/v2\/pages\/7289\/revisions"}],"predecessor-version":[{"id":7293,"href":"https:\/\/elfsight.com\/pt\/wp-json\/wp\/v2\/pages\/7289\/revisions\/7293"}],"up":[{"embeddable":true,"href":"https:\/\/elfsight.com\/pt\/wp-json\/wp\/v2\/pages\/1131"}],"wp:attachment":[{"href":"https:\/\/elfsight.com\/pt\/wp-json\/wp\/v2\/media?parent=7289"}],"curies":[{"name":"wp","href":"https:\/\/api.w.org\/{rel}","templated":true}]}}