{"id":7288,"date":"1970-01-01T00:00:00","date_gmt":"1970-01-01T00:00:00","guid":{"rendered":"https:\/\/elfsight.com\/pt\/?page_id=7288"},"modified":"2024-11-13T12:02:36","modified_gmt":"2024-11-13T12:02:36","slug":"joomla","status":"publish","type":"page","link":"https:\/\/elfsight.com\/pt\/pdf-embed-widget\/joomla\/","title":{"rendered":"PDF Embed &#8211; Joomla"},"content":{"rendered":"<div class=\"application-platform-content-item-description application-platform-content-item\" id=\"description\" data-nav-section=\"description\"> <h2>Descri\u00e7\u00e3o<\/h2> <p>Com a ajuda da extens\u00e3o PDF da Elfsight, experimente a inser\u00e7\u00e3o mais pr\u00e1tica e r\u00e1pida de v\u00e1rios documentos PDF nas p\u00e1ginas de um site. Para maior comodidade, os arquivos podem ser incorporados apenas fazendo upload, adicionando seus URLs ou selecionando o \u00faltimo enviado. Voc\u00ea pode dar um t\u00edtulo a cada arquivo, fazer upload de um \u00edcone ou imagem de visualiza\u00e7\u00e3o, escolher a op\u00e7\u00e3o de layout dos arquivos e muito mais. Seus usu\u00e1rios podem visualizar os arquivos diretamente na p\u00e1gina, abri-los em uma nova aba e fazer download.<\/p> <div class=\"faq\" data-component=\"FAQ\"> <div class=\"faq-item\">\r\n\t\t\t\t\t<div class=\"faq-item-question\">\r\n\t\t\t\t\t\t<h3 class=\"faq-item-question-text\">Onde no meu site posso integrar o widget<\/h3>\r\n\r\n\t\t\t\t\t\t<div class=\"faq-item-question-icon\"><\/div>\r\n\t\t\t\t\t<\/div>\r\n\r\n\t\t\t\t\t<div class=\"faq-item-answer\">\r\n\t\t\t\t\t\t<div class=\"faq-item-answer-text\"> <p>Voc\u00ea \u00e9 livre para exibir o plugin File Embed em todas as p\u00e1ginas do site. Ele pode ser usado para adicionar documentos ou especifica\u00e7\u00f5es do seu produto nas p\u00e1ginas do produto ou publicar seus diplomas e certificados na p\u00e1gina Sobre n\u00f3s.<\/p><\/div>\r\n\t\t\t\t\t<\/div>\r\n\t\t\t\t<\/div> <div class=\"faq-item\">\r\n\t\t\t\t\t<div class=\"faq-item-question\">\r\n\t\t\t\t\t\t<h3 class=\"faq-item-question-text\">Como eu me beneficiaria com a extens\u00e3o?<\/h3>\r\n\r\n\t\t\t\t\t\t<div class=\"faq-item-question-icon\"><\/div>\r\n\t\t\t\t\t<\/div>\r\n\r\n\t\t\t\t\t<div class=\"faq-item-answer\">\r\n\t\t\t\t\t\t<div class=\"faq-item-answer-text\"> <p>O plugin da Elfsight pode economizar muito tempo, pois com sua ajuda a publica\u00e7\u00e3o de documentos em seu site leva apenas alguns segundos. Al\u00e9m disso, ajuda a fornecer muitos dados valiosos sobre suas ofertas ou servi\u00e7os para aumentar o conhecimento dos usu\u00e1rios sobre eles.<\/p><\/div>\r\n\t\t\t\t\t<\/div>\r\n\t\t\t\t<\/div> <div class=\"faq-item\">\r\n\t\t\t\t\t<div class=\"faq-item-question\">\r\n\t\t\t\t\t\t<h3 class=\"faq-item-question-text\">Como posso instalar o PDF Embed no meu site Joomla?<\/h3>\r\n\r\n\t\t\t\t\t\t<div class=\"faq-item-question-icon\"><\/div>\r\n\t\t\t\t\t<\/div>\r\n\r\n\t\t\t\t\t<div class=\"faq-item-answer\">\r\n\t\t\t\t\t\t<div class=\"faq-item-answer-text\"> <p>Levar\u00e1 apenas um minuto para incorporar o widget. A instala\u00e7\u00e3o \u00e9 muito r\u00e1pida, gratuita e sem codifica\u00e7\u00e3o. <\/p> <p>A extens\u00e3o PDF da Elfsight pode ser integrada atrav\u00e9s do nosso servi\u00e7o ou no mercado. Voc\u00ea pode ver informa\u00e7\u00f5es extras sobre ambas as variantes e escolher a sua.<\/p><\/div>\r\n\t\t\t\t\t<\/div>\r\n\t\t\t\t<\/div> <\/div> <\/div><div class=\"application-platform-content-item-features application-platform-content-item\" id=\"features\" data-nav-section=\"features\"> <h2>Recursos<\/h2> <p>Para ajud\u00e1-lo Para entender o PDF Viewer, aqui est\u00e1 a lista das caracter\u00edsticas mais importantes. Eles tornam isso mais ben\u00e9fico para voc\u00ea: <\/p> <ul><li>Incorpore qualquer quantidade de documentos; <\/li> <li>Variante de layout do Visualizador de Arquivos para ler arquivos na p\u00e1gina; <\/li> <li>Upload de imagens para \u00edcones de arquivos e visualiza\u00e7\u00f5es; <\/li> <li>Mostrar ou remover r\u00f3tulo do arquivo de download; <\/li> <li> Pinte seis elementos de interface; <\/li> <\/ul><p><a href=\"#demo\">A demonstra\u00e7\u00e3o demonstrar\u00e1 mais recursos para voc\u00ea<\/a><\/p> <\/div><div class=\"application-platform-content-item-installation application-platform-content-item\" id=\"installation\" data-nav-section=\"installation\"> <h2> Como incorporar a extens\u00e3o PDF Viewer ao seu site Joomla<\/h2> <p>Basta aplicar as instru\u00e7\u00f5es abaixo para come\u00e7ar a trabalhar com a extens\u00e3o PDF Embed no Joomla.<\/p> <ol><li><b>Inicie nosso programa gratuito demonstra\u00e7\u00e3o e comece a criar sua extens\u00e3o personalizada. <\/b><br> Encontre a apar\u00eancia e os par\u00e2metros preferidos da extens\u00e3o e salve as modifica\u00e7\u00f5es. <\/li> <li><b>Obtenha o c\u00f3digo exclusivo que aparece na caixa dos aplicativos Elfsight. <\/b><br> Assim que terminar a gera\u00e7\u00e3o da sua ferramenta, copie o c\u00f3digo pessoal na caixa exibida e salve-o para uso posterior. <\/li> <li><b>Iniciar a utiliza\u00e7\u00e3o da extens\u00e3o no site Joomla. <\/b><br> Coloque o c\u00f3digo copiado anteriormente em seu site e salve as corre\u00e7\u00f5es. <\/li> <li><b>Conclu\u00eddo! A configura\u00e7\u00e3o foi finalizada com sucesso. <\/b><br> Acesse sua p\u00e1gina para ver o funcionamento da extens\u00e3o. <\/li><\/ol><p>Ainda n\u00e3o consegue tomar uma decis\u00e3o? Ou tem perguntas a fazer? Basta enviar sua solicita\u00e7\u00e3o por e-mail para nosso suporte ao cliente, eles ajudar\u00e3o com todos os problemas.<\/p> <\/div>","protected":false},"excerpt":{"rendered":"","protected":false},"author":9,"featured_media":0,"parent":1131,"menu_order":0,"comment_status":"closed","ping_status":"closed","template":"templates\/template-application-platform.php","meta":{"publish_to_discourse":"","publish_post_category":"","wpdc_auto_publish_overridden":"","wpdc_topic_tags":"","wpdc_pin_topic":"","wpdc_pin_until":"","discourse_post_id":"","discourse_permalink":"","wpdc_publishing_response":"","wpdc_publishing_error":"","footnotes":""},"class_list":["post-7288","page","type-page","status-publish","hentry"],"yoast_head":"<!-- This site is optimized with the Yoast SEO plugin v25.3.1 - https:\/\/yoast.com\/wordpress\/plugins\/seo\/ -->\n<title>Visualizador de PDF - Incorporar extens\u00e3o PDF no site Joomla (2025)<\/title>\n<meta name=\"description\" content=\"\u00c9 f\u00e1cil formar sua extens\u00e3o responsiva do PDF Viewer e incorpor\u00e1-la ao seu site Joomla. O atendimento ao cliente da Elfsight \u00e9 gratuito e gratuito.\" \/>\n<meta name=\"robots\" content=\"index, follow, max-snippet:-1, max-image-preview:large, max-video-preview:-1\" \/>\n<link rel=\"canonical\" href=\"https:\/\/elfsight.com\/pt\/pdf-embed-widget\/joomla\/\" \/>\n<meta property=\"og:locale\" content=\"pt_PT\" \/>\n<meta property=\"og:type\" content=\"article\" \/>\n<meta property=\"og:title\" content=\"Visualizador de PDF - Incorporar extens\u00e3o PDF no site Joomla (2025)\" \/>\n<meta property=\"og:description\" content=\"\u00c9 f\u00e1cil formar sua extens\u00e3o responsiva do PDF Viewer e incorpor\u00e1-la ao seu site Joomla. O atendimento ao cliente da Elfsight \u00e9 gratuito e gratuito.\" \/>\n<meta property=\"og:url\" content=\"https:\/\/elfsight.com\/pt\/pdf-embed-widget\/joomla\/\" \/>\n<meta property=\"og:site_name\" content=\"Elfsight PT\" \/>\n<meta property=\"article:modified_time\" content=\"2024-11-13T12:02:36+00:00\" \/>\n<meta name=\"twitter:card\" content=\"summary_large_image\" \/>\n<meta name=\"twitter:label1\" content=\"Tempo estimado de leitura\" \/>\n\t<meta name=\"twitter:data1\" content=\"3 minutos\" \/>\n<!-- \/ Yoast SEO plugin. -->","yoast_head_json":{"title":"Visualizador de PDF - Incorporar extens\u00e3o PDF no site Joomla (2025)","description":"\u00c9 f\u00e1cil formar sua extens\u00e3o responsiva do PDF Viewer e incorpor\u00e1-la ao seu site Joomla. O atendimento ao cliente da Elfsight \u00e9 gratuito e gratuito.","robots":{"index":"index","follow":"follow","max-snippet":"max-snippet:-1","max-image-preview":"max-image-preview:large","max-video-preview":"max-video-preview:-1"},"canonical":"https:\/\/elfsight.com\/pt\/pdf-embed-widget\/joomla\/","og_locale":"pt_PT","og_type":"article","og_title":"Visualizador de PDF - Incorporar extens\u00e3o PDF no site Joomla (2025)","og_description":"\u00c9 f\u00e1cil formar sua extens\u00e3o responsiva do PDF Viewer e incorpor\u00e1-la ao seu site Joomla. O atendimento ao cliente da Elfsight \u00e9 gratuito e gratuito.","og_url":"https:\/\/elfsight.com\/pt\/pdf-embed-widget\/joomla\/","og_site_name":"Elfsight PT","article_modified_time":"2024-11-13T12:02:36+00:00","twitter_card":"summary_large_image","twitter_misc":{"Tempo estimado de leitura":"3 minutos"},"schema":{"@context":"https:\/\/schema.org","@graph":[{"@type":"WebPage","@id":"https:\/\/elfsight.com\/pt\/pdf-embed-widget\/joomla\/","url":"https:\/\/elfsight.com\/pt\/pdf-embed-widget\/joomla\/","name":"Visualizador de PDF - Incorporar extens\u00e3o PDF no site Joomla (2025)","isPartOf":{"@id":"https:\/\/elfsight.com\/pt\/#website"},"datePublished":"1970-01-01T00:00:00+00:00","dateModified":"2024-11-13T12:02:36+00:00","description":"\u00c9 f\u00e1cil formar sua extens\u00e3o responsiva do PDF Viewer e incorpor\u00e1-la ao seu site Joomla. O atendimento ao cliente da Elfsight \u00e9 gratuito e gratuito.","breadcrumb":{"@id":"https:\/\/elfsight.com\/pt\/pdf-embed-widget\/joomla\/#breadcrumb"},"inLanguage":"pt-PT","potentialAction":[{"@type":"ReadAction","target":["https:\/\/elfsight.com\/pt\/pdf-embed-widget\/joomla\/"]}]},{"@type":"BreadcrumbList","@id":"https:\/\/elfsight.com\/pt\/pdf-embed-widget\/joomla\/#breadcrumb","itemListElement":[{"@type":"ListItem","position":1,"name":"Home","item":"https:\/\/elfsight.com\/pt\/"},{"@type":"ListItem","position":2,"name":"PDF Embed","item":"https:\/\/elfsight.com\/pt\/pdf-embed-widget\/"},{"@type":"ListItem","position":3,"name":"PDF Embed &#8211; Joomla"}]},{"@type":"WebSite","@id":"https:\/\/elfsight.com\/pt\/#website","url":"https:\/\/elfsight.com\/pt\/","name":"Elfsight PT","description":"Just another Elfsight Sites site","potentialAction":[{"@type":"SearchAction","target":{"@type":"EntryPoint","urlTemplate":"https:\/\/elfsight.com\/pt\/?s={search_term_string}"},"query-input":{"@type":"PropertyValueSpecification","valueRequired":true,"valueName":"search_term_string"}}],"inLanguage":"pt-PT"}]}},"meta_box":{"industry":"","seo_heading":"","heading":"","description":"","cta_heading":"","cta_description":"","application":"1130","h1":"Extens\u00e3o Joomla PDF Incorporada","h1_caption":"A melhor forma de inserir documentos PDF nas p\u00e1ginas do site para leitura e download r\u00e1pidos","application_category":[],"applications_title":"","applications_request_title":"","applications_request_button_text":"","hero_text":"","hero_video":"","hero_video_schema_markup":"","selling_points_title":"","selling_points_caption":"","selling_points":[],"selling_points_cta_text":"","features_title":"","features":"","ed_cta_examples_text":"","ed_cta_examples_hidden":"","ed_cta_demo_text":"","ed_cta_demo_hidden":"","why_caption":"","why_editor_title":"","why_editor_text":"","why_team_title":"","why_team_text":"","why_service_title":"","why_service_text":"","template_catalog_visible":"","template_catalog_title":"","template_catalog_text":"","template_catalog_categories_visible":"","demo_title":"Crie seu plugin PDF Embed","demo_caption":"Configure seu PDF Embed e adicione-o ao seu site Joomla gratuitamente!","default_faq_hidden":"","app_template_category":[],"platform":"52","template_public_id":"","codecanyon_url":"","codecanyon_item_id":"","codecanyon_price":"","pricing_caption":"","pricing_elfsight_apps_hide_column":"","pricing_elfsight_apps_url":"","pricing_codecanyon_price_caption":"","integration_category":[],"integration_request_title":"","integration_request_cta":"","integration_platform":"","integrations":[],"platform_category":[],"video_schema_markup":"","price":"a partir de US$ 0\/m\u00eas","trial":"","benefits":[{"text":"Ajuda de instala\u00e7\u00e3o gratuita"},{"text":"Atendimento ao cliente eficaz"},{"text":"Garantia de reembolso de 14 dias"},{"text":"Atualizando constantemente"}],"button_url":"#demo","button_target_blank":"","button_nofollow":"","attributes":[{"name":"Instala\u00e7\u00f5es","content":"10,000 - 100,000"},{"name":"Responsivo","content":"Sim"},{"name":"Navegadores compat\u00edveis","content":"IE11, Firefox, Safari, Opera, Chrome, Edge"}],"tags":[],"tags_disable_links":"","hide_more_platforms":"","video_object":"","demo_hide_cta":"","demo_hide_cloud_options":"","pricing_title":"","pricing":[{"pricing_icon":"platform","pricing_title":"Elfsight Apps","pricing_title_caption":"Solu\u00e7\u00e3o digital multiplataforma que funciona em qualquer site","pricing_price":"a partir de US$ 0\/m\u00eas","pricing_price_caption":"comece com plano gratuito","pricing_benefits":[{"text":"Dom\u00ednios ilimitados"},{"text":"Suporte 24 horas por dia, 7 dias por semana, pontual e bem documentado"},{"text":"Suporte 24 horas por dia, 7 dias por semana, pontual e bem documentado"},{"text":"Oferta por tempo limitado para v\u00e1rios aplicativos"}],"pricing_button_text":"Adicionar ao site","pricing_button_url":"#demo"}],"related_apps_title":"","related_apps_hidden":"","author":"","image":[],"title":"","job":"","social_networks":[]},"_links":{"self":[{"href":"https:\/\/elfsight.com\/pt\/wp-json\/wp\/v2\/pages\/7288","targetHints":{"allow":["GET"]}}],"collection":[{"href":"https:\/\/elfsight.com\/pt\/wp-json\/wp\/v2\/pages"}],"about":[{"href":"https:\/\/elfsight.com\/pt\/wp-json\/wp\/v2\/types\/page"}],"author":[{"embeddable":true,"href":"https:\/\/elfsight.com\/pt\/wp-json\/wp\/v2\/users\/9"}],"replies":[{"embeddable":true,"href":"https:\/\/elfsight.com\/pt\/wp-json\/wp\/v2\/comments?post=7288"}],"version-history":[{"count":1,"href":"https:\/\/elfsight.com\/pt\/wp-json\/wp\/v2\/pages\/7288\/revisions"}],"predecessor-version":[{"id":7292,"href":"https:\/\/elfsight.com\/pt\/wp-json\/wp\/v2\/pages\/7288\/revisions\/7292"}],"up":[{"embeddable":true,"href":"https:\/\/elfsight.com\/pt\/wp-json\/wp\/v2\/pages\/1131"}],"wp:attachment":[{"href":"https:\/\/elfsight.com\/pt\/wp-json\/wp\/v2\/media?parent=7288"}],"curies":[{"name":"wp","href":"https:\/\/api.w.org\/{rel}","templated":true}]}}