{"id":7281,"date":"1970-01-01T00:00:00","date_gmt":"1970-01-01T00:00:00","guid":{"rendered":"https:\/\/elfsight.com\/pt\/?page_id=7281"},"modified":"2025-03-06T12:43:36","modified_gmt":"2025-03-06T12:43:36","slug":"bigcommerce","status":"publish","type":"page","link":"https:\/\/elfsight.com\/pt\/pdf-embed-widget\/bigcommerce\/","title":{"rendered":"PDF Embed &#8211; BigCommerce"},"content":{"rendered":"\n<div class=\"application-platform-content-item-description application-platform-content-item\" id=\"description\" data-nav-section=\"description\"> <h2>Descri\u00e7\u00e3o<\/h2> <p>Com a ajuda do aplicativo Elfsight PDF, experimente a integra\u00e7\u00e3o mais pr\u00e1tica e r\u00e1pida de v\u00e1rios arquivos PDF no site. Para sua facilidade de uso, os documentos podem ser integrados fazendo upload, adicionando URLs ou selecionando na lista os \u00faltimos enviados. Os recursos permitem que voc\u00ea d\u00ea a cada documento seu pr\u00f3prio nome, carregue seu pr\u00f3prio \u00edcone ou imagem de visualiza\u00e7\u00e3o, escolha o layout e muito mais. O p\u00fablico do site pode ler os arquivos diretamente no seu site, abri-los em uma nova guia do navegador e fazer download. <\/p> <div class=\"faq\" data-component=\"FAQ\"> <div class=\"faq-item\">\r\n\t\t\t\t\t<div class=\"faq-item-question\">\r\n\t\t\t\t\t\t<h3 class=\"faq-item-question-text\">Onde no meu site posso incorporar PDF Embed<\/h3>\r\n\r\n\t\t\t\t\t\t<div class=\"faq-item-question-icon\"><\/div>\r\n\t\t\t\t\t<\/div>\r\n\r\n\t\t\t\t\t<div class=\"faq-item-answer\">\r\n\t\t\t\t\t\t<div class=\"faq-item-answer-text\"> <p>\u00c9 f\u00e1cil adicionar o widget Incorporar Arquivo em qualquer uma ou em todas as p\u00e1ginas do site. Assim, voc\u00ea pode mostrar seus documentos ou especifica\u00e7\u00f5es tecnol\u00f3gicas nas p\u00e1ginas dos produtos, ou adicionar seus diplomas e certificados na landing page. <\/p> <\/div>\r\n\t\t\t\t\t<\/div>\r\n\t\t\t\t<\/div> <div class=\"faq-item\">\r\n\t\t\t\t\t<div class=\"faq-item-question\">\r\n\t\t\t\t\t\t<h3 class=\"faq-item-question-text\">Quais vantagens isso pode me oferecer?<\/h3>\r\n\r\n\t\t\t\t\t\t<div class=\"faq-item-question-icon\"><\/div>\r\n\t\t\t\t\t<\/div>\r\n\r\n\t\t\t\t\t<div class=\"faq-item-answer\">\r\n\t\t\t\t\t\t<div class=\"faq-item-answer-text\"> <p>O widget da Elfsight economizar\u00e1 muito tempo, pois com ele adicionar documentos ao seu site leva apenas alguns segundos. Al\u00e9m disso, ajuda voc\u00ea a fornecer muitos detalhes significativos sobre seus produtos ou servi\u00e7os para aumentar o conhecimento dos clientes sobre seus produtos. <\/p> <\/div>\r\n\t\t\t\t\t<\/div>\r\n\t\t\t\t<\/div> <div class=\"faq-item\">\r\n\t\t\t\t\t<div class=\"faq-item-question\">\r\n\t\t\t\t\t\t<h3 class=\"faq-item-question-text\">Como posso adicionar PDF Embed no meu site BigCommerce?<\/h3>\r\n\r\n\t\t\t\t\t\t<div class=\"faq-item-question-icon\"><\/div>\r\n\t\t\t\t\t<\/div>\r\n\r\n\t\t\t\t\t<div class=\"faq-item-answer\">\r\n\t\t\t\t\t\t<div class=\"faq-item-answer-text\"> <p>Leva apenas tr\u00eas minutos para configurar o widget. \u00c9 muito r\u00e1pido, gratuito e sem codifica\u00e7\u00e3o. <\/p> <p>O widget pode ser integrado atrav\u00e9s do nosso servi\u00e7o ou no marketplace. Aqui voc\u00ea pode comparar todos os detalhes sobre essas variantes e escolher a sua. <\/p> <\/div>\r\n\t\t\t\t\t<\/div>\r\n\t\t\t\t<\/div> <\/div> <\/div> <div class=\"application-platform-content-item-features application-platform-content-item\" id=\"features\" data-nav-section=\"features\"> <h2>Recursos<\/h2> <p>Para ter uma percep\u00e7\u00e3o clara do aplicativo PDF, aqui est\u00e1 a lista dos recursos essenciais caracter\u00edsticas. Eles tornam este widget realmente eficiente para sua loja: <\/p> <ul><li>Adicione arquivos ilimitados; <\/li> <li>Op\u00e7\u00e3o de layout do Visualizador de Arquivos para leitura de documentos do site; <\/li> <li>Enviar imagens para \u00edcones e visualiza\u00e7\u00f5es de documentos; <\/li> <li>A op\u00e7\u00e3o de mostrar ou desativar o texto do arquivo de download; <\/li> <li>6 elementos coloridos da interface do widget; <\/li> <\/ul><p><a href=\"#demo\">Veja todos os recursos em nossa demonstra\u00e7\u00e3o ao vivo<\/a> <\/p> <\/div> <div class=\"application-platform-content-item-installation application-platform-content-item\" id=\"installation\" data-nav-section=\"installation\"> <h2>Descubra como incorporar o aplicativo PDF Viewer ao seu site <\/h2> <div class=\"video-container\"><iframe width=\"720\" height=\"405\" src=\"https:\/\/www.youtube.com\/embed\/f2M0rR1GcgQ\" frameborder=\"0\" allowfullscreen=\"\"><\/iframe><\/div><p>Basta seguir as orienta\u00e7\u00f5es abaixo para come\u00e7ar a usar a ferramenta no BigCommerce.<\/p> <ol><li><b>Utilize nosso editor gratuito e comece a construir seu widget personalizado. <\/b><br> Especifique o layout e as especifica\u00e7\u00f5es desejadas da ferramenta e salve as edi\u00e7\u00f5es. <\/li> <li><b>Obtenha seu c\u00f3digo individual que aparece na caixa dos aplicativos Elfsight. <\/b><br> Ap\u00f3s a cria\u00e7\u00e3o do seu widget PDF, copie o c\u00f3digo exclusivo do pop-up exibido e guarde-o para futuras necessidades. <\/li> <li><b>Comece a usar o widget em seu site BigCommerce. <\/b><br>Incorpore o c\u00f3digo salvo recentemente em sua p\u00e1gina e salve as edi\u00e7\u00f5es. <\/li> <li><b>Pronto! A incorpora\u00e7\u00e3o est\u00e1 totalmente realizada. <\/b><br> Visite seu site para ver o funcionamento do aplicativo. <\/li><\/ol><p>Ainda n\u00e3o consegue decidir? Ou enfrentando problemas? Basta escrever uma solicita\u00e7\u00e3o para nossa equipe de suporte. Resolveremos qualquer tipo de problema. <\/p> <\/div>\n","protected":false},"excerpt":{"rendered":"","protected":false},"author":9,"featured_media":0,"parent":1131,"menu_order":0,"comment_status":"closed","ping_status":"closed","template":"templates\/template-application-platform.php","meta":{"publish_to_discourse":"","publish_post_category":"","wpdc_auto_publish_overridden":"","wpdc_topic_tags":"","wpdc_pin_topic":"","wpdc_pin_until":"","discourse_post_id":"","discourse_permalink":"","wpdc_publishing_response":"","wpdc_publishing_error":"","footnotes":""},"class_list":["post-7281","page","type-page","status-publish","hentry"],"yoast_head":"<!-- This site is optimized with the Yoast SEO plugin v25.3.1 - https:\/\/yoast.com\/wordpress\/plugins\/seo\/ -->\n<title>Visualizador de PDF - Incorporar aplicativo PDF no site BigCommerce (2025)<\/title>\n<meta name=\"description\" content=\"\u00c9 f\u00e1cil moldar seu aplicativo PDF Viewer responsivo e incorpor\u00e1-lo ao site BigCommerce. O suporte ao cliente da Elfsight \u00e9 gratuito e r\u00e1pido.\" \/>\n<meta name=\"robots\" content=\"index, follow, max-snippet:-1, max-image-preview:large, max-video-preview:-1\" \/>\n<link rel=\"canonical\" href=\"https:\/\/elfsight.com\/pt\/pdf-embed-widget\/bigcommerce\/\" \/>\n<meta property=\"og:locale\" content=\"pt_PT\" \/>\n<meta property=\"og:type\" content=\"article\" \/>\n<meta property=\"og:title\" content=\"Visualizador de PDF - Incorporar aplicativo PDF no site BigCommerce (2025)\" \/>\n<meta property=\"og:description\" content=\"\u00c9 f\u00e1cil moldar seu aplicativo PDF Viewer responsivo e incorpor\u00e1-lo ao site BigCommerce. O suporte ao cliente da Elfsight \u00e9 gratuito e r\u00e1pido.\" \/>\n<meta property=\"og:url\" content=\"https:\/\/elfsight.com\/pt\/pdf-embed-widget\/bigcommerce\/\" \/>\n<meta property=\"og:site_name\" content=\"Elfsight PT\" \/>\n<meta property=\"article:modified_time\" content=\"2025-03-06T12:43:36+00:00\" \/>\n<meta name=\"twitter:card\" content=\"summary_large_image\" \/>\n<meta name=\"twitter:label1\" content=\"Tempo estimado de leitura\" \/>\n\t<meta name=\"twitter:data1\" content=\"3 minutos\" \/>\n<!-- \/ Yoast SEO plugin. -->","yoast_head_json":{"title":"Visualizador de PDF - Incorporar aplicativo PDF no site BigCommerce (2025)","description":"\u00c9 f\u00e1cil moldar seu aplicativo PDF Viewer responsivo e incorpor\u00e1-lo ao site BigCommerce. O suporte ao cliente da Elfsight \u00e9 gratuito e r\u00e1pido.","robots":{"index":"index","follow":"follow","max-snippet":"max-snippet:-1","max-image-preview":"max-image-preview:large","max-video-preview":"max-video-preview:-1"},"canonical":"https:\/\/elfsight.com\/pt\/pdf-embed-widget\/bigcommerce\/","og_locale":"pt_PT","og_type":"article","og_title":"Visualizador de PDF - Incorporar aplicativo PDF no site BigCommerce (2025)","og_description":"\u00c9 f\u00e1cil moldar seu aplicativo PDF Viewer responsivo e incorpor\u00e1-lo ao site BigCommerce. O suporte ao cliente da Elfsight \u00e9 gratuito e r\u00e1pido.","og_url":"https:\/\/elfsight.com\/pt\/pdf-embed-widget\/bigcommerce\/","og_site_name":"Elfsight PT","article_modified_time":"2025-03-06T12:43:36+00:00","twitter_card":"summary_large_image","twitter_misc":{"Tempo estimado de leitura":"3 minutos"},"schema":{"@context":"https:\/\/schema.org","@graph":[{"@type":"WebPage","@id":"https:\/\/elfsight.com\/pt\/pdf-embed-widget\/bigcommerce\/","url":"https:\/\/elfsight.com\/pt\/pdf-embed-widget\/bigcommerce\/","name":"Visualizador de PDF - Incorporar aplicativo PDF no site BigCommerce (2025)","isPartOf":{"@id":"https:\/\/elfsight.com\/pt\/#website"},"datePublished":"1970-01-01T00:00:00+00:00","dateModified":"2025-03-06T12:43:36+00:00","description":"\u00c9 f\u00e1cil moldar seu aplicativo PDF Viewer responsivo e incorpor\u00e1-lo ao site BigCommerce. O suporte ao cliente da Elfsight \u00e9 gratuito e r\u00e1pido.","breadcrumb":{"@id":"https:\/\/elfsight.com\/pt\/pdf-embed-widget\/bigcommerce\/#breadcrumb"},"inLanguage":"pt-PT","potentialAction":[{"@type":"ReadAction","target":["https:\/\/elfsight.com\/pt\/pdf-embed-widget\/bigcommerce\/"]}]},{"@type":"BreadcrumbList","@id":"https:\/\/elfsight.com\/pt\/pdf-embed-widget\/bigcommerce\/#breadcrumb","itemListElement":[{"@type":"ListItem","position":1,"name":"Home","item":"https:\/\/elfsight.com\/pt\/"},{"@type":"ListItem","position":2,"name":"PDF Embed","item":"https:\/\/elfsight.com\/pt\/pdf-embed-widget\/"},{"@type":"ListItem","position":3,"name":"PDF Embed &#8211; BigCommerce"}]},{"@type":"WebSite","@id":"https:\/\/elfsight.com\/pt\/#website","url":"https:\/\/elfsight.com\/pt\/","name":"Elfsight PT","description":"Just another Elfsight Sites site","potentialAction":[{"@type":"SearchAction","target":{"@type":"EntryPoint","urlTemplate":"https:\/\/elfsight.com\/pt\/?s={search_term_string}"},"query-input":{"@type":"PropertyValueSpecification","valueRequired":true,"valueName":"search_term_string"}}],"inLanguage":"pt-PT"}]}},"meta_box":{"industry":"","seo_heading":"","heading":"","description":"","cta_heading":"","cta_description":"","application":"1130","h1":"Aplicativo visualizador de PDF BigCommerce","h1_caption":"A ferramenta mais simples para colar documentos PDF nas p\u00e1ginas do seu site para visualiza\u00e7\u00e3o e download r\u00e1pidos","application_category":[],"applications_title":"","applications_request_title":"","applications_request_button_text":"","hero_text":"","hero_video":"","hero_video_schema_markup":"","selling_points_title":"","selling_points_caption":"","selling_points":[],"selling_points_cta_text":"","features_title":"","features":"","ed_cta_examples_text":"","ed_cta_examples_hidden":"","ed_cta_demo_text":"","ed_cta_demo_hidden":"","why_caption":"","why_editor_title":"","why_editor_text":"","why_team_title":"","why_team_text":"","why_service_title":"","why_service_text":"","template_catalog_visible":"0","template_catalog_title":"","template_catalog_text":"","template_catalog_categories_visible":"","demo_title":"Crie seu aplicativo PDF Embed","demo_caption":"Configure seu PDF Embed e adicione-o ao seu site BigCommerce gratuitamente!","default_faq_hidden":"","app_template_category":[],"platform":"43","template_public_id":"","codecanyon_url":"","codecanyon_item_id":"","codecanyon_price":"","pricing_caption":"","pricing_elfsight_apps_hide_column":"","pricing_elfsight_apps_url":"","pricing_codecanyon_price_caption":"","integration_category":[],"integration_request_title":"","integration_request_cta":"","integration_platform":"","integrations":[],"platform_category":[],"video_schema_markup":"","price":"a partir de US$ 0\/m\u00eas","trial":"","benefits":[{"text":"Ajuda de instala\u00e7\u00e3o gratuita"},{"text":"Suporte excepcional"},{"text":"Garantia de devolu\u00e7\u00e3o do dinheiro em 14 dias"},{"text":"Atualiza\u00e7\u00f5es gratuitas vital\u00edcias"}],"button_url":"#demo","button_target_blank":"0","button_nofollow":"0","attributes":[{"name":"Instala\u00e7\u00f5es","content":"10,000 - 100,000"},{"name":"Responsivo","content":"Sim"},{"name":"Navegadores compat\u00edveis","content":"Firefox, Safari, Opera, Chrome, Edge"}],"tags":[],"tags_disable_links":"0","hide_more_platforms":"0","video_object":"","demo_hide_cta":"0","demo_hide_cloud_options":"0","pricing_title":"","pricing":[{"pricing_icon":"platform","pricing_title":"Elfsight Apps","pricing_title_caption":"Solu\u00e7\u00e3o digital independente de plataforma que funciona em qualquer site","pricing_price":"a partir de US$ 0\/m\u00eas","pricing_price_caption":"comece com um plano gratuito","pricing_benefits":[{"text":"Sites ilimitados"},{"text":"Suporte gratuito, pontual e bem documentado"},{"text":"Suporte gratuito, pontual e bem documentado"},{"text":"Totalmente personaliz\u00e1vel"}],"pricing_button_text":"Adicionar ao site","pricing_button_url":"#demo"}],"related_apps_title":"","related_apps_hidden":"0","author":"","image":[],"title":"","job":"","social_networks":[]},"_links":{"self":[{"href":"https:\/\/elfsight.com\/pt\/wp-json\/wp\/v2\/pages\/7281","targetHints":{"allow":["GET"]}}],"collection":[{"href":"https:\/\/elfsight.com\/pt\/wp-json\/wp\/v2\/pages"}],"about":[{"href":"https:\/\/elfsight.com\/pt\/wp-json\/wp\/v2\/types\/page"}],"author":[{"embeddable":true,"href":"https:\/\/elfsight.com\/pt\/wp-json\/wp\/v2\/users\/9"}],"replies":[{"embeddable":true,"href":"https:\/\/elfsight.com\/pt\/wp-json\/wp\/v2\/comments?post=7281"}],"version-history":[{"count":3,"href":"https:\/\/elfsight.com\/pt\/wp-json\/wp\/v2\/pages\/7281\/revisions"}],"predecessor-version":[{"id":14459,"href":"https:\/\/elfsight.com\/pt\/wp-json\/wp\/v2\/pages\/7281\/revisions\/14459"}],"up":[{"embeddable":true,"href":"https:\/\/elfsight.com\/pt\/wp-json\/wp\/v2\/pages\/1131"}],"wp:attachment":[{"href":"https:\/\/elfsight.com\/pt\/wp-json\/wp\/v2\/media?parent=7281"}],"curies":[{"name":"wp","href":"https:\/\/api.w.org\/{rel}","templated":true}]}}