{"id":7274,"date":"1970-01-01T00:00:00","date_gmt":"1970-01-01T00:00:00","guid":{"rendered":"https:\/\/elfsight.com\/pt\/?page_id=7274"},"modified":"2024-11-13T11:52:07","modified_gmt":"2024-11-13T11:52:07","slug":"elementor","status":"publish","type":"page","link":"https:\/\/elfsight.com\/pt\/pdf-embed-widget\/elementor\/","title":{"rendered":"PDF Embed &#8211; Elementor"},"content":{"rendered":"<div class=\"application-platform-content-item-description application-platform-content-item\" id=\"description\" data-nav-section=\"description\"> <h2>Incorporar PDF Embed no Elementor com o widget Elfsight<\/h2> <p>Com a ajuda do widget Elfsight PDF Embed, aproveite a integra\u00e7\u00e3o mais f\u00e1cil dos seus arquivos PDF no site. Para facilidade de uso, os documentos podem ser incorporados apenas por upload, pelos URLs ou escolhendo a partir do \u00faltimo upload. Voc\u00ea \u00e9 livre para dar a cada arquivo seu pr\u00f3prio nome, fazer upload de um \u00edcone ou imagem personalizada, escolher a variante de layout dos arquivos e muito mais. O p\u00fablico do seu site pode conferir os documentos diretamente no seu site, abri-los em uma nova aba e fazer o download. <\/p> <div class=\"faq\" data-component=\"FAQ\"> <div class=\"faq-item\">\r\n\t\t\t\t\t<div class=\"faq-item-question\">\r\n\t\t\t\t\t\t<h3 class=\"faq-item-question-text\">Onde no meu site Elementor posso instalar o PDF Embed?<\/h3>\r\n\r\n\t\t\t\t\t\t<div class=\"faq-item-question-icon\"><\/div>\r\n\t\t\t\t\t<\/div>\r\n\r\n\t\t\t\t\t<div class=\"faq-item-answer\">\r\n\t\t\t\t\t\t<div class=\"faq-item-answer-text\"> <p>Sinta-se \u00e0 vontade para adicionar o File Embed em cada p\u00e1gina do seu site. Assim, com ele, voc\u00ea pode demonstrar seus documentos t\u00e9cnicos ou instru\u00e7\u00f5es nas p\u00e1ginas dos produtos correspondentes, e adicionar seus diplomas e qualifica\u00e7\u00f5es na p\u00e1gina Sobre n\u00f3s. <\/p> <\/div>\r\n\t\t\t\t\t<\/div>\r\n\t\t\t\t<\/div> <div class=\"faq-item\">\r\n\t\t\t\t\t<div class=\"faq-item-question\">\r\n\t\t\t\t\t\t<h3 class=\"faq-item-question-text\">Quais benef\u00edcios isso me trar\u00e1? <\/h3>\r\n\r\n\t\t\t\t\t\t<div class=\"faq-item-question-icon\"><\/div>\r\n\t\t\t\t\t<\/div>\r\n\r\n\t\t\t\t\t<div class=\"faq-item-answer\">\r\n\t\t\t\t\t\t<div class=\"faq-item-answer-text\"> <p>Nosso widget pode economizar muito tempo, pois com ele a publica\u00e7\u00e3o de arquivos em seu site ocorre em apenas alguns segundos. Al\u00e9m disso, voc\u00ea poder\u00e1 passar muitos detalhes \u00fateis sobre seus produtos e servi\u00e7os para conscientizar os clientes. <\/p> <\/div>\r\n\t\t\t\t\t<\/div>\r\n\t\t\t\t<\/div> <div class=\"faq-item\">\r\n\t\t\t\t\t<div class=\"faq-item-question\">\r\n\t\t\t\t\t\t<h3 class=\"faq-item-question-text\">Como posso incorporar uma galeria de v\u00eddeos do YouTube em meu site Squarespace sem conhecimentos de codifica\u00e7\u00e3o?<\/h3>\r\n\r\n\t\t\t\t\t\t<div class=\"faq-item-question-icon\"><\/div>\r\n\t\t\t\t\t<\/div>\r\n\r\n\t\t\t\t\t<div class=\"faq-item-answer\">\r\n\t\t\t\t\t\t<div class=\"faq-item-answer-text\"><p>A Elfsight fornece uma solu\u00e7\u00e3o baseada na nuvem que permite aos usu\u00e1rios estabelecer uma galeria de v\u00eddeos do YouTube veja como o procedimento \u00e9 f\u00e1cil:<\/p><ul><li>Entre no Editor on-line para produzir uma se\u00e7\u00e3o da Galeria de v\u00eddeos do YouTube que voc\u00ea deseja incluir em seu site Squarespace.<\/li><li>Selecione uma das op\u00e7\u00f5es nossos modelos predefinidos e modifique as configura\u00e7\u00f5es da Galeria de v\u00eddeos do YouTube, ajuste o design e o esquema de cores, insira seu conte\u00fado sem a necessidade de codifica\u00e7\u00e3o.<\/li><li>Preservar as configura\u00e7\u00f5es que voc\u00ea definiu para a Galeria de v\u00eddeos do YouTube e obter o c\u00f3digo para incorporar o widget, que pode ser facilmente integrado ao seu site Squarespace sem nenhum custo.<\/li><\/ul><p>Ao operar dentro do editor f\u00e1cil de usar, qualquer usu\u00e1rio da Internet pode criar uma se\u00e7\u00e3o da Galeria de v\u00eddeos do YouTube e adicione-o ao site do Squarespace. Nenhum pagamento ou divulga\u00e7\u00e3o das informa\u00e7\u00f5es do seu cart\u00e3o \u00e9 necess\u00e1rio para acessar o Editor Elfsight. Se voc\u00ea encontrar algum desafio a qualquer momento, n\u00e3o hesite em entrar em contato com nosso suporte ao cliente.<\/p><\/div>\r\n\t\t\t\t\t<\/div>\r\n\t\t\t\t<\/div><div class=\"faq-item\">\r\n\t\t\t\t\t<div class=\"faq-item-question\">\r\n\t\t\t\t\t\t<h3 class=\"faq-item-question-text\">O que eu preciso para obter o PDF Embed? <\/h3>\r\n\r\n\t\t\t\t\t\t<div class=\"faq-item-question-icon\"><\/div>\r\n\t\t\t\t\t<\/div>\r\n\r\n\t\t\t\t\t<div class=\"faq-item-answer\">\r\n\t\t\t\t\t\t<div class=\"faq-item-answer-text\"> <p>Isso s\u00f3 acontecer\u00e1 reserve dois minutos do seu tempo para configurar. \u00c9 super r\u00e1pido, gratuito e sem codifica\u00e7\u00e3o. <\/p> <p>Voc\u00ea pode integrar o widget ao site em nosso servi\u00e7o. Para isso, voc\u00ea precisa verificar as instru\u00e7\u00f5es abaixo nesta p\u00e1gina.<\/p> <\/div>\r\n\t\t\t\t\t<\/div>\r\n\t\t\t\t<\/div> <\/div> <\/div><div class=\"application-platform-content-item-features application-platform-content-item\" id=\"features\" data-nav-section=\"features\"> <h2>Principais recursos do widget PDF Embed<\/h2> <p>Para avaliar o valor do widget, veja a lista de suas fun\u00e7\u00f5es mais valiosas. Eles tornam o widget m\u00e1ximo eficaz para o seu site: <\/p> <ul><li>Integrar documentos ilimitados; <\/li> <li>Variante de layout do File Viewer para visualizar documentos no site; <\/li> <li>Fazer upload de imagens para \u00edcones e visualiza\u00e7\u00f5es; <\/li> <li>Exibir ou remover o texto do arquivo de download; <\/li> <li> Escolha cores personalizadas para seis detalhes da interface; <\/li> <\/ul><p><a href=\"#demo\">Para ver uma lista completa de recursos, consulte nossa demonstra\u00e7\u00e3o<\/a><\/p> <\/div> <div class=\"application-platform-content-item-installation application-platform-content-item\" id=\"installation\" data-nav-section=\"installation\"> <h2>Como adicionar visualizador de PDF e navegador. Incorporador no site Elementor<\/h2> <div class=\"video-container\"><iframe width=\"720\" height=\"405\" src=\"https:\/\/www.youtube.com\/embed\/VJoBpj9pLoI\" frameborder=\"0\" allowfullscreen=\"\"><\/iframe><\/div><p>Aqui est\u00e3o as etapas que voc\u00ea precisa seguir: <\/p> <ol><li><b>Projete seu plug-in de PDF personalizado<\/b><br> Com a ajuda de nossa demonstra\u00e7\u00e3o gratuita, gere um plugin com layout e fun\u00e7\u00f5es customizadas. <\/li><li><b>Obtenha o c\u00f3digo pessoal para instalar o plugin<\/b><br> Depois de criar o seu widget, voc\u00ea obter\u00e1 o c\u00f3digo de instala\u00e7\u00e3o na notifica\u00e7\u00e3o exibida nos aplicativos da Elfsight. Copie este c\u00f3digo para uso posterior. <\/li> <li><b> O plugin no seu site Elementor<\/b><br> Escolha o local onde voc\u00ea gostaria de mostrar o plugin e adicione o c\u00f3digo salvo l\u00e1. Salve os resultados. <\/li> <li><b>Parab\u00e9ns! Voc\u00ea acabou de integrar o widget! <\/b><br> Visite seu site para ver seu trabalho.<\/li> <\/ol><p>Ainda tem d\u00favidas? Ou trope\u00e7ou em alguma coisa? Basta enviar uma solicita\u00e7\u00e3o ao nosso suporte ao cliente. vamos resolver todas as quest\u00f5es. <\/p> <\/div>","protected":false},"excerpt":{"rendered":"","protected":false},"author":9,"featured_media":0,"parent":1131,"menu_order":0,"comment_status":"closed","ping_status":"closed","template":"templates\/template-application-platform.php","meta":{"publish_to_discourse":"","publish_post_category":"","wpdc_auto_publish_overridden":"","wpdc_topic_tags":"","wpdc_pin_topic":"","wpdc_pin_until":"","discourse_post_id":"","discourse_permalink":"","wpdc_publishing_response":"","wpdc_publishing_error":"","footnotes":""},"class_list":["post-7274","page","type-page","status-publish","hentry"],"yoast_head":"<!-- This site is optimized with the Yoast SEO plugin v25.3.1 - https:\/\/yoast.com\/wordpress\/plugins\/seo\/ -->\n<title>Visualizador de PDF - Incorporar widget de PDF no site Elementor (gratuito e r\u00e1pido)<\/title>\n<meta name=\"description\" content=\"Esta \u00e9 uma chance de criar um widget PDF Viewer e incorpor\u00e1-lo ao seu site Elementor. Obtenha suporte gratuito ao cliente e outras vantagens da Elfsight.\" \/>\n<meta name=\"robots\" content=\"index, follow, max-snippet:-1, max-image-preview:large, max-video-preview:-1\" \/>\n<link rel=\"canonical\" href=\"https:\/\/elfsight.com\/pt\/pdf-embed-widget\/elementor\/\" \/>\n<meta property=\"og:locale\" content=\"pt_PT\" \/>\n<meta property=\"og:type\" content=\"article\" \/>\n<meta property=\"og:title\" content=\"Visualizador de PDF - Incorporar widget de PDF no site Elementor (gratuito e r\u00e1pido)\" \/>\n<meta property=\"og:description\" content=\"Esta \u00e9 uma chance de criar um widget PDF Viewer e incorpor\u00e1-lo ao seu site Elementor. Obtenha suporte gratuito ao cliente e outras vantagens da Elfsight.\" \/>\n<meta property=\"og:url\" content=\"https:\/\/elfsight.com\/pt\/pdf-embed-widget\/elementor\/\" \/>\n<meta property=\"og:site_name\" content=\"Elfsight PT\" \/>\n<meta property=\"article:modified_time\" content=\"2024-11-13T11:52:07+00:00\" \/>\n<meta name=\"twitter:card\" content=\"summary_large_image\" \/>\n<meta name=\"twitter:label1\" content=\"Tempo estimado de leitura\" \/>\n\t<meta name=\"twitter:data1\" content=\"4 minutos\" \/>\n<!-- \/ Yoast SEO plugin. -->","yoast_head_json":{"title":"Visualizador de PDF - Incorporar widget de PDF no site Elementor (gratuito e r\u00e1pido)","description":"Esta \u00e9 uma chance de criar um widget PDF Viewer e incorpor\u00e1-lo ao seu site Elementor. Obtenha suporte gratuito ao cliente e outras vantagens da Elfsight.","robots":{"index":"index","follow":"follow","max-snippet":"max-snippet:-1","max-image-preview":"max-image-preview:large","max-video-preview":"max-video-preview:-1"},"canonical":"https:\/\/elfsight.com\/pt\/pdf-embed-widget\/elementor\/","og_locale":"pt_PT","og_type":"article","og_title":"Visualizador de PDF - Incorporar widget de PDF no site Elementor (gratuito e r\u00e1pido)","og_description":"Esta \u00e9 uma chance de criar um widget PDF Viewer e incorpor\u00e1-lo ao seu site Elementor. Obtenha suporte gratuito ao cliente e outras vantagens da Elfsight.","og_url":"https:\/\/elfsight.com\/pt\/pdf-embed-widget\/elementor\/","og_site_name":"Elfsight PT","article_modified_time":"2024-11-13T11:52:07+00:00","twitter_card":"summary_large_image","twitter_misc":{"Tempo estimado de leitura":"4 minutos"},"schema":{"@context":"https:\/\/schema.org","@graph":[{"@type":"WebPage","@id":"https:\/\/elfsight.com\/pt\/pdf-embed-widget\/elementor\/","url":"https:\/\/elfsight.com\/pt\/pdf-embed-widget\/elementor\/","name":"Visualizador de PDF - Incorporar widget de PDF no site Elementor (gratuito e r\u00e1pido)","isPartOf":{"@id":"https:\/\/elfsight.com\/pt\/#website"},"datePublished":"1970-01-01T00:00:00+00:00","dateModified":"2024-11-13T11:52:07+00:00","description":"Esta \u00e9 uma chance de criar um widget PDF Viewer e incorpor\u00e1-lo ao seu site Elementor. Obtenha suporte gratuito ao cliente e outras vantagens da Elfsight.","breadcrumb":{"@id":"https:\/\/elfsight.com\/pt\/pdf-embed-widget\/elementor\/#breadcrumb"},"inLanguage":"pt-PT","potentialAction":[{"@type":"ReadAction","target":["https:\/\/elfsight.com\/pt\/pdf-embed-widget\/elementor\/"]}]},{"@type":"BreadcrumbList","@id":"https:\/\/elfsight.com\/pt\/pdf-embed-widget\/elementor\/#breadcrumb","itemListElement":[{"@type":"ListItem","position":1,"name":"Home","item":"https:\/\/elfsight.com\/pt\/"},{"@type":"ListItem","position":2,"name":"PDF Embed","item":"https:\/\/elfsight.com\/pt\/pdf-embed-widget\/"},{"@type":"ListItem","position":3,"name":"PDF Embed &#8211; Elementor"}]},{"@type":"WebSite","@id":"https:\/\/elfsight.com\/pt\/#website","url":"https:\/\/elfsight.com\/pt\/","name":"Elfsight PT","description":"Just another Elfsight Sites site","potentialAction":[{"@type":"SearchAction","target":{"@type":"EntryPoint","urlTemplate":"https:\/\/elfsight.com\/pt\/?s={search_term_string}"},"query-input":{"@type":"PropertyValueSpecification","valueRequired":true,"valueName":"search_term_string"}}],"inLanguage":"pt-PT"}]}},"meta_box":{"industry":"","seo_heading":"","heading":"","description":"","cta_heading":"","cta_description":"","application":"1130","h1":"Visualizador e incorporador de PDF Elementor","h1_caption":"A maneira mais simples de inserir documentos PDF nas p\u00e1ginas do seu site para verifica\u00e7\u00e3o e download r\u00e1pidos","application_category":[],"applications_title":"","applications_request_title":"","applications_request_button_text":"","hero_text":"","hero_video":"","hero_video_schema_markup":"","selling_points_title":"","selling_points_caption":"","selling_points":[],"selling_points_cta_text":"","features_title":"","features":"","ed_cta_examples_text":"","ed_cta_examples_hidden":"","ed_cta_demo_text":"","ed_cta_demo_hidden":"","why_caption":"","why_editor_title":"","why_editor_text":"","why_team_title":"","why_team_text":"","why_service_title":"","why_service_text":"","template_catalog_visible":"","template_catalog_title":"","template_catalog_text":"","template_catalog_categories_visible":"","demo_title":"Crie seu widget de incorpora\u00e7\u00e3o de PDF","demo_caption":"Configure seu PDF Embed e adicione-o ao seu site Elementor gratuitamente!","default_faq_hidden":"","app_template_category":[],"platform":"100","template_public_id":"","codecanyon_url":"","codecanyon_item_id":"","codecanyon_price":"","pricing_caption":"","pricing_elfsight_apps_hide_column":"","pricing_elfsight_apps_url":"","pricing_codecanyon_price_caption":"","integration_category":[],"integration_request_title":"","integration_request_cta":"","integration_platform":"","integrations":[],"platform_category":[],"video_schema_markup":"","price":"a partir de US$ 0\/m\u00eas","trial":"","benefits":[{"text":"Servi\u00e7o de instala\u00e7\u00e3o gratuito"},{"text":"Suporte profissional ao cliente"},{"text":"Garantia de reembolso de 14 dias"},{"text":"Futuras melhorias gratuitas"}],"button_url":"#demo","button_target_blank":"","button_nofollow":"","attributes":[{"name":"Instala\u00e7\u00f5es","content":"10,000 - 100,000"},{"name":"Responsivo","content":"Sim"},{"name":"Navegadores compat\u00edveis","content":"Firefox, Safari, Opera, Chrome, Edge"}],"tags":[],"tags_disable_links":"","hide_more_platforms":"","video_object":"","demo_hide_cta":"","demo_hide_cloud_options":"","pricing_title":"","pricing":[{"pricing_icon":"platform","pricing_title":"Elfsight Apps","pricing_title_caption":"Software independente de plataforma","pricing_price":"a partir de US$ 0\/m\u00eas","pricing_price_caption":"comece com plano gratuito","pricing_benefits":[{"text":"Sites ilimitados"},{"text":"Suporte profissional e pontual"},{"text":"Suporte profissional e pontual"},{"text":"Pre\u00e7o a ser pago para v\u00e1rios aplicativos"}],"pricing_button_text":"Adicionar ao site","pricing_button_url":"#demo"}],"related_apps_title":"","related_apps_hidden":"","author":"","image":[],"title":"","job":"","social_networks":[]},"_links":{"self":[{"href":"https:\/\/elfsight.com\/pt\/wp-json\/wp\/v2\/pages\/7274","targetHints":{"allow":["GET"]}}],"collection":[{"href":"https:\/\/elfsight.com\/pt\/wp-json\/wp\/v2\/pages"}],"about":[{"href":"https:\/\/elfsight.com\/pt\/wp-json\/wp\/v2\/types\/page"}],"author":[{"embeddable":true,"href":"https:\/\/elfsight.com\/pt\/wp-json\/wp\/v2\/users\/9"}],"replies":[{"embeddable":true,"href":"https:\/\/elfsight.com\/pt\/wp-json\/wp\/v2\/comments?post=7274"}],"version-history":[{"count":2,"href":"https:\/\/elfsight.com\/pt\/wp-json\/wp\/v2\/pages\/7274\/revisions"}],"predecessor-version":[{"id":12026,"href":"https:\/\/elfsight.com\/pt\/wp-json\/wp\/v2\/pages\/7274\/revisions\/12026"}],"up":[{"embeddable":true,"href":"https:\/\/elfsight.com\/pt\/wp-json\/wp\/v2\/pages\/1131"}],"wp:attachment":[{"href":"https:\/\/elfsight.com\/pt\/wp-json\/wp\/v2\/media?parent=7274"}],"curies":[{"name":"wp","href":"https:\/\/api.w.org\/{rel}","templated":true}]}}