{"id":7271,"date":"1970-01-01T00:00:00","date_gmt":"1970-01-01T00:00:00","guid":{"rendered":"https:\/\/elfsight.com\/pt\/?page_id=7271"},"modified":"2025-03-06T13:01:29","modified_gmt":"2025-03-06T13:01:29","slug":"woocommerce","status":"publish","type":"page","link":"https:\/\/elfsight.com\/pt\/pdf-embed-widget\/woocommerce\/","title":{"rendered":"PDF Embed &#8211; WooCommerce"},"content":{"rendered":"\n<div class=\"application-platform-content-item- application-platform-content-item\" id=\"\" data-nav-section=\"\"><h2>Descri\u00e7\u00e3o<\/h2><p>Por meio da ferramenta Elfsight PDF Embed, obtenha a colagem mais conveniente e r\u00e1pida de v\u00e1rios documentos PDF nas p\u00e1ginas do seu site. Para conveni\u00eancia do usu\u00e1rio, os documentos podem ser incorporados por meio de upload, inserindo seus URLs ou escolhendo entre os \u00faltimos enviados. Voc\u00ea pode dar um nome a cada documento, fazer upload de seu pr\u00f3prio \u00edcone e imagem, escolher o layout dos arquivos e muito mais. Os visitantes do site podem estudar os arquivos diretamente na p\u00e1gina, visualiz\u00e1-los em uma nova aba do navegador e fazer download. <\/p><p><b>Use o PDF Embed para enfrentar seus desafios de com\u00e9rcio eletr\u00f4nico!<\/b><\/p><div class=\"faq\" data-component=\"FAQ\"><div class=\"faq-item\">\r\n\t\t\t\t\t<div class=\"faq-item-question\">\r\n\t\t\t\t\t\t<h3 class=\"faq-item-question-text\">Como posso adicionar um widget PDF ao site WooCommerce? <\/h3>\r\n\r\n\t\t\t\t\t\t<div class=\"faq-item-question-icon\"><\/div>\r\n\t\t\t\t\t<\/div>\r\n\r\n\t\t\t\t\t<div class=\"faq-item-answer\">\r\n\t\t\t\t\t\t<div class=\"faq-item-answer-text\"><p>A confec\u00e7\u00e3o da ferramenta \u00e9 realizada nas p\u00e1ginas da Elfsight e n\u00e3o h\u00e1 necessidade de codifica\u00e7\u00e3o. Aplique a demonstra\u00e7\u00e3o ativa para ajustar seu aplicativo, obtenha o c\u00f3digo e cole-o em seu site. <\/p><\/div>\r\n\t\t\t\t\t<\/div>\r\n\t\t\t\t<\/div><div class=\"faq-item\">\r\n\t\t\t\t\t<div class=\"faq-item-question\">\r\n\t\t\t\t\t\t<h3 class=\"faq-item-question-text\">Os melhores exemplos de uso da integra\u00e7\u00e3o do PDF Viewer<\/h3>\r\n\r\n\t\t\t\t\t\t<div class=\"faq-item-question-icon\"><\/div>\r\n\t\t\t\t\t<\/div>\r\n\r\n\t\t\t\t\t<div class=\"faq-item-answer\">\r\n\t\t\t\t\t\t<div class=\"faq-item-answer-text\"><p>Oferecemos in\u00fameras oportunidades de personaliza\u00e7\u00e3o: widgets em tamanho real para adicionar \u00e0 se\u00e7\u00e3o de conte\u00fado, flutuantes plug-ins com oportunidades de rolagem, layouts para o rodap\u00e9 do seu site, se\u00e7\u00e3o principal e todos os tipos de oportunidades verticais para barras laterais e menus. <\/p><\/div>\r\n\t\t\t\t\t<\/div>\r\n\t\t\t\t<\/div><div class=\"faq-item\">\r\n\t\t\t\t\t<div class=\"faq-item-question\">\r\n\t\t\t\t\t\t<h3 class=\"faq-item-question-text\">Existe uma op\u00e7\u00e3o para criar um manual do produto ou um visualizador de PDF de pesquisa com a ajuda do seu editor? <\/h3>\r\n\r\n\t\t\t\t\t\t<div class=\"faq-item-question-icon\"><\/div>\r\n\t\t\t\t\t<\/div>\r\n\r\n\t\t\t\t\t<div class=\"faq-item-answer\">\r\n\t\t\t\t\t\t<div class=\"faq-item-answer-text\"><p>Voc\u00ea pode criar qualquer widget modifica\u00e7\u00f5es. H\u00e1 uma grande variedade de layouts dispon\u00edveis no editor, e todos eles podem ser facilmente ajustados da maneira que voc\u00ea precisar. <\/p><\/div>\r\n\t\t\t\t\t<\/div>\r\n\t\t\t\t<\/div><\/div><\/div> <div class=\"application-platform-content-item-features application-platform-content-item\" id=\"features\" data-nav-section=\"features\"><h2>Oferecemos recursos pr\u00e1ticos e f\u00e1ceis, aqui est\u00e3o alguns deles:<\/h2><ul><li> Incorpore qualquer n\u00famero de documentos; <\/li><li>Op\u00e7\u00e3o de layout do Visualizador de Arquivos para leitura de documentos na p\u00e1gina; <\/li><li>Fazer upload de imagens para \u00edcones e visualiza\u00e7\u00f5es; <\/li><li>Uma possibilidade de mostrar ou desativar o download do texto do documento; <\/li><li> Elementos de interface coloridos 6; <\/li><\/ul><p><a href=\"#demo\">Examine todos os recursos de personaliza\u00e7\u00e3o em uma demonstra\u00e7\u00e3o totalmente funcional<\/a><\/p><\/div><div class=\"application-platform-content-item-installation application-platform-content-item\" id=\"installation\" data-nav-section=\"installation\"><h2>Como fa\u00e7o para incorporar o PDF Viewer em meu site WooCommerce?<\/h2><p>Basta seguir as orienta\u00e7\u00f5es abaixo para ativar a ferramenta.<\/p><ol><li><b>Gerenciar nosso configurador gratuito e come\u00e7ar a construir seu plugin personalizado.<\/b><br>Especifique a interface e os aspectos preferidos do plugin e aplique as modifica\u00e7\u00f5es.<\/li><li><b>Copie o c\u00f3digo exclusivo que aparece na janela dos aplicativos Elfsight.<\/b><br>Logo ap\u00f3s o estabelecimento do seu widget pessoal, copie o c\u00f3digo pessoal na janela que aparece e guarde-o para uso posterior.<\/li><li><b>Comece a usar o widget no site WooCommerce.<\/b><br>Insira o c\u00f3digo copiado recentemente em seu site e salve as edi\u00e7\u00f5es.<\/li><li><b>Pronto! A incorpora\u00e7\u00e3o foi realizada com sucesso.<\/b><br>Acesse seu site para ver o funcionamento do plugin.<\/li><\/ol><p>Supondo que voc\u00ea encontre alguma complica\u00e7\u00e3o, sinta-se \u00e0 vontade para entrar em contato com nossa equipe de atendimento ao cliente. Nosso pessoal ter\u00e1 prazer em ajud\u00e1-lo com todas as dificuldades que voc\u00ea possa ter com o produto.<\/p><\/div>\n","protected":false},"excerpt":{"rendered":"","protected":false},"author":9,"featured_media":0,"parent":1131,"menu_order":0,"comment_status":"closed","ping_status":"closed","template":"templates\/template-application-platform.php","meta":{"publish_to_discourse":"","publish_post_category":"","wpdc_auto_publish_overridden":"","wpdc_topic_tags":"","wpdc_pin_topic":"","wpdc_pin_until":"","discourse_post_id":"","discourse_permalink":"","wpdc_publishing_response":"","wpdc_publishing_error":"","footnotes":""},"class_list":["post-7271","page","type-page","status-publish","hentry"],"yoast_head":"<!-- This site is optimized with the Yoast SEO plugin v25.3.1 - https:\/\/yoast.com\/wordpress\/plugins\/seo\/ -->\n<title>Plug-in WooCommerce PDF Viewer &amp; Embedder para seu site (2026)<\/title>\n<meta name=\"description\" content=\"Voc\u00ea pode personalizar o plug-in PDF Viewer &amp; Embedder personalizado agora mesmo e adicion\u00e1-lo ao seu site WooCommerce diretamente por meio da demonstra\u00e7\u00e3o ao vivo.\" \/>\n<meta name=\"robots\" content=\"index, follow, max-snippet:-1, max-image-preview:large, max-video-preview:-1\" \/>\n<link rel=\"canonical\" href=\"https:\/\/elfsight.com\/pt\/pdf-embed-widget\/woocommerce\/\" \/>\n<meta property=\"og:locale\" content=\"pt_PT\" \/>\n<meta property=\"og:type\" content=\"article\" \/>\n<meta property=\"og:title\" content=\"Plug-in WooCommerce PDF Viewer &amp; Embedder para seu site (2026)\" \/>\n<meta property=\"og:description\" content=\"Voc\u00ea pode personalizar o plug-in PDF Viewer &amp; Embedder personalizado agora mesmo e adicion\u00e1-lo ao seu site WooCommerce diretamente por meio da demonstra\u00e7\u00e3o ao vivo.\" \/>\n<meta property=\"og:url\" content=\"https:\/\/elfsight.com\/pt\/pdf-embed-widget\/woocommerce\/\" \/>\n<meta property=\"og:site_name\" content=\"Elfsight PT\" \/>\n<meta property=\"article:modified_time\" content=\"2025-03-06T13:01:29+00:00\" \/>\n<meta name=\"twitter:card\" content=\"summary_large_image\" \/>\n<meta name=\"twitter:label1\" content=\"Tempo estimado de leitura\" \/>\n\t<meta name=\"twitter:data1\" content=\"3 minutos\" \/>\n<!-- \/ Yoast SEO plugin. -->","yoast_head_json":{"title":"Plug-in WooCommerce PDF Viewer & Embedder para seu site (2026)","description":"Voc\u00ea pode personalizar o plug-in PDF Viewer & Embedder personalizado agora mesmo e adicion\u00e1-lo ao seu site WooCommerce diretamente por meio da demonstra\u00e7\u00e3o ao vivo.","robots":{"index":"index","follow":"follow","max-snippet":"max-snippet:-1","max-image-preview":"max-image-preview:large","max-video-preview":"max-video-preview:-1"},"canonical":"https:\/\/elfsight.com\/pt\/pdf-embed-widget\/woocommerce\/","og_locale":"pt_PT","og_type":"article","og_title":"Plug-in WooCommerce PDF Viewer & Embedder para seu site (2026)","og_description":"Voc\u00ea pode personalizar o plug-in PDF Viewer & Embedder personalizado agora mesmo e adicion\u00e1-lo ao seu site WooCommerce diretamente por meio da demonstra\u00e7\u00e3o ao vivo.","og_url":"https:\/\/elfsight.com\/pt\/pdf-embed-widget\/woocommerce\/","og_site_name":"Elfsight PT","article_modified_time":"2025-03-06T13:01:29+00:00","twitter_card":"summary_large_image","twitter_misc":{"Tempo estimado de leitura":"3 minutos"},"schema":{"@context":"https:\/\/schema.org","@graph":[{"@type":"WebPage","@id":"https:\/\/elfsight.com\/pt\/pdf-embed-widget\/woocommerce\/","url":"https:\/\/elfsight.com\/pt\/pdf-embed-widget\/woocommerce\/","name":"Plug-in WooCommerce PDF Viewer & Embedder para seu site (2026)","isPartOf":{"@id":"https:\/\/elfsight.com\/pt\/#website"},"datePublished":"1970-01-01T00:00:00+00:00","dateModified":"2025-03-06T13:01:29+00:00","description":"Voc\u00ea pode personalizar o plug-in PDF Viewer & Embedder personalizado agora mesmo e adicion\u00e1-lo ao seu site WooCommerce diretamente por meio da demonstra\u00e7\u00e3o ao vivo.","breadcrumb":{"@id":"https:\/\/elfsight.com\/pt\/pdf-embed-widget\/woocommerce\/#breadcrumb"},"inLanguage":"pt-PT","potentialAction":[{"@type":"ReadAction","target":["https:\/\/elfsight.com\/pt\/pdf-embed-widget\/woocommerce\/"]}]},{"@type":"BreadcrumbList","@id":"https:\/\/elfsight.com\/pt\/pdf-embed-widget\/woocommerce\/#breadcrumb","itemListElement":[{"@type":"ListItem","position":1,"name":"Home","item":"https:\/\/elfsight.com\/pt\/"},{"@type":"ListItem","position":2,"name":"PDF Embed","item":"https:\/\/elfsight.com\/pt\/pdf-embed-widget\/"},{"@type":"ListItem","position":3,"name":"PDF Embed &#8211; WooCommerce"}]},{"@type":"WebSite","@id":"https:\/\/elfsight.com\/pt\/#website","url":"https:\/\/elfsight.com\/pt\/","name":"Elfsight PT","description":"Just another Elfsight Sites site","potentialAction":[{"@type":"SearchAction","target":{"@type":"EntryPoint","urlTemplate":"https:\/\/elfsight.com\/pt\/?s={search_term_string}"},"query-input":{"@type":"PropertyValueSpecification","valueRequired":true,"valueName":"search_term_string"}}],"inLanguage":"pt-PT"}]}},"meta_box":{"industry":"","seo_heading":"","heading":"","description":"","cta_heading":"","cta_description":"","application":"1130","h1":"Plug-in WooCommerce PDF Viewer","h1_caption":"A melhor ferramenta para incorporar documentos PDF nas p\u00e1ginas do seu site para leitura e download r\u00e1pidos.","application_category":[],"applications_title":"","applications_request_title":"","applications_request_button_text":"","hero_text":"","hero_video":"","hero_video_schema_markup":"","selling_points_title":"","selling_points_caption":"","selling_points":[],"selling_points_cta_text":"","features_title":"","features":"","ed_cta_examples_text":"","ed_cta_examples_hidden":"","ed_cta_demo_text":"","ed_cta_demo_hidden":"","why_caption":"","why_editor_title":"","why_editor_text":"","why_team_title":"","why_team_text":"","why_service_title":"","why_service_text":"","template_catalog_visible":"0","template_catalog_title":"","template_catalog_text":"","template_catalog_categories_visible":"","demo_title":"Crie seu aplicativo PDF Embed","demo_caption":"Configure seu PDF Embed e adicione-o ao seu site WooCommerce gratuitamente!","default_faq_hidden":"","app_template_category":[],"platform":"4920","template_public_id":"","codecanyon_url":"","codecanyon_item_id":"","codecanyon_price":"","pricing_caption":"","pricing_elfsight_apps_hide_column":"","pricing_elfsight_apps_url":"","pricing_codecanyon_price_caption":"","integration_category":[],"integration_request_title":"","integration_request_cta":"","integration_platform":"","integrations":[],"platform_category":[],"video_schema_markup":"","price":"a partir de US$ 0\/m\u00eas","trial":"","benefits":[{"text":"Atendimento ao cliente profissional"},{"text":"Ajuda de instala\u00e7\u00e3o gratuita"},{"text":"Garantia de devolu\u00e7\u00e3o do dinheiro em 14 dias"},{"text":"Desenvolvimento cont\u00ednuo"}],"button_url":"#demo","button_target_blank":"0","button_nofollow":"0","attributes":[{"name":"Instala\u00e7\u00f5es","content":"10,000 - 100,000"},{"name":"Responsivo","content":"Sim"},{"name":"Navegadores compat\u00edveis","content":"Firefox, Safari, Opera, Chrome, Edge"}],"tags":[],"tags_disable_links":"0","hide_more_platforms":"0","video_object":"","demo_hide_cta":"0","demo_hide_cloud_options":"0","pricing_title":"","pricing":[{"pricing_icon":"platform","pricing_title":"Elfsight Apps","pricing_title_caption":"Software independente de plataforma que funciona em qualquer site","pricing_price":"a partir de US$ 0\/m\u00eas","pricing_price_caption":"comece com um plano gratuito","pricing_benefits":[{"text":"Sites ilimitados"},{"text":"Suporte ao cliente 24 horas por dia, 7 dias por semana"},{"text":"Suporte ao cliente 24 horas por dia, 7 dias por semana"},{"text":"Design flex\u00edvel"}],"pricing_button_text":"Adicionar ao site","pricing_button_url":"#demo"}],"related_apps_title":"","related_apps_hidden":"0","author":"","image":[],"title":"","job":"","social_networks":[]},"_links":{"self":[{"href":"https:\/\/elfsight.com\/pt\/wp-json\/wp\/v2\/pages\/7271","targetHints":{"allow":["GET"]}}],"collection":[{"href":"https:\/\/elfsight.com\/pt\/wp-json\/wp\/v2\/pages"}],"about":[{"href":"https:\/\/elfsight.com\/pt\/wp-json\/wp\/v2\/types\/page"}],"author":[{"embeddable":true,"href":"https:\/\/elfsight.com\/pt\/wp-json\/wp\/v2\/users\/9"}],"replies":[{"embeddable":true,"href":"https:\/\/elfsight.com\/pt\/wp-json\/wp\/v2\/comments?post=7271"}],"version-history":[{"count":4,"href":"https:\/\/elfsight.com\/pt\/wp-json\/wp\/v2\/pages\/7271\/revisions"}],"predecessor-version":[{"id":14469,"href":"https:\/\/elfsight.com\/pt\/wp-json\/wp\/v2\/pages\/7271\/revisions\/14469"}],"up":[{"embeddable":true,"href":"https:\/\/elfsight.com\/pt\/wp-json\/wp\/v2\/pages\/1131"}],"wp:attachment":[{"href":"https:\/\/elfsight.com\/pt\/wp-json\/wp\/v2\/media?parent=7271"}],"curies":[{"name":"wp","href":"https:\/\/api.w.org\/{rel}","templated":true}]}}