{"id":7265,"date":"1970-01-01T00:00:00","date_gmt":"1970-01-01T00:00:00","guid":{"rendered":"https:\/\/elfsight.com\/pt\/?page_id=7265"},"modified":"2025-03-23T18:52:43","modified_gmt":"2025-03-23T18:52:43","slug":"google-sites","status":"publish","type":"page","link":"https:\/\/elfsight.com\/pt\/pdf-embed-widget\/google-sites\/","title":{"rendered":"PDF Embed &#8211; Google Sites"},"content":{"rendered":"\n<div class=\"application-platform-content-item-description application-platform-content-item\" id=\"description\" data-nav-section=\"description\"><h2>Incorporar PDF Embed no Google Sites com o widget Elfsight<\/h2> <p>Com a ajuda do Elfsight PDF Embed para Google Sites, aproveite a integra\u00e7\u00e3o mais f\u00e1cil de seus arquivos PDF no site. Para sua conveni\u00eancia, os documentos podem ser incorporados apenas por upload, pelos URLs ou escolhendo a partir do \u00faltimo upload. Voc\u00ea \u00e9 livre para dar a cada arquivo seu pr\u00f3prio nome, fazer upload de um \u00edcone ou imagem personalizada, escolher a variante de layout dos arquivos e muito mais. O p\u00fablico do site pode verificar os documentos diretamente no seu site, abri-los em uma nova aba e fazer o download. <\/p> <p><b>Com o PDF Embed, voc\u00ea ver\u00e1 um crescimento s\u00f3lido dos neg\u00f3cios e melhores vendas <\/b><\/p> <\/div> <div class=\"application-platform-content-item-features application-platform-content-item\" id=\"features\" data-nav-section=\"features\"> <h2>Essas s\u00e3o apenas algumas das recursos avan\u00e7ados de widget: <\/h2> <ul><li>Integre documentos ilimitados; <\/li> <li>Variante de layout do File Viewer para visualizar documentos no site; <\/li> <li>Fazer upload de imagens para \u00edcones e visualiza\u00e7\u00f5es; <\/li> <li>Exibir ou remover o texto do arquivo de download; <\/li> <li> Escolha cores personalizadas para seis detalhes da interface; <\/li> <\/ul><p><a href=\"#demo\">Voc\u00ea pode testar o que o widget oferece experimentando a demonstra\u00e7\u00e3o<\/a><\/p> <\/div> <div class=\"application-platform-content-item-installation application-platform-content-item\" id=\"installation\" data-nav-section=\"installation\"> <h2>Como posso adicionar PDF incorporado ao meu site do Google Sites? <\/h2> <p>Basta seguir os passos apresentados abaixo para come\u00e7ar a trabalhar com o widget. <\/p> <ol><li><b>Realize nossa demonstra\u00e7\u00e3o gratuita e comece a criar seu widget personalizado. <\/b><br> Determine a apar\u00eancia e os aspectos selecionados do plugin e salve as edi\u00e7\u00f5es. <\/li> <li><b>Copie o seu c\u00f3digo individual revelado na janela das aplica\u00e7\u00f5es Elfsight. <\/b><br> Logo ap\u00f3s a customiza\u00e7\u00e3o do seu widget pessoal, copie o c\u00f3digo exclusivo na caixa que surgir e salve-o para uso futuro. <\/li> <li><b>Inscreva-se no uso do plug-in no site do Google Sites. <\/b><br> Incorpore o c\u00f3digo que voc\u00ea copiou recentemente em sua p\u00e1gina inicial e salve os ajustes. <\/li> <li><b>Pronto! A configura\u00e7\u00e3o foi realizada com sucesso. <\/b><br> Visite seu site para revisar como o widget est\u00e1 funcionando. <\/li><\/ol> <div class=\"tip-yellow tip\"><b>Devido \u00e0s peculiaridades do funcionamento do Google Sites, o widget pode ter uma apar\u00eancia diferente da demonstra\u00e7\u00e3o on-line. Pedimos desculpas por qualquer inconveniente causado.<\/b><\/div><p>Supondo que voc\u00ea tenha alguma dificuldade, n\u00e3o hesite em entrar em contato com nossa equipe de atendimento ao cliente. Nossos especialistas est\u00e3o ansiosos para ajud\u00e1-lo com todas as d\u00favidas que voc\u00ea possa ter sobre o plugin. <\/p> <div class=\"faq\" data-component=\"FAQ\"><div class=\"faq-item\">\r\n\t\t\t\t\t<div class=\"faq-item-question\">\r\n\t\t\t\t\t\t<h3 class=\"faq-item-question-text\">De que forma \u00e9 poss\u00edvel incorporar o PDF Embed no meu Google Sites sem experi\u00eancia em codifica\u00e7\u00e3o?<\/h3>\r\n\r\n\t\t\t\t\t\t<div class=\"faq-item-question-icon\"><\/div>\r\n\t\t\t\t\t<\/div>\r\n\r\n\t\t\t\t\t<div class=\"faq-item-answer\">\r\n\t\t\t\t\t\t<div class=\"faq-item-answer-text\"> \n<p>A Elfsight oferece uma solu\u00e7\u00e3o SaaS que permite aos usu\u00e1rios criarem voc\u00ea mesmo um aplicativo PDF Embed, consulte as instru\u00e7\u00f5es f\u00e1ceis: V\u00e1 para o Editor on-line para criar uma se\u00e7\u00e3o de PDF Embed que voc\u00ea gostaria de adicionar \u00e0 sua p\u00e1gina do Google Sites. Selecione um dos muitos modelos predefinidos e altere as configura\u00e7\u00f5es do PDF Viewer, adicione seu conte\u00fado, altere o layout e a cor dos elementos sem nenhuma habilidade de codifica\u00e7\u00e3o. Clique para salvar as configura\u00e7\u00f5es feitas no PDF Viewer e copiar o c\u00f3digo do widget para instala\u00e7\u00e3o, que pode ser facilmente inclu\u00eddo no site do Google Sites dentro de um plano gratuito. Com nosso editor f\u00e1cil de usar, qualquer usu\u00e1rio da web pode criar um widget de PDF Embed e adicion\u00e1-lo facilmente \u00e0 p\u00e1gina inicial do Google Sites. Voc\u00ea n\u00e3o deve obter uma assinatura paga ou enviar as credenciais do seu cart\u00e3o para acessar o servi\u00e7o Elfsight. Se voc\u00ea enfrentar qualquer problema em qualquer etapa, sinta-se \u00e0 vontade para falar com nossa equipe de suporte t\u00e9cnico.<\/p>\n<\/div>\r\n\t\t\t\t\t<\/div>\r\n\t\t\t\t<\/div> [\n[\/faq_item] <\/div><\/div>\n","protected":false},"excerpt":{"rendered":"","protected":false},"author":9,"featured_media":0,"parent":1131,"menu_order":0,"comment_status":"closed","ping_status":"closed","template":"templates\/template-application-platform.php","meta":{"publish_to_discourse":"","publish_post_category":"","wpdc_auto_publish_overridden":"","wpdc_topic_tags":"","wpdc_pin_topic":"","wpdc_pin_until":"","discourse_post_id":"","discourse_permalink":"","wpdc_publishing_response":"","wpdc_publishing_error":"","footnotes":""},"class_list":["post-7265","page","type-page","status-publish","hentry"],"yoast_head":"<!-- This site is optimized with the Yoast SEO plugin v25.3.1 - https:\/\/yoast.com\/wordpress\/plugins\/seo\/ -->\n<title>Incorpora\u00e7\u00e3o de PDF - Adicionar widget de incorpora\u00e7\u00e3o de PDF ao Google Sites (2026)<\/title>\n<meta name=\"description\" content=\"Incorpore um aplicativo PDF Embed responsivo ao seu site Google Sites e obtenha confian\u00e7a total. Utilize a demonstra\u00e7\u00e3o \u00fatil da Elfsight para construir a sua ferramenta \u00fanica.\" \/>\n<meta name=\"robots\" content=\"index, follow, max-snippet:-1, max-image-preview:large, max-video-preview:-1\" \/>\n<link rel=\"canonical\" href=\"https:\/\/elfsight.com\/pt\/pdf-embed-widget\/google-sites\/\" \/>\n<meta property=\"og:locale\" content=\"pt_PT\" \/>\n<meta property=\"og:type\" content=\"article\" \/>\n<meta property=\"og:title\" content=\"Incorpora\u00e7\u00e3o de PDF - Adicionar widget de incorpora\u00e7\u00e3o de PDF ao Google Sites (2026)\" \/>\n<meta property=\"og:description\" content=\"Incorpore um aplicativo PDF Embed responsivo ao seu site Google Sites e obtenha confian\u00e7a total. Utilize a demonstra\u00e7\u00e3o \u00fatil da Elfsight para construir a sua ferramenta \u00fanica.\" \/>\n<meta property=\"og:url\" content=\"https:\/\/elfsight.com\/pt\/pdf-embed-widget\/google-sites\/\" \/>\n<meta property=\"og:site_name\" content=\"Elfsight PT\" \/>\n<meta property=\"article:modified_time\" content=\"2025-03-23T18:52:43+00:00\" \/>\n<meta name=\"twitter:card\" content=\"summary_large_image\" \/>\n<meta name=\"twitter:label1\" content=\"Tempo estimado de leitura\" \/>\n\t<meta name=\"twitter:data1\" content=\"4 minutos\" \/>\n<!-- \/ Yoast SEO plugin. -->","yoast_head_json":{"title":"Incorpora\u00e7\u00e3o de PDF - Adicionar widget de incorpora\u00e7\u00e3o de PDF ao Google Sites (2026)","description":"Incorpore um aplicativo PDF Embed responsivo ao seu site Google Sites e obtenha confian\u00e7a total. Utilize a demonstra\u00e7\u00e3o \u00fatil da Elfsight para construir a sua ferramenta \u00fanica.","robots":{"index":"index","follow":"follow","max-snippet":"max-snippet:-1","max-image-preview":"max-image-preview:large","max-video-preview":"max-video-preview:-1"},"canonical":"https:\/\/elfsight.com\/pt\/pdf-embed-widget\/google-sites\/","og_locale":"pt_PT","og_type":"article","og_title":"Incorpora\u00e7\u00e3o de PDF - Adicionar widget de incorpora\u00e7\u00e3o de PDF ao Google Sites (2026)","og_description":"Incorpore um aplicativo PDF Embed responsivo ao seu site Google Sites e obtenha confian\u00e7a total. Utilize a demonstra\u00e7\u00e3o \u00fatil da Elfsight para construir a sua ferramenta \u00fanica.","og_url":"https:\/\/elfsight.com\/pt\/pdf-embed-widget\/google-sites\/","og_site_name":"Elfsight PT","article_modified_time":"2025-03-23T18:52:43+00:00","twitter_card":"summary_large_image","twitter_misc":{"Tempo estimado de leitura":"4 minutos"},"schema":{"@context":"https:\/\/schema.org","@graph":[{"@type":"WebPage","@id":"https:\/\/elfsight.com\/pt\/pdf-embed-widget\/google-sites\/","url":"https:\/\/elfsight.com\/pt\/pdf-embed-widget\/google-sites\/","name":"Incorpora\u00e7\u00e3o de PDF - Adicionar widget de incorpora\u00e7\u00e3o de PDF ao Google Sites (2026)","isPartOf":{"@id":"https:\/\/elfsight.com\/pt\/#website"},"datePublished":"1970-01-01T00:00:00+00:00","dateModified":"2025-03-23T18:52:43+00:00","description":"Incorpore um aplicativo PDF Embed responsivo ao seu site Google Sites e obtenha confian\u00e7a total. Utilize a demonstra\u00e7\u00e3o \u00fatil da Elfsight para construir a sua ferramenta \u00fanica.","breadcrumb":{"@id":"https:\/\/elfsight.com\/pt\/pdf-embed-widget\/google-sites\/#breadcrumb"},"inLanguage":"pt-PT","potentialAction":[{"@type":"ReadAction","target":["https:\/\/elfsight.com\/pt\/pdf-embed-widget\/google-sites\/"]}]},{"@type":"BreadcrumbList","@id":"https:\/\/elfsight.com\/pt\/pdf-embed-widget\/google-sites\/#breadcrumb","itemListElement":[{"@type":"ListItem","position":1,"name":"Home","item":"https:\/\/elfsight.com\/pt\/"},{"@type":"ListItem","position":2,"name":"PDF Embed","item":"https:\/\/elfsight.com\/pt\/pdf-embed-widget\/"},{"@type":"ListItem","position":3,"name":"PDF Embed &#8211; Google Sites"}]},{"@type":"WebSite","@id":"https:\/\/elfsight.com\/pt\/#website","url":"https:\/\/elfsight.com\/pt\/","name":"Elfsight PT","description":"Just another Elfsight Sites site","potentialAction":[{"@type":"SearchAction","target":{"@type":"EntryPoint","urlTemplate":"https:\/\/elfsight.com\/pt\/?s={search_term_string}"},"query-input":{"@type":"PropertyValueSpecification","valueRequired":true,"valueName":"search_term_string"}}],"inLanguage":"pt-PT"}]}},"meta_box":{"industry":"","seo_heading":"","heading":"","description":"","cta_heading":"","cta_description":"","application":"1130","h1":"Widget de incorpora\u00e7\u00e3o de PDF do Google Sites","h1_caption":"A maneira mais simples de inserir documentos PDF nas p\u00e1ginas do seu site para verifica\u00e7\u00e3o e download r\u00e1pidos","application_category":[],"applications_title":"","applications_request_title":"","applications_request_button_text":"","hero_text":"","hero_video":"","hero_video_schema_markup":"","selling_points_title":"","selling_points_caption":"","selling_points":[],"selling_points_cta_text":"","features_title":"","features":"","ed_cta_examples_text":"","ed_cta_examples_hidden":"","ed_cta_demo_text":"","ed_cta_demo_hidden":"","why_caption":"","why_editor_title":"","why_editor_text":"","why_team_title":"","why_team_text":"","why_service_title":"","why_service_text":"","template_catalog_visible":"0","template_catalog_title":"","template_catalog_text":"","template_catalog_categories_visible":"","demo_title":"Crie seu widget de incorpora\u00e7\u00e3o de PDF","demo_caption":"Configure seu PDF Embed e adicione-o ao seu site do Google Sites gratuitamente!","default_faq_hidden":"","app_template_category":[],"platform":"112","template_public_id":"","codecanyon_url":"","codecanyon_item_id":"","codecanyon_price":"","pricing_caption":"","pricing_elfsight_apps_hide_column":"","pricing_elfsight_apps_url":"","pricing_codecanyon_price_caption":"","integration_category":[],"integration_request_title":"","integration_request_cta":"","integration_platform":"","integrations":[],"platform_category":[],"video_schema_markup":"","price":"a partir de US$ 0\/m\u00eas","trial":"","benefits":[{"text":"Servi\u00e7o de instala\u00e7\u00e3o gratuito"},{"text":"Atendimento ao cliente eficaz"},{"text":"Garantia de devolu\u00e7\u00e3o do dinheiro em 14 dias"},{"text":"Melhorias regulares"}],"button_url":"#demo","button_target_blank":"0","button_nofollow":"0","attributes":[{"name":"Instala\u00e7\u00f5es","content":"10,000 - 100,000"},{"name":"Responsivo","content":"Totalmente adapt\u00e1vel"},{"name":"Navegadores compat\u00edveis","content":"Chrome, Edge, Opera, Safari, Firefox"}],"tags":[],"tags_disable_links":"0","hide_more_platforms":"0","video_object":"","demo_hide_cta":"0","demo_hide_cloud_options":"0","pricing_title":"","pricing":[{"pricing_icon":"platform","pricing_title":"Elfsight Apps","pricing_title_caption":"Vers\u00e3o multiplataforma que funciona em qualquer site","pricing_price":"a partir de US$ 0\/m\u00eas","pricing_price_caption":"comece com plano gratuito","pricing_benefits":[{"text":"Sites ilimitados"},{"text":"Suporte premium e pontual"},{"text":"Suporte premium e pontual"},{"text":"Pre\u00e7o especial para v\u00e1rios aplicativos"}],"pricing_button_text":"Adicionar ao site","pricing_button_url":"#demo"}],"related_apps_title":"","related_apps_hidden":"0","author":"","image":[],"title":"","job":"","social_networks":[]},"_links":{"self":[{"href":"https:\/\/elfsight.com\/pt\/wp-json\/wp\/v2\/pages\/7265","targetHints":{"allow":["GET"]}}],"collection":[{"href":"https:\/\/elfsight.com\/pt\/wp-json\/wp\/v2\/pages"}],"about":[{"href":"https:\/\/elfsight.com\/pt\/wp-json\/wp\/v2\/types\/page"}],"author":[{"embeddable":true,"href":"https:\/\/elfsight.com\/pt\/wp-json\/wp\/v2\/users\/9"}],"replies":[{"embeddable":true,"href":"https:\/\/elfsight.com\/pt\/wp-json\/wp\/v2\/comments?post=7265"}],"version-history":[{"count":4,"href":"https:\/\/elfsight.com\/pt\/wp-json\/wp\/v2\/pages\/7265\/revisions"}],"predecessor-version":[{"id":14676,"href":"https:\/\/elfsight.com\/pt\/wp-json\/wp\/v2\/pages\/7265\/revisions\/14676"}],"up":[{"embeddable":true,"href":"https:\/\/elfsight.com\/pt\/wp-json\/wp\/v2\/pages\/1131"}],"wp:attachment":[{"href":"https:\/\/elfsight.com\/pt\/wp-json\/wp\/v2\/media?parent=7265"}],"curies":[{"name":"wp","href":"https:\/\/api.w.org\/{rel}","templated":true}]}}