{"id":7264,"date":"1970-01-01T00:00:00","date_gmt":"1970-01-01T00:00:00","guid":{"rendered":"https:\/\/elfsight.com\/pt\/?page_id=7264"},"modified":"2025-03-23T18:50:14","modified_gmt":"2025-03-23T18:50:14","slug":"godaddy","status":"publish","type":"page","link":"https:\/\/elfsight.com\/pt\/pdf-embed-widget\/godaddy\/","title":{"rendered":"PDF Embed &#8211; GoDaddy"},"content":{"rendered":"\n<div class=\"application-platform-content-item-description application-platform-content-item\" id=\"description\" data-nav-section=\"description\"> <h2>Descri\u00e7\u00e3o<\/h2> <p>Por meio do plugin Elfsight PDF Embed para GoDaddy, obtenha a colagem mais conveniente e r\u00e1pida de v\u00e1rios documentos PDF nas p\u00e1ginas do seu site. Para conveni\u00eancia do usu\u00e1rio, os documentos podem ser incorporados por meio de upload, inserindo seus URLs ou escolhendo entre os \u00faltimos enviados. Voc\u00ea pode dar um nome a cada documento, fazer upload de seu pr\u00f3prio \u00edcone e imagem, escolher o layout dos arquivos e muito mais. Os visitantes do site podem estudar os arquivos diretamente na p\u00e1gina, visualiz\u00e1-los em uma nova guia do navegador e fazer download.<\/p> <p><b>Integra\u00e7\u00e3o de arquivos mais f\u00e1cil e r\u00e1pida sem codifica\u00e7\u00e3o!<\/b><\/p> <\/div> <div class=\"application-platform-content-item-features application-platform-content-item\" id=\"features\" data-nav-section=\"features\"> <h2>Encontre abaixo os recursos fundamentais do plugin: <\/h2> <ul><li>Incorpore qualquer n\u00famero de documentos; <\/li> <li>Op\u00e7\u00e3o de layout do Visualizador de Arquivos para leitura de documentos na p\u00e1gina; <\/li> <li>Fazer upload de imagens para \u00edcones e visualiza\u00e7\u00f5es; <\/li> <li>A op\u00e7\u00e3o de mostrar ou desativar Baixar texto do documento; <\/li> <li> Elementos de interface coloridos 6; <\/li> <\/ul><p><a href=\"#demo\">Experimente todas as op\u00e7\u00f5es de personaliza\u00e7\u00e3o na demonstra\u00e7\u00e3o totalmente funcional<\/a><\/p> <\/div> <div class=\"application-platform-content-item-installation application-platform-content-item\" id=\"installation\" data-nav-section=\"installation\"> <h2>Como fa\u00e7o para incorporar o PDF Embed na minha p\u00e1gina da web do GoDaddy? <\/h2> <p>Basta seguir as orienta\u00e7\u00f5es abaixo para incorporar a ferramenta. <\/p> <ol><li><b>Gerencie nosso configurador gratuito e comece a criar seu instrumento personalizado. <\/b><br> Determine a forma desej\u00e1vel e as caracter\u00edsticas funcionais do plugin e salve as corre\u00e7\u00f5es. <\/li> <li><b>Receba o seu c\u00f3digo pessoal revelado na caixa das aplica\u00e7\u00f5es Elfsight. <\/b><br> Assim que o estabelecimento do seu plugin pessoal for feito, copie o c\u00f3digo exclusivo na janela que surgir e salve-o para uso posterior. <\/li> <li><b>Comece a aplicar a ferramenta em seu site GoDaddy. <\/b><br> Insira o c\u00f3digo que voc\u00ea salvou anteriormente em sua p\u00e1gina e aplique as modifica\u00e7\u00f5es. <\/li> <li><b>A instala\u00e7\u00e3o foi totalmente realizada. <\/b><br> Visite sua p\u00e1gina da web para ver o desempenho da ferramenta. <\/li><\/ol> <p>Caso tenha d\u00favidas ou encontre alguma dificuldade, n\u00e3o hesite em escrever para nossa equipe de atendimento ao cliente. Nossos especialistas est\u00e3o ansiosos para resolver todos os problemas que voc\u00ea possa ter com a ferramenta. <\/p> <div class=\"faq\" data-component=\"FAQ\"><div class=\"faq-item\">\r\n\t\t\t\t\t<div class=\"faq-item-question\">\r\n\t\t\t\t\t\t<h3 class=\"faq-item-question-text\">De que maneira posso incorporar o PDF Embed no meu GoDaddy sem nenhum conhecimento de codifica\u00e7\u00e3o?<\/h3>\r\n\r\n\t\t\t\t\t\t<div class=\"faq-item-question-icon\"><\/div>\r\n\t\t\t\t\t<\/div>\r\n\r\n\t\t\t\t\t<div class=\"faq-item-answer\">\r\n\t\t\t\t\t\t<div class=\"faq-item-answer-text\"> \n<p>A empresa Elfsight fornece uma solu\u00e7\u00e3o SaaS que permite que voc\u00ea mesmo configure um widget PDF Embed, descubra as etapas simples: V\u00e1 para a demonstra\u00e7\u00e3o online para gerar um widget de PDF Embed que voc\u00ea gostaria de ver no site GoDaddy. Escolha um dos modelos prontos e adapte as configura\u00e7\u00f5es do PDF Viewer, adicione seu conte\u00fado, transforme o layout e o esquema de cores sem conhecimento de codifica\u00e7\u00e3o. Salve as configura\u00e7\u00f5es feitas no PDF Embed e copie o c\u00f3digo para instala\u00e7\u00e3o, que pode ser incorporado no site GoDaddy sem a necessidade de comprar uma assinatura paga. Com nosso configurador intuitivo, cada usu\u00e1rio da web pode estabelecer um plug-in de PDF Embed on-line e adicion\u00e1-lo facilmente a qualquer p\u00e1gina inicial do GoDaddy. N\u00e3o \u00e9 necess\u00e1rio obter uma assinatura paga ou divulgar os dados do seu cart\u00e3o para entrar em nosso servi\u00e7o. Se voc\u00ea tiver algum problema em qualquer etapa, sinta-se \u00e0 vontade para entrar em contato com nossa equipe de suporte.<\/p> \n<\/div>\r\n\t\t\t\t\t<\/div>\r\n\t\t\t\t<\/div> <\/div>\n<\/div>\n","protected":false},"excerpt":{"rendered":"","protected":false},"author":9,"featured_media":0,"parent":1131,"menu_order":0,"comment_status":"closed","ping_status":"closed","template":"templates\/template-application-platform.php","meta":{"publish_to_discourse":"","publish_post_category":"","wpdc_auto_publish_overridden":"","wpdc_topic_tags":"","wpdc_pin_topic":"","wpdc_pin_until":"","discourse_post_id":"","discourse_permalink":"","wpdc_publishing_response":"","wpdc_publishing_error":"","footnotes":""},"class_list":["post-7264","page","type-page","status-publish","hentry"],"yoast_head":"<!-- This site is optimized with the Yoast SEO plugin v25.3.1 - https:\/\/yoast.com\/wordpress\/plugins\/seo\/ -->\n<title>Plug-in PDF Embed - Adicione o plug-in PDF Embed ao site GoDaddy!<\/title>\n<meta name=\"description\" content=\"Melhore a funcionalidade do seu site aplicando o plugin PDF Embed para o seu site GoDaddy! Impulsione o seu neg\u00f3cio em 1-2-3!\" \/>\n<meta name=\"robots\" content=\"index, follow, max-snippet:-1, max-image-preview:large, max-video-preview:-1\" \/>\n<link rel=\"canonical\" href=\"https:\/\/elfsight.com\/pt\/pdf-embed-widget\/godaddy\/\" \/>\n<meta property=\"og:locale\" content=\"pt_PT\" \/>\n<meta property=\"og:type\" content=\"article\" \/>\n<meta property=\"og:title\" content=\"Plug-in PDF Embed - Adicione o plug-in PDF Embed ao site GoDaddy!\" \/>\n<meta property=\"og:description\" content=\"Melhore a funcionalidade do seu site aplicando o plugin PDF Embed para o seu site GoDaddy! Impulsione o seu neg\u00f3cio em 1-2-3!\" \/>\n<meta property=\"og:url\" content=\"https:\/\/elfsight.com\/pt\/pdf-embed-widget\/godaddy\/\" \/>\n<meta property=\"og:site_name\" content=\"Elfsight PT\" \/>\n<meta property=\"article:modified_time\" content=\"2025-03-23T18:50:14+00:00\" \/>\n<meta name=\"twitter:card\" content=\"summary_large_image\" \/>\n<meta name=\"twitter:label1\" content=\"Tempo estimado de leitura\" \/>\n\t<meta name=\"twitter:data1\" content=\"3 minutos\" \/>\n<!-- \/ Yoast SEO plugin. -->","yoast_head_json":{"title":"Plug-in PDF Embed - Adicione o plug-in PDF Embed ao site GoDaddy!","description":"Melhore a funcionalidade do seu site aplicando o plugin PDF Embed para o seu site GoDaddy! Impulsione o seu neg\u00f3cio em 1-2-3!","robots":{"index":"index","follow":"follow","max-snippet":"max-snippet:-1","max-image-preview":"max-image-preview:large","max-video-preview":"max-video-preview:-1"},"canonical":"https:\/\/elfsight.com\/pt\/pdf-embed-widget\/godaddy\/","og_locale":"pt_PT","og_type":"article","og_title":"Plug-in PDF Embed - Adicione o plug-in PDF Embed ao site GoDaddy!","og_description":"Melhore a funcionalidade do seu site aplicando o plugin PDF Embed para o seu site GoDaddy! Impulsione o seu neg\u00f3cio em 1-2-3!","og_url":"https:\/\/elfsight.com\/pt\/pdf-embed-widget\/godaddy\/","og_site_name":"Elfsight PT","article_modified_time":"2025-03-23T18:50:14+00:00","twitter_card":"summary_large_image","twitter_misc":{"Tempo estimado de leitura":"3 minutos"},"schema":{"@context":"https:\/\/schema.org","@graph":[{"@type":"WebPage","@id":"https:\/\/elfsight.com\/pt\/pdf-embed-widget\/godaddy\/","url":"https:\/\/elfsight.com\/pt\/pdf-embed-widget\/godaddy\/","name":"Plug-in PDF Embed - Adicione o plug-in PDF Embed ao site GoDaddy!","isPartOf":{"@id":"https:\/\/elfsight.com\/pt\/#website"},"datePublished":"1970-01-01T00:00:00+00:00","dateModified":"2025-03-23T18:50:14+00:00","description":"Melhore a funcionalidade do seu site aplicando o plugin PDF Embed para o seu site GoDaddy! Impulsione o seu neg\u00f3cio em 1-2-3!","breadcrumb":{"@id":"https:\/\/elfsight.com\/pt\/pdf-embed-widget\/godaddy\/#breadcrumb"},"inLanguage":"pt-PT","potentialAction":[{"@type":"ReadAction","target":["https:\/\/elfsight.com\/pt\/pdf-embed-widget\/godaddy\/"]}]},{"@type":"BreadcrumbList","@id":"https:\/\/elfsight.com\/pt\/pdf-embed-widget\/godaddy\/#breadcrumb","itemListElement":[{"@type":"ListItem","position":1,"name":"Home","item":"https:\/\/elfsight.com\/pt\/"},{"@type":"ListItem","position":2,"name":"PDF Embed","item":"https:\/\/elfsight.com\/pt\/pdf-embed-widget\/"},{"@type":"ListItem","position":3,"name":"PDF Embed &#8211; GoDaddy"}]},{"@type":"WebSite","@id":"https:\/\/elfsight.com\/pt\/#website","url":"https:\/\/elfsight.com\/pt\/","name":"Elfsight PT","description":"Just another Elfsight Sites site","potentialAction":[{"@type":"SearchAction","target":{"@type":"EntryPoint","urlTemplate":"https:\/\/elfsight.com\/pt\/?s={search_term_string}"},"query-input":{"@type":"PropertyValueSpecification","valueRequired":true,"valueName":"search_term_string"}}],"inLanguage":"pt-PT"}]}},"meta_box":{"industry":"","seo_heading":"","heading":"","description":"","cta_heading":"","cta_description":"","application":"1130","h1":"Plug-in de incorpora\u00e7\u00e3o de PDF GoDaddy","h1_caption":"A melhor ferramenta para incorporar documentos PDF nas p\u00e1ginas do seu site para leitura e download r\u00e1pidos","application_category":[],"applications_title":"","applications_request_title":"","applications_request_button_text":"","hero_text":"","hero_video":"","hero_video_schema_markup":"","selling_points_title":"","selling_points_caption":"","selling_points":[],"selling_points_cta_text":"","features_title":"","features":"","ed_cta_examples_text":"","ed_cta_examples_hidden":"","ed_cta_demo_text":"","ed_cta_demo_hidden":"","why_caption":"","why_editor_title":"","why_editor_text":"","why_team_title":"","why_team_text":"","why_service_title":"","why_service_text":"","template_catalog_visible":"0","template_catalog_title":"","template_catalog_text":"","template_catalog_categories_visible":"","demo_title":"Crie seu plugin PDF Embed","demo_caption":"Configure seu PDF Embed e adicione-o ao seu site GoDaddy gratuitamente!","default_faq_hidden":"","app_template_category":[],"platform":"4908","template_public_id":"","codecanyon_url":"","codecanyon_item_id":"","codecanyon_price":"","pricing_caption":"","pricing_elfsight_apps_hide_column":"","pricing_elfsight_apps_url":"","pricing_codecanyon_price_caption":"","integration_category":[],"integration_request_title":"","integration_request_cta":"","integration_platform":"","integrations":[],"platform_category":[],"video_schema_markup":"","price":"a partir de US$ 0\/m\u00eas","trial":"","benefits":[{"text":"Assist\u00eancia de instala\u00e7\u00e3o gratuita"},{"text":"Suporte excepcional"},{"text":"Garantia de reembolso de 14 dias"},{"text":"Desenvolvimento cont\u00ednuo"}],"button_url":"#demo","button_target_blank":"0","button_nofollow":"0","attributes":[{"name":"Instala\u00e7\u00f5es","content":"10,000 - 100,000"},{"name":"Responsivo","content":"Sim"},{"name":"Navegadores compat\u00edveis","content":"IE11, Firefox, Safari, Opera, Chrome, Edge"}],"tags":[],"tags_disable_links":"0","hide_more_platforms":"0","video_object":"","demo_hide_cta":"0","demo_hide_cloud_options":"0","pricing_title":"","pricing":[{"pricing_icon":"platform","pricing_title":"Elfsight Apps","pricing_title_caption":"Solu\u00e7\u00e3o digital multiplataforma","pricing_price":"a partir de US$ 0\/m\u00eas","pricing_price_caption":"comece com plano gratuito","pricing_benefits":[{"text":"Sites ilimitados"},{"text":"Suporte ao cliente r\u00e1pido e bem documentado"},{"text":"Suporte ao cliente r\u00e1pido e bem documentado"},{"text":"Totalmente personaliz\u00e1vel"}],"pricing_button_text":"Adicionar ao site","pricing_button_url":"#demo"}],"related_apps_title":"","related_apps_hidden":"0","author":"","image":[],"title":"","job":"","social_networks":[]},"_links":{"self":[{"href":"https:\/\/elfsight.com\/pt\/wp-json\/wp\/v2\/pages\/7264","targetHints":{"allow":["GET"]}}],"collection":[{"href":"https:\/\/elfsight.com\/pt\/wp-json\/wp\/v2\/pages"}],"about":[{"href":"https:\/\/elfsight.com\/pt\/wp-json\/wp\/v2\/types\/page"}],"author":[{"embeddable":true,"href":"https:\/\/elfsight.com\/pt\/wp-json\/wp\/v2\/users\/9"}],"replies":[{"embeddable":true,"href":"https:\/\/elfsight.com\/pt\/wp-json\/wp\/v2\/comments?post=7264"}],"version-history":[{"count":3,"href":"https:\/\/elfsight.com\/pt\/wp-json\/wp\/v2\/pages\/7264\/revisions"}],"predecessor-version":[{"id":14675,"href":"https:\/\/elfsight.com\/pt\/wp-json\/wp\/v2\/pages\/7264\/revisions\/14675"}],"up":[{"embeddable":true,"href":"https:\/\/elfsight.com\/pt\/wp-json\/wp\/v2\/pages\/1131"}],"wp:attachment":[{"href":"https:\/\/elfsight.com\/pt\/wp-json\/wp\/v2\/media?parent=7264"}],"curies":[{"name":"wp","href":"https:\/\/api.w.org\/{rel}","templated":true}]}}