{"id":7263,"date":"1970-01-01T00:00:00","date_gmt":"1970-01-01T00:00:00","guid":{"rendered":"https:\/\/elfsight.com\/pt\/?page_id=7263"},"modified":"2025-03-23T18:47:51","modified_gmt":"2025-03-23T18:47:51","slug":"prestashop","status":"publish","type":"page","link":"https:\/\/elfsight.com\/pt\/pdf-embed-widget\/prestashop\/","title":{"rendered":"PDF Embed &#8211; PrestaShop"},"content":{"rendered":"\n<div class=\"application-platform-content-item-description application-platform-content-item\" id=\"description\" data-nav-section=\"description\"> <h2>Descri\u00e7\u00e3o<\/h2> <p>Usando o complemento Elfsight PDF Embed, experimente a colagem mais pr\u00e1tica e imediata de seus documentos PDF nas p\u00e1ginas do seu local na rede Internet. Para maior comodidade do usu\u00e1rio, os documentos podem ser integrados apenas por upload, por suas URLs ou escolhendo na lista dos \u00faltimos enviados. Os recursos permitem que voc\u00ea d\u00ea um nome a cada arquivo, carregue seu pr\u00f3prio \u00edcone e imagem, escolha a variante de layout dos arquivos e muito mais. Seu p\u00fablico pode conferir os arquivos direto no site, visualiz\u00e1-los em uma nova aba do navegador e fazer o download. <\/p><p><b>Adicione o PDF Embed para atingir os objetivos do seu neg\u00f3cio de forma mais simples! <\/b><\/p> <\/div> <div class=\"application-platform-content-item-features application-platform-content-item\" id=\"features\" data-nav-section=\"features\"> <h2>Confira a lista dos recursos mais valiosos: <\/h2> <ul><li>Incorpore arquivos PDF para download e visualiza\u00e7\u00e3o <\/li><li>Adicione arquivos ilimitados<\/li><li>Duplicar, clonar, reordenar e excluir seus arquivos<\/li><li>Incorporar por URL, fazendo upload ou escolhendo o arquivo enviado recentemente<\/li><li>Op\u00e7\u00e3o para inserir o nome do arquivo para exibi\u00e7\u00e3o <\/li><li>Tr\u00eas layouts inclu\u00eddos: Grade, Visualizador de Arquivos e Lista<\/li><li>Rolagem, zoom e pagina\u00e7\u00e3o suportados no layout do Visualizador de Arquivos<\/li><li>Op\u00e7\u00e3o para mostrar ou editar o r\u00f3tulo do arquivo de download<\/li><li>Layouts de lista e grade para mostrar \u00edcones e nomes de arquivos<\/li><li>\u00cdcone de arquivo altern\u00e1vel<\/li><li>Op\u00e7\u00e3o para pintar \u00edcone de arquivo<\/li><\/ul><p><a href=\"#demo\">Basta verificar esta demonstra\u00e7\u00e3o para ter uma ideia completa<\/a><\/p> <\/div> <div class=\"application-platform-content-item-installation application-platform-content-item\" id=\"installation\" data-nav-section=\"installation\"> <h2>Como posso adicionar PDF Embed ao meu site PrestaShop? <\/h2> <p>Basta seguir v\u00e1rias etapas descritas abaixo para incorporar a ferramenta. <\/p> <ol><li><b>Execute nosso configurador gratuito e comece a formar seu addon personalizado. <\/b><br> Escolha a forma e as caracter\u00edsticas adequadas da ferramenta e aplique as modifica\u00e7\u00f5es. <\/li> <li><b>Obtenha o c\u00f3digo pessoal que aparece no formul\u00e1rio especial nas aplica\u00e7\u00f5es Elfsight. <\/b><br> Quando a cria\u00e7\u00e3o do seu addon for conclu\u00edda, copie o c\u00f3digo exclusivo da janela exibida e guarde-o para futuras ocasi\u00f5es. <\/li> <li><b>Inicie o uso da ferramenta no seu site PrestaShop. <\/b><br> Cole o c\u00f3digo salvo anteriormente em sua p\u00e1gina inicial e aplique as melhorias. <\/li> <li><b>A configura\u00e7\u00e3o est\u00e1 totalmente conclu\u00edda. <\/b><br> Acesse sua p\u00e1gina para ver como a ferramenta est\u00e1 funcionando. <\/li><\/ol> <p>Caso tenha d\u00favidas ou tenha alguma dificuldade, entre em contato com nossa equipe de atendimento ao cliente. Nosso pessoal ter\u00e1 prazer em resolver todos os problemas que voc\u00ea possa ter com o produto. <\/p> <div class=\"faq\" data-component=\"FAQ\"><div class=\"faq-item\">\r\n\t\t\t\t\t<div class=\"faq-item-question\">\r\n\t\t\t\t\t\t<h3 class=\"faq-item-question-text\">Como incorporar o PDF Embed na minha p\u00e1gina PrestaShop sem conhecimentos de codifica\u00e7\u00e3o?<\/h3>\r\n\r\n\t\t\t\t\t\t<div class=\"faq-item-question-icon\"><\/div>\r\n\t\t\t\t\t<\/div>\r\n\r\n\t\t\t\t\t<div class=\"faq-item-answer\">\r\n\t\t\t\t\t\t<div class=\"faq-item-answer-text\"> \n<p>A Elfsight fornece uma solu\u00e7\u00e3o SaaS que permite ao utilizador criar voc\u00ea mesmo uma sec\u00e7\u00e3o do PDF Embed, descobrir os passos simples: V\u00e1 para o Editor ao vivo para criar um plugin de PDF Embed que voc\u00ea gostaria de ver em seu PrestaShop. Selecione um dos modelos predefinidos e altere as configura\u00e7\u00f5es do PDF Viewer, mude o layout e o esquema de cores e atualize seu conte\u00fado, sem habilidades de codifica\u00e7\u00e3o. Salve o PDF Embed e copie o c\u00f3digo de instala\u00e7\u00e3o, que pode ser adicionado gratuitamente em qualquer p\u00e1gina do PrestaShop. Usando nosso configurador simples, qualquer usu\u00e1rio da Internet pode criar um widget de PDF Embed on-line e incorpor\u00e1-lo prontamente em qualquer p\u00e1gina da PrestaShop. N\u00e3o \u00e9 necess\u00e1rio pagar ou divulgar as credenciais do seu cart\u00e3o para acessar nosso Editor. Se voc\u00ea encontrar algum problema em qualquer etapa, sinta-se \u00e0 vontade para falar com nossa equipe de suporte t\u00e9cnico.<\/p> \n<\/div>\r\n\t\t\t\t\t<\/div>\r\n\t\t\t\t<\/div> <\/div>\n<\/div>\n","protected":false},"excerpt":{"rendered":"","protected":false},"author":9,"featured_media":0,"parent":1131,"menu_order":0,"comment_status":"closed","ping_status":"closed","template":"templates\/template-application-platform.php","meta":{"publish_to_discourse":"","publish_post_category":"","wpdc_auto_publish_overridden":"","wpdc_topic_tags":"","wpdc_pin_topic":"","wpdc_pin_until":"","discourse_post_id":"","discourse_permalink":"","wpdc_publishing_response":"","wpdc_publishing_error":"","footnotes":""},"class_list":["post-7263","page","type-page","status-publish","hentry"],"yoast_head":"<!-- This site is optimized with the Yoast SEO plugin v25.3.1 - https:\/\/yoast.com\/wordpress\/plugins\/seo\/ -->\n<title>Visualizador de PDF - Incorpore complemento de PDF no site PrestaShop (em 2 minutos)<\/title>\n<meta name=\"description\" content=\"Com a Elfsight, crie o seu complemento PDF Viewer e incorpore-o no seu site PrestaShop de forma r\u00e1pida e f\u00e1cil. Suporte gratuito ao cliente e mais b\u00f4nus aqui.\" \/>\n<meta name=\"robots\" content=\"index, follow, max-snippet:-1, max-image-preview:large, max-video-preview:-1\" \/>\n<link rel=\"canonical\" href=\"https:\/\/elfsight.com\/pt\/pdf-embed-widget\/prestashop\/\" \/>\n<meta property=\"og:locale\" content=\"pt_PT\" \/>\n<meta property=\"og:type\" content=\"article\" \/>\n<meta property=\"og:title\" content=\"Visualizador de PDF - Incorpore complemento de PDF no site PrestaShop (em 2 minutos)\" \/>\n<meta property=\"og:description\" content=\"Com a Elfsight, crie o seu complemento PDF Viewer e incorpore-o no seu site PrestaShop de forma r\u00e1pida e f\u00e1cil. Suporte gratuito ao cliente e mais b\u00f4nus aqui.\" \/>\n<meta property=\"og:url\" content=\"https:\/\/elfsight.com\/pt\/pdf-embed-widget\/prestashop\/\" \/>\n<meta property=\"og:site_name\" content=\"Elfsight PT\" \/>\n<meta property=\"article:modified_time\" content=\"2025-03-23T18:47:51+00:00\" \/>\n<meta name=\"twitter:card\" content=\"summary_large_image\" \/>\n<meta name=\"twitter:label1\" content=\"Tempo estimado de leitura\" \/>\n\t<meta name=\"twitter:data1\" content=\"3 minutos\" \/>\n<!-- \/ Yoast SEO plugin. -->","yoast_head_json":{"title":"Visualizador de PDF - Incorpore complemento de PDF no site PrestaShop (em 2 minutos)","description":"Com a Elfsight, crie o seu complemento PDF Viewer e incorpore-o no seu site PrestaShop de forma r\u00e1pida e f\u00e1cil. Suporte gratuito ao cliente e mais b\u00f4nus aqui.","robots":{"index":"index","follow":"follow","max-snippet":"max-snippet:-1","max-image-preview":"max-image-preview:large","max-video-preview":"max-video-preview:-1"},"canonical":"https:\/\/elfsight.com\/pt\/pdf-embed-widget\/prestashop\/","og_locale":"pt_PT","og_type":"article","og_title":"Visualizador de PDF - Incorpore complemento de PDF no site PrestaShop (em 2 minutos)","og_description":"Com a Elfsight, crie o seu complemento PDF Viewer e incorpore-o no seu site PrestaShop de forma r\u00e1pida e f\u00e1cil. Suporte gratuito ao cliente e mais b\u00f4nus aqui.","og_url":"https:\/\/elfsight.com\/pt\/pdf-embed-widget\/prestashop\/","og_site_name":"Elfsight PT","article_modified_time":"2025-03-23T18:47:51+00:00","twitter_card":"summary_large_image","twitter_misc":{"Tempo estimado de leitura":"3 minutos"},"schema":{"@context":"https:\/\/schema.org","@graph":[{"@type":"WebPage","@id":"https:\/\/elfsight.com\/pt\/pdf-embed-widget\/prestashop\/","url":"https:\/\/elfsight.com\/pt\/pdf-embed-widget\/prestashop\/","name":"Visualizador de PDF - Incorpore complemento de PDF no site PrestaShop (em 2 minutos)","isPartOf":{"@id":"https:\/\/elfsight.com\/pt\/#website"},"datePublished":"1970-01-01T00:00:00+00:00","dateModified":"2025-03-23T18:47:51+00:00","description":"Com a Elfsight, crie o seu complemento PDF Viewer e incorpore-o no seu site PrestaShop de forma r\u00e1pida e f\u00e1cil. Suporte gratuito ao cliente e mais b\u00f4nus aqui.","breadcrumb":{"@id":"https:\/\/elfsight.com\/pt\/pdf-embed-widget\/prestashop\/#breadcrumb"},"inLanguage":"pt-PT","potentialAction":[{"@type":"ReadAction","target":["https:\/\/elfsight.com\/pt\/pdf-embed-widget\/prestashop\/"]}]},{"@type":"BreadcrumbList","@id":"https:\/\/elfsight.com\/pt\/pdf-embed-widget\/prestashop\/#breadcrumb","itemListElement":[{"@type":"ListItem","position":1,"name":"Home","item":"https:\/\/elfsight.com\/pt\/"},{"@type":"ListItem","position":2,"name":"PDF Embed","item":"https:\/\/elfsight.com\/pt\/pdf-embed-widget\/"},{"@type":"ListItem","position":3,"name":"PDF Embed &#8211; PrestaShop"}]},{"@type":"WebSite","@id":"https:\/\/elfsight.com\/pt\/#website","url":"https:\/\/elfsight.com\/pt\/","name":"Elfsight PT","description":"Just another Elfsight Sites site","potentialAction":[{"@type":"SearchAction","target":{"@type":"EntryPoint","urlTemplate":"https:\/\/elfsight.com\/pt\/?s={search_term_string}"},"query-input":{"@type":"PropertyValueSpecification","valueRequired":true,"valueName":"search_term_string"}}],"inLanguage":"pt-PT"}]}},"meta_box":{"industry":"","seo_heading":"","heading":"","description":"","cta_heading":"","cta_description":"","application":"1130","h1":"Complemento de incorpora\u00e7\u00e3o de PDF PrestaShop","h1_caption":"A maneira mais r\u00e1pida de colar documentos PDF nas p\u00e1ginas do site para verifica\u00e7\u00e3o e download r\u00e1pidos","application_category":[],"applications_title":"","applications_request_title":"","applications_request_button_text":"","hero_text":"","hero_video":"","hero_video_schema_markup":"","selling_points_title":"","selling_points_caption":"","selling_points":[],"selling_points_cta_text":"","features_title":"","features":"","ed_cta_examples_text":"","ed_cta_examples_hidden":"","ed_cta_demo_text":"","ed_cta_demo_hidden":"","why_caption":"","why_editor_title":"","why_editor_text":"","why_team_title":"","why_team_text":"","why_service_title":"","why_service_text":"","template_catalog_visible":"0","template_catalog_title":"","template_catalog_text":"","template_catalog_categories_visible":"","demo_title":"Crie seu complemento PDF Embed","demo_caption":"Configure seu PDF Embed e adicione-o ao seu site PrestaShop gratuitamente!","default_faq_hidden":"","app_template_category":[],"platform":"5343","template_public_id":"","codecanyon_url":"","codecanyon_item_id":"","codecanyon_price":"","pricing_caption":"","pricing_elfsight_apps_hide_column":"","pricing_elfsight_apps_url":"","pricing_codecanyon_price_caption":"","integration_category":[],"integration_request_title":"","integration_request_cta":"","integration_platform":"","integrations":[],"platform_category":[],"video_schema_markup":"","price":"a partir de US$ 0\/m\u00eas","trial":"","benefits":[{"text":"Servi\u00e7o de instala\u00e7\u00e3o gratuito"},{"text":"Suporte ao cliente experiente"},{"text":"Garantia de reembolso de 14 dias"},{"text":"Melhorias ao longo da vida"}],"button_url":"#demo","button_target_blank":"0","button_nofollow":"0","attributes":[{"name":"Instala\u00e7\u00f5es","content":"10,000 - 100,000"},{"name":"Responsivo","content":"Sim"},{"name":"Navegadores compat\u00edveis","content":"Firefox, Safari, Opera, Chrome, Edge"}],"tags":[],"tags_disable_links":"0","hide_more_platforms":"0","video_object":"","demo_hide_cta":"0","demo_hide_cloud_options":"0","pricing_title":"","pricing":[{"pricing_icon":"platform","pricing_title":"Elfsight Apps","pricing_title_caption":"Vers\u00e3o multiplataforma adequada para qualquer site","pricing_price":"a partir de US$ 0\/m\u00eas","pricing_price_caption":"comece com um plano gratuito","pricing_benefits":[{"text":"Sites ilimitados"},{"text":"Suporte dedicado ao cliente"},{"text":"Suporte dedicado ao cliente"},{"text":"100% personaliz\u00e1vel"}],"pricing_button_text":"Adicionar ao site","pricing_button_url":"#demo"}],"related_apps_title":"","related_apps_hidden":"0","author":"","image":[],"title":"","job":"","social_networks":[]},"_links":{"self":[{"href":"https:\/\/elfsight.com\/pt\/wp-json\/wp\/v2\/pages\/7263","targetHints":{"allow":["GET"]}}],"collection":[{"href":"https:\/\/elfsight.com\/pt\/wp-json\/wp\/v2\/pages"}],"about":[{"href":"https:\/\/elfsight.com\/pt\/wp-json\/wp\/v2\/types\/page"}],"author":[{"embeddable":true,"href":"https:\/\/elfsight.com\/pt\/wp-json\/wp\/v2\/users\/9"}],"replies":[{"embeddable":true,"href":"https:\/\/elfsight.com\/pt\/wp-json\/wp\/v2\/comments?post=7263"}],"version-history":[{"count":2,"href":"https:\/\/elfsight.com\/pt\/wp-json\/wp\/v2\/pages\/7263\/revisions"}],"predecessor-version":[{"id":14674,"href":"https:\/\/elfsight.com\/pt\/wp-json\/wp\/v2\/pages\/7263\/revisions\/14674"}],"up":[{"embeddable":true,"href":"https:\/\/elfsight.com\/pt\/wp-json\/wp\/v2\/pages\/1131"}],"wp:attachment":[{"href":"https:\/\/elfsight.com\/pt\/wp-json\/wp\/v2\/media?parent=7263"}],"curies":[{"name":"wp","href":"https:\/\/api.w.org\/{rel}","templated":true}]}}