{"id":7256,"date":"1970-01-01T00:00:00","date_gmt":"1970-01-01T00:00:00","guid":{"rendered":"https:\/\/elfsight.com\/pt\/?page_id=7256"},"modified":"2024-11-13T12:11:35","modified_gmt":"2024-11-13T12:11:35","slug":"blogger","status":"publish","type":"page","link":"https:\/\/elfsight.com\/pt\/paypal-button-widget-generator\/blogger\/","title":{"rendered":"PayPal Button &#8211; Blogger"},"content":{"rendered":"<div class=\"application-platform-content-item-description application-platform-content-item\" id=\"description\" data-nav-section=\"description\"><h2>Descri\u00e7\u00e3o<\/h2><p>O bot\u00e3o PayPal da Elfsight oferece uma forma descomplicada de permitir que os seus utilizadores paguem atrav\u00e9s do PayPal no seu site. Permite adicionar bot\u00f5es para checkouts, assinaturas recorrentes e doa\u00e7\u00f5es. Voc\u00ea pode introduzir impostos e pre\u00e7o de frete, escolher localiza\u00e7\u00e3o e moeda, mostrar call to action e muito mais. Inicie um sistema de pagamento tranquilo para seus clientes em qualquer lugar, usando uma das ferramentas de pagamento mais confi\u00e1veis.<\/p><p><b>Aproveite todas as vantagens do PayPal para seus usu\u00e1rios e para voc\u00ea mesmo!<\/b> <\/p><p><b>Uma ferramenta de pagamento eficaz em seu site, sem codifica\u00e7\u00e3o e em pouco tempo<\/b>.<br>Os clientes apreciam o pagamento f\u00e1cil em um site. Crie o seu pr\u00f3prio bot\u00e3o de doa\u00e7\u00e3o ou pagamento do PayPal usando a Elfsight e voc\u00ea conceder\u00e1 um instrumento de pagamento r\u00e1pido e confi\u00e1vel para sua clientela. Sem codifica\u00e7\u00e3o, sem esfor\u00e7o.<\/p><p><b>Uma ferramenta universal para receber pagamentos, assinaturas e doa\u00e7\u00f5es<\/b>.<br>Tendo apenas uma ferramenta da Elfsight, voc\u00ea desfrutar\u00e1 da liberdade de criar bot\u00f5es para os usu\u00e1rios pagarem, assinarem e doarem em seu site. Economize tempo e esfor\u00e7o e obtenha uma solu\u00e7\u00e3o universal, que oferece um conjunto de op\u00e7\u00f5es.<\/p><p><b>Uma das solu\u00e7\u00f5es de pagamento mais conceituadas e conhecidas em seu site<\/b>.<br> \u00c9 fundamental integrar uma das solu\u00e7\u00f5es de pagamento mais confi\u00e1veis \u200b\u200be populares ao seu site. E gra\u00e7as ao bot\u00e3o PayPal da Elfsight, isso \u00e9 feito em segundos.<\/p><\/div><div class=\"application-platform-content-item-features application-platform-content-item\" id=\"features\" data-nav-section=\"features\"><h2>Recursos<\/h2><p>Veja por que o widget PayPal da Elfsight \u00e9 o melhor. Aqui est\u00e3o seus recursos \u00fateis:<\/p><ul><li>Definir a localiza\u00e7\u00e3o do seu bot\u00e3o a partir da lista predefinida de pa\u00edses;<\/li><li>Duas variantes de indica\u00e7\u00e3o de imposto: fixa ou percentual;<\/li><li>Responsivo tamanho para uma apar\u00eancia ideal em qualquer dispositivo;<\/li><li>Texto e cor do texto do bot\u00e3o ajust\u00e1veis;<\/li><li>Mostrar ou ocultar o \u00edcone do PayPal.<\/li><\/ul><p>Confira todas as vantagens na demonstra\u00e7\u00e3o ao vivo<\/p><\/div><div class=\"application-platform-content-item-installation application-platform-content-item\" id=\"installation\" data-nav-section=\"installation\"><h2>Como adicionar o bot\u00e3o do PayPal ao site do Blogger<\/h2><div class=\"video-container\"><iframe width=\"720\" height=\"405\" src=\"https:\/\/www.youtube.com\/embed\/mS4si8cp9SE\" frameborder=\"0\" allowfullscreen=\"\"><\/iframe><\/div><p>Instru\u00e7\u00f5es r\u00e1pidas sobre incorpora\u00e7\u00e3o e cria\u00e7\u00e3o o widget de doa\u00e7\u00e3o, assinatura ou pagamento sem compet\u00eancia em desenvolvimento web. Voc\u00ea n\u00e3o precisar\u00e1 de mais de 3 minutos para faz\u00ea-lo.<\/p><ol><li><b>Crie seu bot\u00e3o exclusivo.<\/b><br>Por meio de nosso editor gratuito, crie um plugin com o layout desejado e tipo de pagamento.<\/li><li><b>Copie o c\u00f3digo para configurar o plugin.<\/b><br>Depois de configurar o widget, adquira o c\u00f3digo para ele na janela exibida na Elfsight Aplicativos.<\/li><li><b>Mostre o plugin em seu site.<\/b><br>Exiba o PayPal no local desejado do site e salve as edi\u00e7\u00f5es.<\/li><li><b> Pronto!<\/b><br>Visite seu site do Blogger para verificar seu plug-in.<\/li><\/ol><p>Est\u00e1 tendo problemas para projetar ou adicionar o plug-in ao seu site? Entre em contato com nossa central de ajuda.<\/p><div class=\"faq\" data-component=\"FAQ\"> <div class=\"faq-item\">\r\n\t\t\t\t\t<div class=\"faq-item-question\">\r\n\t\t\t\t\t\t<h3 class=\"faq-item-question-text\">Como posso adicionar um bot\u00e3o do PayPal ao meu site do Blogger sem conhecimentos de codifica\u00e7\u00e3o?<\/h3>\r\n\r\n\t\t\t\t\t\t<div class=\"faq-item-question-icon\"><\/div>\r\n\t\t\t\t\t<\/div>\r\n\r\n\t\t\t\t\t<div class=\"faq-item-answer\">\r\n\t\t\t\t\t\t<div class=\"faq-item-answer-text\"> <p>A Elfsight fornece uma solu\u00e7\u00e3o SaaS que permite criar um Widget de bot\u00e3o do PayPal, veja como o processo \u00e9 f\u00e1cil: Trabalhe diretamente no Editor on-line para criar um widget de bot\u00e3o do PayPal que voc\u00ea gostaria de ver em seu site do Blogger. Escolha um dos modelos predefinidos e ajuste as configura\u00e7\u00f5es do bot\u00e3o do PayPal, adicione seu conte\u00fado, altere o layout e o esquema de cores sem nenhuma habilidade de codifica\u00e7\u00e3o. Salve o bot\u00e3o do PayPal e copie seu c\u00f3digo de instala\u00e7\u00e3o, que voc\u00ea pode incluir facilmente no site do Blogger sem comprar uma assinatura paga. Com nosso editor intuitivo, qualquer usu\u00e1rio da Internet pode criar um widget de bot\u00e3o do PayPal online e incorpor\u00e1-lo facilmente ao site do Blogger. N\u00e3o h\u00e1 necessidade de pagar ou inserir as credenciais do seu cart\u00e3o para acessar o servi\u00e7o. Se voc\u00ea enfrentar qualquer problema em qualquer etapa, n\u00e3o hesite em entrar em contato com nossa equipe de suporte t\u00e9cnico.<\/p> <\/div>\r\n\t\t\t\t\t<\/div>\r\n\t\t\t\t<\/div> <\/div> <\/div><!-- wp:par\u00e1grafo --><p><\/p><!-- \/wp:par\u00e1grafo -->","protected":false},"excerpt":{"rendered":"","protected":false},"author":9,"featured_media":0,"parent":1038,"menu_order":0,"comment_status":"closed","ping_status":"closed","template":"templates\/template-application-platform.php","meta":{"publish_to_discourse":"","publish_post_category":"","wpdc_auto_publish_overridden":"","wpdc_topic_tags":"","wpdc_pin_topic":"","wpdc_pin_until":"","discourse_post_id":"","discourse_permalink":"","wpdc_publishing_response":"","wpdc_publishing_error":"","footnotes":""},"class_list":["post-7256","page","type-page","status-publish","hentry"],"yoast_head":"<!-- This site is optimized with the Yoast SEO plugin v25.3.1 - https:\/\/yoast.com\/wordpress\/plugins\/seo\/ -->\n<title>Bot\u00e3o PayPal - Adicionar widget do PayPal ao site do Blogger (em 2 minutos)<\/title>\n<meta name=\"description\" content=\"Configure o bot\u00e3o PayPal (doa\u00e7\u00e3o, assinatura ou pagamento) no site do Blogger. Cria\u00e7\u00e3o r\u00e1pida e f\u00e1cil de v\u00e1rios plugins de sites pela Elfsight.\" \/>\n<meta name=\"robots\" content=\"index, follow, max-snippet:-1, max-image-preview:large, max-video-preview:-1\" \/>\n<link rel=\"canonical\" href=\"https:\/\/elfsight.com\/pt\/paypal-button-widget-generator\/blogger\/\" \/>\n<meta property=\"og:locale\" content=\"pt_PT\" \/>\n<meta property=\"og:type\" content=\"article\" \/>\n<meta property=\"og:title\" content=\"Bot\u00e3o PayPal - Adicionar widget do PayPal ao site do Blogger (em 2 minutos)\" \/>\n<meta property=\"og:description\" content=\"Configure o bot\u00e3o PayPal (doa\u00e7\u00e3o, assinatura ou pagamento) no site do Blogger. Cria\u00e7\u00e3o r\u00e1pida e f\u00e1cil de v\u00e1rios plugins de sites pela Elfsight.\" \/>\n<meta property=\"og:url\" content=\"https:\/\/elfsight.com\/pt\/paypal-button-widget-generator\/blogger\/\" \/>\n<meta property=\"og:site_name\" content=\"Elfsight PT\" \/>\n<meta property=\"article:modified_time\" content=\"2024-11-13T12:11:35+00:00\" \/>\n<meta name=\"twitter:card\" content=\"summary_large_image\" \/>\n<meta name=\"twitter:label1\" content=\"Tempo estimado de leitura\" \/>\n\t<meta name=\"twitter:data1\" content=\"4 minutos\" \/>\n<!-- \/ Yoast SEO plugin. -->","yoast_head_json":{"title":"Bot\u00e3o PayPal - Adicionar widget do PayPal ao site do Blogger (em 2 minutos)","description":"Configure o bot\u00e3o PayPal (doa\u00e7\u00e3o, assinatura ou pagamento) no site do Blogger. Cria\u00e7\u00e3o r\u00e1pida e f\u00e1cil de v\u00e1rios plugins de sites pela Elfsight.","robots":{"index":"index","follow":"follow","max-snippet":"max-snippet:-1","max-image-preview":"max-image-preview:large","max-video-preview":"max-video-preview:-1"},"canonical":"https:\/\/elfsight.com\/pt\/paypal-button-widget-generator\/blogger\/","og_locale":"pt_PT","og_type":"article","og_title":"Bot\u00e3o PayPal - Adicionar widget do PayPal ao site do Blogger (em 2 minutos)","og_description":"Configure o bot\u00e3o PayPal (doa\u00e7\u00e3o, assinatura ou pagamento) no site do Blogger. Cria\u00e7\u00e3o r\u00e1pida e f\u00e1cil de v\u00e1rios plugins de sites pela Elfsight.","og_url":"https:\/\/elfsight.com\/pt\/paypal-button-widget-generator\/blogger\/","og_site_name":"Elfsight PT","article_modified_time":"2024-11-13T12:11:35+00:00","twitter_card":"summary_large_image","twitter_misc":{"Tempo estimado de leitura":"4 minutos"},"schema":{"@context":"https:\/\/schema.org","@graph":[{"@type":"WebPage","@id":"https:\/\/elfsight.com\/pt\/paypal-button-widget-generator\/blogger\/","url":"https:\/\/elfsight.com\/pt\/paypal-button-widget-generator\/blogger\/","name":"Bot\u00e3o PayPal - Adicionar widget do PayPal ao site do Blogger (em 2 minutos)","isPartOf":{"@id":"https:\/\/elfsight.com\/pt\/#website"},"datePublished":"1970-01-01T00:00:00+00:00","dateModified":"2024-11-13T12:11:35+00:00","description":"Configure o bot\u00e3o PayPal (doa\u00e7\u00e3o, assinatura ou pagamento) no site do Blogger. Cria\u00e7\u00e3o r\u00e1pida e f\u00e1cil de v\u00e1rios plugins de sites pela Elfsight.","breadcrumb":{"@id":"https:\/\/elfsight.com\/pt\/paypal-button-widget-generator\/blogger\/#breadcrumb"},"inLanguage":"pt-PT","potentialAction":[{"@type":"ReadAction","target":["https:\/\/elfsight.com\/pt\/paypal-button-widget-generator\/blogger\/"]}]},{"@type":"BreadcrumbList","@id":"https:\/\/elfsight.com\/pt\/paypal-button-widget-generator\/blogger\/#breadcrumb","itemListElement":[{"@type":"ListItem","position":1,"name":"Home","item":"https:\/\/elfsight.com\/pt\/"},{"@type":"ListItem","position":2,"name":"PayPal Button","item":"https:\/\/elfsight.com\/pt\/paypal-button-widget-generator\/"},{"@type":"ListItem","position":3,"name":"PayPal Button &#8211; Blogger"}]},{"@type":"WebSite","@id":"https:\/\/elfsight.com\/pt\/#website","url":"https:\/\/elfsight.com\/pt\/","name":"Elfsight PT","description":"Just another Elfsight Sites site","potentialAction":[{"@type":"SearchAction","target":{"@type":"EntryPoint","urlTemplate":"https:\/\/elfsight.com\/pt\/?s={search_term_string}"},"query-input":{"@type":"PropertyValueSpecification","valueRequired":true,"valueName":"search_term_string"}}],"inLanguage":"pt-PT"}]}},"meta_box":{"industry":"","seo_heading":"","heading":"","description":"","cta_heading":"","cta_description":"","application":"1383","h1":"Widget do bot\u00e3o PayPal do Blogger","h1_caption":"Aceite pagamentos \u00fanicos, assinaturas e doa\u00e7\u00f5es em seu site atrav\u00e9s do PayPal","application_category":[],"applications_title":"","applications_request_title":"","applications_request_button_text":"","hero_text":"","hero_video":"","hero_video_schema_markup":"","selling_points_title":"","selling_points_caption":"","selling_points":[],"selling_points_cta_text":"","features_title":"","features":"","ed_cta_examples_text":"","ed_cta_examples_hidden":"","ed_cta_demo_text":"","ed_cta_demo_hidden":"","why_caption":"","why_editor_title":"","why_editor_text":"","why_team_title":"","why_team_text":"","why_service_title":"","why_service_text":"","template_catalog_visible":"","template_catalog_title":"","template_catalog_text":"","template_catalog_categories_visible":"","demo_title":"Crie seu widget de bot\u00e3o do PayPal","demo_caption":"Configure seu bot\u00e3o PayPal e adicione-o ao site do Blogger gratuitamente!","default_faq_hidden":"","app_template_category":[],"platform":"46","template_public_id":"","codecanyon_url":"","codecanyon_item_id":"","codecanyon_price":"","pricing_caption":"","pricing_elfsight_apps_hide_column":"","pricing_elfsight_apps_url":"","pricing_codecanyon_price_caption":"","integration_category":[],"integration_request_title":"","integration_request_cta":"","integration_platform":"","integrations":[],"platform_category":[],"video_schema_markup":"","price":"a partir de US$ 0\/m\u00eas","trial":"","benefits":[{"text":"Ajuda de instala\u00e7\u00e3o gratuita"},{"text":"Suporte premium"},{"text":"Atendimento ao cliente profissional"},{"text":"Melhorias futuras"}],"button_url":"#demo","button_target_blank":"","button_nofollow":"","attributes":[{"name":"Instala\u00e7\u00f5es","content":"10,000 - 100,000"},{"name":"Responsivo","content":"Sim"},{"name":"Navegadores compat\u00edveis","content":" Firefox, Safari, Opera, Chrome, Edge"}],"tags":[],"tags_disable_links":"","hide_more_platforms":"","video_object":"","demo_hide_cta":"","demo_hide_cloud_options":"","pricing_title":"","pricing":[{"pricing_icon":"platform","pricing_title":"Elfsight Apps","pricing_title_caption":"Solu\u00e7\u00e3o digital independente de plataforma adequada para qualquer site","pricing_price":"a partir de US$ 0\/m\u00eas","pricing_price_caption":"comece com um plano gratuito","pricing_benefits":[{"text":"Sites ilimitados"},{"text":"Suporte gratuito, pontual e bem documentado"},{"text":"Suporte gratuito, pontual e bem documentado"},{"text":"100% personaliz\u00e1vel"}],"pricing_button_text":"Adicionar ao site","pricing_button_url":"#demo"}],"related_apps_title":"","related_apps_hidden":"","author":"","image":[],"title":"","job":"","social_networks":[]},"_links":{"self":[{"href":"https:\/\/elfsight.com\/pt\/wp-json\/wp\/v2\/pages\/7256","targetHints":{"allow":["GET"]}}],"collection":[{"href":"https:\/\/elfsight.com\/pt\/wp-json\/wp\/v2\/pages"}],"about":[{"href":"https:\/\/elfsight.com\/pt\/wp-json\/wp\/v2\/types\/page"}],"author":[{"embeddable":true,"href":"https:\/\/elfsight.com\/pt\/wp-json\/wp\/v2\/users\/9"}],"replies":[{"embeddable":true,"href":"https:\/\/elfsight.com\/pt\/wp-json\/wp\/v2\/comments?post=7256"}],"version-history":[{"count":2,"href":"https:\/\/elfsight.com\/pt\/wp-json\/wp\/v2\/pages\/7256\/revisions"}],"predecessor-version":[{"id":12025,"href":"https:\/\/elfsight.com\/pt\/wp-json\/wp\/v2\/pages\/7256\/revisions\/12025"}],"up":[{"embeddable":true,"href":"https:\/\/elfsight.com\/pt\/wp-json\/wp\/v2\/pages\/1038"}],"wp:attachment":[{"href":"https:\/\/elfsight.com\/pt\/wp-json\/wp\/v2\/media?parent=7256"}],"curies":[{"name":"wp","href":"https:\/\/api.w.org\/{rel}","templated":true}]}}