{"id":7255,"date":"1970-01-01T00:00:00","date_gmt":"1970-01-01T00:00:00","guid":{"rendered":"https:\/\/elfsight.com\/pt\/?page_id=7255"},"modified":"2024-11-13T12:11:35","modified_gmt":"2024-11-13T12:11:35","slug":"drupal","status":"publish","type":"page","link":"https:\/\/elfsight.com\/pt\/paypal-button-widget-generator\/drupal\/","title":{"rendered":"PayPal Button &#8211; Drupal"},"content":{"rendered":"<div class=\"application-platform-content-item-description application-platform-content-item\" id=\"description\" data-nav-section=\"description\"><h2>Descri\u00e7\u00e3o<\/h2><p>O bot\u00e3o PayPal da Elfsight oferece uma forma descomplicada de permitir que os seus clientes paguem com PayPal num website. Ele permite a exibi\u00e7\u00e3o de bot\u00f5es para checkouts, assinaturas autom\u00e1ticas e doa\u00e7\u00f5es. \u00c9 f\u00e1cil incluir impostos e pre\u00e7o de envio, escolher localiza\u00e7\u00e3o e moeda, demonstrar mensagem e muito mais op\u00e7\u00f5es. Organize um processo de pagamento simples e seguro para seus usu\u00e1rios usando um dos m\u00e9todos de pagamento mais comprovados em pouco tempo.<\/p><p><b>Permita que seus clientes fa\u00e7am pagamentos via PayPal em seu site e aumente as vendas!<\/b><\/p><p><b>Um processo de pagamento popular em seu site sem codifica\u00e7\u00e3o e em pouco tempo<\/b>.<br>\u00c9 um dos pontos-chave para uma empresa pr\u00f3spera oferecer \u00e0 sua clientela pagamentos on-line f\u00e1ceis . Coloque o bot\u00e3o PayPal da Elfsight no seu site e voc\u00ea far\u00e1 isso facilmente e rapidamente.<\/p><p><b>Uma ferramenta \u00fanica para processar pagamentos, assinaturas e doa\u00e7\u00f5es<\/b>.<br>Ative seu compradores para finalizar a compra, assinar suas ofertas e doar. Tudo est\u00e1 dispon\u00edvel num instrumento universal da Elfsight para o ajudar a poupar tempo e dinheiro.<\/p><p><b>Uma das solu\u00e7\u00f5es de pagamento mais seguras e conhecidas no seu site<\/b>.<br> \u00c9 obrigat\u00f3rio integrar uma das variantes pagantes mais conceituadas e difundidas em seu site. Com o Elfsight PayPal Button, \u00e9 uma quest\u00e3o de segundos.<\/p><\/div><div class=\"application-platform-content-item-features application-platform-content-item\" id=\"features\" data-nav-section=\"features\"><h2>Recursos<\/h2><p>Veja por que o widget PayPal da Elfsight \u00e9 um dos melhores, aqui s\u00e3o seus recursos poderosos:<\/p><ul><li>Op\u00e7\u00e3o para adicionar o nome do produto;<\/li><li>Definir seu intervalo de faturamento personalizado, escolhendo o ciclo e o per\u00edodo de faturamento, por exemplo, a cada tr\u00eas meses;<\/li><li>Voc\u00ea pode alterar o tamanho do bot\u00e3o usando uma barra deslizante pr\u00e1tica;<\/li><li>Cor do logotipo do PayPal: original ou branco;<\/li><li>Op\u00e7\u00e3o para direcionar um cliente para uma p\u00e1gina de agradecimento personalizada ap\u00f3s um transa\u00e7\u00e3o bem-sucedida.<\/li><\/ul><p>Experimente os principais recursos do widget em nossa demonstra\u00e7\u00e3o<\/p><\/div><div class=\"application-platform-content-item-installation application-platform-content-item\" id=\"installation\" data-nav-section=\"installation\"><h2>Como adicionar o m\u00f3dulo do bot\u00e3o PayPal ao site Drupal<\/h2><div class=\"video-container\"><iframe width=\"720\" height=\"405\" src=\"https:\/\/www.youtube.com\/embed\/JM24ZxgrO-A\" frameborder=\"0\" allowfullscreen=\"\"><\/iframe><\/div><p>Basta seguir as orienta\u00e7\u00f5es abaixo para ativar o m\u00f3dulo no Drupal.<\/p> <ol><li><b>Inicie nosso editor gratuito e comece a formar seu PayPal personalizado M\u00f3dulo de bot\u00e3o. <\/b><br> Especifique a forma e funcionalidade desejadas do plugin e aplique as corre\u00e7\u00f5es. <\/li> <li><b>Adquira o seu c\u00f3digo pessoal revelado no formul\u00e1rio especial nas Apps Elfsight. <\/b><br> Ap\u00f3s a gera\u00e7\u00e3o do seu widget pessoal, copie o c\u00f3digo pessoal na janela exibida e guarde-o para uso futuro. <\/li> <li><b>Inscreva-se usando o plugin em seu site Drupal. <\/b><br> Integre o c\u00f3digo copiado recentemente em sua p\u00e1gina e aplique as edi\u00e7\u00f5es. <\/li> <li><b>Conclu\u00eddo! A incorpora\u00e7\u00e3o foi realizada com sucesso. <\/b><br> Visite sua p\u00e1gina para examinar o desempenho do m\u00f3dulo. <\/li><\/ol><p>Est\u00e1 tendo problemas com a instala\u00e7\u00e3o ou personaliza\u00e7\u00e3o do plugin? Contacte o nosso centro de ajuda.<\/p><div class=\"faq\" data-component=\"FAQ\"> <div class=\"faq-item\">\r\n\t\t\t\t\t<div class=\"faq-item-question\">\r\n\t\t\t\t\t\t<h3 class=\"faq-item-question-text\">Como adicionar um bot\u00e3o PayPal ao meu site Drupal sem conhecimentos de codifica\u00e7\u00e3o?<\/h3>\r\n\r\n\t\t\t\t\t\t<div class=\"faq-item-question-icon\"><\/div>\r\n\t\t\t\t\t<\/div>\r\n\r\n\t\t\t\t\t<div class=\"faq-item-answer\">\r\n\t\t\t\t\t\t<div class=\"faq-item-answer-text\"> <p>A Elfsight fornece uma solu\u00e7\u00e3o SaaS que lhe permite criar voc\u00ea mesmo um widget de bot\u00e3o PayPal , veja como o processo \u00e9 f\u00e1cil: Trabalhe diretamente no Editor on-line para criar um widget de bot\u00e3o do PayPal que voc\u00ea gostaria de ver em seu site Drupal. Escolha um dos modelos predefinidos e ajuste as configura\u00e7\u00f5es do bot\u00e3o do PayPal, adicione seu conte\u00fado, altere o layout e o esquema de cores sem habilidades de codifica\u00e7\u00e3o. Salve o bot\u00e3o PayPal e copie seu c\u00f3digo de instala\u00e7\u00e3o, que voc\u00ea pode incluir facilmente em seu site Drupal sem a necessidade de adquirir um plano pago. Com nosso editor intuitivo, qualquer usu\u00e1rio da Internet pode criar um widget de bot\u00e3o do PayPal online e incorpor\u00e1-lo facilmente ao seu site Drupal. N\u00e3o h\u00e1 necessidade de pagar ou inserir as credenciais do seu cart\u00e3o para acessar o servi\u00e7o. Se voc\u00ea enfrentar qualquer problema em qualquer etapa, n\u00e3o hesite em entrar em contato com nossa equipe de suporte t\u00e9cnico.<\/p> <\/div>\r\n\t\t\t\t\t<\/div>\r\n\t\t\t\t<\/div> <\/div> <\/div>","protected":false},"excerpt":{"rendered":"","protected":false},"author":9,"featured_media":0,"parent":1038,"menu_order":0,"comment_status":"closed","ping_status":"closed","template":"templates\/template-application-platform.php","meta":{"publish_to_discourse":"","publish_post_category":"","wpdc_auto_publish_overridden":"","wpdc_topic_tags":"","wpdc_pin_topic":"","wpdc_pin_until":"","discourse_post_id":"","discourse_permalink":"","wpdc_publishing_response":"","wpdc_publishing_error":"","footnotes":""},"class_list":["post-7255","page","type-page","status-publish","hentry"],"yoast_head":"<!-- This site is optimized with the Yoast SEO plugin v25.3.1 - https:\/\/yoast.com\/wordpress\/plugins\/seo\/ -->\n<title>Bot\u00e3o PayPal - Adicionar m\u00f3dulo PayPal ao site Drupal (em 2 minutos)<\/title>\n<meta name=\"description\" content=\"Teste nosso bot\u00e3o de pagamento PayPal para Drupal gratuitamente. Crie um m\u00f3dulo de pagamento personalizado para o seu site em apenas alguns minutos!\" \/>\n<meta name=\"robots\" content=\"index, follow, max-snippet:-1, max-image-preview:large, max-video-preview:-1\" \/>\n<link rel=\"canonical\" href=\"https:\/\/elfsight.com\/pt\/paypal-button-widget-generator\/drupal\/\" \/>\n<meta property=\"og:locale\" content=\"pt_PT\" \/>\n<meta property=\"og:type\" content=\"article\" \/>\n<meta property=\"og:title\" content=\"Bot\u00e3o PayPal - Adicionar m\u00f3dulo PayPal ao site Drupal (em 2 minutos)\" \/>\n<meta property=\"og:description\" content=\"Teste nosso bot\u00e3o de pagamento PayPal para Drupal gratuitamente. Crie um m\u00f3dulo de pagamento personalizado para o seu site em apenas alguns minutos!\" \/>\n<meta property=\"og:url\" content=\"https:\/\/elfsight.com\/pt\/paypal-button-widget-generator\/drupal\/\" \/>\n<meta property=\"og:site_name\" content=\"Elfsight PT\" \/>\n<meta property=\"article:modified_time\" content=\"2024-11-13T12:11:35+00:00\" \/>\n<meta name=\"twitter:card\" content=\"summary_large_image\" \/>\n<meta name=\"twitter:label1\" content=\"Tempo estimado de leitura\" \/>\n\t<meta name=\"twitter:data1\" content=\"4 minutos\" \/>\n<!-- \/ Yoast SEO plugin. -->","yoast_head_json":{"title":"Bot\u00e3o PayPal - Adicionar m\u00f3dulo PayPal ao site Drupal (em 2 minutos)","description":"Teste nosso bot\u00e3o de pagamento PayPal para Drupal gratuitamente. Crie um m\u00f3dulo de pagamento personalizado para o seu site em apenas alguns minutos!","robots":{"index":"index","follow":"follow","max-snippet":"max-snippet:-1","max-image-preview":"max-image-preview:large","max-video-preview":"max-video-preview:-1"},"canonical":"https:\/\/elfsight.com\/pt\/paypal-button-widget-generator\/drupal\/","og_locale":"pt_PT","og_type":"article","og_title":"Bot\u00e3o PayPal - Adicionar m\u00f3dulo PayPal ao site Drupal (em 2 minutos)","og_description":"Teste nosso bot\u00e3o de pagamento PayPal para Drupal gratuitamente. Crie um m\u00f3dulo de pagamento personalizado para o seu site em apenas alguns minutos!","og_url":"https:\/\/elfsight.com\/pt\/paypal-button-widget-generator\/drupal\/","og_site_name":"Elfsight PT","article_modified_time":"2024-11-13T12:11:35+00:00","twitter_card":"summary_large_image","twitter_misc":{"Tempo estimado de leitura":"4 minutos"},"schema":{"@context":"https:\/\/schema.org","@graph":[{"@type":"WebPage","@id":"https:\/\/elfsight.com\/pt\/paypal-button-widget-generator\/drupal\/","url":"https:\/\/elfsight.com\/pt\/paypal-button-widget-generator\/drupal\/","name":"Bot\u00e3o PayPal - Adicionar m\u00f3dulo PayPal ao site Drupal (em 2 minutos)","isPartOf":{"@id":"https:\/\/elfsight.com\/pt\/#website"},"datePublished":"1970-01-01T00:00:00+00:00","dateModified":"2024-11-13T12:11:35+00:00","description":"Teste nosso bot\u00e3o de pagamento PayPal para Drupal gratuitamente. Crie um m\u00f3dulo de pagamento personalizado para o seu site em apenas alguns minutos!","breadcrumb":{"@id":"https:\/\/elfsight.com\/pt\/paypal-button-widget-generator\/drupal\/#breadcrumb"},"inLanguage":"pt-PT","potentialAction":[{"@type":"ReadAction","target":["https:\/\/elfsight.com\/pt\/paypal-button-widget-generator\/drupal\/"]}]},{"@type":"BreadcrumbList","@id":"https:\/\/elfsight.com\/pt\/paypal-button-widget-generator\/drupal\/#breadcrumb","itemListElement":[{"@type":"ListItem","position":1,"name":"Home","item":"https:\/\/elfsight.com\/pt\/"},{"@type":"ListItem","position":2,"name":"PayPal Button","item":"https:\/\/elfsight.com\/pt\/paypal-button-widget-generator\/"},{"@type":"ListItem","position":3,"name":"PayPal Button &#8211; Drupal"}]},{"@type":"WebSite","@id":"https:\/\/elfsight.com\/pt\/#website","url":"https:\/\/elfsight.com\/pt\/","name":"Elfsight PT","description":"Just another Elfsight Sites site","potentialAction":[{"@type":"SearchAction","target":{"@type":"EntryPoint","urlTemplate":"https:\/\/elfsight.com\/pt\/?s={search_term_string}"},"query-input":{"@type":"PropertyValueSpecification","valueRequired":true,"valueName":"search_term_string"}}],"inLanguage":"pt-PT"}]}},"meta_box":{"industry":"","seo_heading":"","heading":"","description":"","cta_heading":"","cta_description":"","application":"1383","h1":"M\u00f3dulo Drupal Bot\u00e3o PayPal","h1_caption":"Habilite pagamentos, assinaturas e doa\u00e7\u00f5es em seu site via PayPal","application_category":[],"applications_title":"","applications_request_title":"","applications_request_button_text":"","hero_text":"","hero_video":"","hero_video_schema_markup":"","selling_points_title":"","selling_points_caption":"","selling_points":[],"selling_points_cta_text":"","features_title":"","features":"","ed_cta_examples_text":"","ed_cta_examples_hidden":"","ed_cta_demo_text":"","ed_cta_demo_hidden":"","why_caption":"","why_editor_title":"","why_editor_text":"","why_team_title":"","why_team_text":"","why_service_title":"","why_service_text":"","template_catalog_visible":"","template_catalog_title":"","template_catalog_text":"","template_catalog_categories_visible":"","demo_title":"Crie seu m\u00f3dulo de bot\u00e3o do PayPal","demo_caption":"Configure seu bot\u00e3o PayPal e adicione-o ao seu site Drupal gratuitamente!","default_faq_hidden":"","app_template_category":[],"platform":"4905","template_public_id":"","codecanyon_url":"","codecanyon_item_id":"","codecanyon_price":"","pricing_caption":"","pricing_elfsight_apps_hide_column":"","pricing_elfsight_apps_url":"","pricing_codecanyon_price_caption":"","integration_category":[],"integration_request_title":"","integration_request_cta":"","integration_platform":"","integrations":[],"platform_category":[],"video_schema_markup":"","price":"a partir de US$ 0\/m\u00eas","trial":"","benefits":[{"text":"Ajuda de instala\u00e7\u00e3o gratuita"},{"text":"Suporte premium"},{"text":"Garantia de reembolso de 14 dias"},{"text":"Atualiza\u00e7\u00f5es gratuitas regulares"}],"button_url":"#demo","button_target_blank":"","button_nofollow":"","attributes":[{"name":"Instala\u00e7\u00f5es","content":"10,000 - 100,000"},{"name":"Responsivo","content":"Sim"},{"name":"Navegadores compat\u00edveis","content":"Firefox, Safari, Opera, Chrome, Edge"}],"tags":[],"tags_disable_links":"","hide_more_platforms":"","video_object":"","demo_hide_cta":"","demo_hide_cloud_options":"","pricing_title":"","pricing":[{"pricing_icon":"platform","pricing_title":"Elfsight Apps","pricing_title_caption":"Vers\u00e3o multiplataforma adequada para qualquer site","pricing_price":"a partir de US$ 0\/m\u00eas","pricing_price_caption":"comece com plano gratuito","pricing_benefits":[{"text":"Dom\u00ednios ilimitados"},{"text":"Suporte premium da empresa e bem documentado"},{"text":"Suporte premium da empresa e bem documentado"},{"text":"Pre\u00e7o especial para v\u00e1rios aplicativos"}],"pricing_button_text":"Adicionar ao site","pricing_button_url":"#demo"}],"related_apps_title":"","related_apps_hidden":"","author":"","image":[],"title":"","job":"","social_networks":[]},"_links":{"self":[{"href":"https:\/\/elfsight.com\/pt\/wp-json\/wp\/v2\/pages\/7255","targetHints":{"allow":["GET"]}}],"collection":[{"href":"https:\/\/elfsight.com\/pt\/wp-json\/wp\/v2\/pages"}],"about":[{"href":"https:\/\/elfsight.com\/pt\/wp-json\/wp\/v2\/types\/page"}],"author":[{"embeddable":true,"href":"https:\/\/elfsight.com\/pt\/wp-json\/wp\/v2\/users\/9"}],"replies":[{"embeddable":true,"href":"https:\/\/elfsight.com\/pt\/wp-json\/wp\/v2\/comments?post=7255"}],"version-history":[{"count":2,"href":"https:\/\/elfsight.com\/pt\/wp-json\/wp\/v2\/pages\/7255\/revisions"}],"predecessor-version":[{"id":12024,"href":"https:\/\/elfsight.com\/pt\/wp-json\/wp\/v2\/pages\/7255\/revisions\/12024"}],"up":[{"embeddable":true,"href":"https:\/\/elfsight.com\/pt\/wp-json\/wp\/v2\/pages\/1038"}],"wp:attachment":[{"href":"https:\/\/elfsight.com\/pt\/wp-json\/wp\/v2\/media?parent=7255"}],"curies":[{"name":"wp","href":"https:\/\/api.w.org\/{rel}","templated":true}]}}