{"id":7250,"date":"1970-01-01T00:00:00","date_gmt":"1970-01-01T00:00:00","guid":{"rendered":"https:\/\/elfsight.com\/pt\/?page_id=7250"},"modified":"2024-11-13T12:11:35","modified_gmt":"2024-11-13T12:11:35","slug":"joomla","status":"publish","type":"page","link":"https:\/\/elfsight.com\/pt\/paypal-button-widget-generator\/joomla\/","title":{"rendered":"PayPal Button &#8211; Joomla"},"content":{"rendered":"<div class=\"application-platform-content-item-description application-platform-content-item\" id=\"description\" data-nav-section=\"description\"><h2>Descri\u00e7\u00e3o<\/h2><p>O m\u00f3dulo Elfsight PayPal Button \u00e9 uma forma descomplicada de permitir que os seus clientes paguem com PayPal no seu site. Ajuda a criar bot\u00f5es para pagamentos, assinaturas e doa\u00e7\u00f5es. \u00c9 f\u00e1cil adicionar impostos e pre\u00e7o de entrega, escolher localiza\u00e7\u00e3o e moeda, demonstrar texto e muito mais. Comece uma pr\u00e1tica de pagamento pr\u00e1tica e segura para seu p\u00fablico usando um dos m\u00e9todos mais confi\u00e1veis.<\/p><p><b>Adicione pagamentos do PayPal ao seu site sem muito esfor\u00e7o!<\/b><\/p><p><b>Um sistema de pagamento pr\u00e1tico em seu site, sem codifica\u00e7\u00e3o e em poucos minutos<\/b>.<br>Os clientes apreciam pagamentos on-line seguros. Crie o seu pr\u00f3prio bot\u00e3o PayPal com a Elfsight e voc\u00ea fornecer\u00e1 um instrumento de pagamento f\u00e1cil e r\u00e1pido para seus clientes. Sem codifica\u00e7\u00e3o, sem esfor\u00e7o.<\/p><p><b>Uma ferramenta \u00fanica para processar pagamentos, assinaturas e doa\u00e7\u00f5es<\/b>.<br>Permita que seus usu\u00e1rios confiram, inscrevam-se e doem para sua empresa. Tudo isso est\u00e1 dispon\u00edvel em um instrumento multifuncional da Elfsight para ajud\u00e1-lo a economizar tempo e esfor\u00e7o.<\/p><p><b>Um dos m\u00e9todos de pagamento mais confi\u00e1veis \u200b\u200be conhecidos em seu site<\/b>.<br> \u00c9 imprescind\u00edvel integrar seu site a um dos servi\u00e7os pagos mais seguros e populares. E gra\u00e7as ao Elfsight PayPal Button, isso levar\u00e1 apenas alguns segundos.<\/p><\/div><div class=\"application-platform-content-item-features application-platform-content-item\" id=\"features\" data-nav-section=\"features\"><h2>Recursos<\/h2><p>Veja por que o plugin Elfsight PayPal \u00e9 o melhor, aqui s\u00e3o seus recursos \u00fateis:<\/p><ul><li>Op\u00e7\u00e3o para adicionar o nome do produto;<\/li><li>Op\u00e7\u00e3o para definir o pre\u00e7o de envio;<\/li><li>Largura do bot\u00e3o ajust\u00e1vel;<\/li><li>Texto e cor do texto do bot\u00e3o ajust\u00e1veis;<\/li><li>Mostrar ou ocultar o \u00edcone do PayPal.<\/li><\/ul><p><a href=\"#demo\">Teste todos os recursos na demonstra\u00e7\u00e3o ao vivo<\/a><\/p><\/div><div class=\"application-platform-content-item-installation application-platform-content-item\" id=\"installation\" data-nav-section=\"installation\"><h2>Como adicionar a extens\u00e3o do bot\u00e3o PayPal ao site Joomla<\/h2><div class=\"video-container\"><iframe width=\"720\" height=\"405\" src=\"https:\/\/www.youtube.com\/embed\/xFSlWteoNrY\" frameborder=\"0\" allowfullscreen=\"\"><\/iframe><\/div><p>Basta seguir as instru\u00e7\u00f5es abaixo para come\u00e7ar a trabalhar com a extens\u00e3o no Joomla.<\/p> <ol><li><b>Utilize nosso configurador gratuito e comece a criar seu widget personalizado. <\/b><br> Escolha a apar\u00eancia adequada e as caracter\u00edsticas funcionais da extens\u00e3o do bot\u00e3o PayPal e salve as corre\u00e7\u00f5es. <\/li> <li><b>Obtenha o seu c\u00f3digo pessoal que aparece na caixa nas aplica\u00e7\u00f5es Elfsight. <\/b><br> Assim que terminar o estabelecimento da sua extens\u00e3o, copie o c\u00f3digo pessoal na janela que aparece e guarde-o para uso posterior. <\/li> <li><b>Iniciar a aplica\u00e7\u00e3o da extens\u00e3o no site Joomla. <\/b><br> Insira o c\u00f3digo salvo recentemente em seu site e aplique as modifica\u00e7\u00f5es. <\/li> <li><b>A instala\u00e7\u00e3o foi realizada com sucesso. <\/b><br> Acesse sua p\u00e1gina para ver em a\u00e7\u00e3o como o plugin est\u00e1 funcionando. <\/li><\/ol><p>N\u00e3o conseguiu moldar seu m\u00f3dulo ou inseri-lo em seu site? Contacte o nosso centro de suporte.<\/p><div class=\"faq\" data-component=\"FAQ\"> <div class=\"faq-item\">\r\n\t\t\t\t\t<div class=\"faq-item-question\">\r\n\t\t\t\t\t\t<h3 class=\"faq-item-question-text\">Como adicionar um bot\u00e3o do PayPal ao meu site Joomla sem conhecimentos de codifica\u00e7\u00e3o?<\/h3>\r\n\r\n\t\t\t\t\t\t<div class=\"faq-item-question-icon\"><\/div>\r\n\t\t\t\t\t<\/div>\r\n\r\n\t\t\t\t\t<div class=\"faq-item-answer\">\r\n\t\t\t\t\t\t<div class=\"faq-item-answer-text\"> <p>A Elfsight fornece uma solu\u00e7\u00e3o SaaS que lhe permite criar voc\u00ea mesmo um widget de bot\u00e3o do PayPal , veja como o processo \u00e9 f\u00e1cil: Trabalhe diretamente no Editor online para criar um widget de bot\u00e3o do PayPal que voc\u00ea gostaria de ver em seu site Joomla. Escolha um dos modelos predefinidos e ajuste as configura\u00e7\u00f5es do bot\u00e3o do PayPal, adicione seu conte\u00fado, altere o layout e as cores sem nenhuma habilidade de codifica\u00e7\u00e3o. Salve o bot\u00e3o PayPal e copie seu c\u00f3digo de instala\u00e7\u00e3o, que voc\u00ea pode colar facilmente em seu site Joomla sem comprar uma assinatura paga. Com nosso editor intuitivo, qualquer usu\u00e1rio da Internet pode criar um widget de bot\u00e3o do PayPal online e incorpor\u00e1-lo facilmente em seu site Joomla. N\u00e3o h\u00e1 necessidade de pagar ou inserir as credenciais do seu cart\u00e3o para acessar o servi\u00e7o. Se voc\u00ea enfrentar qualquer problema em qualquer etapa, n\u00e3o hesite em entrar em contato com nossa equipe de suporte t\u00e9cnico.<\/p> <\/div>\r\n\t\t\t\t\t<\/div>\r\n\t\t\t\t<\/div> <\/div> <\/div>","protected":false},"excerpt":{"rendered":"","protected":false},"author":9,"featured_media":0,"parent":1038,"menu_order":0,"comment_status":"closed","ping_status":"closed","template":"templates\/template-application-platform.php","meta":{"publish_to_discourse":"","publish_post_category":"","wpdc_auto_publish_overridden":"","wpdc_topic_tags":"","wpdc_pin_topic":"","wpdc_pin_until":"","discourse_post_id":"","discourse_permalink":"","wpdc_publishing_response":"","wpdc_publishing_error":"","footnotes":""},"class_list":["post-7250","page","type-page","status-publish","hentry"],"yoast_head":"<!-- This site is optimized with the Yoast SEO plugin v25.3.1 - https:\/\/yoast.com\/wordpress\/plugins\/seo\/ -->\n<title>Bot\u00e3o PayPal - Adicione extens\u00e3o PayPal ao site Joomla (em 2 minutos)<\/title>\n<meta name=\"description\" content=\"Projete sua extens\u00e3o personalizada do bot\u00e3o PayPal para Joomla em apenas 2 minutos. Experimente o painel de cria\u00e7\u00e3o de plugins mais r\u00e1pido da Elfsight, totalmente gratuito.\" \/>\n<meta name=\"robots\" content=\"index, follow, max-snippet:-1, max-image-preview:large, max-video-preview:-1\" \/>\n<link rel=\"canonical\" href=\"https:\/\/elfsight.com\/pt\/paypal-button-widget-generator\/joomla\/\" \/>\n<meta property=\"og:locale\" content=\"pt_PT\" \/>\n<meta property=\"og:type\" content=\"article\" \/>\n<meta property=\"og:title\" content=\"Bot\u00e3o PayPal - Adicione extens\u00e3o PayPal ao site Joomla (em 2 minutos)\" \/>\n<meta property=\"og:description\" content=\"Projete sua extens\u00e3o personalizada do bot\u00e3o PayPal para Joomla em apenas 2 minutos. Experimente o painel de cria\u00e7\u00e3o de plugins mais r\u00e1pido da Elfsight, totalmente gratuito.\" \/>\n<meta property=\"og:url\" content=\"https:\/\/elfsight.com\/pt\/paypal-button-widget-generator\/joomla\/\" \/>\n<meta property=\"og:site_name\" content=\"Elfsight PT\" \/>\n<meta property=\"article:modified_time\" content=\"2024-11-13T12:11:35+00:00\" \/>\n<meta name=\"twitter:card\" content=\"summary_large_image\" \/>\n<meta name=\"twitter:label1\" content=\"Tempo estimado de leitura\" \/>\n\t<meta name=\"twitter:data1\" content=\"3 minutos\" \/>\n<!-- \/ Yoast SEO plugin. -->","yoast_head_json":{"title":"Bot\u00e3o PayPal - Adicione extens\u00e3o PayPal ao site Joomla (em 2 minutos)","description":"Projete sua extens\u00e3o personalizada do bot\u00e3o PayPal para Joomla em apenas 2 minutos. Experimente o painel de cria\u00e7\u00e3o de plugins mais r\u00e1pido da Elfsight, totalmente gratuito.","robots":{"index":"index","follow":"follow","max-snippet":"max-snippet:-1","max-image-preview":"max-image-preview:large","max-video-preview":"max-video-preview:-1"},"canonical":"https:\/\/elfsight.com\/pt\/paypal-button-widget-generator\/joomla\/","og_locale":"pt_PT","og_type":"article","og_title":"Bot\u00e3o PayPal - Adicione extens\u00e3o PayPal ao site Joomla (em 2 minutos)","og_description":"Projete sua extens\u00e3o personalizada do bot\u00e3o PayPal para Joomla em apenas 2 minutos. Experimente o painel de cria\u00e7\u00e3o de plugins mais r\u00e1pido da Elfsight, totalmente gratuito.","og_url":"https:\/\/elfsight.com\/pt\/paypal-button-widget-generator\/joomla\/","og_site_name":"Elfsight PT","article_modified_time":"2024-11-13T12:11:35+00:00","twitter_card":"summary_large_image","twitter_misc":{"Tempo estimado de leitura":"3 minutos"},"schema":{"@context":"https:\/\/schema.org","@graph":[{"@type":"WebPage","@id":"https:\/\/elfsight.com\/pt\/paypal-button-widget-generator\/joomla\/","url":"https:\/\/elfsight.com\/pt\/paypal-button-widget-generator\/joomla\/","name":"Bot\u00e3o PayPal - Adicione extens\u00e3o PayPal ao site Joomla (em 2 minutos)","isPartOf":{"@id":"https:\/\/elfsight.com\/pt\/#website"},"datePublished":"1970-01-01T00:00:00+00:00","dateModified":"2024-11-13T12:11:35+00:00","description":"Projete sua extens\u00e3o personalizada do bot\u00e3o PayPal para Joomla em apenas 2 minutos. Experimente o painel de cria\u00e7\u00e3o de plugins mais r\u00e1pido da Elfsight, totalmente gratuito.","breadcrumb":{"@id":"https:\/\/elfsight.com\/pt\/paypal-button-widget-generator\/joomla\/#breadcrumb"},"inLanguage":"pt-PT","potentialAction":[{"@type":"ReadAction","target":["https:\/\/elfsight.com\/pt\/paypal-button-widget-generator\/joomla\/"]}]},{"@type":"BreadcrumbList","@id":"https:\/\/elfsight.com\/pt\/paypal-button-widget-generator\/joomla\/#breadcrumb","itemListElement":[{"@type":"ListItem","position":1,"name":"Home","item":"https:\/\/elfsight.com\/pt\/"},{"@type":"ListItem","position":2,"name":"PayPal Button","item":"https:\/\/elfsight.com\/pt\/paypal-button-widget-generator\/"},{"@type":"ListItem","position":3,"name":"PayPal Button &#8211; Joomla"}]},{"@type":"WebSite","@id":"https:\/\/elfsight.com\/pt\/#website","url":"https:\/\/elfsight.com\/pt\/","name":"Elfsight PT","description":"Just another Elfsight Sites site","potentialAction":[{"@type":"SearchAction","target":{"@type":"EntryPoint","urlTemplate":"https:\/\/elfsight.com\/pt\/?s={search_term_string}"},"query-input":{"@type":"PropertyValueSpecification","valueRequired":true,"valueName":"search_term_string"}}],"inLanguage":"pt-PT"}]}},"meta_box":{"industry":"","seo_heading":"","heading":"","description":"","cta_heading":"","cta_description":"","application":"1383","h1":"Extens\u00e3o do bot\u00e3o Joomla PayPal","h1_caption":"Organize o pagamento com PayPal em seu site sem codifica\u00e7\u00e3o","application_category":[],"applications_title":"","applications_request_title":"","applications_request_button_text":"","hero_text":"","hero_video":"","hero_video_schema_markup":"","selling_points_title":"","selling_points_caption":"","selling_points":[],"selling_points_cta_text":"","features_title":"","features":"","ed_cta_examples_text":"","ed_cta_examples_hidden":"","ed_cta_demo_text":"","ed_cta_demo_hidden":"","why_caption":"","why_editor_title":"","why_editor_text":"","why_team_title":"","why_team_text":"","why_service_title":"","why_service_text":"","template_catalog_visible":"","template_catalog_title":"","template_catalog_text":"","template_catalog_categories_visible":"","demo_title":"Crie seu plugin de bot\u00e3o do PayPal","demo_caption":"Configure seu bot\u00e3o PayPal e adicione-o ao seu site Joomla gratuitamente!","default_faq_hidden":"","app_template_category":[],"platform":"52","template_public_id":"","codecanyon_url":"","codecanyon_item_id":"","codecanyon_price":"","pricing_caption":"","pricing_elfsight_apps_hide_column":"","pricing_elfsight_apps_url":"","pricing_codecanyon_price_caption":"","integration_category":[],"integration_request_title":"","integration_request_cta":"","integration_platform":"","integrations":[],"platform_category":[],"video_schema_markup":"","price":"a partir de US$ 0\/m\u00eas","trial":"","benefits":[{"text":"Assist\u00eancia de instala\u00e7\u00e3o gratuita"},{"text":"Suporte excepcional"},{"text":"Garantia de devolu\u00e7\u00e3o do dinheiro em 14 dias"},{"text":"Atualizando constantemente"}],"button_url":"#demo","button_target_blank":"","button_nofollow":"","attributes":[{"name":"Instala\u00e7\u00f5es","content":"10,000 - 100,000"},{"name":"Responsivo","content":"Sim"},{"name":"Navegadores compat\u00edveis","content":"Firefox, Safari, Opera, Chrome, Edge"}],"tags":[],"tags_disable_links":"","hide_more_platforms":"","video_object":"","demo_hide_cta":"","demo_hide_cloud_options":"","pricing_title":"","pricing":[{"pricing_icon":"platform","pricing_title":"Elfsight Apps","pricing_title_caption":"Solu\u00e7\u00e3o multiplataforma adequada para qualquer site","pricing_price":"a partir de US$ 0\/m\u00eas","pricing_price_caption":"comece com plano gratuito","pricing_benefits":[{"text":"Sites ilimitados"},{"text":"Suporte dedicado e pontual"},{"text":"Suporte dedicado e pontual"},{"text":"Pre\u00e7o a ser pago para v\u00e1rios aplicativos"}],"pricing_button_text":"Adicionar ao site","pricing_button_url":"#demo"}],"related_apps_title":"","related_apps_hidden":"","author":"","image":[],"title":"","job":"","social_networks":[]},"_links":{"self":[{"href":"https:\/\/elfsight.com\/pt\/wp-json\/wp\/v2\/pages\/7250","targetHints":{"allow":["GET"]}}],"collection":[{"href":"https:\/\/elfsight.com\/pt\/wp-json\/wp\/v2\/pages"}],"about":[{"href":"https:\/\/elfsight.com\/pt\/wp-json\/wp\/v2\/types\/page"}],"author":[{"embeddable":true,"href":"https:\/\/elfsight.com\/pt\/wp-json\/wp\/v2\/users\/9"}],"replies":[{"embeddable":true,"href":"https:\/\/elfsight.com\/pt\/wp-json\/wp\/v2\/comments?post=7250"}],"version-history":[{"count":2,"href":"https:\/\/elfsight.com\/pt\/wp-json\/wp\/v2\/pages\/7250\/revisions"}],"predecessor-version":[{"id":12023,"href":"https:\/\/elfsight.com\/pt\/wp-json\/wp\/v2\/pages\/7250\/revisions\/12023"}],"up":[{"embeddable":true,"href":"https:\/\/elfsight.com\/pt\/wp-json\/wp\/v2\/pages\/1038"}],"wp:attachment":[{"href":"https:\/\/elfsight.com\/pt\/wp-json\/wp\/v2\/media?parent=7250"}],"curies":[{"name":"wp","href":"https:\/\/api.w.org\/{rel}","templated":true}]}}