{"id":7247,"date":"1970-01-01T00:00:00","date_gmt":"1970-01-01T00:00:00","guid":{"rendered":"https:\/\/elfsight.com\/pt\/?page_id=7247"},"modified":"2025-03-04T10:49:54","modified_gmt":"2025-03-04T10:49:54","slug":"html","status":"publish","type":"page","link":"https:\/\/elfsight.com\/pt\/paypal-button-widget-generator\/html\/","title":{"rendered":"PayPal Button &#8211; HTML"},"content":{"rendered":"\n<div class=\"application-platform-content-item-description application-platform-content-item\" id=\"description\" data-nav-section=\"description\"><h2>Descri\u00e7\u00e3o<\/h2><p>Adicione uma ferramenta de pagamento simples e confi\u00e1vel ao seu site. Usando o bot\u00e3o PayPal da Elfsight, voc\u00ea pode receber pagamentos \u00fanicos, assinaturas e doa\u00e7\u00f5es de clientes. Crie seu bot\u00e3o personalizado, escolhendo uma variante de pagamento, moeda, localiza\u00e7\u00e3o e recursos de interface do usu\u00e1rio para torn\u00e1-lo \u00fanico. Sua clientela vai adorar o procedimento de pagamento r\u00e1pido e confort\u00e1vel em seu site com a ajuda do bot\u00e3o PayPal.<\/p><p><b>Adicione o pagamento PayPal em seu site sem muito esfor\u00e7o!<\/b><\/p><p> <b>Um instrumento de pagamento pr\u00e1tico em seu site, sem codifica\u00e7\u00e3o e em pouco tempo<\/b>.<br>\u00c9 muito importante para uma empresa de sucesso fornecer ao seu p\u00fablico uma op\u00e7\u00e3o pr\u00e1tica de pagamento on-line. Adicione o bot\u00e3o PayPal da Elfsight ao seu site e ele cumprir\u00e1 a tarefa para voc\u00ea.<\/p><p><b>Uma solu\u00e7\u00e3o universal para receber pagamentos, assinaturas e doa\u00e7\u00f5es<\/b>.<br>Ter apenas uma ferramenta da Elfsight, voc\u00ea pode obter bot\u00f5es para a clientela pagar, assinar e doar em seu site. Economize tempo e dinheiro e adicione um instrumento multifuncional que oferece diversas op\u00e7\u00f5es.<\/p><p><b>Um dos m\u00e9todos de pagamento mais confi\u00e1veis \u200b\u200be difundidos em seu site<\/b>.<br>\u00c9 uma boa pr\u00e1tica integrar seu site com um dos m\u00e9todos de pagamento mais confi\u00e1veis \u200b\u200be conhecidos. E gra\u00e7as ao bot\u00e3o PayPal da Elfsight, isso levar\u00e1 apenas alguns segundos.<\/p><\/div><div class=\"application-platform-content-item-features application-platform-content-item\" id=\"features\" data-nav-section=\"features\"><h2>Recursos<\/h2><p>Veja os recursos que tornam nosso widget um dos o melhor para pagamento no site:<\/p><ul><li>Definir a localiza\u00e7\u00e3o do seu bot\u00e3o a partir da lista predefinida de pa\u00edses;<\/li><li>Duas variantes de indica\u00e7\u00e3o de imposto: fixo ou percentual;<\/li><li>Tamanho responsivo para uma apar\u00eancia ideal em qualquer dispositivo;<\/li><li>Escolha da cor do bot\u00e3o;<\/li><li>Quatro \u00edcones de sistemas de pagamento altern\u00e1veis \u200b\u200bpara maior confian\u00e7a e seguran\u00e7a do cliente.<\/li><\/ul><p><a href=\"#demo\">Mais op\u00e7\u00f5es em nosso editor<\/a><\/p><\/div><div class=\"application-platform-content-item-installation application-platform-content-item\" id=\"installation\" data-nav-section=\"installation\"><h2>Como adicionar um c\u00f3digo de bot\u00e3o do PayPal ao site HTML<\/h2><div class=\"video-container\"> <iframe width=\"720\" height=\"405\" src=\"https:\/\/www.youtube.com\/embed\/5yMPWi2f1nQ\" frameborder=\"0\" allowfullscreen=\"\"><\/iframe><\/div><p> Um pequeno guia para integra\u00e7\u00e3o do widget em HTML por conta pr\u00f3pria. Para realizar a integra\u00e7\u00e3o, n\u00e3o \u00e9 necess\u00e1rio contratar um desenvolvedor ou ter compet\u00eancia pessoal em desenvolvimento web. A dura\u00e7\u00e3o completa da instala\u00e7\u00e3o leva apenas alguns minutos.<\/p><ol><li><b>Gere seu bot\u00e3o PayPal exclusivo.<\/b><br>Usando nosso configurador gratuito, crie um plugin com o modelo e as capacidades desejadas .<\/li><li><b>Copie o c\u00f3digo para incorporar o plugin.<\/b><br>Ap\u00f3s a personaliza\u00e7\u00e3o do widget, adquira o c\u00f3digo do plugin PayPal a partir da notifica\u00e7\u00e3o que aparece nas aplica\u00e7\u00f5es Elfsight.<\/li><li><b>Insira o widget no site HTML.<\/b><br>Inicie o c\u00f3digo da p\u00e1gina no editor HTML, adicione o widget ao local selecionado (conte\u00fado, rodap\u00e9, barra lateral etc.) e aplique os resultados.<\/li><li><b>A integra\u00e7\u00e3o foi bem-sucedida!<\/b><br>Entre no site HTML para verificar seu trabalho.<\/li><\/ol><p>Ocorrendo algum problema ao exibir ou ajustar o plugin ? Confira um artigo completo sobre como ajustar o plug-in em HTML ou deixe uma consulta em nossa Central de Suporte.<\/p><div class=\"faq\" data-component=\"FAQ\"> <div class=\"faq-item\">\r\n\t\t\t\t\t<div class=\"faq-item-question\">\r\n\t\t\t\t\t\t<h3 class=\"faq-item-question-text\">Como posso adicionar um bot\u00e3o do PayPal ao meu site HTML sem habilidades de codifica\u00e7\u00e3o?<\/h3>\r\n\r\n\t\t\t\t\t\t<div class=\"faq-item-question-icon\"><\/div>\r\n\t\t\t\t\t<\/div>\r\n\r\n\t\t\t\t\t<div class=\"faq-item-answer\">\r\n\t\t\t\t\t\t<div class=\"faq-item-answer-text\"> <p>A Elfsight fornece uma solu\u00e7\u00e3o SaaS que lhe permite criar voc\u00ea mesmo um widget de bot\u00e3o do PayPal. Veja como o processo \u00e9 f\u00e1cil: Trabalhe diretamente no Editor online para criar um widget de bot\u00e3o do PayPal que gostaria de ver no seu site HTML. Escolha um dos modelos predefinidos e ajuste as configura\u00e7\u00f5es do bot\u00e3o do PayPal, adicione seu conte\u00fado, altere o layout e as cores sem habilidades de codifica\u00e7\u00e3o. Salve o bot\u00e3o do PayPal e copie seu c\u00f3digo de instala\u00e7\u00e3o, que voc\u00ea pode colar facilmente em seu site HTML sem a necessidade de adquirir uma assinatura paga. Com nosso editor intuitivo, qualquer usu\u00e1rio da Internet pode criar um widget de bot\u00e3o do PayPal online e incorpor\u00e1-lo facilmente em seu site HTML. N\u00e3o h\u00e1 necessidade de pagar ou inserir as credenciais do seu cart\u00e3o para acessar o servi\u00e7o. Se voc\u00ea enfrentar qualquer problema em qualquer etapa, n\u00e3o hesite em entrar em contato com nossa equipe de suporte t\u00e9cnico.<\/p> <\/div>\r\n\t\t\t\t\t<\/div>\r\n\t\t\t\t<\/div> <\/div> <\/div>\n","protected":false},"excerpt":{"rendered":"","protected":false},"author":9,"featured_media":0,"parent":1038,"menu_order":0,"comment_status":"closed","ping_status":"closed","template":"templates\/template-application-platform.php","meta":{"publish_to_discourse":"","publish_post_category":"","wpdc_auto_publish_overridden":"","wpdc_topic_tags":"","wpdc_pin_topic":"","wpdc_pin_until":"","discourse_post_id":"","discourse_permalink":"","wpdc_publishing_response":"","wpdc_publishing_error":"","footnotes":""},"class_list":["post-7247","page","type-page","status-publish","hentry"],"yoast_head":"<!-- This site is optimized with the Yoast SEO plugin v25.3.1 - https:\/\/yoast.com\/wordpress\/plugins\/seo\/ -->\n<title>Bot\u00e3o PayPal - Adicionar c\u00f3digo de pagamento PayPal ao site HTML (2025)<\/title>\n<meta name=\"description\" content=\"Instale o c\u00f3digo do bot\u00e3o PayPal em seu site HTML em apenas alguns minutos. Cria\u00e7\u00e3o r\u00e1pida e simples de qualquer widget de pagamento de site pela Elfsight.\" \/>\n<meta name=\"robots\" content=\"index, follow, max-snippet:-1, max-image-preview:large, max-video-preview:-1\" \/>\n<link rel=\"canonical\" href=\"https:\/\/elfsight.com\/pt\/paypal-button-widget-generator\/html\/\" \/>\n<meta property=\"og:locale\" content=\"pt_PT\" \/>\n<meta property=\"og:type\" content=\"article\" \/>\n<meta property=\"og:title\" content=\"Bot\u00e3o PayPal - Adicionar c\u00f3digo de pagamento PayPal ao site HTML (2025)\" \/>\n<meta property=\"og:description\" content=\"Instale o c\u00f3digo do bot\u00e3o PayPal em seu site HTML em apenas alguns minutos. Cria\u00e7\u00e3o r\u00e1pida e simples de qualquer widget de pagamento de site pela Elfsight.\" \/>\n<meta property=\"og:url\" content=\"https:\/\/elfsight.com\/pt\/paypal-button-widget-generator\/html\/\" \/>\n<meta property=\"og:site_name\" content=\"Elfsight PT\" \/>\n<meta property=\"article:modified_time\" content=\"2025-03-04T10:49:54+00:00\" \/>\n<meta name=\"twitter:card\" content=\"summary_large_image\" \/>\n<meta name=\"twitter:label1\" content=\"Tempo estimado de leitura\" \/>\n\t<meta name=\"twitter:data1\" content=\"4 minutos\" \/>\n<!-- \/ Yoast SEO plugin. -->","yoast_head_json":{"title":"Bot\u00e3o PayPal - Adicionar c\u00f3digo de pagamento PayPal ao site HTML (2025)","description":"Instale o c\u00f3digo do bot\u00e3o PayPal em seu site HTML em apenas alguns minutos. Cria\u00e7\u00e3o r\u00e1pida e simples de qualquer widget de pagamento de site pela Elfsight.","robots":{"index":"index","follow":"follow","max-snippet":"max-snippet:-1","max-image-preview":"max-image-preview:large","max-video-preview":"max-video-preview:-1"},"canonical":"https:\/\/elfsight.com\/pt\/paypal-button-widget-generator\/html\/","og_locale":"pt_PT","og_type":"article","og_title":"Bot\u00e3o PayPal - Adicionar c\u00f3digo de pagamento PayPal ao site HTML (2025)","og_description":"Instale o c\u00f3digo do bot\u00e3o PayPal em seu site HTML em apenas alguns minutos. Cria\u00e7\u00e3o r\u00e1pida e simples de qualquer widget de pagamento de site pela Elfsight.","og_url":"https:\/\/elfsight.com\/pt\/paypal-button-widget-generator\/html\/","og_site_name":"Elfsight PT","article_modified_time":"2025-03-04T10:49:54+00:00","twitter_card":"summary_large_image","twitter_misc":{"Tempo estimado de leitura":"4 minutos"},"schema":{"@context":"https:\/\/schema.org","@graph":[{"@type":"WebPage","@id":"https:\/\/elfsight.com\/pt\/paypal-button-widget-generator\/html\/","url":"https:\/\/elfsight.com\/pt\/paypal-button-widget-generator\/html\/","name":"Bot\u00e3o PayPal - Adicionar c\u00f3digo de pagamento PayPal ao site HTML (2025)","isPartOf":{"@id":"https:\/\/elfsight.com\/pt\/#website"},"datePublished":"1970-01-01T00:00:00+00:00","dateModified":"2025-03-04T10:49:54+00:00","description":"Instale o c\u00f3digo do bot\u00e3o PayPal em seu site HTML em apenas alguns minutos. Cria\u00e7\u00e3o r\u00e1pida e simples de qualquer widget de pagamento de site pela Elfsight.","breadcrumb":{"@id":"https:\/\/elfsight.com\/pt\/paypal-button-widget-generator\/html\/#breadcrumb"},"inLanguage":"pt-PT","potentialAction":[{"@type":"ReadAction","target":["https:\/\/elfsight.com\/pt\/paypal-button-widget-generator\/html\/"]}]},{"@type":"BreadcrumbList","@id":"https:\/\/elfsight.com\/pt\/paypal-button-widget-generator\/html\/#breadcrumb","itemListElement":[{"@type":"ListItem","position":1,"name":"Home","item":"https:\/\/elfsight.com\/pt\/"},{"@type":"ListItem","position":2,"name":"PayPal Button","item":"https:\/\/elfsight.com\/pt\/paypal-button-widget-generator\/"},{"@type":"ListItem","position":3,"name":"PayPal Button &#8211; HTML"}]},{"@type":"WebSite","@id":"https:\/\/elfsight.com\/pt\/#website","url":"https:\/\/elfsight.com\/pt\/","name":"Elfsight PT","description":"Just another Elfsight Sites site","potentialAction":[{"@type":"SearchAction","target":{"@type":"EntryPoint","urlTemplate":"https:\/\/elfsight.com\/pt\/?s={search_term_string}"},"query-input":{"@type":"PropertyValueSpecification","valueRequired":true,"valueName":"search_term_string"}}],"inLanguage":"pt-PT"}]}},"meta_box":{"industry":"","seo_heading":"","heading":"","description":"","cta_heading":"","cta_description":"","application":"1383","h1":"C\u00f3digo HTML do bot\u00e3o PayPal","h1_caption":"Insira uma das ferramentas de pagamento mais confi\u00e1veis \u200b\u200bem seu site","application_category":[],"applications_title":"","applications_request_title":"","applications_request_button_text":"","hero_text":"","hero_video":"","hero_video_schema_markup":"","selling_points_title":"","selling_points_caption":"","selling_points":[],"selling_points_cta_text":"","features_title":"","features":"","ed_cta_examples_text":"","ed_cta_examples_hidden":"","ed_cta_demo_text":"","ed_cta_demo_hidden":"","why_caption":"","why_editor_title":"","why_editor_text":"","why_team_title":"","why_team_text":"","why_service_title":"","why_service_text":"","template_catalog_visible":"0","template_catalog_title":"","template_catalog_text":"","template_catalog_categories_visible":"","demo_title":"Crie seu widget de bot\u00e3o do PayPal","demo_caption":"Configure seu bot\u00e3o PayPal e adicione-o ao seu site HTML gratuitamente!","default_faq_hidden":"","app_template_category":[],"platform":"49","template_public_id":"","codecanyon_url":"","codecanyon_item_id":"","codecanyon_price":"","pricing_caption":"","pricing_elfsight_apps_hide_column":"","pricing_elfsight_apps_url":"","pricing_codecanyon_price_caption":"","integration_category":[],"integration_request_title":"","integration_request_cta":"","integration_platform":"","integrations":[],"platform_category":[],"video_schema_markup":"","price":"a partir de US$ 0\/m\u00eas","trial":"","benefits":[{"text":"Assist\u00eancia de instala\u00e7\u00e3o gratuita"},{"text":"Suporte premium"},{"text":"Garantia de reembolso de 14 dias"},{"text":"Futuras atualiza\u00e7\u00f5es gratuitas"}],"button_url":"#demo","button_target_blank":"0","button_nofollow":"0","attributes":[{"name":"Instala\u00e7\u00f5es","content":"10,000 - 100,000"},{"name":"Responsivo","content":"Sim"},{"name":"Navegadores compat\u00edveis","content":"Firefox, Safari, Opera, Chrome, Edge"}],"tags":[],"tags_disable_links":"0","hide_more_platforms":"0","video_object":"","demo_hide_cta":"0","demo_hide_cloud_options":"0","pricing_title":"","pricing":[{"pricing_icon":"platform","pricing_title":"Elfsight Apps","pricing_title_caption":"Vers\u00e3o multiplataforma adequada para qualquer site","pricing_price":"a partir de US$ 0\/m\u00eas","pricing_price_caption":"comece com plano gratuito","pricing_benefits":[{"text":"Dom\u00ednios ilimitados"},{"text":"Suporte r\u00e1pido da empresa e bem documentado"},{"text":"Suporte r\u00e1pido da empresa e bem documentado"},{"text":"Pre\u00e7o especial para v\u00e1rios aplicativos"}],"pricing_button_text":"Adicionar ao site","pricing_button_url":"#demo"}],"related_apps_title":"","related_apps_hidden":"0","author":"","image":[],"title":"","job":"","social_networks":[]},"_links":{"self":[{"href":"https:\/\/elfsight.com\/pt\/wp-json\/wp\/v2\/pages\/7247","targetHints":{"allow":["GET"]}}],"collection":[{"href":"https:\/\/elfsight.com\/pt\/wp-json\/wp\/v2\/pages"}],"about":[{"href":"https:\/\/elfsight.com\/pt\/wp-json\/wp\/v2\/types\/page"}],"author":[{"embeddable":true,"href":"https:\/\/elfsight.com\/pt\/wp-json\/wp\/v2\/users\/9"}],"replies":[{"embeddable":true,"href":"https:\/\/elfsight.com\/pt\/wp-json\/wp\/v2\/comments?post=7247"}],"version-history":[{"count":3,"href":"https:\/\/elfsight.com\/pt\/wp-json\/wp\/v2\/pages\/7247\/revisions"}],"predecessor-version":[{"id":14299,"href":"https:\/\/elfsight.com\/pt\/wp-json\/wp\/v2\/pages\/7247\/revisions\/14299"}],"up":[{"embeddable":true,"href":"https:\/\/elfsight.com\/pt\/wp-json\/wp\/v2\/pages\/1038"}],"wp:attachment":[{"href":"https:\/\/elfsight.com\/pt\/wp-json\/wp\/v2\/media?parent=7247"}],"curies":[{"name":"wp","href":"https:\/\/api.w.org\/{rel}","templated":true}]}}