{"id":7241,"date":"1970-01-01T00:00:00","date_gmt":"1970-01-01T00:00:00","guid":{"rendered":"https:\/\/elfsight.com\/pt\/?page_id=7241"},"modified":"2024-11-13T12:11:19","modified_gmt":"2024-11-13T12:11:19","slug":"opencart","status":"publish","type":"page","link":"https:\/\/elfsight.com\/pt\/paypal-button-widget-generator\/opencart\/","title":{"rendered":"PayPal Button &#8211; OpenCart"},"content":{"rendered":"<div class=\"application-platform-content-item-description application-platform-content-item\" id=\"description\" data-nav-section=\"description\"><h2>Descri\u00e7\u00e3o<\/h2><p>A integra\u00e7\u00e3o do bot\u00e3o PayPal \u00e9 uma maneira f\u00e1cil de permitir que seus usu\u00e1rios fa\u00e7am pagamentos atrav\u00e9s do PayPal em seu site. Ele permite mostrar bot\u00f5es para checkouts, assinaturas repetidas e doa\u00e7\u00f5es. \u00c9 f\u00e1cil adicionar impostos e pre\u00e7o de envio, alterar localiza\u00e7\u00e3o e moeda, adicionar texto e muito mais. Organize um procedimento de pagamento pr\u00e1tico e seguro para seus usu\u00e1rios com a ajuda de um dos instrumentos de pagamento mais confi\u00e1veis \u200b\u200bem qualquer lugar.<\/p><p><b>Permita que seus clientes fa\u00e7am pagamentos atrav\u00e9s do PayPal em seu site e aumente suas vendas! <\/b><\/p><p><b>Um procedimento de pagamento pr\u00e1tico em seu site &#8211; em pouco tempo<\/b>.<br> \u00c9 muito importante para uma empresa de sucesso fornecer \u00e0 sua clientela pagamentos on-line f\u00e1ceis. Integre o bot\u00e3o PayPal da Elfsight ao seu site e voc\u00ea far\u00e1 isso de forma f\u00e1cil e r\u00e1pida.<\/p><p><b>Uma solu\u00e7\u00e3o universal para aceitar pagamentos, assinaturas e doa\u00e7\u00f5es<\/b>.<br> Com apenas um widget da Elfsight, voc\u00ea pode criar bot\u00f5es para pagar, assinar e doar em seu site. Economize tempo e esfor\u00e7o e obtenha um instrumento multifuncional que oferece diversas op\u00e7\u00f5es.<\/p><p><b>Um dos sistemas de pagamento mais seguros e populares em seu site<\/b>.<br> Crie seu site verdadeiramente confort\u00e1vel para seus clientes e estimula as vendas. Permita que os usu\u00e1rios paguem por meio de um instrumento conhecido e confi\u00e1vel em seu site e mostre a eles que seu neg\u00f3cio \u00e9 confi\u00e1vel.<\/p><\/div><div class=\"application-platform-content-item-features application-platform-content-item\" id=\"features\" data-nav-section=\"features\"><h2>Recursos<\/h2><p> Descubra as funcionalidades que tornam a nossa integra\u00e7\u00e3o uma das melhores para pagamento no site:<\/p><ul><li>Tr\u00eas tipos de bot\u00f5es: Pagamento \u00fanico, Assinatura, Doa\u00e7\u00e3o;<\/li><li>Op\u00e7\u00e3o para definir pre\u00e7o de envio; <\/li><li>Tamanho responsivo para uma apar\u00eancia ideal em qualquer dispositivo;<\/li><li>Op\u00e7\u00f5es de borda do bot\u00e3o: tamanho, cor, raio;<\/li><li>Op\u00e7\u00e3o para direcionar um cliente para um personalizado Obrigado p\u00e1gina ap\u00f3s uma transa\u00e7\u00e3o bem-sucedida.<\/li><\/ul><p><a href=\"#demo\">Teste todas as caracter\u00edsticas na demonstra\u00e7\u00e3o gratuita<\/a><\/p><\/div><div class=\"application-platform-content-item-installation  application-platform-content-item\" id=\"installation \" data-nav-section=\"installation \"><h2>Como adicionar o bot\u00e3o PayPal ao site OpenCart<\/h2><p>Basta seguir algumas etapas descritas abaixo para incorporar o widget no OpenCart.<\/p> <ol><li><b>Execute nosso demonstra\u00e7\u00e3o gratuita e comece a construir seu widget exclusivo. <\/b><br> Determine a interface e as caracter\u00edsticas desej\u00e1veis \u200b\u200bdo widget e aplique as modifica\u00e7\u00f5es. <\/li> <li><b>Receba o seu c\u00f3digo individual que aparece no formul\u00e1rio especial nas aplica\u00e7\u00f5es Elfsight. <\/b><br> Ap\u00f3s a conclus\u00e3o da configura\u00e7\u00e3o do seu widget, copie o c\u00f3digo exclusivo do pop-up exibido e guarde-o para uso futuro. <\/li> <li><b>Comece a usar o widget do bot\u00e3o PayPal no seu site OpenCart. <\/b><br> Coloque o c\u00f3digo salvo anteriormente em seu site e aplique os ajustes. <\/li> <li><b>Pronto! A configura\u00e7\u00e3o est\u00e1 totalmente executada. <\/b><br> Acesse seu site para inspecionar como a ferramenta funciona. <\/li><\/ol> <p>Acha dif\u00edcil incorporar a extens\u00e3o em seu site ou personaliz\u00e1-la? Entre em contato com nosso suporte ao cliente.<\/p><div class=\"faq\" data-component=\"FAQ\"> <div class=\"faq-item\">\r\n\t\t\t\t\t<div class=\"faq-item-question\">\r\n\t\t\t\t\t\t<h3 class=\"faq-item-question-text\">Como adicionar um bot\u00e3o PayPal ao meu site OpenCart sem habilidades de codifica\u00e7\u00e3o?<\/h3>\r\n\r\n\t\t\t\t\t\t<div class=\"faq-item-question-icon\"><\/div>\r\n\t\t\t\t\t<\/div>\r\n\r\n\t\t\t\t\t<div class=\"faq-item-answer\">\r\n\t\t\t\t\t\t<div class=\"faq-item-answer-text\"> <p>A Elfsight fornece uma solu\u00e7\u00e3o SaaS que permite criar um PayPal widget de bot\u00e3o voc\u00ea mesmo, veja como o processo \u00e9 f\u00e1cil: Trabalhe diretamente no Editor on-line para criar um widget de bot\u00e3o do PayPal que voc\u00ea gostaria de ver em seu site OpenCart. Escolha um dos modelos predefinidos e ajuste as configura\u00e7\u00f5es do bot\u00e3o do PayPal, adicione seu conte\u00fado, altere o layout e as cores sem nenhuma habilidade de codifica\u00e7\u00e3o. Salve o bot\u00e3o PayPal e copie seu c\u00f3digo de instala\u00e7\u00e3o, que voc\u00ea pode colar facilmente em seu site OpenCart sem a necessidade de adquirir um plano pago. Com nosso editor intuitivo, qualquer usu\u00e1rio da Internet pode criar um widget de bot\u00e3o do PayPal online e incorpor\u00e1-lo facilmente ao seu site OpenCart. N\u00e3o h\u00e1 necessidade de pagar ou inserir as credenciais do seu cart\u00e3o para acessar o servi\u00e7o. Se voc\u00ea enfrentar qualquer problema em qualquer etapa, n\u00e3o hesite em entrar em contato com nossa equipe de suporte t\u00e9cnico.<\/p> <\/div>\r\n\t\t\t\t\t<\/div>\r\n\t\t\t\t<\/div> <\/div> <\/div>","protected":false},"excerpt":{"rendered":"","protected":false},"author":9,"featured_media":0,"parent":1038,"menu_order":0,"comment_status":"closed","ping_status":"closed","template":"templates\/template-application-platform.php","meta":{"publish_to_discourse":"","publish_post_category":"","wpdc_auto_publish_overridden":"","wpdc_topic_tags":"","wpdc_pin_topic":"","wpdc_pin_until":"","discourse_post_id":"","discourse_permalink":"","wpdc_publishing_response":"","wpdc_publishing_error":"","footnotes":""},"class_list":["post-7241","page","type-page","status-publish","hentry"],"yoast_head":"<!-- This site is optimized with the Yoast SEO plugin v25.3.1 - https:\/\/yoast.com\/wordpress\/plugins\/seo\/ -->\n<title>Bot\u00e3o PayPal - Adicionar extens\u00e3o PayPal ao site OpenCart (2025)<\/title>\n<meta name=\"description\" content=\"Adicione a extens\u00e3o PayPal ao seu site OpenCart em apenas 3 minutos. Aproveite muitas vantagens da melhor integra\u00e7\u00e3o com o PayPal gratuitamente.\" \/>\n<meta name=\"robots\" content=\"index, follow, max-snippet:-1, max-image-preview:large, max-video-preview:-1\" \/>\n<link rel=\"canonical\" href=\"https:\/\/elfsight.com\/pt\/paypal-button-widget-generator\/opencart\/\" \/>\n<meta property=\"og:locale\" content=\"pt_PT\" \/>\n<meta property=\"og:type\" content=\"article\" \/>\n<meta property=\"og:title\" content=\"Bot\u00e3o PayPal - Adicionar extens\u00e3o PayPal ao site OpenCart (2025)\" \/>\n<meta property=\"og:description\" content=\"Adicione a extens\u00e3o PayPal ao seu site OpenCart em apenas 3 minutos. Aproveite muitas vantagens da melhor integra\u00e7\u00e3o com o PayPal gratuitamente.\" \/>\n<meta property=\"og:url\" content=\"https:\/\/elfsight.com\/pt\/paypal-button-widget-generator\/opencart\/\" \/>\n<meta property=\"og:site_name\" content=\"Elfsight PT\" \/>\n<meta property=\"article:modified_time\" content=\"2024-11-13T12:11:19+00:00\" \/>\n<meta name=\"twitter:card\" content=\"summary_large_image\" \/>\n<meta name=\"twitter:label1\" content=\"Tempo estimado de leitura\" \/>\n\t<meta name=\"twitter:data1\" content=\"4 minutos\" \/>\n<!-- \/ Yoast SEO plugin. -->","yoast_head_json":{"title":"Bot\u00e3o PayPal - Adicionar extens\u00e3o PayPal ao site OpenCart (2025)","description":"Adicione a extens\u00e3o PayPal ao seu site OpenCart em apenas 3 minutos. Aproveite muitas vantagens da melhor integra\u00e7\u00e3o com o PayPal gratuitamente.","robots":{"index":"index","follow":"follow","max-snippet":"max-snippet:-1","max-image-preview":"max-image-preview:large","max-video-preview":"max-video-preview:-1"},"canonical":"https:\/\/elfsight.com\/pt\/paypal-button-widget-generator\/opencart\/","og_locale":"pt_PT","og_type":"article","og_title":"Bot\u00e3o PayPal - Adicionar extens\u00e3o PayPal ao site OpenCart (2025)","og_description":"Adicione a extens\u00e3o PayPal ao seu site OpenCart em apenas 3 minutos. Aproveite muitas vantagens da melhor integra\u00e7\u00e3o com o PayPal gratuitamente.","og_url":"https:\/\/elfsight.com\/pt\/paypal-button-widget-generator\/opencart\/","og_site_name":"Elfsight PT","article_modified_time":"2024-11-13T12:11:19+00:00","twitter_card":"summary_large_image","twitter_misc":{"Tempo estimado de leitura":"4 minutos"},"schema":{"@context":"https:\/\/schema.org","@graph":[{"@type":"WebPage","@id":"https:\/\/elfsight.com\/pt\/paypal-button-widget-generator\/opencart\/","url":"https:\/\/elfsight.com\/pt\/paypal-button-widget-generator\/opencart\/","name":"Bot\u00e3o PayPal - Adicionar extens\u00e3o PayPal ao site OpenCart (2025)","isPartOf":{"@id":"https:\/\/elfsight.com\/pt\/#website"},"datePublished":"1970-01-01T00:00:00+00:00","dateModified":"2024-11-13T12:11:19+00:00","description":"Adicione a extens\u00e3o PayPal ao seu site OpenCart em apenas 3 minutos. Aproveite muitas vantagens da melhor integra\u00e7\u00e3o com o PayPal gratuitamente.","breadcrumb":{"@id":"https:\/\/elfsight.com\/pt\/paypal-button-widget-generator\/opencart\/#breadcrumb"},"inLanguage":"pt-PT","potentialAction":[{"@type":"ReadAction","target":["https:\/\/elfsight.com\/pt\/paypal-button-widget-generator\/opencart\/"]}]},{"@type":"BreadcrumbList","@id":"https:\/\/elfsight.com\/pt\/paypal-button-widget-generator\/opencart\/#breadcrumb","itemListElement":[{"@type":"ListItem","position":1,"name":"Home","item":"https:\/\/elfsight.com\/pt\/"},{"@type":"ListItem","position":2,"name":"PayPal Button","item":"https:\/\/elfsight.com\/pt\/paypal-button-widget-generator\/"},{"@type":"ListItem","position":3,"name":"PayPal Button &#8211; OpenCart"}]},{"@type":"WebSite","@id":"https:\/\/elfsight.com\/pt\/#website","url":"https:\/\/elfsight.com\/pt\/","name":"Elfsight PT","description":"Just another Elfsight Sites site","potentialAction":[{"@type":"SearchAction","target":{"@type":"EntryPoint","urlTemplate":"https:\/\/elfsight.com\/pt\/?s={search_term_string}"},"query-input":{"@type":"PropertyValueSpecification","valueRequired":true,"valueName":"search_term_string"}}],"inLanguage":"pt-PT"}]}},"meta_box":{"industry":"","seo_heading":"","heading":"","description":"","cta_heading":"","cta_description":"","application":"1383","h1":"Extens\u00e3o do bot\u00e3o OpenCart PayPal","h1_caption":"Processe pagamentos, assinaturas e doa\u00e7\u00f5es em seu site com extens\u00e3o do PayPal","application_category":[],"applications_title":"","applications_request_title":"","applications_request_button_text":"","hero_text":"","hero_video":"","hero_video_schema_markup":"","selling_points_title":"","selling_points_caption":"","selling_points":[],"selling_points_cta_text":"","features_title":"","features":"","ed_cta_examples_text":"","ed_cta_examples_hidden":"","ed_cta_demo_text":"","ed_cta_demo_hidden":"","why_caption":"","why_editor_title":"","why_editor_text":"","why_team_title":"","why_team_text":"","why_service_title":"","why_service_text":"","template_catalog_visible":"","template_catalog_title":"","template_catalog_text":"","template_catalog_categories_visible":"","demo_title":"Crie sua extens\u00e3o de bot\u00e3o do PayPal","demo_caption":"Configure seu bot\u00e3o PayPal e adicione-o ao seu site OpenCart gratuitamente!","default_faq_hidden":"","app_template_category":[],"platform":"61","template_public_id":"","codecanyon_url":"","codecanyon_item_id":"","codecanyon_price":"","pricing_caption":"","pricing_elfsight_apps_hide_column":"","pricing_elfsight_apps_url":"","pricing_codecanyon_price_caption":"","integration_category":[],"integration_request_title":"","integration_request_cta":"","integration_platform":"","integrations":[],"platform_category":[],"video_schema_markup":"","price":"a partir de US$ 0\/m\u00eas","trial":"","benefits":[{"text":"Assist\u00eancia de instala\u00e7\u00e3o gratuita"},{"text":"Atendimento ao cliente competente"},{"text":"Garantia de devolu\u00e7\u00e3o do dinheiro em 14 dias"},{"text":"Atualiza\u00e7\u00f5es cont\u00ednuas"}],"button_url":"#demo","button_target_blank":"","button_nofollow":"","attributes":[{"name":"Instala\u00e7\u00f5es","content":"10,000 - 100,000"},{"name":"Responsivo","content":"Sim"},{"name":"Navegadores compat\u00edveis","content":"Edge, Safari, Opera, Firefox, Chrome"}],"tags":[],"tags_disable_links":"","hide_more_platforms":"","video_object":"","demo_hide_cta":"","demo_hide_cloud_options":"","pricing_title":"","pricing":[{"pricing_icon":"platform","pricing_title":"Elfsight Apps","pricing_title_caption":"Solu\u00e7\u00e3o digital multiplataforma que se adapta a qualquer site","pricing_price":"a partir de US$ 0\/m\u00eas","pricing_price_caption":"comece com plano gratuito","pricing_benefits":[{"text":"Dom\u00ednios ilimitados"},{"text":"Suporte profissional ao cliente"},{"text":"Suporte profissional ao cliente"},{"text":"Totalmente personaliz\u00e1vel"}],"pricing_button_text":"Adicionar ao site","pricing_button_url":"#demo"}],"related_apps_title":"","related_apps_hidden":"","author":"","image":[],"title":"","job":"","social_networks":[]},"_links":{"self":[{"href":"https:\/\/elfsight.com\/pt\/wp-json\/wp\/v2\/pages\/7241","targetHints":{"allow":["GET"]}}],"collection":[{"href":"https:\/\/elfsight.com\/pt\/wp-json\/wp\/v2\/pages"}],"about":[{"href":"https:\/\/elfsight.com\/pt\/wp-json\/wp\/v2\/types\/page"}],"author":[{"embeddable":true,"href":"https:\/\/elfsight.com\/pt\/wp-json\/wp\/v2\/users\/9"}],"replies":[{"embeddable":true,"href":"https:\/\/elfsight.com\/pt\/wp-json\/wp\/v2\/comments?post=7241"}],"version-history":[{"count":1,"href":"https:\/\/elfsight.com\/pt\/wp-json\/wp\/v2\/pages\/7241\/revisions"}],"predecessor-version":[{"id":7245,"href":"https:\/\/elfsight.com\/pt\/wp-json\/wp\/v2\/pages\/7241\/revisions\/7245"}],"up":[{"embeddable":true,"href":"https:\/\/elfsight.com\/pt\/wp-json\/wp\/v2\/pages\/1038"}],"wp:attachment":[{"href":"https:\/\/elfsight.com\/pt\/wp-json\/wp\/v2\/media?parent=7241"}],"curies":[{"name":"wp","href":"https:\/\/api.w.org\/{rel}","templated":true}]}}