{"id":7240,"date":"1970-01-01T00:00:00","date_gmt":"1970-01-01T00:00:00","guid":{"rendered":"https:\/\/elfsight.com\/pt\/?page_id=7240"},"modified":"2024-11-13T12:11:19","modified_gmt":"2024-11-13T12:11:19","slug":"shopify","status":"publish","type":"page","link":"https:\/\/elfsight.com\/pt\/paypal-button-widget-generator\/shopify\/","title":{"rendered":"PayPal Button &#8211; Shopify"},"content":{"rendered":"<div class=\"application-platform-content-item-description application-platform-content-item\" id=\"description\" data-nav-section=\"description\"><h2>Incorpore o bot\u00e3o PayPal no Shopify com o widget Elfsight<\/h2><p>Adicione uma ferramenta de pagamento confi\u00e1vel ao seu site com a maior facilidade. Usando o bot\u00e3o PayPal da Elfsight, voc\u00ea pode aceitar pagamentos, assinaturas \u00fanicas e recorrentes e doa\u00e7\u00f5es de seus clientes. Molde seu bot\u00e3o personalizado, escolhendo a variante de pagamento, moeda, localiza\u00e7\u00e3o e op\u00e7\u00f5es de apar\u00eancia para torn\u00e1-lo \u00fanico. Seus clientes desfrutar\u00e3o de pagamentos r\u00e1pidos e pr\u00e1ticos em seu site atrav\u00e9s do bot\u00e3o PayPal.<\/p><p><b>Ofere\u00e7a a seus clientes a possibilidade de pagar com PayPal em seu site e aumente as vendas!<\/b><\/p><p><b>Um m\u00e9todo de pagamento pr\u00e1tico em seu site instalado sem codifica\u00e7\u00e3o em um momento<\/b>.<br>\u00c9 essencial para uma empresa forte oferecer ao seu p\u00fablico uma op\u00e7\u00e3o pr\u00e1tica de pagamentos online. O bot\u00e3o PayPal da Elfsight em seu site far\u00e1 isso. Instale-o rapidamente e sem esfor\u00e7o.<\/p><p><b>Um \u00fanico instrumento para receber pagamentos, assinaturas e doa\u00e7\u00f5es<\/b>.<br>Uma ferramenta da Elfsight permite criar bot\u00f5es para pagamentos, assinaturas e doa\u00e7\u00f5es em seu site. Economize tempo e esfor\u00e7o e utilize um instrumento universal, que lhe garante uma variedade de op\u00e7\u00f5es.<\/p><p><b>Um dos instrumentos de pagamento mais confi\u00e1veis \u200b\u200be conhecidos em seu site<\/b>.<br> Garanta um procedimento de pagamento pr\u00e1tico e simples para seus clientes e aumente as vendas. Permita que os usu\u00e1rios fa\u00e7am pagamentos por meio de uma ferramenta conhecida e segura em seu site e aumente a confian\u00e7a em seu neg\u00f3cio.<\/p><\/div><div class=\"application-platform-content-item-features application-platform-content-item\" id=\"features\" data-nav-section=\"features\"><h2>Principais recursos do widget do bot\u00e3o PayPal<\/h2><p>Veja por que o widget PayPal da Elfsight \u00e9 o melhor. Aqui est\u00e3o seus recursos \u00fateis:<\/p><ul><li>Defini\u00e7\u00e3o do pre\u00e7o do produto;<\/li><li>Op\u00e7\u00e3o para definir o pre\u00e7o do frete;<\/li><li>Voc\u00ea pode alterar o tamanho do bot\u00e3o usando uma barra deslizante pr\u00e1tica;<\/li><li>Texto e cor do texto do bot\u00e3o ajust\u00e1veis;<\/li><li>Mostrar ou ocultar o texto do logotipo do PayPal.<\/li><\/ul><p><a href=\"#demo\">Teste todos os detalhes<\/a><\/p><\/div><div class=\"application-platform-content-item-installation application-platform-content-item\" id=\"installation\" data-nav-section=\"installation\"><h2>Como adicionar o bot\u00e3o PayPal ao site do Shopify<\/h2><div class=\"video-container\"><iframe width=\"720\" height=\"405\" src=\"https:\/\/www.youtube.com\/embed\/1tR59ilBg6I\" frameborder=\"0\" allowfullscreen=\"\"><\/iframe><\/div><p>Confira um tutorial da nossa equipe, para exibir o plugin em seu site. O processo de instala\u00e7\u00e3o levar\u00e1 menos de alguns minutos e n\u00e3o \u00e9 necess\u00e1rio ter conhecimentos de programa\u00e7\u00e3o.<\/p><ol><li><b>Utilize nosso editor gratuito e comece a trabalhar com seu aplicativo personalizado. <\/b><br> Determine a apar\u00eancia e funcionalidade desejadas do aplicativo e aplique todas as modifica\u00e7\u00f5es. <\/li> <li><b>Copie seu c\u00f3digo individual que aparece na janela dos aplicativos Elfsight. <\/b><br> Assim que o estabelecimento do seu aplicativo pessoal terminar, copie o seu c\u00f3digo no pop-up exibido e salve-o para uso posterior. <\/li> <li><b>Iniciar a utiliza\u00e7\u00e3o do aplicativo no site da Shopify. <\/b><br> Cole o c\u00f3digo que voc\u00ea salvou recentemente em sua p\u00e1gina e salve as corre\u00e7\u00f5es. <\/li> <li><b>Pronto! A integra\u00e7\u00e3o foi realizada com sucesso. <\/b><br> Abra seu site para verificar o funcionamento do aplicativo. <\/li><\/ol><p>Est\u00e1 tendo dificuldades com as instru\u00e7\u00f5es? Envie uma mensagem para o centro de suporte da Elfsight ou verifique a vers\u00e3o completa do tutorial e tente novamente.<\/p><\/div><div class=\"faq\" data-component=\"FAQ\"><div class=\"faq-item\">\r\n\t\t\t\t\t<div class=\"faq-item-question\">\r\n\t\t\t\t\t\t<h3 class=\"faq-item-question-text\">Como devo incorporar um bot\u00e3o PayPal para o Shopify? <\/h3>\r\n\r\n\t\t\t\t\t\t<div class=\"faq-item-question-icon\"><\/div>\r\n\t\t\t\t\t<\/div>\r\n\r\n\t\t\t\t\t<div class=\"faq-item-answer\">\r\n\t\t\t\t\t\t<div class=\"faq-item-answer-text\"><p>A cria\u00e7\u00e3o da ferramenta \u00e9 realizada nas p\u00e1ginas da Elfsight e n\u00e3o h\u00e1 necessidade de aprender a programar. Aplique nossa demonstra\u00e7\u00e3o ativa para moldar sua ferramenta pessoal, pegue o c\u00f3digo e cole-o em seu site. <\/p><\/div>\r\n\t\t\t\t\t<\/div>\r\n\t\t\t\t<\/div><div class=\"faq-item\">\r\n\t\t\t\t\t<div class=\"faq-item-question\">\r\n\t\t\t\t\t\t<h3 class=\"faq-item-question-text\">As melhores maneiras de usar a integra\u00e7\u00e3o do PayPal<\/h3>\r\n\r\n\t\t\t\t\t\t<div class=\"faq-item-question-icon\"><\/div>\r\n\t\t\t\t\t<\/div>\r\n\r\n\t\t\t\t\t<div class=\"faq-item-answer\">\r\n\t\t\t\t\t\t<div class=\"faq-item-answer-text\"><p>Oferecemos a voc\u00ea uma infinidade de op\u00e7\u00f5es de personaliza\u00e7\u00e3o: widgets em tamanho real para adicionar na \u00e1rea de conte\u00fado, widgets flutuantes para op\u00e7\u00f5es de rolagem, layouts de rodap\u00e9, cabe\u00e7alho e todas as varia\u00e7\u00f5es de possibilidades verticais para barras laterais e menus do site. <\/p><\/div>\r\n\t\t\t\t\t<\/div>\r\n\t\t\t\t<\/div><div class=\"faq-item\">\r\n\t\t\t\t\t<div class=\"faq-item-question\">\r\n\t\t\t\t\t\t<h3 class=\"faq-item-question-text\">Posso criar um bot\u00e3o PayPal de assinatura ou doa\u00e7\u00e3o com a ajuda do editor? <\/h3>\r\n\r\n\t\t\t\t\t\t<div class=\"faq-item-question-icon\"><\/div>\r\n\t\t\t\t\t<\/div>\r\n\r\n\t\t\t\t\t<div class=\"faq-item-answer\">\r\n\t\t\t\t\t\t<div class=\"faq-item-answer-text\"><p>Voc\u00ea \u00e9 livre para criar altera\u00e7\u00f5es em qualquer widget. Existem v\u00e1rios layouts \u00e0 sua disposi\u00e7\u00e3o no editor, e todos eles podem ser facilmente customizados conforme sua necessidade. <\/p><\/div>\r\n\t\t\t\t\t<\/div>\r\n\t\t\t\t<\/div><\/div>","protected":false},"excerpt":{"rendered":"","protected":false},"author":9,"featured_media":0,"parent":1038,"menu_order":0,"comment_status":"closed","ping_status":"closed","template":"templates\/template-application-platform.php","meta":{"publish_to_discourse":"","publish_post_category":"","wpdc_auto_publish_overridden":"","wpdc_topic_tags":"","wpdc_pin_topic":"","wpdc_pin_until":"","discourse_post_id":"","discourse_permalink":"","wpdc_publishing_response":"","wpdc_publishing_error":"","footnotes":""},"class_list":["post-7240","page","type-page","status-publish","hentry"],"yoast_head":"<!-- This site is optimized with the Yoast SEO plugin v25.3.1 - https:\/\/yoast.com\/wordpress\/plugins\/seo\/ -->\n<title>Bot\u00e3o PayPal - Adicionar aplicativo PayPal ao site Shopify (2025)<\/title>\n<meta name=\"description\" content=\"Integre nosso bot\u00e3o PayPal no site Shopify agora mesmo! Gere um aplicativo de pagamento projetado individualmente para o seu site em apenas alguns minutos!\" \/>\n<meta name=\"robots\" content=\"index, follow, max-snippet:-1, max-image-preview:large, max-video-preview:-1\" \/>\n<link rel=\"canonical\" href=\"https:\/\/elfsight.com\/pt\/paypal-button-widget-generator\/shopify\/\" \/>\n<meta property=\"og:locale\" content=\"pt_PT\" \/>\n<meta property=\"og:type\" content=\"article\" \/>\n<meta property=\"og:title\" content=\"Bot\u00e3o PayPal - Adicionar aplicativo PayPal ao site Shopify (2025)\" \/>\n<meta property=\"og:description\" content=\"Integre nosso bot\u00e3o PayPal no site Shopify agora mesmo! Gere um aplicativo de pagamento projetado individualmente para o seu site em apenas alguns minutos!\" \/>\n<meta property=\"og:url\" content=\"https:\/\/elfsight.com\/pt\/paypal-button-widget-generator\/shopify\/\" \/>\n<meta property=\"og:site_name\" content=\"Elfsight PT\" \/>\n<meta property=\"article:modified_time\" content=\"2024-11-13T12:11:19+00:00\" \/>\n<meta name=\"twitter:card\" content=\"summary_large_image\" \/>\n<meta name=\"twitter:label1\" content=\"Tempo estimado de leitura\" \/>\n\t<meta name=\"twitter:data1\" content=\"4 minutos\" \/>\n<!-- \/ Yoast SEO plugin. -->","yoast_head_json":{"title":"Bot\u00e3o PayPal - Adicionar aplicativo PayPal ao site Shopify (2025)","description":"Integre nosso bot\u00e3o PayPal no site Shopify agora mesmo! Gere um aplicativo de pagamento projetado individualmente para o seu site em apenas alguns minutos!","robots":{"index":"index","follow":"follow","max-snippet":"max-snippet:-1","max-image-preview":"max-image-preview:large","max-video-preview":"max-video-preview:-1"},"canonical":"https:\/\/elfsight.com\/pt\/paypal-button-widget-generator\/shopify\/","og_locale":"pt_PT","og_type":"article","og_title":"Bot\u00e3o PayPal - Adicionar aplicativo PayPal ao site Shopify (2025)","og_description":"Integre nosso bot\u00e3o PayPal no site Shopify agora mesmo! Gere um aplicativo de pagamento projetado individualmente para o seu site em apenas alguns minutos!","og_url":"https:\/\/elfsight.com\/pt\/paypal-button-widget-generator\/shopify\/","og_site_name":"Elfsight PT","article_modified_time":"2024-11-13T12:11:19+00:00","twitter_card":"summary_large_image","twitter_misc":{"Tempo estimado de leitura":"4 minutos"},"schema":{"@context":"https:\/\/schema.org","@graph":[{"@type":"WebPage","@id":"https:\/\/elfsight.com\/pt\/paypal-button-widget-generator\/shopify\/","url":"https:\/\/elfsight.com\/pt\/paypal-button-widget-generator\/shopify\/","name":"Bot\u00e3o PayPal - Adicionar aplicativo PayPal ao site Shopify (2025)","isPartOf":{"@id":"https:\/\/elfsight.com\/pt\/#website"},"datePublished":"1970-01-01T00:00:00+00:00","dateModified":"2024-11-13T12:11:19+00:00","description":"Integre nosso bot\u00e3o PayPal no site Shopify agora mesmo! Gere um aplicativo de pagamento projetado individualmente para o seu site em apenas alguns minutos!","breadcrumb":{"@id":"https:\/\/elfsight.com\/pt\/paypal-button-widget-generator\/shopify\/#breadcrumb"},"inLanguage":"pt-PT","potentialAction":[{"@type":"ReadAction","target":["https:\/\/elfsight.com\/pt\/paypal-button-widget-generator\/shopify\/"]}]},{"@type":"BreadcrumbList","@id":"https:\/\/elfsight.com\/pt\/paypal-button-widget-generator\/shopify\/#breadcrumb","itemListElement":[{"@type":"ListItem","position":1,"name":"Home","item":"https:\/\/elfsight.com\/pt\/"},{"@type":"ListItem","position":2,"name":"PayPal Button","item":"https:\/\/elfsight.com\/pt\/paypal-button-widget-generator\/"},{"@type":"ListItem","position":3,"name":"PayPal Button &#8211; Shopify"}]},{"@type":"WebSite","@id":"https:\/\/elfsight.com\/pt\/#website","url":"https:\/\/elfsight.com\/pt\/","name":"Elfsight PT","description":"Just another Elfsight Sites site","potentialAction":[{"@type":"SearchAction","target":{"@type":"EntryPoint","urlTemplate":"https:\/\/elfsight.com\/pt\/?s={search_term_string}"},"query-input":{"@type":"PropertyValueSpecification","valueRequired":true,"valueName":"search_term_string"}}],"inLanguage":"pt-PT"}]}},"meta_box":{"industry":"","seo_heading":"","heading":"","description":"","cta_heading":"","cta_description":"","application":"1383","h1":"Aplicativo Shopify PayPal Button","h1_caption":"Aceite pagamentos \u00fanicos, assinaturas e doa\u00e7\u00f5es em seu site atrav\u00e9s do PayPal","application_category":[],"applications_title":"","applications_request_title":"","applications_request_button_text":"","hero_text":"","hero_video":"","hero_video_schema_markup":"","selling_points_title":"","selling_points_caption":"","selling_points":[],"selling_points_cta_text":"","features_title":"","features":"","ed_cta_examples_text":"","ed_cta_examples_hidden":"","ed_cta_demo_text":"","ed_cta_demo_hidden":"","why_caption":"","why_editor_title":"","why_editor_text":"","why_team_title":"","why_team_text":"","why_service_title":"","why_service_text":"","template_catalog_visible":"","template_catalog_title":"","template_catalog_text":"","template_catalog_categories_visible":"","demo_title":"Crie seu aplicativo de bot\u00e3o do PayPal","demo_caption":"Configure seu bot\u00e3o PayPal e adicione-o ao seu site Shopify gratuitamente!","default_faq_hidden":"","app_template_category":[],"platform":"64","template_public_id":"","codecanyon_url":"","codecanyon_item_id":"","codecanyon_price":"","pricing_caption":"","pricing_elfsight_apps_hide_column":"","pricing_elfsight_apps_url":"","pricing_codecanyon_price_caption":"","integration_category":[],"integration_request_title":"","integration_request_cta":"","integration_platform":"","integrations":[],"platform_category":[],"video_schema_markup":"","price":"a partir de US$ 0\/m\u00eas","trial":"","benefits":[{"text":"Servi\u00e7o de instala\u00e7\u00e3o gratuito"},{"text":"Suporte premium"},{"text":"Garantia de devolu\u00e7\u00e3o do dinheiro em 14 dias"},{"text":"Atualiza\u00e7\u00f5es gratuitas cont\u00ednuas"}],"button_url":"#demo","button_target_blank":"","button_nofollow":"","attributes":[{"name":"Instala\u00e7\u00f5es","content":"10,000 - 100,000"},{"name":"Responsivo","content":"Sim"},{"name":"Navegadores compat\u00edveis","content":"Firefox, Safari, Opera, Chrome, Edge"}],"tags":[],"tags_disable_links":"","hide_more_platforms":"","video_object":"","demo_hide_cta":"","demo_hide_cloud_options":"","pricing_title":"","pricing":[{"pricing_icon":"platform","pricing_title":"Elfsight Apps","pricing_title_caption":"Vers\u00e3o multiplataforma que funciona em qualquer site","pricing_price":"a partir de US$ 0\/m\u00eas","pricing_price_caption":"comece com plano gratuito","pricing_benefits":[{"text":"Sites ilimitados"},{"text":"Suporte premium"},{"text":"Suporte premium"},{"text":"Oferta especial para v\u00e1rios aplicativos"}],"pricing_button_text":"Adicionar ao site","pricing_button_url":"#demo"}],"related_apps_title":"","related_apps_hidden":"","author":"","image":[],"title":"","job":"","social_networks":[]},"_links":{"self":[{"href":"https:\/\/elfsight.com\/pt\/wp-json\/wp\/v2\/pages\/7240","targetHints":{"allow":["GET"]}}],"collection":[{"href":"https:\/\/elfsight.com\/pt\/wp-json\/wp\/v2\/pages"}],"about":[{"href":"https:\/\/elfsight.com\/pt\/wp-json\/wp\/v2\/types\/page"}],"author":[{"embeddable":true,"href":"https:\/\/elfsight.com\/pt\/wp-json\/wp\/v2\/users\/9"}],"replies":[{"embeddable":true,"href":"https:\/\/elfsight.com\/pt\/wp-json\/wp\/v2\/comments?post=7240"}],"version-history":[{"count":2,"href":"https:\/\/elfsight.com\/pt\/wp-json\/wp\/v2\/pages\/7240\/revisions"}],"predecessor-version":[{"id":12021,"href":"https:\/\/elfsight.com\/pt\/wp-json\/wp\/v2\/pages\/7240\/revisions\/12021"}],"up":[{"embeddable":true,"href":"https:\/\/elfsight.com\/pt\/wp-json\/wp\/v2\/pages\/1038"}],"wp:attachment":[{"href":"https:\/\/elfsight.com\/pt\/wp-json\/wp\/v2\/media?parent=7240"}],"curies":[{"name":"wp","href":"https:\/\/api.w.org\/{rel}","templated":true}]}}