{"id":7233,"date":"1970-01-01T00:00:00","date_gmt":"1970-01-01T00:00:00","guid":{"rendered":"https:\/\/elfsight.com\/pt\/?page_id=7233"},"modified":"2024-11-13T12:11:11","modified_gmt":"2024-11-13T12:11:11","slug":"webnode","status":"publish","type":"page","link":"https:\/\/elfsight.com\/pt\/paypal-button-widget-generator\/webnode\/","title":{"rendered":"PayPal Button &#8211; Webnode"},"content":{"rendered":"<div class=\"application-platform-content-item-description application-platform-content-item\" id=\"description\" data-nav-section=\"description\"><h2>Descri\u00e7\u00e3o<\/h2><p>O bot\u00e3o PayPal da Elfsight \u00e9 uma forma simples de permitir que os seus clientes fa\u00e7am pagamentos via PayPal no seu site. Permite criar bot\u00f5es para pagamentos \u00fanicos, assinaturas e doa\u00e7\u00f5es. Voc\u00ea \u00e9 livre para demonstrar impostos e pre\u00e7o de entrega, alinhar localiza\u00e7\u00e3o e moeda, exibir texto e ainda mais recursos. Organize um procedimento de pagamento f\u00e1cil e seguro para sua clientela em tempo real, com a ajuda de um dos sistemas de pagamento mais confi\u00e1veis.<\/p><p><b>Introduza pagamentos via PayPal em seu site com a maior facilidade! <\/b><\/p><p><b>Um procedimento de pagamento f\u00e1cil em seu site, sem codifica\u00e7\u00e3o, em um momento<\/b>.<br>Todos os clientes valorizam a possibilidade de pagar on-line com conforto. Obtenha o seu pr\u00f3prio bot\u00e3o PayPal com a Elfsight e organizar\u00e1 um m\u00e9todo de pagamento descomplicado e r\u00e1pido para os seus utilizadores. Sem codifica\u00e7\u00e3o, sem esfor\u00e7o.<\/p><p><b>Um \u00fanico instrumento para receber pagamentos, assinaturas e doa\u00e7\u00f5es<\/b>.<br>Permita que seus usu\u00e1rios fa\u00e7am pagamentos, assinem seus servi\u00e7os e doem para sua empresa . Tudo isto est\u00e1 dispon\u00edvel numa solu\u00e7\u00e3o multifuncional da Elfsight, que o ajuda a poupar tempo e esfor\u00e7o.<\/p><p><b>Um dos sistemas de pagamento mais seguros e difundidos no seu site<\/b>.<br>Obtenha o melhor para seus usu\u00e1rios aumentarem as vendas. Permita que os clientes fa\u00e7am pagamentos por meio de uma ferramenta popular e confi\u00e1vel em seu site e mostre a eles que seu neg\u00f3cio \u00e9 confi\u00e1vel.<\/p><p><\/div><\/p><div class=\"application-platform-content-item-features application-platform-content-item\" id=\"features\" data-nav-section=\"features\"><h2>Recursos<\/h2><p>O que torna nosso widget o melhor? Veja as funcionalidades que oferece:<\/p><ul><li>Tr\u00eas tipos de bot\u00f5es: Pagamento \u00fanico, Assinatura, Doa\u00e7\u00e3o;<\/li><li>Op\u00e7\u00e3o de assinatura recorrente;<\/li><li>Definir qualquer texto acima do bot\u00e3o, usando o cabe\u00e7alho do bot\u00e3o;<\/li><li>Texto e cor do texto do bot\u00e3o ajust\u00e1veis;<\/li><li>Mostrar ou ocultar o texto do logotipo do PayPal.<\/li><\/ul><p><a href=\"#demo\">Leia todas as vantagens em nosso editor gratuito<\/a><\/p><\/div><div class=\"application-platform-content-item-installation application-platform-content-item\" id=\"installation\" data-nav-section=\"installation\"><h2>Como adicionar um plugin de bot\u00e3o do PayPal ao site Webnode<\/h2><p>O tempo resumido do processo \u00e9 de apenas 3 minutos, al\u00e9m de voc\u00ea n\u00e3o precisar de compet\u00eancia em desenvolvimento.<\/p><ol><li><b>Construa seu bot\u00e3o PayPal personalizado.<\/b><br> Usando nosso configurador gratuito, crie um plugin para sua forma de pagamento. Personalize a sua interface.<\/li><li><b>Receba o c\u00f3digo para publicar o plugin.<\/b><br>Ap\u00f3s a cria\u00e7\u00e3o do widget, obtenha o c\u00f3digo do plugin PayPal a partir da notifica\u00e7\u00e3o nas aplica\u00e7\u00f5es Elfsight.<\/li><li><b>Incorpore o plugin em seu site Webnode.<\/b><br>Insira o plugin no local desejado da p\u00e1gina e publique os resultados.<\/li><li><b>Pronto!<\/b><br>Visite seu site Webnode para ver seu trabalho.<\/li><\/ol><p>Tem alguma d\u00favida ao usar o guia? Entre em contacto com o nosso servi\u00e7o de suporte ou consulte uma variante completa do manual.<\/p><div class=\"faq\" data-component=\"FAQ\"> <div class=\"faq-item\">\r\n\t\t\t\t\t<div class=\"faq-item-question\">\r\n\t\t\t\t\t\t<h3 class=\"faq-item-question-text\">Como adicionar um bot\u00e3o PayPal ao meu site Webnode sem conhecimentos de codifica\u00e7\u00e3o?<\/h3>\r\n\r\n\t\t\t\t\t\t<div class=\"faq-item-question-icon\"><\/div>\r\n\t\t\t\t\t<\/div>\r\n\r\n\t\t\t\t\t<div class=\"faq-item-answer\">\r\n\t\t\t\t\t\t<div class=\"faq-item-answer-text\"> <p>A Elfsight fornece uma solu\u00e7\u00e3o Solu\u00e7\u00e3o SaaS que permite que voc\u00ea mesmo crie um widget de bot\u00e3o PayPal, veja como o processo \u00e9 f\u00e1cil: Trabalhe diretamente no Editor online para criar um widget de bot\u00e3o PayPal que voc\u00ea gostaria de ver em seu site Webnode. Escolha um dos modelos predefinidos e ajuste as configura\u00e7\u00f5es do bot\u00e3o do PayPal, adicione seu conte\u00fado, altere o layout e as cores sem habilidades de codifica\u00e7\u00e3o. Salve o bot\u00e3o do PayPal e copie seu c\u00f3digo de instala\u00e7\u00e3o, que voc\u00ea pode incorporar facilmente ao seu site Webnode sem adquirir um plano pago. Com nosso editor intuitivo, qualquer usu\u00e1rio da Internet pode criar um widget de bot\u00e3o do PayPal online e incorpor\u00e1-lo facilmente ao seu site Webnode. N\u00e3o h\u00e1 necessidade de pagar ou inserir as credenciais do seu cart\u00e3o para acessar o servi\u00e7o. Se voc\u00ea enfrentar qualquer problema em qualquer etapa, n\u00e3o hesite em entrar em contato com nossa equipe de suporte t\u00e9cnico.<\/p> <\/div>\r\n\t\t\t\t\t<\/div>\r\n\t\t\t\t<\/div> <\/div> <\/div>","protected":false},"excerpt":{"rendered":"","protected":false},"author":9,"featured_media":0,"parent":1038,"menu_order":0,"comment_status":"closed","ping_status":"closed","template":"templates\/template-application-platform.php","meta":{"publish_to_discourse":"","publish_post_category":"","wpdc_auto_publish_overridden":"","wpdc_topic_tags":"","wpdc_pin_topic":"","wpdc_pin_until":"","discourse_post_id":"","discourse_permalink":"","wpdc_publishing_response":"","wpdc_publishing_error":"","footnotes":""},"class_list":["post-7233","page","type-page","status-publish","hentry"],"yoast_head":"<!-- This site is optimized with the Yoast SEO plugin v25.3.1 - https:\/\/yoast.com\/wordpress\/plugins\/seo\/ -->\n<title>Bot\u00e3o PayPal - Adicione o widget PayPal ao site Webnode (em 2 minutos)<\/title>\n<meta name=\"description\" content=\"Crie seu bot\u00e3o PayPal personalizado para Webnode em apenas alguns minutos. Confira uma demonstra\u00e7\u00e3o simples de cria\u00e7\u00e3o de widgets da Elfsight totalmente gratuita.\" \/>\n<meta name=\"robots\" content=\"index, follow, max-snippet:-1, max-image-preview:large, max-video-preview:-1\" \/>\n<link rel=\"canonical\" href=\"https:\/\/elfsight.com\/pt\/paypal-button-widget-generator\/webnode\/\" \/>\n<meta property=\"og:locale\" content=\"pt_PT\" \/>\n<meta property=\"og:type\" content=\"article\" \/>\n<meta property=\"og:title\" content=\"Bot\u00e3o PayPal - Adicione o widget PayPal ao site Webnode (em 2 minutos)\" \/>\n<meta property=\"og:description\" content=\"Crie seu bot\u00e3o PayPal personalizado para Webnode em apenas alguns minutos. Confira uma demonstra\u00e7\u00e3o simples de cria\u00e7\u00e3o de widgets da Elfsight totalmente gratuita.\" \/>\n<meta property=\"og:url\" content=\"https:\/\/elfsight.com\/pt\/paypal-button-widget-generator\/webnode\/\" \/>\n<meta property=\"og:site_name\" content=\"Elfsight PT\" \/>\n<meta property=\"article:modified_time\" content=\"2024-11-13T12:11:11+00:00\" \/>\n<meta name=\"twitter:card\" content=\"summary_large_image\" \/>\n<meta name=\"twitter:label1\" content=\"Tempo estimado de leitura\" \/>\n\t<meta name=\"twitter:data1\" content=\"3 minutos\" \/>\n<!-- \/ Yoast SEO plugin. -->","yoast_head_json":{"title":"Bot\u00e3o PayPal - Adicione o widget PayPal ao site Webnode (em 2 minutos)","description":"Crie seu bot\u00e3o PayPal personalizado para Webnode em apenas alguns minutos. Confira uma demonstra\u00e7\u00e3o simples de cria\u00e7\u00e3o de widgets da Elfsight totalmente gratuita.","robots":{"index":"index","follow":"follow","max-snippet":"max-snippet:-1","max-image-preview":"max-image-preview:large","max-video-preview":"max-video-preview:-1"},"canonical":"https:\/\/elfsight.com\/pt\/paypal-button-widget-generator\/webnode\/","og_locale":"pt_PT","og_type":"article","og_title":"Bot\u00e3o PayPal - Adicione o widget PayPal ao site Webnode (em 2 minutos)","og_description":"Crie seu bot\u00e3o PayPal personalizado para Webnode em apenas alguns minutos. Confira uma demonstra\u00e7\u00e3o simples de cria\u00e7\u00e3o de widgets da Elfsight totalmente gratuita.","og_url":"https:\/\/elfsight.com\/pt\/paypal-button-widget-generator\/webnode\/","og_site_name":"Elfsight PT","article_modified_time":"2024-11-13T12:11:11+00:00","twitter_card":"summary_large_image","twitter_misc":{"Tempo estimado de leitura":"3 minutos"},"schema":{"@context":"https:\/\/schema.org","@graph":[{"@type":"WebPage","@id":"https:\/\/elfsight.com\/pt\/paypal-button-widget-generator\/webnode\/","url":"https:\/\/elfsight.com\/pt\/paypal-button-widget-generator\/webnode\/","name":"Bot\u00e3o PayPal - Adicione o widget PayPal ao site Webnode (em 2 minutos)","isPartOf":{"@id":"https:\/\/elfsight.com\/pt\/#website"},"datePublished":"1970-01-01T00:00:00+00:00","dateModified":"2024-11-13T12:11:11+00:00","description":"Crie seu bot\u00e3o PayPal personalizado para Webnode em apenas alguns minutos. Confira uma demonstra\u00e7\u00e3o simples de cria\u00e7\u00e3o de widgets da Elfsight totalmente gratuita.","breadcrumb":{"@id":"https:\/\/elfsight.com\/pt\/paypal-button-widget-generator\/webnode\/#breadcrumb"},"inLanguage":"pt-PT","potentialAction":[{"@type":"ReadAction","target":["https:\/\/elfsight.com\/pt\/paypal-button-widget-generator\/webnode\/"]}]},{"@type":"BreadcrumbList","@id":"https:\/\/elfsight.com\/pt\/paypal-button-widget-generator\/webnode\/#breadcrumb","itemListElement":[{"@type":"ListItem","position":1,"name":"Home","item":"https:\/\/elfsight.com\/pt\/"},{"@type":"ListItem","position":2,"name":"PayPal Button","item":"https:\/\/elfsight.com\/pt\/paypal-button-widget-generator\/"},{"@type":"ListItem","position":3,"name":"PayPal Button &#8211; Webnode"}]},{"@type":"WebSite","@id":"https:\/\/elfsight.com\/pt\/#website","url":"https:\/\/elfsight.com\/pt\/","name":"Elfsight PT","description":"Just another Elfsight Sites site","potentialAction":[{"@type":"SearchAction","target":{"@type":"EntryPoint","urlTemplate":"https:\/\/elfsight.com\/pt\/?s={search_term_string}"},"query-input":{"@type":"PropertyValueSpecification","valueRequired":true,"valueName":"search_term_string"}}],"inLanguage":"pt-PT"}]}},"meta_box":{"industry":"","seo_heading":"","heading":"","description":"","cta_heading":"","cta_description":"","application":"1383","h1":"Widget de bot\u00e3o Webnode PayPal","h1_caption":"Receba pagamentos \u00fanicos, assinaturas e doa\u00e7\u00f5es em seu site com o PayPal","application_category":[],"applications_title":"","applications_request_title":"","applications_request_button_text":"","hero_text":"","hero_video":"","hero_video_schema_markup":"","selling_points_title":"","selling_points_caption":"","selling_points":[],"selling_points_cta_text":"","features_title":"","features":"","ed_cta_examples_text":"","ed_cta_examples_hidden":"","ed_cta_demo_text":"","ed_cta_demo_hidden":"","why_caption":"","why_editor_title":"","why_editor_text":"","why_team_title":"","why_team_text":"","why_service_title":"","why_service_text":"","template_catalog_visible":"","template_catalog_title":"","template_catalog_text":"","template_catalog_categories_visible":"","demo_title":"Crie seu widget de bot\u00e3o do PayPal","demo_caption":"Configure seu bot\u00e3o PayPal e adicione-o ao seu site Webnode gratuitamente!","default_faq_hidden":"","app_template_category":[],"platform":"4917","template_public_id":"","codecanyon_url":"","codecanyon_item_id":"","codecanyon_price":"","pricing_caption":"","pricing_elfsight_apps_hide_column":"","pricing_elfsight_apps_url":"","pricing_codecanyon_price_caption":"","integration_category":[],"integration_request_title":"","integration_request_cta":"","integration_platform":"","integrations":[],"platform_category":[],"video_schema_markup":"","price":"a partir de US$ 0\/m\u00eas","trial":"","benefits":[{"text":"Assist\u00eancia de instala\u00e7\u00e3o gratuita"},{"text":"Suporte premium"},{"text":"Garantia de reembolso de 14 dias"},{"text":"Atualizando constantemente"}],"button_url":"#demo","button_target_blank":"","button_nofollow":"","attributes":[{"name":"Instala\u00e7\u00f5es","content":"10,000 - 100,000"},{"name":"Responsivo","content":"Sim"},{"name":"Navegadores compat\u00edveis","content":"Firefox, Safari, Opera, Chrome, Edge"}],"tags":[],"tags_disable_links":"","hide_more_platforms":"","video_object":"","demo_hide_cta":"","demo_hide_cloud_options":"","pricing_title":"","pricing":[{"pricing_icon":"platform","pricing_title":"Elfsight Apps","pricing_title_caption":"Solu\u00e7\u00e3o digital independente de plataforma que se adapta a qualquer site","pricing_price":"a partir de US$ 0\/m\u00eas","pricing_price_caption":"comece com plano gratuito","pricing_benefits":[{"text":"Sites ilimitados"},{"text":"Suporte r\u00e1pido e pontual e bem documentado"},{"text":"Suporte r\u00e1pido e pontual e bem documentado"},{"text":"\u00d3timo neg\u00f3cio para v\u00e1rios aplicativos"}],"pricing_button_text":"Adicionar ao site","pricing_button_url":"#demo"}],"related_apps_title":"","related_apps_hidden":"","author":"","image":[],"title":"","job":"","social_networks":[]},"_links":{"self":[{"href":"https:\/\/elfsight.com\/pt\/wp-json\/wp\/v2\/pages\/7233","targetHints":{"allow":["GET"]}}],"collection":[{"href":"https:\/\/elfsight.com\/pt\/wp-json\/wp\/v2\/pages"}],"about":[{"href":"https:\/\/elfsight.com\/pt\/wp-json\/wp\/v2\/types\/page"}],"author":[{"embeddable":true,"href":"https:\/\/elfsight.com\/pt\/wp-json\/wp\/v2\/users\/9"}],"replies":[{"embeddable":true,"href":"https:\/\/elfsight.com\/pt\/wp-json\/wp\/v2\/comments?post=7233"}],"version-history":[{"count":1,"href":"https:\/\/elfsight.com\/pt\/wp-json\/wp\/v2\/pages\/7233\/revisions"}],"predecessor-version":[{"id":7237,"href":"https:\/\/elfsight.com\/pt\/wp-json\/wp\/v2\/pages\/7233\/revisions\/7237"}],"up":[{"embeddable":true,"href":"https:\/\/elfsight.com\/pt\/wp-json\/wp\/v2\/pages\/1038"}],"wp:attachment":[{"href":"https:\/\/elfsight.com\/pt\/wp-json\/wp\/v2\/media?parent=7233"}],"curies":[{"name":"wp","href":"https:\/\/api.w.org\/{rel}","templated":true}]}}