{"id":7226,"date":"1970-01-01T00:00:00","date_gmt":"1970-01-01T00:00:00","guid":{"rendered":"https:\/\/elfsight.com\/pt\/?page_id=7226"},"modified":"2025-03-04T11:02:17","modified_gmt":"2025-03-04T11:02:17","slug":"wordpress","status":"publish","type":"page","link":"https:\/\/elfsight.com\/pt\/paypal-button-widget-generator\/wordpress\/","title":{"rendered":"PayPal Button &#8211; WordPress"},"content":{"rendered":"\n<div class=\"application-platform-content-item-description application-platform-content-item\" id=\"description\" data-nav-section=\"description\"><h2>Incorpore o bot\u00e3o PayPal no WordPress com o widget Elfsight<\/h2><p>Incorpore um instrumento de pagamento f\u00e1cil e comprovado em seu site. Com o plugin Elfsight PayPal, voc\u00ea pode processar pagamentos \u00fanicos, assinaturas recorrentes e doa\u00e7\u00f5es de clientes. Desenhe seu bot\u00e3o personalizado, escolhendo a forma de pagamento, moeda, localiza\u00e7\u00e3o e transformando o visual para torn\u00e1-lo \u00fanico. Sua clientela desfrutar\u00e1 de um procedimento de pagamento r\u00e1pido e pr\u00e1tico em seu site com a ajuda do bot\u00e3o PayPal.<\/p><p><b>Utilize todos os benef\u00edcios do PayPal para seus clientes e para voc\u00ea mesmo!<\/b><\/p> <p><b>Uma ferramenta de pagamento eficaz em seu site, sem codifica\u00e7\u00e3o e em poucos minutos<\/b>.<br>Para compradores on-line, uma maneira pr\u00e1tica e segura de pagar significa muito. Construa seu bot\u00e3o para PayPal usando a Elfsight e voc\u00ea instalar\u00e1 um procedimento de pagamento confi\u00e1vel e r\u00e1pido para seus clientes. Sem codifica\u00e7\u00e3o, sem esfor\u00e7o.<\/p><p><b>Um instrumento universal para processar pagamentos, assinaturas e doa\u00e7\u00f5es<\/b>.<br>Permita que seus usu\u00e1rios fa\u00e7am check-out, inscrevam-se e doem. Tudo isto est\u00e1 dispon\u00edvel numa \u00fanica solu\u00e7\u00e3o da Elfsight, que o ajuda a poupar tempo e dinheiro.<\/p><p><b>Uma das variantes de pagamento mais conceituadas e difundidas no seu site<\/b>.<br> Torne seu site realmente confort\u00e1vel para sua clientela atrair mais vendas. Permita que os usu\u00e1rios fa\u00e7am pagamentos por meio de um instrumento popular e confi\u00e1vel em seu site e mostre a eles que sua empresa \u00e9 confi\u00e1vel.<\/p><\/div><div class=\"application-platform-content-item-features application-platform-content-item\" id=\"features\" data-nav-section=\"features\"><h2>Principais recursos do widget do bot\u00e3o PayPal<\/h2><p>Confira os recursos que tornam nosso widget um dos melhores para pagamentos em sites:<\/p><ul><li>Definir a localiza\u00e7\u00e3o do seu bot\u00e3o a partir da lista predefinida de pa\u00edses;<\/li><li> Op\u00e7\u00e3o para definir o pre\u00e7o de envio;<\/li><li>Tamanho responsivo para uma apar\u00eancia ideal em qualquer dispositivo;<\/li><li>Escolha da cor do bot\u00e3o;<\/li><li>Mostrar ou ocultar o texto do logotipo do PayPal.<\/li><\/ul><a href=\"#demo\"><p>Confira todos os recursos do widget no editor intuitivo.<\/a><\/p><\/div><div class=\"application-platform-content-item-installation application-platform-content-item\" id=\"installation\" data-nav-section=\"installation\"><h2>Como adicionar o plugin do bot\u00e3o PayPal ao site WordPress<\/h2><div class=\"video-container\"><iframe width=\"720\" height=\"405\" src=\"https:\/\/www.youtube.com\/embed\/AqVDLoeIajA\" frameborder=\"0\" allowfullscreen=\"\"><\/iframe><\/div><p>Basta seguir as etapas apresentadas abaixo para come\u00e7ar a trabalhar com o plugin no WordPress.<\/p> <ol><li><b>Inicie nosso editor gratuito e comece a moldar seu instrumento personalizado. <\/b><br> Determine a apar\u00eancia e as caracter\u00edsticas personalizadas do widget e salve as corre\u00e7\u00f5es. <\/li> <li><b>Adquira o c\u00f3digo individual que aparece na janela dos aplicativos Elfsight. <\/b><br> Ap\u00f3s a cria\u00e7\u00e3o do seu plugin pessoal do bot\u00e3o PayPal, copie o c\u00f3digo individual na caixa exibida e guarde-o para uso posterior. <\/li> <li><b>Inicie a utiliza\u00e7\u00e3o da ferramenta em seu site WordPress. <\/b><br> Integre o c\u00f3digo copiado anteriormente em seu site e aplique as melhorias. <\/li> <li><b>A instala\u00e7\u00e3o foi totalmente realizada. <\/b><br> Acesse seu site para ver como o widget est\u00e1 funcionando. <\/li><\/ol><p>N\u00e3o conseguiu criar ou adicionar o widget do PayPal no seu site? Dirija-se ao nosso centro de suporte.<\/p><\/div><div class=\"faq\" data-component=\"FAQ\"><div class=\"faq-item\">\r\n\t\t\t\t\t<div class=\"faq-item-question\">\r\n\t\t\t\t\t\t<h3 class=\"faq-item-question-text\">Como posso incorporar um bot\u00e3o do PayPal ao meu WordPress? <\/h3>\r\n\r\n\t\t\t\t\t\t<div class=\"faq-item-question-icon\"><\/div>\r\n\t\t\t\t\t<\/div>\r\n\r\n\t\t\t\t\t<div class=\"faq-item-answer\">\r\n\t\t\t\t\t\t<div class=\"faq-item-answer-text\"><p>A constru\u00e7\u00e3o de a ferramenta ocorre no site da Elfsight e voc\u00ea n\u00e3o precisa codificar. Aplique nossa demonstra\u00e7\u00e3o ativa para personalizar seu widget pessoal, adquirir o c\u00f3digo e implement\u00e1-lo em seu site. <\/p><\/div>\r\n\t\t\t\t\t<\/div>\r\n\t\t\t\t<\/div><div class=\"faq-item\">\r\n\t\t\t\t\t<div class=\"faq-item-question\">\r\n\t\t\t\t\t\t<h3 class=\"faq-item-question-text\">Os melhores exemplos de uso da integra\u00e7\u00e3o com o PayPal<\/h3>\r\n\r\n\t\t\t\t\t\t<div class=\"faq-item-question-icon\"><\/div>\r\n\t\t\t\t\t<\/div>\r\n\r\n\t\t\t\t\t<div class=\"faq-item-answer\">\r\n\t\t\t\t\t\t<div class=\"faq-item-answer-text\"><p>Oferecemos a voc\u00ea uma ampla gama de oportunidades de ajuste: widgets em grande escala para inser\u00e7\u00e3o na zona de conte\u00fado, widgets flutuantes para oportunidades de rolagem, layouts para o rodap\u00e9 do seu site, se\u00e7\u00e3o principal e todas as varia\u00e7\u00f5es de possibilidades verticais para barras laterais e menus. <\/p><\/div>\r\n\t\t\t\t\t<\/div>\r\n\t\t\t\t<\/div><div class=\"faq-item\">\r\n\t\t\t\t\t<div class=\"faq-item-question\">\r\n\t\t\t\t\t\t<h3 class=\"faq-item-question-text\">Posso criar um bot\u00e3o PayPal de checkout ou doa\u00e7\u00e3o atrav\u00e9s da ag\u00eancia do seu editor? <\/h3>\r\n\r\n\t\t\t\t\t\t<div class=\"faq-item-question-icon\"><\/div>\r\n\t\t\t\t\t<\/div>\r\n\r\n\t\t\t\t\t<div class=\"faq-item-answer\">\r\n\t\t\t\t\t\t<div class=\"faq-item-answer-text\"><p>Voc\u00ea \u00e9 livre para criar varia\u00e7\u00f5es de qualquer widget. H\u00e1 uma grande variedade de layouts dispon\u00edveis no editor, e todos eles podem ser ajustados rapidamente da maneira que voc\u00ea deseja. <\/p><\/div>\r\n\t\t\t\t\t<\/div>\r\n\t\t\t\t<\/div><\/div>\n","protected":false},"excerpt":{"rendered":"","protected":false},"author":9,"featured_media":0,"parent":1038,"menu_order":0,"comment_status":"closed","ping_status":"closed","template":"templates\/template-application-platform.php","meta":{"publish_to_discourse":"","publish_post_category":"","wpdc_auto_publish_overridden":"","wpdc_topic_tags":"","wpdc_pin_topic":"","wpdc_pin_until":"","discourse_post_id":"","discourse_permalink":"","wpdc_publishing_response":"","wpdc_publishing_error":"","footnotes":""},"class_list":["post-7226","page","type-page","status-publish","hentry"],"yoast_head":"<!-- This site is optimized with the Yoast SEO plugin v25.3.1 - https:\/\/yoast.com\/wordpress\/plugins\/seo\/ -->\n<title>Bot\u00e3o WordPress PayPal - Adicione o plugin PayPal ao site WordPress<\/title>\n<meta name=\"description\" content=\"Crie seu plugin de bot\u00e3o PayPal (doa\u00e7\u00e3o, assinatura ou pagamento) para WordPress. Ajuda na instala\u00e7\u00e3o e outros b\u00f3nus da Elfsight!\" \/>\n<meta name=\"robots\" content=\"index, follow, max-snippet:-1, max-image-preview:large, max-video-preview:-1\" \/>\n<link rel=\"canonical\" href=\"https:\/\/elfsight.com\/pt\/paypal-button-widget-generator\/wordpress\/\" \/>\n<meta property=\"og:locale\" content=\"pt_PT\" \/>\n<meta property=\"og:type\" content=\"article\" \/>\n<meta property=\"og:title\" content=\"Bot\u00e3o WordPress PayPal - Adicione o plugin PayPal ao site WordPress\" \/>\n<meta property=\"og:description\" content=\"Crie seu plugin de bot\u00e3o PayPal (doa\u00e7\u00e3o, assinatura ou pagamento) para WordPress. Ajuda na instala\u00e7\u00e3o e outros b\u00f3nus da Elfsight!\" \/>\n<meta property=\"og:url\" content=\"https:\/\/elfsight.com\/pt\/paypal-button-widget-generator\/wordpress\/\" \/>\n<meta property=\"og:site_name\" content=\"Elfsight PT\" \/>\n<meta property=\"article:modified_time\" content=\"2025-03-04T11:02:17+00:00\" \/>\n<meta name=\"twitter:card\" content=\"summary_large_image\" \/>\n<meta name=\"twitter:label1\" content=\"Tempo estimado de leitura\" \/>\n\t<meta name=\"twitter:data1\" content=\"4 minutos\" \/>\n<!-- \/ Yoast SEO plugin. -->","yoast_head_json":{"title":"Bot\u00e3o WordPress PayPal - Adicione o plugin PayPal ao site WordPress","description":"Crie seu plugin de bot\u00e3o PayPal (doa\u00e7\u00e3o, assinatura ou pagamento) para WordPress. Ajuda na instala\u00e7\u00e3o e outros b\u00f3nus da Elfsight!","robots":{"index":"index","follow":"follow","max-snippet":"max-snippet:-1","max-image-preview":"max-image-preview:large","max-video-preview":"max-video-preview:-1"},"canonical":"https:\/\/elfsight.com\/pt\/paypal-button-widget-generator\/wordpress\/","og_locale":"pt_PT","og_type":"article","og_title":"Bot\u00e3o WordPress PayPal - Adicione o plugin PayPal ao site WordPress","og_description":"Crie seu plugin de bot\u00e3o PayPal (doa\u00e7\u00e3o, assinatura ou pagamento) para WordPress. Ajuda na instala\u00e7\u00e3o e outros b\u00f3nus da Elfsight!","og_url":"https:\/\/elfsight.com\/pt\/paypal-button-widget-generator\/wordpress\/","og_site_name":"Elfsight PT","article_modified_time":"2025-03-04T11:02:17+00:00","twitter_card":"summary_large_image","twitter_misc":{"Tempo estimado de leitura":"4 minutos"},"schema":{"@context":"https:\/\/schema.org","@graph":[{"@type":"WebPage","@id":"https:\/\/elfsight.com\/pt\/paypal-button-widget-generator\/wordpress\/","url":"https:\/\/elfsight.com\/pt\/paypal-button-widget-generator\/wordpress\/","name":"Bot\u00e3o WordPress PayPal - Adicione o plugin PayPal ao site WordPress","isPartOf":{"@id":"https:\/\/elfsight.com\/pt\/#website"},"datePublished":"1970-01-01T00:00:00+00:00","dateModified":"2025-03-04T11:02:17+00:00","description":"Crie seu plugin de bot\u00e3o PayPal (doa\u00e7\u00e3o, assinatura ou pagamento) para WordPress. Ajuda na instala\u00e7\u00e3o e outros b\u00f3nus da Elfsight!","breadcrumb":{"@id":"https:\/\/elfsight.com\/pt\/paypal-button-widget-generator\/wordpress\/#breadcrumb"},"inLanguage":"pt-PT","potentialAction":[{"@type":"ReadAction","target":["https:\/\/elfsight.com\/pt\/paypal-button-widget-generator\/wordpress\/"]}]},{"@type":"BreadcrumbList","@id":"https:\/\/elfsight.com\/pt\/paypal-button-widget-generator\/wordpress\/#breadcrumb","itemListElement":[{"@type":"ListItem","position":1,"name":"Home","item":"https:\/\/elfsight.com\/pt\/"},{"@type":"ListItem","position":2,"name":"PayPal Button","item":"https:\/\/elfsight.com\/pt\/paypal-button-widget-generator\/"},{"@type":"ListItem","position":3,"name":"PayPal Button &#8211; WordPress"}]},{"@type":"WebSite","@id":"https:\/\/elfsight.com\/pt\/#website","url":"https:\/\/elfsight.com\/pt\/","name":"Elfsight PT","description":"Just another Elfsight Sites site","potentialAction":[{"@type":"SearchAction","target":{"@type":"EntryPoint","urlTemplate":"https:\/\/elfsight.com\/pt\/?s={search_term_string}"},"query-input":{"@type":"PropertyValueSpecification","valueRequired":true,"valueName":"search_term_string"}}],"inLanguage":"pt-PT"}]}},"meta_box":{"industry":"","seo_heading":"","heading":"","description":"","cta_heading":"","cta_description":"","application":"1383","h1":"Plug-in de bot\u00e3o PayPal para WordPress","h1_caption":"Apresente um dos m\u00e9todos de pagamento mais confi\u00e1veis \u200b\u200bem seu site","application_category":[],"applications_title":"","applications_request_title":"","applications_request_button_text":"","hero_text":"","hero_video":"","hero_video_schema_markup":"","selling_points_title":"","selling_points_caption":"","selling_points":[],"selling_points_cta_text":"","features_title":"","features":"","ed_cta_examples_text":"","ed_cta_examples_hidden":"","ed_cta_demo_text":"","ed_cta_demo_hidden":"","why_caption":"","why_editor_title":"","why_editor_text":"","why_team_title":"","why_team_text":"","why_service_title":"","why_service_text":"","template_catalog_visible":"0","template_catalog_title":"","template_catalog_text":"","template_catalog_categories_visible":"","demo_title":"Crie seu plugin de bot\u00e3o do PayPal","demo_caption":"Configure seu bot\u00e3o PayPal e adicione-o ao seu site WordPress gratuitamente!","default_faq_hidden":"","app_template_category":[],"platform":"34","template_public_id":"","codecanyon_url":"","codecanyon_item_id":"","codecanyon_price":"","pricing_caption":"","pricing_elfsight_apps_hide_column":"","pricing_elfsight_apps_url":"","pricing_codecanyon_price_caption":"","integration_category":[],"integration_request_title":"","integration_request_cta":"","integration_platform":"","integrations":[],"platform_category":[],"video_schema_markup":"","price":"a partir de US$ 0\/m\u00eas","trial":"","benefits":[{"text":"Servi\u00e7o de instala\u00e7\u00e3o gratuito"},{"text":"Suporte ao cliente experiente"},{"text":"Garantia de reembolso de 14 dias"},{"text":"Desenvolvimento cont\u00ednuo"}],"button_url":"#demo","button_target_blank":"0","button_nofollow":"0","attributes":[{"name":"Instala\u00e7\u00f5es","content":"10,000 - 100,000"},{"name":"Responsivo","content":"Sim"},{"name":"Navegadores compat\u00edveis","content":"Firefox, Safari, Opera, Chrome, Edge"}],"tags":[],"tags_disable_links":"0","hide_more_platforms":"0","video_object":"","demo_hide_cta":"0","demo_hide_cloud_options":"0","pricing_title":"","pricing":[{"pricing_icon":"platform","pricing_title":"Elfsight Apps","pricing_title_caption":"Software independente de plataforma que funciona em qualquer site","pricing_price":"a partir de US$ 0\/m\u00eas","pricing_price_caption":"comece com plano gratuito","pricing_benefits":[{"text":"Sites ilimitados"},{"text":"Suporte profissional da empresa"},{"text":"Suporte profissional da empresa"},{"text":"Oferta por tempo limitado para v\u00e1rios aplicativos"}],"pricing_button_text":"Adicionar ao site","pricing_button_url":"#demo"}],"related_apps_title":"","related_apps_hidden":"0","author":"","image":[],"title":"","job":"","social_networks":[]},"_links":{"self":[{"href":"https:\/\/elfsight.com\/pt\/wp-json\/wp\/v2\/pages\/7226","targetHints":{"allow":["GET"]}}],"collection":[{"href":"https:\/\/elfsight.com\/pt\/wp-json\/wp\/v2\/pages"}],"about":[{"href":"https:\/\/elfsight.com\/pt\/wp-json\/wp\/v2\/types\/page"}],"author":[{"embeddable":true,"href":"https:\/\/elfsight.com\/pt\/wp-json\/wp\/v2\/users\/9"}],"replies":[{"embeddable":true,"href":"https:\/\/elfsight.com\/pt\/wp-json\/wp\/v2\/comments?post=7226"}],"version-history":[{"count":3,"href":"https:\/\/elfsight.com\/pt\/wp-json\/wp\/v2\/pages\/7226\/revisions"}],"predecessor-version":[{"id":14304,"href":"https:\/\/elfsight.com\/pt\/wp-json\/wp\/v2\/pages\/7226\/revisions\/14304"}],"up":[{"embeddable":true,"href":"https:\/\/elfsight.com\/pt\/wp-json\/wp\/v2\/pages\/1038"}],"wp:attachment":[{"href":"https:\/\/elfsight.com\/pt\/wp-json\/wp\/v2\/media?parent=7226"}],"curies":[{"name":"wp","href":"https:\/\/api.w.org\/{rel}","templated":true}]}}