{"id":7224,"date":"1970-01-01T00:00:00","date_gmt":"1970-01-01T00:00:00","guid":{"rendered":"https:\/\/elfsight.com\/pt\/?page_id=7224"},"modified":"2024-11-13T12:06:06","modified_gmt":"2024-11-13T12:06:06","slug":"elementor","status":"publish","type":"page","link":"https:\/\/elfsight.com\/pt\/paypal-button-widget-generator\/elementor\/","title":{"rendered":"PayPal Button &#8211; Elementor"},"content":{"rendered":"<div class=\"application-platform-content-item-description application-platform-content-item\" id=\"description\" data-nav-section=\"description\"> <h2>Incorpore o bot\u00e3o PayPal no Elementor com o widget Elfsight<\/h2> <p>Organize um pagamento confi\u00e1vel e pr\u00e1tico em seu site sem muito esfor\u00e7o. Com o bot\u00e3o PayPal da Elfsight, voc\u00ea pode aceitar pagamentos, assinaturas recorrentes e doa\u00e7\u00f5es de seus clientes com facilidade e seguran\u00e7a. Crie seu pr\u00f3prio bot\u00e3o personalizado, escolhendo a variante de pagamento, moeda, localiza\u00e7\u00e3o e escolhendo a apar\u00eancia para torn\u00e1-lo verdadeiramente \u00fanico. Sua clientela vai gostar de pagar de forma r\u00e1pida e confort\u00e1vel em seu site atrav\u00e9s do bot\u00e3o PayPal.<\/p> <p><b>Introduza pagamentos via PayPal em seu site sem muito esfor\u00e7o!<\/b><\/p> <p><b>A sistema de pagamento popular agora em seu site. R\u00e1pido, f\u00e1cil e sem codifica\u00e7\u00e3o.<\/b><br>Os compradores apreciam a possibilidade de pagamento seguro em um site. Configure o seu pr\u00f3prio bot\u00e3o PayPal com a Elfsight e ter\u00e1 uma ferramenta de pagamento descomplicada e r\u00e1pida para os seus clientes. Sem codifica\u00e7\u00e3o, sem esfor\u00e7o.<\/p> <p><b>Um \u00fanico instrumento para processar pagamentos, assinaturas e doa\u00e7\u00f5es.<\/b><br>Tendo apenas um widget da Elfsight, voc\u00ea pode adicionar bot\u00f5es para os clientes pagarem , inscreva-se e doe em seu site. Economize tempo e dinheiro usando uma solu\u00e7\u00e3o multifuncional, que oferece um conjunto de variantes pr\u00e1ticas.<\/p> <p><b>Um dos sistemas de pagamento mais seguros e conhecidos em seu site.<\/b><br>N\u00e3o perca a oportunidade de integrar seu site com um dos instrumentos de pagamento mais seguros e confi\u00e1veis. Com o bot\u00e3o PayPal da Elfsight, isso ser\u00e1 feito em segundos e trar\u00e1 o m\u00e1ximo conforto aos seus usu\u00e1rios.<\/p> <\/div><div class=\"application-platform-content-item-features application-platform-content-item\" id=\"features\" data-nav-section=\"features\"> <h2>Principais recursos do widget Bot\u00e3o PayPal<\/h2> <p>Explore os recursos que tornam nosso widget o melhor para pagamentos no site:<\/p> <ul><li>Op\u00e7\u00e3o para adicionar o nome do produto;<\/li><li>Escolha um dos intervalos de cobran\u00e7a: di\u00e1rio, semanal, mensal , anualmente;<\/li><li>Tamanho responsivo para uma apar\u00eancia ideal em qualquer dispositivo;<\/li><li>Escolha da cor do bot\u00e3o;<\/li><li>Op\u00e7\u00e3o para direcionar um cliente para uma p\u00e1gina de agradecimento personalizada ap\u00f3s uma transa\u00e7\u00e3o bem-sucedida.<\/li><\/ul> <p><a href=\"#demo\">Leia tudo<\/a><\/p><\/div><div class=\"application-platform-content-item-installation application-platform-content-item\" id=\"installation\" data-nav-section=\"installation\"><h2> Como adicionar o bot\u00e3o PayPal ao site Elementor<\/h2><div class=\"video-container\"><iframe width=\"720\" height=\"405\" src=\"https:\/\/www.youtube.com\/embed\/w-Iao9d-pIM\" frameborder=\"0\" allowfullscreen=\"\"><\/iframe><\/div><p>O tempo aproximado de implementa\u00e7\u00e3o \u00e9 de apenas 70 segundos, e um \u00f3timo b\u00f4nus \u00e9 que voc\u00ea n\u00e3o precisa de habilidades em programa\u00e7\u00e3o.<\/p><ol><li><b>Gere seu bot\u00e3o PayPal individual<\/b><br> Utilizando nosso editor gratuito, monte um plugin com o visual desejado e os par\u00e2metros que voc\u00ea precisa para sua loja.<\/li><li><b>Obtenha o c\u00f3digo exclusivo para mostrar o plugin<\/b><br> Ap\u00f3s a configura\u00e7\u00e3o do widget, obtenha um c\u00f3digo para o plugin do PayPal na janela exibida nos aplicativos Elfsight.<\/li><li><b>Exiba o c\u00f3digo plugin no site Elementor<\/b><br> Incorpore o plugin na p\u00e1gina selecionada ou parte do modelo e salve as edi\u00e7\u00f5es.<\/li><li><b>A configura\u00e7\u00e3o est\u00e1 conclu\u00edda<\/b><br> V\u00e1 para o seu site , para verificar seu plugin.<\/li><\/ol><p>Se houver alguma d\u00favida ou problema com o plugin, n\u00e3o desista! Entre em contato com nossa central de ajuda. Envie uma explica\u00e7\u00e3o detalhada de sua d\u00favida e nossa equipe ter\u00e1 prazer em ajudar. <\/p><\/div><div class=\"faq\" data-component=\"FAQ\"><div class=\"faq-item\">\r\n\t\t\t\t\t<div class=\"faq-item-question\">\r\n\t\t\t\t\t\t<h3 class=\"faq-item-question-text\">Como posso incorporar um bot\u00e3o do PayPal ao site Elementor? <\/h3>\r\n\r\n\t\t\t\t\t\t<div class=\"faq-item-question-icon\"><\/div>\r\n\t\t\t\t\t<\/div>\r\n\r\n\t\t\t\t\t<div class=\"faq-item-answer\">\r\n\t\t\t\t\t\t<div class=\"faq-item-answer-text\"><p>A confec\u00e7\u00e3o da ferramenta \u00e9 realizada dentro do site da Elfsight e voc\u00ea n\u00e3o precisa codificar. Utilize a demonstra\u00e7\u00e3o ao vivo para ajustar seu aplicativo, adquirir o c\u00f3digo e incorpor\u00e1-lo ao seu site. <\/p><\/div>\r\n\t\t\t\t\t<\/div>\r\n\t\t\t\t<\/div><div class=\"faq-item\">\r\n\t\t\t\t\t<div class=\"faq-item-question\">\r\n\t\t\t\t\t\t<h3 class=\"faq-item-question-text\">Os melhores exemplos de uso da integra\u00e7\u00e3o de widgets do PayPal<\/h3>\r\n\r\n\t\t\t\t\t\t<div class=\"faq-item-question-icon\"><\/div>\r\n\t\t\t\t\t<\/div>\r\n\r\n\t\t\t\t\t<div class=\"faq-item-answer\">\r\n\t\t\t\t\t\t<div class=\"faq-item-answer-text\"><p>Forneceremos in\u00fameras op\u00e7\u00f5es de personaliza\u00e7\u00e3o: widgets em grande escala para implementa\u00e7\u00e3o no zona de conte\u00fado, widgets flutuantes com oportunidades de rolagem, miniaturas para o rodap\u00e9 do seu site, se\u00e7\u00e3o principal e todos os tipos de possibilidades verticais para barras laterais e menus do site. <\/p><\/div>\r\n\t\t\t\t\t<\/div>\r\n\t\t\t\t<\/div><div class=\"faq-item\">\r\n\t\t\t\t\t<div class=\"faq-item-question\">\r\n\t\t\t\t\t\t<h3 class=\"faq-item-question-text\">Posso criar um bot\u00e3o de doa\u00e7\u00e3o ou checkout do PayPal por meio do seu editor? <\/h3>\r\n\r\n\t\t\t\t\t\t<div class=\"faq-item-question-icon\"><\/div>\r\n\t\t\t\t\t<\/div>\r\n\r\n\t\t\t\t\t<div class=\"faq-item-answer\">\r\n\t\t\t\t\t\t<div class=\"faq-item-answer-text\"><p>Voc\u00ea pode criar altera\u00e7\u00f5es em qualquer widget. Existem muitos layouts aplic\u00e1veis \u200b\u200bno editor e todos eles podem ser facilmente personalizados conforme sua necessidade. <\/p><\/div>\r\n\t\t\t\t\t<\/div>\r\n\t\t\t\t<\/div><\/div>","protected":false},"excerpt":{"rendered":"","protected":false},"author":9,"featured_media":0,"parent":1038,"menu_order":0,"comment_status":"closed","ping_status":"closed","template":"templates\/template-application-platform.php","meta":{"publish_to_discourse":"","publish_post_category":"","wpdc_auto_publish_overridden":"","wpdc_topic_tags":"","wpdc_pin_topic":"","wpdc_pin_until":"","discourse_post_id":"","discourse_permalink":"","wpdc_publishing_response":"","wpdc_publishing_error":"","footnotes":""},"class_list":["post-7224","page","type-page","status-publish","hentry"],"yoast_head":"<!-- This site is optimized with the Yoast SEO plugin v25.3.1 - https:\/\/yoast.com\/wordpress\/plugins\/seo\/ -->\n<title>Widget de bot\u00e3o PayPal para site Elementor (2025)<\/title>\n<meta name=\"description\" content=\"Obtenha um widget de bot\u00e3o PayPal personalizado para o site Elementor. Leva apenas 2 minutos para criar um plugin em nosso pr\u00e1tico painel de plugins.\" \/>\n<meta name=\"robots\" content=\"index, follow, max-snippet:-1, max-image-preview:large, max-video-preview:-1\" \/>\n<link rel=\"canonical\" href=\"https:\/\/elfsight.com\/pt\/paypal-button-widget-generator\/elementor\/\" \/>\n<meta property=\"og:locale\" content=\"pt_PT\" \/>\n<meta property=\"og:type\" content=\"article\" \/>\n<meta property=\"og:title\" content=\"Widget de bot\u00e3o PayPal para site Elementor (2025)\" \/>\n<meta property=\"og:description\" content=\"Obtenha um widget de bot\u00e3o PayPal personalizado para o site Elementor. Leva apenas 2 minutos para criar um plugin em nosso pr\u00e1tico painel de plugins.\" \/>\n<meta property=\"og:url\" content=\"https:\/\/elfsight.com\/pt\/paypal-button-widget-generator\/elementor\/\" \/>\n<meta property=\"og:site_name\" content=\"Elfsight PT\" \/>\n<meta property=\"article:modified_time\" content=\"2024-11-13T12:06:06+00:00\" \/>\n<meta name=\"twitter:card\" content=\"summary_large_image\" \/>\n<meta name=\"twitter:label1\" content=\"Tempo estimado de leitura\" \/>\n\t<meta name=\"twitter:data1\" content=\"4 minutos\" \/>\n<!-- \/ Yoast SEO plugin. -->","yoast_head_json":{"title":"Widget de bot\u00e3o PayPal para site Elementor (2025)","description":"Obtenha um widget de bot\u00e3o PayPal personalizado para o site Elementor. Leva apenas 2 minutos para criar um plugin em nosso pr\u00e1tico painel de plugins.","robots":{"index":"index","follow":"follow","max-snippet":"max-snippet:-1","max-image-preview":"max-image-preview:large","max-video-preview":"max-video-preview:-1"},"canonical":"https:\/\/elfsight.com\/pt\/paypal-button-widget-generator\/elementor\/","og_locale":"pt_PT","og_type":"article","og_title":"Widget de bot\u00e3o PayPal para site Elementor (2025)","og_description":"Obtenha um widget de bot\u00e3o PayPal personalizado para o site Elementor. Leva apenas 2 minutos para criar um plugin em nosso pr\u00e1tico painel de plugins.","og_url":"https:\/\/elfsight.com\/pt\/paypal-button-widget-generator\/elementor\/","og_site_name":"Elfsight PT","article_modified_time":"2024-11-13T12:06:06+00:00","twitter_card":"summary_large_image","twitter_misc":{"Tempo estimado de leitura":"4 minutos"},"schema":{"@context":"https:\/\/schema.org","@graph":[{"@type":"WebPage","@id":"https:\/\/elfsight.com\/pt\/paypal-button-widget-generator\/elementor\/","url":"https:\/\/elfsight.com\/pt\/paypal-button-widget-generator\/elementor\/","name":"Widget de bot\u00e3o PayPal para site Elementor (2025)","isPartOf":{"@id":"https:\/\/elfsight.com\/pt\/#website"},"datePublished":"1970-01-01T00:00:00+00:00","dateModified":"2024-11-13T12:06:06+00:00","description":"Obtenha um widget de bot\u00e3o PayPal personalizado para o site Elementor. Leva apenas 2 minutos para criar um plugin em nosso pr\u00e1tico painel de plugins.","breadcrumb":{"@id":"https:\/\/elfsight.com\/pt\/paypal-button-widget-generator\/elementor\/#breadcrumb"},"inLanguage":"pt-PT","potentialAction":[{"@type":"ReadAction","target":["https:\/\/elfsight.com\/pt\/paypal-button-widget-generator\/elementor\/"]}]},{"@type":"BreadcrumbList","@id":"https:\/\/elfsight.com\/pt\/paypal-button-widget-generator\/elementor\/#breadcrumb","itemListElement":[{"@type":"ListItem","position":1,"name":"Home","item":"https:\/\/elfsight.com\/pt\/"},{"@type":"ListItem","position":2,"name":"PayPal Button","item":"https:\/\/elfsight.com\/pt\/paypal-button-widget-generator\/"},{"@type":"ListItem","position":3,"name":"PayPal Button &#8211; Elementor"}]},{"@type":"WebSite","@id":"https:\/\/elfsight.com\/pt\/#website","url":"https:\/\/elfsight.com\/pt\/","name":"Elfsight PT","description":"Just another Elfsight Sites site","potentialAction":[{"@type":"SearchAction","target":{"@type":"EntryPoint","urlTemplate":"https:\/\/elfsight.com\/pt\/?s={search_term_string}"},"query-input":{"@type":"PropertyValueSpecification","valueRequired":true,"valueName":"search_term_string"}}],"inLanguage":"pt-PT"}]}},"meta_box":{"industry":"","seo_heading":"","heading":"","description":"","cta_heading":"","cta_description":"","application":"1383","h1":"Bot\u00e3o Elementor PayPal","h1_caption":"Aceite pagamentos \u00fanicos, assinaturas e doa\u00e7\u00f5es em seu site via PayPal","application_category":[],"applications_title":"","applications_request_title":"","applications_request_button_text":"","hero_text":"","hero_video":"","hero_video_schema_markup":"","selling_points_title":"","selling_points_caption":"","selling_points":[],"selling_points_cta_text":"","features_title":"","features":"","ed_cta_examples_text":"","ed_cta_examples_hidden":"","ed_cta_demo_text":"","ed_cta_demo_hidden":"","why_caption":"","why_editor_title":"","why_editor_text":"","why_team_title":"","why_team_text":"","why_service_title":"","why_service_text":"","template_catalog_visible":"","template_catalog_title":"","template_catalog_text":"","template_catalog_categories_visible":"","demo_title":"Crie seu widget de bot\u00e3o do PayPal","demo_caption":"Configure seu bot\u00e3o PayPal e adicione-o ao seu site Elementor gratuitamente!","default_faq_hidden":"","app_template_category":[],"platform":"100","template_public_id":"","codecanyon_url":"","codecanyon_item_id":"","codecanyon_price":"","pricing_caption":"","pricing_elfsight_apps_hide_column":"","pricing_elfsight_apps_url":"","pricing_codecanyon_price_caption":"","integration_category":[],"integration_request_title":"","integration_request_cta":"","integration_platform":"","integrations":[],"platform_category":[],"video_schema_markup":"","price":"a partir de US$ 0\/m\u00eas","trial":"","benefits":[{"text":"Servi\u00e7o de instala\u00e7\u00e3o gratuito"},{"text":"Suporte premium"},{"text":"Garantia de reembolso de 14 dias"},{"text":"Atualiza\u00e7\u00f5es gratuitas vital\u00edcias"}],"button_url":"#demo","button_target_blank":"","button_nofollow":"","attributes":[{"name":"Instala\u00e7\u00f5es","content":"10,000 - 100,000"},{"name":"Responsivo","content":"Sim"},{"name":"Navegadores compat\u00edveis","content":"Firefox, Safari, Opera, Chrome, Edge"}],"tags":[],"tags_disable_links":"","hide_more_platforms":"","video_object":"","demo_hide_cta":"","demo_hide_cloud_options":"","pricing_title":"","pricing":[{"pricing_icon":"platform","pricing_title":"Elfsight Apps","pricing_title_caption":"Vers\u00e3o multiplataforma","pricing_price":"a partir de US$ 0\/m\u00eas","pricing_price_caption":"comece com plano gratuito","pricing_benefits":[{"text":"Sites ilimitados"},{"text":"Suporte dedicado \u00e0 empresa"},{"text":"Suporte dedicado \u00e0 empresa"},{"text":"\u00d3timo neg\u00f3cio para v\u00e1rios aplicativos"}],"pricing_button_text":"Adicionar ao site","pricing_button_url":"#demo"}],"related_apps_title":"","related_apps_hidden":"","author":"","image":[],"title":"","job":"","social_networks":[]},"_links":{"self":[{"href":"https:\/\/elfsight.com\/pt\/wp-json\/wp\/v2\/pages\/7224","targetHints":{"allow":["GET"]}}],"collection":[{"href":"https:\/\/elfsight.com\/pt\/wp-json\/wp\/v2\/pages"}],"about":[{"href":"https:\/\/elfsight.com\/pt\/wp-json\/wp\/v2\/types\/page"}],"author":[{"embeddable":true,"href":"https:\/\/elfsight.com\/pt\/wp-json\/wp\/v2\/users\/9"}],"replies":[{"embeddable":true,"href":"https:\/\/elfsight.com\/pt\/wp-json\/wp\/v2\/comments?post=7224"}],"version-history":[{"count":2,"href":"https:\/\/elfsight.com\/pt\/wp-json\/wp\/v2\/pages\/7224\/revisions"}],"predecessor-version":[{"id":12015,"href":"https:\/\/elfsight.com\/pt\/wp-json\/wp\/v2\/pages\/7224\/revisions\/12015"}],"up":[{"embeddable":true,"href":"https:\/\/elfsight.com\/pt\/wp-json\/wp\/v2\/pages\/1038"}],"wp:attachment":[{"href":"https:\/\/elfsight.com\/pt\/wp-json\/wp\/v2\/media?parent=7224"}],"curies":[{"name":"wp","href":"https:\/\/api.w.org\/{rel}","templated":true}]}}