{"id":7223,"date":"1970-01-01T00:00:00","date_gmt":"1970-01-01T00:00:00","guid":{"rendered":"https:\/\/elfsight.com\/pt\/?page_id=7223"},"modified":"2024-11-13T11:50:06","modified_gmt":"2024-11-13T11:50:06","slug":"iframe","status":"publish","type":"page","link":"https:\/\/elfsight.com\/pt\/paypal-button-widget-generator\/iframe\/","title":{"rendered":"PayPal Button &#8211; iFrame"},"content":{"rendered":"<div class=\"application-platform-content-item-description application-platform-content-item\" id=\"description\" data-nav-section=\"description\"> <h2>Incorpore o bot\u00e3o PayPal no iFrame com o widget Elfsight<\/h2> <p>O bot\u00e3o PayPal da Elfsight \u00e9 uma maneira simples de permitir que sua clientela pague via PayPal em seu site. Com nossa ferramenta, mostre bot\u00f5es para pagamentos \u00fanicos, assinaturas e doa\u00e7\u00f5es. Voc\u00ea pode incluir impostos e pre\u00e7o de frete, escolher a localiza\u00e7\u00e3o e a moeda, adicionar texto e muito mais. Instale um procedimento de pagamento claro e seguro para seus clientes usando um dos sistemas de pagamento mais confi\u00e1veis. <\/p> <p>Integre os pagamentos do PayPal ao seu site sem muito esfor\u00e7o!<\/p> <p><b>Um sistema de pagamento \u00fatil no seu site, sem codifica\u00e7\u00e3o e em pouco tempo<\/b><br> \u00c9 altamente importante para uma empresa de sucesso oferecer aos seus clientes pagamentos on-line f\u00e1ceis. Configure o bot\u00e3o PayPal da Elfsight em seu site e voc\u00ea far\u00e1 isso facilmente e rapidamente. <\/p> <p><b>Uma ferramenta universal para processar pagamentos, assinaturas e doa\u00e7\u00f5es<\/b><br> Permita que sua clientela pague, assine suas ofertas e doe. Tudo isto est\u00e1 dispon\u00edvel numa solu\u00e7\u00e3o multifuncional da Elfsight para o ajudar a poupar tempo e dinheiro.<\/p><p><b>Um dos instrumentos de pagamento mais fi\u00e1veis \u200b\u200be populares no seu site<\/b><br> \u00c9 obrigat\u00f3rio para integrar seu site com um sistema de pagamento confi\u00e1vel e conhecido. O Bot\u00e3o PayPal da Elfsight ir\u00e1 ajud\u00e1-lo a fazer isso em qualquer lugar e a ter um pagamento eficaz para seus clientes sem esfor\u00e7o.<\/p> <\/div> <div class=\"application-platform-content-item-features application-platform-content-item\" id=\"features\" data-nav-section=\"features\"> <h2>Principais recursos do widget Bot\u00e3o PayPal<\/h2> <p>Explore os recursos que tornam nosso widget um dos melhores para pagamentos on-line:<\/p> <ul><li>Uma biblioteca de todas as moedas mais populares;<\/li><li>Intervalos de cobran\u00e7a: diariamente, semanalmente, mensalmente, anualmente;<\/li><li>Possibilidade de definir qualquer texto acima do bot\u00e3o, usando o cabe\u00e7alho do bot\u00e3o; <\/li><li>Texto e cor do texto ajust\u00e1veis;<\/li><li>Quatro \u00edcones de sistemas de pagamento altern\u00e1veis \u200b\u200bpara maior confian\u00e7a e seguran\u00e7a do cliente.<\/li><\/ul> <p><a href=\"# demo\">Assista \u00e0 lista completa de recursos no configurador<\/a><\/p><\/div><div class=\"application-platform-content-item-installation application-platform-content-item\" id=\"installation\" data-nav-section=\"installation\"><h2>Como adicionar o widget de pagamento do PayPal ao site IFrame<\/h2><p>Para adicionar plugin ao seu site, voc\u00ea n\u00e3o precisar\u00e1 de nenhum conhecimento especial em programa\u00e7\u00e3o ou de muito tempo. Apenas 3 passos simples e 1 minuto. <\/p><ol><li><b>Crie seu plugin Paypal personalizado<\/b><br> Usando nossa demonstra\u00e7\u00e3o gratuita, crie um plugin com layout preferido e caracter\u00edsticas funcionais. <\/li><li><b>Obtenha o c\u00f3digo pessoal para exibir o plugin<\/b><br> Depois de criar seu widget, voc\u00ea adquirir\u00e1 o c\u00f3digo individual na notifica\u00e7\u00e3o pop-up nos aplicativos Elfsight. Copie esse c\u00f3digo. <\/li> <li><b> O plugin no seu site iFrame<\/b><br> Selecione o local onde deseja incorporar o plugin e insira o c\u00f3digo salvo l\u00e1. Publique as edi\u00e7\u00f5es. <\/li> <li><b>A incorpora\u00e7\u00e3o foi bem-sucedida! <\/b><br> Acesse o site para dar uma olhada no seu trabalho. <\/li> <\/ol><p>Voc\u00ea teve alguma dificuldade durante a instala\u00e7\u00e3o? Experimente consultar um guia detalhado \u201cComo adicionar plugin no IFrame\u201d e fa\u00e7a voc\u00ea mesmo mais uma vez ou entre em contato com o suporte ao cliente. <\/p><div class=\"faq\" data-component=\"FAQ\"> <div class=\"faq-item\">\r\n\t\t\t\t\t<div class=\"faq-item-question\">\r\n\t\t\t\t\t\t<h3 class=\"faq-item-question-text\">Como posso adicionar um bot\u00e3o do PayPal ao meu site iFrame sem conhecimentos de codifica\u00e7\u00e3o?<\/h3>\r\n\r\n\t\t\t\t\t\t<div class=\"faq-item-question-icon\"><\/div>\r\n\t\t\t\t\t<\/div>\r\n\r\n\t\t\t\t\t<div class=\"faq-item-answer\">\r\n\t\t\t\t\t\t<div class=\"faq-item-answer-text\"> <p>A Elfsight fornece uma solu\u00e7\u00e3o SaaS que lhe permite criar voc\u00ea mesmo um widget de bot\u00e3o do PayPal. Veja como \u00e9 f\u00e1cil o processo \u00e9: Trabalhe diretamente no Editor on-line para criar um widget de bot\u00e3o do PayPal que voc\u00ea gostaria de ver em seu site iFrame. Escolha um dos modelos predefinidos e ajuste as configura\u00e7\u00f5es do bot\u00e3o do PayPal, adicione seu conte\u00fado, altere o layout e as cores sem nenhuma habilidade de codifica\u00e7\u00e3o. Salve o bot\u00e3o PayPal e copie seu c\u00f3digo de instala\u00e7\u00e3o, que voc\u00ea pode incorporar facilmente em seu site iFrame sem comprar uma vers\u00e3o paga. Com nosso editor intuitivo, qualquer usu\u00e1rio da Internet pode criar um widget de bot\u00e3o do PayPal online e incorpor\u00e1-lo facilmente ao seu site iFrame. N\u00e3o h\u00e1 necessidade de pagar ou inserir as credenciais do seu cart\u00e3o para acessar o servi\u00e7o. Se voc\u00ea enfrentar qualquer problema em qualquer etapa, n\u00e3o hesite em entrar em contato com nossa equipe de suporte t\u00e9cnico.<\/p> <\/div>\r\n\t\t\t\t\t<\/div>\r\n\t\t\t\t<\/div> <\/div> <\/div>","protected":false},"excerpt":{"rendered":"","protected":false},"author":9,"featured_media":0,"parent":1038,"menu_order":0,"comment_status":"closed","ping_status":"closed","template":"templates\/template-application-platform.php","meta":{"publish_to_discourse":"","publish_post_category":"","wpdc_auto_publish_overridden":"","wpdc_topic_tags":"","wpdc_pin_topic":"","wpdc_pin_until":"","discourse_post_id":"","discourse_permalink":"","wpdc_publishing_response":"","wpdc_publishing_error":"","footnotes":""},"class_list":["post-7223","page","type-page","status-publish","hentry"],"yoast_head":"<!-- This site is optimized with the Yoast SEO plugin v25.3.1 - https:\/\/yoast.com\/wordpress\/plugins\/seo\/ -->\n<title>Widget de bot\u00e3o de pagamento iFrame PayPal para seu site (gratuito e r\u00e1pido)<\/title>\n<meta name=\"description\" content=\"Com a Elfsight, crie o seu bot\u00e3o de pagamento do PayPal e insira-o no seu site iFrame rapidamente. Oferecemos atendimento gratuito ao cliente e outros b\u00f4nus.\" \/>\n<meta name=\"robots\" content=\"index, follow, max-snippet:-1, max-image-preview:large, max-video-preview:-1\" \/>\n<link rel=\"canonical\" href=\"https:\/\/elfsight.com\/pt\/paypal-button-widget-generator\/iframe\/\" \/>\n<meta property=\"og:locale\" content=\"pt_PT\" \/>\n<meta property=\"og:type\" content=\"article\" \/>\n<meta property=\"og:title\" content=\"Widget de bot\u00e3o de pagamento iFrame PayPal para seu site (gratuito e r\u00e1pido)\" \/>\n<meta property=\"og:description\" content=\"Com a Elfsight, crie o seu bot\u00e3o de pagamento do PayPal e insira-o no seu site iFrame rapidamente. Oferecemos atendimento gratuito ao cliente e outros b\u00f4nus.\" \/>\n<meta property=\"og:url\" content=\"https:\/\/elfsight.com\/pt\/paypal-button-widget-generator\/iframe\/\" \/>\n<meta property=\"og:site_name\" content=\"Elfsight PT\" \/>\n<meta property=\"article:modified_time\" content=\"2024-11-13T11:50:06+00:00\" \/>\n<meta name=\"twitter:card\" content=\"summary_large_image\" \/>\n<meta name=\"twitter:label1\" content=\"Tempo estimado de leitura\" \/>\n\t<meta name=\"twitter:data1\" content=\"4 minutos\" \/>\n<!-- \/ Yoast SEO plugin. -->","yoast_head_json":{"title":"Widget de bot\u00e3o de pagamento iFrame PayPal para seu site (gratuito e r\u00e1pido)","description":"Com a Elfsight, crie o seu bot\u00e3o de pagamento do PayPal e insira-o no seu site iFrame rapidamente. Oferecemos atendimento gratuito ao cliente e outros b\u00f4nus.","robots":{"index":"index","follow":"follow","max-snippet":"max-snippet:-1","max-image-preview":"max-image-preview:large","max-video-preview":"max-video-preview:-1"},"canonical":"https:\/\/elfsight.com\/pt\/paypal-button-widget-generator\/iframe\/","og_locale":"pt_PT","og_type":"article","og_title":"Widget de bot\u00e3o de pagamento iFrame PayPal para seu site (gratuito e r\u00e1pido)","og_description":"Com a Elfsight, crie o seu bot\u00e3o de pagamento do PayPal e insira-o no seu site iFrame rapidamente. Oferecemos atendimento gratuito ao cliente e outros b\u00f4nus.","og_url":"https:\/\/elfsight.com\/pt\/paypal-button-widget-generator\/iframe\/","og_site_name":"Elfsight PT","article_modified_time":"2024-11-13T11:50:06+00:00","twitter_card":"summary_large_image","twitter_misc":{"Tempo estimado de leitura":"4 minutos"},"schema":{"@context":"https:\/\/schema.org","@graph":[{"@type":"WebPage","@id":"https:\/\/elfsight.com\/pt\/paypal-button-widget-generator\/iframe\/","url":"https:\/\/elfsight.com\/pt\/paypal-button-widget-generator\/iframe\/","name":"Widget de bot\u00e3o de pagamento iFrame PayPal para seu site (gratuito e r\u00e1pido)","isPartOf":{"@id":"https:\/\/elfsight.com\/pt\/#website"},"datePublished":"1970-01-01T00:00:00+00:00","dateModified":"2024-11-13T11:50:06+00:00","description":"Com a Elfsight, crie o seu bot\u00e3o de pagamento do PayPal e insira-o no seu site iFrame rapidamente. Oferecemos atendimento gratuito ao cliente e outros b\u00f4nus.","breadcrumb":{"@id":"https:\/\/elfsight.com\/pt\/paypal-button-widget-generator\/iframe\/#breadcrumb"},"inLanguage":"pt-PT","potentialAction":[{"@type":"ReadAction","target":["https:\/\/elfsight.com\/pt\/paypal-button-widget-generator\/iframe\/"]}]},{"@type":"BreadcrumbList","@id":"https:\/\/elfsight.com\/pt\/paypal-button-widget-generator\/iframe\/#breadcrumb","itemListElement":[{"@type":"ListItem","position":1,"name":"Home","item":"https:\/\/elfsight.com\/pt\/"},{"@type":"ListItem","position":2,"name":"PayPal Button","item":"https:\/\/elfsight.com\/pt\/paypal-button-widget-generator\/"},{"@type":"ListItem","position":3,"name":"PayPal Button &#8211; iFrame"}]},{"@type":"WebSite","@id":"https:\/\/elfsight.com\/pt\/#website","url":"https:\/\/elfsight.com\/pt\/","name":"Elfsight PT","description":"Just another Elfsight Sites site","potentialAction":[{"@type":"SearchAction","target":{"@type":"EntryPoint","urlTemplate":"https:\/\/elfsight.com\/pt\/?s={search_term_string}"},"query-input":{"@type":"PropertyValueSpecification","valueRequired":true,"valueName":"search_term_string"}}],"inLanguage":"pt-PT"}]}},"meta_box":{"industry":"","seo_heading":"","heading":"","description":"","cta_heading":"","cta_description":"","application":"1383","h1":"Widget do bot\u00e3o de pagamento iFrame PayPal","h1_caption":"Habilite pagamentos \u00fanicos, assinaturas e doa\u00e7\u00f5es em seu site com PayPal","application_category":[],"applications_title":"","applications_request_title":"","applications_request_button_text":"","hero_text":"","hero_video":"","hero_video_schema_markup":"","selling_points_title":"","selling_points_caption":"","selling_points":[],"selling_points_cta_text":"","features_title":"","features":"","ed_cta_examples_text":"","ed_cta_examples_hidden":"","ed_cta_demo_text":"","ed_cta_demo_hidden":"","why_caption":"","why_editor_title":"","why_editor_text":"","why_team_title":"","why_team_text":"","why_service_title":"","why_service_text":"","template_catalog_visible":"","template_catalog_title":"","template_catalog_text":"","template_catalog_categories_visible":"","demo_title":"Crie seu widget de bot\u00e3o do PayPal","demo_caption":"Configure seu bot\u00e3o PayPal e adicione-o ao seu site iFrame gratuitamente!","default_faq_hidden":"","app_template_category":[],"platform":"4911","template_public_id":"","codecanyon_url":"","codecanyon_item_id":"","codecanyon_price":"","pricing_caption":"","pricing_elfsight_apps_hide_column":"","pricing_elfsight_apps_url":"","pricing_codecanyon_price_caption":"","integration_category":[],"integration_request_title":"","integration_request_cta":"","integration_platform":"","integrations":[],"platform_category":[],"video_schema_markup":"","price":"a partir de US$ 0\/m\u00eas","trial":"","benefits":[{"text":"Servi\u00e7o de instala\u00e7\u00e3o gratuito"},{"text":"Suporte premium"},{"text":"Garantia de reembolso de 14 dias"},{"text":"Atualizando constantemente"}],"button_url":"#demo","button_target_blank":"","button_nofollow":"","attributes":[{"name":"Instala\u00e7\u00f5es","content":"10,000 - 100,000"},{"name":"Responsivo","content":"Sim"},{"name":"Navegadores compat\u00edveis","content":"Opera, Safari, Firefox, Edge, Chrome"}],"tags":[],"tags_disable_links":"","hide_more_platforms":"","video_object":"","demo_hide_cta":"","demo_hide_cloud_options":"","pricing_title":"","pricing":[{"pricing_icon":"platform","pricing_title":"Elfsight Apps","pricing_title_caption":"Software multiplataforma que funciona em qualquer site","pricing_price":"a partir de US$ 0\/m\u00eas","pricing_price_caption":"comece com plano gratuito","pricing_benefits":[{"text":"N\u00famero ilimitado de sites"},{"text":"Suporte gratuito e pontual"},{"text":"Suporte gratuito e pontual"},{"text":"Oferta especial para v\u00e1rios aplicativos"}],"pricing_button_text":"Adicionar ao site","pricing_button_url":"#demo"}],"related_apps_title":"","related_apps_hidden":"","author":"","image":[],"title":"","job":"","social_networks":[]},"_links":{"self":[{"href":"https:\/\/elfsight.com\/pt\/wp-json\/wp\/v2\/pages\/7223","targetHints":{"allow":["GET"]}}],"collection":[{"href":"https:\/\/elfsight.com\/pt\/wp-json\/wp\/v2\/pages"}],"about":[{"href":"https:\/\/elfsight.com\/pt\/wp-json\/wp\/v2\/types\/page"}],"author":[{"embeddable":true,"href":"https:\/\/elfsight.com\/pt\/wp-json\/wp\/v2\/users\/9"}],"replies":[{"embeddable":true,"href":"https:\/\/elfsight.com\/pt\/wp-json\/wp\/v2\/comments?post=7223"}],"version-history":[{"count":1,"href":"https:\/\/elfsight.com\/pt\/wp-json\/wp\/v2\/pages\/7223\/revisions"}],"predecessor-version":[{"id":7227,"href":"https:\/\/elfsight.com\/pt\/wp-json\/wp\/v2\/pages\/7223\/revisions\/7227"}],"up":[{"embeddable":true,"href":"https:\/\/elfsight.com\/pt\/wp-json\/wp\/v2\/pages\/1038"}],"wp:attachment":[{"href":"https:\/\/elfsight.com\/pt\/wp-json\/wp\/v2\/media?parent=7223"}],"curies":[{"name":"wp","href":"https:\/\/api.w.org\/{rel}","templated":true}]}}