{"id":7218,"date":"1970-01-01T00:00:00","date_gmt":"1970-01-01T00:00:00","guid":{"rendered":"https:\/\/elfsight.com\/pt\/?page_id=7218"},"modified":"2024-11-13T11:46:04","modified_gmt":"2024-11-13T11:46:04","slug":"facebook","status":"publish","type":"page","link":"https:\/\/elfsight.com\/pt\/paypal-button-widget-generator\/facebook\/","title":{"rendered":"PayPal Button &#8211; Facebook Page"},"content":{"rendered":"<div class=\"application-platform-content-item-description application-platform-content-item\" id=\"description\" data-nav-section=\"description\"><h2>Descri\u00e7\u00e3o<\/h2><p>O bot\u00e3o Donate da Elfsight oferece uma maneira f\u00e1cil de permitir que seus clientes fa\u00e7am pagamentos via PayPal em uma p\u00e1gina. Usando este widget, voc\u00ea pode exibir bot\u00f5es para pagamentos, assinaturas repetidas e doa\u00e7\u00f5es. Voc\u00ea pode adicionar impostos e pre\u00e7o de entrega, alterar localiza\u00e7\u00e3o e moeda, adicionar mensagens e muito mais. Obtenha uma variante de pagamento simples e segura para seus clientes usando um dos instrumentos de pagamento mais confi\u00e1veis.<\/p><p><b>Integre facilmente os pagamentos do PayPal \u00e0 sua p\u00e1gina do Facebook!<\/b><\/p><\/div> <div class=\"application-platform-content-item-features application-platform-content-item\" id=\"features\" data-nav-section=\"features\"><h2>Recursos<\/h2><p>Explore os recursos que tornam nosso widget o melhor para pagamentos on-line:<\/p><ul><li>Uma biblioteca com todas as moedas mais populares ;<\/li><li>Defina seu intervalo de cobran\u00e7a personalizado, escolhendo o ciclo e o per\u00edodo de cobran\u00e7a, por exemplo, a cada tr\u00eas meses;<\/li><li>Largura do bot\u00e3o ajust\u00e1vel;<\/li><li>Cor do logotipo do PayPal: original ou branco;<\/li><li>Mostrar ou ocultar o \u00edcone do PayPal.<\/li> <\/ul> <p><a href=\"#demo\">Teste todas as caracter\u00edsticas no editor<\/a><\/p><\/div> <div class=\"application-platform-content-item-installation application-platform-content-item\" id=\"installation\" data-nav-section=\"installation\"><h2>Como adicionar o bot\u00e3o de doa\u00e7\u00e3o do PayPal \u00e0 p\u00e1gina do Facebook<\/h2><p>A dura\u00e7\u00e3o total da implementa\u00e7\u00e3o \u00e9 de apenas 2 minutos, al\u00e9m de voc\u00ea n\u00e3o precisar de compet\u00eancia em desenvolvimento.<\/p><ul><li><b>Construa seu bot\u00e3o PayPal personalizado<\/b><br>Em nosso editor gratuito, crie um plugin com design e caracter\u00edsticas funcionais selecionados.<\/li><li><b>Receba o c\u00f3digo pessoal para configurar o plugin<\/b><br>Depois de configurar o seu widget, voc\u00ea receber\u00e1 o c\u00f3digo exclusivo da notifica\u00e7\u00e3o exibida nos aplicativos da Elfsight. Copie-o.<\/li><li><b>Adicione o widget do PayPal \u00e0 p\u00e1gina do Facebook<\/b><br> Crie sua guia personalizada do Facebook. Insira o c\u00f3digo que voc\u00ea recebeu nos aplicativos da elfsight na guia. Se voc\u00ea tiver algum problema, basta verificar nosso guia em <a href=\"https:\/\/elfsight.com\/blog\/how-to-add-custom-tab-to-facebook-page\/\" target=\"_blank\" rel=\"noopener noreferrer\">criando uma guia personalizada do Facebook<\/a><\/li><li><b>Parab\u00e9ns! Voc\u00ea acabou de incorporar o widget!<\/b><br>V\u00e1 para sua p\u00e1gina para ver seu bot\u00e3o.<\/li><\/ul><p>Tem alguma d\u00favida sobre o tutorial? Envie uma mensagem para nosso centro de suporte ou leia um texto completo das instru\u00e7\u00f5es e conclua a configura\u00e7\u00e3o por conta pr\u00f3pria.<\/p><div class=\"faq\" data-component=\"FAQ\"> <div class=\"faq-item\">\r\n\t\t\t\t\t<div class=\"faq-item-question\">\r\n\t\t\t\t\t\t<h3 class=\"faq-item-question-text\">Como posso adicionar um bot\u00e3o do PayPal ao site da minha p\u00e1gina do Facebook sem habilidades de codifica\u00e7\u00e3o ?<\/h3>\r\n\r\n\t\t\t\t\t\t<div class=\"faq-item-question-icon\"><\/div>\r\n\t\t\t\t\t<\/div>\r\n\r\n\t\t\t\t\t<div class=\"faq-item-answer\">\r\n\t\t\t\t\t\t<div class=\"faq-item-answer-text\"> <p>A Elfsight fornece uma solu\u00e7\u00e3o SaaS que lhe permite criar voc\u00ea mesmo um widget de bot\u00e3o do PayPal. Veja como o processo \u00e9 f\u00e1cil: Trabalhe diretamente no Editor online para criar um widget de bot\u00e3o do PayPal que gostaria de ver no site da sua p\u00e1gina do Facebook . Escolha um dos modelos predefinidos e ajuste as configura\u00e7\u00f5es do bot\u00e3o do PayPal, adicione seu conte\u00fado, altere o layout e a cor dos elementos sem nenhuma habilidade de codifica\u00e7\u00e3o. Salve o bot\u00e3o do PayPal e copie seu c\u00f3digo de instala\u00e7\u00e3o, que voc\u00ea pode colar facilmente no site da sua p\u00e1gina do Facebook sem a necessidade de comprar uma assinatura paga. Com nosso editor intuitivo, qualquer usu\u00e1rio da Internet pode criar um widget de bot\u00e3o do PayPal online e incorpor\u00e1-lo facilmente em sua p\u00e1gina do Facebook. N\u00e3o h\u00e1 necessidade de pagar ou inserir as credenciais do seu cart\u00e3o para acessar o servi\u00e7o. Se voc\u00ea enfrentar qualquer problema em qualquer etapa, n\u00e3o hesite em entrar em contato com nossa equipe de suporte t\u00e9cnico.<\/p> <\/div>\r\n\t\t\t\t\t<\/div>\r\n\t\t\t\t<\/div> <\/div> <\/div>","protected":false},"excerpt":{"rendered":"","protected":false},"author":9,"featured_media":0,"parent":1038,"menu_order":0,"comment_status":"closed","ping_status":"closed","template":"templates\/template-application-platform.php","meta":{"publish_to_discourse":"","publish_post_category":"","wpdc_auto_publish_overridden":"","wpdc_topic_tags":"","wpdc_pin_topic":"","wpdc_pin_until":"","discourse_post_id":"","discourse_permalink":"","wpdc_publishing_response":"","wpdc_publishing_error":"","footnotes":""},"class_list":["post-7218","page","type-page","status-publish","hentry"],"yoast_head":"<!-- This site is optimized with the Yoast SEO plugin v25.3.1 - https:\/\/yoast.com\/wordpress\/plugins\/seo\/ -->\n<title>Adicionar bot\u00e3o de doa\u00e7\u00e3o do PayPal \u00e0 p\u00e1gina do Facebook (2025)<\/title>\n<meta name=\"description\" content=\"Adicione seu bot\u00e3o de pagamento ou doa\u00e7\u00e3o do PayPal \u00e0 p\u00e1gina do Facebook em apenas um minuto. Demonstra\u00e7\u00e3o gratuita, suporte com instala\u00e7\u00e3o e mais extras da Elfsight!\" \/>\n<meta name=\"robots\" content=\"index, follow, max-snippet:-1, max-image-preview:large, max-video-preview:-1\" \/>\n<link rel=\"canonical\" href=\"https:\/\/elfsight.com\/pt\/paypal-button-widget-generator\/facebook\/\" \/>\n<meta property=\"og:locale\" content=\"pt_PT\" \/>\n<meta property=\"og:type\" content=\"article\" \/>\n<meta property=\"og:title\" content=\"Adicionar bot\u00e3o de doa\u00e7\u00e3o do PayPal \u00e0 p\u00e1gina do Facebook (2025)\" \/>\n<meta property=\"og:description\" content=\"Adicione seu bot\u00e3o de pagamento ou doa\u00e7\u00e3o do PayPal \u00e0 p\u00e1gina do Facebook em apenas um minuto. Demonstra\u00e7\u00e3o gratuita, suporte com instala\u00e7\u00e3o e mais extras da Elfsight!\" \/>\n<meta property=\"og:url\" content=\"https:\/\/elfsight.com\/pt\/paypal-button-widget-generator\/facebook\/\" \/>\n<meta property=\"og:site_name\" content=\"Elfsight PT\" \/>\n<meta property=\"article:modified_time\" content=\"2024-11-13T11:46:04+00:00\" \/>\n<meta name=\"twitter:card\" content=\"summary_large_image\" \/>\n<meta name=\"twitter:label1\" content=\"Tempo estimado de leitura\" \/>\n\t<meta name=\"twitter:data1\" content=\"3 minutos\" \/>\n<!-- \/ Yoast SEO plugin. -->","yoast_head_json":{"title":"Adicionar bot\u00e3o de doa\u00e7\u00e3o do PayPal \u00e0 p\u00e1gina do Facebook (2025)","description":"Adicione seu bot\u00e3o de pagamento ou doa\u00e7\u00e3o do PayPal \u00e0 p\u00e1gina do Facebook em apenas um minuto. Demonstra\u00e7\u00e3o gratuita, suporte com instala\u00e7\u00e3o e mais extras da Elfsight!","robots":{"index":"index","follow":"follow","max-snippet":"max-snippet:-1","max-image-preview":"max-image-preview:large","max-video-preview":"max-video-preview:-1"},"canonical":"https:\/\/elfsight.com\/pt\/paypal-button-widget-generator\/facebook\/","og_locale":"pt_PT","og_type":"article","og_title":"Adicionar bot\u00e3o de doa\u00e7\u00e3o do PayPal \u00e0 p\u00e1gina do Facebook (2025)","og_description":"Adicione seu bot\u00e3o de pagamento ou doa\u00e7\u00e3o do PayPal \u00e0 p\u00e1gina do Facebook em apenas um minuto. Demonstra\u00e7\u00e3o gratuita, suporte com instala\u00e7\u00e3o e mais extras da Elfsight!","og_url":"https:\/\/elfsight.com\/pt\/paypal-button-widget-generator\/facebook\/","og_site_name":"Elfsight PT","article_modified_time":"2024-11-13T11:46:04+00:00","twitter_card":"summary_large_image","twitter_misc":{"Tempo estimado de leitura":"3 minutos"},"schema":{"@context":"https:\/\/schema.org","@graph":[{"@type":"WebPage","@id":"https:\/\/elfsight.com\/pt\/paypal-button-widget-generator\/facebook\/","url":"https:\/\/elfsight.com\/pt\/paypal-button-widget-generator\/facebook\/","name":"Adicionar bot\u00e3o de doa\u00e7\u00e3o do PayPal \u00e0 p\u00e1gina do Facebook (2025)","isPartOf":{"@id":"https:\/\/elfsight.com\/pt\/#website"},"datePublished":"1970-01-01T00:00:00+00:00","dateModified":"2024-11-13T11:46:04+00:00","description":"Adicione seu bot\u00e3o de pagamento ou doa\u00e7\u00e3o do PayPal \u00e0 p\u00e1gina do Facebook em apenas um minuto. Demonstra\u00e7\u00e3o gratuita, suporte com instala\u00e7\u00e3o e mais extras da Elfsight!","breadcrumb":{"@id":"https:\/\/elfsight.com\/pt\/paypal-button-widget-generator\/facebook\/#breadcrumb"},"inLanguage":"pt-PT","potentialAction":[{"@type":"ReadAction","target":["https:\/\/elfsight.com\/pt\/paypal-button-widget-generator\/facebook\/"]}]},{"@type":"BreadcrumbList","@id":"https:\/\/elfsight.com\/pt\/paypal-button-widget-generator\/facebook\/#breadcrumb","itemListElement":[{"@type":"ListItem","position":1,"name":"Home","item":"https:\/\/elfsight.com\/pt\/"},{"@type":"ListItem","position":2,"name":"PayPal Button","item":"https:\/\/elfsight.com\/pt\/paypal-button-widget-generator\/"},{"@type":"ListItem","position":3,"name":"PayPal Button &#8211; Facebook Page"}]},{"@type":"WebSite","@id":"https:\/\/elfsight.com\/pt\/#website","url":"https:\/\/elfsight.com\/pt\/","name":"Elfsight PT","description":"Just another Elfsight Sites site","potentialAction":[{"@type":"SearchAction","target":{"@type":"EntryPoint","urlTemplate":"https:\/\/elfsight.com\/pt\/?s={search_term_string}"},"query-input":{"@type":"PropertyValueSpecification","valueRequired":true,"valueName":"search_term_string"}}],"inLanguage":"pt-PT"}]}},"meta_box":{"industry":"","seo_heading":"","heading":"","description":"","cta_heading":"","cta_description":"","application":"1383","h1":"Bot\u00e3o PayPal para p\u00e1gina do Facebook","h1_caption":"Integre uma das ferramentas de pagamento mais confi\u00e1veis \u200b\u200bem sua aba do Facebook","application_category":[],"applications_title":"","applications_request_title":"","applications_request_button_text":"","hero_text":"","hero_video":"","hero_video_schema_markup":"","selling_points_title":"","selling_points_caption":"","selling_points":[],"selling_points_cta_text":"","features_title":"","features":"","ed_cta_examples_text":"","ed_cta_examples_hidden":"","ed_cta_demo_text":"","ed_cta_demo_hidden":"","why_caption":"","why_editor_title":"","why_editor_text":"","why_team_title":"","why_team_text":"","why_service_title":"","why_service_text":"","template_catalog_visible":"","template_catalog_title":"","template_catalog_text":"","template_catalog_categories_visible":"","demo_title":"Crie seu widget de bot\u00e3o do PayPal","demo_caption":"Configure seu bot\u00e3o do PayPal e adicione-o gratuitamente ao site da sua p\u00e1gina do Facebook!","default_faq_hidden":"","app_template_category":[],"platform":"103","template_public_id":"","codecanyon_url":"","codecanyon_item_id":"","codecanyon_price":"","pricing_caption":"","pricing_elfsight_apps_hide_column":"","pricing_elfsight_apps_url":"","pricing_codecanyon_price_caption":"","integration_category":[],"integration_request_title":"","integration_request_cta":"","integration_platform":"","integrations":[],"platform_category":[],"video_schema_markup":"","price":"a partir de US$ 0\/m\u00eas","trial":"","benefits":[{"text":"Ajuda de instala\u00e7\u00e3o gratuita"},{"text":"Suporte premium"},{"text":"Garantia de reembolso de 14 dias"},{"text":"Atualiza\u00e7\u00f5es gratuitas cont\u00ednuas"}],"button_url":"#demo","button_target_blank":"","button_nofollow":"","attributes":[{"name":"Instala\u00e7\u00f5es","content":"10,000 - 100,000"},{"name":"Responsivo","content":"Sim"},{"name":"Navegadores compat\u00edveis","content":"Opera, Edge, Chrome, Firefox, Safari"}],"tags":[],"tags_disable_links":"","hide_more_platforms":"","video_object":"","demo_hide_cta":"","demo_hide_cloud_options":"","pricing_title":"","pricing":[{"pricing_icon":"platform","pricing_title":"Elfsight Apps","pricing_title_caption":"Solu\u00e7\u00e3o multiplataforma","pricing_price":"a partir de US$ 0\/m\u00eas","pricing_price_caption":"comece com plano gratuito","pricing_benefits":[{"text":"Sites ilimitados"},{"text":"Suporte premium e pontual"},{"text":"Suporte premium e pontual"},{"text":"Design flex\u00edvel"}],"pricing_button_text":"Adicionar ao site","pricing_button_url":"#demo"}],"related_apps_title":"","related_apps_hidden":"","author":"","image":[],"title":"","job":"","social_networks":[]},"_links":{"self":[{"href":"https:\/\/elfsight.com\/pt\/wp-json\/wp\/v2\/pages\/7218","targetHints":{"allow":["GET"]}}],"collection":[{"href":"https:\/\/elfsight.com\/pt\/wp-json\/wp\/v2\/pages"}],"about":[{"href":"https:\/\/elfsight.com\/pt\/wp-json\/wp\/v2\/types\/page"}],"author":[{"embeddable":true,"href":"https:\/\/elfsight.com\/pt\/wp-json\/wp\/v2\/users\/9"}],"replies":[{"embeddable":true,"href":"https:\/\/elfsight.com\/pt\/wp-json\/wp\/v2\/comments?post=7218"}],"version-history":[{"count":1,"href":"https:\/\/elfsight.com\/pt\/wp-json\/wp\/v2\/pages\/7218\/revisions"}],"predecessor-version":[{"id":7222,"href":"https:\/\/elfsight.com\/pt\/wp-json\/wp\/v2\/pages\/7218\/revisions\/7222"}],"up":[{"embeddable":true,"href":"https:\/\/elfsight.com\/pt\/wp-json\/wp\/v2\/pages\/1038"}],"wp:attachment":[{"href":"https:\/\/elfsight.com\/pt\/wp-json\/wp\/v2\/media?parent=7218"}],"curies":[{"name":"wp","href":"https:\/\/api.w.org\/{rel}","templated":true}]}}