{"id":6240,"date":"2024-05-03T06:33:05","date_gmt":"2024-05-03T06:33:05","guid":{"rendered":"https:\/\/elfsight.com\/pt\/?page_id=6240"},"modified":"2024-11-12T15:29:06","modified_gmt":"2024-11-12T15:29:06","slug":"jimdo","status":"publish","type":"page","link":"https:\/\/elfsight.com\/pt\/cookie-consent-widget\/jimdo\/","title":{"rendered":"Cookie Consent &#8211; Jimdo"},"content":{"rendered":"<div class=\"application-platform-content-item-description application-platform-content-item\" id=\"description\" data-nav-section=\"description\"> <h2>Descri\u00e7\u00e3o<\/h2> <p>Com o consentimento de cookies da Elfsight, ser\u00e1 muito f\u00e1cil anunciar ao p\u00fablico que o seu website tem cookies em uma bela barra pop-up. Este widget permite que voc\u00ea escreva sua pr\u00f3pria mensagem, inclua um link para a pol\u00edtica de uso do seu site e coloque bot\u00f5es ativos para obter o consentimento dos usu\u00e1rios. Voc\u00ea pode optar por exibir o widget na forma de uma barra de p\u00e1gina ou caixa e escolher qualquer posi\u00e7\u00e3o para ele. Al\u00e9m disso, as op\u00e7\u00f5es de cores ajudam a fazer com que o widget pare\u00e7a nativo e se integre bem ao conceito geral de estilo do site. <\/p><p><b>Torne seu site mais bem-sucedido para objetivos de com\u00e9rcio eletr\u00f4nico com o Cookie Consent.<\/b><\/p> <\/div> <div class=\"application-platform-content-item-features application-platform-content-item\" id=\"features\" data-nav-section=\"features\"> <h2>Aqui est\u00e3o os principais recursos do widget: <\/h2> <ul><li>Notificar os visitantes do site sobre o uso de cookies em seu site<\/li><li>Mostrar uma notifica\u00e7\u00e3o simples ou solicitar consentimento<\/li><li>Adicionar sua pr\u00f3pria notifica\u00e7\u00e3o mensagem com formata\u00e7\u00e3o e links suportados<\/li><li>Mostrar ou ocultar o bot\u00e3o de notifica\u00e7\u00e3o<\/li><li>A op\u00e7\u00e3o de editar o texto do r\u00f3tulo do bot\u00e3o<\/li><li>Bot\u00f5es Recusar e Aceitar para o tipo de solicita\u00e7\u00e3o de consentimento<\/li><li>Adicionar ou remover \u00edcone de cookie<\/li><li>Escolha o layout de barra ou caixa do widget<\/li><\/ul><p><a href=\"#demo\">Voc\u00ea pode testar a qualidade do widget ofertas usando a demonstra\u00e7\u00e3o<\/a><\/p> <\/div> <div class=\"application-platform-content-item-installation application-platform-content-item\" id=\"installation\" data-nav-section=\"installation\"> <h2>Como posso incorporar o consentimento de cookies em meu site Jimdo? <\/h2> <p>Basta seguir as instru\u00e7\u00f5es abaixo para integrar o widget. <\/p> <ol><li><b>Utilize nosso editor gratuito e comece a moldar seu widget personalizado. <\/b><br> Especifique a apar\u00eancia e os aspectos preferidos do widget e aplique as edi\u00e7\u00f5es. <\/li> <li><b>Copie o seu c\u00f3digo exclusivo que aparece no formul\u00e1rio especial nas aplica\u00e7\u00f5es Elfsight. <\/b><br> Quando o estabelecimento da sua ferramenta estiver conclu\u00eddo, copie o c\u00f3digo individual na janela que aparece e salve-o para uso futuro. <\/li> <li><b>Iniciar o uso do widget na p\u00e1gina Jimdo. <\/b><br> Incorpore o c\u00f3digo que voc\u00ea salvou recentemente em sua p\u00e1gina da web e salve as corre\u00e7\u00f5es. <\/li> <li><b>Conclu\u00eddo! A incorpora\u00e7\u00e3o foi realizada com sucesso. <\/b><br> Acesse seu site para inspecionar o desempenho do widget. <\/li><\/ol> <p>Supondo que voc\u00ea desafie alguns problemas, n\u00e3o hesite em escrever para nossa equipe de atendimento ao cliente. Nossos especialistas ter\u00e3o prazer em resolver todas as dificuldades que voc\u00ea possa ter com o produto. <\/p><div class=\"faq\" data-component=\"FAQ\"><div class=\"faq-item\">\r\n\t\t\t\t\t<div class=\"faq-item-question\">\r\n\t\t\t\t\t\t<h3 class=\"faq-item-question-text\">Como adicionar consentimento de cookies ao meu site Jimdo sem habilidades de codifica\u00e7\u00e3o?<\/h3>\r\n\r\n\t\t\t\t\t\t<div class=\"faq-item-question-icon\"><\/div>\r\n\t\t\t\t\t<\/div>\r\n\r\n\t\t\t\t\t<div class=\"faq-item-answer\">\r\n\t\t\t\t\t\t<div class=\"faq-item-answer-text\"> <p>A Elfsight fornece uma solu\u00e7\u00e3o SaaS que permite que voc\u00ea mesmo crie um widget de consentimento de cookies. Veja como \u00e9 f\u00e1cil o processo \u00e9: Trabalhe diretamente no Editor on-line para criar um widget de Consentimento de Cookies que voc\u00ea gostaria de ver em seu site Jimdo. Escolha um dos modelos predefinidos e ajuste as configura\u00e7\u00f5es de consentimento de cookies, adicione seu conte\u00fado, altere o layout e as cores sem nenhuma habilidade de codifica\u00e7\u00e3o. Salve o Cookie Consent e copie seu c\u00f3digo de instala\u00e7\u00e3o, que voc\u00ea pode adicionar facilmente ao seu site Jimdo sem a necessidade de comprar uma assinatura paga. Com nosso editor intuitivo, qualquer usu\u00e1rio da Internet pode criar um widget de consentimento de cookies on-line e incorpor\u00e1-lo facilmente ao site Jimdo. N\u00e3o h\u00e1 necessidade de pagar ou inserir as credenciais do seu cart\u00e3o para acessar o servi\u00e7o. Se voc\u00ea enfrentar qualquer problema em qualquer etapa, n\u00e3o hesite em entrar em contato com nossa equipe de suporte t\u00e9cnico.<\/p> <\/div>\r\n\t\t\t\t\t<\/div>\r\n\t\t\t\t<\/div> <\/div> <\/div>","protected":false},"excerpt":{"rendered":"","protected":false},"author":9,"featured_media":0,"parent":618,"menu_order":0,"comment_status":"closed","ping_status":"closed","template":"templates\/template-application-platform.php","meta":{"publish_to_discourse":"","publish_post_category":"","wpdc_auto_publish_overridden":"","wpdc_topic_tags":"","wpdc_pin_topic":"","wpdc_pin_until":"","discourse_post_id":"","discourse_permalink":"","wpdc_publishing_response":"","wpdc_publishing_error":"","footnotes":""},"class_list":["post-6240","page","type-page","status-publish","hentry"],"yoast_head":"<!-- This site is optimized with the Yoast SEO plugin v25.3.1 - https:\/\/yoast.com\/wordpress\/plugins\/seo\/ -->\n<title>Adicionar widget de consentimento de cookies ao site Jimdo (2025)<\/title>\n<meta name=\"description\" content=\"Com a Elfsight, crie seu widget de consentimento de cookies e publique-o em seu site Jimdo. Oferecemos atendimento gratuito ao cliente e outros b\u00f4nus.\" \/>\n<meta name=\"robots\" content=\"index, follow, max-snippet:-1, max-image-preview:large, max-video-preview:-1\" \/>\n<link rel=\"canonical\" href=\"https:\/\/elfsight.com\/pt\/cookie-consent-widget\/jimdo\/\" \/>\n<meta property=\"og:locale\" content=\"pt_PT\" \/>\n<meta property=\"og:type\" content=\"article\" \/>\n<meta property=\"og:title\" content=\"Adicionar widget de consentimento de cookies ao site Jimdo (2025)\" \/>\n<meta property=\"og:description\" content=\"Com a Elfsight, crie seu widget de consentimento de cookies e publique-o em seu site Jimdo. Oferecemos atendimento gratuito ao cliente e outros b\u00f4nus.\" \/>\n<meta property=\"og:url\" content=\"https:\/\/elfsight.com\/pt\/cookie-consent-widget\/jimdo\/\" \/>\n<meta property=\"og:site_name\" content=\"Elfsight PT\" \/>\n<meta property=\"article:modified_time\" content=\"2024-11-12T15:29:06+00:00\" \/>\n<meta name=\"twitter:card\" content=\"summary_large_image\" \/>\n<meta name=\"twitter:label1\" content=\"Tempo estimado de leitura\" \/>\n\t<meta name=\"twitter:data1\" content=\"3 minutos\" \/>\n<!-- \/ Yoast SEO plugin. -->","yoast_head_json":{"title":"Adicionar widget de consentimento de cookies ao site Jimdo (2025)","description":"Com a Elfsight, crie seu widget de consentimento de cookies e publique-o em seu site Jimdo. Oferecemos atendimento gratuito ao cliente e outros b\u00f4nus.","robots":{"index":"index","follow":"follow","max-snippet":"max-snippet:-1","max-image-preview":"max-image-preview:large","max-video-preview":"max-video-preview:-1"},"canonical":"https:\/\/elfsight.com\/pt\/cookie-consent-widget\/jimdo\/","og_locale":"pt_PT","og_type":"article","og_title":"Adicionar widget de consentimento de cookies ao site Jimdo (2025)","og_description":"Com a Elfsight, crie seu widget de consentimento de cookies e publique-o em seu site Jimdo. Oferecemos atendimento gratuito ao cliente e outros b\u00f4nus.","og_url":"https:\/\/elfsight.com\/pt\/cookie-consent-widget\/jimdo\/","og_site_name":"Elfsight PT","article_modified_time":"2024-11-12T15:29:06+00:00","twitter_card":"summary_large_image","twitter_misc":{"Tempo estimado de leitura":"3 minutos"},"schema":{"@context":"https:\/\/schema.org","@graph":[{"@type":"WebPage","@id":"https:\/\/elfsight.com\/pt\/cookie-consent-widget\/jimdo\/","url":"https:\/\/elfsight.com\/pt\/cookie-consent-widget\/jimdo\/","name":"Adicionar widget de consentimento de cookies ao site Jimdo (2025)","isPartOf":{"@id":"https:\/\/elfsight.com\/pt\/#website"},"datePublished":"2024-05-03T06:33:05+00:00","dateModified":"2024-11-12T15:29:06+00:00","description":"Com a Elfsight, crie seu widget de consentimento de cookies e publique-o em seu site Jimdo. Oferecemos atendimento gratuito ao cliente e outros b\u00f4nus.","breadcrumb":{"@id":"https:\/\/elfsight.com\/pt\/cookie-consent-widget\/jimdo\/#breadcrumb"},"inLanguage":"pt-PT","potentialAction":[{"@type":"ReadAction","target":["https:\/\/elfsight.com\/pt\/cookie-consent-widget\/jimdo\/"]}]},{"@type":"BreadcrumbList","@id":"https:\/\/elfsight.com\/pt\/cookie-consent-widget\/jimdo\/#breadcrumb","itemListElement":[{"@type":"ListItem","position":1,"name":"Home","item":"https:\/\/elfsight.com\/pt\/"},{"@type":"ListItem","position":2,"name":"Cookie Consent","item":"https:\/\/elfsight.com\/pt\/cookie-consent-widget\/"},{"@type":"ListItem","position":3,"name":"Cookie Consent &#8211; Jimdo"}]},{"@type":"WebSite","@id":"https:\/\/elfsight.com\/pt\/#website","url":"https:\/\/elfsight.com\/pt\/","name":"Elfsight PT","description":"Just another Elfsight Sites site","potentialAction":[{"@type":"SearchAction","target":{"@type":"EntryPoint","urlTemplate":"https:\/\/elfsight.com\/pt\/?s={search_term_string}"},"query-input":{"@type":"PropertyValueSpecification","valueRequired":true,"valueName":"search_term_string"}}],"inLanguage":"pt-PT"}]}},"meta_box":{"industry":"","seo_heading":"","heading":"","description":"","cta_heading":"","cta_description":"","application":"617","h1":"Widget de consentimento de cookies Jimdo","h1_caption":"Mostre uma notifica\u00e7\u00e3o imediata de cookies com um bot\u00e3o de consentimento para os usu\u00e1rios do seu site","application_category":[],"applications_title":"","applications_request_title":"","applications_request_button_text":"","hero_text":"","hero_video":"","hero_video_schema_markup":"","selling_points_title":"","selling_points_caption":"","selling_points":[],"selling_points_cta_text":"","features_title":"","features":"","ed_cta_examples_text":"","ed_cta_examples_hidden":"","ed_cta_demo_text":"","ed_cta_demo_hidden":"","why_caption":"","why_editor_title":"","why_editor_text":"","why_team_title":"","why_team_text":"","why_service_title":"","why_service_text":"","template_catalog_visible":"","template_catalog_title":"","template_catalog_text":"","template_catalog_categories_visible":"","demo_title":"Crie seu widget de consentimento de cookies","demo_caption":"Configure seu consentimento de cookies e adicione-o ao seu site Jimdo gratuitamente!","default_faq_hidden":"","app_template_category":[],"platform":"5393","template_public_id":"","codecanyon_url":"","codecanyon_item_id":"","codecanyon_price":"","pricing_caption":"","pricing_elfsight_apps_hide_column":"","pricing_elfsight_apps_url":"","pricing_codecanyon_price_caption":"","integration_category":[],"integration_request_title":"","integration_request_cta":"","integration_platform":"","integrations":[],"platform_category":[],"video_schema_markup":"","price":"a partir de US$ 0\/m\u00eas","trial":"","benefits":[{"text":"Ajuda de instala\u00e7\u00e3o gratuita"},{"text":"Suporte ao cliente experiente"},{"text":"Garantia de devolu\u00e7\u00e3o do dinheiro em 14 dias"},{"text":"Melhorias gratuitas cont\u00ednuas"}],"button_url":"#demo","button_target_blank":"","button_nofollow":"","attributes":[{"name":"Instala\u00e7\u00f5es","content":"100,000 - 500,000"},{"name":"Responsivo","content":"Sim"},{"name":"Navegadores compat\u00edveis","content":"Firefox, Safari, Opera, Chrome, Edge"}],"tags":[],"tags_disable_links":"","hide_more_platforms":"","video_object":"","demo_hide_cta":"","demo_hide_cloud_options":"","pricing_title":"","pricing":[{"pricing_icon":"platform","pricing_title":"Elfsight Apps","pricing_title_caption":"Vers\u00e3o multiplataforma","pricing_price":"a partir de US$ 0\/m\u00eas","pricing_price_caption":"comece com um plano gratuito","pricing_benefits":[{"text":"Sites ilimitados"},{"text":"Suporte dedicado ao cliente"},{"text":"Suporte dedicado ao cliente"},{"text":"Totalmente personaliz\u00e1vel"}],"pricing_button_text":"Adicionar ao site","pricing_button_url":"#demo"}],"related_apps_title":"","related_apps_hidden":"","author":"","image":[],"title":"","job":"","social_networks":[]},"_links":{"self":[{"href":"https:\/\/elfsight.com\/pt\/wp-json\/wp\/v2\/pages\/6240","targetHints":{"allow":["GET"]}}],"collection":[{"href":"https:\/\/elfsight.com\/pt\/wp-json\/wp\/v2\/pages"}],"about":[{"href":"https:\/\/elfsight.com\/pt\/wp-json\/wp\/v2\/types\/page"}],"author":[{"embeddable":true,"href":"https:\/\/elfsight.com\/pt\/wp-json\/wp\/v2\/users\/9"}],"replies":[{"embeddable":true,"href":"https:\/\/elfsight.com\/pt\/wp-json\/wp\/v2\/comments?post=6240"}],"version-history":[{"count":1,"href":"https:\/\/elfsight.com\/pt\/wp-json\/wp\/v2\/pages\/6240\/revisions"}],"predecessor-version":[{"id":6244,"href":"https:\/\/elfsight.com\/pt\/wp-json\/wp\/v2\/pages\/6240\/revisions\/6244"}],"up":[{"embeddable":true,"href":"https:\/\/elfsight.com\/pt\/wp-json\/wp\/v2\/pages\/618"}],"wp:attachment":[{"href":"https:\/\/elfsight.com\/pt\/wp-json\/wp\/v2\/media?parent=6240"}],"curies":[{"name":"wp","href":"https:\/\/api.w.org\/{rel}","templated":true}]}}