{"id":6184,"date":"2024-05-03T06:32:37","date_gmt":"2024-05-03T06:32:37","guid":{"rendered":"https:\/\/elfsight.com\/pt\/?page_id=6184"},"modified":"2024-11-13T11:53:44","modified_gmt":"2024-11-13T11:53:44","slug":"bigcommerce","status":"publish","type":"page","link":"https:\/\/elfsight.com\/pt\/click-to-call-widget\/bigcommerce\/","title":{"rendered":"Click to Call &#8211; BigCommerce"},"content":{"rendered":"<div class=\"application-platform-content-item-description application-platform-content-item\" id=\"description\" data-nav-section=\"description\"><h2>Descri\u00e7\u00e3o<\/h2><p>O bot\u00e3o Ligar agora da Elfsight \u00e9 um widget de site f\u00e1cil, que tornar\u00e1 mais r\u00e1pido o acesso do p\u00fablico do site at\u00e9 voc\u00ea no telefone. Quando utiliza telefones celulares, o widget disca o n\u00famero, quando o usu\u00e1rio clica no \u00edcone do telefone. Em PCs e tablets, o clique demonstra o seu n\u00famero no site e ajuda os usu\u00e1rios a discarem instantaneamente. \u00c9 poss\u00edvel n\u00e3o apenas revelar o seu n\u00famero de telefone, mas tamb\u00e9m exibir a janela de chamada que cont\u00e9m o nome e a imagem do contato do cliente e uma legenda. Todas essas partes s\u00e3o flex\u00edveis, o que permite configurar diferentes visuais da interface. Voc\u00ea tamb\u00e9m pode definir um gatilho que fa\u00e7a o bal\u00e3o do telefone aparecer e definir uma categoria de p\u00fablico do site para o qual ele estar\u00e1 ativo.<\/p><div class=\"faq\" data-component=\"FAQ\"><div class=\"faq-item\">\r\n\t\t\t\t\t<div class=\"faq-item-question\">\r\n\t\t\t\t\t\t<h3 class=\"faq-item-question-text\">Onde posso inseri-lo no meu site<\/h3>\r\n\r\n\t\t\t\t\t\t<div class=\"faq-item-question-icon\"><\/div>\r\n\t\t\t\t\t<\/div>\r\n\r\n\t\t\t\t\t<div class=\"faq-item-answer\">\r\n\t\t\t\t\t\t<div class=\"faq-item-answer-text\"><p>Voc\u00ea pode apresentar o Elfsight Click To Call em qualquer p\u00e1gina que desejar ou em todas as p\u00e1ginas da web. Nas configura\u00e7\u00f5es do widget, voc\u00ea pode inserir os URLs das p\u00e1ginas nas quais deseja ativar o widget. Ou aplique o recurso Excluir e insira os URLs das p\u00e1ginas onde voc\u00ea escolhe limitar a demonstra\u00e7\u00e3o do widget.<\/p><\/div>\r\n\t\t\t\t\t<\/div>\r\n\t\t\t\t<\/div><div class=\"faq-item\">\r\n\t\t\t\t\t<div class=\"faq-item-question\">\r\n\t\t\t\t\t\t<h3 class=\"faq-item-question-text\">Quais benef\u00edcios isso me trar\u00e1?<\/h3>\r\n\r\n\t\t\t\t\t\t<div class=\"faq-item-question-icon\"><\/div>\r\n\t\t\t\t\t<\/div>\r\n\r\n\t\t\t\t\t<div class=\"faq-item-answer\">\r\n\t\t\t\t\t\t<div class=\"faq-item-answer-text\"><p>Voc\u00ea pode receber mais chamadas dos visitantes do site com a ajuda de uma forma simples e imediata de ligar para voc\u00ea, sem sair do site. Isso contribuir\u00e1 para ter mais conversas diretas e converter visitantes em clientes. Al\u00e9m disso, voc\u00ea pode criar sua base de clientes de leads.<\/p><\/div>\r\n\t\t\t\t\t<\/div>\r\n\t\t\t\t<\/div><div class=\"faq-item\">\r\n\t\t\t\t\t<div class=\"faq-item-question\">\r\n\t\t\t\t\t\t<h3 class=\"faq-item-question-text\">Como posso incorporar o bot\u00e3o de chamada ao meu site do BigCommerce?<\/h3>\r\n\r\n\t\t\t\t\t\t<div class=\"faq-item-question-icon\"><\/div>\r\n\t\t\t\t\t<\/div>\r\n\r\n\t\t\t\t\t<div class=\"faq-item-answer\">\r\n\t\t\t\t\t\t<div class=\"faq-item-answer-text\"><p>Levar\u00e1 um minuto do seu tempo para definir ativar o widget. A incorpora\u00e7\u00e3o \u00e9 muito r\u00e1pida, gratuita e n\u00e3o requer codifica\u00e7\u00e3o.<\/p><p>O widget pode ser incorporado em nosso servi\u00e7o ou atrav\u00e9s do marketplace. Aqui voc\u00ea pode ler todos os detalhes sobre essas variantes e selecionar a sua.<\/p><\/div>\r\n\t\t\t\t\t<\/div>\r\n\t\t\t\t<\/div><\/div><\/div><div class=\"application-platform-content-item-features application-platform-content-item\" id=\"features\" data-nav-section=\"features\"><h2>Recursos<\/h2><p>Para alcan\u00e7ar para ter uma ideia melhor do aplicativo Click to Call, examine a lista de fun\u00e7\u00f5es essenciais. Eles tornam o widget realmente ben\u00e9fico para o seu neg\u00f3cio:<\/p><ul><li>Discagem instant\u00e2nea em celulares;<\/li> <li>Tr\u00eas op\u00e7\u00f5es de posi\u00e7\u00e3o do widget: flutuante \u00e0 esquerda ou \u00e0 direita ou personalizado;<\/li> <li>A op\u00e7\u00e3o de colocar o widget em p\u00e1ginas selecionadas ou excluir p\u00e1ginas da web;<\/li> <li>Escolha variantes de visitantes para ver o widget: todos, novos e recorrentes;<\/li> <li> Gatilhos de widget integrados: tempo gasto na p\u00e1gina, tempo gasto no site, porcentagem de rolagem e inten\u00e7\u00e3o de sa\u00edda.<\/li> <\/ul><p><a href=\"#demo\">Verifique todos os recursos em nossa demonstra\u00e7\u00e3o ao vivo<\/a><\/p><\/div> <div class=\"application-platform-content-item-installation application-platform-content-item\" id=\"installation\" data-nav-section=\"installation\"> <h2>Como adicionar o bot\u00e3o Click To Call ao seu site do BigCommerce<\/h2><p>Basta seguir as orienta\u00e7\u00f5es abaixo para come\u00e7ar a usar o widget no BigCommerce. <\/p> <ol><li><b>Utilize nosso configurador gratuito e comece a criar seu aplicativo personalizado. <\/b><br> Encontre a interface e os recursos adequados da ferramenta e salve as corre\u00e7\u00f5es. <\/li> <li><b>Receba seu c\u00f3digo exclusivo revelado na janela dos aplicativos Elfsight. <\/b><br> Assim que a personaliza\u00e7\u00e3o do widget Click to Call for conclu\u00edda, copie o c\u00f3digo pessoal no pop-up exibido e guarde-o para uso futuro. <\/li> <li><b>Entre usando o widget no site BigCommerce. <\/b><br> Insira o c\u00f3digo copiado anteriormente em seu site e salve os ajustes. <\/li> <li><b>A configura\u00e7\u00e3o foi finalizada com sucesso. <\/b><br> Visite seu site para observar como o aplicativo est\u00e1 funcionando. <\/li><\/ol><p>Ainda duvida de alguma coisa? Ou tem perguntas a fazer? Basta escrever uma solicita\u00e7\u00e3o ao nosso atendimento ao cliente, n\u00f3s resolveremos qualquer problema.<\/p><\/div>","protected":false},"excerpt":{"rendered":"","protected":false},"author":9,"featured_media":0,"parent":1149,"menu_order":0,"comment_status":"closed","ping_status":"closed","template":"templates\/template-application-platform.php","meta":{"publish_to_discourse":"","publish_post_category":"","wpdc_auto_publish_overridden":"","wpdc_topic_tags":"","wpdc_pin_topic":"","wpdc_pin_until":"","discourse_post_id":"","discourse_permalink":"","wpdc_publishing_response":"","wpdc_publishing_error":"","footnotes":""},"class_list":["post-6184","page","type-page","status-publish","hentry"],"yoast_head":"<!-- This site is optimized with the Yoast SEO plugin v25.3.1 - https:\/\/yoast.com\/wordpress\/plugins\/seo\/ -->\n<title>Bot\u00e3o de chamada do Bigcommerce | Adicionar aplicativo Click to Call Button no site [2025]<\/title>\n<meta name=\"description\" content=\"Crie o aplicativo Click to Call Button e adicione-o ao seu site BigCommerce. Obtenha suporte gratuito ao cliente e outros b\u00f4nus da Elfsight.\" \/>\n<meta name=\"robots\" content=\"index, follow, max-snippet:-1, max-image-preview:large, max-video-preview:-1\" \/>\n<link rel=\"canonical\" href=\"https:\/\/elfsight.com\/pt\/click-to-call-widget\/bigcommerce\/\" \/>\n<meta property=\"og:locale\" content=\"pt_PT\" \/>\n<meta property=\"og:type\" content=\"article\" \/>\n<meta property=\"og:title\" content=\"Bot\u00e3o de chamada do Bigcommerce | Adicionar aplicativo Click to Call Button no site [2025]\" \/>\n<meta property=\"og:description\" content=\"Crie o aplicativo Click to Call Button e adicione-o ao seu site BigCommerce. Obtenha suporte gratuito ao cliente e outros b\u00f4nus da Elfsight.\" \/>\n<meta property=\"og:url\" content=\"https:\/\/elfsight.com\/pt\/click-to-call-widget\/bigcommerce\/\" \/>\n<meta property=\"og:site_name\" content=\"Elfsight PT\" \/>\n<meta property=\"article:modified_time\" content=\"2024-11-13T11:53:44+00:00\" \/>\n<meta name=\"twitter:card\" content=\"summary_large_image\" \/>\n<meta name=\"twitter:label1\" content=\"Tempo estimado de leitura\" \/>\n\t<meta name=\"twitter:data1\" content=\"3 minutos\" \/>\n<!-- \/ Yoast SEO plugin. -->","yoast_head_json":{"title":"Bot\u00e3o de chamada do Bigcommerce | Adicionar aplicativo Click to Call Button no site [2025]","description":"Crie o aplicativo Click to Call Button e adicione-o ao seu site BigCommerce. Obtenha suporte gratuito ao cliente e outros b\u00f4nus da Elfsight.","robots":{"index":"index","follow":"follow","max-snippet":"max-snippet:-1","max-image-preview":"max-image-preview:large","max-video-preview":"max-video-preview:-1"},"canonical":"https:\/\/elfsight.com\/pt\/click-to-call-widget\/bigcommerce\/","og_locale":"pt_PT","og_type":"article","og_title":"Bot\u00e3o de chamada do Bigcommerce | Adicionar aplicativo Click to Call Button no site [2025]","og_description":"Crie o aplicativo Click to Call Button e adicione-o ao seu site BigCommerce. Obtenha suporte gratuito ao cliente e outros b\u00f4nus da Elfsight.","og_url":"https:\/\/elfsight.com\/pt\/click-to-call-widget\/bigcommerce\/","og_site_name":"Elfsight PT","article_modified_time":"2024-11-13T11:53:44+00:00","twitter_card":"summary_large_image","twitter_misc":{"Tempo estimado de leitura":"3 minutos"},"schema":{"@context":"https:\/\/schema.org","@graph":[{"@type":"WebPage","@id":"https:\/\/elfsight.com\/pt\/click-to-call-widget\/bigcommerce\/","url":"https:\/\/elfsight.com\/pt\/click-to-call-widget\/bigcommerce\/","name":"Bot\u00e3o de chamada do Bigcommerce | Adicionar aplicativo Click to Call Button no site [2025]","isPartOf":{"@id":"https:\/\/elfsight.com\/pt\/#website"},"datePublished":"2024-05-03T06:32:37+00:00","dateModified":"2024-11-13T11:53:44+00:00","description":"Crie o aplicativo Click to Call Button e adicione-o ao seu site BigCommerce. Obtenha suporte gratuito ao cliente e outros b\u00f4nus da Elfsight.","breadcrumb":{"@id":"https:\/\/elfsight.com\/pt\/click-to-call-widget\/bigcommerce\/#breadcrumb"},"inLanguage":"pt-PT","potentialAction":[{"@type":"ReadAction","target":["https:\/\/elfsight.com\/pt\/click-to-call-widget\/bigcommerce\/"]}]},{"@type":"BreadcrumbList","@id":"https:\/\/elfsight.com\/pt\/click-to-call-widget\/bigcommerce\/#breadcrumb","itemListElement":[{"@type":"ListItem","position":1,"name":"Home","item":"https:\/\/elfsight.com\/pt\/"},{"@type":"ListItem","position":2,"name":"Click to Call","item":"https:\/\/elfsight.com\/pt\/click-to-call-widget\/"},{"@type":"ListItem","position":3,"name":"Click to Call &#8211; BigCommerce"}]},{"@type":"WebSite","@id":"https:\/\/elfsight.com\/pt\/#website","url":"https:\/\/elfsight.com\/pt\/","name":"Elfsight PT","description":"Just another Elfsight Sites site","potentialAction":[{"@type":"SearchAction","target":{"@type":"EntryPoint","urlTemplate":"https:\/\/elfsight.com\/pt\/?s={search_term_string}"},"query-input":{"@type":"PropertyValueSpecification","valueRequired":true,"valueName":"search_term_string"}}],"inLanguage":"pt-PT"}]}},"meta_box":{"industry":"","seo_heading":"","heading":"","description":"","cta_heading":"","cta_description":"","application":"1148","h1":"Bot\u00e3o clique para ligar do BigCommerce","h1_caption":"O m\u00e9todo mais r\u00e1pido de discar seu n\u00famero","application_category":[],"applications_title":"","applications_request_title":"","applications_request_button_text":"","hero_text":"","hero_video":"","hero_video_schema_markup":"","selling_points_title":"","selling_points_caption":"","selling_points":[],"selling_points_cta_text":"","features_title":"","features":"","ed_cta_examples_text":"","ed_cta_examples_hidden":"","ed_cta_demo_text":"","ed_cta_demo_hidden":"","why_caption":"","why_editor_title":"","why_editor_text":"","why_team_title":"","why_team_text":"","why_service_title":"","why_service_text":"","template_catalog_visible":"","template_catalog_title":"","template_catalog_text":"","template_catalog_categories_visible":"","demo_title":"Crie seu aplicativo Click to Call","demo_caption":"Configure seu Click to Call e adicione-o ao seu site BigCommerce gratuitamente!","default_faq_hidden":"","app_template_category":[],"platform":"43","template_public_id":"","codecanyon_url":"","codecanyon_item_id":"","codecanyon_price":"","pricing_caption":"","pricing_elfsight_apps_hide_column":"","pricing_elfsight_apps_url":"","pricing_codecanyon_price_caption":"","integration_category":[],"integration_request_title":"","integration_request_cta":"","integration_platform":"","integrations":[],"platform_category":[],"video_schema_markup":"","price":"a partir de US$ 0\/m\u00eas","trial":"","benefits":[{"text":"Servi\u00e7o de instala\u00e7\u00e3o gratuito"},{"text":"Atendimento ao cliente profissional"},{"text":"Garantia de reembolso de 14 dias"},{"text":"Atualizando constantemente"}],"button_url":"#demo","button_target_blank":"","button_nofollow":"","attributes":[{"name":"Instala\u00e7\u00f5es","content":"10,000 - 100,000"},{"name":"Responsivo","content":"Sim"},{"name":"Navegadores compat\u00edveis","content":"Firefox, Safari, Opera, Chrome, Edge"}],"tags":[],"tags_disable_links":"","hide_more_platforms":"","video_object":"","demo_hide_cta":"","demo_hide_cloud_options":"","pricing_title":"","pricing":[{"pricing_icon":"platform","pricing_title":"Elfsight Apps","pricing_title_caption":"Solu\u00e7\u00e3o independente de plataforma que funciona em qualquer site","pricing_price":"a partir de US$ 0\/m\u00eas","pricing_price_caption":"comece com plano gratuito","pricing_benefits":[{"text":"Sites ilimitados"},{"text":"Suporte gratuito da empresa e bem documentado"},{"text":"Suporte gratuito da empresa e bem documentado"},{"text":"100% personaliz\u00e1vel"}],"pricing_button_text":"Adicionar ao site","pricing_button_url":"#demo"}],"related_apps_title":"","related_apps_hidden":"","author":"","image":[],"title":"","job":"","social_networks":[]},"_links":{"self":[{"href":"https:\/\/elfsight.com\/pt\/wp-json\/wp\/v2\/pages\/6184","targetHints":{"allow":["GET"]}}],"collection":[{"href":"https:\/\/elfsight.com\/pt\/wp-json\/wp\/v2\/pages"}],"about":[{"href":"https:\/\/elfsight.com\/pt\/wp-json\/wp\/v2\/types\/page"}],"author":[{"embeddable":true,"href":"https:\/\/elfsight.com\/pt\/wp-json\/wp\/v2\/users\/9"}],"replies":[{"embeddable":true,"href":"https:\/\/elfsight.com\/pt\/wp-json\/wp\/v2\/comments?post=6184"}],"version-history":[{"count":1,"href":"https:\/\/elfsight.com\/pt\/wp-json\/wp\/v2\/pages\/6184\/revisions"}],"predecessor-version":[{"id":6188,"href":"https:\/\/elfsight.com\/pt\/wp-json\/wp\/v2\/pages\/6184\/revisions\/6188"}],"up":[{"embeddable":true,"href":"https:\/\/elfsight.com\/pt\/wp-json\/wp\/v2\/pages\/1149"}],"wp:attachment":[{"href":"https:\/\/elfsight.com\/pt\/wp-json\/wp\/v2\/media?parent=6184"}],"curies":[{"name":"wp","href":"https:\/\/api.w.org\/{rel}","templated":true}]}}