{"id":6183,"date":"2024-05-03T06:32:36","date_gmt":"2024-05-03T06:32:36","guid":{"rendered":"https:\/\/elfsight.com\/pt\/?page_id=6183"},"modified":"2024-11-13T11:53:44","modified_gmt":"2024-11-13T11:53:44","slug":"blogger","status":"publish","type":"page","link":"https:\/\/elfsight.com\/pt\/click-to-call-widget\/blogger\/","title":{"rendered":"Click to Call &#8211; Blogger"},"content":{"rendered":"<div class=\"application-platform-content-item-description application-platform-content-item\" id=\"description\" data-nav-section=\"description\"> <h2>Descri\u00e7\u00e3o<\/h2> <p>O bot\u00e3o Ligar agora da Elfsight \u00e9 um widget simples para qualquer site, que tornar\u00e1 mais r\u00e1pido para os seus visitantes Telefonar para voc\u00ea. Visualizado no celular, o widget come\u00e7a a discar o n\u00famero selecionado, logo ap\u00f3s a pessoa clicar no bal\u00e3o do telefone. Quando usado em PCs e tablets, o clique revelar\u00e1 seu n\u00famero na p\u00e1gina e ajudar\u00e1 os usu\u00e1rios a ligar para voc\u00ea imediatamente. Existe a op\u00e7\u00e3o n\u00e3o apenas de demonstrar seu n\u00famero de telefone, mas tamb\u00e9m de mostrar a janela de chamada onde os usu\u00e1rios podem ver o nome e a foto da pessoa de contato do cliente e uma legenda. Todas as pe\u00e7as s\u00e3o flex\u00edveis, o que permite criar visuais variados da interface. Voc\u00ea tamb\u00e9m pode atribuir um gatilho que ative o bal\u00e3o do telefone e decidir qual categoria de visualizadores o ver\u00e1. <\/p> <div class=\"faq\" data-component=\"FAQ\"><div class=\"faq-item\">\r\n\t\t\t\t\t<div class=\"faq-item-question\">\r\n\t\t\t\t\t\t<h3 class=\"faq-item-question-text\">Onde no meu site posso publicar este plugin<\/h3>\r\n\r\n\t\t\t\t\t\t<div class=\"faq-item-question-icon\"><\/div>\r\n\t\t\t\t\t<\/div>\r\n\r\n\t\t\t\t\t<div class=\"faq-item-answer\">\r\n\t\t\t\t\t\t<div class=\"faq-item-answer-text\"> <p>Voc\u00ea pode inseri-lo em qualquer p\u00e1gina do seu site, bem como em todas as p\u00e1ginas. Nas configura\u00e7\u00f5es do Click To Call, voc\u00ea pode inserir os URLs das p\u00e1ginas nas quais deseja colocar o widget. Como alternativa, use o recurso Excluir e adicione os URLs das p\u00e1ginas exatas onde deseja proibir a exibi\u00e7\u00e3o do widget. <\/p> <\/div>\r\n\t\t\t\t\t<\/div>\r\n\t\t\t\t<\/div><div class=\"faq-item\">\r\n\t\t\t\t\t<div class=\"faq-item-question\">\r\n\t\t\t\t\t\t<h3 class=\"faq-item-question-text\">Como eu me beneficiaria com o widget de chamada?<\/h3>\r\n\r\n\t\t\t\t\t\t<div class=\"faq-item-question-icon\"><\/div>\r\n\t\t\t\t\t<\/div>\r\n\r\n\t\t\t\t\t<div class=\"faq-item-answer\">\r\n\t\t\t\t\t\t<div class=\"faq-item-answer-text\"> <p>Voc\u00ea pode come\u00e7ar a receber mais chamadas de clientes gra\u00e7as \u00e0 maneira r\u00e1pida e pr\u00e1tica de ligar para voc\u00ea, sem saindo da p\u00e1gina da web. Pode contribuir para ter conversas mais diretas e transformar visitantes em clientes. Mais do que isso, voc\u00ea pode coletar sua base de leads de clientes. <\/p> <\/div>\r\n\t\t\t\t\t<\/div>\r\n\t\t\t\t<\/div> <div class=\"faq-item\">\r\n\t\t\t\t\t<div class=\"faq-item-question\">\r\n\t\t\t\t\t\t<h3 class=\"faq-item-question-text\">Como fa\u00e7o para instalar o widget de chamada no meu site do Blogger?<\/h3>\r\n\r\n\t\t\t\t\t\t<div class=\"faq-item-question-icon\"><\/div>\r\n\t\t\t\t\t<\/div>\r\n\r\n\t\t\t\t\t<div class=\"faq-item-answer\">\r\n\t\t\t\t\t\t<div class=\"faq-item-answer-text\"> <p>Voc\u00ea s\u00f3 precisa de dois minutos do seu tempo para configur\u00e1-lo. A incorpora\u00e7\u00e3o \u00e9 muito r\u00e1pida, gratuita e n\u00e3o requer codifica\u00e7\u00e3o. <\/p> <p>&gt;Voc\u00ea pode integrar o widget Chamada ao seu site diretamente em nosso servi\u00e7o. Para isso, aplique o guia abaixo nesta p\u00e1gina.<\/p> <\/div>\r\n\t\t\t\t\t<\/div>\r\n\t\t\t\t<\/div> <\/div> <\/div> <div class=\"application-platform-content-item-features application-platform-content-item\" id=\"features\" data-nav-section=\"features\"> <h2>Recursos<\/h2> <p>Para moldar um ambiente claro ideia do widget, veja a lista de suas fun\u00e7\u00f5es mais importantes. Eles tornam este widget incrivelmente ben\u00e9fico para voc\u00ea: <\/p> <ul><li>Discagem imediata em celulares; <\/li> <li>Selecione uma das op\u00e7\u00f5es de posi\u00e7\u00e3o do widget: flutuante \u00e0 esquerda ou \u00e0 direita ou personalizado; <\/li> <li>A op\u00e7\u00e3o de demonstrar widget em p\u00e1ginas web espec\u00edficas ou excluir p\u00e1ginas; <\/li> <li>Tr\u00eas tipos de visitantes para os quais o widget aparecer\u00e1: todos, novos ou recorrentes; <\/li> <li> Quatro gatilhos de abertura de widget integrados: tempo gasto na p\u00e1gina, tempo no site, quantidade de rolagem e tentativa de sair do site. <\/li> <\/ul><p><a href=\"#demo\">Para explorar mais recursos, consulte a demonstra\u00e7\u00e3o<\/a><\/p> <\/div> <div class=\"application-platform-content-item-installation application-platform-content-item\" id=\"installation\" data-nav-section=\"installation\"> <h2> Como adicionar o widget Click To Call ao seu site do Blogger<\/h2> <p>As etapas abaixo s\u00e3o as \u00fanicas coisas que voc\u00ea precisa fazer para ativar o widget. <\/p> <ol><li><b>Construa seu plugin de chamada personalizado<\/b><br> Com a ajuda de nosso editor gratuito, crie um plugin com layout e funcionalidade personalizados. <\/li><li><b>Receba o c\u00f3digo individual para instalar o plugin<\/b><br> Depois de configurar o seu widget, voc\u00ea adquirir\u00e1 o c\u00f3digo de instala\u00e7\u00e3o na janela exibida nos aplicativos Elfsight. Copie. <\/li> <li><b>Integre o plug-in ao seu site do Blogger<\/b><br> V\u00e1 para a \u00e1rea onde voc\u00ea planeja integrar o plug-in e adicione o c\u00f3digo copiado l\u00e1. Publique as edi\u00e7\u00f5es. <\/li> <li><b>A instala\u00e7\u00e3o foi conclu\u00edda<\/b><br> Entre na p\u00e1gina para dar uma olhada no seu plugin de chamada. <\/li> <\/ol><p>Ainda duvida de alguma coisa? Ou tendo problemas? Apenas uma \u00fanica solicita\u00e7\u00e3o ao nosso departamento de suporte ao cliente resolver\u00e1 qualquer tipo de problema. <\/p> <\/div>","protected":false},"excerpt":{"rendered":"","protected":false},"author":9,"featured_media":0,"parent":1149,"menu_order":0,"comment_status":"closed","ping_status":"closed","template":"templates\/template-application-platform.php","meta":{"publish_to_discourse":"","publish_post_category":"","wpdc_auto_publish_overridden":"","wpdc_topic_tags":"","wpdc_pin_topic":"","wpdc_pin_until":"","discourse_post_id":"","discourse_permalink":"","wpdc_publishing_response":"","wpdc_publishing_error":"","footnotes":""},"class_list":["post-6183","page","type-page","status-publish","hentry"],"yoast_head":"<!-- This site is optimized with the Yoast SEO plugin v25.3.1 - https:\/\/yoast.com\/wordpress\/plugins\/seo\/ -->\n<title>Adicionar widget Click to Call Button no site do Blogger (gratuito e r\u00e1pido)<\/title>\n<meta name=\"description\" content=\"Com a Elfsight, produza o seu Click to Call e adicione-o ao site do Blogger num instante. Temos atendimento gratuito ao cliente e mais b\u00f4nus.\" \/>\n<meta name=\"robots\" content=\"index, follow, max-snippet:-1, max-image-preview:large, max-video-preview:-1\" \/>\n<link rel=\"canonical\" href=\"https:\/\/elfsight.com\/pt\/click-to-call-widget\/blogger\/\" \/>\n<meta property=\"og:locale\" content=\"pt_PT\" \/>\n<meta property=\"og:type\" content=\"article\" \/>\n<meta property=\"og:title\" content=\"Adicionar widget Click to Call Button no site do Blogger (gratuito e r\u00e1pido)\" \/>\n<meta property=\"og:description\" content=\"Com a Elfsight, produza o seu Click to Call e adicione-o ao site do Blogger num instante. Temos atendimento gratuito ao cliente e mais b\u00f4nus.\" \/>\n<meta property=\"og:url\" content=\"https:\/\/elfsight.com\/pt\/click-to-call-widget\/blogger\/\" \/>\n<meta property=\"og:site_name\" content=\"Elfsight PT\" \/>\n<meta property=\"article:modified_time\" content=\"2024-11-13T11:53:44+00:00\" \/>\n<meta name=\"twitter:card\" content=\"summary_large_image\" \/>\n<meta name=\"twitter:label1\" content=\"Tempo estimado de leitura\" \/>\n\t<meta name=\"twitter:data1\" content=\"3 minutos\" \/>\n<!-- \/ Yoast SEO plugin. -->","yoast_head_json":{"title":"Adicionar widget Click to Call Button no site do Blogger (gratuito e r\u00e1pido)","description":"Com a Elfsight, produza o seu Click to Call e adicione-o ao site do Blogger num instante. Temos atendimento gratuito ao cliente e mais b\u00f4nus.","robots":{"index":"index","follow":"follow","max-snippet":"max-snippet:-1","max-image-preview":"max-image-preview:large","max-video-preview":"max-video-preview:-1"},"canonical":"https:\/\/elfsight.com\/pt\/click-to-call-widget\/blogger\/","og_locale":"pt_PT","og_type":"article","og_title":"Adicionar widget Click to Call Button no site do Blogger (gratuito e r\u00e1pido)","og_description":"Com a Elfsight, produza o seu Click to Call e adicione-o ao site do Blogger num instante. Temos atendimento gratuito ao cliente e mais b\u00f4nus.","og_url":"https:\/\/elfsight.com\/pt\/click-to-call-widget\/blogger\/","og_site_name":"Elfsight PT","article_modified_time":"2024-11-13T11:53:44+00:00","twitter_card":"summary_large_image","twitter_misc":{"Tempo estimado de leitura":"3 minutos"},"schema":{"@context":"https:\/\/schema.org","@graph":[{"@type":"WebPage","@id":"https:\/\/elfsight.com\/pt\/click-to-call-widget\/blogger\/","url":"https:\/\/elfsight.com\/pt\/click-to-call-widget\/blogger\/","name":"Adicionar widget Click to Call Button no site do Blogger (gratuito e r\u00e1pido)","isPartOf":{"@id":"https:\/\/elfsight.com\/pt\/#website"},"datePublished":"2024-05-03T06:32:36+00:00","dateModified":"2024-11-13T11:53:44+00:00","description":"Com a Elfsight, produza o seu Click to Call e adicione-o ao site do Blogger num instante. Temos atendimento gratuito ao cliente e mais b\u00f4nus.","breadcrumb":{"@id":"https:\/\/elfsight.com\/pt\/click-to-call-widget\/blogger\/#breadcrumb"},"inLanguage":"pt-PT","potentialAction":[{"@type":"ReadAction","target":["https:\/\/elfsight.com\/pt\/click-to-call-widget\/blogger\/"]}]},{"@type":"BreadcrumbList","@id":"https:\/\/elfsight.com\/pt\/click-to-call-widget\/blogger\/#breadcrumb","itemListElement":[{"@type":"ListItem","position":1,"name":"Home","item":"https:\/\/elfsight.com\/pt\/"},{"@type":"ListItem","position":2,"name":"Click to Call","item":"https:\/\/elfsight.com\/pt\/click-to-call-widget\/"},{"@type":"ListItem","position":3,"name":"Click to Call &#8211; Blogger"}]},{"@type":"WebSite","@id":"https:\/\/elfsight.com\/pt\/#website","url":"https:\/\/elfsight.com\/pt\/","name":"Elfsight PT","description":"Just another Elfsight Sites site","potentialAction":[{"@type":"SearchAction","target":{"@type":"EntryPoint","urlTemplate":"https:\/\/elfsight.com\/pt\/?s={search_term_string}"},"query-input":{"@type":"PropertyValueSpecification","valueRequired":true,"valueName":"search_term_string"}}],"inLanguage":"pt-PT"}]}},"meta_box":{"industry":"","seo_heading":"","heading":"","description":"","cta_heading":"","cta_description":"","application":"1148","h1":"Widget Clique para ligar do Blogger","h1_caption":"Uma ferramenta instant\u00e2nea para ligar para voc\u00ea do site","application_category":[],"applications_title":"","applications_request_title":"","applications_request_button_text":"","hero_text":"","hero_video":"","hero_video_schema_markup":"","selling_points_title":"","selling_points_caption":"","selling_points":[],"selling_points_cta_text":"","features_title":"","features":"","ed_cta_examples_text":"","ed_cta_examples_hidden":"","ed_cta_demo_text":"","ed_cta_demo_hidden":"","why_caption":"","why_editor_title":"","why_editor_text":"","why_team_title":"","why_team_text":"","why_service_title":"","why_service_text":"","template_catalog_visible":"","template_catalog_title":"","template_catalog_text":"","template_catalog_categories_visible":"","demo_title":"Crie seu widget Click to Call","demo_caption":"Configure seu Click to Call e adicione-o ao site do Blogger gratuitamente!","default_faq_hidden":"","app_template_category":[],"platform":"46","template_public_id":"","codecanyon_url":"","codecanyon_item_id":"","codecanyon_price":"","pricing_caption":"","pricing_elfsight_apps_hide_column":"","pricing_elfsight_apps_url":"","pricing_codecanyon_price_caption":"","integration_category":[],"integration_request_title":"","integration_request_cta":"","integration_platform":"","integrations":[],"platform_category":[],"video_schema_markup":"","price":"a partir de US$ 0\/m\u00eas","trial":"","benefits":[{"text":"Servi\u00e7o de instala\u00e7\u00e3o gratuito"},{"text":"Atendimento ao cliente profissional"},{"text":"Garantia de reembolso de 14 dias"},{"text":"Atualizando constantemente"}],"button_url":"#demo","button_target_blank":"","button_nofollow":"","attributes":[{"name":"Instala\u00e7\u00f5es","content":"10,000 - 100,000"},{"name":"Responsivo","content":"Sim"},{"name":"Navegadores compat\u00edveis","content":"Firefox, Safari, Opera, Chrome, Edge"}],"tags":[],"tags_disable_links":"","hide_more_platforms":"","video_object":"","demo_hide_cta":"","demo_hide_cloud_options":"","pricing_title":"","pricing":[{"pricing_icon":"platform","pricing_title":"Elfsight Apps","pricing_title_caption":"Vers\u00e3o independente de plataforma","pricing_price":"a partir de US$ 0\/m\u00eas","pricing_price_caption":"comece com um plano gratuito","pricing_benefits":[{"text":"Sites ilimitados"},{"text":"Suporte premium da empresa e bem documentado"},{"text":"Suporte premium da empresa e bem documentado"},{"text":"100% personaliz\u00e1vel"}],"pricing_button_text":"Adicionar ao site","pricing_button_url":"#demo"}],"related_apps_title":"","related_apps_hidden":"","author":"","image":[],"title":"","job":"","social_networks":[]},"_links":{"self":[{"href":"https:\/\/elfsight.com\/pt\/wp-json\/wp\/v2\/pages\/6183","targetHints":{"allow":["GET"]}}],"collection":[{"href":"https:\/\/elfsight.com\/pt\/wp-json\/wp\/v2\/pages"}],"about":[{"href":"https:\/\/elfsight.com\/pt\/wp-json\/wp\/v2\/types\/page"}],"author":[{"embeddable":true,"href":"https:\/\/elfsight.com\/pt\/wp-json\/wp\/v2\/users\/9"}],"replies":[{"embeddable":true,"href":"https:\/\/elfsight.com\/pt\/wp-json\/wp\/v2\/comments?post=6183"}],"version-history":[{"count":1,"href":"https:\/\/elfsight.com\/pt\/wp-json\/wp\/v2\/pages\/6183\/revisions"}],"predecessor-version":[{"id":6187,"href":"https:\/\/elfsight.com\/pt\/wp-json\/wp\/v2\/pages\/6183\/revisions\/6187"}],"up":[{"embeddable":true,"href":"https:\/\/elfsight.com\/pt\/wp-json\/wp\/v2\/pages\/1149"}],"wp:attachment":[{"href":"https:\/\/elfsight.com\/pt\/wp-json\/wp\/v2\/media?parent=6183"}],"curies":[{"name":"wp","href":"https:\/\/api.w.org\/{rel}","templated":true}]}}