{"id":6178,"date":"2024-05-03T06:32:35","date_gmt":"2024-05-03T06:32:35","guid":{"rendered":"https:\/\/elfsight.com\/pt\/?page_id=6178"},"modified":"2024-11-13T11:53:44","modified_gmt":"2024-11-13T11:53:44","slug":"drupal","status":"publish","type":"page","link":"https:\/\/elfsight.com\/pt\/click-to-call-widget\/drupal\/","title":{"rendered":"Click to Call &#8211; Drupal"},"content":{"rendered":"<div class=\"application-platform-content-item-description application-platform-content-item\" id=\"description\" data-nav-section=\"description\"> <h2>Descri\u00e7\u00e3o<\/h2> <p>Elfsight Button Now Button \u00e9 um widget descomplicado para qualquer site, que torna mais f\u00e1cil para os clientes iniciarem um chamada telef\u00f3nica. Em dispositivos m\u00f3veis, o widget disca o n\u00famero incorporado assim que o usu\u00e1rio clica no \u00edcone do telefone. Em desktops, o clique mostra seu n\u00famero de telefone no site para ajudar os usu\u00e1rios a come\u00e7ar a discar no mesmo segundo. \u00c9 poss\u00edvel n\u00e3o apenas adicionar o n\u00famero, mas tamb\u00e9m configurar a janela de chamada com o nome e a foto da pessoa de contato e um pequeno texto. Todos os elementos s\u00e3o comut\u00e1veis \u200b\u200be permitem moldar qualquer variante da interface. Therese tamb\u00e9m possui um recurso para definir um gatilho que far\u00e1 com que a bolha do telefone apare\u00e7a e escolha uma categoria de visitantes para quem ela ser\u00e1 exibida. <\/p> <div class=\"faq\" data-component=\"FAQ\"><div class=\"faq-item\">\r\n\t\t\t\t\t<div class=\"faq-item-question\">\r\n\t\t\t\t\t\t<h3 class=\"faq-item-question-text\">Onde posso exibir este plugin<\/h3>\r\n\r\n\t\t\t\t\t\t<div class=\"faq-item-question-icon\"><\/div>\r\n\t\t\t\t\t<\/div>\r\n\r\n\t\t\t\t\t<div class=\"faq-item-answer\">\r\n\t\t\t\t\t\t<div class=\"faq-item-answer-text\"> <p>O widget pode aparecer em qualquer p\u00e1gina do site ou em todas as p\u00e1ginas da web. Nas configura\u00e7\u00f5es do widget, h\u00e1 um recurso para inserir os URLs das p\u00e1ginas selecionadas onde voc\u00ea precisa colocar o widget. Outra forma \u00e9 aplicar a op\u00e7\u00e3o Excluir e inserir os URLs das p\u00e1ginas onde deseja proibir a demonstra\u00e7\u00e3o do widget.<\/p> <\/div>\r\n\t\t\t\t\t<\/div>\r\n\t\t\t\t<\/div><div class=\"faq-item\">\r\n\t\t\t\t\t<div class=\"faq-item-question\">\r\n\t\t\t\t\t\t<h3 class=\"faq-item-question-text\">Como posso me beneficiar do bot\u00e3o Click to Call?<\/h3>\r\n\r\n\t\t\t\t\t\t<div class=\"faq-item-question-icon\"><\/div>\r\n\t\t\t\t\t<\/div>\r\n\r\n\t\t\t\t\t<div class=\"faq-item-answer\">\r\n\t\t\t\t\t\t<div class=\"faq-item-answer-text\"> <p>Voc\u00ea pode receber mais liga\u00e7\u00f5es de clientes em potencial devido \u00e0 forma simples e instant\u00e2nea de entrar em contato com voc\u00ea permanecendo no site. Isso pode ajud\u00e1-lo a ter mais comunica\u00e7\u00f5es pessoais e converter usu\u00e1rios em clientes. Al\u00e9m disso, voc\u00ea pode criar seu banco de dados de leads. <\/p> <\/div>\r\n\t\t\t\t\t<\/div>\r\n\t\t\t\t<\/div> <div class=\"faq-item\">\r\n\t\t\t\t\t<div class=\"faq-item-question\">\r\n\t\t\t\t\t\t<h3 class=\"faq-item-question-text\">Como fa\u00e7o para incorporar o m\u00f3dulo Call em meu site Drupal?<\/h3>\r\n\r\n\t\t\t\t\t\t<div class=\"faq-item-question-icon\"><\/div>\r\n\t\t\t\t\t<\/div>\r\n\r\n\t\t\t\t\t<div class=\"faq-item-answer\">\r\n\t\t\t\t\t\t<div class=\"faq-item-answer-text\"> <p>Voc\u00ea s\u00f3 precisa de um minuto para ter o widget instalado e funcionando. A adi\u00e7\u00e3o \u00e9 muito r\u00e1pida, gratuita e sem codifica\u00e7\u00e3o. <\/p> <p>O widget pode ser integrado diretamente em nosso servi\u00e7o ou atrav\u00e9s do marketplace. Aqui voc\u00ea pode ler os pr\u00f3s e contras de ambas as op\u00e7\u00f5es e selecionar a mais adequada.<\/p> <\/div>\r\n\t\t\t\t\t<\/div>\r\n\t\t\t\t<\/div> <\/div> <\/div><div class=\"application-platform-content-item-features application-platform-content-item\" id=\"features\" data-nav-section=\"features\"> <h2>Recursos<\/h2> <p>Para ter um conhecimento mais claro do Click to Call, aqui est\u00e1 a lista das caracter\u00edsticas mais valiosas. Eles tornam este widget incrivelmente ben\u00e9fico para voc\u00ea:<\/p> <ul><li>Chamadas r\u00e1pidas em dispositivos m\u00f3veis; <\/li> <li>Tr\u00eas variantes integradas de posicionamento de widget: Flutuante \u00e0 esquerda, Flutuante \u00e0 direita ou personalizado; <\/li> <li>A op\u00e7\u00e3o de incorporar widget em p\u00e1ginas espec\u00edficas ou excluir p\u00e1ginas da web; <\/li> <li>Tr\u00eas grupos de usu\u00e1rios para mostrar o widget: todos, novos e somente retornando; <\/li> <li> 4 gatilhos de ativa\u00e7\u00e3o de widget: tempo na p\u00e1gina, tempo gasto no site, quantidade de rolagem ou inten\u00e7\u00e3o de sa\u00edda. <\/li> <\/ul><p><a href=\"#demo\">Conhe\u00e7a uma lista completa de recursos em nossa demonstra\u00e7\u00e3o ao vivo<\/a><\/p> <\/div> <div class=\"application-platform-content-item-installation  application-platform-content-item\" id=\"installation \" data-nav-section=\"installation \"> <h2>Como adicionar o m\u00f3dulo Click To Call Button \u00e0 sua p\u00e1gina Drupal<\/h2> <p>Basta seguir as instru\u00e7\u00f5es abaixo para ativar o m\u00f3dulo no Drupal.<\/p> <ol><li><b> Realize nossa demonstra\u00e7\u00e3o gratuita e comece a formar seu m\u00f3dulo personalizado. <\/b><br> Especifique o layout e as caracter\u00edsticas desej\u00e1veis \u200b\u200bdo m\u00f3dulo Click to Call e aplique as edi\u00e7\u00f5es. <\/li> <li><b>Copie o seu c\u00f3digo pessoal exposto no formul\u00e1rio especial nas aplica\u00e7\u00f5es Elfsight. <\/b><br> Terminada a customiza\u00e7\u00e3o da sua ferramenta, copie o c\u00f3digo exclusivo na caixa que aparece e salve-o para uso futuro. <\/li> <li><b>Iniciar o uso do m\u00f3dulo no site Drupal. <\/b><br> Implemente o c\u00f3digo copiado anteriormente em seu site e aplique as edi\u00e7\u00f5es. <\/li> <li><b>A instala\u00e7\u00e3o foi totalmente conclu\u00edda. <\/b><br> Visite seu site para examinar o desempenho do plug-in. <\/li><\/ol><p>Ainda tem algo que o deixa inseguro? Ou tem d\u00favidas? Basta escrever uma solicita\u00e7\u00e3o ao nosso servi\u00e7o de atendimento ao cliente, resolveremos qualquer d\u00favida. <\/p> <\/div>","protected":false},"excerpt":{"rendered":"","protected":false},"author":9,"featured_media":0,"parent":1149,"menu_order":0,"comment_status":"closed","ping_status":"closed","template":"templates\/template-application-platform.php","meta":{"publish_to_discourse":"","publish_post_category":"","wpdc_auto_publish_overridden":"","wpdc_topic_tags":"","wpdc_pin_topic":"","wpdc_pin_until":"","discourse_post_id":"","discourse_permalink":"","wpdc_publishing_response":"","wpdc_publishing_error":"","footnotes":""},"class_list":["post-6178","page","type-page","status-publish","hentry"],"yoast_head":"<!-- This site is optimized with the Yoast SEO plugin v25.3.1 - https:\/\/yoast.com\/wordpress\/plugins\/seo\/ -->\n<title>Bot\u00e3o de chamada Drupal | Adicionar m\u00f3dulo Click to Call Button ao site (2025)<\/title>\n<meta name=\"description\" content=\"Com a Elfsight, construa o seu m\u00f3dulo Click to Call Button e adicione-o ao seu site Drupal. Temos atendimento gratuito ao cliente e mais b\u00f4nus.\" \/>\n<meta name=\"robots\" content=\"index, follow, max-snippet:-1, max-image-preview:large, max-video-preview:-1\" \/>\n<link rel=\"canonical\" href=\"https:\/\/elfsight.com\/pt\/click-to-call-widget\/drupal\/\" \/>\n<meta property=\"og:locale\" content=\"pt_PT\" \/>\n<meta property=\"og:type\" content=\"article\" \/>\n<meta property=\"og:title\" content=\"Bot\u00e3o de chamada Drupal | Adicionar m\u00f3dulo Click to Call Button ao site (2025)\" \/>\n<meta property=\"og:description\" content=\"Com a Elfsight, construa o seu m\u00f3dulo Click to Call Button e adicione-o ao seu site Drupal. Temos atendimento gratuito ao cliente e mais b\u00f4nus.\" \/>\n<meta property=\"og:url\" content=\"https:\/\/elfsight.com\/pt\/click-to-call-widget\/drupal\/\" \/>\n<meta property=\"og:site_name\" content=\"Elfsight PT\" \/>\n<meta property=\"article:modified_time\" content=\"2024-11-13T11:53:44+00:00\" \/>\n<meta name=\"twitter:card\" content=\"summary_large_image\" \/>\n<meta name=\"twitter:label1\" content=\"Tempo estimado de leitura\" \/>\n\t<meta name=\"twitter:data1\" content=\"3 minutos\" \/>\n<!-- \/ Yoast SEO plugin. -->","yoast_head_json":{"title":"Bot\u00e3o de chamada Drupal | Adicionar m\u00f3dulo Click to Call Button ao site (2025)","description":"Com a Elfsight, construa o seu m\u00f3dulo Click to Call Button e adicione-o ao seu site Drupal. Temos atendimento gratuito ao cliente e mais b\u00f4nus.","robots":{"index":"index","follow":"follow","max-snippet":"max-snippet:-1","max-image-preview":"max-image-preview:large","max-video-preview":"max-video-preview:-1"},"canonical":"https:\/\/elfsight.com\/pt\/click-to-call-widget\/drupal\/","og_locale":"pt_PT","og_type":"article","og_title":"Bot\u00e3o de chamada Drupal | Adicionar m\u00f3dulo Click to Call Button ao site (2025)","og_description":"Com a Elfsight, construa o seu m\u00f3dulo Click to Call Button e adicione-o ao seu site Drupal. Temos atendimento gratuito ao cliente e mais b\u00f4nus.","og_url":"https:\/\/elfsight.com\/pt\/click-to-call-widget\/drupal\/","og_site_name":"Elfsight PT","article_modified_time":"2024-11-13T11:53:44+00:00","twitter_card":"summary_large_image","twitter_misc":{"Tempo estimado de leitura":"3 minutos"},"schema":{"@context":"https:\/\/schema.org","@graph":[{"@type":"WebPage","@id":"https:\/\/elfsight.com\/pt\/click-to-call-widget\/drupal\/","url":"https:\/\/elfsight.com\/pt\/click-to-call-widget\/drupal\/","name":"Bot\u00e3o de chamada Drupal | Adicionar m\u00f3dulo Click to Call Button ao site (2025)","isPartOf":{"@id":"https:\/\/elfsight.com\/pt\/#website"},"datePublished":"2024-05-03T06:32:35+00:00","dateModified":"2024-11-13T11:53:44+00:00","description":"Com a Elfsight, construa o seu m\u00f3dulo Click to Call Button e adicione-o ao seu site Drupal. Temos atendimento gratuito ao cliente e mais b\u00f4nus.","breadcrumb":{"@id":"https:\/\/elfsight.com\/pt\/click-to-call-widget\/drupal\/#breadcrumb"},"inLanguage":"pt-PT","potentialAction":[{"@type":"ReadAction","target":["https:\/\/elfsight.com\/pt\/click-to-call-widget\/drupal\/"]}]},{"@type":"BreadcrumbList","@id":"https:\/\/elfsight.com\/pt\/click-to-call-widget\/drupal\/#breadcrumb","itemListElement":[{"@type":"ListItem","position":1,"name":"Home","item":"https:\/\/elfsight.com\/pt\/"},{"@type":"ListItem","position":2,"name":"Click to Call","item":"https:\/\/elfsight.com\/pt\/click-to-call-widget\/"},{"@type":"ListItem","position":3,"name":"Click to Call &#8211; Drupal"}]},{"@type":"WebSite","@id":"https:\/\/elfsight.com\/pt\/#website","url":"https:\/\/elfsight.com\/pt\/","name":"Elfsight PT","description":"Just another Elfsight Sites site","potentialAction":[{"@type":"SearchAction","target":{"@type":"EntryPoint","urlTemplate":"https:\/\/elfsight.com\/pt\/?s={search_term_string}"},"query-input":{"@type":"PropertyValueSpecification","valueRequired":true,"valueName":"search_term_string"}}],"inLanguage":"pt-PT"}]}},"meta_box":{"industry":"","seo_heading":"","heading":"","description":"","cta_heading":"","cta_description":"","application":"1148","h1":"Widget Drupal Click to Call","h1_caption":"O m\u00e9todo mais pr\u00e1tico de discar seu n\u00famero para usu\u00e1rios do site","application_category":[],"applications_title":"","applications_request_title":"","applications_request_button_text":"","hero_text":"","hero_video":"","hero_video_schema_markup":"","selling_points_title":"","selling_points_caption":"","selling_points":[],"selling_points_cta_text":"","features_title":"","features":"","ed_cta_examples_text":"","ed_cta_examples_hidden":"","ed_cta_demo_text":"","ed_cta_demo_hidden":"","why_caption":"","why_editor_title":"","why_editor_text":"","why_team_title":"","why_team_text":"","why_service_title":"","why_service_text":"","template_catalog_visible":"","template_catalog_title":"","template_catalog_text":"","template_catalog_categories_visible":"","demo_title":"Crie seu m\u00f3dulo Click to Call","demo_caption":"Configure seu Click to Call e adicione-o ao seu site Drupal gratuitamente!","default_faq_hidden":"","app_template_category":[],"platform":"4905","template_public_id":"","codecanyon_url":"","codecanyon_item_id":"","codecanyon_price":"","pricing_caption":"","pricing_elfsight_apps_hide_column":"","pricing_elfsight_apps_url":"","pricing_codecanyon_price_caption":"","integration_category":[],"integration_request_title":"","integration_request_cta":"","integration_platform":"","integrations":[],"platform_category":[],"video_schema_markup":"","price":"a partir de US$ 0\/m\u00eas","trial":"","benefits":[{"text":"Servi\u00e7o de instala\u00e7\u00e3o gratuito"},{"text":"Suporte eficaz ao cliente"},{"text":"Garantia de devolu\u00e7\u00e3o do dinheiro em 14 dias"},{"text":"Atualizando constantemente"}],"button_url":"#demo","button_target_blank":"","button_nofollow":"","attributes":[{"name":"Instala\u00e7\u00f5es","content":"10,000 - 100,000"},{"name":"Responsivo","content":"Sim"},{"name":"Navegadores compat\u00edveis","content":"IE11, Firefox, Safari, Opera, Chrome, Edge"}],"tags":[],"tags_disable_links":"","hide_more_platforms":"","video_object":"","demo_hide_cta":"","demo_hide_cloud_options":"","pricing_title":"","pricing":[{"pricing_icon":"platform","pricing_title":"Elfsight Apps","pricing_title_caption":"Software multiplataforma","pricing_price":"a partir de US$ 0\/m\u00eas","pricing_price_caption":"comece com plano gratuito","pricing_benefits":[{"text":"Sites ilimitados"},{"text":"Suporte premium para empresas"},{"text":"Suporte premium para empresas"},{"text":"Oferta especial para v\u00e1rios aplicativos"}],"pricing_button_text":"Adicionar ao site","pricing_button_url":"#demo"}],"related_apps_title":"","related_apps_hidden":"","author":"","image":[],"title":"","job":"","social_networks":[]},"_links":{"self":[{"href":"https:\/\/elfsight.com\/pt\/wp-json\/wp\/v2\/pages\/6178","targetHints":{"allow":["GET"]}}],"collection":[{"href":"https:\/\/elfsight.com\/pt\/wp-json\/wp\/v2\/pages"}],"about":[{"href":"https:\/\/elfsight.com\/pt\/wp-json\/wp\/v2\/types\/page"}],"author":[{"embeddable":true,"href":"https:\/\/elfsight.com\/pt\/wp-json\/wp\/v2\/users\/9"}],"replies":[{"embeddable":true,"href":"https:\/\/elfsight.com\/pt\/wp-json\/wp\/v2\/comments?post=6178"}],"version-history":[{"count":1,"href":"https:\/\/elfsight.com\/pt\/wp-json\/wp\/v2\/pages\/6178\/revisions"}],"predecessor-version":[{"id":6182,"href":"https:\/\/elfsight.com\/pt\/wp-json\/wp\/v2\/pages\/6178\/revisions\/6182"}],"up":[{"embeddable":true,"href":"https:\/\/elfsight.com\/pt\/wp-json\/wp\/v2\/pages\/1149"}],"wp:attachment":[{"href":"https:\/\/elfsight.com\/pt\/wp-json\/wp\/v2\/media?parent=6178"}],"curies":[{"name":"wp","href":"https:\/\/api.w.org\/{rel}","templated":true}]}}