{"id":6175,"date":"2024-05-03T06:32:32","date_gmt":"2024-05-03T06:32:32","guid":{"rendered":"https:\/\/elfsight.com\/pt\/?page_id=6175"},"modified":"2024-11-13T11:53:35","modified_gmt":"2024-11-13T11:53:35","slug":"jquery","status":"publish","type":"page","link":"https:\/\/elfsight.com\/pt\/click-to-call-widget\/jquery\/","title":{"rendered":"Click to Call &#8211; jQuery"},"content":{"rendered":"<div class=\"application-platform-content-item-description application-platform-content-item\" id=\"description\" data-nav-section=\"description\"> <h2>Descri\u00e7\u00e3o<\/h2> <p>O Click To Call for jOuery \u00e9 uma ferramenta \u00fatil que permite que os visitantes do seu site entrem em contato com voc\u00ea em menos tempo. Os usu\u00e1rios podem ligar para voc\u00ea clicando na miniatura de discagem no celular e, no PC, seu n\u00famero aparece atraente para facilitar a discagem. A bolha em si e a janela do telefone s\u00e3o extremamente ajust\u00e1veis \u200b\u200be tornam simples para voc\u00ea moldar um design absolutamente \u00fanico do seu plugin. Voc\u00ea pode recolorir todos os componentes da sua ferramenta para ajust\u00e1-la totalmente ao design geral do site.<\/p> <div class=\"faq\" data-component=\"FAQ\"><div class=\"faq-item\">\r\n\t\t\t\t\t<div class=\"faq-item-question\">\r\n\t\t\t\t\t\t<h3 class=\"faq-item-question-text\">Como posso adicionar um clique chamar o bot\u00e3o para o meu site jQuery?<\/h3>\r\n\r\n\t\t\t\t\t\t<div class=\"faq-item-question-icon\"><\/div>\r\n\t\t\t\t\t<\/div>\r\n\r\n\t\t\t\t\t<div class=\"faq-item-answer\">\r\n\t\t\t\t\t\t<div class=\"faq-item-answer-text\"><p>A constru\u00e7\u00e3o do widget ocorre dentro do site da Elfsight e voc\u00ea n\u00e3o precisa aprender a programar. Use a demonstra\u00e7\u00e3o online para construir seu aplicativo, pegue o c\u00f3digo e insira-o em seu site. <\/p><\/div>\r\n\t\t\t\t\t<\/div>\r\n\t\t\t\t<\/div><div class=\"faq-item\">\r\n\t\t\t\t\t<div class=\"faq-item-question\">\r\n\t\t\t\t\t\t<h3 class=\"faq-item-question-text\">Os melhores exemplos de uso de integra\u00e7\u00e3o de bot\u00e3o de chamada<\/h3>\r\n\r\n\t\t\t\t\t\t<div class=\"faq-item-question-icon\"><\/div>\r\n\t\t\t\t\t<\/div>\r\n\r\n\t\t\t\t\t<div class=\"faq-item-answer\">\r\n\t\t\t\t\t\t<div class=\"faq-item-answer-text\"><p>Temos in\u00fameras op\u00e7\u00f5es de personaliza\u00e7\u00e3o: widgets completos para adicionar na se\u00e7\u00e3o de conte\u00fado, widgets flutuantes para recurso de rolagem, layouts de rodap\u00e9, cabe\u00e7alho e todos os tipos de possibilidades verticais para barras laterais e menus de sites. <\/p><\/div>\r\n\t\t\t\t\t<\/div>\r\n\t\t\t\t<\/div><div class=\"faq-item\">\r\n\t\t\t\t\t<div class=\"faq-item-question\">\r\n\t\t\t\t\t\t<h3 class=\"faq-item-question-text\">Posso criar um bot\u00e3o Ligue para n\u00f3s ou um bot\u00e3o de chamada flutuante com a ajuda do editor?<\/h3>\r\n\r\n\t\t\t\t\t\t<div class=\"faq-item-question-icon\"><\/div>\r\n\t\t\t\t\t<\/div>\r\n\r\n\t\t\t\t\t<div class=\"faq-item-answer\">\r\n\t\t\t\t\t\t<div class=\"faq-item-answer-text\"><p>Voc\u00ea pode criar varia\u00e7\u00f5es de qualquer widget. Existem v\u00e1rios layouts dispon\u00edveis no editor, e todos eles podem ser facilmente personalizados da maneira que voc\u00ea precisar. <\/p><\/div>\r\n\t\t\t\t\t<\/div>\r\n\t\t\t\t<\/div><\/div><\/div> <div class=\"application-platform-content-item-features application-platform-content-item\" id=\"features\" data-nav-section=\"features\"> <h2>Recursos<\/h2> <p>Para formar uma compreens\u00e3o clara do widget, aqui est\u00e1 uma lista dos principais caracter\u00edsticas. Eles tornam este widget incrivelmente eficiente para voc\u00ea: <\/p> <ul><li>Discagem imediata em celulares;<\/li> <li>Selecione uma das op\u00e7\u00f5es de posicionamento do widget: Flutuante Esquerdo, Flutuante Direita ou personalizado;<\/li> <li>A op\u00e7\u00e3o de demonstrar o widget em determinadas p\u00e1ginas ou de excluir p\u00e1ginas da web;<\/li> <li>3 tipos de usu\u00e1rios para os quais o widget aparecer\u00e1: todos, novos e apenas recorrentes;<\/li> <li>Gatilhos de abertura de widget integrados: tempo gasto na p\u00e1gina, tempo no site, porcentagem de rolagem ou inten\u00e7\u00e3o de sa\u00edda.<\/li> <\/ul><p><a href=\"#demo\">Para explorar mais recursos, consulte demonstra\u00e7\u00e3o ao vivo<\/a><\/p> <\/div> <div class=\"application-platform-content-item-installation application-platform-content-item\" id=\"installation\" data-nav-section=\"installation\"> <h2>Como incorporar o bot\u00e3o Ligar agora em seu site jQuery<\/h2> <p>Essas diversas a\u00e7\u00f5es s\u00e3o a \u00fanica coisa voc\u00ea precisa fazer para incorporar o plugin.<\/p> <ol><li><b>Gerencie nosso configurador gratuito e comece a criar seu pr\u00f3prio plugin. <\/b><br> Determine a apar\u00eancia e as especifica\u00e7\u00f5es preferidas do plugin e aplique as edi\u00e7\u00f5es. <\/li> <li><b>Receba o seu c\u00f3digo pessoal na janela das aplica\u00e7\u00f5es Elfsight. <\/b><br> Quando o estabelecimento do seu widget pessoal for conclu\u00eddo, copie o c\u00f3digo pessoal na janela exibida e salve-o para uso posterior. <\/li> <li><b>Inicie a utiliza\u00e7\u00e3o da ferramenta em seu site jQuery. <\/b><br> Insira o c\u00f3digo copiado recentemente em seu site e salve os ajustes. <\/li> <li><b>Pronto! A configura\u00e7\u00e3o foi finalizada com sucesso. <\/b><br> Acesse seu site para ver o desempenho do plugin. <\/li><\/ol> <p>Ainda tem d\u00favidas? Ou tendo problemas? Basta escrever uma solicita\u00e7\u00e3o para nossa equipe de suporte. Faremos o poss\u00edvel para resolver qualquer tipo de problema. <\/p> <\/div>","protected":false},"excerpt":{"rendered":"","protected":false},"author":9,"featured_media":0,"parent":1149,"menu_order":0,"comment_status":"closed","ping_status":"closed","template":"templates\/template-application-platform.php","meta":{"publish_to_discourse":"","publish_post_category":"","wpdc_auto_publish_overridden":"","wpdc_topic_tags":"","wpdc_pin_topic":"","wpdc_pin_until":"","discourse_post_id":"","discourse_permalink":"","wpdc_publishing_response":"","wpdc_publishing_error":"","footnotes":""},"class_list":["post-6175","page","type-page","status-publish","hentry"],"yoast_head":"<!-- This site is optimized with the Yoast SEO plugin v25.3.1 - https:\/\/yoast.com\/wordpress\/plugins\/seo\/ -->\n<title>Bot\u00e3o de chamada Jquery | Adicionar plug-in do bot\u00e3o Ligar agora ao site (2025)<\/title>\n<meta name=\"description\" content=\"Crie o plugin Click to Call em seu site jQuery. Utilize a demonstra\u00e7\u00e3o gratuita da Elfsight e crie seu plugin exclusivo em apenas 2 minutos.\" \/>\n<meta name=\"robots\" content=\"index, follow, max-snippet:-1, max-image-preview:large, max-video-preview:-1\" \/>\n<link rel=\"canonical\" href=\"https:\/\/elfsight.com\/pt\/click-to-call-widget\/jquery\/\" \/>\n<meta property=\"og:locale\" content=\"pt_PT\" \/>\n<meta property=\"og:type\" content=\"article\" \/>\n<meta property=\"og:title\" content=\"Bot\u00e3o de chamada Jquery | Adicionar plug-in do bot\u00e3o Ligar agora ao site (2025)\" \/>\n<meta property=\"og:description\" content=\"Crie o plugin Click to Call em seu site jQuery. Utilize a demonstra\u00e7\u00e3o gratuita da Elfsight e crie seu plugin exclusivo em apenas 2 minutos.\" \/>\n<meta property=\"og:url\" content=\"https:\/\/elfsight.com\/pt\/click-to-call-widget\/jquery\/\" \/>\n<meta property=\"og:site_name\" content=\"Elfsight PT\" \/>\n<meta property=\"article:modified_time\" content=\"2024-11-13T11:53:35+00:00\" \/>\n<meta name=\"twitter:card\" content=\"summary_large_image\" \/>\n<meta name=\"twitter:label1\" content=\"Tempo estimado de leitura\" \/>\n\t<meta name=\"twitter:data1\" content=\"3 minutos\" \/>\n<!-- \/ Yoast SEO plugin. -->","yoast_head_json":{"title":"Bot\u00e3o de chamada Jquery | Adicionar plug-in do bot\u00e3o Ligar agora ao site (2025)","description":"Crie o plugin Click to Call em seu site jQuery. Utilize a demonstra\u00e7\u00e3o gratuita da Elfsight e crie seu plugin exclusivo em apenas 2 minutos.","robots":{"index":"index","follow":"follow","max-snippet":"max-snippet:-1","max-image-preview":"max-image-preview:large","max-video-preview":"max-video-preview:-1"},"canonical":"https:\/\/elfsight.com\/pt\/click-to-call-widget\/jquery\/","og_locale":"pt_PT","og_type":"article","og_title":"Bot\u00e3o de chamada Jquery | Adicionar plug-in do bot\u00e3o Ligar agora ao site (2025)","og_description":"Crie o plugin Click to Call em seu site jQuery. Utilize a demonstra\u00e7\u00e3o gratuita da Elfsight e crie seu plugin exclusivo em apenas 2 minutos.","og_url":"https:\/\/elfsight.com\/pt\/click-to-call-widget\/jquery\/","og_site_name":"Elfsight PT","article_modified_time":"2024-11-13T11:53:35+00:00","twitter_card":"summary_large_image","twitter_misc":{"Tempo estimado de leitura":"3 minutos"},"schema":{"@context":"https:\/\/schema.org","@graph":[{"@type":"WebPage","@id":"https:\/\/elfsight.com\/pt\/click-to-call-widget\/jquery\/","url":"https:\/\/elfsight.com\/pt\/click-to-call-widget\/jquery\/","name":"Bot\u00e3o de chamada Jquery | Adicionar plug-in do bot\u00e3o Ligar agora ao site (2025)","isPartOf":{"@id":"https:\/\/elfsight.com\/pt\/#website"},"datePublished":"2024-05-03T06:32:32+00:00","dateModified":"2024-11-13T11:53:35+00:00","description":"Crie o plugin Click to Call em seu site jQuery. Utilize a demonstra\u00e7\u00e3o gratuita da Elfsight e crie seu plugin exclusivo em apenas 2 minutos.","breadcrumb":{"@id":"https:\/\/elfsight.com\/pt\/click-to-call-widget\/jquery\/#breadcrumb"},"inLanguage":"pt-PT","potentialAction":[{"@type":"ReadAction","target":["https:\/\/elfsight.com\/pt\/click-to-call-widget\/jquery\/"]}]},{"@type":"BreadcrumbList","@id":"https:\/\/elfsight.com\/pt\/click-to-call-widget\/jquery\/#breadcrumb","itemListElement":[{"@type":"ListItem","position":1,"name":"Home","item":"https:\/\/elfsight.com\/pt\/"},{"@type":"ListItem","position":2,"name":"Click to Call","item":"https:\/\/elfsight.com\/pt\/click-to-call-widget\/"},{"@type":"ListItem","position":3,"name":"Click to Call &#8211; jQuery"}]},{"@type":"WebSite","@id":"https:\/\/elfsight.com\/pt\/#website","url":"https:\/\/elfsight.com\/pt\/","name":"Elfsight PT","description":"Just another Elfsight Sites site","potentialAction":[{"@type":"SearchAction","target":{"@type":"EntryPoint","urlTemplate":"https:\/\/elfsight.com\/pt\/?s={search_term_string}"},"query-input":{"@type":"PropertyValueSpecification","valueRequired":true,"valueName":"search_term_string"}}],"inLanguage":"pt-PT"}]}},"meta_box":{"industry":"","seo_heading":"","heading":"","description":"","cta_heading":"","cta_description":"","application":"1148","h1":"Plug-in jQuery Click to Call Button","h1_caption":"Uma maneira instant\u00e2nea de discar seu n\u00famero","application_category":[],"applications_title":"","applications_request_title":"","applications_request_button_text":"","hero_text":"","hero_video":"","hero_video_schema_markup":"","selling_points_title":"","selling_points_caption":"","selling_points":[],"selling_points_cta_text":"","features_title":"","features":"","ed_cta_examples_text":"","ed_cta_examples_hidden":"","ed_cta_demo_text":"","ed_cta_demo_hidden":"","why_caption":"","why_editor_title":"","why_editor_text":"","why_team_title":"","why_team_text":"","why_service_title":"","why_service_text":"","template_catalog_visible":"","template_catalog_title":"","template_catalog_text":"","template_catalog_categories_visible":"","demo_title":"Crie seu plugin Click to Call","demo_caption":"Configure seu Click to Call e adicione-o ao seu site jQuery gratuitamente!","default_faq_hidden":"","app_template_category":[],"platform":"55","template_public_id":"","codecanyon_url":"","codecanyon_item_id":"","codecanyon_price":"","pricing_caption":"","pricing_elfsight_apps_hide_column":"","pricing_elfsight_apps_url":"","pricing_codecanyon_price_caption":"","integration_category":[],"integration_request_title":"","integration_request_cta":"","integration_platform":"","integrations":[],"platform_category":[],"video_schema_markup":"","price":"a partir de US$ 0\/m\u00eas","trial":"","benefits":[{"text":"Assist\u00eancia de instala\u00e7\u00e3o gratuita"},{"text":"Suporte premium"},{"text":"Garantia de reembolso de 14 dias"},{"text":"Melhorias gratuitas cont\u00ednuas"}],"button_url":"#demo","button_target_blank":"","button_nofollow":"","attributes":[{"name":"Instala\u00e7\u00f5es","content":"10,000 - 100,000"},{"name":"Responsivo","content":"Sim"},{"name":"Navegadores compat\u00edveis","content":"Firefox, Safari, Opera, Chrome, Edge"}],"tags":[],"tags_disable_links":"","hide_more_platforms":"","video_object":"","demo_hide_cta":"","demo_hide_cloud_options":"","pricing_title":"","pricing":[{"pricing_icon":"platform","pricing_title":"Elfsight Apps","pricing_title_caption":"Solu\u00e7\u00e3o multiplataforma que funciona em qualquer site","pricing_price":"a partir de US$ 0\/m\u00eas","pricing_price_caption":"comece com um plano gratuito","pricing_benefits":[{"text":"Dom\u00ednios ilimitados"},{"text":"Suporte dedicado, pontual e bem documentado"},{"text":"Suporte dedicado, pontual e bem documentado"},{"text":"Design flex\u00edvel"}],"pricing_button_text":"Adicionar ao site","pricing_button_url":"#demo"}],"related_apps_title":"","related_apps_hidden":"","author":"","image":[],"title":"","job":"","social_networks":[]},"_links":{"self":[{"href":"https:\/\/elfsight.com\/pt\/wp-json\/wp\/v2\/pages\/6175","targetHints":{"allow":["GET"]}}],"collection":[{"href":"https:\/\/elfsight.com\/pt\/wp-json\/wp\/v2\/pages"}],"about":[{"href":"https:\/\/elfsight.com\/pt\/wp-json\/wp\/v2\/types\/page"}],"author":[{"embeddable":true,"href":"https:\/\/elfsight.com\/pt\/wp-json\/wp\/v2\/users\/9"}],"replies":[{"embeddable":true,"href":"https:\/\/elfsight.com\/pt\/wp-json\/wp\/v2\/comments?post=6175"}],"version-history":[{"count":1,"href":"https:\/\/elfsight.com\/pt\/wp-json\/wp\/v2\/pages\/6175\/revisions"}],"predecessor-version":[{"id":6179,"href":"https:\/\/elfsight.com\/pt\/wp-json\/wp\/v2\/pages\/6175\/revisions\/6179"}],"up":[{"embeddable":true,"href":"https:\/\/elfsight.com\/pt\/wp-json\/wp\/v2\/pages\/1149"}],"wp:attachment":[{"href":"https:\/\/elfsight.com\/pt\/wp-json\/wp\/v2\/media?parent=6175"}],"curies":[{"name":"wp","href":"https:\/\/api.w.org\/{rel}","templated":true}]}}