{"id":6169,"date":"2024-05-03T06:32:30","date_gmt":"2024-05-03T06:32:30","guid":{"rendered":"https:\/\/elfsight.com\/pt\/?page_id=6169"},"modified":"2024-11-13T11:53:35","modified_gmt":"2024-11-13T11:53:35","slug":"html","status":"publish","type":"page","link":"https:\/\/elfsight.com\/pt\/click-to-call-widget\/html\/","title":{"rendered":"Click to Call &#8211; HTML"},"content":{"rendered":"<div class=\"application-platform-content-item-description application-platform-content-item\" id=\"description\" data-nav-section=\"description\"> <h2>Descri\u00e7\u00e3o<\/h2> <p>O bot\u00e3o Ligar agora da Elfsight \u00e9 um widget descomplicado para um site, o que torna mais f\u00e1cil para os seus clientes iniciarem ligando para voc\u00ea no telefone. Quando usado em dispositivos m\u00f3veis, o c\u00f3digo come\u00e7a a discar o n\u00famero incorporado, quando o usu\u00e1rio clica no bal\u00e3o do telefone. Em desktops, o clique revela seu n\u00famero na p\u00e1gina para ajudar os usu\u00e1rios a ligar para voc\u00ea instantaneamente. Voc\u00ea pode n\u00e3o apenas exibir o n\u00famero de telefone, mas tamb\u00e9m configurar a janela de chamada que inclui o nome e a foto da pessoa de contato do cliente e um breve texto. Todas essas partes s\u00e3o comut\u00e1veis \u200b\u200b\u200b\u200be permitem configurar qualquer variante da interface. Voc\u00ea tamb\u00e9m pode atribuir um gatilho, que mostra o bal\u00e3o do telefone e decidir para qual categoria de p\u00fablico do site ele estar\u00e1 ativo.<\/p> <div class=\"faq\" data-component=\"FAQ\"><div class=\"faq-item\">\r\n\t\t\t\t\t<div class=\"faq-item-question\">\r\n\t\t\t\t\t\t<h3 class=\"faq-item-question-text\">Onde no meu site posso adicionar o bot\u00e3o Ligar agora<\/h3>\r\n\r\n\t\t\t\t\t\t<div class=\"faq-item-question-icon\"><\/div>\r\n\t\t\t\t\t<\/div>\r\n\r\n\t\t\t\t\t<div class=\"faq-item-answer\">\r\n\t\t\t\t\t\t<div class=\"faq-item-answer-text\"> <p>Pode ser introduzido em qualquer p\u00e1gina do site, bem como em todas as p\u00e1ginas. Nas configura\u00e7\u00f5es do Click To Call, voc\u00ea pode adicionar os URLs de p\u00e1ginas separadas nas quais precisa ativar o widget. Como alternativa, use a op\u00e7\u00e3o Excluir e insira os URLs das p\u00e1ginas onde voc\u00ea deseja proibir a demonstra\u00e7\u00e3o do widget.<\/p> <\/div>\r\n\t\t\t\t\t<\/div>\r\n\t\t\t\t<\/div><div class=\"faq-item\">\r\n\t\t\t\t\t<div class=\"faq-item-question\">\r\n\t\t\t\t\t\t<h3 class=\"faq-item-question-text\">Como posso me beneficiar com isso?<\/h3>\r\n\r\n\t\t\t\t\t\t<div class=\"faq-item-question-icon\"><\/div>\r\n\t\t\t\t\t<\/div>\r\n\r\n\t\t\t\t\t<div class=\"faq-item-answer\">\r\n\t\t\t\t\t\t<div class=\"faq-item-answer-text\"> <p>Voc\u00ea pode receber mais chamadas dos clientes gra\u00e7as \u00e0 forma imediata e simples de entrar em contato com voc\u00ea, sem sair do site. Isso o ajudar\u00e1 a ter conversas mais diretas e a converter visitantes em clientes. Al\u00e9m disso, voc\u00ea pode criar seu banco de dados de leads.<\/p> <\/div>\r\n\t\t\t\t\t<\/div>\r\n\t\t\t\t<\/div> <div class=\"faq-item\">\r\n\t\t\t\t\t<div class=\"faq-item-question\">\r\n\t\t\t\t\t\t<h3 class=\"faq-item-question-text\">Como adiciono o widget de chamada ao meu site HTML?<\/h3>\r\n\r\n\t\t\t\t\t\t<div class=\"faq-item-question-icon\"><\/div>\r\n\t\t\t\t\t<\/div>\r\n\r\n\t\t\t\t\t<div class=\"faq-item-answer\">\r\n\t\t\t\t\t\t<div class=\"faq-item-answer-text\"> <p>Leva um minuto para que o widget instalado e funcionando. A instala\u00e7\u00e3o \u00e9 super r\u00e1pida, gratuita e sem codifica\u00e7\u00e3o. <\/p> <p>Voc\u00ea pode introduzir o widget no site atrav\u00e9s do nosso servi\u00e7o. Para fazer isso, consulte o guia a seguir nesta p\u00e1gina.<\/p> <\/div>\r\n\t\t\t\t\t<\/div>\r\n\t\t\t\t<\/div> <\/div> <\/div> <div class=\"application-platform-content-item-features application-platform-content-item\" id=\"features\" data-nav-section=\"features\"> <h2>Recursos<\/h2> <p>Para obter um melhor compreens\u00e3o do bot\u00e3o de chamada, consulte a lista das fun\u00e7\u00f5es essenciais. Eles tornam o widget o mais eficiente poss\u00edvel para o seu neg\u00f3cio: <\/p> <ul><li>Chamadas instant\u00e2neas em celulares;<\/li> <li>Selecione uma das op\u00e7\u00f5es de posicionamento do widget: flutuante \u00e0 esquerda ou \u00e0 direita ou personalizado; <\/li> <li>A op\u00e7\u00e3o de exibir widget em determinadas p\u00e1ginas da web ou excluindo p\u00e1ginas; <\/li> <li>Escolha as categorias de visitantes que ver\u00e3o o widget: todos, novos ou recorrentes; <\/li> <li> 4 gatilhos de abertura de widget: tempo gasto na p\u00e1gina, tempo no site, quantidade de rolagem ou inten\u00e7\u00e3o de sa\u00edda.<\/li> <\/ul><p><a href=\"#demo\"> Nossa demonstra\u00e7\u00e3o mostrar\u00e1 mais recursos para voc\u00ea<\/a><\/p> <\/div> <div class=\"application-platform-content-item-installation application-platform-content-item\" id=\"installation\" data-nav-section=\"installation\"> <h2>Como adicionar o c\u00f3digo do bot\u00e3o de chamada ao seu site HTML<\/h2> <p> A alguns passos simples s\u00e3o a \u00fanica coisa que voc\u00ea precisa fazer para estabelecer o widget.<\/p><ol><li><b>Construa seu pr\u00f3prio plugin Call Now<\/b><br>Por meio de nosso configurador gratuito, gerar um plugin com composi\u00e7\u00e3o e fun\u00e7\u00f5es personalizadas.<\/li><li><b>Adquira o c\u00f3digo pessoal para configurar o plugin<\/b><br>Depois de gerar seu widget, voc\u00ea obter\u00e1 seu c\u00f3digo pessoal em a notifica\u00e7\u00e3o que apareceu nas aplica\u00e7\u00f5es Elfsight. Copie este c\u00f3digo para uso posterior.<\/li><li><b>Exiba o plugin em seu site HTML<\/b><br>Selecione a \u00e1rea da p\u00e1gina onde voc\u00ea gostaria de exibir o plugin e adicione o c\u00f3digo copiado l\u00e1. Publique as altera\u00e7\u00f5es.<\/li><li><b>Voc\u00ea concluiu a instala\u00e7\u00e3o com sucesso<\/b><br>Visite seu site para verificar seu trabalho.<\/li><\/ol><p>Ainda indeciso? Ou enfrentando problemas? Basta enviar uma solicita\u00e7\u00e3o ao nosso atendimento ao cliente para resolver qualquer assunto.<\/p> <\/div>","protected":false},"excerpt":{"rendered":"","protected":false},"author":9,"featured_media":0,"parent":1149,"menu_order":0,"comment_status":"closed","ping_status":"closed","template":"templates\/template-application-platform.php","meta":{"publish_to_discourse":"","publish_post_category":"","wpdc_auto_publish_overridden":"","wpdc_topic_tags":"","wpdc_pin_topic":"","wpdc_pin_until":"","discourse_post_id":"","discourse_permalink":"","wpdc_publishing_response":"","wpdc_publishing_error":"","footnotes":""},"class_list":["post-6169","page","type-page","status-publish","hentry"],"yoast_head":"<!-- This site is optimized with the Yoast SEO plugin v25.3.1 - https:\/\/yoast.com\/wordpress\/plugins\/seo\/ -->\n<title>HTML do bot\u00e3o de chamada \u2013 Adicionar o c\u00f3digo do bot\u00e3o Ligar agora ao site HTML [2026]<\/title>\n<meta name=\"description\" content=\"Crie o bot\u00e3o Click to Call e adicione-o ao seu site de c\u00f3digo HTML de forma r\u00e1pida e f\u00e1cil. Obtenha atendimento ao cliente gratuito e outras vantagens da Elfsight.\" \/>\n<meta name=\"robots\" content=\"index, follow, max-snippet:-1, max-image-preview:large, max-video-preview:-1\" \/>\n<link rel=\"canonical\" href=\"https:\/\/elfsight.com\/pt\/click-to-call-widget\/html\/\" \/>\n<meta property=\"og:locale\" content=\"pt_PT\" \/>\n<meta property=\"og:type\" content=\"article\" \/>\n<meta property=\"og:title\" content=\"HTML do bot\u00e3o de chamada \u2013 Adicionar o c\u00f3digo do bot\u00e3o Ligar agora ao site HTML [2026]\" \/>\n<meta property=\"og:description\" content=\"Crie o bot\u00e3o Click to Call e adicione-o ao seu site de c\u00f3digo HTML de forma r\u00e1pida e f\u00e1cil. Obtenha atendimento ao cliente gratuito e outras vantagens da Elfsight.\" \/>\n<meta property=\"og:url\" content=\"https:\/\/elfsight.com\/pt\/click-to-call-widget\/html\/\" \/>\n<meta property=\"og:site_name\" content=\"Elfsight PT\" \/>\n<meta property=\"article:modified_time\" content=\"2024-11-13T11:53:35+00:00\" \/>\n<meta name=\"twitter:card\" content=\"summary_large_image\" \/>\n<meta name=\"twitter:label1\" content=\"Tempo estimado de leitura\" \/>\n\t<meta name=\"twitter:data1\" content=\"3 minutos\" \/>\n<!-- \/ Yoast SEO plugin. -->","yoast_head_json":{"title":"HTML do bot\u00e3o de chamada \u2013 Adicionar o c\u00f3digo do bot\u00e3o Ligar agora ao site HTML [2026]","description":"Crie o bot\u00e3o Click to Call e adicione-o ao seu site de c\u00f3digo HTML de forma r\u00e1pida e f\u00e1cil. Obtenha atendimento ao cliente gratuito e outras vantagens da Elfsight.","robots":{"index":"index","follow":"follow","max-snippet":"max-snippet:-1","max-image-preview":"max-image-preview:large","max-video-preview":"max-video-preview:-1"},"canonical":"https:\/\/elfsight.com\/pt\/click-to-call-widget\/html\/","og_locale":"pt_PT","og_type":"article","og_title":"HTML do bot\u00e3o de chamada \u2013 Adicionar o c\u00f3digo do bot\u00e3o Ligar agora ao site HTML [2026]","og_description":"Crie o bot\u00e3o Click to Call e adicione-o ao seu site de c\u00f3digo HTML de forma r\u00e1pida e f\u00e1cil. Obtenha atendimento ao cliente gratuito e outras vantagens da Elfsight.","og_url":"https:\/\/elfsight.com\/pt\/click-to-call-widget\/html\/","og_site_name":"Elfsight PT","article_modified_time":"2024-11-13T11:53:35+00:00","twitter_card":"summary_large_image","twitter_misc":{"Tempo estimado de leitura":"3 minutos"},"schema":{"@context":"https:\/\/schema.org","@graph":[{"@type":"WebPage","@id":"https:\/\/elfsight.com\/pt\/click-to-call-widget\/html\/","url":"https:\/\/elfsight.com\/pt\/click-to-call-widget\/html\/","name":"HTML do bot\u00e3o de chamada \u2013 Adicionar o c\u00f3digo do bot\u00e3o Ligar agora ao site HTML [2026]","isPartOf":{"@id":"https:\/\/elfsight.com\/pt\/#website"},"datePublished":"2024-05-03T06:32:30+00:00","dateModified":"2024-11-13T11:53:35+00:00","description":"Crie o bot\u00e3o Click to Call e adicione-o ao seu site de c\u00f3digo HTML de forma r\u00e1pida e f\u00e1cil. Obtenha atendimento ao cliente gratuito e outras vantagens da Elfsight.","breadcrumb":{"@id":"https:\/\/elfsight.com\/pt\/click-to-call-widget\/html\/#breadcrumb"},"inLanguage":"pt-PT","potentialAction":[{"@type":"ReadAction","target":["https:\/\/elfsight.com\/pt\/click-to-call-widget\/html\/"]}]},{"@type":"BreadcrumbList","@id":"https:\/\/elfsight.com\/pt\/click-to-call-widget\/html\/#breadcrumb","itemListElement":[{"@type":"ListItem","position":1,"name":"Home","item":"https:\/\/elfsight.com\/pt\/"},{"@type":"ListItem","position":2,"name":"Click to Call","item":"https:\/\/elfsight.com\/pt\/click-to-call-widget\/"},{"@type":"ListItem","position":3,"name":"Click to Call &#8211; HTML"}]},{"@type":"WebSite","@id":"https:\/\/elfsight.com\/pt\/#website","url":"https:\/\/elfsight.com\/pt\/","name":"Elfsight PT","description":"Just another Elfsight Sites site","potentialAction":[{"@type":"SearchAction","target":{"@type":"EntryPoint","urlTemplate":"https:\/\/elfsight.com\/pt\/?s={search_term_string}"},"query-input":{"@type":"PropertyValueSpecification","valueRequired":true,"valueName":"search_term_string"}}],"inLanguage":"pt-PT"}]}},"meta_box":{"industry":"","seo_heading":"","heading":"","description":"","cta_heading":"","cta_description":"","application":"1148","h1":"C\u00f3digo HTML do bot\u00e3o Click to Call","h1_caption":"A ferramenta mais pr\u00e1tica para os visitantes do seu site ligarem para voc\u00ea","application_category":[],"applications_title":"","applications_request_title":"","applications_request_button_text":"","hero_text":"","hero_video":"","hero_video_schema_markup":"","selling_points_title":"","selling_points_caption":"","selling_points":[],"selling_points_cta_text":"","features_title":"","features":"","ed_cta_examples_text":"","ed_cta_examples_hidden":"","ed_cta_demo_text":"","ed_cta_demo_hidden":"","why_caption":"","why_editor_title":"","why_editor_text":"","why_team_title":"","why_team_text":"","why_service_title":"","why_service_text":"","template_catalog_visible":"","template_catalog_title":"","template_catalog_text":"","template_catalog_categories_visible":"","demo_title":"Crie seu widget Click to Call","demo_caption":"Configure seu Click to Call e adicione-o ao seu site HTML gratuitamente!","default_faq_hidden":"","app_template_category":[],"platform":"49","template_public_id":"","codecanyon_url":"","codecanyon_item_id":"","codecanyon_price":"","pricing_caption":"","pricing_elfsight_apps_hide_column":"","pricing_elfsight_apps_url":"","pricing_codecanyon_price_caption":"","integration_category":[],"integration_request_title":"","integration_request_cta":"","integration_platform":"","integrations":[],"platform_category":[],"video_schema_markup":"","price":"a partir de US$ 0\/m\u00eas","trial":"","benefits":[{"text":"Assist\u00eancia de instala\u00e7\u00e3o gratuita"},{"text":"Suporte excepcional"},{"text":"Garantia de reembolso de 14 dias"},{"text":"Atualizando constantemente"}],"button_url":"#demo","button_target_blank":"","button_nofollow":"","attributes":[{"name":"Instala\u00e7\u00f5es","content":"10,000 - 100,000"},{"name":"Responsivo","content":"Sim"},{"name":"Navegadores compat\u00edveis","content":"Firefox, Safari, Opera, Chrome, Edge"}],"tags":[],"tags_disable_links":"","hide_more_platforms":"","video_object":"","demo_hide_cta":"","demo_hide_cloud_options":"","pricing_title":"","pricing":[{"pricing_icon":"platform","pricing_title":"Elfsight Apps","pricing_title_caption":"Software multiplataforma adequado para qualquer site","pricing_price":"a partir de US$ 0\/m\u00eas","pricing_price_caption":"comece com plano gratuito","pricing_benefits":[{"text":"Dom\u00ednios ilimitados"},{"text":"Suporte gratuito e pontual"},{"text":"Suporte gratuito e pontual"},{"text":"Pre\u00e7o a ser pago para v\u00e1rios aplicativos"}],"pricing_button_text":"Adicionar ao site","pricing_button_url":"#demo"}],"related_apps_title":"","related_apps_hidden":"","author":"","image":[],"title":"","job":"","social_networks":[]},"_links":{"self":[{"href":"https:\/\/elfsight.com\/pt\/wp-json\/wp\/v2\/pages\/6169","targetHints":{"allow":["GET"]}}],"collection":[{"href":"https:\/\/elfsight.com\/pt\/wp-json\/wp\/v2\/pages"}],"about":[{"href":"https:\/\/elfsight.com\/pt\/wp-json\/wp\/v2\/types\/page"}],"author":[{"embeddable":true,"href":"https:\/\/elfsight.com\/pt\/wp-json\/wp\/v2\/users\/9"}],"replies":[{"embeddable":true,"href":"https:\/\/elfsight.com\/pt\/wp-json\/wp\/v2\/comments?post=6169"}],"version-history":[{"count":1,"href":"https:\/\/elfsight.com\/pt\/wp-json\/wp\/v2\/pages\/6169\/revisions"}],"predecessor-version":[{"id":6173,"href":"https:\/\/elfsight.com\/pt\/wp-json\/wp\/v2\/pages\/6169\/revisions\/6173"}],"up":[{"embeddable":true,"href":"https:\/\/elfsight.com\/pt\/wp-json\/wp\/v2\/pages\/1149"}],"wp:attachment":[{"href":"https:\/\/elfsight.com\/pt\/wp-json\/wp\/v2\/media?parent=6169"}],"curies":[{"name":"wp","href":"https:\/\/api.w.org\/{rel}","templated":true}]}}