{"id":6167,"date":"2024-05-03T06:32:28","date_gmt":"2024-05-03T06:32:28","guid":{"rendered":"https:\/\/elfsight.com\/pt\/?page_id=6167"},"modified":"2024-11-13T11:53:27","modified_gmt":"2024-11-13T11:53:27","slug":"opencart","status":"publish","type":"page","link":"https:\/\/elfsight.com\/pt\/click-to-call-widget\/opencart\/","title":{"rendered":"Click to Call &#8211; OpenCart"},"content":{"rendered":"<div class=\"application-platform-content-item-description application-platform-content-item\" id=\"description\" data-nav-section=\"description\"> <h2>Descri\u00e7\u00e3o<\/h2> <p>O bot\u00e3o Ligar agora da Elfsight \u00e9 um m\u00f3dulo simples para qualquer site, que tornar\u00e1 mais r\u00e1pido o acesso dos usu\u00e1rios voc\u00ea no telefone. Quando utilizado dispositivos m\u00f3veis, o m\u00f3dulo disca o n\u00famero selecionado, assim que a pessoa clica no bal\u00e3o do telefone. Em PCs e tablets, o clique demonstra seu n\u00famero de telefone na p\u00e1gina e ajuda os usu\u00e1rios a come\u00e7arem a discar no mesmo segundo. Existe a op\u00e7\u00e3o n\u00e3o apenas de demonstrar o seu n\u00famero, mas tamb\u00e9m de configurar a janela de chamada, que cont\u00e9m o nome e a imagem do contato do cliente e uma legenda. Todas as partes da janela de chamada s\u00e3o comut\u00e1veis \u200b\u200be permitem projetar qualquer variante da interface. Voc\u00ea tamb\u00e9m pode ativar um gatilho, que far\u00e1 com que o bal\u00e3o do telefone apare\u00e7a e escolha uma categoria de usu\u00e1rios que o ver\u00e3o. <\/p> <div class=\"faq\" data-component=\"FAQ\"><div class=\"faq-item\">\r\n\t\t\t\t\t<div class=\"faq-item-question\">\r\n\t\t\t\t\t\t<h3 class=\"faq-item-question-text\">Onde no meu site posso inserir o m\u00f3dulo<\/h3>\r\n\r\n\t\t\t\t\t\t<div class=\"faq-item-question-icon\"><\/div>\r\n\t\t\t\t\t<\/div>\r\n\r\n\t\t\t\t\t<div class=\"faq-item-answer\">\r\n\t\t\t\t\t\t<div class=\"faq-item-answer-text\"> <p>Voc\u00ea pode incorpor\u00e1-lo em qualquer p\u00e1gina do site, bem como em todas as p\u00e1ginas. Nas configura\u00e7\u00f5es do m\u00f3dulo, existe a op\u00e7\u00e3o de inserir as URLs das p\u00e1ginas nas quais voc\u00ea deseja colocar o m\u00f3dulo. Alternativamente, voc\u00ea pode usar o recurso Excluir e adicionar os URLs das p\u00e1ginas onde voc\u00ea escolhe restringir a exibi\u00e7\u00e3o do m\u00f3dulo. <\/p> <\/div>\r\n\t\t\t\t\t<\/div>\r\n\t\t\t\t<\/div><div class=\"faq-item\">\r\n\t\t\t\t\t<div class=\"faq-item-question\">\r\n\t\t\t\t\t\t<h3 class=\"faq-item-question-text\">Quais vantagens isso pode me oferecer?<\/h3>\r\n\r\n\t\t\t\t\t\t<div class=\"faq-item-question-icon\"><\/div>\r\n\t\t\t\t\t<\/div>\r\n\r\n\t\t\t\t\t<div class=\"faq-item-answer\">\r\n\t\t\t\t\t\t<div class=\"faq-item-answer-text\"> <p>Voc\u00ea pode receber mais liga\u00e7\u00f5es de clientes devido \u00e0 maneira f\u00e1cil e instant\u00e2nea de ligar para voc\u00ea, sem sair do site. Contribuir\u00e1 para ter mais comunica\u00e7\u00e3o pessoal e transformar\u00e1 os usu\u00e1rios em novas compras. Al\u00e9m disso, voc\u00ea pode criar seu banco de dados de leads. <\/p> <\/div>\r\n\t\t\t\t\t<\/div>\r\n\t\t\t\t<\/div><div class=\"faq-item\">\r\n\t\t\t\t\t<div class=\"faq-item-question\">\r\n\t\t\t\t\t\t<h3 class=\"faq-item-question-text\">Como posso instalar o m\u00f3dulo do bot\u00e3o de chamada no meu site OpenCart?<\/h3>\r\n\r\n\t\t\t\t\t\t<div class=\"faq-item-question-icon\"><\/div>\r\n\t\t\t\t\t<\/div>\r\n\r\n\t\t\t\t\t<div class=\"faq-item-answer\">\r\n\t\t\t\t\t\t<div class=\"faq-item-answer-text\"> <p>Levar\u00e1 tr\u00eas minutos para ativar o m\u00f3dulo. A incorpora\u00e7\u00e3o \u00e9 extremamente r\u00e1pida, gratuita e n\u00e3o inclui codifica\u00e7\u00e3o.<\/p> <p>O Elfsight Click to Call pode ser adicionado ao seu site atrav\u00e9s do nosso servi\u00e7o ou atrav\u00e9s do mercado. Voc\u00ea pode ver mais detalhes sobre essas op\u00e7\u00f5es e decidir qual \u00e9 a sua.<\/p><\/div>\r\n\t\t\t\t\t<\/div>\r\n\t\t\t\t<\/div><\/div> <\/div><div class=\"application-platform-content-item-features application-platform-content-item\" id=\"features\" data-nav-section=\"features\"> <h2>Recursos<\/h2> <p>Para Para ter um conhecimento mais claro do Bot\u00e3o Ligue Agora, veja a lista das principais caracter\u00edsticas. Eles tornam nosso m\u00f3dulo extremamente eficiente para voc\u00ea: <\/p> <ul><li>Discagem r\u00e1pida em dispositivos m\u00f3veis; <\/li> <li>Tr\u00eas variantes integradas de posicionamento de widget: flutuante \u00e0 esquerda ou \u00e0 direita ou personalizado; <\/li> <li>A op\u00e7\u00e3o de mostrar o widget em determinadas p\u00e1ginas da web ou de excluir p\u00e1ginas da web; <\/li> <li>Escolha categorias de visitantes para mostrar o widget: todos, novos e recorrentes; <\/li> <li> 4 gatilhos de ativa\u00e7\u00e3o de widget: tempo na p\u00e1gina, tempo no site, porcentagem de rolagem ou tentativa de sa\u00edda. <\/li> <\/ul><p><a href=\"#demo\">Explore uma lista completa de recursos na demonstra\u00e7\u00e3o ao vivo<\/a><\/p> <\/div><div class=\"application-platform-content-item-installation application-platform-content-item\" id=\"installation\" data-nav-section=\"installation\"> <h2>Como adicionar a extens\u00e3o Click to Call Button ao seu site OpenCart<\/h2><p>Basta seguir estas etapas abaixo para adicionar a ferramenta no OpenCart.<\/p> <ol><li><b>Utilize do nosso configurador gratuito e comece a construir seu pr\u00f3prio widget. <\/b><br> Determine a interface e os recursos preferidos da ferramenta e aplique as edi\u00e7\u00f5es. <\/li> <li><b>Obtenha o c\u00f3digo individual que aparece no formul\u00e1rio especial nas aplica\u00e7\u00f5es Elfsight. <\/b><br> Quando o estabelecimento de seu ramal Click to Call pessoal estiver conclu\u00eddo, copie o c\u00f3digo pessoal na janela exibida e guarde-o para uso futuro. <\/li> <li><b>Comece a usar a ferramenta no seu site OpenCart. <\/b><br> Coloque o c\u00f3digo copiado recentemente em sua p\u00e1gina e salve as modifica\u00e7\u00f5es. <\/li> <li><b>Pronto! A incorpora\u00e7\u00e3o foi realizada com sucesso. <\/b><br> Acesse seu site para observar o funcionamento da ferramenta. <\/li><\/ol> <p>Ainda inseguro? Ou enfrentando problemas? Apenas uma \u00fanica solicita\u00e7\u00e3o \u00e0 nossa equipe de suporte ao cliente resolver\u00e1 todos os problemas. <\/p> <\/div>","protected":false},"excerpt":{"rendered":"","protected":false},"author":9,"featured_media":0,"parent":1149,"menu_order":0,"comment_status":"closed","ping_status":"closed","template":"templates\/template-application-platform.php","meta":{"publish_to_discourse":"","publish_post_category":"","wpdc_auto_publish_overridden":"","wpdc_topic_tags":"","wpdc_pin_topic":"","wpdc_pin_until":"","discourse_post_id":"","discourse_permalink":"","wpdc_publishing_response":"","wpdc_publishing_error":"","footnotes":""},"class_list":["post-6167","page","type-page","status-publish","hentry"],"yoast_head":"<!-- This site is optimized with the Yoast SEO plugin v25.3.1 - https:\/\/yoast.com\/wordpress\/plugins\/seo\/ -->\n<title>Adicione o m\u00f3dulo Click to Call Button ao seu site OpenCart (gratuito e r\u00e1pido)<\/title>\n<meta name=\"description\" content=\"Crie o bot\u00e3o Click to Call e adicione-o ao seu site OpenCart. Aproveite o suporte gratuito ao cliente e outros b\u00f4nus da Elfsight.\" \/>\n<meta name=\"robots\" content=\"index, follow, max-snippet:-1, max-image-preview:large, max-video-preview:-1\" \/>\n<link rel=\"canonical\" href=\"https:\/\/elfsight.com\/pt\/click-to-call-widget\/opencart\/\" \/>\n<meta property=\"og:locale\" content=\"pt_PT\" \/>\n<meta property=\"og:type\" content=\"article\" \/>\n<meta property=\"og:title\" content=\"Adicione o m\u00f3dulo Click to Call Button ao seu site OpenCart (gratuito e r\u00e1pido)\" \/>\n<meta property=\"og:description\" content=\"Crie o bot\u00e3o Click to Call e adicione-o ao seu site OpenCart. Aproveite o suporte gratuito ao cliente e outros b\u00f4nus da Elfsight.\" \/>\n<meta property=\"og:url\" content=\"https:\/\/elfsight.com\/pt\/click-to-call-widget\/opencart\/\" \/>\n<meta property=\"og:site_name\" content=\"Elfsight PT\" \/>\n<meta property=\"article:modified_time\" content=\"2024-11-13T11:53:27+00:00\" \/>\n<meta name=\"twitter:card\" content=\"summary_large_image\" \/>\n<meta name=\"twitter:label1\" content=\"Tempo estimado de leitura\" \/>\n\t<meta name=\"twitter:data1\" content=\"3 minutos\" \/>\n<!-- \/ Yoast SEO plugin. -->","yoast_head_json":{"title":"Adicione o m\u00f3dulo Click to Call Button ao seu site OpenCart (gratuito e r\u00e1pido)","description":"Crie o bot\u00e3o Click to Call e adicione-o ao seu site OpenCart. Aproveite o suporte gratuito ao cliente e outros b\u00f4nus da Elfsight.","robots":{"index":"index","follow":"follow","max-snippet":"max-snippet:-1","max-image-preview":"max-image-preview:large","max-video-preview":"max-video-preview:-1"},"canonical":"https:\/\/elfsight.com\/pt\/click-to-call-widget\/opencart\/","og_locale":"pt_PT","og_type":"article","og_title":"Adicione o m\u00f3dulo Click to Call Button ao seu site OpenCart (gratuito e r\u00e1pido)","og_description":"Crie o bot\u00e3o Click to Call e adicione-o ao seu site OpenCart. Aproveite o suporte gratuito ao cliente e outros b\u00f4nus da Elfsight.","og_url":"https:\/\/elfsight.com\/pt\/click-to-call-widget\/opencart\/","og_site_name":"Elfsight PT","article_modified_time":"2024-11-13T11:53:27+00:00","twitter_card":"summary_large_image","twitter_misc":{"Tempo estimado de leitura":"3 minutos"},"schema":{"@context":"https:\/\/schema.org","@graph":[{"@type":"WebPage","@id":"https:\/\/elfsight.com\/pt\/click-to-call-widget\/opencart\/","url":"https:\/\/elfsight.com\/pt\/click-to-call-widget\/opencart\/","name":"Adicione o m\u00f3dulo Click to Call Button ao seu site OpenCart (gratuito e r\u00e1pido)","isPartOf":{"@id":"https:\/\/elfsight.com\/pt\/#website"},"datePublished":"2024-05-03T06:32:28+00:00","dateModified":"2024-11-13T11:53:27+00:00","description":"Crie o bot\u00e3o Click to Call e adicione-o ao seu site OpenCart. Aproveite o suporte gratuito ao cliente e outros b\u00f4nus da Elfsight.","breadcrumb":{"@id":"https:\/\/elfsight.com\/pt\/click-to-call-widget\/opencart\/#breadcrumb"},"inLanguage":"pt-PT","potentialAction":[{"@type":"ReadAction","target":["https:\/\/elfsight.com\/pt\/click-to-call-widget\/opencart\/"]}]},{"@type":"BreadcrumbList","@id":"https:\/\/elfsight.com\/pt\/click-to-call-widget\/opencart\/#breadcrumb","itemListElement":[{"@type":"ListItem","position":1,"name":"Home","item":"https:\/\/elfsight.com\/pt\/"},{"@type":"ListItem","position":2,"name":"Click to Call","item":"https:\/\/elfsight.com\/pt\/click-to-call-widget\/"},{"@type":"ListItem","position":3,"name":"Click to Call &#8211; OpenCart"}]},{"@type":"WebSite","@id":"https:\/\/elfsight.com\/pt\/#website","url":"https:\/\/elfsight.com\/pt\/","name":"Elfsight PT","description":"Just another Elfsight Sites site","potentialAction":[{"@type":"SearchAction","target":{"@type":"EntryPoint","urlTemplate":"https:\/\/elfsight.com\/pt\/?s={search_term_string}"},"query-input":{"@type":"PropertyValueSpecification","valueRequired":true,"valueName":"search_term_string"}}],"inLanguage":"pt-PT"}]}},"meta_box":{"industry":"","seo_heading":"","heading":"","description":"","cta_heading":"","cta_description":"","application":"1148","h1":"M\u00f3dulo de bot\u00e3o de chamada OpenCart","h1_caption":"Uma maneira imediata para os usu\u00e1rios do seu site ligarem para voc\u00ea","application_category":[],"applications_title":"","applications_request_title":"","applications_request_button_text":"","hero_text":"","hero_video":"","hero_video_schema_markup":"","selling_points_title":"","selling_points_caption":"","selling_points":[],"selling_points_cta_text":"","features_title":"","features":"","ed_cta_examples_text":"","ed_cta_examples_hidden":"","ed_cta_demo_text":"","ed_cta_demo_hidden":"","why_caption":"","why_editor_title":"","why_editor_text":"","why_team_title":"","why_team_text":"","why_service_title":"","why_service_text":"","template_catalog_visible":"","template_catalog_title":"","template_catalog_text":"","template_catalog_categories_visible":"","demo_title":"Crie sua extens\u00e3o Click to Call","demo_caption":"Configure seu Click to Call e adicione-o ao seu site OpenCart gratuitamente!","default_faq_hidden":"","app_template_category":[],"platform":"61","template_public_id":"","codecanyon_url":"","codecanyon_item_id":"","codecanyon_price":"","pricing_caption":"","pricing_elfsight_apps_hide_column":"","pricing_elfsight_apps_url":"","pricing_codecanyon_price_caption":"","integration_category":[],"integration_request_title":"","integration_request_cta":"","integration_platform":"","integrations":[],"platform_category":[],"video_schema_markup":"","price":"a partir de US$ 0\/m\u00eas","trial":"","benefits":[{"text":"Ajuda de instala\u00e7\u00e3o gratuita"},{"text":"Atendimento ao cliente competente"},{"text":"Garantia de devolu\u00e7\u00e3o do dinheiro em 14 dias"},{"text":"Atualiza\u00e7\u00f5es gratuitas cont\u00ednuas"}],"button_url":"#demo","button_target_blank":"","button_nofollow":"","attributes":[{"name":"Instala\u00e7\u00f5es","content":"10,000 - 100,000"},{"name":"Responsivo","content":"Sim"},{"name":"Navegadores compat\u00edveis","content":"Chrome, Firefox, Opera, Safari, Edge"}],"tags":[],"tags_disable_links":"","hide_more_platforms":"","video_object":"","demo_hide_cta":"","demo_hide_cloud_options":"","pricing_title":"","pricing":[{"pricing_icon":"platform","pricing_title":"Elfsight Apps","pricing_title_caption":"Vers\u00e3o multiplataforma","pricing_price":"a partir de US$ 0\/m\u00eas","pricing_price_caption":"comece com plano gratuito","pricing_benefits":[{"text":"Dom\u00ednios ilimitados"},{"text":"Suporte premium"},{"text":"Suporte premium"},{"text":"Design flex\u00edvel"}],"pricing_button_text":"Adicionar ao site","pricing_button_url":"#demo"}],"related_apps_title":"","related_apps_hidden":"","author":"","image":[],"title":"","job":"","social_networks":[]},"_links":{"self":[{"href":"https:\/\/elfsight.com\/pt\/wp-json\/wp\/v2\/pages\/6167","targetHints":{"allow":["GET"]}}],"collection":[{"href":"https:\/\/elfsight.com\/pt\/wp-json\/wp\/v2\/pages"}],"about":[{"href":"https:\/\/elfsight.com\/pt\/wp-json\/wp\/v2\/types\/page"}],"author":[{"embeddable":true,"href":"https:\/\/elfsight.com\/pt\/wp-json\/wp\/v2\/users\/9"}],"replies":[{"embeddable":true,"href":"https:\/\/elfsight.com\/pt\/wp-json\/wp\/v2\/comments?post=6167"}],"version-history":[{"count":1,"href":"https:\/\/elfsight.com\/pt\/wp-json\/wp\/v2\/pages\/6167\/revisions"}],"predecessor-version":[{"id":6171,"href":"https:\/\/elfsight.com\/pt\/wp-json\/wp\/v2\/pages\/6167\/revisions\/6171"}],"up":[{"embeddable":true,"href":"https:\/\/elfsight.com\/pt\/wp-json\/wp\/v2\/pages\/1149"}],"wp:attachment":[{"href":"https:\/\/elfsight.com\/pt\/wp-json\/wp\/v2\/media?parent=6167"}],"curies":[{"name":"wp","href":"https:\/\/api.w.org\/{rel}","templated":true}]}}