{"id":6162,"date":"2024-05-03T06:32:27","date_gmt":"2024-05-03T06:32:27","guid":{"rendered":"https:\/\/elfsight.com\/pt\/?page_id=6162"},"modified":"2024-11-13T11:53:27","modified_gmt":"2024-11-13T11:53:27","slug":"shopify","status":"publish","type":"page","link":"https:\/\/elfsight.com\/pt\/click-to-call-widget\/shopify\/","title":{"rendered":"Click to Call &#8211; Shopify"},"content":{"rendered":"<div class=\"application-platform-content-item-description application-platform-content-item\" id=\"description\" data-nav-section=\"description\"> <h2>Incorporar Click to Call no Shopify com o widget Elfsight<\/h2> <p>Elfsight Call Now Button \u00e9 um aplicativo descomplicado para qualquer site, isso torna mais f\u00e1cil para os usu\u00e1rios fazerem uma chamada telef\u00f4nica. Visualizado em celulares, o aplicativo come\u00e7a a discar o n\u00famero quando a pessoa clica no \u00edcone do telefone. Em PCs e tablets, o clique revela seu n\u00famero de telefone na p\u00e1gina e ajuda os usu\u00e1rios a ligar para voc\u00ea no mesmo segundo. \u00c9 poss\u00edvel n\u00e3o apenas revelar o n\u00famero, mas tamb\u00e9m exibir a janela de chamada onde os usu\u00e1rios podem ver o nome e a foto da pessoa de contato e um texto personalizado. Todos esses elementos s\u00e3o comut\u00e1veis \u200b\u200b\u200b\u200be permitem projetar diferentes visuais da interface. Tamb\u00e9m existe a op\u00e7\u00e3o de selecionar um gatilho que ativa o bal\u00e3o do telefone e selecionar uma categoria de visitantes que o ver\u00e3o.<\/p> <div class=\"faq\" data-component=\"FAQ\"><div class=\"faq-item\">\r\n\t\t\t\t\t<div class=\"faq-item-question\">\r\n\t\t\t\t\t\t<h3 class=\"faq-item-question-text\">Onde posso exibir o bot\u00e3o de chamada<\/h3>\r\n\r\n\t\t\t\t\t\t<div class=\"faq-item-question-icon\"><\/div>\r\n\t\t\t\t\t<\/div>\r\n\r\n\t\t\t\t\t<div class=\"faq-item-answer\">\r\n\t\t\t\t\t\t<div class=\"faq-item-answer-text\"> <p>Voc\u00ea pode cole o aplicativo em qualquer p\u00e1gina do seu site ou em todas as p\u00e1ginas. Nas configura\u00e7\u00f5es do aplicativo, existe um recurso para adicionar os URLs das p\u00e1ginas onde voc\u00ea precisa colocar o aplicativo. Ou use a op\u00e7\u00e3o Excluir e adicione os URLs das p\u00e1ginas onde deseja limitar a exibi\u00e7\u00e3o do bot\u00e3o. <\/p> <\/div>\r\n\t\t\t\t\t<\/div>\r\n\t\t\t\t<\/div><div class=\"faq-item\">\r\n\t\t\t\t\t<div class=\"faq-item-question\">\r\n\t\t\t\t\t\t<h3 class=\"faq-item-question-text\">Quais s\u00e3o os benef\u00edcios de ter o aplicativo para mim?<\/h3>\r\n\r\n\t\t\t\t\t\t<div class=\"faq-item-question-icon\"><\/div>\r\n\t\t\t\t\t<\/div>\r\n\r\n\t\t\t\t\t<div class=\"faq-item-answer\">\r\n\t\t\t\t\t\t<div class=\"faq-item-answer-text\"> <p>Voc\u00ea pode receber mais chamadas de clientes com a ajuda de uma maneira simples e instant\u00e2nea de ligar para voc\u00ea sem anotar seu n\u00famero. Isso o ajudar\u00e1 a ter conversas mais diretas e a converter visitantes em clientes. Al\u00e9m disso, voc\u00ea pode coletar seu banco de dados de leads. <\/p> <\/div>\r\n\t\t\t\t\t<\/div>\r\n\t\t\t\t<\/div> <div class=\"faq-item\">\r\n\t\t\t\t\t<div class=\"faq-item-question\">\r\n\t\t\t\t\t\t<h3 class=\"faq-item-question-text\">O que preciso adicionar Click to Call no meu site do Shopify?<\/h3>\r\n\r\n\t\t\t\t\t\t<div class=\"faq-item-question-icon\"><\/div>\r\n\t\t\t\t\t<\/div>\r\n\r\n\t\t\t\t\t<div class=\"faq-item-answer\">\r\n\t\t\t\t\t\t<div class=\"faq-item-answer-text\"> <p>Leva um minuto do seu tempo para incorporar o aplicativo. Adicionar \u00e9 realmente r\u00e1pido, gratuito e sem codifica\u00e7\u00e3o. <\/p> <p>O aplicativo pode ser introduzido atrav\u00e9s do nosso servi\u00e7o ou atrav\u00e9s do mercado. Voc\u00ea pode ler sobre as duas variantes e decidir qual \u00e9 a sua.<\/p> <\/div>\r\n\t\t\t\t\t<\/div>\r\n\t\t\t\t<\/div> <\/div> <\/div> <div class=\"application-platform-content-item-features application-platform-content-item\" id=\"features\" data-nav-section=\"features\"> <h2>Principais recursos do widget Click to Call<\/h2> <p>Para entender melhor o Call Button, veja a lista dos principais recursos. Eles tornam nosso aplicativo extremamente ben\u00e9fico para voc\u00ea:<\/p> <ul><li>Chamadas instant\u00e2neas em celulares; <\/li> <li>Tr\u00eas variantes integradas de posicionamento de widget: flutuante \u00e0 esquerda ou \u00e0 direita ou personalizado; <\/li> <li>A op\u00e7\u00e3o de incorporar widget em p\u00e1ginas espec\u00edficas ou excluir p\u00e1ginas; <\/li> <li>Tr\u00eas tipos de usu\u00e1rios que ver\u00e3o o widget: todos, novos ou apenas recorrentes; <\/li> <li> Gatilhos de ativa\u00e7\u00e3o de widget integrado: tempo gasto na p\u00e1gina, tempo gasto no site, quantidade de rolagem ou tentativa de sair do site. <\/li> <\/ul><p><a href=\"#demo\">Para ver todos os recursos, veja nossa demonstra\u00e7\u00e3o<\/a><\/p> <\/div><div class=\"application-platform-content-item-installation application-platform-content-item\" id=\"installation\" data-nav-section=\"installation\"> <h2>Como adicionar o bot\u00e3o Ligar agora \u00e0 sua loja Shopify<\/h2> <p>Algumas etapas r\u00e1pidas s\u00e3o a \u00fanica coisa que voc\u00ea precisa para publicar.<\/p> <ol><li><b>Use nosso editor gratuito e comece a trabalhar com seu aplicativo personalizado. <\/b><br> Encontre a apar\u00eancia e os aspectos preferidos do aplicativo e aplique todas as corre\u00e7\u00f5es. <\/li> <li><b>Obtenha o c\u00f3digo exclusivo que aparece na caixa dos aplicativos Elfsight. <\/b><br> Ap\u00f3s o estabelecimento do seu aplicativo, copie o c\u00f3digo individual na caixa exibida e guarde-o para uso posterior. <\/li> <li><b>Comece a usar o aplicativo no seu site da Shopify. <\/b><br> Integre o c\u00f3digo salvo anteriormente em seu site e salve os ajustes. <\/li> <li><b>Conclu\u00eddo! A integra\u00e7\u00e3o \u00e9 totalmente realizada. <\/b><br> Acesse seu site para ver em a\u00e7\u00e3o o trabalho do aplicativo. <\/li><\/ol><p>Ainda n\u00e3o consegue tomar uma decis\u00e3o? Ou tem perguntas a fazer? Apenas uma \u00fanica solicita\u00e7\u00e3o \u00e0 nossa equipe de suporte resolver\u00e1 todas as quest\u00f5es. <\/p> <\/div>","protected":false},"excerpt":{"rendered":"","protected":false},"author":9,"featured_media":0,"parent":1149,"menu_order":0,"comment_status":"closed","ping_status":"closed","template":"templates\/template-application-platform.php","meta":{"publish_to_discourse":"","publish_post_category":"","wpdc_auto_publish_overridden":"","wpdc_topic_tags":"","wpdc_pin_topic":"","wpdc_pin_until":"","discourse_post_id":"","discourse_permalink":"","wpdc_publishing_response":"","wpdc_publishing_error":"","footnotes":""},"class_list":["post-6162","page","type-page","status-publish","hentry"],"yoast_head":"<!-- This site is optimized with the Yoast SEO plugin v25.3.1 - https:\/\/yoast.com\/wordpress\/plugins\/seo\/ -->\n<title>Bot\u00e3o de chamada do Shopify | Adicione o aplicativo Call Now Button ao site (gratuito e r\u00e1pido)<\/title>\n<meta name=\"description\" content=\"Produza seu aplicativo Click to Call Now Button e adicione-o \u00e0 sua loja Shopify rapidamente. Temos atendimento gratuito ao cliente e mais b\u00f4nus.\" \/>\n<meta name=\"robots\" content=\"index, follow, max-snippet:-1, max-image-preview:large, max-video-preview:-1\" \/>\n<link rel=\"canonical\" href=\"https:\/\/elfsight.com\/pt\/click-to-call-widget\/shopify\/\" \/>\n<meta property=\"og:locale\" content=\"pt_PT\" \/>\n<meta property=\"og:type\" content=\"article\" \/>\n<meta property=\"og:title\" content=\"Bot\u00e3o de chamada do Shopify | Adicione o aplicativo Call Now Button ao site (gratuito e r\u00e1pido)\" \/>\n<meta property=\"og:description\" content=\"Produza seu aplicativo Click to Call Now Button e adicione-o \u00e0 sua loja Shopify rapidamente. Temos atendimento gratuito ao cliente e mais b\u00f4nus.\" \/>\n<meta property=\"og:url\" content=\"https:\/\/elfsight.com\/pt\/click-to-call-widget\/shopify\/\" \/>\n<meta property=\"og:site_name\" content=\"Elfsight PT\" \/>\n<meta property=\"article:modified_time\" content=\"2024-11-13T11:53:27+00:00\" \/>\n<meta name=\"twitter:card\" content=\"summary_large_image\" \/>\n<meta name=\"twitter:label1\" content=\"Tempo estimado de leitura\" \/>\n\t<meta name=\"twitter:data1\" content=\"3 minutos\" \/>\n<!-- \/ Yoast SEO plugin. -->","yoast_head_json":{"title":"Bot\u00e3o de chamada do Shopify | Adicione o aplicativo Call Now Button ao site (gratuito e r\u00e1pido)","description":"Produza seu aplicativo Click to Call Now Button e adicione-o \u00e0 sua loja Shopify rapidamente. Temos atendimento gratuito ao cliente e mais b\u00f4nus.","robots":{"index":"index","follow":"follow","max-snippet":"max-snippet:-1","max-image-preview":"max-image-preview:large","max-video-preview":"max-video-preview:-1"},"canonical":"https:\/\/elfsight.com\/pt\/click-to-call-widget\/shopify\/","og_locale":"pt_PT","og_type":"article","og_title":"Bot\u00e3o de chamada do Shopify | Adicione o aplicativo Call Now Button ao site (gratuito e r\u00e1pido)","og_description":"Produza seu aplicativo Click to Call Now Button e adicione-o \u00e0 sua loja Shopify rapidamente. Temos atendimento gratuito ao cliente e mais b\u00f4nus.","og_url":"https:\/\/elfsight.com\/pt\/click-to-call-widget\/shopify\/","og_site_name":"Elfsight PT","article_modified_time":"2024-11-13T11:53:27+00:00","twitter_card":"summary_large_image","twitter_misc":{"Tempo estimado de leitura":"3 minutos"},"schema":{"@context":"https:\/\/schema.org","@graph":[{"@type":"WebPage","@id":"https:\/\/elfsight.com\/pt\/click-to-call-widget\/shopify\/","url":"https:\/\/elfsight.com\/pt\/click-to-call-widget\/shopify\/","name":"Bot\u00e3o de chamada do Shopify | Adicione o aplicativo Call Now Button ao site (gratuito e r\u00e1pido)","isPartOf":{"@id":"https:\/\/elfsight.com\/pt\/#website"},"datePublished":"2024-05-03T06:32:27+00:00","dateModified":"2024-11-13T11:53:27+00:00","description":"Produza seu aplicativo Click to Call Now Button e adicione-o \u00e0 sua loja Shopify rapidamente. Temos atendimento gratuito ao cliente e mais b\u00f4nus.","breadcrumb":{"@id":"https:\/\/elfsight.com\/pt\/click-to-call-widget\/shopify\/#breadcrumb"},"inLanguage":"pt-PT","potentialAction":[{"@type":"ReadAction","target":["https:\/\/elfsight.com\/pt\/click-to-call-widget\/shopify\/"]}]},{"@type":"BreadcrumbList","@id":"https:\/\/elfsight.com\/pt\/click-to-call-widget\/shopify\/#breadcrumb","itemListElement":[{"@type":"ListItem","position":1,"name":"Home","item":"https:\/\/elfsight.com\/pt\/"},{"@type":"ListItem","position":2,"name":"Click to Call","item":"https:\/\/elfsight.com\/pt\/click-to-call-widget\/"},{"@type":"ListItem","position":3,"name":"Click to Call &#8211; Shopify"}]},{"@type":"WebSite","@id":"https:\/\/elfsight.com\/pt\/#website","url":"https:\/\/elfsight.com\/pt\/","name":"Elfsight PT","description":"Just another Elfsight Sites site","potentialAction":[{"@type":"SearchAction","target":{"@type":"EntryPoint","urlTemplate":"https:\/\/elfsight.com\/pt\/?s={search_term_string}"},"query-input":{"@type":"PropertyValueSpecification","valueRequired":true,"valueName":"search_term_string"}}],"inLanguage":"pt-PT"}]}},"meta_box":{"industry":"","seo_heading":"","heading":"","description":"","cta_heading":"","cta_description":"","application":"1148","h1":"Aplicativo bot\u00e3o de chamada do Shopify","h1_caption":"O m\u00e9todo mais f\u00e1cil para os visitantes do seu site ligarem para voc\u00ea","application_category":[],"applications_title":"","applications_request_title":"","applications_request_button_text":"","hero_text":"","hero_video":"","hero_video_schema_markup":"","selling_points_title":"","selling_points_caption":"","selling_points":[],"selling_points_cta_text":"","features_title":"","features":"","ed_cta_examples_text":"","ed_cta_examples_hidden":"","ed_cta_demo_text":"","ed_cta_demo_hidden":"","why_caption":"","why_editor_title":"","why_editor_text":"","why_team_title":"","why_team_text":"","why_service_title":"","why_service_text":"","template_catalog_visible":"","template_catalog_title":"","template_catalog_text":"","template_catalog_categories_visible":"","demo_title":"Crie seu aplicativo Click to Call","demo_caption":"Configure seu Click to Call e adicione-o ao seu site Shopify gratuitamente!","default_faq_hidden":"","app_template_category":[],"platform":"64","template_public_id":"","codecanyon_url":"","codecanyon_item_id":"","codecanyon_price":"","pricing_caption":"","pricing_elfsight_apps_hide_column":"","pricing_elfsight_apps_url":"","pricing_codecanyon_price_caption":"","integration_category":[],"integration_request_title":"","integration_request_cta":"","integration_platform":"","integrations":[],"platform_category":[],"video_schema_markup":"","price":"a partir de US$ 0\/m\u00eas","trial":"","benefits":[{"text":"Servi\u00e7o de instala\u00e7\u00e3o gratuito"},{"text":"Suporte premium"},{"text":"Garantia de devolu\u00e7\u00e3o do dinheiro em 14 dias"},{"text":"Atualiza\u00e7\u00f5es gratuitas cont\u00ednuas"}],"button_url":"#demo","button_target_blank":"","button_nofollow":"","attributes":[{"name":"Instala\u00e7\u00f5es","content":"10,000 - 100,000"},{"name":"Responsivo","content":"Sim"},{"name":"Navegadores compat\u00edveis","content":"Firefox, Safari, Opera, Chrome, Edge"}],"tags":[],"tags_disable_links":"","hide_more_platforms":"","video_object":"","demo_hide_cta":"","demo_hide_cloud_options":"","pricing_title":"","pricing":[{"pricing_icon":"cloud","pricing_title":"Elfsight Apps","pricing_title_caption":"Vers\u00e3o multiplataforma que funciona em qualquer site","pricing_price":"a partir de US$ 0\/m\u00eas","pricing_price_caption":"comece com plano gratuito","pricing_benefits":[{"text":"Sites ilimitados"},{"text":"Suporte premium"},{"text":"Suporte premium"},{"text":"Oferta especial para v\u00e1rios aplicativos"}],"pricing_button_text":"Adicionar ao site","pricing_button_url":"#demo"}],"related_apps_title":"","related_apps_hidden":"","author":"","image":[],"title":"","job":"","social_networks":[]},"_links":{"self":[{"href":"https:\/\/elfsight.com\/pt\/wp-json\/wp\/v2\/pages\/6162","targetHints":{"allow":["GET"]}}],"collection":[{"href":"https:\/\/elfsight.com\/pt\/wp-json\/wp\/v2\/pages"}],"about":[{"href":"https:\/\/elfsight.com\/pt\/wp-json\/wp\/v2\/types\/page"}],"author":[{"embeddable":true,"href":"https:\/\/elfsight.com\/pt\/wp-json\/wp\/v2\/users\/9"}],"replies":[{"embeddable":true,"href":"https:\/\/elfsight.com\/pt\/wp-json\/wp\/v2\/comments?post=6162"}],"version-history":[{"count":1,"href":"https:\/\/elfsight.com\/pt\/wp-json\/wp\/v2\/pages\/6162\/revisions"}],"predecessor-version":[{"id":6166,"href":"https:\/\/elfsight.com\/pt\/wp-json\/wp\/v2\/pages\/6162\/revisions\/6166"}],"up":[{"embeddable":true,"href":"https:\/\/elfsight.com\/pt\/wp-json\/wp\/v2\/pages\/1149"}],"wp:attachment":[{"href":"https:\/\/elfsight.com\/pt\/wp-json\/wp\/v2\/media?parent=6162"}],"curies":[{"name":"wp","href":"https:\/\/api.w.org\/{rel}","templated":true}]}}